{"id":18228,"date":"2024-07-07T18:43:35","date_gmt":"2024-07-07T16:43:35","guid":{"rendered":"https:\/\/www1.kkl.si\/?page_id=18228"},"modified":"2024-08-01T13:33:37","modified_gmt":"2024-08-01T11:33:37","slug":"kazaliste-mala-scena-horvatorszag-kraljevna-na-zrnu-graska","status":"publish","type":"page","link":"https:\/\/www1.kkl.si\/hu\/kazaliste-mala-scena-horvatorszag-kraljevna-na-zrnu-graska\/","title":{"rendered":"Kazali\u0161te Mala scena (Horv\u00e1torsz\u00e1g): Kraljevna na zrnu gra\u0161ka"},"content":{"rendered":"<div class=\"opis\"><i class=\"fas fa-clock\"><\/i> <strong>2024. augusztus 13. (kedd), 18.30<\/strong> | a Lendvai Sz\u00ednh\u00e1z- \u00e9s Hangversenyterem ny\u00e1ri sz\u00ednpad\u00e1n<img loading=\"lazy\" decoding=\"async\" class=\"wp-image-1588 alignright\" title=\"Ingyenes rendezv\u00e9ny\" src=\"https:\/\/www1.kkl.si\/wp-content\/uploads\/\/2020\/07\/spored_simb_brezplacna-1.svg\" alt=\"brezplacna\" width=\"30\" height=\"30\" srcset=\"https:\/\/www1.kkl.si\/wp-content\/uploads\/\/2020\/07\/spored_simb_brezplacna-1.svg 150w, https:\/\/www1.kkl.si\/wp-content\/uploads\/\/2020\/07\/spored_simb_brezplacna-1.svg 400w, https:\/\/www1.kkl.si\/wp-content\/uploads\/\/2020\/07\/spored_simb_brezplacna-1.svg 1500w, https:\/\/www1.kkl.si\/wp-content\/uploads\/\/2020\/07\/spored_simb_brezplacna-1.svg 100w\" sizes=\"auto, (max-width: 30px) 100vw, 30px\" \/><br \/>\n<i class=\"fas fa-chevron-circle-right\"><\/i> <strong>b\u00e1bel\u0151ad\u00e1s horv\u00e1t nyelven <span class=\"starost\">3+<\/span><\/strong> <br \/>\n\u00a0Az esem\u00e9nyen val\u00f3 r\u00e9szv\u00e9tel ingyenes. Rossz id\u0151 eset\u00e9n a rendezv\u00e9nyt a teremben tartjuk.<br \/>\nSzervez\u0151: <a href=\"https:\/\/www.kkl.si\/\">Knji\u017enica \u2013 Kulturni center Lendava \u2013 Lendvai K\u00f6nyvt\u00e1r \u00e9s Kultur\u00e1lis K\u00f6zpont<\/a><\/div>\n<div class=\"et_pb_module et_pb_text et_pb_text_2_tb_body  et_pb_text_align_left et_pb_bg_layout_light\">\n<div class=\"et_pb_text_inner\">\n<p><a href=\"https:\/\/www1.kkl.si\/wp-content\/uploads\/2024\/07\/plakat_B2_KKCL_poletni_program_2024_popr20jul.jpg\" data-lbwps-width=\"2143\" data-lbwps-height=\"3000\" data-lbwps-srcsmall=\"https:\/\/www1.kkl.si\/wp-content\/uploads\/2024\/07\/plakat_B2_KKCL_poletni_program_2024_popr20jul.jpg\"><img loading=\"lazy\" decoding=\"async\" class=\"slika alignright wp-image-18170 size-medium\" src=\"https:\/\/www1.kkl.si\/wp-content\/uploads\/2024\/07\/plakat_B2_KKCL_poletni_program_2024_popr20jul-scaled-286x400.jpg\" alt=\"\" width=\"286\" height=\"400\" srcset=\"https:\/\/www1.kkl.si\/wp-content\/uploads\/2024\/07\/plakat_B2_KKCL_poletni_program_2024_popr20jul-scaled-286x400.jpg 286w, https:\/\/www1.kkl.si\/wp-content\/uploads\/2024\/07\/plakat_B2_KKCL_poletni_program_2024_popr20jul-scaled-1072x1500.jpg 1072w, https:\/\/www1.kkl.si\/wp-content\/uploads\/2024\/07\/plakat_B2_KKCL_poletni_program_2024_popr20jul-scaled.jpg 1829w\" sizes=\"auto, (max-width: 286px) 100vw, 286px\" \/><\/a>NY\u00c1RI B\u00c1BKIK\u00d6T\u0150 LENDVA, 2024 \u2013 Nemzetk\u00f6zi B\u00e1bfesztiv\u00e1l<br \/>\nKazali\u0161te Mala scena (Horv\u00e1torsz\u00e1g):<\/p>\n<p><span style=\"font-size: 18pt;\"><strong>Kraljevna na zrnu gra\u0161ka<\/strong><\/span><\/p>\n<p>Amikor Vitomira \u00e9s Ivica t\u00f6bb mint 30 \u00e9vvel ezel\u0151tt elkezdett dolgozni a Pri\u010dalo \u00e9s Malena c\u00edm\u0171 el\u0151ad\u00e1son, csak egy c\u00e9l volt a szem\u00fck el\u0151tt: olyan el\u0151ad\u00e1st k\u00e9sz\u00edteni, amely lehet\u0151v\u00e9 teszi sz\u00e1mukra, hogy \u00f6n\u00e1ll\u00f3 \u00faton induljanak el. Ebb\u0151l a m\u0171sorb\u00f3l sz\u00fcletett meg a Mala scena sz\u00ednh\u00e1z.<\/p>\n<p>Vitomir \u00e9s Ivica t\u00f6bb ezer alkalommal adt\u00e1k el\u0151 a m\u0171sort szerte Horv\u00e1torsz\u00e1gban. A m\u0171sor nemcsak az \u0151 sz\u00ednh\u00e1zukat teremtette meg, hanem meghat\u00e1rozta a sors\u00e1t az \u00f6sszes kis sz\u00ednh\u00e1znak is.<\/p>\n<p>A 30. sz\u00fclet\u00e9snapjuk alkalm\u00e1b\u00f3l ez a csod\u00e1latos t\u00f6rt\u00e9net, tele vid\u00e1m, f\u00fclbem\u00e1sz\u00f3 dalokkal, vicces karakterekkel, fantasztikus b\u00e1bokkal \u00e9s tiszta \u00e9lm\u00e9nnyel, \u00faj k\u00f6nt\u00f6sben t\u00e9r vissza kedves, h\u0171s\u00e9ges \u00e9s m\u00e9g azz\u00e1 v\u00e1l\u00f3 k\u00f6z\u00f6ns\u00e9g\u00fcnk el\u00e9!<\/p>\n<p><strong>Aj\u00e1nlott kor:<\/strong> 3+<br \/>\n<strong>Az el\u0151ad\u00e1s id\u0151tartama:<\/strong> 50 perc<\/p>\n\n\t\t<style type=\"text\/css\">\n\t\t\t#gallery-1 {\n\t\t\t\tmargin: auto;\n\t\t\t}\n\t\t\t#gallery-1 .gallery-item {\n\t\t\t\tfloat: left;\n\t\t\t\tmargin-top: 10px;\n\t\t\t\ttext-align: center;\n\t\t\t\twidth: 16%;\n\t\t\t}\n\t\t\t#gallery-1 img {\n\t\t\t\tborder: 2px solid #cfcfcf;\n\t\t\t}\n\t\t\t#gallery-1 .gallery-caption {\n\t\t\t\tmargin-left: 0;\n\t\t\t}\n\t\t\t\/* see gallery_shortcode() in wp-includes\/media.php *\/\n\t\t<\/style>\n\t\t<div id='gallery-1' class='gallery galleryid-18228 gallery-columns-6 gallery-size-thumbnail'><dl class='gallery-item'>\n\t\t\t<dt class='gallery-icon landscape'>\n\t\t\t\t<a href='https:\/\/www1.kkl.si\/wp-content\/uploads\/2024\/07\/kraljevna-na-zrnu-graska-1.jpg'><img loading=\"lazy\" decoding=\"async\" width=\"150\" height=\"150\" src=\"https:\/\/www1.kkl.si\/wp-content\/uploads\/2024\/07\/kraljevna-na-zrnu-graska-1-150x150.jpg\" class=\"attachment-thumbnail size-thumbnail\" alt=\"\" \/><\/a>\n\t\t\t<\/dt><\/dl><dl class='gallery-item'>\n\t\t\t<dt class='gallery-icon landscape'>\n\t\t\t\t<a href='https:\/\/www1.kkl.si\/wp-content\/uploads\/2024\/07\/kraljevna-na-zrnu-graska-0.jpg'><img loading=\"lazy\" decoding=\"async\" width=\"150\" height=\"150\" src=\"https:\/\/www1.kkl.si\/wp-content\/uploads\/2024\/07\/kraljevna-na-zrnu-graska-0-150x150.jpg\" class=\"attachment-thumbnail size-thumbnail\" alt=\"\" \/><\/a>\n\t\t\t<\/dt><\/dl><dl class='gallery-item'>\n\t\t\t<dt class='gallery-icon landscape'>\n\t\t\t\t<a href='https:\/\/www1.kkl.si\/wp-content\/uploads\/2024\/07\/kraljevna-na-zrnu-graska-2.jpg'><img loading=\"lazy\" decoding=\"async\" width=\"150\" height=\"150\" src=\"https:\/\/www1.kkl.si\/wp-content\/uploads\/2024\/07\/kraljevna-na-zrnu-graska-2-150x150.jpg\" class=\"attachment-thumbnail size-thumbnail\" alt=\"\" \/><\/a>\n\t\t\t<\/dt><\/dl><dl class='gallery-item'>\n\t\t\t<dt class='gallery-icon portrait'>\n\t\t\t\t<a href='https:\/\/www1.kkl.si\/wp-content\/uploads\/2024\/07\/kraljevna-na-zrnu-graska-3.jpg'><img loading=\"lazy\" decoding=\"async\" width=\"150\" height=\"150\" src=\"https:\/\/www1.kkl.si\/wp-content\/uploads\/2024\/07\/kraljevna-na-zrnu-graska-3-150x150.jpg\" class=\"attachment-thumbnail size-thumbnail\" alt=\"\" \/><\/a>\n\t\t\t<\/dt><\/dl><dl class='gallery-item'>\n\t\t\t<dt class='gallery-icon landscape'>\n\t\t\t\t<a href='https:\/\/www1.kkl.si\/wp-content\/uploads\/2024\/07\/kraljevna-na-zrnu-graska-4.jpg'><img loading=\"lazy\" decoding=\"async\" width=\"150\" height=\"150\" src=\"https:\/\/www1.kkl.si\/wp-content\/uploads\/2024\/07\/kraljevna-na-zrnu-graska-4-150x150.jpg\" class=\"attachment-thumbnail size-thumbnail\" alt=\"\" srcset=\"https:\/\/www1.kkl.si\/wp-content\/uploads\/2024\/07\/kraljevna-na-zrnu-graska-4-150x150.jpg 150w, https:\/\/www1.kkl.si\/wp-content\/uploads\/2024\/07\/kraljevna-na-zrnu-graska-4-400x400.jpg 400w, https:\/\/www1.kkl.si\/wp-content\/uploads\/2024\/07\/kraljevna-na-zrnu-graska-4.jpg 660w\" sizes=\"auto, (max-width: 150px) 100vw, 150px\" \/><\/a>\n\t\t\t<\/dt><\/dl><dl class='gallery-item'>\n\t\t\t<dt class='gallery-icon landscape'>\n\t\t\t\t<a href='https:\/\/www1.kkl.si\/wp-content\/uploads\/2024\/07\/kraljevna-na-zrnu-graska-5.jpg'><img loading=\"lazy\" decoding=\"async\" width=\"150\" height=\"150\" src=\"https:\/\/www1.kkl.si\/wp-content\/uploads\/2024\/07\/kraljevna-na-zrnu-graska-5-150x150.jpg\" class=\"attachment-thumbnail size-thumbnail\" alt=\"\" \/><\/a>\n\t\t\t<\/dt><\/dl><br style=\"clear: both\" \/>\n\t\t<\/div>\n\n<\/div>\n<\/div>\n<hr \/>\n<p><i class=\"fas fa-link\"><\/i> <a href=\"http:\/\/www.mala-scena.hr\/predstave\/za-djecu\/kraljevna-na-zrnu-graska\/\">http:\/\/www.mala-scena.hr\/predstave\/za-djecu\/kraljevna-na-zrnu-graska\/<\/a><\/p>\n<hr \/>\n<p><span style=\"font-size: 10pt;\">A Ny\u00e1ri program 2024 minden esem\u00e9nye ingyenes.<\/span><br \/>\n<span style=\"font-size: 10pt;\">A programv\u00e1ltoztat\u00e1s jog\u00e1t fenntartjuk.<\/span><\/p>\n","protected":false},"excerpt":{"rendered":"<p>2024. augusztus 13. (kedd), 18.30 | a Lendvai Sz\u00ednh\u00e1z- \u00e9s Hangversenyterem ny\u00e1ri sz\u00ednpad\u00e1n b\u00e1bel\u0151ad\u00e1s horv\u00e1t nyelven 3+ \u00a0Az esem\u00e9nyen val\u00f3 r\u00e9szv\u00e9tel ingyenes. Rossz id\u0151 eset\u00e9n a rendezv\u00e9nyt a teremben tartjuk. Szervez\u0151: Knji\u017enica \u2013 Kulturni center Lendava \u2013 Lendvai K\u00f6nyvt\u00e1r \u00e9s Kultur\u00e1lis K\u00f6zpont NY\u00c1RI B\u00c1BKIK\u00d6T\u0150 LENDVA, 2024 \u2013 Nemzetk\u00f6zi B\u00e1bfesztiv\u00e1l Kazali\u0161te Mala scena (Horv\u00e1torsz\u00e1g): Kraljevna na [&hellip;]<\/p>\n","protected":false},"author":2,"featured_media":18172,"parent":0,"menu_order":0,"comment_status":"closed","ping_status":"closed","template":"","meta":{"footnotes":""},"class_list":["post-18228","page","type-page","status-publish","has-post-thumbnail","hentry","post","post-with-thumbnail","post-with-thumbnail-icon"],"_links":{"self":[{"href":"https:\/\/www1.kkl.si\/hu\/wp-json\/wp\/v2\/pages\/18228","targetHints":{"allow":["GET"]}}],"collection":[{"href":"https:\/\/www1.kkl.si\/hu\/wp-json\/wp\/v2\/pages"}],"about":[{"href":"https:\/\/www1.kkl.si\/hu\/wp-json\/wp\/v2\/types\/page"}],"author":[{"embeddable":true,"href":"https:\/\/www1.kkl.si\/hu\/wp-json\/wp\/v2\/users\/2"}],"replies":[{"embeddable":true,"href":"https:\/\/www1.kkl.si\/hu\/wp-json\/wp\/v2\/comments?post=18228"}],"version-history":[{"count":3,"href":"https:\/\/www1.kkl.si\/hu\/wp-json\/wp\/v2\/pages\/18228\/revisions"}],"predecessor-version":[{"id":18231,"href":"https:\/\/www1.kkl.si\/hu\/wp-json\/wp\/v2\/pages\/18228\/revisions\/18231"}],"wp:featuredmedia":[{"embeddable":true,"href":"https:\/\/www1.kkl.si\/hu\/wp-json\/wp\/v2\/media\/18172"}],"wp:attachment":[{"href":"https:\/\/www1.kkl.si\/hu\/wp-json\/wp\/v2\/media?parent=18228"}],"curies":[{"name":"wp","href":"https:\/\/api.w.org\/{rel}","templated":true}]}}