{"id":18234,"date":"2024-07-07T19:10:47","date_gmt":"2024-07-07T17:10:47","guid":{"rendered":"https:\/\/www1.kkl.si\/?page_id=18234"},"modified":"2024-08-01T13:38:45","modified_gmt":"2024-08-01T11:38:45","slug":"aranyszamar-babszinhaz-magyarorszag-vackor","status":"publish","type":"page","link":"https:\/\/www1.kkl.si\/hu\/aranyszamar-babszinhaz-magyarorszag-vackor\/","title":{"rendered":"Aranyszam\u00e1r B\u00e1bsz\u00ednh\u00e1z (Magyarorsz\u00e1g): Vackor"},"content":{"rendered":"<div class=\"opis\"><i class=\"fas fa-clock\"><\/i> <strong>2024. augusztus 22. (cs\u00fct\u00f6rt\u00f6k), 18.30<\/strong> | a Lendvai Sz\u00ednh\u00e1z- \u00e9s Hangversenyterem ny\u00e1ri sz\u00ednpad\u00e1n<img loading=\"lazy\" decoding=\"async\" class=\"wp-image-1588 alignright\" title=\"Ingyenes rendezv\u00e9ny\" src=\"https:\/\/www1.kkl.si\/wp-content\/uploads\/\/2020\/07\/spored_simb_brezplacna-1.svg\" alt=\"brezplacna\" width=\"30\" height=\"30\" srcset=\"https:\/\/www1.kkl.si\/wp-content\/uploads\/\/2020\/07\/spored_simb_brezplacna-1.svg 150w, https:\/\/www1.kkl.si\/wp-content\/uploads\/\/2020\/07\/spored_simb_brezplacna-1.svg 400w, https:\/\/www1.kkl.si\/wp-content\/uploads\/\/2020\/07\/spored_simb_brezplacna-1.svg 1500w, https:\/\/www1.kkl.si\/wp-content\/uploads\/\/2020\/07\/spored_simb_brezplacna-1.svg 100w\" sizes=\"auto, (max-width: 30px) 100vw, 30px\" \/><br \/>\n<i class=\"fas fa-chevron-circle-right\"><\/i> <strong>b\u00e1bel\u0151ad\u00e1s magyar nyelven <span class=\"starost\">3+<\/span><\/strong> <br \/>\nAz esem\u00e9nyen val\u00f3 r\u00e9szv\u00e9tel ingyenes. Rossz id\u0151 eset\u00e9n a rendezv\u00e9nyt a teremben tartjuk.<br \/>\nSzervez\u0151: <a href=\"https:\/\/www.kkl.si\/\">Knji\u017enica \u2013 Kulturni center Lendava \u2013 Lendvai K\u00f6nyvt\u00e1r \u00e9s Kultur\u00e1lis K\u00f6zpont<\/a><\/div>\n<div class=\"et_pb_module et_pb_text et_pb_text_2_tb_body  et_pb_text_align_left et_pb_bg_layout_light\">\n<div class=\"et_pb_text_inner\">\n<p><a href=\"https:\/\/www1.kkl.si\/wp-content\/uploads\/2024\/07\/plakat_B2_KKCL_poletni_program_2024_popr20jul.jpg\" data-lbwps-width=\"2143\" data-lbwps-height=\"3000\" data-lbwps-srcsmall=\"https:\/\/www1.kkl.si\/wp-content\/uploads\/2024\/07\/plakat_B2_KKCL_poletni_program_2024_popr20jul.jpg\"><img loading=\"lazy\" decoding=\"async\" class=\"slika alignright wp-image-18170 size-medium\" src=\"https:\/\/www1.kkl.si\/wp-content\/uploads\/2024\/07\/plakat_B2_KKCL_poletni_program_2024_popr20jul-scaled-286x400.jpg\" alt=\"\" width=\"286\" height=\"400\" srcset=\"https:\/\/www1.kkl.si\/wp-content\/uploads\/2024\/07\/plakat_B2_KKCL_poletni_program_2024_popr20jul-scaled-286x400.jpg 286w, https:\/\/www1.kkl.si\/wp-content\/uploads\/2024\/07\/plakat_B2_KKCL_poletni_program_2024_popr20jul-scaled-1072x1500.jpg 1072w, https:\/\/www1.kkl.si\/wp-content\/uploads\/2024\/07\/plakat_B2_KKCL_poletni_program_2024_popr20jul-scaled.jpg 1829w\" sizes=\"auto, (max-width: 286px) 100vw, 286px\" \/><\/a>NY\u00c1RI B\u00c1BKIK\u00d6T\u0150 LENDVA, 2024 \u2013 Nemzetk\u00f6zi B\u00e1bfesztiv\u00e1l<br \/>\nAranyszam\u00e1r B\u00e1bsz\u00ednh\u00e1z (Magyarorsz\u00e1g):<\/p>\n<p><span style=\"font-size: 18pt;\"><strong>Vackor<\/strong><\/span><\/p>\n<p>Vackor, a pisz\u00e9n pisze k\u00f6ly\u00f6kmack\u00f3 iskol\u00e1s, \u00e1m nem \u00e9rzi j\u00f3l mag\u00e1t. Az oszt\u00e1lyt\u00e1rsai csak ritk\u00e1n bar\u00e1tkoznak vele \u00e9s szeg\u00e9ny gyakran \u00fcgyetlenkedik az \u00f3r\u00e1kon. Tan\u00edt\u00f3 n\u00e9nije hi\u00e1ba kedves, \u0151 az erd\u0151be v\u00e1gyakozik. Egy nap, mikor egyed\u00fcl \u00fccs\u00f6r\u00f6g a teremben m\u00edg t\u00e1rsai az udvaron fog\u00f3csk\u00e1znak kiszagolja, hogy a padt\u00e1rsa nagymam\u00e1ja vajas-m\u00e9zes kiflit csomagolt az unok\u00e1j\u00e1nak t\u00edz\u00f3raira. Vackor sajnos nem b\u00edr ellen\u00e1llni a k\u00eds\u00e9rt\u00e9snek \u00e9s f\u00f6lfalja az uzsonn\u00e1sdobozb\u00f3l az \u00f6sszes finoms\u00e1got. A finom falatok ut\u00e1n igazi d\u0151zs\u00f6l\u00e9sbe kezd: mind egy sz\u00e1lig megeszi a t\u00e1rsainak csomagolt szendvicseket, gy\u00fcm\u00f6lcs\u00f6ket. Mikor \u00e9szbe kap, m\u00e1r k\u00e9s\u0151 \u2013 igazi puszt\u00edt\u00e1st v\u00e9gzett a tanteremben. Sz\u00e9gyen\u00e9ben \u00e9s ijedt\u00e9ben elszalad, nem mer szembes\u00fclni az oszt\u00e1lyt\u00e1rsai \u2013 \u00e9s legink\u00e1bb a Tan\u00edt\u00f3 n\u00e9ni \u2013 haragj\u00e1val.<\/p>\n<p>Vackor a nagyv\u00e1rosba menek\u00fcl, ahol riadtan pr\u00f3b\u00e1lja megtal\u00e1lni a hely\u00e9t. Itt sok kih\u00edv\u00e1s v\u00e1r r\u00e1. V\u00e9g\u00fcl, \u00fagy d\u00f6nt, idjeje haza menni.<\/p>\n<p>Mikor haza\u00e9r val\u00f3ban bajba ker\u00fcl: a sok igazolatlan hi\u00e1nyz\u00e1s miatt vizsg\u00e1znia kell \u00edr\u00e1sb\u00f3l \u00e9s matematik\u00e1b\u00f3l. Amikor azonban minden feltett k\u00e9rd\u00e9sre helyesen v\u00e1laszol, mindenkit leny\u0171g\u00f6z. Vackor elmes\u00e9li kalandjait a nagyv\u00e1rosban, oszt\u00e1lyt\u00e1rsait pedig fagylaltf\u0151z\u00e9ssel engeszteli ki. \u0150 lesz a legn\u00e9pszer\u0171bb k\u00f6ly\u00f6kmack\u00f3 az iskol\u00e1ban.<\/p>\n<p><strong>Aj\u00e1nlott kor:<\/strong> 3+<\/p>\n<p><a href=\"https:\/\/www1.kkl.si\/wp-content\/uploads\/2024\/07\/vackor1.jpg\" data-lbwps-width=\"640\" data-lbwps-height=\"428\" data-lbwps-srcsmall=\"https:\/\/www1.kkl.si\/wp-content\/uploads\/2024\/07\/vackor1-400x268.jpg\"><img loading=\"lazy\" decoding=\"async\" class=\"alignnone size-medium wp-image-18042\" src=\"https:\/\/www1.kkl.si\/wp-content\/uploads\/2024\/07\/vackor1-400x268.jpg\" alt=\"\" width=\"400\" height=\"268\" srcset=\"https:\/\/www1.kkl.si\/wp-content\/uploads\/2024\/07\/vackor1-400x268.jpg 400w, https:\/\/www1.kkl.si\/wp-content\/uploads\/2024\/07\/vackor1.jpg 640w\" sizes=\"auto, (max-width: 400px) 100vw, 400px\" \/><\/a> <a href=\"https:\/\/www1.kkl.si\/wp-content\/uploads\/2024\/07\/vackor2.jpg\" data-lbwps-width=\"1400\" data-lbwps-height=\"934\" data-lbwps-srcsmall=\"https:\/\/www1.kkl.si\/wp-content\/uploads\/2024\/07\/vackor2-400x267.jpg\"><img loading=\"lazy\" decoding=\"async\" class=\"alignnone size-medium wp-image-18045\" src=\"https:\/\/www1.kkl.si\/wp-content\/uploads\/2024\/07\/vackor2-400x267.jpg\" alt=\"\" width=\"400\" height=\"267\" srcset=\"https:\/\/www1.kkl.si\/wp-content\/uploads\/2024\/07\/vackor2-400x267.jpg 400w, https:\/\/www1.kkl.si\/wp-content\/uploads\/2024\/07\/vackor2.jpg 1400w\" sizes=\"auto, (max-width: 400px) 100vw, 400px\" \/><\/a> <a href=\"https:\/\/www1.kkl.si\/wp-content\/uploads\/2024\/07\/vackor3.jpg\" data-lbwps-width=\"720\" data-lbwps-height=\"480\" data-lbwps-srcsmall=\"https:\/\/www1.kkl.si\/wp-content\/uploads\/2024\/07\/vackor3-400x267.jpg\"><img loading=\"lazy\" decoding=\"async\" class=\"alignnone size-medium wp-image-18048\" src=\"https:\/\/www1.kkl.si\/wp-content\/uploads\/2024\/07\/vackor3-400x267.jpg\" alt=\"\" width=\"400\" height=\"267\" srcset=\"https:\/\/www1.kkl.si\/wp-content\/uploads\/2024\/07\/vackor3-400x267.jpg 400w, https:\/\/www1.kkl.si\/wp-content\/uploads\/2024\/07\/vackor3.jpg 720w\" sizes=\"auto, (max-width: 400px) 100vw, 400px\" \/><\/a> <a href=\"https:\/\/www1.kkl.si\/wp-content\/uploads\/2024\/07\/vackor4.jpg\" data-lbwps-width=\"640\" data-lbwps-height=\"426\" data-lbwps-srcsmall=\"https:\/\/www1.kkl.si\/wp-content\/uploads\/2024\/07\/vackor4-400x266.jpg\"><img loading=\"lazy\" decoding=\"async\" class=\"alignnone size-medium wp-image-18051\" src=\"https:\/\/www1.kkl.si\/wp-content\/uploads\/2024\/07\/vackor4-400x266.jpg\" alt=\"\" width=\"400\" height=\"266\" srcset=\"https:\/\/www1.kkl.si\/wp-content\/uploads\/2024\/07\/vackor4-400x266.jpg 400w, https:\/\/www1.kkl.si\/wp-content\/uploads\/2024\/07\/vackor4.jpg 640w\" sizes=\"auto, (max-width: 400px) 100vw, 400px\" \/><\/a> <a href=\"https:\/\/www1.kkl.si\/wp-content\/uploads\/2024\/07\/vackor5.jpg\" data-lbwps-width=\"640\" data-lbwps-height=\"427\" data-lbwps-srcsmall=\"https:\/\/www1.kkl.si\/wp-content\/uploads\/2024\/07\/vackor5-400x267.jpg\"><img loading=\"lazy\" decoding=\"async\" class=\"alignnone size-medium wp-image-18054\" src=\"https:\/\/www1.kkl.si\/wp-content\/uploads\/2024\/07\/vackor5-400x267.jpg\" alt=\"\" width=\"400\" height=\"267\" srcset=\"https:\/\/www1.kkl.si\/wp-content\/uploads\/2024\/07\/vackor5-400x267.jpg 400w, https:\/\/www1.kkl.si\/wp-content\/uploads\/2024\/07\/vackor5.jpg 640w\" sizes=\"auto, (max-width: 400px) 100vw, 400px\" \/><\/a> <a href=\"https:\/\/www1.kkl.si\/wp-content\/uploads\/2024\/07\/vackor6.jpg\" data-lbwps-width=\"640\" data-lbwps-height=\"480\" data-lbwps-srcsmall=\"https:\/\/www1.kkl.si\/wp-content\/uploads\/2024\/07\/vackor6-400x300.jpg\"><img loading=\"lazy\" decoding=\"async\" class=\"alignnone size-medium wp-image-18057\" src=\"https:\/\/www1.kkl.si\/wp-content\/uploads\/2024\/07\/vackor6-400x300.jpg\" alt=\"\" width=\"400\" height=\"300\" srcset=\"https:\/\/www1.kkl.si\/wp-content\/uploads\/2024\/07\/vackor6-400x300.jpg 400w, https:\/\/www1.kkl.si\/wp-content\/uploads\/2024\/07\/vackor6.jpg 640w\" sizes=\"auto, (max-width: 400px) 100vw, 400px\" \/><\/a><\/p>\n<\/div>\n<\/div>\n<hr \/>\n<p><i class=\"fas fa-link\"><\/i> <a href=\"https:\/\/aranyszamar.hu\/vackor\/\">https:\/\/aranyszamar.hu\/vackor\/<\/a><\/p>\n<hr \/>\n<p><span style=\"font-size: 10pt;\">A Ny\u00e1ri program 2024 minden esem\u00e9nye ingyenes.<\/span><br \/>\n<span style=\"font-size: 10pt;\">A programv\u00e1ltoztat\u00e1s jog\u00e1t fenntartjuk.<\/span><\/p>\n","protected":false},"excerpt":{"rendered":"<p>2024. augusztus 22. (cs\u00fct\u00f6rt\u00f6k), 18.30 | a Lendvai Sz\u00ednh\u00e1z- \u00e9s Hangversenyterem ny\u00e1ri sz\u00ednpad\u00e1n b\u00e1bel\u0151ad\u00e1s magyar nyelven 3+ Az esem\u00e9nyen val\u00f3 r\u00e9szv\u00e9tel ingyenes. Rossz id\u0151 eset\u00e9n a rendezv\u00e9nyt a teremben tartjuk. Szervez\u0151: Knji\u017enica \u2013 Kulturni center Lendava \u2013 Lendvai K\u00f6nyvt\u00e1r \u00e9s Kultur\u00e1lis K\u00f6zpont NY\u00c1RI B\u00c1BKIK\u00d6T\u0150 LENDVA, 2024 \u2013 Nemzetk\u00f6zi B\u00e1bfesztiv\u00e1l Aranyszam\u00e1r B\u00e1bsz\u00ednh\u00e1z (Magyarorsz\u00e1g): Vackor Vackor, a [&hellip;]<\/p>\n","protected":false},"author":2,"featured_media":18172,"parent":0,"menu_order":0,"comment_status":"closed","ping_status":"closed","template":"","meta":{"footnotes":""},"class_list":["post-18234","page","type-page","status-publish","has-post-thumbnail","hentry","post","post-with-thumbnail","post-with-thumbnail-icon"],"_links":{"self":[{"href":"https:\/\/www1.kkl.si\/hu\/wp-json\/wp\/v2\/pages\/18234","targetHints":{"allow":["GET"]}}],"collection":[{"href":"https:\/\/www1.kkl.si\/hu\/wp-json\/wp\/v2\/pages"}],"about":[{"href":"https:\/\/www1.kkl.si\/hu\/wp-json\/wp\/v2\/types\/page"}],"author":[{"embeddable":true,"href":"https:\/\/www1.kkl.si\/hu\/wp-json\/wp\/v2\/users\/2"}],"replies":[{"embeddable":true,"href":"https:\/\/www1.kkl.si\/hu\/wp-json\/wp\/v2\/comments?post=18234"}],"version-history":[{"count":1,"href":"https:\/\/www1.kkl.si\/hu\/wp-json\/wp\/v2\/pages\/18234\/revisions"}],"predecessor-version":[{"id":18235,"href":"https:\/\/www1.kkl.si\/hu\/wp-json\/wp\/v2\/pages\/18234\/revisions\/18235"}],"wp:featuredmedia":[{"embeddable":true,"href":"https:\/\/www1.kkl.si\/hu\/wp-json\/wp\/v2\/media\/18172"}],"wp:attachment":[{"href":"https:\/\/www1.kkl.si\/hu\/wp-json\/wp\/v2\/media?parent=18234"}],"curies":[{"name":"wp","href":"https:\/\/api.w.org\/{rel}","templated":true}]}}