{"id":18254,"date":"2024-07-07T07:33:32","date_gmt":"2024-07-07T05:33:32","guid":{"rendered":"https:\/\/www1.kkl.si\/?page_id=18254"},"modified":"2024-08-09T18:10:55","modified_gmt":"2024-08-09T16:10:55","slug":"nyaron-lendvara-2024-maja-keuc","status":"publish","type":"page","link":"https:\/\/www1.kkl.si\/hu\/nyaron-lendvara-2024-maja-keuc\/","title":{"rendered":"NY\u00c1RON LENDV\u00c1RA 2024 \u2013 Maja Keuc"},"content":{"rendered":"<div class=\"opis\"><i class=\"fas fa-clock\"><\/i> <strong>2024. augusztus 30. (p\u00e9ntek), 20.00<\/strong> | a Lendvai Sz\u00ednh\u00e1z- \u00e9s Hangversenyterem ny\u00e1ri sz\u00ednpad\u00e1n<img loading=\"lazy\" decoding=\"async\" class=\"wp-image-1588 alignright\" title=\"Ingyenes rendezv\u00e9ny\" src=\"https:\/\/www1.kkl.si\/wp-content\/uploads\/\/2020\/07\/spored_simb_brezplacna-1.svg\" alt=\"brezplacna\" width=\"30\" height=\"30\" srcset=\"https:\/\/www1.kkl.si\/wp-content\/uploads\/\/2020\/07\/spored_simb_brezplacna-1.svg 150w, https:\/\/www1.kkl.si\/wp-content\/uploads\/\/2020\/07\/spored_simb_brezplacna-1.svg 400w, https:\/\/www1.kkl.si\/wp-content\/uploads\/\/2020\/07\/spored_simb_brezplacna-1.svg 1500w, https:\/\/www1.kkl.si\/wp-content\/uploads\/\/2020\/07\/spored_simb_brezplacna-1.svg 100w\" sizes=\"auto, (max-width: 30px) 100vw, 30px\" \/><br \/>\n<i class=\"fas fa-chevron-circle-right\"><\/i> <strong>koncert<\/strong> <br \/>\n\u00a0Az esem\u00e9nyen val\u00f3 r\u00e9szv\u00e9tel ingyenes. Rossz id\u0151 eset\u00e9n a rendezv\u00e9nyt a teremben tartjuk.<br \/>\nSzervez\u0151: <a href=\"https:\/\/www.kkl.si\/\">Knji\u017enica \u2013 Kulturni center Lendava \u2013 Lendvai K\u00f6nyvt\u00e1r \u00e9s Kultur\u00e1lis K\u00f6zpont<\/a><\/div>\n<p><a href=\"https:\/\/www1.kkl.si\/wp-content\/uploads\/2024\/07\/plakat_B2_KKCL_poletni_program_2024_popr20jul.jpg\" data-lbwps-width=\"2143\" data-lbwps-height=\"3000\" data-lbwps-srcsmall=\"https:\/\/www1.kkl.si\/wp-content\/uploads\/2024\/07\/plakat_B2_KKCL_poletni_program_2024_popr20jul.jpg\"><img loading=\"lazy\" decoding=\"async\" class=\"slika alignright wp-image-18170 size-medium\" src=\"https:\/\/www1.kkl.si\/wp-content\/uploads\/2024\/07\/plakat_B2_KKCL_poletni_program_2024_popr20jul-scaled-286x400.jpg\" alt=\"\" width=\"286\" height=\"400\" srcset=\"https:\/\/www1.kkl.si\/wp-content\/uploads\/2024\/07\/plakat_B2_KKCL_poletni_program_2024_popr20jul-scaled-286x400.jpg 286w, https:\/\/www1.kkl.si\/wp-content\/uploads\/2024\/07\/plakat_B2_KKCL_poletni_program_2024_popr20jul-scaled-1072x1500.jpg 1072w, https:\/\/www1.kkl.si\/wp-content\/uploads\/2024\/07\/plakat_B2_KKCL_poletni_program_2024_popr20jul-scaled.jpg 1829w\" sizes=\"auto, (max-width: 286px) 100vw, 286px\" \/><\/a>NY\u00c1RON LENDV\u00c1RA 2024<\/p>\n<p><strong><span style=\"font-size: 18pt;\">Maja Keuc koncertje<br \/>\n<\/span><\/strong><\/p>\n<p>MAJA KEUC kiemelked\u0151 szlov\u00e9n \u00e9nekesn\u0151.<\/p>\n<p>Szlov\u00e9nia kiemelked\u0151 eurov\u00edzi\u00f3s sikere ut\u00e1n Maja \u00fagy d\u00f6nt\u00f6tt, hogy k\u00f6vetkez\u0151 zenei t\u00f6rt\u00e9net\u00e9t sz\u00fcl\u0151haz\u00e1j\u00e1ban, Szlov\u00e9ni\u00e1ban sz\u00f6vi. Haz\u00e1ja nyugodt \u00e9s kreat\u00edv k\u00f6rnyezete arra \u00f6szt\u00f6n\u00f6zte, hogy kipr\u00f3b\u00e1lja mag\u00e1t a szlov\u00e9n nyelv\u0171 zeneszerz\u00e9sben. Miut\u00e1n \u00e9vekig k\u00fclf\u00f6ld\u00f6n \u00e9lt, \u00fajra \u00e9rezte a sz\u00fcl\u0151f\u00f6ldje h\u00edv\u00f3 szav\u00e1t.<\/p>\n<p>\u00daj albuma, a <em>Son\u010dnice<\/em> j\u00e1t\u00e9kos k\u00f6nnyeds\u00e9g\u00e9r\u0151l, pozit\u00edv energi\u00e1j\u00e1r\u00f3l \u00e9s m\u00e9ly elm\u00e9lked\u00e9s\u00e9r\u0151l \u00e1rulkodik, amely gazdag \u00e9lettapasztalatainak eredm\u00e9nye. A sz\u00f6vegek \u00e9s a dallamok \u00fagy fon\u00f3dnak egym\u00e1sba, mint egy t\u00e1nc a f\u00e9ny \u00e9s a s\u00f6t\u00e9ts\u00e9g, a k\u00f6nnyeds\u00e9g \u00e9s a s\u00faly k\u00f6z\u00f6tt.<\/p>\n<p>\nEGY\u00dcTTES<\/p>\n<p>K\u00fcl\u00f6nb\u00f6z\u0151 vil\u00e1gokat egyes\u00edt\u0151 zen\u00e9j\u00fck is t\u00fckr\u00f6zi egyedi egy\u00fcttes\u00fcket. A zenekar tagja az akad\u00e9miai szen\u00e9sz &#8211; \u00fct\u0151hangszeres\/dobos Tilen Zakraj\u0161ek, aki sz\u00e1mos zenekart \u00e9s m\u0171v\u00e9szt k\u00eds\u00e9rt m\u00e1r, \u00e9s st\u00fadi\u00f3dobosk\u00e9nt is dolgozik.<\/p>\n<p>Martin Vogrin zeneszerz\u0151, zenei producer \u00e9s multiinstrumentalista, aki t\u00f6bb \u00e9ve k\u00e9sz\u00edt eredeti zen\u00e9t, t\u00f6bbek k\u00f6z\u00f6tt neves sz\u00ednh\u00e1zak sz\u00ednh\u00e1zi el\u0151ad\u00e1saihoz. Munk\u00e1i t\u00f6bb rangos d\u00edjat nyertek. A zenekarban git\u00e1ron \u00e9s billenty\u0171s hangszereken j\u00e1tszik.<\/p>\n<p><iframe loading=\"lazy\" title=\"Maja Keuc - No One (Slovenia) Live 2011 Eurovision Song Contest\" width=\"720\" height=\"405\" src=\"https:\/\/www.youtube.com\/embed\/5vqjb2OYnYs?feature=oembed\" frameborder=\"0\" allow=\"accelerometer; autoplay; clipboard-write; encrypted-media; gyroscope; picture-in-picture; web-share\" referrerpolicy=\"strict-origin-when-cross-origin\" allowfullscreen><\/iframe><\/p>\n<p><iframe loading=\"lazy\" title=\"Naredi Srce\" width=\"720\" height=\"540\" src=\"https:\/\/www.youtube.com\/embed\/WKOJHYUGbos?feature=oembed\" frameborder=\"0\" allow=\"accelerometer; autoplay; clipboard-write; encrypted-media; gyroscope; picture-in-picture; web-share\" referrerpolicy=\"strict-origin-when-cross-origin\" allowfullscreen><\/iframe><\/p>\n<p><iframe loading=\"lazy\" title=\"Maja Keuc - Goodbye...\" width=\"720\" height=\"405\" src=\"https:\/\/www.youtube.com\/embed\/uSNTdsCnkE0?feature=oembed\" frameborder=\"0\" allow=\"accelerometer; autoplay; clipboard-write; encrypted-media; gyroscope; picture-in-picture; web-share\" referrerpolicy=\"strict-origin-when-cross-origin\" allowfullscreen><\/iframe><\/p>\n<p><iframe loading=\"lazy\" title=\"Maja Keuc - Sanjam Sama (Official Lyric Video)\" width=\"720\" height=\"540\" src=\"https:\/\/www.youtube.com\/embed\/qTSRJoiTPKw?feature=oembed\" frameborder=\"0\" allow=\"accelerometer; autoplay; clipboard-write; encrypted-media; gyroscope; picture-in-picture; web-share\" referrerpolicy=\"strict-origin-when-cross-origin\" allowfullscreen><\/iframe><\/p>\n<p><em><strong>A Son\u010dnice c\u00edm\u0171 albumr\u00f3l:<\/strong><\/em><\/p>\n<p><iframe loading=\"lazy\" title=\"Maja Keuc - Labirint (1\/10)\" width=\"720\" height=\"405\" src=\"https:\/\/www.youtube.com\/embed\/iYazUTZ_q0M?feature=oembed\" frameborder=\"0\" allow=\"accelerometer; autoplay; clipboard-write; encrypted-media; gyroscope; picture-in-picture; web-share\" referrerpolicy=\"strict-origin-when-cross-origin\" allowfullscreen><\/iframe><\/p>\n<p><iframe loading=\"lazy\" title=\"Maja Keuc - Mavri\u010dne o\u010di (3\/10)\" width=\"720\" height=\"405\" src=\"https:\/\/www.youtube.com\/embed\/vDwgXs5WPEM?feature=oembed\" frameborder=\"0\" allow=\"accelerometer; autoplay; clipboard-write; encrypted-media; gyroscope; picture-in-picture; web-share\" referrerpolicy=\"strict-origin-when-cross-origin\" allowfullscreen><\/iframe><\/p>\n<p><a href=\"https:\/\/www1.kkl.si\/wp-content\/uploads\/2024\/08\/maja_keuc.jpg\" data-lbwps-width=\"1200\" data-lbwps-height=\"1200\" data-lbwps-srcsmall=\"https:\/\/www1.kkl.si\/wp-content\/uploads\/2024\/08\/maja_keuc-400x400.jpg\"><img loading=\"lazy\" decoding=\"async\" class=\"alignnone size-full wp-image-18250\" src=\"https:\/\/www1.kkl.si\/wp-content\/uploads\/2024\/08\/maja_keuc.jpg\" alt=\"\" width=\"1200\" height=\"1200\" srcset=\"https:\/\/www1.kkl.si\/wp-content\/uploads\/2024\/08\/maja_keuc.jpg 1200w, https:\/\/www1.kkl.si\/wp-content\/uploads\/2024\/08\/maja_keuc-150x150.jpg 150w, https:\/\/www1.kkl.si\/wp-content\/uploads\/2024\/08\/maja_keuc-400x400.jpg 400w\" sizes=\"auto, (max-width: 1200px) 100vw, 1200px\" \/><\/a><\/p>\n<hr \/>\n<p><i class=\"fas fa-link\"><\/i> <a href=\"https:\/\/majakeuc.net\/\">https:\/\/majakeuc.net\/<\/a><br \/>\n<i class=\"fas fa-play-circle\"><\/i> <a href=\"https:\/\/www.youtube.com\/channel\/UCjfx6mMr--7nMmG60HMkojA\">Youtube kanal<\/a><\/p>\n<hr \/>\n<p><span style=\"font-size: 10pt;\">A Ny\u00e1ri program 2024 minden esem\u00e9nye ingyenes.<\/span><br \/>\n<span style=\"font-size: 10pt;\">A programv\u00e1ltoztat\u00e1s jog\u00e1t fenntartjuk.<\/span><\/p>\n","protected":false},"excerpt":{"rendered":"<p>2024. augusztus 30. (p\u00e9ntek), 20.00 | a Lendvai Sz\u00ednh\u00e1z- \u00e9s Hangversenyterem ny\u00e1ri sz\u00ednpad\u00e1n koncert \u00a0Az esem\u00e9nyen val\u00f3 r\u00e9szv\u00e9tel ingyenes. Rossz id\u0151 eset\u00e9n a rendezv\u00e9nyt a teremben tartjuk. Szervez\u0151: Knji\u017enica \u2013 Kulturni center Lendava \u2013 Lendvai K\u00f6nyvt\u00e1r \u00e9s Kultur\u00e1lis K\u00f6zpont NY\u00c1RON LENDV\u00c1RA 2024 Maja Keuc koncertje MAJA KEUC kiemelked\u0151 szlov\u00e9n \u00e9nekesn\u0151. Szlov\u00e9nia kiemelked\u0151 eurov\u00edzi\u00f3s sikere ut\u00e1n [&hellip;]<\/p>\n","protected":false},"author":2,"featured_media":18172,"parent":0,"menu_order":0,"comment_status":"closed","ping_status":"closed","template":"","meta":{"footnotes":""},"class_list":["post-18254","page","type-page","status-publish","has-post-thumbnail","hentry","post","post-with-thumbnail","post-with-thumbnail-icon"],"_links":{"self":[{"href":"https:\/\/www1.kkl.si\/hu\/wp-json\/wp\/v2\/pages\/18254","targetHints":{"allow":["GET"]}}],"collection":[{"href":"https:\/\/www1.kkl.si\/hu\/wp-json\/wp\/v2\/pages"}],"about":[{"href":"https:\/\/www1.kkl.si\/hu\/wp-json\/wp\/v2\/types\/page"}],"author":[{"embeddable":true,"href":"https:\/\/www1.kkl.si\/hu\/wp-json\/wp\/v2\/users\/2"}],"replies":[{"embeddable":true,"href":"https:\/\/www1.kkl.si\/hu\/wp-json\/wp\/v2\/comments?post=18254"}],"version-history":[{"count":2,"href":"https:\/\/www1.kkl.si\/hu\/wp-json\/wp\/v2\/pages\/18254\/revisions"}],"predecessor-version":[{"id":18335,"href":"https:\/\/www1.kkl.si\/hu\/wp-json\/wp\/v2\/pages\/18254\/revisions\/18335"}],"wp:featuredmedia":[{"embeddable":true,"href":"https:\/\/www1.kkl.si\/hu\/wp-json\/wp\/v2\/media\/18172"}],"wp:attachment":[{"href":"https:\/\/www1.kkl.si\/hu\/wp-json\/wp\/v2\/media?parent=18254"}],"curies":[{"name":"wp","href":"https:\/\/api.w.org\/{rel}","templated":true}]}}