{"id":18600,"date":"2024-08-15T15:43:28","date_gmt":"2024-08-15T13:43:28","guid":{"rendered":"https:\/\/www1.kkl.si\/?page_id=18600"},"modified":"2024-08-18T19:24:33","modified_gmt":"2024-08-18T17:24:33","slug":"vinarium-fesztival-2024-szerb-ujvideki-etno-est","status":"publish","type":"page","link":"https:\/\/www1.kkl.si\/hu\/vinarium-fesztival-2024-szerb-ujvideki-etno-est\/","title":{"rendered":"Vinarium Fesztiv\u00e1l 2024: Szerb\u2013\u00fajvid\u00e9ki etno est"},"content":{"rendered":"<div class=\"opis\"><i class=\"fas fa-clock\"><\/i> <strong>2024. augusztus 25., vas\u00e1rnap, 18.00 \u00f3r\u00e1t\u00f3l<\/strong> | a Lendvai Sz\u00ednh\u00e1z- \u00e9s Hangversenyterem ny\u00e1ri sz\u00ednpad\u00e1n<img loading=\"lazy\" decoding=\"async\" class=\"wp-image-1588 alignright\" title=\"Ingyenes rendezv\u00e9ny\" src=\"https:\/\/www1.kkl.si\/wp-content\/uploads\/\/2020\/07\/spored_simb_brezplacna-1.svg\" alt=\"brezplacna\" width=\"30\" height=\"30\" srcset=\"https:\/\/www1.kkl.si\/wp-content\/uploads\/\/2020\/07\/spored_simb_brezplacna-1.svg 150w, https:\/\/www1.kkl.si\/wp-content\/uploads\/\/2020\/07\/spored_simb_brezplacna-1.svg 400w, https:\/\/www1.kkl.si\/wp-content\/uploads\/\/2020\/07\/spored_simb_brezplacna-1.svg 1500w, https:\/\/www1.kkl.si\/wp-content\/uploads\/\/2020\/07\/spored_simb_brezplacna-1.svg 100w\" sizes=\"auto, (max-width: 30px) 100vw, 30px\" \/><br \/>\n<i class=\"fas fa-chevron-circle-right\"><\/i> <strong>zene, gasztron\u00f3mia<\/strong> <br \/>\nAz esem\u00e9nyen val\u00f3 r\u00e9szv\u00e9tel ingyenes. Rossz id\u0151 eset\u00e9n a rendezv\u00e9nyt a teremben ker\u00fcl megrendez\u00e9sre.<br \/>\nAz etno estek szervez\u0151je:\u00a0 <a href=\"http:\/\/ztr.si\/\">Turisztikai \u00e9s Fejleszt\u00e9si K\u00f6zint\u00e9zet<\/a><br \/>\nA rendezv\u00e9ny szervez\u0151je: a <a href=\"https:\/\/www.facebook.com\/p\/KTD-Novi-Sad-Lendava-100038549532698\/\">Novi Sad Kultur\u00e1lis \u00e9s Turisztikai Egyes\u00fclet<\/a>, a <a href=\"https:\/\/www.facebook.com\/todpetisovci\/\">Petesh\u00e1zi Turisztikai \u00e9s K\u00f6rnyezetv\u00e9delmi Egyes\u00fclet<\/a><\/div>\n<p><span style=\"font-size: 18pt;\"><strong>Szerb\u2013\u00fajvid\u00e9ki etno est<\/strong><\/span><\/p>\n<p>Program:<\/p>\n<ul>\n<li>Srbsko prosvetno dru\u0161tvo Nikola Tesla &#8211; M\u0171vel\u0151d\u00e9si Egyes\u00fclet<\/li>\n<li>r\u00e9zf\u00fav\u00f3sok<\/li>\n<\/ul>\n<p><strong>Gasztron\u00f3miai k\u00edn\u00e1lat: bogr\u00e1csguly\u00e1s, babguly\u00e1s, l\u00e1ngos<\/strong><\/p>\n<hr \/>\n<p><span style=\"font-size: 14pt;\"><strong><a href=\"https:\/\/www1.kkl.si\/wp-content\/uploads\/2024\/08\/spd_nikola_tesla_srbsko.jpg\" data-lbwps-width=\"1131\" data-lbwps-height=\"531\" data-lbwps-srcsmall=\"https:\/\/www1.kkl.si\/wp-content\/uploads\/2024\/08\/spd_nikola_tesla_srbsko-400x188.jpg\"><img loading=\"lazy\" decoding=\"async\" class=\"size-medium wp-image-18504 alignright\" src=\"https:\/\/www1.kkl.si\/wp-content\/uploads\/2024\/08\/spd_nikola_tesla_srbsko-400x188.jpg\" alt=\"\" width=\"400\" height=\"188\" srcset=\"https:\/\/www1.kkl.si\/wp-content\/uploads\/2024\/08\/spd_nikola_tesla_srbsko-400x188.jpg 400w, https:\/\/www1.kkl.si\/wp-content\/uploads\/2024\/08\/spd_nikola_tesla_srbsko.jpg 1131w\" sizes=\"auto, (max-width: 400px) 100vw, 400px\" \/><\/a><\/strong>Srbsko prosvetno dru\u0161tvo Nikola Tesla Postojna<\/span><\/p>\n<p>1993-ban a szlov\u00e9niai Postojn\u00e1ban \u00e9vek \u00f3ta \u00e9l\u0151 szerbek egy kis csoportja megalap\u00edtotta az akkori Nikola Tesla Kultur\u00e1lis \u00e9s Sportm\u0171v\u00e9szeti Egyes\u00fcletet, amelyet h\u00e1rom \u00e9vvel k\u00e9s\u0151bb Nikola Tesla Szerb Oktat\u00e1si Egyes\u00fcletre kereszteltek \u00e1t. Az egyes\u00fclet \u00e9vr\u0151l \u00e9vre b\u0151v\u00fclt, fiatalok \u00e9s id\u0151sek egyar\u00e1nt csatlakoztak hozz\u00e1, \u00e9s ma m\u00e1r t\u00f6bb mint 200 regisztr\u00e1lt taggal b\u00fcszk\u00e9lkedhetnek. A kezdetekt\u0151l fogva igyekeznek a szerb kult\u00far\u00e1t pozit\u00edv f\u00e9nyben bemutatni a sz\u00e9lesebb k\u00f6z\u00f6ns\u00e9gnek, term\u00e9szetesen tiszteletben tartva a szlov\u00e9n nemzetet \u00e9s azt a ter\u00fcletet, ahol \u00e9lnek \u00e9s dolgoznak. Az egyes\u00fclet egyik legfontosabb c\u00e9lkit\u0171z\u00e9se ugyanis a szerb \u00e9s a szlov\u00e9n n\u00e9p k\u00f6z\u00f6tti egy\u00fcttm\u0171k\u00f6d\u00e9s \u00e9s bar\u00e1ts\u00e1g meg\u0151rz\u00e9se.<\/p>\n<p>F\u0151 tev\u00e9kenys\u00e9g\u00fck a szerbiai \u00e9s bosznia-hercegovinai szerb folkl\u00f3rt\u00e1ncok \u00e9s hagyom\u00e1nyos dalok, \u00e9s f\u0151 c\u00e9ljuk a gazdag \u00f6r\u00f6ks\u00e9g meg\u0151rz\u00e9se \u00e9s a tud\u00e1s \u00e1tad\u00e1sa a fiatalabb gener\u00e1ci\u00f3knak. Az egyes\u00fcletnek m\u00e1r \u00e9vek \u00f3ta van folkl\u00f3rszakoszt\u00e1lya a veter\u00e1nok, a juniorok \u00e9s a legfiatalabbak sz\u00e1m\u00e1ra, sz\u00ednj\u00e1tsz\u00f3 szakoszt\u00e1lya, szaval\u00f3- \u00e9s irodalmi szakoszt\u00e1lya, valamint f\u00e9rfi \u00e9nekcsoportja. Az ut\u00f3bbi \u00e9vekben nagy h\u00edrn\u00e9vre tettek szert a hagyom\u00e1nyos n\u00e9pdal- \u00e9s n\u00e9pt\u00e1ncestjeikkel, amelyeket sz\u00fcl\u0151v\u00e1rosukban, Postojn\u00e1ban rendeznek.<\/p>\n<p>Emellett minden \u00e9vben sz\u00e1mos vend\u00e9gszerepl\u00e9st jegyeznek Szlov\u00e9ni\u00e1ban \u00e9s m\u00e1s orsz\u00e1gokban m\u0171k\u00f6d\u0151 rokon egyes\u00fcletekn\u00e9l. Minden turn\u00e9juk sor\u00e1n n\u00e9pszer\u0171s\u00edtik sz\u00fcl\u0151falujukat, Postojn\u00e1t, kiemelve annak sz\u00e9ps\u00e9g\u00e9t \u00e9s turisztikai l\u00e1tv\u00e1nyoss\u00e1gait.<\/p>\n<p><span style=\"font-size: 10pt;\">Forr\u00e1s: <a href=\"https:\/\/www.postojna.si\/objava\/276011\">https:\/\/www.postojna.si\/objava\/276011<\/a><\/span><\/p>\n<hr \/>\n<p><img loading=\"lazy\" decoding=\"async\" class=\"alignnone size-large wp-image-18601\" src=\"https:\/\/www1.kkl.si\/wp-content\/uploads\/2024\/08\/banner_Festival_vinarium_2024_hu.jpg\" alt=\"\" width=\"1500\" height=\"394\" srcset=\"https:\/\/www1.kkl.si\/wp-content\/uploads\/2024\/08\/banner_Festival_vinarium_2024_hu.jpg 1903w, https:\/\/www1.kkl.si\/wp-content\/uploads\/2024\/08\/banner_Festival_vinarium_2024_hu-400x105.jpg 400w, https:\/\/www1.kkl.si\/wp-content\/uploads\/2024\/08\/banner_Festival_vinarium_2024_hu-1500x394.jpg 1500w\" sizes=\"auto, (max-width: 1500px) 100vw, 1500px\" \/><\/p>\n<p><span style=\"font-size: 18pt;\"><strong>Etno estek a lendvai Vinarium Fesztiv\u00e1l 2024 keret\u00e9ben<br \/>\n<\/strong><\/span><\/p>\n<p><strong>2024. augusztus 25\u201329., 18.00 \u00f3r\u00e1t\u00f3l<\/strong><\/p>\n<p>Augusztus utols\u00f3 napjai k\u00fcl\u00f6nleges hangulatot var\u00e1zsolnak a ny\u00e1ri sz\u00ednpadra, hiszen minden est a k\u00f6zs\u00e9g egy-egy nemzetis\u00e9ge vagy kisebbs\u00e9ge jegy\u00e9ben telik. \u00c9lvezz\u00e9k a modern k\u00f6nt\u00f6sbe \u00f6lt\u00f6ztetett n\u00e9pi mel\u00f3di\u00e1kat, a hagyom\u00e1nyos zen\u00e9ket \u00e9s t\u00e1ncokat, \u00e9s \u00edzlelj\u00e9k meg a nemzetis\u00e9gi jelleg\u0171 \u00e9teleket!<\/p>\n<p><span style=\"font-size: 10pt;\">Az etno estek szervez\u0151je:\u00a0 <a href=\"http:\/\/ztr.si\/\">Turisztikai \u00e9s Fejleszt\u00e9si K\u00f6zint\u00e9zet<\/a> \u00e9s az egyes\u00fcletek<\/span><\/p>\n<hr \/>\n<p><i class=\"fas fa-link\"><\/i> <a href=\"https:\/\/lendava-lendva.si\/\">https:\/\/lendava-lendva.si\/<\/a><br \/>\n<i class=\"fas fa-link\"><\/i> <a href=\"https:\/\/lendava-lendva.si\/dogodki\/festivalvinarium\">https:\/\/lendava-lendva.si\/dogodki\/festivalvinarium<\/a><br \/>\n<i class=\"fas fa-link\"><\/i> <a href=\"https:\/\/www.lendava.si\/\">https:\/\/www.lendava.si\/<\/a><\/p>\n<hr \/>\n<p><span style=\"font-size: 10pt;\">Minden Vinarium Fesztiv\u00e1l 2024-es esem\u00e9ny ingyenes.<\/span><br \/>\n<span style=\"font-size: 10pt;\">A programv\u00e1ltoztat\u00e1s jog\u00e1t fenntartjuk.<\/span><\/p>\n","protected":false},"excerpt":{"rendered":"<p>2024. augusztus 25., vas\u00e1rnap, 18.00 \u00f3r\u00e1t\u00f3l | a Lendvai Sz\u00ednh\u00e1z- \u00e9s Hangversenyterem ny\u00e1ri sz\u00ednpad\u00e1n zene, gasztron\u00f3mia Az esem\u00e9nyen val\u00f3 r\u00e9szv\u00e9tel ingyenes. Rossz id\u0151 eset\u00e9n a rendezv\u00e9nyt a teremben ker\u00fcl megrendez\u00e9sre. Az etno estek szervez\u0151je:\u00a0 Turisztikai \u00e9s Fejleszt\u00e9si K\u00f6zint\u00e9zet A rendezv\u00e9ny szervez\u0151je: a Novi Sad Kultur\u00e1lis \u00e9s Turisztikai Egyes\u00fclet, a Petesh\u00e1zi Turisztikai \u00e9s K\u00f6rnyezetv\u00e9delmi Egyes\u00fclet Szerb\u2013\u00fajvid\u00e9ki [&hellip;]<\/p>\n","protected":false},"author":2,"featured_media":0,"parent":0,"menu_order":0,"comment_status":"closed","ping_status":"closed","template":"","meta":{"footnotes":""},"class_list":["post-18600","page","type-page","status-publish","hentry","post"],"_links":{"self":[{"href":"https:\/\/www1.kkl.si\/hu\/wp-json\/wp\/v2\/pages\/18600","targetHints":{"allow":["GET"]}}],"collection":[{"href":"https:\/\/www1.kkl.si\/hu\/wp-json\/wp\/v2\/pages"}],"about":[{"href":"https:\/\/www1.kkl.si\/hu\/wp-json\/wp\/v2\/types\/page"}],"author":[{"embeddable":true,"href":"https:\/\/www1.kkl.si\/hu\/wp-json\/wp\/v2\/users\/2"}],"replies":[{"embeddable":true,"href":"https:\/\/www1.kkl.si\/hu\/wp-json\/wp\/v2\/comments?post=18600"}],"version-history":[{"count":5,"href":"https:\/\/www1.kkl.si\/hu\/wp-json\/wp\/v2\/pages\/18600\/revisions"}],"predecessor-version":[{"id":18615,"href":"https:\/\/www1.kkl.si\/hu\/wp-json\/wp\/v2\/pages\/18600\/revisions\/18615"}],"wp:attachment":[{"href":"https:\/\/www1.kkl.si\/hu\/wp-json\/wp\/v2\/media?parent=18600"}],"curies":[{"name":"wp","href":"https:\/\/api.w.org\/{rel}","templated":true}]}}