{"id":18613,"date":"2024-08-16T14:32:32","date_gmt":"2024-08-16T12:32:32","guid":{"rendered":"https:\/\/www1.kkl.si\/?page_id=18613"},"modified":"2024-08-18T19:28:57","modified_gmt":"2024-08-18T17:28:57","slug":"vinarium-fesztival-2024-magyar-etno-est","status":"publish","type":"page","link":"https:\/\/www1.kkl.si\/hu\/vinarium-fesztival-2024-magyar-etno-est\/","title":{"rendered":"Vinarium Fesztiv\u00e1l 2024: Magyar etno est"},"content":{"rendered":"<div><img loading=\"lazy\" decoding=\"async\" class=\"alignnone size-large wp-image-18494\" src=\"https:\/\/www1.kkl.si\/wp-content\/uploads\/2024\/08\/madzarski_etno_vecer24-1500x844.jpg\" alt=\"\" width=\"1500\" height=\"844\" srcset=\"https:\/\/www1.kkl.si\/wp-content\/uploads\/2024\/08\/madzarski_etno_vecer24-1500x844.jpg 1500w, https:\/\/www1.kkl.si\/wp-content\/uploads\/2024\/08\/madzarski_etno_vecer24-400x225.jpg 400w, https:\/\/www1.kkl.si\/wp-content\/uploads\/2024\/08\/madzarski_etno_vecer24.jpg 2048w\" sizes=\"auto, (max-width: 1500px) 100vw, 1500px\" \/><\/div>\n<div class=\"opis\"><i class=\"fas fa-clock\"><\/i> <strong>2024. augusztus 27., kedd, <\/strong><strong>18.00 \u00f3r\u00e1t\u00f3l<\/strong> | a Lendvai Sz\u00ednh\u00e1z- \u00e9s Hangversenyterem ny\u00e1ri sz\u00ednpad\u00e1n<img loading=\"lazy\" decoding=\"async\" class=\"wp-image-1588 alignright\" title=\"Ingyenes rendezv\u00e9ny\" src=\"https:\/\/www1.kkl.si\/wp-content\/uploads\/\/2020\/07\/spored_simb_brezplacna-1.svg\" alt=\"brezplacna\" width=\"30\" height=\"30\" srcset=\"https:\/\/www1.kkl.si\/wp-content\/uploads\/\/2020\/07\/spored_simb_brezplacna-1.svg 150w, https:\/\/www1.kkl.si\/wp-content\/uploads\/\/2020\/07\/spored_simb_brezplacna-1.svg 400w, https:\/\/www1.kkl.si\/wp-content\/uploads\/\/2020\/07\/spored_simb_brezplacna-1.svg 1500w, https:\/\/www1.kkl.si\/wp-content\/uploads\/\/2020\/07\/spored_simb_brezplacna-1.svg 100w\" sizes=\"auto, (max-width: 30px) 100vw, 30px\" \/><br \/>\n<i class=\"fas fa-chevron-circle-right\"><\/i> <strong>zene, gasztron\u00f3mia, gyerekel\u0151ad\u00e1s \u00e9s k\u00e9zm\u0171ves foglalkoz\u00e1sok<\/strong> <br \/>\nAz esem\u00e9nyen val\u00f3 r\u00e9szv\u00e9tel ingyenes. Rossz id\u0151 eset\u00e9n a rendezv\u00e9nyt a teremben ker\u00fcl megrendez\u00e9sre.<br \/>\nAz etno estek szervez\u0151je:\u00a0 <a href=\"http:\/\/ztr.si\/\">Turisztikai \u00e9s Fejleszt\u00e9si K\u00f6zint\u00e9zet<\/a><br \/>\nA rendezv\u00e9ny szervez\u0151je: <a href=\"http:\/\/www.mnmi-zkmn.si\/\">MNMI \u2013 ZKMN<\/a>, <a href=\"https:\/\/www.facebook.com\/drustvo.vinogradnikov\/\">Csentei Sz\u0151l\u0151termel\u0151k Egyes\u00fclete<\/a><\/div>\n<p><span style=\"font-size: 18pt;\"><strong><a href=\"https:\/\/www1.kkl.si\/wp-content\/uploads\/2024\/08\/Magyar-Etno-Est-2024_net.jpg\" data-lbwps-width=\"565\" data-lbwps-height=\"800\" data-lbwps-srcsmall=\"https:\/\/www1.kkl.si\/wp-content\/uploads\/2024\/08\/Magyar-Etno-Est-2024_net-283x400.jpg\"><img loading=\"lazy\" decoding=\"async\" class=\"alignright size-medium wp-image-18592\" src=\"https:\/\/www1.kkl.si\/wp-content\/uploads\/2024\/08\/Magyar-Etno-Est-2024_net.jpg\" alt=\"\" width=\"283\" height=\"400\" srcset=\"https:\/\/www1.kkl.si\/wp-content\/uploads\/2024\/08\/Magyar-Etno-Est-2024_net.jpg 565w, https:\/\/www1.kkl.si\/wp-content\/uploads\/2024\/08\/Magyar-Etno-Est-2024_net-283x400.jpg 283w\" sizes=\"auto, (max-width: 283px) 100vw, 283px\" \/><\/a>Magyar etno est<\/strong><\/span><\/p>\n<p>A Vin\u00e1rium Fesztiv\u00e1l keretein bel\u00fcl megrendezett etno esteken a keddi napra ism\u00e9t Magyar Etno Estet szervez\u00fcnk. A program \u00f6ssze\u00e1ll\u00edt\u00e1s\u00e1n\u00e1l t\u00f6rekedt\u00fcnk arra, hogy minden koroszt\u00e1ly megtal\u00e1lja a neki val\u00f3t.<\/p>\n<p>Program:<\/p>\n<p><strong>18.30 \u00f3rakor:<\/strong> <strong>Mirk\u00f3 kir\u00e1lyfi<br \/>\n<\/strong>gyermekel\u0151ad\u00e1s a Magyar N\u00e9pmese Sz\u00ednh\u00e1z el\u0151ad\u00e1s\u00e1ban<\/p>\n<p><strong>19.30 \u00f3rakor<\/strong>: <strong>P\u00e1sztort\u00e1ncok, verbungok \u00e9s leg\u00e9nyesek a K\u00e1rp\u00e1t-medenc\u00e9b\u0151l<br \/>\n<\/strong>Fordulj Kispej Lovam T\u00e1ncegy\u00fcttes valamint Kal\u00e1sz M\u00e1t\u00e9 \u00e9s zenekara el\u0151ad\u00e1s\u00e1ban<\/p>\n<p><strong>21.00 \u00f3rakor:<\/strong> <strong>Kis-H\u00e9tr\u00e9t egy\u00fcttes zenei m\u0171sor<br \/>\n<\/strong>Kis-H\u00e9tr\u00e9t egy\u00fcttes, Dobronaki N\u00f3t\u00e1z\u00f3k \u00e9s Kolo\u0161a Tanja el\u0151ad\u00e1s\u00e1ban<\/p>\n<p>Az eg\u00e9sz m\u0171sor alatt gyermek \u00e9s feln\u0151tt k\u00e9zm\u0171ves foglalkoz\u00e1sok zajlanak.<\/p>\n<p>A magyaros \u00e9telr\u0151l \u00e9s italr\u00f3l a Csentei Sz\u0151l\u0151termel\u0151k Egyes\u00fclete gondoskodik.<\/p>\n<p><em>Legyenek a vend\u00e9geink!<\/em><\/p>\n<p><iframe loading=\"lazy\" title=\"Fordulj Kispej Lovam T\u00e1ncegy\u00fcttes: &quot;Sebaj van p\u00e9nz&quot;\" width=\"720\" height=\"405\" src=\"https:\/\/www.youtube.com\/embed\/B4_3bILDoEU?feature=oembed\" frameborder=\"0\" allow=\"accelerometer; autoplay; clipboard-write; encrypted-media; gyroscope; picture-in-picture; web-share\" referrerpolicy=\"strict-origin-when-cross-origin\" allowfullscreen><\/iframe><\/p>\n<p><iframe loading=\"lazy\" title=\"Kal\u00e1sz Banda - Magyarpalatkai n\u00e9pzene-II\" width=\"720\" height=\"405\" src=\"https:\/\/www.youtube.com\/embed\/RwhYmLbCqgs?feature=oembed\" frameborder=\"0\" allow=\"accelerometer; autoplay; clipboard-write; encrypted-media; gyroscope; picture-in-picture; web-share\" referrerpolicy=\"strict-origin-when-cross-origin\" allowfullscreen><\/iframe><\/p>\n<p><iframe loading=\"lazy\" title=\"Kis H\u00e9tr\u00e9t juni\u00e1lis\" width=\"720\" height=\"405\" src=\"https:\/\/www.youtube.com\/embed\/LmzXCf7Ap-Y?feature=oembed\" frameborder=\"0\" allow=\"accelerometer; autoplay; clipboard-write; encrypted-media; gyroscope; picture-in-picture; web-share\" referrerpolicy=\"strict-origin-when-cross-origin\" allowfullscreen><\/iframe><\/p>\n<p><iframe loading=\"lazy\" title=\"Kis-H\u00e9tr\u00e9t Egy\u00fcttes\" width=\"720\" height=\"405\" src=\"https:\/\/www.youtube.com\/embed\/Voyu0PdX-2A?feature=oembed\" frameborder=\"0\" allow=\"accelerometer; autoplay; clipboard-write; encrypted-media; gyroscope; picture-in-picture; web-share\" referrerpolicy=\"strict-origin-when-cross-origin\" allowfullscreen><\/iframe><\/p>\n<p><i class=\"fas fa-link\"><\/i> <a href=\"https:\/\/www.mnmi-zkmn.si\/event\/magyar-etno-est-2024\/\">Magyar etno est 2024<\/a><\/p>\n<hr \/>\n<p><img loading=\"lazy\" decoding=\"async\" class=\"alignnone size-large wp-image-18601\" src=\"https:\/\/www1.kkl.si\/wp-content\/uploads\/2024\/08\/banner_Festival_vinarium_2024_hu.jpg\" alt=\"\" width=\"1500\" height=\"394\" srcset=\"https:\/\/www1.kkl.si\/wp-content\/uploads\/2024\/08\/banner_Festival_vinarium_2024_hu.jpg 1903w, https:\/\/www1.kkl.si\/wp-content\/uploads\/2024\/08\/banner_Festival_vinarium_2024_hu-400x105.jpg 400w, https:\/\/www1.kkl.si\/wp-content\/uploads\/2024\/08\/banner_Festival_vinarium_2024_hu-1500x394.jpg 1500w\" sizes=\"auto, (max-width: 1500px) 100vw, 1500px\" \/><\/p>\n<p><strong><span style=\"font-size: 18pt;\">Etno estek a lendvai Vinarium Fesztiv\u00e1l 2024 keret\u00e9ben<\/span><br \/>\n<\/strong><\/p>\n<p><strong>2024. augusztus 25\u201329., 18.00 \u00f3r\u00e1t\u00f3l<\/strong><\/p>\n<p>Augusztus utols\u00f3 napjai k\u00fcl\u00f6nleges hangulatot var\u00e1zsolnak a ny\u00e1ri sz\u00ednpadra, hiszen minden est a k\u00f6zs\u00e9g egy-egy nemzetis\u00e9ge vagy kisebbs\u00e9ge jegy\u00e9ben telik. \u00c9lvezz\u00e9k a modern k\u00f6nt\u00f6sbe \u00f6lt\u00f6ztetett n\u00e9pi mel\u00f3di\u00e1kat, a hagyom\u00e1nyos zen\u00e9ket \u00e9s t\u00e1ncokat, \u00e9s \u00edzlelj\u00e9k meg a nemzetis\u00e9gi jelleg\u0171 \u00e9teleket!<\/p>\n<p><span style=\"font-size: 10pt;\">Az etno estek szervez\u0151je:\u00a0 <a href=\"http:\/\/ztr.si\/\">Turisztikai \u00e9s Fejleszt\u00e9si K\u00f6zint\u00e9zet<\/a> \u00e9s az egyes\u00fcletek<\/span><\/p>\n<hr \/>\n<p><i class=\"fas fa-link\"><\/i> <a href=\"https:\/\/lendava-lendva.si\/\">https:\/\/lendava-lendva.si\/<\/a><br \/>\n<i class=\"fas fa-link\"><\/i> <a href=\"https:\/\/lendava-lendva.si\/dogodki\/festivalvinarium\">https:\/\/lendava-lendva.si\/dogodki\/festivalvinarium<\/a><br \/>\n<i class=\"fas fa-link\"><\/i> <a href=\"https:\/\/www.lendava.si\/\">https:\/\/www.lendava.si\/<\/a><\/p>\n<hr \/>\n<p><span style=\"font-size: 10pt;\">Minden Vinarium Fesztiv\u00e1l 2024-es esem\u00e9ny ingyenes.<\/span><br \/>\n<span style=\"font-size: 10pt;\">A programv\u00e1ltoztat\u00e1s jog\u00e1t fenntartjuk.<\/span><\/p>\n","protected":false},"excerpt":{"rendered":"<p>2024. augusztus 27., kedd, 18.00 \u00f3r\u00e1t\u00f3l | a Lendvai Sz\u00ednh\u00e1z- \u00e9s Hangversenyterem ny\u00e1ri sz\u00ednpad\u00e1n zene, gasztron\u00f3mia, gyerekel\u0151ad\u00e1s \u00e9s k\u00e9zm\u0171ves foglalkoz\u00e1sok Az esem\u00e9nyen val\u00f3 r\u00e9szv\u00e9tel ingyenes. Rossz id\u0151 eset\u00e9n a rendezv\u00e9nyt a teremben ker\u00fcl megrendez\u00e9sre. Az etno estek szervez\u0151je:\u00a0 Turisztikai \u00e9s Fejleszt\u00e9si K\u00f6zint\u00e9zet A rendezv\u00e9ny szervez\u0151je: MNMI \u2013 ZKMN, Csentei Sz\u0151l\u0151termel\u0151k Egyes\u00fclete Magyar etno est A [&hellip;]<\/p>\n","protected":false},"author":2,"featured_media":18592,"parent":0,"menu_order":0,"comment_status":"closed","ping_status":"closed","template":"","meta":{"footnotes":""},"class_list":["post-18613","page","type-page","status-publish","has-post-thumbnail","hentry","post","post-with-thumbnail","post-with-thumbnail-icon"],"_links":{"self":[{"href":"https:\/\/www1.kkl.si\/hu\/wp-json\/wp\/v2\/pages\/18613","targetHints":{"allow":["GET"]}}],"collection":[{"href":"https:\/\/www1.kkl.si\/hu\/wp-json\/wp\/v2\/pages"}],"about":[{"href":"https:\/\/www1.kkl.si\/hu\/wp-json\/wp\/v2\/types\/page"}],"author":[{"embeddable":true,"href":"https:\/\/www1.kkl.si\/hu\/wp-json\/wp\/v2\/users\/2"}],"replies":[{"embeddable":true,"href":"https:\/\/www1.kkl.si\/hu\/wp-json\/wp\/v2\/comments?post=18613"}],"version-history":[{"count":5,"href":"https:\/\/www1.kkl.si\/hu\/wp-json\/wp\/v2\/pages\/18613\/revisions"}],"predecessor-version":[{"id":18621,"href":"https:\/\/www1.kkl.si\/hu\/wp-json\/wp\/v2\/pages\/18613\/revisions\/18621"}],"wp:featuredmedia":[{"embeddable":true,"href":"https:\/\/www1.kkl.si\/hu\/wp-json\/wp\/v2\/media\/18592"}],"wp:attachment":[{"href":"https:\/\/www1.kkl.si\/hu\/wp-json\/wp\/v2\/media?parent=18613"}],"curies":[{"name":"wp","href":"https:\/\/api.w.org\/{rel}","templated":true}]}}