{"id":18630,"date":"2024-08-17T10:26:23","date_gmt":"2024-08-17T08:26:23","guid":{"rendered":"https:\/\/www1.kkl.si\/?page_id=18630"},"modified":"2024-08-19T17:32:00","modified_gmt":"2024-08-19T15:32:00","slug":"vinarium-fesztival-2024-roma-etno-est","status":"publish","type":"page","link":"https:\/\/www1.kkl.si\/hu\/vinarium-fesztival-2024-roma-etno-est\/","title":{"rendered":"Vinarium Fesztiv\u00e1l 2024: Roma etno est"},"content":{"rendered":"<div><a href=\"https:\/\/www1.kkl.si\/wp-content\/uploads\/2024\/08\/Romski_etno_vecer_2024.jpg\" data-lbwps-width=\"1920\" data-lbwps-height=\"1080\" data-lbwps-srcsmall=\"https:\/\/www1.kkl.si\/wp-content\/uploads\/2024\/08\/Romski_etno_vecer_2024-400x225.jpg\"><img loading=\"lazy\" decoding=\"async\" class=\"alignnone size-large wp-image-18637\" src=\"https:\/\/www1.kkl.si\/wp-content\/uploads\/2024\/08\/Romski_etno_vecer_2024-1500x844.jpg\" alt=\"\" width=\"1500\" height=\"844\" srcset=\"https:\/\/www1.kkl.si\/wp-content\/uploads\/2024\/08\/Romski_etno_vecer_2024-1500x844.jpg 1500w, https:\/\/www1.kkl.si\/wp-content\/uploads\/2024\/08\/Romski_etno_vecer_2024-400x225.jpg 400w, https:\/\/www1.kkl.si\/wp-content\/uploads\/2024\/08\/Romski_etno_vecer_2024.jpg 1920w\" sizes=\"auto, (max-width: 1500px) 100vw, 1500px\" \/><\/a><\/div>\n<div class=\"opis\"><i class=\"fas fa-clock\"><\/i> <strong>2024. augusztus 29. cs\u00fct\u00f6rt\u00f6k, <\/strong><strong>18.00 \u00f3r\u00e1t\u00f3l<\/strong> | a Lendvai Sz\u00ednh\u00e1z- \u00e9s Hangversenyterem ny\u00e1ri sz\u00ednpad\u00e1n<img loading=\"lazy\" decoding=\"async\" class=\"wp-image-1588 alignright\" title=\"Ingyenes rendezv\u00e9ny\" src=\"https:\/\/www1.kkl.si\/wp-content\/uploads\/\/2020\/07\/spored_simb_brezplacna-1.svg\" alt=\"brezplacna\" width=\"30\" height=\"30\" srcset=\"https:\/\/www1.kkl.si\/wp-content\/uploads\/\/2020\/07\/spored_simb_brezplacna-1.svg 150w, https:\/\/www1.kkl.si\/wp-content\/uploads\/\/2020\/07\/spored_simb_brezplacna-1.svg 400w, https:\/\/www1.kkl.si\/wp-content\/uploads\/\/2020\/07\/spored_simb_brezplacna-1.svg 1500w, https:\/\/www1.kkl.si\/wp-content\/uploads\/\/2020\/07\/spored_simb_brezplacna-1.svg 100w\" sizes=\"auto, (max-width: 30px) 100vw, 30px\" \/><br \/>\n<i class=\"fas fa-chevron-circle-right\"><\/i> <strong>zene, gasztron\u00f3mia<\/strong> <br \/>\nAz esem\u00e9nyen val\u00f3 r\u00e9szv\u00e9tel ingyenes. Rossz id\u0151 eset\u00e9n a rendezv\u00e9nyt a teremben ker\u00fcl megrendez\u00e9sre.<br \/>\nAz etno estek szervez\u0151je:\u00a0 <a href=\"http:\/\/ztr.si\/\">Turisztikai \u00e9s Fejleszt\u00e9si K\u00f6zint\u00e9zet<\/a><br \/>\nA rendezv\u00e9ny szervez\u0151je: Romnji Roma M\u0171vel\u0151d\u00e9si Egyes\u00fclet<\/div>\n<p><span style=\"font-size: 18pt;\"><strong>Roma etno est<\/strong><\/span><\/p>\n<ul>\n<li>Koncert: Romano Glauso<\/li>\n<li>J\u00f3sl\u00e1s<\/li>\n<\/ul>\n<p><strong>Gasztron\u00f3miai k\u00edn\u00e1lat: cig\u00e1ny bogr\u00e1cs \u00e9s l\u00e1ngos<\/strong><\/p>\n<p><em>Sok szeretettel v\u00e1runk minden \u00e9rdekl\u0151d\u0151t.<br \/>\n<\/em><\/p>\n<hr \/>\n<p><span style=\"font-size: 18pt;\">J\u00f6jj\u00f6n el a felejthetetlen Roma etno estre!\u00a0<\/span><\/p>\n<p>A Romnji Roma Kultur\u00e1lis Egyes\u00fclet szeretettel v\u00e1r mindenkit a Roma etno estre, amely 2024. augusztus 29-\u00e9n, 18.00 \u00f3rakor ker\u00fcl megrendez\u00e9sre.\u00a0\u00a0Egyedi zenei \u00e9lm\u00e9ny v\u00e1rja mindenkit a Romano Glauso egy\u00fcttes koncertj\u00e9n, akik elkalauzolnak benn\u00fcnket a roma zene vil\u00e1g\u00e1ba.\u00a0<\/p>\n<p>A koncert mellett a j\u00f6v\u0151j\u00fcket is megismerhetik, hiszen cig\u00e1nyk\u00e1rt\u00e1b\u00f3l j\u00f3solnak majd.\u00a0<\/p>\n<p>A gasztron\u00f3miai \u00e9lm\u00e9nyekr\u0151l is gondoskodunk! Hogy az este t\u00f6k\u00e9letes legyen, cig\u00e1nybogr\u00e1ccsal \u00e9s l\u00e1ngossal k\u00e9sz\u00fcl\u00fcnk.\u00a0<\/p>\n<p>Ne hagyja ki ezt az egyed\u00fcl\u00e1ll\u00f3 lehet\u0151s\u00e9get a k\u00f6z\u00f6s \u00fcnnepl\u00e9sre, zen\u00e9re \u00e9s finom \u00e9telekre! J\u00f6jj\u00f6n \u00e9s \u00fcnnepeljen vel\u00fcnk!\u00a0<\/p>\n<p><i class=\"fas fa-calendar-alt\"><\/i> \u00a0D\u00e1tum: <strong>2024. augusztus 29.<\/strong><br \/>\n<i class=\"fas fa-clock\"><\/i>\u00a0Id\u0151pont: <strong>18.00<\/strong><br \/>\n<i class=\"fas fa-map-marker-alt\"><\/i>\u00a0<strong>Helysz\u00edn: a lendvai sz\u00ednh\u00e1z- \u00e9s hangversenyterem ny\u00e1ri sz\u00ednpadja<\/strong><\/p>\n<p><em>A bel\u00e9p\u00e9s d\u00edjtalan!<\/em><\/p>\n<p><iframe loading=\"lazy\" title=\"ROMANO GLAUSO IN SA\u0160A DEBELJAK -  HEGEDUVA\" width=\"720\" height=\"405\" src=\"https:\/\/www.youtube.com\/embed\/3ZVz6wYF8_Q?feature=oembed\" frameborder=\"0\" allow=\"accelerometer; autoplay; clipboard-write; encrypted-media; gyroscope; picture-in-picture; web-share\" referrerpolicy=\"strict-origin-when-cross-origin\" allowfullscreen><\/iframe><\/p>\n<p><iframe loading=\"lazy\" title=\"Romano Glauso in Sa\u0161a Debeljak  -  Shoha\" width=\"720\" height=\"405\" src=\"https:\/\/www.youtube.com\/embed\/Oy5_QmgFxCw?feature=oembed\" frameborder=\"0\" allow=\"accelerometer; autoplay; clipboard-write; encrypted-media; gyroscope; picture-in-picture; web-share\" referrerpolicy=\"strict-origin-when-cross-origin\" allowfullscreen><\/iframe><\/p>\n<p><i class=\"fas fa-play-circle\"><\/i> <a href=\"https:\/\/www.youtube.com\/@romanoglauso3210\">https:\/\/www.youtube.com\/@romanoglauso3210<\/a><\/p>\n<hr \/>\n<p><img loading=\"lazy\" decoding=\"async\" class=\"alignnone size-large wp-image-18601\" src=\"https:\/\/www1.kkl.si\/wp-content\/uploads\/2024\/08\/banner_Festival_vinarium_2024_hu.jpg\" alt=\"\" width=\"1500\" height=\"394\" srcset=\"https:\/\/www1.kkl.si\/wp-content\/uploads\/2024\/08\/banner_Festival_vinarium_2024_hu.jpg 1903w, https:\/\/www1.kkl.si\/wp-content\/uploads\/2024\/08\/banner_Festival_vinarium_2024_hu-400x105.jpg 400w, https:\/\/www1.kkl.si\/wp-content\/uploads\/2024\/08\/banner_Festival_vinarium_2024_hu-1500x394.jpg 1500w\" sizes=\"auto, (max-width: 1500px) 100vw, 1500px\" \/><\/p>\n<p><strong><span style=\"font-size: 18pt;\">Etno estek a lendvai Vinarium Fesztiv\u00e1l 2024 keret\u00e9ben<\/span><br \/>\n<\/strong><\/p>\n<p><strong>2024. augusztus 25\u201329., 18.00 \u00f3r\u00e1t\u00f3l<\/strong><\/p>\n<p>Augusztus utols\u00f3 napjai k\u00fcl\u00f6nleges hangulatot var\u00e1zsolnak a ny\u00e1ri sz\u00ednpadra, hiszen minden est a k\u00f6zs\u00e9g egy-egy nemzetis\u00e9ge vagy kisebbs\u00e9ge jegy\u00e9ben telik. \u00c9lvezz\u00e9k a modern k\u00f6nt\u00f6sbe \u00f6lt\u00f6ztetett n\u00e9pi mel\u00f3di\u00e1kat, a hagyom\u00e1nyos zen\u00e9ket \u00e9s t\u00e1ncokat, \u00e9s \u00edzlelj\u00e9k meg a nemzetis\u00e9gi jelleg\u0171 \u00e9teleket!<\/p>\n<p><span style=\"font-size: 10pt;\">Az etno estek szervez\u0151je:\u00a0 <a href=\"http:\/\/ztr.si\/\">Turisztikai \u00e9s Fejleszt\u00e9si K\u00f6zint\u00e9zet<\/a> \u00e9s az egyes\u00fcletek<\/span><\/p>\n<hr \/>\n<p><i class=\"fas fa-link\"><\/i> <a href=\"https:\/\/lendava-lendva.si\/\">https:\/\/lendava-lendva.si\/<\/a><br \/>\n<i class=\"fas fa-link\"><\/i> <a href=\"https:\/\/lendava-lendva.si\/dogodki\/festivalvinarium\">https:\/\/lendava-lendva.si\/dogodki\/festivalvinarium<\/a><br \/>\n<i class=\"fas fa-link\"><\/i> <a href=\"https:\/\/www.lendava.si\/\">https:\/\/www.lendava.si\/<\/a><\/p>\n<hr \/>\n<p><span style=\"font-size: 10pt;\">Minden Vinarium Fesztiv\u00e1l 2024-es esem\u00e9ny ingyenes.<\/span><br \/>\n<span style=\"font-size: 10pt;\">A programv\u00e1ltoztat\u00e1s jog\u00e1t fenntartjuk.<\/span><\/p>\n","protected":false},"excerpt":{"rendered":"<p>2024. augusztus 29. cs\u00fct\u00f6rt\u00f6k, 18.00 \u00f3r\u00e1t\u00f3l | a Lendvai Sz\u00ednh\u00e1z- \u00e9s Hangversenyterem ny\u00e1ri sz\u00ednpad\u00e1n zene, gasztron\u00f3mia Az esem\u00e9nyen val\u00f3 r\u00e9szv\u00e9tel ingyenes. Rossz id\u0151 eset\u00e9n a rendezv\u00e9nyt a teremben ker\u00fcl megrendez\u00e9sre. Az etno estek szervez\u0151je:\u00a0 Turisztikai \u00e9s Fejleszt\u00e9si K\u00f6zint\u00e9zet A rendezv\u00e9ny szervez\u0151je: Romnji Roma M\u0171vel\u0151d\u00e9si Egyes\u00fclet Roma etno est Koncert: Romano Glauso J\u00f3sl\u00e1s Gasztron\u00f3miai k\u00edn\u00e1lat: cig\u00e1ny [&hellip;]<\/p>\n","protected":false},"author":2,"featured_media":0,"parent":0,"menu_order":0,"comment_status":"closed","ping_status":"closed","template":"","meta":{"footnotes":""},"class_list":["post-18630","page","type-page","status-publish","hentry","post"],"_links":{"self":[{"href":"https:\/\/www1.kkl.si\/hu\/wp-json\/wp\/v2\/pages\/18630","targetHints":{"allow":["GET"]}}],"collection":[{"href":"https:\/\/www1.kkl.si\/hu\/wp-json\/wp\/v2\/pages"}],"about":[{"href":"https:\/\/www1.kkl.si\/hu\/wp-json\/wp\/v2\/types\/page"}],"author":[{"embeddable":true,"href":"https:\/\/www1.kkl.si\/hu\/wp-json\/wp\/v2\/users\/2"}],"replies":[{"embeddable":true,"href":"https:\/\/www1.kkl.si\/hu\/wp-json\/wp\/v2\/comments?post=18630"}],"version-history":[{"count":6,"href":"https:\/\/www1.kkl.si\/hu\/wp-json\/wp\/v2\/pages\/18630\/revisions"}],"predecessor-version":[{"id":18649,"href":"https:\/\/www1.kkl.si\/hu\/wp-json\/wp\/v2\/pages\/18630\/revisions\/18649"}],"wp:attachment":[{"href":"https:\/\/www1.kkl.si\/hu\/wp-json\/wp\/v2\/media?parent=18630"}],"curies":[{"name":"wp","href":"https:\/\/api.w.org\/{rel}","templated":true}]}}