{"id":19511,"date":"2024-10-21T12:23:18","date_gmt":"2024-10-21T10:23:18","guid":{"rendered":"https:\/\/www1.kkl.si\/?page_id=19511"},"modified":"2024-10-21T13:14:56","modified_gmt":"2024-10-21T11:14:56","slug":"jozsef-attila-szinhaz-kaland","status":"publish","type":"page","link":"https:\/\/www1.kkl.si\/hu\/jozsef-attila-szinhaz-kaland\/","title":{"rendered":"J\u00f3zsef Attila Sz\u00ednh\u00e1z: Kaland"},"content":{"rendered":"<div class=\"opis\"><i class=\"fas fa-clock\"><\/i> <strong>2024. november 12., kedd 19 \u00f3ra<\/strong> | a lendvai Sz\u00ednh\u00e1z- \u00e9s hangversenyteremben<img loading=\"lazy\" decoding=\"async\" class=\"wp-image-1592 alignright\" title=\"Fizet\u0151s rendezv\u00e9ny\" src=\"https:\/\/www1.kkl.si\/wp-content\/uploads\/\/2020\/07\/spored_simb_placljiva-1.svg\" alt=\"placljiva\" width=\"30\" height=\"30\" srcset=\"https:\/\/www1.kkl.si\/wp-content\/uploads\/\/2020\/07\/spored_simb_placljiva-1.svg 150w, https:\/\/www1.kkl.si\/wp-content\/uploads\/\/2020\/07\/spored_simb_placljiva-1.svg 400w, https:\/\/www1.kkl.si\/wp-content\/uploads\/\/2020\/07\/spored_simb_placljiva-1.svg 1500w, https:\/\/www1.kkl.si\/wp-content\/uploads\/\/2020\/07\/spored_simb_placljiva-1.svg 100w\" sizes=\"auto, (max-width: 30px) 100vw, 30px\" \/><img loading=\"lazy\" decoding=\"async\" class=\"wp-image-1584 alignright\" title=\"Magyar b\u00e9rlet\" src=\"https:\/\/www1.kkl.si\/wp-content\/uploads\/\/2020\/07\/spored_simb_abonma_hu-1.svg\" alt=\"abonma_hu\" width=\"30\" height=\"30\" srcset=\"https:\/\/www1.kkl.si\/wp-content\/uploads\/\/2020\/07\/spored_simb_abonma_hu-1.svg 150w, https:\/\/www1.kkl.si\/wp-content\/uploads\/\/2020\/07\/spored_simb_abonma_hu-1.svg 400w, https:\/\/www1.kkl.si\/wp-content\/uploads\/\/2020\/07\/spored_simb_abonma_hu-1.svg 1500w, https:\/\/www1.kkl.si\/wp-content\/uploads\/\/2020\/07\/spored_simb_abonma_hu-1.svg 100w\" sizes=\"auto, (max-width: 30px) 100vw, 30px\" \/><br \/>\n<i class=\"fas fa-chevron-circle-right\"><\/i>\u00a0 <strong>romantikus dr\u00e1ma<\/strong> <br \/>\n<i class=\"fas fa-ticket-alt\"><\/i> Bel\u00e9p\u0151: <strong>20 \u20ac<\/strong>, di\u00e1koknak \u00e9s nyugd\u00edjasoknak <strong>16 \u20ac<\/strong>. <br \/>\nJegyek Lendv\u00e1n a sz\u00ednh\u00e1zban okt\u00f3ber 21-t\u0151l kaphat\u00f3k (p\u00e9nzt\u00e1r: <i class=\"fas fa-phone-alt\"><\/i> +386 (0)2 577 60 24)<br \/>\nSzervez\u0151: <a href=\"https:\/\/www.mnmi-zkmn.si\/\">MNMI Lendva \u2013 ZKMN Lendava<\/a><\/div>\n<p>J\u00d3ZSEF ATTILA | M\u00e1rai S\u00e1ndor<br \/>\n<strong>Kaland<\/strong><br \/>\n<em>romantikus dr\u00e1ma<\/em><\/p>\n<p><iframe loading=\"lazy\" title=\"Kaland el\u0151zetes - Ga\u00e1l Erzs\u00e9bet St\u00fadi\u00f3\" width=\"720\" height=\"405\" src=\"https:\/\/www.youtube.com\/embed\/0sg1I_jtN50?feature=oembed\" frameborder=\"0\" allow=\"accelerometer; autoplay; clipboard-write; encrypted-media; gyroscope; picture-in-picture; web-share\" referrerpolicy=\"strict-origin-when-cross-origin\" allowfullscreen><\/iframe><\/p>\n<p>Dr. K\u00e1d\u00e1r P\u00e9ter professzor minden tekintetben sikeres. Karrierje sz\u00e1rnyal, fiatal feles\u00e9ge, Anna pedig irigyl\u00e9sre m\u00e9lt\u00f3an gy\u00f6ny\u00f6r\u0171. \u00c1m t\u00f6k\u00e9letes \u00e9lete \u00e9pp azon a napon hullik darabjaira, amikor kinevezik az egyik legnevesebb klinika vezet\u0151j\u00e9v\u00e9.<\/p>\n<p>M\u00e1rai katartikus dr\u00e1m\u00e1ja szenved\u00e9lyes szerelmi \u00e9s karriert\u00f6rt\u00e9net, mely egyben \u00e9lethazugs\u00e1gokkal kik\u00f6vezett boldogs\u00e1gkeres\u00e9sek sora.<\/p>\n<p><strong>Szerepl\u0151k<\/strong><\/p>\n<p>K\u00e1d\u00e1r P\u00e9ter, orvostan\u00e1r &#8211; Quintus Konr\u00e1d<br \/>\nAnna, K\u00e1d\u00e1r P\u00e9ter feles\u00e9ge &#8211; Kovalik \u00c1gnes<br \/>\nDr. P\u00e1los Eszter, orvosn\u0151 &#8211; Pikali Gerda<br \/>\nDr. Zolt\u00e1n, tan\u00e1rseg\u00e9d &#8211; L\u00e1bodi \u00c1d\u00e1m<br \/>\nDr. Szekeres, orvos &#8211; \u00dajv\u00e1ri Zolt\u00e1n<br \/>\n\u00dajs\u00e1g\u00edr\u00f3 &#8211; Z\u00f6ld Csaba<br \/>\nAsszisztens &#8211; Moln\u00e1r Zsuzsanna<\/p>\n\n\t\t<style type=\"text\/css\">\n\t\t\t#gallery-1 {\n\t\t\t\tmargin: auto;\n\t\t\t}\n\t\t\t#gallery-1 .gallery-item {\n\t\t\t\tfloat: left;\n\t\t\t\tmargin-top: 10px;\n\t\t\t\ttext-align: center;\n\t\t\t\twidth: 16%;\n\t\t\t}\n\t\t\t#gallery-1 img {\n\t\t\t\tborder: 2px solid #cfcfcf;\n\t\t\t}\n\t\t\t#gallery-1 .gallery-caption {\n\t\t\t\tmargin-left: 0;\n\t\t\t}\n\t\t\t\/* see gallery_shortcode() in wp-includes\/media.php *\/\n\t\t<\/style>\n\t\t<div id='gallery-1' class='gallery galleryid-19511 gallery-columns-6 gallery-size-thumbnail'><dl class='gallery-item'>\n\t\t\t<dt class='gallery-icon landscape'>\n\t\t\t\t<a href='https:\/\/www1.kkl.si\/wp-content\/uploads\/2024\/08\/Kaland01.jpg'><img loading=\"lazy\" decoding=\"async\" width=\"150\" height=\"150\" src=\"https:\/\/www1.kkl.si\/wp-content\/uploads\/2024\/08\/Kaland01-150x150.jpg\" class=\"attachment-thumbnail size-thumbnail\" alt=\"\" \/><\/a>\n\t\t\t<\/dt><\/dl><dl class='gallery-item'>\n\t\t\t<dt class='gallery-icon portrait'>\n\t\t\t\t<a href='https:\/\/www1.kkl.si\/wp-content\/uploads\/2024\/08\/Kaland02.jpg'><img loading=\"lazy\" decoding=\"async\" width=\"150\" height=\"150\" src=\"https:\/\/www1.kkl.si\/wp-content\/uploads\/2024\/08\/Kaland02-150x150.jpg\" class=\"attachment-thumbnail size-thumbnail\" alt=\"\" \/><\/a>\n\t\t\t<\/dt><\/dl><dl class='gallery-item'>\n\t\t\t<dt class='gallery-icon portrait'>\n\t\t\t\t<a href='https:\/\/www1.kkl.si\/wp-content\/uploads\/2024\/08\/Kaland03.jpg'><img loading=\"lazy\" decoding=\"async\" width=\"150\" height=\"150\" src=\"https:\/\/www1.kkl.si\/wp-content\/uploads\/2024\/08\/Kaland03-150x150.jpg\" class=\"attachment-thumbnail size-thumbnail\" alt=\"\" \/><\/a>\n\t\t\t<\/dt><\/dl><dl class='gallery-item'>\n\t\t\t<dt class='gallery-icon landscape'>\n\t\t\t\t<a href='https:\/\/www1.kkl.si\/wp-content\/uploads\/2024\/08\/Kaland04.jpg'><img loading=\"lazy\" decoding=\"async\" width=\"150\" height=\"150\" src=\"https:\/\/www1.kkl.si\/wp-content\/uploads\/2024\/08\/Kaland04-150x150.jpg\" class=\"attachment-thumbnail size-thumbnail\" alt=\"\" \/><\/a>\n\t\t\t<\/dt><\/dl><dl class='gallery-item'>\n\t\t\t<dt class='gallery-icon landscape'>\n\t\t\t\t<a href='https:\/\/www1.kkl.si\/wp-content\/uploads\/2024\/08\/Kaland05.jpg'><img loading=\"lazy\" decoding=\"async\" width=\"150\" height=\"150\" src=\"https:\/\/www1.kkl.si\/wp-content\/uploads\/2024\/08\/Kaland05-150x150.jpg\" class=\"attachment-thumbnail size-thumbnail\" alt=\"\" \/><\/a>\n\t\t\t<\/dt><\/dl><dl class='gallery-item'>\n\t\t\t<dt class='gallery-icon landscape'>\n\t\t\t\t<a href='https:\/\/www1.kkl.si\/wp-content\/uploads\/2024\/08\/Kaland06.jpg'><img loading=\"lazy\" decoding=\"async\" width=\"150\" height=\"150\" src=\"https:\/\/www1.kkl.si\/wp-content\/uploads\/2024\/08\/Kaland06-150x150.jpg\" class=\"attachment-thumbnail size-thumbnail\" alt=\"\" \/><\/a>\n\t\t\t<\/dt><\/dl><br style=\"clear: both\" \/><dl class='gallery-item'>\n\t\t\t<dt class='gallery-icon landscape'>\n\t\t\t\t<a href='https:\/\/www1.kkl.si\/wp-content\/uploads\/2024\/08\/Kaland07.jpg'><img loading=\"lazy\" decoding=\"async\" width=\"150\" height=\"150\" src=\"https:\/\/www1.kkl.si\/wp-content\/uploads\/2024\/08\/Kaland07-150x150.jpg\" class=\"attachment-thumbnail size-thumbnail\" alt=\"\" \/><\/a>\n\t\t\t<\/dt><\/dl><dl class='gallery-item'>\n\t\t\t<dt class='gallery-icon portrait'>\n\t\t\t\t<a href='https:\/\/www1.kkl.si\/wp-content\/uploads\/2024\/08\/Kaland08.jpg'><img loading=\"lazy\" decoding=\"async\" width=\"150\" height=\"150\" src=\"https:\/\/www1.kkl.si\/wp-content\/uploads\/2024\/08\/Kaland08-150x150.jpg\" class=\"attachment-thumbnail size-thumbnail\" alt=\"\" \/><\/a>\n\t\t\t<\/dt><\/dl><dl class='gallery-item'>\n\t\t\t<dt class='gallery-icon landscape'>\n\t\t\t\t<a href='https:\/\/www1.kkl.si\/wp-content\/uploads\/2024\/08\/Kaland09.jpg'><img loading=\"lazy\" decoding=\"async\" width=\"150\" height=\"150\" src=\"https:\/\/www1.kkl.si\/wp-content\/uploads\/2024\/08\/Kaland09-150x150.jpg\" class=\"attachment-thumbnail size-thumbnail\" alt=\"\" \/><\/a>\n\t\t\t<\/dt><\/dl><dl class='gallery-item'>\n\t\t\t<dt class='gallery-icon landscape'>\n\t\t\t\t<a href='https:\/\/www1.kkl.si\/wp-content\/uploads\/2024\/08\/Kaland10.jpg'><img loading=\"lazy\" decoding=\"async\" width=\"150\" height=\"150\" src=\"https:\/\/www1.kkl.si\/wp-content\/uploads\/2024\/08\/Kaland10-150x150.jpg\" class=\"attachment-thumbnail size-thumbnail\" alt=\"\" \/><\/a>\n\t\t\t<\/dt><\/dl><dl class='gallery-item'>\n\t\t\t<dt class='gallery-icon landscape'>\n\t\t\t\t<a href='https:\/\/www1.kkl.si\/wp-content\/uploads\/2024\/08\/Kaland11.jpg'><img loading=\"lazy\" decoding=\"async\" width=\"150\" height=\"150\" src=\"https:\/\/www1.kkl.si\/wp-content\/uploads\/2024\/08\/Kaland11-150x150.jpg\" class=\"attachment-thumbnail size-thumbnail\" alt=\"\" \/><\/a>\n\t\t\t<\/dt><\/dl>\n\t\t\t<br style='clear: both' \/>\n\t\t<\/div>\n\n<p><strong><a href=\"https:\/\/www1.kkl.si\/wp-content\/uploads\/2024\/10\/jaskal_EL.jpg\" data-lbwps-width=\"1240\" data-lbwps-height=\"1754\" data-lbwps-srcsmall=\"https:\/\/www1.kkl.si\/wp-content\/uploads\/2024\/10\/jaskal_EL-283x400.jpg\"><img loading=\"lazy\" decoding=\"async\" class=\"alignright size-medium wp-image-19492\" src=\"https:\/\/www1.kkl.si\/wp-content\/uploads\/2024\/10\/jaskal_EL-283x400.jpg\" alt=\"\" width=\"283\" height=\"400\" srcset=\"https:\/\/www1.kkl.si\/wp-content\/uploads\/2024\/10\/jaskal_EL-283x400.jpg 283w, https:\/\/www1.kkl.si\/wp-content\/uploads\/2024\/10\/jaskal_EL-1060x1500.jpg 1060w, https:\/\/www1.kkl.si\/wp-content\/uploads\/2024\/10\/jaskal_EL.jpg 1240w\" sizes=\"auto, (max-width: 283px) 100vw, 283px\" \/><\/a>Alkot\u00f3k<\/strong><\/p>\n<p>D\u00edszlettervez\u0151 &#8211; Derd\u00e1k Roland<br \/>\nSzcenikus- Derd\u00e1k Roland<br \/>\nJelmeztervez\u0151 &#8211; Boz\u00f3ki Mara<br \/>\nDramaturg &#8211; Szokolai Brigitta<br \/>\nVide\u00f3tervez\u0151 &#8211; Maruscs\u00e1k D\u00e1vid<br \/>\nS\u00fag\u00f3 &#8211; \u00c9rsek \u00c1d\u00e1m<br \/>\n\u00dcgyel\u0151 &#8211; Stef\u00e1n G\u00e1bor<br \/>\nRendez\u0151asszisztens &#8211; Czip\u00f3 Gabriella<br \/>\nRendez\u0151 &#8211; Kiss Csaba<\/p>\n<p><em> Az el\u0151ad\u00e1s hossza: 1 \u00f3ra 40 perc (sz\u00fcnet n\u00e9lk\u00fcl)<\/em><\/p>\n<p><i class=\"fas fa-link\"><\/i> <a href=\"https:\/\/jozsefattilaszinhaz.hu\/eloadas\/kaland\/\">J\u00f3zsef Attila Sz\u00ednh\u00e1z<\/a><\/p>\n<p>&nbsp;<\/p>\n<hr \/>\n<p>Mad\u017earski gledali\u0161ki abonma 2024\/25 | Magyar sz\u00ednh\u00e1zi b\u00e9rlet 2024\/25<\/p>\n<p><a href=\"https:\/\/www1.kkl.si\/hu\/magyar-szinhazi-berlet-2024-25\/\" data-lbwps-width=\"1240\" data-lbwps-height=\"387\" data-lbwps-srcsmall=\"https:\/\/www1.kkl.si\/wp-content\/uploads\/2024\/08\/magyar_berlet24_fej-400x125.png\"><img loading=\"lazy\" decoding=\"async\" class=\"alignnone wp-image-18698 size-full\" src=\"https:\/\/www1.kkl.si\/wp-content\/uploads\/2024\/08\/magyar_berlet24_fej.png\" sizes=\"auto, (max-width: 1240px) 100vw, 1240px\" srcset=\"https:\/\/www1.kkl.si\/wp-content\/uploads\/2024\/08\/magyar_berlet24_fej.png 1240w, https:\/\/www1.kkl.si\/wp-content\/uploads\/2024\/08\/magyar_berlet24_fej-400x125.png 400w\" alt=\"\" width=\"1240\" height=\"387\" \/><\/a><\/p>\n","protected":false},"excerpt":{"rendered":"<p>2024. november 12., kedd 19 \u00f3ra | a lendvai Sz\u00ednh\u00e1z- \u00e9s hangversenyteremben \u00a0 romantikus dr\u00e1ma Bel\u00e9p\u0151: 20 \u20ac, di\u00e1koknak \u00e9s nyugd\u00edjasoknak 16 \u20ac. Jegyek Lendv\u00e1n a sz\u00ednh\u00e1zban okt\u00f3ber 21-t\u0151l kaphat\u00f3k (p\u00e9nzt\u00e1r: +386 (0)2 577 60 24) Szervez\u0151: MNMI Lendva \u2013 ZKMN Lendava J\u00d3ZSEF ATTILA | M\u00e1rai S\u00e1ndor Kaland romantikus dr\u00e1ma Dr. K\u00e1d\u00e1r P\u00e9ter professzor minden [&hellip;]<\/p>\n","protected":false},"author":2,"featured_media":19494,"parent":0,"menu_order":0,"comment_status":"closed","ping_status":"closed","template":"","meta":{"footnotes":""},"class_list":["post-19511","page","type-page","status-publish","has-post-thumbnail","hentry","post","post-with-thumbnail","post-with-thumbnail-icon"],"_links":{"self":[{"href":"https:\/\/www1.kkl.si\/hu\/wp-json\/wp\/v2\/pages\/19511","targetHints":{"allow":["GET"]}}],"collection":[{"href":"https:\/\/www1.kkl.si\/hu\/wp-json\/wp\/v2\/pages"}],"about":[{"href":"https:\/\/www1.kkl.si\/hu\/wp-json\/wp\/v2\/types\/page"}],"author":[{"embeddable":true,"href":"https:\/\/www1.kkl.si\/hu\/wp-json\/wp\/v2\/users\/2"}],"replies":[{"embeddable":true,"href":"https:\/\/www1.kkl.si\/hu\/wp-json\/wp\/v2\/comments?post=19511"}],"version-history":[{"count":2,"href":"https:\/\/www1.kkl.si\/hu\/wp-json\/wp\/v2\/pages\/19511\/revisions"}],"predecessor-version":[{"id":19514,"href":"https:\/\/www1.kkl.si\/hu\/wp-json\/wp\/v2\/pages\/19511\/revisions\/19514"}],"wp:featuredmedia":[{"embeddable":true,"href":"https:\/\/www1.kkl.si\/hu\/wp-json\/wp\/v2\/media\/19494"}],"wp:attachment":[{"href":"https:\/\/www1.kkl.si\/hu\/wp-json\/wp\/v2\/media?parent=19511"}],"curies":[{"name":"wp","href":"https:\/\/api.w.org\/{rel}","templated":true}]}}