{"id":19542,"date":"2024-10-24T08:15:09","date_gmt":"2024-10-24T06:15:09","guid":{"rendered":"https:\/\/www1.kkl.si\/?page_id=19542"},"modified":"2024-10-24T09:39:54","modified_gmt":"2024-10-24T07:39:54","slug":"presernovo-gledalisce-kranj-boj-na-poziralniku","status":"publish","type":"page","link":"https:\/\/www1.kkl.si\/hu\/presernovo-gledalisce-kranj-boj-na-poziralniku\/","title":{"rendered":"Pre\u0161ernovo gledali\u0161\u010de Kranj: Boj na po\u017eiralniku"},"content":{"rendered":"<div class=\"opis\"><i class=\"fas fa-clock\"><\/i> <strong>2024. november 21. cs\u00fct\u00f6rt\u00f6k, 19.00<\/strong> | a lendvai Sz\u00ednh\u00e1z- \u00e9s hangversenyteremben<img loading=\"lazy\" decoding=\"async\" class=\"wp-image-1592 alignright\" title=\"Fizet\u0151s rendezv\u00e9ny\" src=\"https:\/\/www1.kkl.si\/wp-content\/uploads\/\/2020\/07\/spored_simb_placljiva-1.svg\" alt=\"placljiva\" width=\"30\" height=\"30\" srcset=\"https:\/\/www1.kkl.si\/wp-content\/uploads\/\/2020\/07\/spored_simb_placljiva-1.svg 150w, https:\/\/www1.kkl.si\/wp-content\/uploads\/\/2020\/07\/spored_simb_placljiva-1.svg 400w, https:\/\/www1.kkl.si\/wp-content\/uploads\/\/2020\/07\/spored_simb_placljiva-1.svg 1500w, https:\/\/www1.kkl.si\/wp-content\/uploads\/\/2020\/07\/spored_simb_placljiva-1.svg 100w\" sizes=\"auto, (max-width: 30px) 100vw, 30px\" \/><img loading=\"lazy\" decoding=\"async\" class=\"wp-image-1586 alignright\" title=\"Szlov\u00e9n b\u00e9rlet\" src=\"https:\/\/www1.kkl.si\/wp-content\/uploads\/\/2020\/07\/spored_simb_abonma_si-1.svg\" alt=\"abonma_si\" width=\"30\" height=\"30\" \/><br \/>\n<i class=\"fas fa-chevron-circle-right\"><\/i>\u00a0 <strong>szlov\u00e9n nyelv\u0171 dr\u00e1ma<\/strong> <br \/>\n<i class=\"fas fa-ticket-alt\"><\/i> Bel\u00e9p\u0151jegy \u00e1ra: <strong>15 \u20ac<\/strong> el\u0151v\u00e9telben, <strong>18 \u20ac<\/strong> az el\u0151ad\u00e1s napj\u00e1n<br \/>\nBlagajna: <i class=\"fas fa-phone-alt\"><\/i> +386 (0)2 577 60 24<br \/>\nSzervez\u0151: <a href=\"https:\/\/www.kkl.si\/\">Knji\u017enica \u2013 Kulturni center Lendava \u2013 Lendvai K\u00f6nyvt\u00e1r \u00e9s Kultur\u00e1lis K\u00f6zpont<\/a><\/div>\n<p><em>Szlov\u00e9n le\u00edr\u00e1s:<\/em><\/p>\n<p>Pre\u0161ernovo gledali\u0161\u010de Kranj, koprodukcija z Mestnim gledali\u0161\u010dem Ptuj:<\/p>\n<p><strong>Lovro Kuhar &#8211; Pre\u017eihov Voranc<\/strong><\/p>\n<p><span style=\"font-size: 18pt;\"><strong>Boj na po\u017eiralniku<\/strong><\/span>, <em>drama<\/em><\/p>\n<p>Voran\u010dev <em>Boj na po\u017eiralniku, Solzice<\/em> in <em>Samorastniki<\/em> veljajo za slovensko literarno klasiko, po filmskih upodobitvah pa so se globoko vtisnili v zgodovinski spomin slovenskega naroda.<\/p>\n<p><a href=\"https:\/\/www1.kkl.si\/wp-content\/uploads\/2024\/08\/Boj_na_poziralniku1_Foto_Nada_Zgank.jpg\" data-lbwps-width=\"2000\" data-lbwps-height=\"1125\" data-lbwps-srcsmall=\"https:\/\/www1.kkl.si\/wp-content\/uploads\/2024\/08\/Boj_na_poziralniku1_Foto_Nada_Zgank-400x225.jpg\"><img loading=\"lazy\" decoding=\"async\" class=\"alignnone size-large wp-image-18306\" src=\"https:\/\/www1.kkl.si\/wp-content\/uploads\/2024\/08\/Boj_na_poziralniku1_Foto_Nada_Zgank-1500x844.jpg\" alt=\"\" width=\"1500\" height=\"844\" srcset=\"https:\/\/www1.kkl.si\/wp-content\/uploads\/2024\/08\/Boj_na_poziralniku1_Foto_Nada_Zgank-1500x844.jpg 1500w, https:\/\/www1.kkl.si\/wp-content\/uploads\/2024\/08\/Boj_na_poziralniku1_Foto_Nada_Zgank-400x225.jpg 400w, https:\/\/www1.kkl.si\/wp-content\/uploads\/2024\/08\/Boj_na_poziralniku1_Foto_Nada_Zgank.jpg 2000w\" sizes=\"auto, (max-width: 1500px) 100vw, 1500px\" \/><\/a><\/p>\n<p><a href=\"https:\/\/www1.kkl.si\/wp-content\/uploads\/2024\/10\/plakat_OKNO_boj-na-poziralniku_2024.jpg\" data-lbwps-width=\"1537\" data-lbwps-height=\"2500\" data-lbwps-srcsmall=\"https:\/\/www1.kkl.si\/wp-content\/uploads\/2024\/10\/plakat_OKNO_boj-na-poziralniku_2024-246x400.jpg\"><img loading=\"lazy\" decoding=\"async\" class=\"alignright size-medium wp-image-19537\" src=\"https:\/\/www1.kkl.si\/wp-content\/uploads\/2024\/10\/plakat_OKNO_boj-na-poziralniku_2024-246x400.jpg\" alt=\"\" width=\"246\" height=\"400\" srcset=\"https:\/\/www1.kkl.si\/wp-content\/uploads\/2024\/10\/plakat_OKNO_boj-na-poziralniku_2024-246x400.jpg 246w, https:\/\/www1.kkl.si\/wp-content\/uploads\/2024\/10\/plakat_OKNO_boj-na-poziralniku_2024-922x1500.jpg 922w, https:\/\/www1.kkl.si\/wp-content\/uploads\/2024\/10\/plakat_OKNO_boj-na-poziralniku_2024.jpg 1537w\" sizes=\"auto, (max-width: 246px) 100vw, 246px\" \/><\/a>Pretresljiva zgodba Dihurjeve dru\u017eine, ki bije boj za pre\u017eivetje na te\u017eki, blatni zemlji, je dobesedno zapisana v na\u0161ih genih. V dana\u0161njem \u010dasu iz te kultne zgodbe razbiramo tudi tiste \u00bbspregledane\u00ab, \u0161e ne do konca izre\u010dene plasti neizmerno krute zgodbe. V bitki z zemljo in v bitki za pre\u017eivetje se je na kmetih dogajalo nasilje nad otroki in \u017eivalmi, ki je s svojo krutostjo zaznamovalo generacije in generacije. In mi smo \u00bbvnuki svojih dedov\u00ab; prav o tem nam \u017eeli spregovoriti Voran\u010dev <em>Boj na po\u017eiralniku<\/em>. Spregovori nam o neizmerni krutosti, ki je posledica stiske in nemo\u010di in se kot zla usoda prena\u0161a iz roda v rod. Zgodba Dihurjeve dru\u017eine tako ni le zgodba iz neke daljne ruralne preteklosti, ampak zgodba, ki jo \u0161e kako \u017eivimo tudi danes, ob socialnih stiskah zmeraj in vsak dan bolj in bolj, \u010deprav mogo\u010de v malce bolj \u00bbsofisticirani\u00ab in prikriti obliki. Nasilje zaradi pre\u017eivetvenih stisk in nemo\u010di, v boju z zemljo in birokracijo, ne glede na vas ali mesto, zmeraj najde svojo pot do krutosti.<\/p>\n<p>Re\u017eiser Jernej Lorenci se je tematike krutosti ter boja za pre\u017eivetje dotaknil na svoj pretanjen in radikalen uprizoritveni na\u010din.<\/p>\n<p><strong>Re\u017eija:<\/strong> Jernej Lorenci<strong><br \/>\nIgralska zasedba:<\/strong> Darja Reichman, \u017diva Selan, Bla\u017e Setnikar\/Gregor Lu\u0161tek k.g., Branko Jordan k.g.<\/p>\n<p>Trajanje: 120 minut, brez odmora<\/p>\n\n\t\t<style type=\"text\/css\">\n\t\t\t#gallery-1 {\n\t\t\t\tmargin: auto;\n\t\t\t}\n\t\t\t#gallery-1 .gallery-item {\n\t\t\t\tfloat: left;\n\t\t\t\tmargin-top: 10px;\n\t\t\t\ttext-align: center;\n\t\t\t\twidth: 16%;\n\t\t\t}\n\t\t\t#gallery-1 img {\n\t\t\t\tborder: 2px solid #cfcfcf;\n\t\t\t}\n\t\t\t#gallery-1 .gallery-caption {\n\t\t\t\tmargin-left: 0;\n\t\t\t}\n\t\t\t\/* see gallery_shortcode() in wp-includes\/media.php *\/\n\t\t<\/style>\n\t\t<div id='gallery-1' class='gallery galleryid-19542 gallery-columns-6 gallery-size-thumbnail'><dl class='gallery-item'>\n\t\t\t<dt class='gallery-icon landscape'>\n\t\t\t\t<a href='https:\/\/www1.kkl.si\/wp-content\/uploads\/2024\/08\/Boj_na_poziralniku2.jpg'><img loading=\"lazy\" decoding=\"async\" width=\"150\" height=\"150\" src=\"https:\/\/www1.kkl.si\/wp-content\/uploads\/2024\/08\/Boj_na_poziralniku2-150x150.jpg\" class=\"attachment-thumbnail size-thumbnail\" alt=\"\" \/><\/a>\n\t\t\t<\/dt><\/dl><dl class='gallery-item'>\n\t\t\t<dt class='gallery-icon landscape'>\n\t\t\t\t<a href='https:\/\/www1.kkl.si\/wp-content\/uploads\/2024\/08\/Boj_na_poziralniku3.jpg'><img loading=\"lazy\" decoding=\"async\" width=\"150\" height=\"150\" src=\"https:\/\/www1.kkl.si\/wp-content\/uploads\/2024\/08\/Boj_na_poziralniku3-150x150.jpg\" class=\"attachment-thumbnail size-thumbnail\" alt=\"\" \/><\/a>\n\t\t\t<\/dt><\/dl><dl class='gallery-item'>\n\t\t\t<dt class='gallery-icon landscape'>\n\t\t\t\t<a href='https:\/\/www1.kkl.si\/wp-content\/uploads\/2024\/08\/Boj_na_poziralniku4.jpg'><img loading=\"lazy\" decoding=\"async\" width=\"150\" height=\"150\" src=\"https:\/\/www1.kkl.si\/wp-content\/uploads\/2024\/08\/Boj_na_poziralniku4-150x150.jpg\" class=\"attachment-thumbnail size-thumbnail\" alt=\"\" \/><\/a>\n\t\t\t<\/dt><\/dl><dl class='gallery-item'>\n\t\t\t<dt class='gallery-icon landscape'>\n\t\t\t\t<a href='https:\/\/www1.kkl.si\/wp-content\/uploads\/2024\/08\/Boj_na_poziralniku5.jpg'><img loading=\"lazy\" decoding=\"async\" width=\"150\" height=\"150\" src=\"https:\/\/www1.kkl.si\/wp-content\/uploads\/2024\/08\/Boj_na_poziralniku5-150x150.jpg\" class=\"attachment-thumbnail size-thumbnail\" alt=\"\" \/><\/a>\n\t\t\t<\/dt><\/dl><dl class='gallery-item'>\n\t\t\t<dt class='gallery-icon landscape'>\n\t\t\t\t<a href='https:\/\/www1.kkl.si\/wp-content\/uploads\/2024\/08\/Boj_na_poziralniku6.jpg'><img loading=\"lazy\" decoding=\"async\" width=\"150\" height=\"150\" src=\"https:\/\/www1.kkl.si\/wp-content\/uploads\/2024\/08\/Boj_na_poziralniku6-150x150.jpg\" class=\"attachment-thumbnail size-thumbnail\" alt=\"\" \/><\/a>\n\t\t\t<\/dt><\/dl><dl class='gallery-item'>\n\t\t\t<dt class='gallery-icon landscape'>\n\t\t\t\t<a href='https:\/\/www1.kkl.si\/wp-content\/uploads\/2024\/08\/Boj_na_poziralniku7.jpg'><img loading=\"lazy\" decoding=\"async\" width=\"150\" height=\"150\" src=\"https:\/\/www1.kkl.si\/wp-content\/uploads\/2024\/08\/Boj_na_poziralniku7-150x150.jpg\" class=\"attachment-thumbnail size-thumbnail\" alt=\"\" \/><\/a>\n\t\t\t<\/dt><\/dl><br style=\"clear: both\" \/>\n\t\t<\/div>\n\n<p><span style=\"font-size: 10pt;\">Foto: Nada \u017dgank<\/span><\/p>\n<p><span style=\"font-size: 18pt;\">Promocijski video:<\/span><\/p>\n<p><iframe loading=\"lazy\" title=\"Lovro Kuhar \u2013 Pre\u017eihov Voranc: BOJ NA PO\u017dIRALNIKU\" width=\"720\" height=\"405\" src=\"https:\/\/www.youtube.com\/embed\/J0nSNKaOSR8?feature=oembed\" frameborder=\"0\" allow=\"accelerometer; autoplay; clipboard-write; encrypted-media; gyroscope; picture-in-picture; web-share\" referrerpolicy=\"strict-origin-when-cross-origin\" allowfullscreen><\/iframe><\/p>\n<p><i class=\"fas fa-link\"><\/i> <a href=\"https:\/\/pgk.si\/repertoar\/boj_na_poziralniku\/755\">https:\/\/pgk.si\/repertoar\/boj_na_poziralniku\/755<\/a><br \/>\n<i class=\"fas fa-link\"><\/i> <a href=\"https:\/\/pgk.si\/files\/show\/755\/files\/pgk2324BojnapoziralnikuGLweb.pdf\">Gledali\u0161ki list &#8211; Boj na po\u017eiralniku<\/a> (pdf)<\/p>\n<hr \/>\n<p>Slovenski gledali\u0161ki abonma 2024\/2025<\/p>\n<p><a href=\"https:\/\/www1.kkl.si\/sl\/slovenski-abonma-2024-2025\/\"><img loading=\"lazy\" decoding=\"async\" class=\"alignnone wp-image-18446 size-large\" src=\"https:\/\/www1.kkl.si\/wp-content\/uploads\/2024\/08\/2024_08_10_SLO_abonma-1500x400.jpg\" alt=\"\" width=\"1500\" height=\"400\" srcset=\"https:\/\/www1.kkl.si\/wp-content\/uploads\/2024\/08\/2024_08_10_SLO_abonma.jpg 1500w, https:\/\/www1.kkl.si\/wp-content\/uploads\/2024\/08\/2024_08_10_SLO_abonma-400x107.jpg 400w\" sizes=\"auto, (max-width: 1500px) 100vw, 1500px\" \/><\/a><\/p>\n","protected":false},"excerpt":{"rendered":"<p>2024. november 21. cs\u00fct\u00f6rt\u00f6k, 19.00 | a lendvai Sz\u00ednh\u00e1z- \u00e9s hangversenyteremben \u00a0 szlov\u00e9n nyelv\u0171 dr\u00e1ma Bel\u00e9p\u0151jegy \u00e1ra: 15 \u20ac el\u0151v\u00e9telben, 18 \u20ac az el\u0151ad\u00e1s napj\u00e1n Blagajna: +386 (0)2 577 60 24 Szervez\u0151: Knji\u017enica \u2013 Kulturni center Lendava \u2013 Lendvai K\u00f6nyvt\u00e1r \u00e9s Kultur\u00e1lis K\u00f6zpont Szlov\u00e9n le\u00edr\u00e1s: Pre\u0161ernovo gledali\u0161\u010de Kranj, koprodukcija z Mestnim gledali\u0161\u010dem Ptuj: Lovro Kuhar [&hellip;]<\/p>\n","protected":false},"author":2,"featured_media":19539,"parent":0,"menu_order":0,"comment_status":"closed","ping_status":"closed","template":"","meta":{"footnotes":""},"class_list":["post-19542","page","type-page","status-publish","has-post-thumbnail","hentry","post","post-with-thumbnail","post-with-thumbnail-icon"],"_links":{"self":[{"href":"https:\/\/www1.kkl.si\/hu\/wp-json\/wp\/v2\/pages\/19542","targetHints":{"allow":["GET"]}}],"collection":[{"href":"https:\/\/www1.kkl.si\/hu\/wp-json\/wp\/v2\/pages"}],"about":[{"href":"https:\/\/www1.kkl.si\/hu\/wp-json\/wp\/v2\/types\/page"}],"author":[{"embeddable":true,"href":"https:\/\/www1.kkl.si\/hu\/wp-json\/wp\/v2\/users\/2"}],"replies":[{"embeddable":true,"href":"https:\/\/www1.kkl.si\/hu\/wp-json\/wp\/v2\/comments?post=19542"}],"version-history":[{"count":1,"href":"https:\/\/www1.kkl.si\/hu\/wp-json\/wp\/v2\/pages\/19542\/revisions"}],"predecessor-version":[{"id":19543,"href":"https:\/\/www1.kkl.si\/hu\/wp-json\/wp\/v2\/pages\/19542\/revisions\/19543"}],"wp:featuredmedia":[{"embeddable":true,"href":"https:\/\/www1.kkl.si\/hu\/wp-json\/wp\/v2\/media\/19539"}],"wp:attachment":[{"href":"https:\/\/www1.kkl.si\/hu\/wp-json\/wp\/v2\/media?parent=19542"}],"curies":[{"name":"wp","href":"https:\/\/api.w.org\/{rel}","templated":true}]}}