{"id":19707,"date":"2024-11-07T14:15:33","date_gmt":"2024-11-07T13:15:33","guid":{"rendered":"https:\/\/www1.kkl.si\/?page_id=19707"},"modified":"2024-11-07T14:15:33","modified_gmt":"2024-11-07T13:15:33","slug":"leszsz-spiro-gyorgy-csirkefej","status":"publish","type":"page","link":"https:\/\/www1.kkl.si\/hu\/leszsz-spiro-gyorgy-csirkefej\/","title":{"rendered":"LESZSZ | Spir\u00f3 Gy\u00f6rgy: Csirkefej"},"content":{"rendered":"<div class=\"opis\"><i class=\"fas fa-clock\"><\/i> <strong>2024. november 14-\u00e9n (cs\u00fct\u00f6rt\u00f6k) \u00e9s 15-\u00e9n (p\u00e9ntek), 19 \u00f3rakor<\/strong> | a lendvai Sz\u00ednh\u00e1z- \u00e9s hangversenyteremben<img loading=\"lazy\" decoding=\"async\" class=\"wp-image-1592 alignright\" title=\"Fizet\u0151s rendezv\u00e9ny\" src=\"https:\/\/www1.kkl.si\/wp-content\/uploads\/\/2020\/07\/spored_simb_placljiva-1.svg\" alt=\"placljiva\" width=\"30\" height=\"30\" srcset=\"https:\/\/www1.kkl.si\/wp-content\/uploads\/\/2020\/07\/spored_simb_placljiva-1.svg 150w, https:\/\/www1.kkl.si\/wp-content\/uploads\/\/2020\/07\/spored_simb_placljiva-1.svg 400w, https:\/\/www1.kkl.si\/wp-content\/uploads\/\/2020\/07\/spored_simb_placljiva-1.svg 1500w, https:\/\/www1.kkl.si\/wp-content\/uploads\/\/2020\/07\/spored_simb_placljiva-1.svg 100w\" sizes=\"auto, (max-width: 30px) 100vw, 30px\" \/><br \/>\n<i class=\"fas fa-chevron-circle-right\"><\/i>\u00a0 <strong>dr\u00e1ma, trag\u00e9dia<\/strong> <br \/>\n<i class=\"fas fa-ticket-alt\"><\/i> Bel\u00e9p\u0151jegy \u00e1ra: <strong>10 \u20ac<\/strong>. <br \/>\nJegyek el\u0151v\u00e9telben kaphat\u00f3k november 5-t\u0151l Lendv\u00e1n a <a href=\"https:\/\/www.mnmi-zkmn.si\/rolunk\/\">B\u00e1nffy K\u00f6zpontban<\/a> (8.00 \u00e9s 16.00 \u00f3ra k\u00f6z\u00f6tt, <i class=\"fas fa-phone-alt\"><\/i> +386 2 577 66 70).<br \/>\nSzervez\u0151: <a href=\"https:\/\/www.mnmi-zkmn.si\/\">MNMI Lendva \u2013 ZKMN Lendava<\/a><\/div>\n<div>\u00a0<\/div>\n<div class=\"xdj266r x11i5rnm xat24cr x1mh8g0r x1vvkbs\">A LESZSZ T\u00e1rsulat<\/div>\n<div class=\"x11i5rnm xat24cr x1mh8g0r x1vvkbs xtlvy1s\">Spir\u00f3 Gy\u00f6rgy: <strong>Csirkefej<br \/>\n<\/strong><\/div>\n<div class=\"x11i5rnm xat24cr x1mh8g0r x1vvkbs xtlvy1s\">bemutat\u00f3j\u00e1ra ker\u00fcl sor, <\/div>\n<div class=\"x11i5rnm xat24cr x1mh8g0r x1vvkbs xtlvy1s\">2024. november 14-\u00e9n \u00e9s 15-\u00e9n, 19 \u00f3rakor <br \/>\na lendvai Sz\u00ednh\u00e1z- \u00e9s Hangversenyteremben.<\/div>\n<div>\u00a0<\/div>\n<div class=\"x11i5rnm xat24cr x1mh8g0r x1vvkbs xtlvy1s\"><strong>Rendez\u0151:<\/strong> Mess Attila<\/div>\n<div>\u00a0<\/div>\n<hr \/>\n<p>A <em>Csirkefej<\/em> Spir\u00f3 Gy\u00f6rgy 1985-\u00f6s trag\u00e9di\u00e1ja. A darab 16 jelenetb\u0151l \u00e1ll. A cselekm\u00e9ny h\u00e1ttere az 1980-as \u00e9vek egyre siv\u00e1rabb\u00e1 v\u00e1l\u00f3 szocializmusa: h\u00e9tk\u00f6znapi k\u00f6rnyezetben, egy k\u00fclv\u00e1rosi lak\u00f3h\u00e1zban \u00f6lnek meg egy \u00f6regasszonyt, miut\u00e1n macsk\u00e1j\u00e1val v\u00e9geztek.<\/p>\n<hr \/>\n<p><a href=\"https:\/\/www1.kkl.si\/wp-content\/uploads\/2024\/11\/cirkefej_november_EL.jpg\" data-lbwps-width=\"1272\" data-lbwps-height=\"1772\" data-lbwps-srcsmall=\"https:\/\/www1.kkl.si\/wp-content\/uploads\/2024\/11\/cirkefej_november_EL-287x400.jpg\"><img loading=\"lazy\" decoding=\"async\" class=\"alignnone size-large wp-image-19662\" src=\"https:\/\/www1.kkl.si\/wp-content\/uploads\/2024\/11\/cirkefej_november_EL-1077x1500.jpg\" alt=\"\" width=\"1077\" height=\"1500\" srcset=\"https:\/\/www1.kkl.si\/wp-content\/uploads\/2024\/11\/cirkefej_november_EL-1077x1500.jpg 1077w, https:\/\/www1.kkl.si\/wp-content\/uploads\/2024\/11\/cirkefej_november_EL-287x400.jpg 287w, https:\/\/www1.kkl.si\/wp-content\/uploads\/2024\/11\/cirkefej_november_EL.jpg 1272w\" sizes=\"auto, (max-width: 1077px) 100vw, 1077px\" \/><\/a><\/p>\n<blockquote class=\"wp-embedded-content\" data-secret=\"7Yfghvvt3M\"><p><a href=\"https:\/\/www.mnmi-zkmn.si\/event\/leszsz-spiro-gyorgy-csirkefej\/\">LESZSZ, Spir\u00f3 Gy\u00f6rgy: Csirkefej<\/a><\/p><\/blockquote>\n<p><iframe loading=\"lazy\" class=\"wp-embedded-content\" sandbox=\"allow-scripts\" security=\"restricted\" style=\"position: absolute; visibility: hidden;\" title=\"&#8220;LESZSZ, Spir\u00f3 Gy\u00f6rgy: Csirkefej&#8221; &#8212; MNMI - ZKMN\" src=\"https:\/\/www.mnmi-zkmn.si\/event\/leszsz-spiro-gyorgy-csirkefej\/embed\/#?secret=7Yfghvvt3M\" data-secret=\"7Yfghvvt3M\" width=\"600\" height=\"338\" frameborder=\"0\" marginwidth=\"0\" marginheight=\"0\" scrolling=\"no\"><\/iframe><\/p>\n<p>&nbsp;<\/p>\n","protected":false},"excerpt":{"rendered":"<p>2024. november 14-\u00e9n (cs\u00fct\u00f6rt\u00f6k) \u00e9s 15-\u00e9n (p\u00e9ntek), 19 \u00f3rakor | a lendvai Sz\u00ednh\u00e1z- \u00e9s hangversenyteremben \u00a0 dr\u00e1ma, trag\u00e9dia Bel\u00e9p\u0151jegy \u00e1ra: 10 \u20ac. Jegyek el\u0151v\u00e9telben kaphat\u00f3k november 5-t\u0151l Lendv\u00e1n a B\u00e1nffy K\u00f6zpontban (8.00 \u00e9s 16.00 \u00f3ra k\u00f6z\u00f6tt, +386 2 577 66 70). Szervez\u0151: MNMI Lendva \u2013 ZKMN Lendava \u00a0 A LESZSZ T\u00e1rsulat Spir\u00f3 Gy\u00f6rgy: Csirkefej bemutat\u00f3j\u00e1ra [&hellip;]<\/p>\n","protected":false},"author":2,"featured_media":19662,"parent":0,"menu_order":0,"comment_status":"closed","ping_status":"closed","template":"","meta":{"footnotes":""},"class_list":["post-19707","page","type-page","status-publish","has-post-thumbnail","hentry","post","post-with-thumbnail","post-with-thumbnail-icon"],"_links":{"self":[{"href":"https:\/\/www1.kkl.si\/hu\/wp-json\/wp\/v2\/pages\/19707","targetHints":{"allow":["GET"]}}],"collection":[{"href":"https:\/\/www1.kkl.si\/hu\/wp-json\/wp\/v2\/pages"}],"about":[{"href":"https:\/\/www1.kkl.si\/hu\/wp-json\/wp\/v2\/types\/page"}],"author":[{"embeddable":true,"href":"https:\/\/www1.kkl.si\/hu\/wp-json\/wp\/v2\/users\/2"}],"replies":[{"embeddable":true,"href":"https:\/\/www1.kkl.si\/hu\/wp-json\/wp\/v2\/comments?post=19707"}],"version-history":[{"count":1,"href":"https:\/\/www1.kkl.si\/hu\/wp-json\/wp\/v2\/pages\/19707\/revisions"}],"predecessor-version":[{"id":19708,"href":"https:\/\/www1.kkl.si\/hu\/wp-json\/wp\/v2\/pages\/19707\/revisions\/19708"}],"wp:featuredmedia":[{"embeddable":true,"href":"https:\/\/www1.kkl.si\/hu\/wp-json\/wp\/v2\/media\/19662"}],"wp:attachment":[{"href":"https:\/\/www1.kkl.si\/hu\/wp-json\/wp\/v2\/media?parent=19707"}],"curies":[{"name":"wp","href":"https:\/\/api.w.org\/{rel}","templated":true}]}}