{"id":19743,"date":"2024-11-12T13:17:26","date_gmt":"2024-11-12T12:17:26","guid":{"rendered":"https:\/\/www1.kkl.si\/?page_id=19743"},"modified":"2024-11-12T13:28:57","modified_gmt":"2024-11-12T12:28:57","slug":"a-lendvai-plebania-tobb-mint-700-eves-tortenelmenek-bemutatasa-szoban-es-filmen","status":"publish","type":"page","link":"https:\/\/www1.kkl.si\/hu\/a-lendvai-plebania-tobb-mint-700-eves-tortenelmenek-bemutatasa-szoban-es-filmen\/","title":{"rendered":"A lendvai pl\u00e9b\u00e1nia t\u00f6bb mint 700 \u00e9ves t\u00f6rt\u00e9nelm\u00e9nek bemutat\u00e1sa sz\u00f3ban \u00e9s filmen"},"content":{"rendered":"<div class=\"opis\"><i class=\"fas fa-clock\"><\/i> 2024. november 23-\u00e1n, szombaton, <strong>18.00 \u00f3rakor<\/strong> | a lendvai Sz\u00ednh\u00e1z- \u00e9s hangversenyteremben<img loading=\"lazy\" decoding=\"async\" class=\"wp-image-1588 alignright\" title=\"Ingyenes rendezv\u00e9ny\" src=\"https:\/\/www1.kkl.si\/wp-content\/uploads\/\/2020\/07\/spored_simb_brezplacna-1.svg\" alt=\"brezplacna\" width=\"30\" height=\"30\" srcset=\"https:\/\/www1.kkl.si\/wp-content\/uploads\/\/2020\/07\/spored_simb_brezplacna-1.svg 150w, https:\/\/www1.kkl.si\/wp-content\/uploads\/\/2020\/07\/spored_simb_brezplacna-1.svg 400w, https:\/\/www1.kkl.si\/wp-content\/uploads\/\/2020\/07\/spored_simb_brezplacna-1.svg 1500w, https:\/\/www1.kkl.si\/wp-content\/uploads\/\/2020\/07\/spored_simb_brezplacna-1.svg 100w\" sizes=\"auto, (max-width: 30px) 100vw, 30px\" \/><br \/>\n<i class=\"fas fa-chevron-circle-right\"><\/i>\u00a0 <strong>\u00fcnnepi rendezv\u00e9ny, kult\u00far\u00e1lis m\u0171sor<\/strong><br \/>\nSzervez\u0151: <a href=\"https:\/\/zupnija-lendava.si\/\">\u017dupnija Lendava \u2013 Pl\u00e9b\u00e1nia Lendva<\/a><\/div>\n<p><a href=\"https:\/\/www1.kkl.si\/wp-content\/uploads\/2024\/11\/zupnija-lendava.png\" data-lbwps-width=\"1500\" data-lbwps-height=\"1700\" data-lbwps-srcsmall=\"https:\/\/www1.kkl.si\/wp-content\/uploads\/2024\/11\/zupnija-lendava-353x400.png\"><img loading=\"lazy\" decoding=\"async\" class=\"alignright size-medium wp-image-19732\" src=\"https:\/\/www1.kkl.si\/wp-content\/uploads\/2024\/11\/zupnija-lendava-353x400.png\" alt=\"\" width=\"353\" height=\"400\" srcset=\"https:\/\/www1.kkl.si\/wp-content\/uploads\/2024\/11\/zupnija-lendava-353x400.png 353w, https:\/\/www1.kkl.si\/wp-content\/uploads\/2024\/11\/zupnija-lendava-1324x1500.png 1324w, https:\/\/www1.kkl.si\/wp-content\/uploads\/2024\/11\/zupnija-lendava.png 1500w\" sizes=\"auto, (max-width: 353px) 100vw, 353px\" \/><\/a><strong>\u00dcNNEPI RENDEZV\u00c9NY A LENDVAI SZ\u00cdNH\u00c1Z- \u00c9S HANGVERSENYTEREMBEN<\/strong><\/p>\n<p>A lendvai pl\u00e9b\u00e1nia t\u00f6bb mint 700 \u00e9ves t\u00f6rt\u00e9nelm\u00e9nek bemutat\u00e1sa sz\u00f3ban \u00e9s filmen.<\/p>\n<p>A pl\u00e9b\u00e1nia t\u00f6rt\u00e9nelmi erekly\u00e9i \u00e9s azok jelent\u0151s\u00e9ge:<br \/>\nB\u00e1nffy-kehely, Hadik-kehely, a legr\u00e9gebbi anyak\u00f6nyv.<br \/>\nLehet\u0151s\u00e9g ad\u00f3dik a kelyhek \u00e9s az anyak\u00f6nyv megtekint\u00e9s\u00e9re.<\/p>\n<p>Az Alexandriai Szent Katalin Aranyplakettek kioszt\u00e1sa.<\/p>\n<p>A kalligr\u00e1fi\u00e1val \u00edrt felszentel\u00e9si okirat al\u00e1\u00edr\u00e1sa, amely az olt\u00e1rhelyis\u00e9gben kap helyet, s latin, szlov\u00e9n, \u00e9s magyar nyelven \u00edr\u00f3dott.<\/p>\n<p>A rendezv\u00e9nyt \u00e1ll\u00f3fogad\u00e1s k\u00f6veti a kult\u00farotthon el\u0151ter\u00e9ben.<\/p>\n<p><i class=\"fas fa-link\"><\/i> <a href=\"https:\/\/zupnija-lendava.si\/hu\/meghivo-a-felujitott-lendvai-alexandriai-szent-katalin-plebaniatemplom-megszentelesere\/\">Megh\u00edv\u00f3 a fel\u00faj\u00edtott lendvai Alexandriai Szent Katalin pl\u00e9b\u00e1niatemplom megszentel\u00e9s\u00e9re<\/a><\/p>\n","protected":false},"excerpt":{"rendered":"<p>2024. november 23-\u00e1n, szombaton, 18.00 \u00f3rakor | a lendvai Sz\u00ednh\u00e1z- \u00e9s hangversenyteremben \u00a0 \u00fcnnepi rendezv\u00e9ny, kult\u00far\u00e1lis m\u0171sor Szervez\u0151: \u017dupnija Lendava \u2013 Pl\u00e9b\u00e1nia Lendva \u00dcNNEPI RENDEZV\u00c9NY A LENDVAI SZ\u00cdNH\u00c1Z- \u00c9S HANGVERSENYTEREMBEN A lendvai pl\u00e9b\u00e1nia t\u00f6bb mint 700 \u00e9ves t\u00f6rt\u00e9nelm\u00e9nek bemutat\u00e1sa sz\u00f3ban \u00e9s filmen. A pl\u00e9b\u00e1nia t\u00f6rt\u00e9nelmi erekly\u00e9i \u00e9s azok jelent\u0151s\u00e9ge: B\u00e1nffy-kehely, Hadik-kehely, a legr\u00e9gebbi anyak\u00f6nyv. Lehet\u0151s\u00e9g [&hellip;]<\/p>\n","protected":false},"author":2,"featured_media":19737,"parent":0,"menu_order":0,"comment_status":"closed","ping_status":"closed","template":"","meta":{"footnotes":""},"class_list":["post-19743","page","type-page","status-publish","has-post-thumbnail","hentry","post","post-with-thumbnail","post-with-thumbnail-icon"],"_links":{"self":[{"href":"https:\/\/www1.kkl.si\/hu\/wp-json\/wp\/v2\/pages\/19743","targetHints":{"allow":["GET"]}}],"collection":[{"href":"https:\/\/www1.kkl.si\/hu\/wp-json\/wp\/v2\/pages"}],"about":[{"href":"https:\/\/www1.kkl.si\/hu\/wp-json\/wp\/v2\/types\/page"}],"author":[{"embeddable":true,"href":"https:\/\/www1.kkl.si\/hu\/wp-json\/wp\/v2\/users\/2"}],"replies":[{"embeddable":true,"href":"https:\/\/www1.kkl.si\/hu\/wp-json\/wp\/v2\/comments?post=19743"}],"version-history":[{"count":6,"href":"https:\/\/www1.kkl.si\/hu\/wp-json\/wp\/v2\/pages\/19743\/revisions"}],"predecessor-version":[{"id":19750,"href":"https:\/\/www1.kkl.si\/hu\/wp-json\/wp\/v2\/pages\/19743\/revisions\/19750"}],"wp:featuredmedia":[{"embeddable":true,"href":"https:\/\/www1.kkl.si\/hu\/wp-json\/wp\/v2\/media\/19737"}],"wp:attachment":[{"href":"https:\/\/www1.kkl.si\/hu\/wp-json\/wp\/v2\/media?parent=19743"}],"curies":[{"name":"wp","href":"https:\/\/api.w.org\/{rel}","templated":true}]}}