{"id":19791,"date":"2024-11-19T18:19:31","date_gmt":"2024-11-19T17:19:31","guid":{"rendered":"https:\/\/www1.kkl.si\/?page_id=19791"},"modified":"2024-11-19T19:06:40","modified_gmt":"2024-11-19T18:06:40","slug":"a-lendvai-szinhaz-es-hangversenyterem-20-evforduloja","status":"publish","type":"page","link":"https:\/\/www1.kkl.si\/hu\/a-lendvai-szinhaz-es-hangversenyterem-20-evforduloja\/","title":{"rendered":"A lendvai Sz\u00ednh\u00e1z- \u00e9s hangversenyterem 20. \u00e9vfordul\u00f3ja"},"content":{"rendered":"<p><img loading=\"lazy\" decoding=\"async\" class=\"alignnone size-large wp-image-19117\" src=\"https:\/\/www1.kkl.si\/wp-content\/uploads\/2024\/09\/2024_09_18_GKDLendava20_hu-1-1500x400.png\" alt=\"\" width=\"1500\" height=\"400\" srcset=\"https:\/\/www1.kkl.si\/wp-content\/uploads\/2024\/09\/2024_09_18_GKDLendava20_hu-1.png 1500w, https:\/\/www1.kkl.si\/wp-content\/uploads\/2024\/09\/2024_09_18_GKDLendava20_hu-1-400x107.png 400w\" sizes=\"auto, (max-width: 1500px) 100vw, 1500px\" \/><\/p>\n<p>A lendvai sz\u0151l\u0151hegy alatt, Lendva v\u00e1rosk\u00f6zpontj\u00e1nak sz\u00edv\u00e9ben tal\u00e1lhat\u00f3 a r\u00e9gi\u00f3 egyik legpomp\u00e1sabb \u00e9p\u00fclete. Itt tal\u00e1lhat\u00f3 a lendvai Sz\u00ednh\u00e1z- \u00e9s hangversenyterem, amelyet a lendvaiak sz\u00edvesen neveznek <em>kult\u00farotthonak<\/em> vagy \u00e9ppen <em>m\u0171vel\u0151d\u00e9si h\u00e1znak<\/em> is. A szokatlan megjelen\u00e9s\u0171 \u00e9p\u00fclet 20 \u00e9ve vonzza a tekinteteket, \u00e9s a t\u00e1rsas\u00e1gi \u00e9let, a kult\u00fara, a sz\u00f3rakoz\u00e1s \u00e9s az oktat\u00e1s helysz\u00edne.<\/p>\n<p>A f\u00fcgg\u00f6nyt el\u0151sz\u00f6r <strong>2004. szeptember 18-\u00e1n<\/strong> h\u00fazt\u00e1k sz\u00e9t, amikor az \u00e9p\u00fcletet Anton Bala\u017eek, Lendva akkori polg\u00e1rmestere, valamint Anton Rop \u00e9s Gyurcs\u00e1ny Ferenc, a Szlov\u00e9n K\u00f6zt\u00e1rsas\u00e1g \u00e9s Magyarorsz\u00e1g akkori minisztereln\u00f6kei avatt\u00e1k fel. Az esem\u00e9nyen a helyi m\u0171v\u00e9szek, Irena Varga, Evgen Car \u00e9s Rajko Stupar r\u00f6vid sz\u00ednh\u00e1zi el\u0151ad\u00e1sr\u00e9szletekkel vettek r\u00e9szt. A rendezv\u00e9ny a neves Budapest Jazz Orchestra koncertj\u00e9vel z\u00e1rult. M\u00e1snap, szeptember 19-\u00e9n Vlado Kreslin, a Mali bogovi \u00e9s a Beltin\u0161ka Banda egy\u00fcttes koncertj\u00e9re ker\u00fclt sor.<\/p>\n<p>Az\u00f3ta az \u00e9p\u00fclet a v\u00e1ros kultur\u00e1lis \u00e9let\u00e9nek pulzusa. Tervez\u0151je a neves \u00e9s vil\u00e1gh\u00edr\u0171 magyar \u00e9p\u00edt\u00e9sz, Makovecz Imre. \u00c9p\u00edt\u00e9se az eg\u00e9sz r\u00e9gi\u00f3ra nagy hat\u00e1ssal volt. Egyed\u00fcl\u00e1ll\u00f3 volt \u00e9s maradt a r\u00e9gi\u00f3ban. Makoveczet az organikus \u00e9p\u00edt\u00e9szet k\u00e9pvisel\u0151j\u00e9nek tartj\u00e1k. Tervei a mitol\u00f3gia \u00e9s a misztika elemeire \u00e9p\u00fclnek, amelyek szorosan \u00f6sszefon\u00f3dnak annak a helynek \u00e9s t\u00e1rsadalomnak a saj\u00e1toss\u00e1gaival, amelyben az egyes \u00e9p\u00fcletek \u00e1llnak.<\/p>\n<p>A 444 f\u00e9r\u0151helyes terem koncerteknek \u00e9s hangversenyeknek, sz\u00ednh\u00e1zi el\u0151ad\u00e1soknak \u00e9s kongresszusi rendezv\u00e9nyeknek ad otthont. Zenekari \u00e1rokkal is rendelkezik.<\/p>\n<p>A terem sz\u00e1mos kiemelked\u0151 m\u0171v\u00e9sznek \u00e9s fontos esem\u00e9nynek adott otthont. Helyi, \u00f6nkorm\u00e1nyzati \u00e9s orsz\u00e1gos \u00fcnneps\u00e9gek helysz\u00edne volt.<\/p>\n<p>Nemcsak maga az \u00e9p\u00fclet pomp\u00e1ja leny\u0171g\u00f6z\u0151, hanem a l\u00e9tes\u00edtm\u00e9nyek \u00e9s lehet\u0151s\u00e9gek is, amelyeket a felhaszn\u00e1l\u00f3k \u00e9s a l\u00e1togat\u00f3k sz\u00e1m\u00e1ra k\u00edn\u00e1l. A kezdeti aggodalmak \u00e9s bizonytalans\u00e1gok egy ilyen int\u00e9zm\u00e9ny sz\u00fcks\u00e9gess\u00e9g\u00e9vel kapcsolatban gyorsan eloszlottak. H\u00fasz \u00e9v alatt t\u00f6bb mint 2500 rendezv\u00e9nyt tartottak itt. Ezeket sz\u00e1mos el\u0151k\u00e9sz\u00fclet, pr\u00f3ba \u00e9s f\u0151pr\u00f3ba k\u00f6vette.<\/p>\n<p><strong>2024. szeptember 18-\u00e1n<\/strong> \u00fcnnepelte a lendvai Sz\u00ednh\u00e1z- \u00e9s hangversenyterem fenn\u00e1ll\u00e1s\u00e1nak 20. \u00e9vfordul\u00f3j\u00e1t. A megnyit\u00f3 \u00fcnneps\u00e9ghez hasonl\u00f3an id\u00e9n is fell\u00e9pett a Budapest Jazz Orchestra.<\/p>\n<p><em>K\u00f6sz\u00f6nj\u00fck, hogy vel\u00fcnk tartanak m\u00e1r h\u00fasz \u00e9ve!<br \/>\n<\/em><\/p>\n<p style=\"text-align: right;\">Sanja Bogdan Horvat<\/p>\n<hr \/>\n<p><span style=\"font-size: 24pt;\"><i class=\"fas fa-eye\"><\/i> Ki\u00e1ll\u00edt\u00e1s az \u00e9p\u00fclet el\u0151ter\u00e9ben<br \/>\n<\/span><\/p>\n\n\t\t<style type=\"text\/css\">\n\t\t\t#gallery-1 {\n\t\t\t\tmargin: auto;\n\t\t\t}\n\t\t\t#gallery-1 .gallery-item {\n\t\t\t\tfloat: left;\n\t\t\t\tmargin-top: 10px;\n\t\t\t\ttext-align: center;\n\t\t\t\twidth: 16%;\n\t\t\t}\n\t\t\t#gallery-1 img {\n\t\t\t\tborder: 2px solid #cfcfcf;\n\t\t\t}\n\t\t\t#gallery-1 .gallery-caption {\n\t\t\t\tmargin-left: 0;\n\t\t\t}\n\t\t\t\/* see gallery_shortcode() in wp-includes\/media.php *\/\n\t\t<\/style>\n\t\t<div id='gallery-1' class='gallery galleryid-19791 gallery-columns-6 gallery-size-thumbnail'><dl class='gallery-item'>\n\t\t\t<dt class='gallery-icon portrait'>\n\t\t\t\t<a href='https:\/\/www1.kkl.si\/wp-content\/uploads\/2024\/11\/plakat_20let_GKD_100cm_2024_01-scaled.jpg'><img loading=\"lazy\" decoding=\"async\" width=\"150\" height=\"150\" src=\"https:\/\/www1.kkl.si\/wp-content\/uploads\/2024\/11\/plakat_20let_GKD_100cm_2024_01-scaled-e1732038299621-150x150.jpg\" class=\"attachment-thumbnail size-thumbnail\" alt=\"\" \/><\/a>\n\t\t\t<\/dt><\/dl><dl class='gallery-item'>\n\t\t\t<dt class='gallery-icon portrait'>\n\t\t\t\t<a href='https:\/\/www1.kkl.si\/wp-content\/uploads\/2024\/11\/plakat_20let_GKD_100cm_2024_02-scaled.jpg'><img loading=\"lazy\" decoding=\"async\" width=\"150\" height=\"150\" src=\"https:\/\/www1.kkl.si\/wp-content\/uploads\/2024\/11\/plakat_20let_GKD_100cm_2024_02-scaled-150x150.jpg\" class=\"attachment-thumbnail size-thumbnail\" alt=\"\" \/><\/a>\n\t\t\t<\/dt><\/dl><dl class='gallery-item'>\n\t\t\t<dt class='gallery-icon portrait'>\n\t\t\t\t<a href='https:\/\/www1.kkl.si\/wp-content\/uploads\/2024\/11\/plakat_20let_GKD_100cm_2024_03-scaled.jpg'><img loading=\"lazy\" decoding=\"async\" width=\"150\" height=\"150\" src=\"https:\/\/www1.kkl.si\/wp-content\/uploads\/2024\/11\/plakat_20let_GKD_100cm_2024_03-scaled-150x150.jpg\" class=\"attachment-thumbnail size-thumbnail\" alt=\"\" \/><\/a>\n\t\t\t<\/dt><\/dl><dl class='gallery-item'>\n\t\t\t<dt class='gallery-icon portrait'>\n\t\t\t\t<a href='https:\/\/www1.kkl.si\/wp-content\/uploads\/2024\/11\/plakat_20let_GKD_100cm_2024_04-scaled.jpg'><img loading=\"lazy\" decoding=\"async\" width=\"150\" height=\"150\" src=\"https:\/\/www1.kkl.si\/wp-content\/uploads\/2024\/11\/plakat_20let_GKD_100cm_2024_04-scaled-150x150.jpg\" class=\"attachment-thumbnail size-thumbnail\" alt=\"\" \/><\/a>\n\t\t\t<\/dt><\/dl><dl class='gallery-item'>\n\t\t\t<dt class='gallery-icon portrait'>\n\t\t\t\t<a href='https:\/\/www1.kkl.si\/wp-content\/uploads\/2024\/11\/plakat_20let_GKD_100cm_2024_05-scaled.jpg'><img loading=\"lazy\" decoding=\"async\" width=\"150\" height=\"150\" src=\"https:\/\/www1.kkl.si\/wp-content\/uploads\/2024\/11\/plakat_20let_GKD_100cm_2024_05-scaled-150x150.jpg\" class=\"attachment-thumbnail size-thumbnail\" alt=\"\" \/><\/a>\n\t\t\t<\/dt><\/dl><dl class='gallery-item'>\n\t\t\t<dt class='gallery-icon portrait'>\n\t\t\t\t<a href='https:\/\/www1.kkl.si\/wp-content\/uploads\/2024\/11\/plakat_20let_GKD_100cm_2024_06-scaled.jpg'><img loading=\"lazy\" decoding=\"async\" width=\"150\" height=\"150\" src=\"https:\/\/www1.kkl.si\/wp-content\/uploads\/2024\/11\/plakat_20let_GKD_100cm_2024_06-scaled-150x150.jpg\" class=\"attachment-thumbnail size-thumbnail\" alt=\"\" \/><\/a>\n\t\t\t<\/dt><\/dl><br style=\"clear: both\" \/><dl class='gallery-item'>\n\t\t\t<dt class='gallery-icon portrait'>\n\t\t\t\t<a href='https:\/\/www1.kkl.si\/wp-content\/uploads\/2024\/11\/plakat_20let_GKD_100cm_2024_07-scaled.jpg'><img loading=\"lazy\" decoding=\"async\" width=\"150\" height=\"150\" src=\"https:\/\/www1.kkl.si\/wp-content\/uploads\/2024\/11\/plakat_20let_GKD_100cm_2024_07-scaled-150x150.jpg\" class=\"attachment-thumbnail size-thumbnail\" alt=\"\" \/><\/a>\n\t\t\t<\/dt><\/dl><dl class='gallery-item'>\n\t\t\t<dt class='gallery-icon portrait'>\n\t\t\t\t<a href='https:\/\/www1.kkl.si\/wp-content\/uploads\/2024\/11\/plakat_20let_GKD_100cm_2024_08-scaled.jpg'><img loading=\"lazy\" decoding=\"async\" width=\"150\" height=\"150\" src=\"https:\/\/www1.kkl.si\/wp-content\/uploads\/2024\/11\/plakat_20let_GKD_100cm_2024_08-scaled-150x150.jpg\" class=\"attachment-thumbnail size-thumbnail\" alt=\"\" \/><\/a>\n\t\t\t<\/dt><\/dl><dl class='gallery-item'>\n\t\t\t<dt class='gallery-icon portrait'>\n\t\t\t\t<a href='https:\/\/www1.kkl.si\/wp-content\/uploads\/2024\/11\/plakat_20let_GKD_100cm_2024_09-scaled.jpg'><img loading=\"lazy\" decoding=\"async\" width=\"150\" height=\"150\" src=\"https:\/\/www1.kkl.si\/wp-content\/uploads\/2024\/11\/plakat_20let_GKD_100cm_2024_09-scaled-150x150.jpg\" class=\"attachment-thumbnail size-thumbnail\" alt=\"\" \/><\/a>\n\t\t\t<\/dt><\/dl><dl class='gallery-item'>\n\t\t\t<dt class='gallery-icon portrait'>\n\t\t\t\t<a href='https:\/\/www1.kkl.si\/wp-content\/uploads\/2024\/11\/plakat_20let_GKD_100cm_2024_10-scaled.jpg'><img loading=\"lazy\" decoding=\"async\" width=\"150\" height=\"150\" src=\"https:\/\/www1.kkl.si\/wp-content\/uploads\/2024\/11\/plakat_20let_GKD_100cm_2024_10-scaled-150x150.jpg\" class=\"attachment-thumbnail size-thumbnail\" alt=\"\" \/><\/a>\n\t\t\t<\/dt><\/dl><dl class='gallery-item'>\n\t\t\t<dt class='gallery-icon portrait'>\n\t\t\t\t<a href='https:\/\/www1.kkl.si\/wp-content\/uploads\/2024\/11\/plakat_20let_GKD_100cm_2024_11-scaled.jpg'><img loading=\"lazy\" decoding=\"async\" width=\"150\" height=\"150\" src=\"https:\/\/www1.kkl.si\/wp-content\/uploads\/2024\/11\/plakat_20let_GKD_100cm_2024_11-scaled-150x150.jpg\" class=\"attachment-thumbnail size-thumbnail\" alt=\"\" \/><\/a>\n\t\t\t<\/dt><\/dl><dl class='gallery-item'>\n\t\t\t<dt class='gallery-icon portrait'>\n\t\t\t\t<a href='https:\/\/www1.kkl.si\/wp-content\/uploads\/2024\/11\/plakat_20let_GKD_100cm_2024_12-scaled.jpg'><img loading=\"lazy\" decoding=\"async\" width=\"150\" height=\"150\" src=\"https:\/\/www1.kkl.si\/wp-content\/uploads\/2024\/11\/plakat_20let_GKD_100cm_2024_12-scaled-150x150.jpg\" class=\"attachment-thumbnail size-thumbnail\" alt=\"\" \/><\/a>\n\t\t\t<\/dt><\/dl><br style=\"clear: both\" \/><dl class='gallery-item'>\n\t\t\t<dt class='gallery-icon portrait'>\n\t\t\t\t<a href='https:\/\/www1.kkl.si\/wp-content\/uploads\/2024\/11\/plakat_20let_GKD_100cm_2024_13-scaled.jpg'><img loading=\"lazy\" decoding=\"async\" width=\"150\" height=\"150\" src=\"https:\/\/www1.kkl.si\/wp-content\/uploads\/2024\/11\/plakat_20let_GKD_100cm_2024_13-scaled-150x150.jpg\" class=\"attachment-thumbnail size-thumbnail\" alt=\"\" \/><\/a>\n\t\t\t<\/dt><\/dl><dl class='gallery-item'>\n\t\t\t<dt class='gallery-icon portrait'>\n\t\t\t\t<a href='https:\/\/www1.kkl.si\/wp-content\/uploads\/2024\/11\/plakat_20let_GKD_100cm_2024_14-scaled.jpg'><img loading=\"lazy\" decoding=\"async\" width=\"150\" height=\"150\" src=\"https:\/\/www1.kkl.si\/wp-content\/uploads\/2024\/11\/plakat_20let_GKD_100cm_2024_14-scaled-150x150.jpg\" class=\"attachment-thumbnail size-thumbnail\" alt=\"\" \/><\/a>\n\t\t\t<\/dt><\/dl><dl class='gallery-item'>\n\t\t\t<dt class='gallery-icon portrait'>\n\t\t\t\t<a href='https:\/\/www1.kkl.si\/wp-content\/uploads\/2024\/11\/plakat_20let_GKD_100cm_2024_15-scaled.jpg'><img loading=\"lazy\" decoding=\"async\" width=\"150\" height=\"150\" src=\"https:\/\/www1.kkl.si\/wp-content\/uploads\/2024\/11\/plakat_20let_GKD_100cm_2024_15-scaled-150x150.jpg\" class=\"attachment-thumbnail size-thumbnail\" alt=\"\" \/><\/a>\n\t\t\t<\/dt><\/dl><dl class='gallery-item'>\n\t\t\t<dt class='gallery-icon portrait'>\n\t\t\t\t<a href='https:\/\/www1.kkl.si\/wp-content\/uploads\/2024\/11\/plakat_20let_GKD_100cm_2024_16-scaled.jpg'><img loading=\"lazy\" decoding=\"async\" width=\"150\" height=\"150\" src=\"https:\/\/www1.kkl.si\/wp-content\/uploads\/2024\/11\/plakat_20let_GKD_100cm_2024_16-scaled-150x150.jpg\" class=\"attachment-thumbnail size-thumbnail\" alt=\"\" \/><\/a>\n\t\t\t<\/dt><\/dl>\n\t\t\t<br style='clear: both' \/>\n\t\t<\/div>\n\n<hr \/>\n<p><span style=\"font-size: 24pt;\"><i class=\"fas fa-play-circle\"><\/i> Film: A lendvai Sz\u00ednh\u00e1z- \u00e9s hangversenyterem 20. \u00e9vfordul\u00f3ja<br \/>\n<\/span><\/p>\n<p><iframe loading=\"lazy\" title=\"20. obletnica GKD Lendava - A lendvai Sz\u00ednh\u00e1z- \u00e9s hangversenyterem 20. \u00e9vfordul\u00f3ja\" width=\"720\" height=\"405\" src=\"https:\/\/www.youtube.com\/embed\/95-aQATJfag?feature=oembed\" frameborder=\"0\" allow=\"accelerometer; autoplay; clipboard-write; encrypted-media; gyroscope; picture-in-picture; web-share\" referrerpolicy=\"strict-origin-when-cross-origin\" allowfullscreen><\/iframe><\/p>\n","protected":false},"excerpt":{"rendered":"<p>A lendvai sz\u0151l\u0151hegy alatt, Lendva v\u00e1rosk\u00f6zpontj\u00e1nak sz\u00edv\u00e9ben tal\u00e1lhat\u00f3 a r\u00e9gi\u00f3 egyik legpomp\u00e1sabb \u00e9p\u00fclete. Itt tal\u00e1lhat\u00f3 a lendvai Sz\u00ednh\u00e1z- \u00e9s hangversenyterem, amelyet a lendvaiak sz\u00edvesen neveznek kult\u00farotthonak vagy \u00e9ppen m\u0171vel\u0151d\u00e9si h\u00e1znak is. A szokatlan megjelen\u00e9s\u0171 \u00e9p\u00fclet 20 \u00e9ve vonzza a tekinteteket, \u00e9s a t\u00e1rsas\u00e1gi \u00e9let, a kult\u00fara, a sz\u00f3rakoz\u00e1s \u00e9s az oktat\u00e1s helysz\u00edne. A f\u00fcgg\u00f6nyt el\u0151sz\u00f6r [&hellip;]<\/p>\n","protected":false},"author":2,"featured_media":19792,"parent":0,"menu_order":0,"comment_status":"closed","ping_status":"closed","template":"","meta":{"footnotes":""},"class_list":["post-19791","page","type-page","status-publish","has-post-thumbnail","hentry","post","post-with-thumbnail","post-with-thumbnail-icon"],"_links":{"self":[{"href":"https:\/\/www1.kkl.si\/hu\/wp-json\/wp\/v2\/pages\/19791","targetHints":{"allow":["GET"]}}],"collection":[{"href":"https:\/\/www1.kkl.si\/hu\/wp-json\/wp\/v2\/pages"}],"about":[{"href":"https:\/\/www1.kkl.si\/hu\/wp-json\/wp\/v2\/types\/page"}],"author":[{"embeddable":true,"href":"https:\/\/www1.kkl.si\/hu\/wp-json\/wp\/v2\/users\/2"}],"replies":[{"embeddable":true,"href":"https:\/\/www1.kkl.si\/hu\/wp-json\/wp\/v2\/comments?post=19791"}],"version-history":[{"count":13,"href":"https:\/\/www1.kkl.si\/hu\/wp-json\/wp\/v2\/pages\/19791\/revisions"}],"predecessor-version":[{"id":19864,"href":"https:\/\/www1.kkl.si\/hu\/wp-json\/wp\/v2\/pages\/19791\/revisions\/19864"}],"wp:featuredmedia":[{"embeddable":true,"href":"https:\/\/www1.kkl.si\/hu\/wp-json\/wp\/v2\/media\/19792"}],"wp:attachment":[{"href":"https:\/\/www1.kkl.si\/hu\/wp-json\/wp\/v2\/media?parent=19791"}],"curies":[{"name":"wp","href":"https:\/\/api.w.org\/{rel}","templated":true}]}}