{"id":1988,"date":"2020-08-12T15:34:28","date_gmt":"2020-08-12T13:34:28","guid":{"rendered":"https:\/\/www1.kkl.si\/drugo-hisni-red\/"},"modified":"2025-06-26T18:28:54","modified_gmt":"2025-06-26T16:28:54","slug":"hazirend","status":"publish","type":"page","link":"https:\/\/www1.kkl.si\/hu\/hazirend\/","title":{"rendered":"H\u00e1zirend"},"content":{"rendered":"<p><span style=\"font-size: 18pt;\">Hogy az \u00e9lm\u00e9ny kifog\u00e1stalan \u00e9s a hangulat zavartalan legyen, a Lendvai Sz\u00ednh\u00e1z- \u00e9s hangversenyterem l\u00e1togat\u00e1s\u00e1n\u00e1l a sz\u00ednh\u00e1zi illem n\u00e9h\u00e1ny szab\u00e1ly\u00e1t figyelembe kell venni.<\/span><\/p>\n<ul>\n<li>Ne k\u00e9ssenek az el\u0151ad\u00e1sokr\u00f3l \u2013 az el\u0151ad\u00e1s megkezd\u00e9se ut\u00e1n a terembe val\u00f3 bel\u00e9p\u00e9s nem enged\u00e9lyezett, amennyiben ez megt\u00f6rt\u00e9nne, k\u00f6vesse a szem\u00e9lyzet utas\u00edt\u00e1sait.<\/li>\n<li>A terembe val\u00f3 bel\u00e9p\u00e9skor k\u00e9rj\u00fck felmutatni a jegyet, ill. a b\u00e9rletet.<\/li>\n<li>Ha \u00fajs\u00e1g\u00edr\u00f3, akkor ezt jelezze a szem\u00e9lyzetnek.<\/li>\n<li>A terembe val\u00f3 bel\u00e9p\u00e9s el\u0151tt halk\u00edtsa le a mobilj\u00e1t \u00e9s az egy\u00e9b elektronikus eszk\u00f6z\u00f6ket.<\/li>\n<li>A gyerekekkel csak a korukhoz megfelel\u0151 el\u0151ad\u00e1sokat l\u00e1togass\u00e1k.<\/li>\n<li>A di\u00e1koknak \u00e9s a hallgat\u00f3knak kedvezm\u00e9nyes jegyv\u00e1s\u00e1rl\u00e1skor k\u00f6telez\u0151 felmutatni az \u00e9rv\u00e9nyes di\u00e1kigazolv\u00e1nyt.<\/li>\n<li>El\u0151ad\u00e1s k\u00f6zben ne hagyja el a termet, ne zavarja a n\u00e9z\u0151ket \u00e9s a fell\u00e9p\u0151ket.<\/li>\n<li>Hang \u00e9s k\u00e9pfelv\u00e9tel kiz\u00e1r\u00f3lag illet\u00e9kes szem\u00e9lyeknek enged\u00e9lyezett.<\/li>\n<\/ul>\n<blockquote>\n<p><strong>\u2022 A helyis\u00e9gekben szigor\u00faan tilos a doh\u00e1nyz\u00e1s, alkoholfogyaszt\u00e1s \u00e9s a rendzavar\u00e1s.<br \/>\n<\/strong><strong>\u2022 A helyis\u00e9gekben a rendet \u00e9s a\u00a0 tisztas\u00e1got\u00a0 kell tartani.<br \/>\n<\/strong><strong>\u2022 A\u00a0 Lendvai Sz\u00ednh\u00e1z- \u00e9s hangversenyterem ter\u00fclet\u00e9re tilos \u00e9telt \u00e9s italt bevinni.<br \/>\n<\/strong><strong>\u2022 \u00c1llatok bel\u00e9p\u00e9se tilos, kiv\u00e9ve a szolg\u00e1lati kuty\u00e1k. <br \/>\n<\/strong><strong>\u2022 Rollerek, ker\u00e9kp\u00e1rok \u00e9s egy\u00e9b k\u00f6zleked\u00e9si eszk\u00f6z\u00f6k haszn\u00e1lata az \u00e9p\u00fcletben tilos.<\/strong><\/p>\n<\/blockquote>\n","protected":false},"excerpt":{"rendered":"<p>Hogy az \u00e9lm\u00e9ny kifog\u00e1stalan \u00e9s a hangulat zavartalan legyen, a Lendvai Sz\u00ednh\u00e1z- \u00e9s hangversenyterem l\u00e1togat\u00e1s\u00e1n\u00e1l a sz\u00ednh\u00e1zi illem n\u00e9h\u00e1ny szab\u00e1ly\u00e1t figyelembe kell venni. Ne k\u00e9ssenek az el\u0151ad\u00e1sokr\u00f3l \u2013 az el\u0151ad\u00e1s megkezd\u00e9se ut\u00e1n a terembe val\u00f3 bel\u00e9p\u00e9s nem enged\u00e9lyezett, amennyiben ez megt\u00f6rt\u00e9nne, k\u00f6vesse a szem\u00e9lyzet utas\u00edt\u00e1sait. A terembe val\u00f3 bel\u00e9p\u00e9skor k\u00e9rj\u00fck felmutatni a jegyet, ill. a [&hellip;]<\/p>\n","protected":false},"author":2,"featured_media":0,"parent":0,"menu_order":0,"comment_status":"closed","ping_status":"closed","template":"","meta":{"footnotes":""},"class_list":["post-1988","page","type-page","status-publish","hentry","post"],"_links":{"self":[{"href":"https:\/\/www1.kkl.si\/hu\/wp-json\/wp\/v2\/pages\/1988","targetHints":{"allow":["GET"]}}],"collection":[{"href":"https:\/\/www1.kkl.si\/hu\/wp-json\/wp\/v2\/pages"}],"about":[{"href":"https:\/\/www1.kkl.si\/hu\/wp-json\/wp\/v2\/types\/page"}],"author":[{"embeddable":true,"href":"https:\/\/www1.kkl.si\/hu\/wp-json\/wp\/v2\/users\/2"}],"replies":[{"embeddable":true,"href":"https:\/\/www1.kkl.si\/hu\/wp-json\/wp\/v2\/comments?post=1988"}],"version-history":[{"count":10,"href":"https:\/\/www1.kkl.si\/hu\/wp-json\/wp\/v2\/pages\/1988\/revisions"}],"predecessor-version":[{"id":22401,"href":"https:\/\/www1.kkl.si\/hu\/wp-json\/wp\/v2\/pages\/1988\/revisions\/22401"}],"wp:attachment":[{"href":"https:\/\/www1.kkl.si\/hu\/wp-json\/wp\/v2\/media?parent=1988"}],"curies":[{"name":"wp","href":"https:\/\/api.w.org\/{rel}","templated":true}]}}