{"id":20294,"date":"2024-11-27T11:18:38","date_gmt":"2024-11-27T10:18:38","guid":{"rendered":"https:\/\/www1.kkl.si\/?page_id=20294"},"modified":"2024-12-13T14:56:44","modified_gmt":"2024-12-13T13:56:44","slug":"sank-rock-akustika","status":"publish","type":"page","link":"https:\/\/www1.kkl.si\/hu\/sank-rock-akustika\/","title":{"rendered":"\u0160ank Rock: AKUSTIKA"},"content":{"rendered":"<div class=\"opis\"><i class=\"fas fa-clock\"><\/i> <strong>2024. december 13. (p\u00e9ntek) 19.30 \u00f3ra<\/strong> | Gledali\u0161ka in koncertna dvorana Lendava<img loading=\"lazy\" decoding=\"async\" class=\"wp-image-1588 alignright\" title=\"Ingyenes rendezv\u00e9ny\" src=\"https:\/\/www1.kkl.si\/wp-content\/uploads\/\/2020\/07\/spored_simb_brezplacna-1.svg\" alt=\"brezplacna\" width=\"30\" height=\"30\" srcset=\"https:\/\/www1.kkl.si\/wp-content\/uploads\/\/2020\/07\/spored_simb_brezplacna-1.svg 150w, https:\/\/www1.kkl.si\/wp-content\/uploads\/\/2020\/07\/spored_simb_brezplacna-1.svg 400w, https:\/\/www1.kkl.si\/wp-content\/uploads\/\/2020\/07\/spored_simb_brezplacna-1.svg 1500w, https:\/\/www1.kkl.si\/wp-content\/uploads\/\/2020\/07\/spored_simb_brezplacna-1.svg 100w\" sizes=\"auto, (max-width: 30px) 100vw, 30px\" \/><br \/>\n<i class=\"fas fa-chevron-circle-right\"><\/i>\u00a0 <strong>akusztikus koncert<\/strong><br \/>\n<span class=\"premiera\">A bel\u00e9p\u00e9s d\u00edjtalan.<\/span> Az ingyenes jegyek \u00e1tvehet\u0151k a lendvai Sz\u00ednh\u00e1z\u2013 \u00e9s hangversenyterem p\u00e9nzt\u00e1r\u00e1n.<br \/>\nSzervez\u0151: <a href=\"https:\/\/www.kkl.si\/\">Knji\u017enica \u2013 Kulturni center Lendava \u2013 Lendvai K\u00f6nyvt\u00e1r \u00e9s Kultur\u00e1lis K\u00f6zpont<\/a><\/div>\n<p><em>Szlov\u00e9n le\u00edr\u00e1s:<\/em><\/p>\n<p><span style=\"font-size: 18pt;\">\u00bb\u0160ank Rock je ena najbolj priljubljenih <\/span><br \/>\n<span style=\"font-size: 18pt;\">slovenskih <em>rock<\/em> skupin vseh \u010dasov <\/span><br \/>\n<span style=\"font-size: 18pt;\">z burno zgodovino in svetlo prihodnostjo.\u00ab<\/span><\/p>\n<p>Matja\u017e Jelen, Bor Zuljan, Cveto Polak in Ale\u0161 Uranjek se po izjemno uspe\u0161ni rockerski turneji, s katero so obiskali legendarne \u017eurerske kraje, zdaj pripravljajo \u0161e na akusti\u010dno popotovanje po slovenskih gradovih, kulturnih domovih in drugih glasbenih prizori\u0161\u010dih, 25. decembra pa bodo s slavnostnim bo\u017ei\u010dnim koncertom nastopili v Cankarjevem domu v Ljubljani.<\/p>\n<p>Skupina \u0160ank Rock je leta 1996 v klubu Bosa dama posnela album z iz\u0161tekanimi razli\u010dicami svojih pesmi, za tokratno turnejo pa pripravljajo Metulja, Pu\u0161\u010davo sna, Pravljico o mavri\u010dnih ljudeh, Ma\u010dka, Restart in druge hite v novih aran\u017emajih. Na odru se jim bosta pridru\u017eili priznani glasbenici Anja Bukovec z violino in Monika Tekav\u010di\u010d z violon\u010delom, da jim bosta pomagali pri\u010darati res romanti\u010dno vzdu\u0161je.<\/p>\n<p><a href=\"https:\/\/www1.kkl.si\/wp-content\/uploads\/2024\/11\/SANK-ROCK-prikazna.jpg\" data-lbwps-width=\"2000\" data-lbwps-height=\"1351\" data-lbwps-srcsmall=\"https:\/\/www1.kkl.si\/wp-content\/uploads\/2024\/11\/SANK-ROCK-prikazna-400x270.jpg\"><img loading=\"lazy\" decoding=\"async\" class=\"alignnone size-large wp-image-20129\" src=\"https:\/\/www1.kkl.si\/wp-content\/uploads\/2024\/11\/SANK-ROCK-prikazna-1500x1013.jpg\" alt=\"\" width=\"1500\" height=\"1013\" srcset=\"https:\/\/www1.kkl.si\/wp-content\/uploads\/2024\/11\/SANK-ROCK-prikazna-1500x1013.jpg 1500w, https:\/\/www1.kkl.si\/wp-content\/uploads\/2024\/11\/SANK-ROCK-prikazna-400x270.jpg 400w, https:\/\/www1.kkl.si\/wp-content\/uploads\/2024\/11\/SANK-ROCK-prikazna.jpg 2000w\" sizes=\"auto, (max-width: 1500px) 100vw, 1500px\" \/><\/a><\/p>\n<p>Aktualna zasedba: vokalist <strong>Matja\u017e Jelen<\/strong>, kitarist <strong>Bor Zuljan<\/strong>, bobnar <strong>Ale\u0161 Uranjek<\/strong> in basist <strong>Cveto Polak<\/strong>.<\/p>\n<p>&nbsp;<\/p>\n<p><span style=\"font-size: 18pt;\">KRATKA ZGODOVINA<\/span><\/p>\n<p><a href=\"https:\/\/www1.kkl.si\/wp-content\/uploads\/2024\/11\/plakat_B1_praznicni_prog_2024_DVOJ.jpg\" data-lbwps-width=\"2100\" data-lbwps-height=\"3000\" data-lbwps-srcsmall=\"https:\/\/www1.kkl.si\/wp-content\/uploads\/2024\/11\/plakat_B1_praznicni_prog_2024_DVOJ.jpg\"><img loading=\"lazy\" decoding=\"async\" class=\"alignright size-medium wp-image-19933\" src=\"https:\/\/www1.kkl.si\/wp-content\/uploads\/2024\/11\/plakat_B1_praznicni_prog_2024_DVOJ-scaled-280x400.jpg\" alt=\"\" width=\"280\" height=\"400\" srcset=\"https:\/\/www1.kkl.si\/wp-content\/uploads\/2024\/11\/plakat_B1_praznicni_prog_2024_DVOJ-scaled-280x400.jpg 280w, https:\/\/www1.kkl.si\/wp-content\/uploads\/2024\/11\/plakat_B1_praznicni_prog_2024_DVOJ-scaled-1050x1500.jpg 1050w, https:\/\/www1.kkl.si\/wp-content\/uploads\/2024\/11\/plakat_B1_praznicni_prog_2024_DVOJ-scaled.jpg 1792w\" sizes=\"auto, (max-width: 280px) 100vw, 280px\" \/><\/a>\u0160ank Rock je slovenska rock skupina iz Velenja. Ustanovljena je bila leta 1982.<\/p>\n<p>Njihova prva plo\u0161\u010da <em>Pridite na \u017eur<\/em> je iz\u0161la leta 1987 &#8211; kmalu zatem, ko je zasedba za\u010dela sodelovanje z velenjskim mened\u017eerjem in producentom Rajkom \u0110or\u0111evi\u0107em (lastnikom televizijske postaje VTV ter kitaristom rock skupine Ave). Takrat se je zgodil hiter medijski preboj in \u0160ank Rock je kmalu postal znan po vsej Sloveniji, zlasti pa je koncertiral na Primorskem.<\/p>\n<p>Tekom let so se menjali \u010dlani, med drugim je skupino zapustil kitarist Miro Mramor, klaviaturist Peter Slani\u010d in drugi.<\/p>\n<p>Izdali so \u0161e albuma Dobro in zlo (1988) ter Jaz nimam no\u010d za spanje (1990).<\/p>\n<p>Na za\u010detku leta 1991 so se odlo\u010dili, da bodo zamenjali kitarista Zvoneta Hrajnca. K sodelovanju so povabili virtuoza Bora Zuljana in z njim posneli prelomen album <em>\u0160ank rock IV<\/em>.<\/p>\n<p>Sledila so leta koncertov in snemanj novih albumov. Leta 1994 so zamenjali basista in Cveta je nadomestil Inko Brus.<\/p>\n<p>Leta 1995 je skupina na ponudbo mened\u017eerjev iz New Yorka odpotovala v ZDA posnet svoj 6. album <em>Shut Up and Play \/ Poglej v svet<\/em>, vendar si takrat vsi \u010dlani niso bili enotni, da bi ostali tam ter nadaljevali kariero v ZDA.<\/p>\n<p>Leta 1996 je zaradi nesoglasij skupino zapustil bobnar Ale\u0161, ostali pa so nadaljevali z delom v Sloveniji in izdali \u0161e en album z novim bobnarjem Silvanom Lebanom. Nato so leta 1998 sporazumno prenehali z delom.<\/p>\n<p>Skupina je ve\u010dkrat razpadla, a nato ponovno sestala z novimi\/starimi \u010dlani in nadaljevala glasbeno pot.<\/p>\n<p>Leta 2014 se je skupina ponovno zbrala za ekskluzivni nastop na prireditvi Pivo in cvetje v La\u0161kem in se naknadno odlo\u010dila za nadaljevanje glasbene kariere s takratno zasedbo.<\/p>\n<p>Aprila 2015 je skupina z novo zasedbo izdala nov album <em>Restart<\/em>, ki vsebuje \u0161tiri nove skladbe ter \u0161est ponovno posnetih skladb.<\/p>\n<p><span style=\"font-size: 10pt;\">Besedilo je povzeto po \u010dlanku na spletni strani <a href=\"https:\/\/sl.wikipedia.org\/wiki\/%C5%A0ank_Rock\">wikipedija.<\/a><\/span><\/p>\n<p>&nbsp;<\/p>\n<p>&nbsp;<\/p>\n<p><a href=\"https:\/\/www.sankrock.si\/\"><img loading=\"lazy\" decoding=\"async\" class=\"alignnone wp-image-20134 size-large\" src=\"https:\/\/www1.kkl.si\/wp-content\/uploads\/2024\/11\/sank-rock-logo-1500x596.png\" alt=\"\" width=\"1500\" height=\"596\" srcset=\"https:\/\/www1.kkl.si\/wp-content\/uploads\/2024\/11\/sank-rock-logo-1500x596.png 1500w, https:\/\/www1.kkl.si\/wp-content\/uploads\/2024\/11\/sank-rock-logo-400x159.png 400w\" sizes=\"auto, (max-width: 1500px) 100vw, 1500px\" \/><\/a><\/p>\n<p>&nbsp;<\/p>\n<p><a href=\"https:\/\/www1.kkl.si\/wp-content\/uploads\/2024\/11\/SANK-ROCK-clani.jpg\" data-lbwps-width=\"1476\" data-lbwps-height=\"745\" data-lbwps-srcsmall=\"https:\/\/www1.kkl.si\/wp-content\/uploads\/2024\/11\/SANK-ROCK-clani-400x202.jpg\"><img loading=\"lazy\" decoding=\"async\" class=\"alignnone size-large wp-image-20138\" src=\"https:\/\/www1.kkl.si\/wp-content\/uploads\/2024\/11\/SANK-ROCK-clani-1476x745.jpg\" alt=\"\" width=\"1476\" height=\"745\" srcset=\"https:\/\/www1.kkl.si\/wp-content\/uploads\/2024\/11\/SANK-ROCK-clani.jpg 1476w, https:\/\/www1.kkl.si\/wp-content\/uploads\/2024\/11\/SANK-ROCK-clani-400x202.jpg 400w\" sizes=\"auto, (max-width: 1476px) 100vw, 1476px\" \/><\/a><\/p>\n<hr \/>\n<p><span style=\"font-size: 18pt;\"><i class=\"fas fa-play-circle\"><\/i> Video<\/span><\/p>\n<p><iframe loading=\"lazy\" title=\"\u0160ank Rock - SE \u0160E SPOMNI\u0160 [Official lyrics video]\" width=\"720\" height=\"405\" src=\"https:\/\/www.youtube.com\/embed\/HrMquRThV8g?feature=oembed\" frameborder=\"0\" allow=\"accelerometer; autoplay; clipboard-write; encrypted-media; gyroscope; picture-in-picture; web-share\" referrerpolicy=\"strict-origin-when-cross-origin\" allowfullscreen><\/iframe><\/p>\n<p><iframe loading=\"lazy\" title=\"\u0160ank Rock - NAJINA PESEM (Uradni video \/ Official video)\" width=\"720\" height=\"405\" src=\"https:\/\/www.youtube.com\/embed\/x8iru6T-QLM?feature=oembed\" frameborder=\"0\" allow=\"accelerometer; autoplay; clipboard-write; encrypted-media; gyroscope; picture-in-picture; web-share\" referrerpolicy=\"strict-origin-when-cross-origin\" allowfullscreen><\/iframe><\/p>\n<p><i class=\"fas fa-link\"><\/i> <a href=\"https:\/\/www.sankrock.si\/\">https:\/\/www.sankrock.si\/<\/a><br \/>\n<i class=\"fas fa-play-circle\"><\/i> <a href=\"https:\/\/www.youtube.com\/@officialsankrock6886\">https:\/\/www.youtube.com\/@officialsankrock6886<\/a><\/p>\n<hr \/>\n<p>Predstavo v Gledali\u0161ki in koncertni dvorani Lendava je podprlo <a href=\"https:\/\/www.gov.si\/drzavni-organi\/ministrstva\/ministrstvo-za-kulturo\/\">Ministrstvo za kulturo Republike Slovenije<\/a>.<br \/>\nA rendezv\u00e9nyt a <a href=\"https:\/\/www.gov.si\/drzavni-organi\/ministrstva\/ministrstvo-za-kulturo\/\">Szlov\u00e9n K\u00f6zt\u00e1rsas\u00e1g Kultur\u00e1lis Miniszt\u00e9riuma<\/a> t\u00e1mogatja.<\/p>\n","protected":false},"excerpt":{"rendered":"<p>2024. december 13. (p\u00e9ntek) 19.30 \u00f3ra | Gledali\u0161ka in koncertna dvorana Lendava \u00a0 akusztikus koncert A bel\u00e9p\u00e9s d\u00edjtalan. Az ingyenes jegyek \u00e1tvehet\u0151k a lendvai Sz\u00ednh\u00e1z\u2013 \u00e9s hangversenyterem p\u00e9nzt\u00e1r\u00e1n. Szervez\u0151: Knji\u017enica \u2013 Kulturni center Lendava \u2013 Lendvai K\u00f6nyvt\u00e1r \u00e9s Kultur\u00e1lis K\u00f6zpont Szlov\u00e9n le\u00edr\u00e1s: \u00bb\u0160ank Rock je ena najbolj priljubljenih slovenskih rock skupin vseh \u010dasov z burno [&hellip;]<\/p>\n","protected":false},"author":2,"featured_media":19933,"parent":0,"menu_order":0,"comment_status":"closed","ping_status":"closed","template":"","meta":{"footnotes":""},"class_list":["post-20294","page","type-page","status-publish","has-post-thumbnail","hentry","post","post-with-thumbnail","post-with-thumbnail-icon"],"_links":{"self":[{"href":"https:\/\/www1.kkl.si\/hu\/wp-json\/wp\/v2\/pages\/20294","targetHints":{"allow":["GET"]}}],"collection":[{"href":"https:\/\/www1.kkl.si\/hu\/wp-json\/wp\/v2\/pages"}],"about":[{"href":"https:\/\/www1.kkl.si\/hu\/wp-json\/wp\/v2\/types\/page"}],"author":[{"embeddable":true,"href":"https:\/\/www1.kkl.si\/hu\/wp-json\/wp\/v2\/users\/2"}],"replies":[{"embeddable":true,"href":"https:\/\/www1.kkl.si\/hu\/wp-json\/wp\/v2\/comments?post=20294"}],"version-history":[{"count":4,"href":"https:\/\/www1.kkl.si\/hu\/wp-json\/wp\/v2\/pages\/20294\/revisions"}],"predecessor-version":[{"id":20424,"href":"https:\/\/www1.kkl.si\/hu\/wp-json\/wp\/v2\/pages\/20294\/revisions\/20424"}],"wp:featuredmedia":[{"embeddable":true,"href":"https:\/\/www1.kkl.si\/hu\/wp-json\/wp\/v2\/media\/19933"}],"wp:attachment":[{"href":"https:\/\/www1.kkl.si\/hu\/wp-json\/wp\/v2\/media?parent=20294"}],"curies":[{"name":"wp","href":"https:\/\/api.w.org\/{rel}","templated":true}]}}