{"id":20431,"date":"2024-12-03T17:02:44","date_gmt":"2024-12-03T16:02:44","guid":{"rendered":"https:\/\/www1.kkl.si\/?page_id=20431"},"modified":"2024-12-16T17:52:28","modified_gmt":"2024-12-16T16:52:28","slug":"eva-boto-kjer-najbolj-gori-ujev-elotti-koncert-lendvan","status":"publish","type":"page","link":"https:\/\/www1.kkl.si\/hu\/eva-boto-kjer-najbolj-gori-ujev-elotti-koncert-lendvan\/","title":{"rendered":"Eva Boto: Kjer najbolj gori \u2013 \u00faj\u00e9v el\u0151tti koncert Lendv\u00e1n"},"content":{"rendered":"<div class=\"opis\"><i class=\"fas fa-clock\"><\/i> <strong>2024. december 29-\u00e9n (vas\u00e1rnap) 20.00 \u00f3rakor<\/strong> | lendvai Sz\u00ednh\u00e1z-\u00e9s hangversenyterem<img loading=\"lazy\" decoding=\"async\" class=\"wp-image-1588 alignright\" title=\"Ingyenes rendezv\u00e9ny\" src=\"https:\/\/www1.kkl.si\/wp-content\/uploads\/\/2020\/07\/spored_simb_brezplacna-1.svg\" alt=\"brezplacna\" width=\"30\" height=\"30\" srcset=\"https:\/\/www1.kkl.si\/wp-content\/uploads\/\/2020\/07\/spored_simb_brezplacna-1.svg 150w, https:\/\/www1.kkl.si\/wp-content\/uploads\/\/2020\/07\/spored_simb_brezplacna-1.svg 400w, https:\/\/www1.kkl.si\/wp-content\/uploads\/\/2020\/07\/spored_simb_brezplacna-1.svg 1500w, https:\/\/www1.kkl.si\/wp-content\/uploads\/\/2020\/07\/spored_simb_brezplacna-1.svg 100w\" sizes=\"auto, (max-width: 30px) 100vw, 30px\" \/><br \/>\n<i class=\"fas fa-chevron-circle-right\"><\/i>\u00a0 <strong>koncert<\/strong><br \/>\nA BEL\u00c9P\u00c9S D\u00cdJTALAN. Az ingyenes jegyek \u00e1tvehet\u0151k a lendvai Sz\u00ednh\u00e1z\u2013 \u00e9s hangversenyterem p\u00e9nzt\u00e1r\u00e1n.<br \/>\n<span class=\"premiera\">\u00c9RTES\u00cdT\u00c9S: Az Eva Boto koncertre minden jegy elkelt!<\/span><br \/>\nSzervez\u0151: <a href=\"https:\/\/www.kkl.si\/\">Knji\u017enica \u2013 Kulturni center Lendava \u2013 Lendvai K\u00f6nyvt\u00e1r \u00e9s Kultur\u00e1lis K\u00f6zpont<\/a><\/div>\n<p><em>Szlov\u00e9n le\u00edr\u00e1s:<\/em><\/p>\n<p><a href=\"https:\/\/www1.kkl.si\/wp-content\/uploads\/2024\/12\/eva_boto.jpg\" data-lbwps-width=\"2363\" data-lbwps-height=\"1059\" data-lbwps-srcsmall=\"https:\/\/www1.kkl.si\/wp-content\/uploads\/2024\/12\/eva_boto-400x179.jpg\"><img loading=\"lazy\" decoding=\"async\" class=\"alignnone size-large wp-image-20280\" src=\"https:\/\/www1.kkl.si\/wp-content\/uploads\/2024\/12\/eva_boto-1500x672.jpg\" alt=\"\" width=\"1500\" height=\"672\" srcset=\"https:\/\/www1.kkl.si\/wp-content\/uploads\/2024\/12\/eva_boto-1500x672.jpg 1500w, https:\/\/www1.kkl.si\/wp-content\/uploads\/2024\/12\/eva_boto-400x179.jpg 400w\" sizes=\"auto, (max-width: 1500px) 100vw, 1500px\" \/><\/a><\/p>\n<p><a href=\"https:\/\/www1.kkl.si\/wp-content\/uploads\/2024\/11\/plakat_B1_praznicni_prog_2024_DVOJ.jpg\" data-lbwps-width=\"2100\" data-lbwps-height=\"3000\" data-lbwps-srcsmall=\"https:\/\/www1.kkl.si\/wp-content\/uploads\/2024\/11\/plakat_B1_praznicni_prog_2024_DVOJ.jpg\"><img loading=\"lazy\" decoding=\"async\" class=\"alignright\" src=\"https:\/\/www1.kkl.si\/wp-content\/uploads\/2024\/11\/plakat_B1_praznicni_prog_2024_DVOJ-scaled-280x400.jpg\" alt=\"\" width=\"280\" height=\"400\" \/><\/a>Eva Boto s svojim koncertom PREMIERNO V Lendavi!<\/p>\n<p>Eva Boto, najmlaj\u0161a slovenska predstavnica na <em>Evroviziji<\/em>, zmagovalka <em>Slovenske Popevke<\/em> in \u0161ova <em>Znan obraz ima svoj glas<\/em>, bo ob\u010dinstvo v \u010darobni atmosferi Gledali\u0161ki in koncertni dvorani Lendava popeljala na nepozabno glasbeno popotovanje ob predstavitvi svojega drugega albuma.<\/p>\n<p>Na svojih koncertih Eva Boto skozi edinstveno koncertno zgodbo predstavi vrhunce svojega glasbenega ustvarjanja. Od leta 2012, ko je z zmago na Misiji Evroviziji postala slovenska predstavnica na Evrosongu, je gradila svojo pot.<\/p>\n<p>Tokrat bo s svojim bandom v Gledali\u0161ki in koncertni dvorani Lendava predstavila svoj novi album, ki sledi razprodanemu prvencu \u00bbKo najde\u0161 sebe\u00ab. Eva je na\u0161la nove zgodbe in \u010dustva, ki jih preda z novim albumom. Ravno zato je tako koncert kot album naslovila &#8211; <strong>KJER NAJBOLJ GORI.<\/strong><\/p>\n<p><i class=\"fas fa-link\"><\/i> <a href=\"https:\/\/www.evaboto.com\/\">https:\/\/www.evaboto.com\/<\/a><br \/>\n<i class=\"fas fa-link\"><\/i> <a href=\"https:\/\/www.instagram.com\/eva_boto\/\">Instragram &#8211; Eva Boto<\/a><br \/>\n<i class=\"fas fa-link\"><\/i> <a href=\"http:\/\/&lt;i class=&quot;&quot;fas&quot; fa-&quot;link&quot;&quot;&gt;&lt;\/i&gt;\">Facebook &#8211; Eva Boto<\/a><br \/>\n<i class=\"fas fa-play-circle\"><\/i> <a href=\"https:\/\/www.youtube.com\/@evaboto_\">Youtube<\/a><\/p>\n<p>&nbsp;<\/p>\n<p><span style=\"font-size: 18pt;\">VIDEO<\/span><\/p>\n<p><iframe loading=\"lazy\" title=\"Eva Boto - KJER NAJBOLJ GORI (official video)\" width=\"720\" height=\"405\" src=\"https:\/\/www.youtube.com\/embed\/VVbUrAMU9vU?feature=oembed\" frameborder=\"0\" allow=\"accelerometer; autoplay; clipboard-write; encrypted-media; gyroscope; picture-in-picture; web-share\" referrerpolicy=\"strict-origin-when-cross-origin\" allowfullscreen><\/iframe><\/p>\n<p><iframe loading=\"lazy\" title=\"Eva Boto - MOJE ZLATO (official video)\" width=\"720\" height=\"405\" src=\"https:\/\/www.youtube.com\/embed\/j8KbiGouHpk?feature=oembed\" frameborder=\"0\" allow=\"accelerometer; autoplay; clipboard-write; encrypted-media; gyroscope; picture-in-picture; web-share\" referrerpolicy=\"strict-origin-when-cross-origin\" allowfullscreen><\/iframe><\/p>\n<p><iframe loading=\"lazy\" title=\"Eva Boto -  KDO POZNA (official video)\" width=\"720\" height=\"405\" src=\"https:\/\/www.youtube.com\/embed\/W4__wBPBoQQ?feature=oembed\" frameborder=\"0\" allow=\"accelerometer; autoplay; clipboard-write; encrypted-media; gyroscope; picture-in-picture; web-share\" referrerpolicy=\"strict-origin-when-cross-origin\" allowfullscreen><\/iframe><\/p>\n<p><iframe loading=\"lazy\" title=\"Eva Boto - Za bo\u017ei\u010d kot otrok (Xmas 2022 edition)\" width=\"720\" height=\"405\" src=\"https:\/\/www.youtube.com\/embed\/JST4cgKtGY4?feature=oembed\" frameborder=\"0\" allow=\"accelerometer; autoplay; clipboard-write; encrypted-media; gyroscope; picture-in-picture; web-share\" referrerpolicy=\"strict-origin-when-cross-origin\" allowfullscreen><\/iframe><\/p>\n<hr \/>\n<p>Predstavo v Gledali\u0161ki in koncertni dvorani Lendava je podprlo <a href=\"https:\/\/www.gov.si\/drzavni-organi\/ministrstva\/ministrstvo-za-kulturo\/\">Ministrstvo za kulturo Republike Slovenije<\/a>.<br \/>\nA rendezv\u00e9nyt a <a href=\"https:\/\/www.gov.si\/drzavni-organi\/ministrstva\/ministrstvo-za-kulturo\/\">Szlov\u00e9n K\u00f6zt\u00e1rsas\u00e1g Kultur\u00e1lis Miniszt\u00e9riuma<\/a> t\u00e1mogatja.<\/p>\n","protected":false},"excerpt":{"rendered":"<p>2024. december 29-\u00e9n (vas\u00e1rnap) 20.00 \u00f3rakor | lendvai Sz\u00ednh\u00e1z-\u00e9s hangversenyterem \u00a0 koncert A BEL\u00c9P\u00c9S D\u00cdJTALAN. Az ingyenes jegyek \u00e1tvehet\u0151k a lendvai Sz\u00ednh\u00e1z\u2013 \u00e9s hangversenyterem p\u00e9nzt\u00e1r\u00e1n. \u00c9RTES\u00cdT\u00c9S: Az Eva Boto koncertre minden jegy elkelt! Szervez\u0151: Knji\u017enica \u2013 Kulturni center Lendava \u2013 Lendvai K\u00f6nyvt\u00e1r \u00e9s Kultur\u00e1lis K\u00f6zpont Szlov\u00e9n le\u00edr\u00e1s: Eva Boto s svojim koncertom PREMIERNO V Lendavi! [&hellip;]<\/p>\n","protected":false},"author":2,"featured_media":19933,"parent":0,"menu_order":0,"comment_status":"closed","ping_status":"closed","template":"","meta":{"footnotes":""},"class_list":["post-20431","page","type-page","status-publish","has-post-thumbnail","hentry","post","post-with-thumbnail","post-with-thumbnail-icon"],"_links":{"self":[{"href":"https:\/\/www1.kkl.si\/hu\/wp-json\/wp\/v2\/pages\/20431","targetHints":{"allow":["GET"]}}],"collection":[{"href":"https:\/\/www1.kkl.si\/hu\/wp-json\/wp\/v2\/pages"}],"about":[{"href":"https:\/\/www1.kkl.si\/hu\/wp-json\/wp\/v2\/types\/page"}],"author":[{"embeddable":true,"href":"https:\/\/www1.kkl.si\/hu\/wp-json\/wp\/v2\/users\/2"}],"replies":[{"embeddable":true,"href":"https:\/\/www1.kkl.si\/hu\/wp-json\/wp\/v2\/comments?post=20431"}],"version-history":[{"count":2,"href":"https:\/\/www1.kkl.si\/hu\/wp-json\/wp\/v2\/pages\/20431\/revisions"}],"predecessor-version":[{"id":20434,"href":"https:\/\/www1.kkl.si\/hu\/wp-json\/wp\/v2\/pages\/20431\/revisions\/20434"}],"wp:featuredmedia":[{"embeddable":true,"href":"https:\/\/www1.kkl.si\/hu\/wp-json\/wp\/v2\/media\/19933"}],"wp:attachment":[{"href":"https:\/\/www1.kkl.si\/hu\/wp-json\/wp\/v2\/media?parent=20431"}],"curies":[{"name":"wp","href":"https:\/\/api.w.org\/{rel}","templated":true}]}}