{"id":20458,"date":"2024-12-06T10:56:35","date_gmt":"2024-12-06T09:56:35","guid":{"rendered":"https:\/\/www1.kkl.si\/?page_id=20458"},"modified":"2025-10-17T09:49:58","modified_gmt":"2025-10-17T07:49:58","slug":"musor-2025-01","status":"publish","type":"page","link":"https:\/\/www1.kkl.si\/hu\/musor-2025-01\/","title":{"rendered":"M\u0170SOR: 2025. janu\u00e1r"},"content":{"rendered":"<p><strong>2025.<\/strong> <a href=\"https:\/\/www1.kkl.si\/hu\/musor-2025-01\/\">janu\u00e1r<\/a> | <a href=\"https:\/\/www1.kkl.si\/hu\/musor-2025-02\/\">febru\u00e1r<\/a> | <a href=\"https:\/\/www1.kkl.si\/hu\/musor-2025-03\/\">m\u00e1rcius<\/a> | <a href=\"https:\/\/www1.kkl.si\/hu\/musor-2025-04\/\">\u00e1prilis<\/a> | <a href=\"https:\/\/www1.kkl.si\/hu\/musor-2025-05\/\">m\u00e1jus<\/a> | <a href=\"https:\/\/www1.kkl.si\/hu\/musor-2025-06\/\">j\u00fanius<\/a> | <a href=\"https:\/\/www1.kkl.si\/hu\/musor-2025-07\/\">j\u00falius<\/a> | <a href=\"https:\/\/www1.kkl.si\/hu\/musor-2025-08\/\">augusztus<\/a> | <a href=\"https:\/\/www1.kkl.si\/hu\/musor-2025-09\/\">szeptember<\/a> | <a href=\"https:\/\/www1.kkl.si\/hu\/musor-2025-10\/\">okt\u00f3ber<\/a> | <a href=\"https:\/\/www1.kkl.si\/hu\/musor-2025-11\/\">november<\/a> | <a href=\"https:\/\/www1.kkl.si\/hu\/musor-2025-12\/\">december<\/a> | <a href=\"https:\/\/www1.kkl.si\/hu\/a-musor-archivuma\/\">ARCH\u00cdVUM<\/a><\/p>\n<div style=\"overflow-x: auto;\">\n<table id=\"spored-legenda\" cellspacing=\"0\" cellpadding=\"5\">\n<tbody>\n<tr>\n<td><strong>JELMAGYAR\u00c1ZAT<br \/>\n<\/strong><\/td>\n<td style=\"vertical-align: middle;\"><img loading=\"lazy\" decoding=\"async\" class=\"alignnone wp-image-1586\" title=\"Szlov\u00e9n b\u00e9rlet\" src=\"https:\/\/www1.kkl.si\/wp-content\/uploads\/\/2020\/07\/spored_simb_abonma_si-1.svg\" alt=\"abonma_si\" width=\"30\" height=\"30\" \/><\/td>\n<td>Szlov\u00e9n<br \/>\nb\u00e9rlet<\/td>\n<td style=\"vertical-align: middle;\"><img loading=\"lazy\" decoding=\"async\" class=\"alignnone wp-image-1584\" title=\"Magyar b\u00e9rlet\" src=\"https:\/\/www1.kkl.si\/wp-content\/uploads\/\/2020\/07\/spored_simb_abonma_hu-1.svg\" alt=\"abonma_hu\" width=\"30\" height=\"30\" srcset=\"https:\/\/www1.kkl.si\/wp-content\/uploads\/\/2020\/07\/spored_simb_abonma_hu-1.svg 150w, https:\/\/www1.kkl.si\/wp-content\/uploads\/\/2020\/07\/spored_simb_abonma_hu-1.svg 400w, https:\/\/www1.kkl.si\/wp-content\/uploads\/\/2020\/07\/spored_simb_abonma_hu-1.svg 1500w, https:\/\/www1.kkl.si\/wp-content\/uploads\/\/2020\/07\/spored_simb_abonma_hu-1.svg 100w\" sizes=\"auto, (max-width: 30px) 100vw, 30px\" \/><\/td>\n<td>Magyar<br \/>\nb\u00e9rlet<\/td>\n<td style=\"vertical-align: middle;\"><img loading=\"lazy\" decoding=\"async\" class=\"alignnone wp-image-1594\" title=\"Z\u00e1rtk\u00f6r\u0171 rendezv\u00e9ny\" src=\"https:\/\/www1.kkl.si\/wp-content\/uploads\/\/2020\/07\/spored_simb_zakljucena-1.svg\" alt=\"zakljucena\" width=\"30\" height=\"30\" srcset=\"https:\/\/www1.kkl.si\/wp-content\/uploads\/\/2020\/07\/spored_simb_zakljucena-1.svg 150w, https:\/\/www1.kkl.si\/wp-content\/uploads\/\/2020\/07\/spored_simb_zakljucena-1.svg 400w, https:\/\/www1.kkl.si\/wp-content\/uploads\/\/2020\/07\/spored_simb_zakljucena-1.svg 1500w, https:\/\/www1.kkl.si\/wp-content\/uploads\/\/2020\/07\/spored_simb_zakljucena-1.svg 100w\" sizes=\"auto, (max-width: 30px) 100vw, 30px\" \/><\/td>\n<td>Z\u00e1rtk\u00f6r\u0171<br \/>\nrendezv\u00e9ny<\/td>\n<td style=\"vertical-align: middle;\"><img loading=\"lazy\" decoding=\"async\" class=\"alignnone wp-image-1588\" title=\"Ingyenes rendezv\u00e9ny\" src=\"https:\/\/www1.kkl.si\/wp-content\/uploads\/\/2020\/07\/spored_simb_brezplacna-1.svg\" alt=\"brezplacna\" width=\"30\" height=\"30\" srcset=\"https:\/\/www1.kkl.si\/wp-content\/uploads\/\/2020\/07\/spored_simb_brezplacna-1.svg 150w, https:\/\/www1.kkl.si\/wp-content\/uploads\/\/2020\/07\/spored_simb_brezplacna-1.svg 400w, https:\/\/www1.kkl.si\/wp-content\/uploads\/\/2020\/07\/spored_simb_brezplacna-1.svg 1500w, https:\/\/www1.kkl.si\/wp-content\/uploads\/\/2020\/07\/spored_simb_brezplacna-1.svg 100w\" sizes=\"auto, (max-width: 30px) 100vw, 30px\" \/><\/td>\n<td>Ingyenes<br \/>\nrendezv\u00e9ny<\/td>\n<td style=\"vertical-align: middle;\"><img loading=\"lazy\" decoding=\"async\" class=\"wp-image-1592 alignnone\" title=\"Fizet\u0151s rendezv\u00e9ny\" src=\"https:\/\/www1.kkl.si\/wp-content\/uploads\/\/2020\/07\/spored_simb_placljiva-1.svg\" alt=\"placljiva\" width=\"30\" height=\"30\" srcset=\"https:\/\/www1.kkl.si\/wp-content\/uploads\/\/2020\/07\/spored_simb_placljiva-1.svg 150w, https:\/\/www1.kkl.si\/wp-content\/uploads\/\/2020\/07\/spored_simb_placljiva-1.svg 400w, https:\/\/www1.kkl.si\/wp-content\/uploads\/\/2020\/07\/spored_simb_placljiva-1.svg 1500w, https:\/\/www1.kkl.si\/wp-content\/uploads\/\/2020\/07\/spored_simb_placljiva-1.svg 100w\" sizes=\"auto, (max-width: 30px) 100vw, 30px\" \/><\/td>\n<td>Fizet\u0151s<br \/>\nrendezv\u00e9ny<\/td>\n<td style=\"vertical-align: middle;\"><img loading=\"lazy\" decoding=\"async\" class=\"alignnone wp-image-1590\" title=\"\u00dajdons\u00e1g, v\u00e1ltoz\u00e1s\" src=\"https:\/\/www1.kkl.si\/wp-content\/uploads\/\/2020\/07\/spored_simb_novost-1.svg\" alt=\"novost\" width=\"30\" height=\"30\" srcset=\"https:\/\/www1.kkl.si\/wp-content\/uploads\/\/2020\/07\/spored_simb_novost-1.svg 150w, https:\/\/www1.kkl.si\/wp-content\/uploads\/\/2020\/07\/spored_simb_novost-1.svg 400w, https:\/\/www1.kkl.si\/wp-content\/uploads\/\/2020\/07\/spored_simb_novost-1.svg 1500w, https:\/\/www1.kkl.si\/wp-content\/uploads\/\/2020\/07\/spored_simb_novost-1.svg 100w\" sizes=\"auto, (max-width: 30px) 100vw, 30px\" \/><\/td>\n<td>\u00dajdons\u00e1g,<br \/>\nv\u00e1ltoz\u00e1s<\/td>\n<\/tr>\n<\/tbody>\n<\/table>\n<\/div>\n<table id=\"sporedtabela\" style=\"width: 100%;\">\n<tbody>\n<tr>\n<td style=\"width: 14.9128%;\">\n<p style=\"text-align: center;\"><strong><span style=\"font-size: 24pt;\">10.<\/span><br \/>\n<\/strong><\/p>\n<p style=\"text-align: center;\">p\u00e9ntek<\/p>\n<p><img loading=\"lazy\" decoding=\"async\" class=\"alignnone wp-image-1594 aligncenter\" title=\"Z\u00e1rtk\u00f6r\u0171 rendezv\u00e9ny\" src=\"https:\/\/www1.kkl.si\/wp-content\/uploads\/\/2020\/07\/spored_simb_zakljucena-1.svg\" alt=\"zakljucena\" width=\"30\" height=\"30\" srcset=\"https:\/\/www1.kkl.si\/wp-content\/uploads\/\/2020\/07\/spored_simb_zakljucena-1.svg 150w, https:\/\/www1.kkl.si\/wp-content\/uploads\/\/2020\/07\/spored_simb_zakljucena-1.svg 400w, https:\/\/www1.kkl.si\/wp-content\/uploads\/\/2020\/07\/spored_simb_zakljucena-1.svg 1500w, https:\/\/www1.kkl.si\/wp-content\/uploads\/\/2020\/07\/spored_simb_zakljucena-1.svg 100w\" sizes=\"auto, (max-width: 30px) 100vw, 30px\" \/><\/p>\n<p>&nbsp;<\/p>\n<\/td>\n<td style=\"width: 84.6061%;\">\n<p><i class=\"fas fa-clock\"><\/i> <strong>20.00<\/strong> | lendvai Sz\u00ednh\u00e1z- \u00e9s hangversenyterem<a href=\"https:\/\/www1.kkl.si\/wp-content\/uploads\/2025\/01\/finale_miss_slovenije_2024.jpg\" data-lbwps-width=\"1152\" data-lbwps-height=\"1440\" data-lbwps-srcsmall=\"https:\/\/www1.kkl.si\/wp-content\/uploads\/2025\/01\/finale_miss_slovenije_2024-320x400.jpg\"><img loading=\"lazy\" decoding=\"async\" class=\"alignright size-thumbnail wp-image-20627\" src=\"https:\/\/www1.kkl.si\/wp-content\/uploads\/2025\/01\/finale_miss_slovenije_2024-150x150.jpg\" alt=\"\" width=\"150\" height=\"150\" \/><\/a><br \/>\n<strong>g\u00e1larendezv\u00e9ny<br \/>\n<\/strong><\/p>\n<p><span style=\"font-size: 24pt;\"><strong><a href=\"https:\/\/www1.kkl.si\/hu\/a-szlovenia-szepe-2024-dontoje-lendvan\/\">Szlov\u00e9nia sz\u00e9pe 2024 d\u00f6nt\u0151je<\/a><br \/>\n<\/strong><\/span><\/p>\n<p>El\u0151 vet\u00edt\u00e9s a <a href=\"https:\/\/veseljak.svet24.si\/\">TV Veseljak<\/a> \u00e9s az <a href=\"https:\/\/radioaktual.svet24.si\/clanek\/na-aktualu\/novice\/64f71c3b2c3ff\/radio-aktual-najbolj-poslusan-komercialni-radio-tudi-na-tv\">Aktual TV<\/a> t\u00e9v\u00e9csatorn\u00e1kon, valamint a\u00a0<a href=\"https:\/\/www.youtube.com\/c\/MissSlovenia-project\/\">Miss Slovenije<\/a> YouTube-csatorn\u00e1n!<\/p>\n<p><span style=\"font-size: 10pt;\">Szervez\u0151: <a href=\"http:\/\/www.missslovenije.si\/\">Miss Slovenije<\/a><\/span><\/p>\n<\/td>\n<\/tr>\n<tr>\n<td style=\"width: 14.9128%;\">\n<p style=\"text-align: center;\"><strong><span style=\"font-size: 24pt;\">14.<\/span><br \/>\n<\/strong><\/p>\n<p style=\"text-align: center;\">kedd<\/p>\n<p style=\"text-align: center;\"><img loading=\"lazy\" decoding=\"async\" class=\"alignnone wp-image-1584\" title=\"Magyar b\u00e9rlet\" src=\"https:\/\/www1.kkl.si\/wp-content\/uploads\/\/2020\/07\/spored_simb_abonma_hu-1.svg\" alt=\"abonma_hu\" width=\"30\" height=\"30\" srcset=\"https:\/\/www1.kkl.si\/wp-content\/uploads\/\/2020\/07\/spored_simb_abonma_hu-1.svg 150w, https:\/\/www1.kkl.si\/wp-content\/uploads\/\/2020\/07\/spored_simb_abonma_hu-1.svg 400w, https:\/\/www1.kkl.si\/wp-content\/uploads\/\/2020\/07\/spored_simb_abonma_hu-1.svg 1500w, https:\/\/www1.kkl.si\/wp-content\/uploads\/\/2020\/07\/spored_simb_abonma_hu-1.svg 100w\" sizes=\"auto, (max-width: 30px) 100vw, 30px\" \/>\u00a0 <img loading=\"lazy\" decoding=\"async\" class=\"wp-image-1592 alignnone\" title=\"Fizet\u0151s rendezv\u00e9ny\" src=\"https:\/\/www1.kkl.si\/wp-content\/uploads\/\/2020\/07\/spored_simb_placljiva-1.svg\" alt=\"placljiva\" width=\"30\" height=\"30\" srcset=\"https:\/\/www1.kkl.si\/wp-content\/uploads\/\/2020\/07\/spored_simb_placljiva-1.svg 150w, https:\/\/www1.kkl.si\/wp-content\/uploads\/\/2020\/07\/spored_simb_placljiva-1.svg 400w, https:\/\/www1.kkl.si\/wp-content\/uploads\/\/2020\/07\/spored_simb_placljiva-1.svg 1500w, https:\/\/www1.kkl.si\/wp-content\/uploads\/\/2020\/07\/spored_simb_placljiva-1.svg 100w\" sizes=\"auto, (max-width: 30px) 100vw, 30px\" \/><\/p>\n<\/td>\n<td style=\"width: 84.6061%;\">\n<p><i class=\"fas fa-clock\"><\/i> <strong>19.00<\/strong> | lendvai Sz\u00ednh\u00e1z- \u00e9s hangversenyterem<a href=\"https:\/\/www1.kkl.si\/wp-content\/uploads\/2025\/01\/makrancEL.jpg\" data-lbwps-width=\"1264\" data-lbwps-height=\"1772\" data-lbwps-srcsmall=\"https:\/\/www1.kkl.si\/wp-content\/uploads\/2025\/01\/makrancEL-285x400.jpg\"><img loading=\"lazy\" decoding=\"async\" class=\"alignright size-thumbnail wp-image-20666\" src=\"https:\/\/www1.kkl.si\/wp-content\/uploads\/2025\/01\/makrancEL-150x150.jpg\" alt=\"\" width=\"150\" height=\"150\" \/><\/a><br \/>\n<strong>zen\u00e9s v\u00edgj\u00e1t\u00e9k k\u00e9t felvon\u00e1sban<br \/>\n<\/strong><\/p>\n<p>Turay Ida Sz\u00ednh\u00e1z | William Shakespeare<\/p>\n<p><a href=\"https:\/\/www1.kkl.si\/hu\/turay-ida-szinhaz-a-makrancos-holgy\/\"><span style=\"font-size: 24pt;\"><strong><b>A makrancos h\u00f6lgy<\/b><\/strong><\/span><\/a><\/p>\n<p><i class=\"fas fa-ticket-alt\"><\/i> Bel\u00e9p\u0151: <strong>20 \u20ac<\/strong>, di\u00e1koknak \u00e9s nyugd\u00edjasoknak <strong>16 \u20ac<\/strong><br \/>\nJegyek Lendv\u00e1n a sz\u00ednh\u00e1zban 2025. janu\u00e1r 6-t\u00f3l kaphat\u00f3k (p\u00e9nzt\u00e1r: <i class=\"fas fa-phone-alt\"><\/i> +386 (0)2 577 60 24)<\/p>\n<p><span style=\"font-size: 10pt;\">Szervez\u0151: <a href=\"https:\/\/www.mnmi-zkmn.si\/\">MNMI Lendva \u2013 ZKMN Lendava<\/a><\/span><\/p>\n<\/td>\n<\/tr>\n<tr>\n<td style=\"width: 14.9128%;\">\n<p style=\"text-align: center;\"><strong><span style=\"font-size: 24pt;\">18.<\/span><br \/>\n<\/strong><\/p>\n<p style=\"text-align: center;\">szombat<\/p>\n<p><img loading=\"lazy\" decoding=\"async\" class=\"alignnone wp-image-1588 aligncenter\" title=\"Ingyenes rendezv\u00e9ny\" src=\"https:\/\/www1.kkl.si\/wp-content\/uploads\/\/2020\/07\/spored_simb_brezplacna-1.svg\" alt=\"brezplacna\" width=\"30\" height=\"30\" srcset=\"https:\/\/www1.kkl.si\/wp-content\/uploads\/\/2020\/07\/spored_simb_brezplacna-1.svg 150w, https:\/\/www1.kkl.si\/wp-content\/uploads\/\/2020\/07\/spored_simb_brezplacna-1.svg 400w, https:\/\/www1.kkl.si\/wp-content\/uploads\/\/2020\/07\/spored_simb_brezplacna-1.svg 1500w, https:\/\/www1.kkl.si\/wp-content\/uploads\/\/2020\/07\/spored_simb_brezplacna-1.svg 100w\" sizes=\"auto, (max-width: 30px) 100vw, 30px\" \/><\/p>\n<\/td>\n<td style=\"width: 84.6061%;\">\n<p><i class=\"fas fa-clock\"><\/i> <strong>18.00<\/strong> | lendvai Sz\u00ednh\u00e1z- \u00e9s hangversenyterem<a href=\"https:\/\/www1.kkl.si\/wp-content\/uploads\/2025\/01\/Meghivo_Magyar_kultura_napja_2025.jpg\" data-lbwps-width=\"1772\" data-lbwps-height=\"1181\" data-lbwps-srcsmall=\"https:\/\/www1.kkl.si\/wp-content\/uploads\/2025\/01\/Meghivo_Magyar_kultura_napja_2025-400x267.jpg\"><img loading=\"lazy\" decoding=\"async\" class=\"alignright size-thumbnail wp-image-20687\" src=\"https:\/\/www1.kkl.si\/wp-content\/uploads\/2025\/01\/Meghivo_Magyar_kultura_napja_2025.jpg\" alt=\"\" width=\"150\" height=\"150\" \/><\/a><br \/>\n<strong>\u00fcnnepi m\u0171sor, kultur\u00e1lis rendezv\u00e9ny<br \/>\n<\/strong><\/p>\n<p><a href=\"https:\/\/www1.kkl.si\/hu\/meghivo-a-magyar-kultura-napja-2025-ben\/\"><span style=\"font-size: 24pt;\"><strong><b>A magyar kult\u00fara napja<\/b><\/strong><\/span><\/a><\/p>\n<p><strong>A 2025. \u00e9vi Zala Gy\u00f6rgy kultur\u00e1lis d\u00edjak \u00e1tad\u00e1sa.<\/strong><\/p>\n<p><span style=\"font-size: 10pt;\">Szervez\u0151: <a href=\"https:\/\/www.mnmi-zkmn.si\/\">MNMI Lendva \u2013 ZKMN Lendava<\/a><\/span><\/p>\n<\/td>\n<\/tr>\n<tr>\n<td style=\"width: 14.9128%;\">\n<p style=\"text-align: center;\"><span style=\"font-size: 24pt;\"><strong>25.<\/strong><\/span><\/p>\n<p style=\"text-align: center;\">szombat<\/p>\n<p><img loading=\"lazy\" decoding=\"async\" class=\"wp-image-1592 alignnone aligncenter\" title=\"Fizet\u0151s rendezv\u00e9ny\" src=\"https:\/\/www1.kkl.si\/wp-content\/uploads\/\/2020\/07\/spored_simb_placljiva-1.svg\" alt=\"placljiva\" width=\"30\" height=\"30\" srcset=\"https:\/\/www1.kkl.si\/wp-content\/uploads\/\/2020\/07\/spored_simb_placljiva-1.svg 150w, https:\/\/www1.kkl.si\/wp-content\/uploads\/\/2020\/07\/spored_simb_placljiva-1.svg 400w, https:\/\/www1.kkl.si\/wp-content\/uploads\/\/2020\/07\/spored_simb_placljiva-1.svg 1500w, https:\/\/www1.kkl.si\/wp-content\/uploads\/\/2020\/07\/spored_simb_placljiva-1.svg 100w\" sizes=\"auto, (max-width: 30px) 100vw, 30px\" \/><\/p>\n<\/td>\n<td style=\"width: 84.6061%;\">\n<p><i class=\"fas fa-clock\"><\/i> <strong>18.00<\/strong> | lendvai Sz\u00ednh\u00e1z- \u00e9s hangversenyterem <span class=\"premiera\">BEMUTAT\u00d3<\/span> <a href=\"https:\/\/www1.kkl.si\/wp-content\/uploads\/2025\/01\/KOFETARJI_PLAKAT_RESNO-MOTENI.jpg\" data-lbwps-width=\"842\" data-lbwps-height=\"1191\" data-lbwps-srcsmall=\"https:\/\/www1.kkl.si\/wp-content\/uploads\/2025\/01\/KOFETARJI_PLAKAT_RESNO-MOTENI-283x400.jpg\"><img loading=\"lazy\" decoding=\"async\" class=\"alignright size-thumbnail wp-image-20774\" src=\"https:\/\/www1.kkl.si\/wp-content\/uploads\/2025\/01\/KOFETARJI_PLAKAT_RESNO-MOTENI-e1737097986636-150x150.jpg\" alt=\"\" width=\"150\" height=\"150\" \/><\/a><br \/>\n<strong>v\u00edgj\u00e1t\u00e9k<br \/>\n<\/strong><\/p>\n<p>Nyugd\u00edjasok Egyes\u00fclete Lendva, Kofetarji sz\u00ednj\u00e1tsz\u00f3 csoport | Laurent Baffie:<\/p>\n<p><a href=\"https:\/\/www1.kkl.si\/hu\/du-lendava-gledaliska-skupina-kofetarji-laurent-baffie-resno-moteni\/\"><span style=\"font-size: 24pt;\"><strong>Resno moteni*<\/strong><\/span><\/a><\/p>\n<p>Ford\u00edtotta: \u017diva \u010cebulj<br \/>\nRendezte: Eva Na\u0111<\/p>\n<p><i class=\"fas fa-ticket-alt\"><\/i>\u00a0Bel\u00e9p\u0151d\u00edj: <strong>7 \u20ac<\/strong><\/p>\n<p><span style=\"font-size: 10pt;\">Szervez\u0151: <a href=\"http:\/\/www.posrcumlad.si\/lendava\/kontakt.html\">Dru\u0161tvo upokojencev Lendava\/Nyugd\u00edjasok Egyes\u00fclete Lendva<\/a><\/span><\/p>\n<\/td>\n<\/tr>\n<tr>\n<td style=\"width: 14.9128%;\">\n<p style=\"text-align: center;\"><span style=\"font-size: 24pt;\"><strong>28.<br \/>\n<\/strong><\/span><\/p>\n<p style=\"text-align: center;\">kedd<\/p>\n<p style=\"text-align: center;\"><img loading=\"lazy\" decoding=\"async\" class=\"alignnone wp-image-1586\" title=\"Szlov\u00e9n b\u00e9rlet\" src=\"https:\/\/www1.kkl.si\/wp-content\/uploads\/\/2020\/07\/spored_simb_abonma_si-1.svg\" alt=\"abonma_si\" width=\"30\" height=\"30\" \/>\u00a0 <img loading=\"lazy\" decoding=\"async\" class=\"wp-image-1592 alignnone\" title=\"Fizet\u0151s rendezv\u00e9ny\" src=\"https:\/\/www1.kkl.si\/wp-content\/uploads\/\/2020\/07\/spored_simb_placljiva-1.svg\" alt=\"placljiva\" width=\"30\" height=\"30\" srcset=\"https:\/\/www1.kkl.si\/wp-content\/uploads\/\/2020\/07\/spored_simb_placljiva-1.svg 150w, https:\/\/www1.kkl.si\/wp-content\/uploads\/\/2020\/07\/spored_simb_placljiva-1.svg 400w, https:\/\/www1.kkl.si\/wp-content\/uploads\/\/2020\/07\/spored_simb_placljiva-1.svg 1500w, https:\/\/www1.kkl.si\/wp-content\/uploads\/\/2020\/07\/spored_simb_placljiva-1.svg 100w\" sizes=\"auto, (max-width: 30px) 100vw, 30px\" \/><\/p>\n<\/td>\n<td style=\"width: 84.6061%;\">\n<p><i class=\"fas fa-clock\"><\/i> <strong>19.00<\/strong> | lendvai Sz\u00ednh\u00e1z- \u00e9s hangversenyterem<a href=\"https:\/\/www1.kkl.si\/wp-content\/uploads\/2024\/12\/plakat_B1_Kako_se_znebiti_2024_DVOJ.jpg\" data-lbwps-width=\"2100\" data-lbwps-height=\"3000\" data-lbwps-srcsmall=\"https:\/\/www1.kkl.si\/wp-content\/uploads\/2024\/12\/plakat_B1_Kako_se_znebiti_2024_DVOJ.jpg\"><img loading=\"lazy\" decoding=\"async\" class=\"size-thumbnail wp-image-20388 alignright\" src=\"https:\/\/www1.kkl.si\/wp-content\/uploads\/2024\/12\/plakat_B1_Kako_se_znebiti_2024_DVOJ-scaled-150x150.jpg\" alt=\"\" width=\"150\" height=\"150\" \/><\/a><br \/>\n<strong>szlov\u00e9n v\u00edgj\u00e1t\u00e9k<br \/>\n<\/strong><\/p>\n<p>\u0160pas Teater<\/p>\n<p><span style=\"font-size: 24pt;\"><strong><a href=\"https:\/\/www1.kkl.si\/hu\/spas-teater-kako-se-znebiti-bodocega-moza\/\">Kako se znebiti bodo\u010dega mo\u017ea<\/a><\/strong><\/span><\/p>\n<p><i class=\"fas fa-ticket-alt\"><\/i> Bel\u00e9p\u0151: el\u0151v\u00e9telben <strong>15 \u20ac<\/strong>, az el\u0151ad\u00e1s napj\u00e1n <strong>18 \u20ac<\/strong><br \/>\nP\u00e9nzt\u00e1r: <i class=\"fas fa-phone-alt\"><\/i> +386 (0)2 577 60 24<\/p>\n<p><span style=\"font-size: 10pt;\">Szervez\u0151: <a href=\"https:\/\/www.kkl.si\/\">Knji\u017enica \u2013 Kulturni center Lendava \u2013 Lendvai K\u00f6nyvt\u00e1r \u00e9s Kultur\u00e1lis K\u00f6zpont<\/a><\/span><\/p>\n<\/td>\n<\/tr>\n<\/tbody>\n<\/table>\n<p style=\"text-align: center;\"><span style=\"font-size: 10pt;\">A szervez\u0151k fenntartj\u00e1k a m\u0171sorv\u00e1ltoz\u00e1s jog\u00e1t.<\/span><\/p>\n","protected":false},"excerpt":{"rendered":"<p>2025. janu\u00e1r | febru\u00e1r | m\u00e1rcius | \u00e1prilis | m\u00e1jus | j\u00fanius | j\u00falius | augusztus | szeptember | okt\u00f3ber | november | december | ARCH\u00cdVUM JELMAGYAR\u00c1ZAT Szlov\u00e9n b\u00e9rlet Magyar b\u00e9rlet Z\u00e1rtk\u00f6r\u0171 rendezv\u00e9ny Ingyenes rendezv\u00e9ny Fizet\u0151s rendezv\u00e9ny \u00dajdons\u00e1g, v\u00e1ltoz\u00e1s 10. p\u00e9ntek &nbsp; 20.00 | lendvai Sz\u00ednh\u00e1z- \u00e9s hangversenyterem g\u00e1larendezv\u00e9ny Szlov\u00e9nia sz\u00e9pe 2024 d\u00f6nt\u0151je El\u0151 vet\u00edt\u00e9s [&hellip;]<\/p>\n","protected":false},"author":2,"featured_media":0,"parent":0,"menu_order":0,"comment_status":"closed","ping_status":"closed","template":"","meta":{"footnotes":""},"class_list":["post-20458","page","type-page","status-publish","hentry","post"],"_links":{"self":[{"href":"https:\/\/www1.kkl.si\/hu\/wp-json\/wp\/v2\/pages\/20458","targetHints":{"allow":["GET"]}}],"collection":[{"href":"https:\/\/www1.kkl.si\/hu\/wp-json\/wp\/v2\/pages"}],"about":[{"href":"https:\/\/www1.kkl.si\/hu\/wp-json\/wp\/v2\/types\/page"}],"author":[{"embeddable":true,"href":"https:\/\/www1.kkl.si\/hu\/wp-json\/wp\/v2\/users\/2"}],"replies":[{"embeddable":true,"href":"https:\/\/www1.kkl.si\/hu\/wp-json\/wp\/v2\/comments?post=20458"}],"version-history":[{"count":29,"href":"https:\/\/www1.kkl.si\/hu\/wp-json\/wp\/v2\/pages\/20458\/revisions"}],"predecessor-version":[{"id":24481,"href":"https:\/\/www1.kkl.si\/hu\/wp-json\/wp\/v2\/pages\/20458\/revisions\/24481"}],"wp:attachment":[{"href":"https:\/\/www1.kkl.si\/hu\/wp-json\/wp\/v2\/media?parent=20458"}],"curies":[{"name":"wp","href":"https:\/\/api.w.org\/{rel}","templated":true}]}}