{"id":20475,"date":"2024-12-08T16:02:30","date_gmt":"2024-12-08T15:02:30","guid":{"rendered":"https:\/\/www1.kkl.si\/?page_id=20475"},"modified":"2025-01-28T18:15:28","modified_gmt":"2025-01-28T17:15:28","slug":"spas-teater-kako-se-znebiti-bodocega-moza","status":"publish","type":"page","link":"https:\/\/www1.kkl.si\/hu\/spas-teater-kako-se-znebiti-bodocega-moza\/","title":{"rendered":"\u0160pas Teater: Kako se znebiti bodo\u010dega mo\u017ea"},"content":{"rendered":"<div class=\"opis\"><i class=\"fas fa-clock\"><\/i> <strong>2025. janu\u00e1r 28-\u00e1n (kedden), 19.00 \u00f3rakor<\/strong> | lendvai Sz\u00ednh\u00e1z- \u00e9s hangversenyterem<img loading=\"lazy\" decoding=\"async\" class=\"wp-image-1592 alignright\" title=\"Fizet\u0151s rendezv\u00e9ny\" src=\"https:\/\/www1.kkl.si\/wp-content\/uploads\/\/2020\/07\/spored_simb_placljiva-1.svg\" alt=\"placljiva\" width=\"30\" height=\"30\" srcset=\"https:\/\/www1.kkl.si\/wp-content\/uploads\/\/2020\/07\/spored_simb_placljiva-1.svg 150w, https:\/\/www1.kkl.si\/wp-content\/uploads\/\/2020\/07\/spored_simb_placljiva-1.svg 400w, https:\/\/www1.kkl.si\/wp-content\/uploads\/\/2020\/07\/spored_simb_placljiva-1.svg 1500w, https:\/\/www1.kkl.si\/wp-content\/uploads\/\/2020\/07\/spored_simb_placljiva-1.svg 100w\" sizes=\"auto, (max-width: 30px) 100vw, 30px\" \/><img loading=\"lazy\" decoding=\"async\" class=\"wp-image-1586 alignright\" title=\"Szlov\u00e9n b\u00e9rlet\" src=\"https:\/\/www1.kkl.si\/wp-content\/uploads\/\/2020\/07\/spored_simb_abonma_si-1.svg\" alt=\"abonma_si\" width=\"30\" height=\"30\" \/><br \/>\n<i class=\"fas fa-chevron-circle-right\"><\/i>\u00a0 <strong>szlov\u00e9n v\u00edgj\u00e1t\u00e9k<\/strong> <br \/>\n<i class=\"fas fa-ticket-alt\"><\/i> Bel\u00e9p\u0151: el\u0151v\u00e9telben <strong>15 \u20ac<\/strong>, az el\u0151ad\u00e1s napj\u00e1n <strong>18 \u20ac<\/strong><br \/>\nP\u00e9nzt\u00e1r: <i class=\"fas fa-phone-alt\"><\/i> +386 (0)2 577 60 24<br \/>\nSzervez\u0151: <a href=\"https:\/\/www.kkl.si\/\">Knji\u017enica \u2013 Kulturni center Lendava \u2013 Lendvai K\u00f6nyvt\u00e1r \u00e9s Kultur\u00e1lis K\u00f6zpont<\/a><\/div>\n<p><em>Szlov\u00e9n le\u00edr\u00e1s:<\/em><\/p>\n<p><a href=\"https:\/\/www1.kkl.si\/wp-content\/uploads\/2024\/12\/KSZBM_osnovna.jpg\" data-lbwps-width=\"2560\" data-lbwps-height=\"933\" data-lbwps-srcsmall=\"https:\/\/www1.kkl.si\/wp-content\/uploads\/2024\/12\/KSZBM_osnovna-400x146.jpg\"><img loading=\"lazy\" decoding=\"async\" class=\"alignnone size-large wp-image-20345\" src=\"https:\/\/www1.kkl.si\/wp-content\/uploads\/2024\/12\/KSZBM_osnovna-1500x547.jpg\" alt=\"\" width=\"1500\" height=\"547\" srcset=\"https:\/\/www1.kkl.si\/wp-content\/uploads\/2024\/12\/KSZBM_osnovna-1500x547.jpg 1500w, https:\/\/www1.kkl.si\/wp-content\/uploads\/2024\/12\/KSZBM_osnovna-400x146.jpg 400w\" sizes=\"auto, (max-width: 1500px) 100vw, 1500px\" \/><\/a><\/p>\n<p>\u0160PAS TEATER<br \/>\n<span style=\"font-size: 24pt;\">KAKO SE ZNEBITI BODO\u010cEGA MO\u017dA<\/span><br \/>\n<em><strong>Superzabavna komedija<\/strong><\/em><\/p>\n<p>Izbira tistega &#8216;za vedno&#8217; nikoli ni enostavna!<\/p>\n<p><a href=\"https:\/\/www1.kkl.si\/wp-content\/uploads\/2024\/12\/plakat_B1_Kako_se_znebiti_2024_DVOJ.jpg\" data-lbwps-width=\"2100\" data-lbwps-height=\"3000\" data-lbwps-srcsmall=\"https:\/\/www1.kkl.si\/wp-content\/uploads\/2024\/12\/plakat_B1_Kako_se_znebiti_2024_DVOJ.jpg\"><img loading=\"lazy\" decoding=\"async\" class=\"alignright wp-image-20386 size-medium\" src=\"https:\/\/www1.kkl.si\/wp-content\/uploads\/2024\/12\/plakat_B1_Kako_se_znebiti_2024_DVOJ-scaled-280x400.jpg\" alt=\"\" width=\"280\" height=\"400\" srcset=\"https:\/\/www1.kkl.si\/wp-content\/uploads\/2024\/12\/plakat_B1_Kako_se_znebiti_2024_DVOJ-scaled-280x400.jpg 280w, https:\/\/www1.kkl.si\/wp-content\/uploads\/2024\/12\/plakat_B1_Kako_se_znebiti_2024_DVOJ-scaled-1050x1500.jpg 1050w, https:\/\/www1.kkl.si\/wp-content\/uploads\/2024\/12\/plakat_B1_Kako_se_znebiti_2024_DVOJ-scaled.jpg 1792w\" sizes=\"auto, (max-width: 280px) 100vw, 280px\" \/><\/a>Dve leti je, kar je Silvija zapustila svojega Bojana. V odnosu vendar mora biti mnogo ve\u010d od rutine, kav\u010da in Netflixa! Zagotovo obstaja tudi njen Romeo, uspe\u0161en, poln energije, priro\u010den in za piko na i \u0161e noro zaljubljen vanjo. A najti &#8216;pravega&#8217; vseeno ni tako enostavno! Slednji\u010d izbere bolj lahkoten pristop k iskanju. Poda se na ljubezensko avanturo najti mo\u017ea in je pri tem &#8211; prekleto uspe\u0161na. \u0160e preve\u010d!<\/p>\n<p>Kar trije bi lahko bili bodo\u010di&#8217;: &#8216;raketa od \u010dloveka&#8217;, u\u010ditelj Sebastijan, odvetnik Valter in najbolj\u0161i mizar v mestu Edi &#8211; vsi so do konca zagreti, da se bodo poro\u010dili z njo. Le nezvesta nevesta \u0161e ni povsem prepri\u010dana&#8230; Zabavni prizori si sledijo hitreje od vagonov dirjajo\u010dega vlaka in Silvija se v ljubezenskih igricah iz minute v minuto bolj zapleta. Eden pleza po balkonu, drugi pride nenapovedano, tretji popravlja v spalnici\u2026 Neizbe\u017eno je, da bo kmalu pri\u0161lo do soo\u010denja. Le kak\u0161no bo? Kako bo Silvija krmarila v koktejlu mo\u0161kih, kdo bo najbolj v \u0161oku, zakaj in katero potezo bo na koncu potegnila? Res te\u017eka odlo\u010ditev! Mogo\u010de jo lahko re\u0161i le koketna prijateljica Ema?<\/p>\n<p>Zabavna komedija navdu\u0161uje s hitrostjo dogajanja in krmarjenja med obilico mo\u0161kih v stanovanju &#8211; z enim samim plemenitim ciljem najti pravega mo\u017ea. <br \/>\nKjer bi se situacija lahko zapletla, se tudi bo! K sre\u010di pa \u010dlove\u0161ka domi\u0161ljija in \u017eenska iznajdljivost ne poznata meja. Zagotavljamo vam uro in pol \u010diste gledali\u0161ke zabave in smeha!<\/p>\n<hr \/>\n<p><strong>Produkcija: \u0160PAS TEATER<\/strong><\/p>\n<p>Zgodba: Derek Benfield<br \/>\nRe\u017eija: <strong>\u017diga Flajnik<\/strong><br \/>\nIgrajo: <strong>Mojca Funkl\/Magda Kropiunig, Mojca Fatur, Miha Brajnik, Mario \u0106ulibrk in Tadej Pi\u0161ek<\/strong><\/p>\n<p>Traja: 1 uro 35 min in nima odmora<\/p>\n<hr \/>\n<p><strong>NAGRADE:<\/strong><br \/>\n\u0160pasko popularnosti 2024 \u2013 najpopularnej\u0161i igralec: Tadej Pi\u0161ek<\/p>\n<p><em><strong>Komedija je imela v sezoni 2023\/24 kar 88 ponovitev!<\/strong><\/em><\/p>\n<blockquote>\n<p>Gledalci so enotnega mnenja: super komedija, zapleti, igralci, polno smeha \u2013 ODLI\u010cNO!<\/p>\n<\/blockquote>\n\n\t\t<style type=\"text\/css\">\n\t\t\t#gallery-1 {\n\t\t\t\tmargin: auto;\n\t\t\t}\n\t\t\t#gallery-1 .gallery-item {\n\t\t\t\tfloat: left;\n\t\t\t\tmargin-top: 10px;\n\t\t\t\ttext-align: center;\n\t\t\t\twidth: 16%;\n\t\t\t}\n\t\t\t#gallery-1 img {\n\t\t\t\tborder: 2px solid #cfcfcf;\n\t\t\t}\n\t\t\t#gallery-1 .gallery-caption {\n\t\t\t\tmargin-left: 0;\n\t\t\t}\n\t\t\t\/* see gallery_shortcode() in wp-includes\/media.php *\/\n\t\t<\/style>\n\t\t<div id='gallery-1' class='gallery galleryid-20475 gallery-columns-6 gallery-size-thumbnail'><dl class='gallery-item'>\n\t\t\t<dt class='gallery-icon landscape'>\n\t\t\t\t<a href='https:\/\/www1.kkl.si\/wp-content\/uploads\/2024\/12\/spas_KSZBM_M._Ocepek_4.jpg'><img loading=\"lazy\" decoding=\"async\" width=\"150\" height=\"150\" src=\"https:\/\/www1.kkl.si\/wp-content\/uploads\/2024\/12\/spas_KSZBM_M._Ocepek_4-150x150.jpg\" class=\"attachment-thumbnail size-thumbnail\" alt=\"\" \/><\/a>\n\t\t\t<\/dt><\/dl><dl class='gallery-item'>\n\t\t\t<dt class='gallery-icon landscape'>\n\t\t\t\t<a href='https:\/\/www1.kkl.si\/wp-content\/uploads\/2024\/12\/spas_KSZBM_M._Ocepek_10.jpg'><img loading=\"lazy\" decoding=\"async\" width=\"150\" height=\"150\" src=\"https:\/\/www1.kkl.si\/wp-content\/uploads\/2024\/12\/spas_KSZBM_M._Ocepek_10-150x150.jpg\" class=\"attachment-thumbnail size-thumbnail\" alt=\"\" \/><\/a>\n\t\t\t<\/dt><\/dl><dl class='gallery-item'>\n\t\t\t<dt class='gallery-icon landscape'>\n\t\t\t\t<a href='https:\/\/www1.kkl.si\/wp-content\/uploads\/2024\/12\/spas_KSZBM_M._Ocepek_24.jpg'><img loading=\"lazy\" decoding=\"async\" width=\"150\" height=\"150\" src=\"https:\/\/www1.kkl.si\/wp-content\/uploads\/2024\/12\/spas_KSZBM_M._Ocepek_24-150x150.jpg\" class=\"attachment-thumbnail size-thumbnail\" alt=\"\" \/><\/a>\n\t\t\t<\/dt><\/dl><dl class='gallery-item'>\n\t\t\t<dt class='gallery-icon landscape'>\n\t\t\t\t<a href='https:\/\/www1.kkl.si\/wp-content\/uploads\/2024\/12\/spas_KSZBM_M._Ocepek_28.jpg'><img loading=\"lazy\" decoding=\"async\" width=\"150\" height=\"150\" src=\"https:\/\/www1.kkl.si\/wp-content\/uploads\/2024\/12\/spas_KSZBM_M._Ocepek_28-150x150.jpg\" class=\"attachment-thumbnail size-thumbnail\" alt=\"\" \/><\/a>\n\t\t\t<\/dt><\/dl><dl class='gallery-item'>\n\t\t\t<dt class='gallery-icon landscape'>\n\t\t\t\t<a href='https:\/\/www1.kkl.si\/wp-content\/uploads\/2024\/12\/spas_KSZBM_M._Ocepek_33.jpg'><img loading=\"lazy\" decoding=\"async\" width=\"150\" height=\"150\" src=\"https:\/\/www1.kkl.si\/wp-content\/uploads\/2024\/12\/spas_KSZBM_M._Ocepek_33-150x150.jpg\" class=\"attachment-thumbnail size-thumbnail\" alt=\"\" \/><\/a>\n\t\t\t<\/dt><\/dl><dl class='gallery-item'>\n\t\t\t<dt class='gallery-icon landscape'>\n\t\t\t\t<a href='https:\/\/www1.kkl.si\/wp-content\/uploads\/2024\/12\/spas_KSZBM_M._Ocepek_58.jpg'><img loading=\"lazy\" decoding=\"async\" width=\"150\" height=\"150\" src=\"https:\/\/www1.kkl.si\/wp-content\/uploads\/2024\/12\/spas_KSZBM_M._Ocepek_58-150x150.jpg\" class=\"attachment-thumbnail size-thumbnail\" alt=\"\" \/><\/a>\n\t\t\t<\/dt><\/dl><br style=\"clear: both\" \/><dl class='gallery-item'>\n\t\t\t<dt class='gallery-icon landscape'>\n\t\t\t\t<a href='https:\/\/www1.kkl.si\/wp-content\/uploads\/2024\/12\/spas_KSZBM_M._Ocepek_64.jpg'><img loading=\"lazy\" decoding=\"async\" width=\"150\" height=\"150\" src=\"https:\/\/www1.kkl.si\/wp-content\/uploads\/2024\/12\/spas_KSZBM_M._Ocepek_64-150x150.jpg\" class=\"attachment-thumbnail size-thumbnail\" alt=\"\" \/><\/a>\n\t\t\t<\/dt><\/dl><dl class='gallery-item'>\n\t\t\t<dt class='gallery-icon landscape'>\n\t\t\t\t<a href='https:\/\/www1.kkl.si\/wp-content\/uploads\/2024\/12\/spas_KSZBM_M._Ocepek_65.jpg'><img loading=\"lazy\" decoding=\"async\" width=\"150\" height=\"150\" src=\"https:\/\/www1.kkl.si\/wp-content\/uploads\/2024\/12\/spas_KSZBM_M._Ocepek_65-150x150.jpg\" class=\"attachment-thumbnail size-thumbnail\" alt=\"\" \/><\/a>\n\t\t\t<\/dt><\/dl>\n\t\t\t<br style='clear: both' \/>\n\t\t<\/div>\n\n<p><i class=\"fas fa-link\"><\/i> <a href=\"https:\/\/www.spasteater.si\/predstave\/kako-se-znebiti-bodocega-moza\">https:\/\/www.spasteater.si\/predstave\/kako-se-znebiti-bodocega-moza<\/a><\/p>\n<p><span style=\"font-size: 10pt;\">\u0160pas Teater si pridr\u017euje pravico do spremembe.<\/span><\/p>\n<hr \/>\n<p>Slovenski gledali\u0161ki abonma 2024\/2025<\/p>\n<p><a href=\"https:\/\/www1.kkl.si\/sl\/slovenski-abonma-2024-2025\/\"><img loading=\"lazy\" decoding=\"async\" class=\"alignnone wp-image-18446 size-large\" src=\"https:\/\/www1.kkl.si\/wp-content\/uploads\/2024\/08\/2024_08_10_SLO_abonma-1500x400.jpg\" alt=\"\" width=\"1500\" height=\"400\" srcset=\"https:\/\/www1.kkl.si\/wp-content\/uploads\/2024\/08\/2024_08_10_SLO_abonma.jpg 1500w, https:\/\/www1.kkl.si\/wp-content\/uploads\/2024\/08\/2024_08_10_SLO_abonma-400x107.jpg 400w\" sizes=\"auto, (max-width: 1500px) 100vw, 1500px\" \/><\/a><\/p>\n","protected":false},"excerpt":{"rendered":"<p>2025. janu\u00e1r 28-\u00e1n (kedden), 19.00 \u00f3rakor | lendvai Sz\u00ednh\u00e1z- \u00e9s hangversenyterem \u00a0 szlov\u00e9n v\u00edgj\u00e1t\u00e9k Bel\u00e9p\u0151: el\u0151v\u00e9telben 15 \u20ac, az el\u0151ad\u00e1s napj\u00e1n 18 \u20ac P\u00e9nzt\u00e1r: +386 (0)2 577 60 24 Szervez\u0151: Knji\u017enica \u2013 Kulturni center Lendava \u2013 Lendvai K\u00f6nyvt\u00e1r \u00e9s Kultur\u00e1lis K\u00f6zpont Szlov\u00e9n le\u00edr\u00e1s: \u0160PAS TEATER KAKO SE ZNEBITI BODO\u010cEGA MO\u017dA Superzabavna komedija Izbira tistega &#8216;za [&hellip;]<\/p>\n","protected":false},"author":2,"featured_media":20377,"parent":0,"menu_order":0,"comment_status":"closed","ping_status":"closed","template":"","meta":{"footnotes":""},"class_list":["post-20475","page","type-page","status-publish","has-post-thumbnail","hentry","post","post-with-thumbnail","post-with-thumbnail-icon"],"_links":{"self":[{"href":"https:\/\/www1.kkl.si\/hu\/wp-json\/wp\/v2\/pages\/20475","targetHints":{"allow":["GET"]}}],"collection":[{"href":"https:\/\/www1.kkl.si\/hu\/wp-json\/wp\/v2\/pages"}],"about":[{"href":"https:\/\/www1.kkl.si\/hu\/wp-json\/wp\/v2\/types\/page"}],"author":[{"embeddable":true,"href":"https:\/\/www1.kkl.si\/hu\/wp-json\/wp\/v2\/users\/2"}],"replies":[{"embeddable":true,"href":"https:\/\/www1.kkl.si\/hu\/wp-json\/wp\/v2\/comments?post=20475"}],"version-history":[{"count":11,"href":"https:\/\/www1.kkl.si\/hu\/wp-json\/wp\/v2\/pages\/20475\/revisions"}],"predecessor-version":[{"id":20912,"href":"https:\/\/www1.kkl.si\/hu\/wp-json\/wp\/v2\/pages\/20475\/revisions\/20912"}],"wp:featuredmedia":[{"embeddable":true,"href":"https:\/\/www1.kkl.si\/hu\/wp-json\/wp\/v2\/media\/20377"}],"wp:attachment":[{"href":"https:\/\/www1.kkl.si\/hu\/wp-json\/wp\/v2\/media?parent=20475"}],"curies":[{"name":"wp","href":"https:\/\/api.w.org\/{rel}","templated":true}]}}