{"id":20480,"date":"2024-12-20T13:53:14","date_gmt":"2024-12-20T12:53:14","guid":{"rendered":"https:\/\/www1.kkl.si\/?page_id=20480"},"modified":"2025-01-07T13:47:37","modified_gmt":"2025-01-07T12:47:37","slug":"turay-ida-szinhaz-a-makrancos-holgy","status":"publish","type":"page","link":"https:\/\/www1.kkl.si\/hu\/turay-ida-szinhaz-a-makrancos-holgy\/","title":{"rendered":"Turay Ida Sz\u00ednh\u00e1z: A makrancos h\u00f6lgy"},"content":{"rendered":"<div class=\"opis\"><i class=\"fas fa-clock\"><\/i> <strong>2025. janu\u00e1r 14-\u00e9n (kedd) 19.00 \u00f3rakor<\/strong> | lendvai Sz\u00ednh\u00e1z- \u00e9s hangversenyterem<br \/>\n<img loading=\"lazy\" decoding=\"async\" class=\"wp-image-1592 alignright\" title=\"Fizet\u0151s rendezv\u00e9ny\" src=\"https:\/\/www1.kkl.si\/wp-content\/uploads\/\/2020\/07\/spored_simb_placljiva-1.svg\" alt=\"placljiva\" width=\"30\" height=\"30\" srcset=\"https:\/\/www1.kkl.si\/wp-content\/uploads\/\/2020\/07\/spored_simb_placljiva-1.svg 150w, https:\/\/www1.kkl.si\/wp-content\/uploads\/\/2020\/07\/spored_simb_placljiva-1.svg 400w, https:\/\/www1.kkl.si\/wp-content\/uploads\/\/2020\/07\/spored_simb_placljiva-1.svg 1500w, https:\/\/www1.kkl.si\/wp-content\/uploads\/\/2020\/07\/spored_simb_placljiva-1.svg 100w\" sizes=\"auto, (max-width: 30px) 100vw, 30px\" \/><img loading=\"lazy\" decoding=\"async\" class=\"wp-image-1584 alignright\" title=\"Magyar b\u00e9rlet\" src=\"https:\/\/www1.kkl.si\/wp-content\/uploads\/\/2020\/07\/spored_simb_abonma_hu-1.svg\" alt=\"abonma_hu\" width=\"30\" height=\"30\" srcset=\"https:\/\/www1.kkl.si\/wp-content\/uploads\/\/2020\/07\/spored_simb_abonma_hu-1.svg 150w, https:\/\/www1.kkl.si\/wp-content\/uploads\/\/2020\/07\/spored_simb_abonma_hu-1.svg 400w, https:\/\/www1.kkl.si\/wp-content\/uploads\/\/2020\/07\/spored_simb_abonma_hu-1.svg 1500w, https:\/\/www1.kkl.si\/wp-content\/uploads\/\/2020\/07\/spored_simb_abonma_hu-1.svg 100w\" sizes=\"auto, (max-width: 30px) 100vw, 30px\" \/><i class=\"fas fa-chevron-circle-right\"><\/i>\u00a0 <strong>zen\u00e9s v\u00edgj\u00e1t\u00e9k k\u00e9t felvon\u00e1sban<\/strong> <br \/>\n<i class=\"fas fa-ticket-alt\"><\/i> Bel\u00e9p\u0151: <strong>20 \u20ac<\/strong>, di\u00e1koknak \u00e9s nyugd\u00edjasoknak <strong>16 \u20ac<\/strong>. <br \/>\nJegyek Lendv\u00e1n a sz\u00ednh\u00e1zban 2025. janu\u00e1r 6-t\u00f3l kaphat\u00f3k (p\u00e9nzt\u00e1r: <i class=\"fas fa-phone-alt\"><\/i> +386 (0)2 577 60 24)<br \/>\nSzervez\u0151: <a href=\"https:\/\/www.mnmi-zkmn.si\/\">MNMI Lendva \u2013 ZKMN Lendava<\/a><\/div>\n<p><a href=\"https:\/\/www1.kkl.si\/wp-content\/uploads\/2025\/01\/makrancEL.jpg\" data-lbwps-width=\"1264\" data-lbwps-height=\"1772\" data-lbwps-srcsmall=\"https:\/\/www1.kkl.si\/wp-content\/uploads\/2025\/01\/makrancEL-285x400.jpg\"><img loading=\"lazy\" decoding=\"async\" class=\"slika alignright wp-image-20666\" src=\"https:\/\/www1.kkl.si\/wp-content\/uploads\/2025\/01\/makrancEL-1070x1500.jpg\" alt=\"\" width=\"500\" height=\"701\" \/><\/a>TURAY IDA SZ\u00cdNH\u00c1Z | William Shakespeare<br \/>\n<span style=\"font-size: 18pt;\"><strong>A makrancos h\u00f6lgy<\/strong><\/span><br \/>\n<em>zen\u00e9s v\u00edgj\u00e1t\u00e9k 2 felvon\u00e1sban<\/em><\/p>\n<p><strong>Szereposzt\u00e1s<\/strong><\/p>\n<p>Baptista, paduai \u00far GY\u0150RI P\u00c9TER \/ FRECH&#8217; ZOLT\u00c1N<br \/>\nKata, Baptista nagyobbik l\u00e1nya B\u00d3DI BARBARA<br \/>\nBianca, Baptista kisebbik l\u00e1nya SZ\u0150KE LAURA<br \/>\nPetrucchio BORB\u00c9LY RICH\u00c1RD<br \/>\nGrumio, Petrucchio szolg\u00e1ja FEH\u00c9RV\u00c1RI P\u00c9TER<br \/>\nHortenzio, Bianca k\u00e9r\u0151je KURK\u00d3 J. KRIST\u00d3F<br \/>\nGremio, Bianca k\u00e9r\u0151je MIK\u00d3 ISTV\u00c1N Kiv\u00e1l\u00f3 \u00e9s \u00c9rdemes m\u0171v\u00e9sz, J\u00e1szai Mari-d\u00edjas<br \/>\nLucentio, Vincentio fia VAL\u00c1ZSIK P\u00c9TER<br \/>\nTranio, Lucentio szolg\u00e1ja HORV\u00c1TH D\u00c1NIEL<br \/>\nSzab\u00f3 CSERE L\u00c1SZL\u00d3 \u00c9rdemes m\u0171v\u00e9sz, J\u00e1szai Mari-d\u00edjas<br \/>\n\u00d6zvegyasszony \/ Szak\u00e1csn\u0151 NY\u00cdR\u0150 BE\u00c1TA<br \/>\nVincentio, pisai keresked\u0151 BOROS \u00c1D\u00c1M<br \/>\nPhilippo, szolga \/ Biondello, Lucentio szolg\u00e1ja T\u00d3TH ALEX<br \/>\nCurtis, Petrucchio szolg\u00e1ja VASS J\u00c1NOS P\u00c1L<br \/>\nSzobal\u00e1ny \/ Maria, szolg\u00e1l\u00f3 HORV\u00c1TH L\u00cdDIA<br \/>\nGiovanni, szolga ZAKAR G\u00c1BOR<\/p>\n<p>\n<strong>Alkot\u00f3k<\/strong><\/p>\n<p>Ford\u00edtotta: Hars\u00e1nyi Zsolt<br \/>\nDramaturg: Darvasi Ilona<br \/>\nD\u00edszlet: Darvasi Ilona<br \/>\nJelmez: Darvasi Ilona<br \/>\nKoreogr\u00e1fus: Borb\u00e9ly Krisztina<br \/>\nRendez\u0151asszisztens: Vass J\u00e1nos P\u00e1l<br \/>\nRendez\u0151: Tasn\u00e1di Csaba J\u00e1szai Mari-d\u00edjas<\/p>\n\n\t\t<style type=\"text\/css\">\n\t\t\t#gallery-1 {\n\t\t\t\tmargin: auto;\n\t\t\t}\n\t\t\t#gallery-1 .gallery-item {\n\t\t\t\tfloat: left;\n\t\t\t\tmargin-top: 10px;\n\t\t\t\ttext-align: center;\n\t\t\t\twidth: 16%;\n\t\t\t}\n\t\t\t#gallery-1 img {\n\t\t\t\tborder: 2px solid #cfcfcf;\n\t\t\t}\n\t\t\t#gallery-1 .gallery-caption {\n\t\t\t\tmargin-left: 0;\n\t\t\t}\n\t\t\t\/* see gallery_shortcode() in wp-includes\/media.php *\/\n\t\t<\/style>\n\t\t<div id='gallery-1' class='gallery galleryid-20480 gallery-columns-6 gallery-size-thumbnail'><dl class='gallery-item'>\n\t\t\t<dt class='gallery-icon landscape'>\n\t\t\t\t<a href='https:\/\/www1.kkl.si\/wp-content\/uploads\/2024\/08\/a_makrancos01.jpg'><img loading=\"lazy\" decoding=\"async\" width=\"150\" height=\"150\" src=\"https:\/\/www1.kkl.si\/wp-content\/uploads\/2024\/08\/a_makrancos01-150x150.jpg\" class=\"attachment-thumbnail size-thumbnail\" alt=\"\" \/><\/a>\n\t\t\t<\/dt><\/dl><dl class='gallery-item'>\n\t\t\t<dt class='gallery-icon landscape'>\n\t\t\t\t<a href='https:\/\/www1.kkl.si\/wp-content\/uploads\/2024\/08\/a_makrancos02.jpg'><img loading=\"lazy\" decoding=\"async\" width=\"150\" height=\"150\" src=\"https:\/\/www1.kkl.si\/wp-content\/uploads\/2024\/08\/a_makrancos02-150x150.jpg\" class=\"attachment-thumbnail size-thumbnail\" alt=\"\" \/><\/a>\n\t\t\t<\/dt><\/dl><dl class='gallery-item'>\n\t\t\t<dt class='gallery-icon landscape'>\n\t\t\t\t<a href='https:\/\/www1.kkl.si\/wp-content\/uploads\/2024\/08\/a_makrancos03.jpg'><img loading=\"lazy\" decoding=\"async\" width=\"150\" height=\"150\" src=\"https:\/\/www1.kkl.si\/wp-content\/uploads\/2024\/08\/a_makrancos03-150x150.jpg\" class=\"attachment-thumbnail size-thumbnail\" alt=\"\" \/><\/a>\n\t\t\t<\/dt><\/dl><dl class='gallery-item'>\n\t\t\t<dt class='gallery-icon landscape'>\n\t\t\t\t<a href='https:\/\/www1.kkl.si\/wp-content\/uploads\/2024\/08\/a_makrancos04.jpg'><img loading=\"lazy\" decoding=\"async\" width=\"150\" height=\"150\" src=\"https:\/\/www1.kkl.si\/wp-content\/uploads\/2024\/08\/a_makrancos04-150x150.jpg\" class=\"attachment-thumbnail size-thumbnail\" alt=\"\" \/><\/a>\n\t\t\t<\/dt><\/dl><dl class='gallery-item'>\n\t\t\t<dt class='gallery-icon landscape'>\n\t\t\t\t<a href='https:\/\/www1.kkl.si\/wp-content\/uploads\/2024\/08\/a_makrancos05.jpg'><img loading=\"lazy\" decoding=\"async\" width=\"150\" height=\"150\" src=\"https:\/\/www1.kkl.si\/wp-content\/uploads\/2024\/08\/a_makrancos05-150x150.jpg\" class=\"attachment-thumbnail size-thumbnail\" alt=\"\" \/><\/a>\n\t\t\t<\/dt><\/dl><dl class='gallery-item'>\n\t\t\t<dt class='gallery-icon landscape'>\n\t\t\t\t<a href='https:\/\/www1.kkl.si\/wp-content\/uploads\/2024\/08\/a_makrancos06.jpg'><img loading=\"lazy\" decoding=\"async\" width=\"150\" height=\"150\" src=\"https:\/\/www1.kkl.si\/wp-content\/uploads\/2024\/08\/a_makrancos06-150x150.jpg\" class=\"attachment-thumbnail size-thumbnail\" alt=\"\" \/><\/a>\n\t\t\t<\/dt><\/dl><br style=\"clear: both\" \/><dl class='gallery-item'>\n\t\t\t<dt class='gallery-icon landscape'>\n\t\t\t\t<a href='https:\/\/www1.kkl.si\/wp-content\/uploads\/2024\/08\/a_makrancos07.jpg'><img loading=\"lazy\" decoding=\"async\" width=\"150\" height=\"150\" src=\"https:\/\/www1.kkl.si\/wp-content\/uploads\/2024\/08\/a_makrancos07-150x150.jpg\" class=\"attachment-thumbnail size-thumbnail\" alt=\"\" \/><\/a>\n\t\t\t<\/dt><\/dl><dl class='gallery-item'>\n\t\t\t<dt class='gallery-icon landscape'>\n\t\t\t\t<a href='https:\/\/www1.kkl.si\/wp-content\/uploads\/2024\/08\/a_makrancos08.jpg'><img loading=\"lazy\" decoding=\"async\" width=\"150\" height=\"150\" src=\"https:\/\/www1.kkl.si\/wp-content\/uploads\/2024\/08\/a_makrancos08-150x150.jpg\" class=\"attachment-thumbnail size-thumbnail\" alt=\"\" \/><\/a>\n\t\t\t<\/dt><\/dl><dl class='gallery-item'>\n\t\t\t<dt class='gallery-icon landscape'>\n\t\t\t\t<a href='https:\/\/www1.kkl.si\/wp-content\/uploads\/2024\/08\/a_makrancos09.jpg'><img loading=\"lazy\" decoding=\"async\" width=\"150\" height=\"150\" src=\"https:\/\/www1.kkl.si\/wp-content\/uploads\/2024\/08\/a_makrancos09-150x150.jpg\" class=\"attachment-thumbnail size-thumbnail\" alt=\"\" \/><\/a>\n\t\t\t<\/dt><\/dl><dl class='gallery-item'>\n\t\t\t<dt class='gallery-icon portrait'>\n\t\t\t\t<a href='https:\/\/www1.kkl.si\/wp-content\/uploads\/2024\/08\/a_makrancos10.jpg'><img loading=\"lazy\" decoding=\"async\" width=\"150\" height=\"150\" src=\"https:\/\/www1.kkl.si\/wp-content\/uploads\/2024\/08\/a_makrancos10-150x150.jpg\" class=\"attachment-thumbnail size-thumbnail\" alt=\"\" \/><\/a>\n\t\t\t<\/dt><\/dl><dl class='gallery-item'>\n\t\t\t<dt class='gallery-icon landscape'>\n\t\t\t\t<a href='https:\/\/www1.kkl.si\/wp-content\/uploads\/2024\/08\/a_makrancos11.jpg'><img loading=\"lazy\" decoding=\"async\" width=\"150\" height=\"150\" src=\"https:\/\/www1.kkl.si\/wp-content\/uploads\/2024\/08\/a_makrancos11-150x150.jpg\" class=\"attachment-thumbnail size-thumbnail\" alt=\"\" \/><\/a>\n\t\t\t<\/dt><\/dl><dl class='gallery-item'>\n\t\t\t<dt class='gallery-icon landscape'>\n\t\t\t\t<a href='https:\/\/www1.kkl.si\/wp-content\/uploads\/2024\/08\/a_makrancos12.jpg'><img loading=\"lazy\" decoding=\"async\" width=\"150\" height=\"150\" src=\"https:\/\/www1.kkl.si\/wp-content\/uploads\/2024\/08\/a_makrancos12-150x150.jpg\" class=\"attachment-thumbnail size-thumbnail\" alt=\"\" \/><\/a>\n\t\t\t<\/dt><\/dl><br style=\"clear: both\" \/><dl class='gallery-item'>\n\t\t\t<dt class='gallery-icon landscape'>\n\t\t\t\t<a href='https:\/\/www1.kkl.si\/wp-content\/uploads\/2024\/08\/a_makrancos13.jpg'><img loading=\"lazy\" decoding=\"async\" width=\"150\" height=\"150\" src=\"https:\/\/www1.kkl.si\/wp-content\/uploads\/2024\/08\/a_makrancos13-150x150.jpg\" class=\"attachment-thumbnail size-thumbnail\" alt=\"\" \/><\/a>\n\t\t\t<\/dt><\/dl><dl class='gallery-item'>\n\t\t\t<dt class='gallery-icon landscape'>\n\t\t\t\t<a href='https:\/\/www1.kkl.si\/wp-content\/uploads\/2024\/08\/a_makrancos14.jpg'><img loading=\"lazy\" decoding=\"async\" width=\"150\" height=\"150\" src=\"https:\/\/www1.kkl.si\/wp-content\/uploads\/2024\/08\/a_makrancos14-150x150.jpg\" class=\"attachment-thumbnail size-thumbnail\" alt=\"\" \/><\/a>\n\t\t\t<\/dt><\/dl><dl class='gallery-item'>\n\t\t\t<dt class='gallery-icon landscape'>\n\t\t\t\t<a href='https:\/\/www1.kkl.si\/wp-content\/uploads\/2024\/08\/a_makrancos15.jpg'><img loading=\"lazy\" decoding=\"async\" width=\"150\" height=\"150\" src=\"https:\/\/www1.kkl.si\/wp-content\/uploads\/2024\/08\/a_makrancos15-150x150.jpg\" class=\"attachment-thumbnail size-thumbnail\" alt=\"\" \/><\/a>\n\t\t\t<\/dt><\/dl><dl class='gallery-item'>\n\t\t\t<dt class='gallery-icon landscape'>\n\t\t\t\t<a href='https:\/\/www1.kkl.si\/wp-content\/uploads\/2024\/08\/a_makrancos16.jpg'><img loading=\"lazy\" decoding=\"async\" width=\"150\" height=\"150\" src=\"https:\/\/www1.kkl.si\/wp-content\/uploads\/2024\/08\/a_makrancos16-150x150.jpg\" class=\"attachment-thumbnail size-thumbnail\" alt=\"\" \/><\/a>\n\t\t\t<\/dt><\/dl><dl class='gallery-item'>\n\t\t\t<dt class='gallery-icon landscape'>\n\t\t\t\t<a href='https:\/\/www1.kkl.si\/wp-content\/uploads\/2024\/08\/a_makrancos17.jpg'><img loading=\"lazy\" decoding=\"async\" width=\"150\" height=\"150\" src=\"https:\/\/www1.kkl.si\/wp-content\/uploads\/2024\/08\/a_makrancos17-150x150.jpg\" class=\"attachment-thumbnail size-thumbnail\" alt=\"\" \/><\/a>\n\t\t\t<\/dt><\/dl><dl class='gallery-item'>\n\t\t\t<dt class='gallery-icon landscape'>\n\t\t\t\t<a href='https:\/\/www1.kkl.si\/wp-content\/uploads\/2024\/08\/a_makrancos18.jpg'><img loading=\"lazy\" decoding=\"async\" width=\"150\" height=\"150\" src=\"https:\/\/www1.kkl.si\/wp-content\/uploads\/2024\/08\/a_makrancos18-150x150.jpg\" class=\"attachment-thumbnail size-thumbnail\" alt=\"\" \/><\/a>\n\t\t\t<\/dt><\/dl><br style=\"clear: both\" \/>\n\t\t<\/div>\n\n<p><strong>T\u00f6rt\u00e9net<\/strong><\/p>\n<p>Kata \u00e9s Bianca egy gazdag p\u00e1duai \u00far l\u00e1nyai. Egyik szel\u00edd mint a galamb, de a m\u00e1sik vad, indulatos, cs\u00edp\u0151s nyelv\u0171, f\u00e9kezhetetlen. A kisebbiknek akad is k\u00e9r\u0151je b\u0151ven, de apja nem adja f\u00e9rjhez addig, m\u00edg a nagysz\u00e1j\u00fat el nem veszi valaki. Hi\u00e1ba a sok k\u00e9r\u0151, Makrancos Kata senkinek nem kell. Ebben a kil\u00e1t\u00e1stalannak t\u0171n\u0151 helyzetben jelenik meg Petrucchio, akit nem riaszt vissza a feladat. Elhat\u00e1rozza, hogy megzabol\u00e1zza a gazdag, csinos, vonz\u00f3 h\u00e1rpi\u00e1t.<\/p>\n<p><em>Az el\u0151ad\u00e1s hossza 150 perc 1 sz\u00fcnettel.<\/em><\/p>\n<p><iframe loading=\"lazy\" title=\"A makrancos h\u00f6lgy a Turay Ida Sz\u00ednh\u00e1zban - aj\u00e1nl\u00f3\" width=\"720\" height=\"405\" src=\"https:\/\/www.youtube.com\/embed\/pg1GAKnHAtE?feature=oembed\" frameborder=\"0\" allow=\"accelerometer; autoplay; clipboard-write; encrypted-media; gyroscope; picture-in-picture; web-share\" referrerpolicy=\"strict-origin-when-cross-origin\" allowfullscreen><\/iframe><\/p>\n<p><i class=\"fas fa-link\"><\/i> <a href=\"https:\/\/turayidaszinhaz.hu\/portfolio\/a-makrancos-holgy\/\">Turay Ida Sz\u00ednh\u00e1z<\/a><\/p>\n<hr \/>\n<p>Magyar sz\u00ednh\u00e1zi b\u00e9rlet 2024\/25 | Mad\u017earski gledali\u0161ki abonma 2024\/25<\/p>\n<p><a href=\"https:\/\/www1.kkl.si\/hu\/magyar-szinhazi-berlet-2024-25\/\" data-lbwps-width=\"1240\" data-lbwps-height=\"387\" data-lbwps-srcsmall=\"https:\/\/www1.kkl.si\/wp-content\/uploads\/2024\/08\/magyar_berlet24_fej-400x125.png\"><img loading=\"lazy\" decoding=\"async\" class=\"alignnone wp-image-18698 size-full\" src=\"https:\/\/www1.kkl.si\/wp-content\/uploads\/2024\/08\/magyar_berlet24_fej.png\" sizes=\"auto, (max-width: 1240px) 100vw, 1240px\" srcset=\"https:\/\/www1.kkl.si\/wp-content\/uploads\/2024\/08\/magyar_berlet24_fej.png 1240w, https:\/\/www1.kkl.si\/wp-content\/uploads\/2024\/08\/magyar_berlet24_fej-400x125.png 400w\" alt=\"\" width=\"1240\" height=\"387\" \/><\/a><\/p>\n","protected":false},"excerpt":{"rendered":"<p>2025. janu\u00e1r 14-\u00e9n (kedd) 19.00 \u00f3rakor | lendvai Sz\u00ednh\u00e1z- \u00e9s hangversenyterem \u00a0 zen\u00e9s v\u00edgj\u00e1t\u00e9k k\u00e9t felvon\u00e1sban Bel\u00e9p\u0151: 20 \u20ac, di\u00e1koknak \u00e9s nyugd\u00edjasoknak 16 \u20ac. Jegyek Lendv\u00e1n a sz\u00ednh\u00e1zban 2025. janu\u00e1r 6-t\u00f3l kaphat\u00f3k (p\u00e9nzt\u00e1r: +386 (0)2 577 60 24) Szervez\u0151: MNMI Lendva \u2013 ZKMN Lendava TURAY IDA SZ\u00cdNH\u00c1Z | William Shakespeare A makrancos h\u00f6lgy zen\u00e9s v\u00edgj\u00e1t\u00e9k [&hellip;]<\/p>\n","protected":false},"author":2,"featured_media":0,"parent":0,"menu_order":0,"comment_status":"closed","ping_status":"closed","template":"","meta":{"footnotes":""},"class_list":["post-20480","page","type-page","status-publish","hentry","post"],"_links":{"self":[{"href":"https:\/\/www1.kkl.si\/hu\/wp-json\/wp\/v2\/pages\/20480","targetHints":{"allow":["GET"]}}],"collection":[{"href":"https:\/\/www1.kkl.si\/hu\/wp-json\/wp\/v2\/pages"}],"about":[{"href":"https:\/\/www1.kkl.si\/hu\/wp-json\/wp\/v2\/types\/page"}],"author":[{"embeddable":true,"href":"https:\/\/www1.kkl.si\/hu\/wp-json\/wp\/v2\/users\/2"}],"replies":[{"embeddable":true,"href":"https:\/\/www1.kkl.si\/hu\/wp-json\/wp\/v2\/comments?post=20480"}],"version-history":[{"count":5,"href":"https:\/\/www1.kkl.si\/hu\/wp-json\/wp\/v2\/pages\/20480\/revisions"}],"predecessor-version":[{"id":21304,"href":"https:\/\/www1.kkl.si\/hu\/wp-json\/wp\/v2\/pages\/20480\/revisions\/21304"}],"wp:attachment":[{"href":"https:\/\/www1.kkl.si\/hu\/wp-json\/wp\/v2\/media?parent=20480"}],"curies":[{"name":"wp","href":"https:\/\/api.w.org\/{rel}","templated":true}]}}