{"id":20804,"date":"2025-01-20T12:51:18","date_gmt":"2025-01-20T11:51:18","guid":{"rendered":"https:\/\/www1.kkl.si\/?page_id=20804"},"modified":"2025-01-20T13:00:31","modified_gmt":"2025-01-20T12:00:31","slug":"du-lendava-gledaliska-skupina-kofetarji-laurent-baffie-resno-moteni","status":"publish","type":"page","link":"https:\/\/www1.kkl.si\/hu\/du-lendava-gledaliska-skupina-kofetarji-laurent-baffie-resno-moteni\/","title":{"rendered":"DU Lendava, Gledali\u0161ka skupina Kofetarji | Laurent Baffie: Resno moteni"},"content":{"rendered":"<div class=\"opis\"><img loading=\"lazy\" decoding=\"async\" class=\"wp-image-1592 alignright\" title=\"Fizet\u0151s rendezv\u00e9ny\" src=\"https:\/\/www1.kkl.si\/wp-content\/uploads\/\/2020\/07\/spored_simb_placljiva-1.svg\" alt=\"placljiva\" width=\"30\" height=\"30\" srcset=\"https:\/\/www1.kkl.si\/wp-content\/uploads\/\/2020\/07\/spored_simb_placljiva-1.svg 150w, https:\/\/www1.kkl.si\/wp-content\/uploads\/\/2020\/07\/spored_simb_placljiva-1.svg 400w, https:\/\/www1.kkl.si\/wp-content\/uploads\/\/2020\/07\/spored_simb_placljiva-1.svg 1500w, https:\/\/www1.kkl.si\/wp-content\/uploads\/\/2020\/07\/spored_simb_placljiva-1.svg 100w\" sizes=\"auto, (max-width: 30px) 100vw, 30px\" \/><i class=\"fas fa-clock\"><\/i> <strong>2025. janu\u00e1r 25. (szombat), 18 \u00f3rakor<\/strong> | lendvai Sz\u00ednh\u00e1z- \u00e9s hangversenyterem <span class=\"premiera\">BEMUTAT\u00d3<\/span> <br \/>\n<i class=\"fas fa-chevron-circle-right\"><\/i>\u00a0 <strong>v\u00edgj\u00e1t\u00e9k szlov\u00e9n nyelven<\/strong> <br \/>\n<i class=\"fas fa-ticket-alt\"><\/i> Bel\u00e9p\u0151d\u00edj: <strong>7 \u20ac<\/strong> | P\u00e9nzt\u00e1r: <i class=\"fas fa-phone-alt\"><\/i> +386 (0)2 577 60 24<br \/>\nSzervez\u0151: <a href=\"http:\/\/www.posrcumlad.si\/lendava\/kontakt.html\">Dru\u0161tvo upokojencev Lendava\/Nyugd\u00edjasok Egyes\u00fclete Lendva<\/a><\/div>\n<p><strong><a href=\"https:\/\/www1.kkl.si\/wp-content\/uploads\/2025\/01\/KOFETARJI_PLAKAT_RESNO-MOTENI.jpg\" data-lbwps-width=\"842\" data-lbwps-height=\"1191\" data-lbwps-srcsmall=\"https:\/\/www1.kkl.si\/wp-content\/uploads\/2025\/01\/KOFETARJI_PLAKAT_RESNO-MOTENI-283x400.jpg\"><img loading=\"lazy\" decoding=\"async\" class=\"alignright wp-image-20774\" src=\"https:\/\/www1.kkl.si\/wp-content\/uploads\/2025\/01\/KOFETARJI_PLAKAT_RESNO-MOTENI-842x1191.jpg\" alt=\"\" width=\"600\" height=\"849\" srcset=\"https:\/\/www1.kkl.si\/wp-content\/uploads\/2025\/01\/KOFETARJI_PLAKAT_RESNO-MOTENI.jpg 842w, https:\/\/www1.kkl.si\/wp-content\/uploads\/2025\/01\/KOFETARJI_PLAKAT_RESNO-MOTENI-283x400.jpg 283w\" sizes=\"auto, (max-width: 600px) 100vw, 600px\" \/><\/a><\/strong><strong>Igrajo \u2013 szerepl\u0151k:<\/strong><br \/>\nFred \u2013 Drago Re\u017eonja<br \/>\nPetra &#8211; Gabrijela Pe\u010dek<br \/>\nMarija &#8211; Marija Varga<br \/>\nIzabela &#8211; Jerica Trojak<br \/>\nLili \u2013 Anica Varga<br \/>\nBob &#8211; \u0160tefan \u017derdin<br \/>\nAsistentka dr. Sterna \u2013 Milena Kava\u0161<br \/>\nStrokovnjak \u2013 Ivo Pau\u0161i\u010d<\/p>\n<p><strong>Scenografija \u2013 d\u00edszlet:<\/strong> <br \/>\nAttila Mess, Matilda Karba<br \/>\n<strong><br \/>\n\u0160epetalka \u2013 s\u00fag\u00f3:<\/strong> <br \/>\n\u0160tefanija Feher<br \/>\n<strong><br \/>\nGrafi\u010dno oblikovanje \u2013 grafikai tervez\u00e9s:<\/strong> <br \/>\nAnamarija Na\u0111<br \/>\n<strong><br \/>\nFotografija \u2013 f\u00e9nyk\u00e9p:<\/strong> L\u00e1szl\u00f3 Ligeti<\/p>\n<p><em>Szlov\u00e9n nyelv\u0171 le\u00edr\u00e1s:<\/em><\/p>\n<p><span style=\"font-size: 18pt;\">O PREDSTAVI<\/span><\/p>\n<p>V \u010dakalnici svetovno znanega psihiatra dr. Sterna se zbere \u0161est popolnih neznancev, vsak s svojimi obsesivno-kompulzivnimi motnjami. A kot napove asistentka, doktor zamuja in pacienti ostanejo prepu\u0161\u010deni sebi v obilici \u010dasa. Komedija razkriva, kako brezmo\u010den je sodobni \u010dlovek pri soo\u010danju z lastnimi te\u017eavami, strahovi in obsesijami. Kljub temu pa zgodba poka\u017ee, da resni\u010dno mo\u010d pridobimo, ko za trenutek pozabimo nase in se popolnoma posvetimo drugim.<\/p>\n<p>Smo sposobni za trenutek pozabiti nase in se popolnoma posvetiti bli\u017enjemu?<\/p>\n<p>Vabljeni k poskusu.<\/p>\n","protected":false},"excerpt":{"rendered":"<p>2025. janu\u00e1r 25. (szombat), 18 \u00f3rakor | lendvai Sz\u00ednh\u00e1z- \u00e9s hangversenyterem BEMUTAT\u00d3 \u00a0 v\u00edgj\u00e1t\u00e9k szlov\u00e9n nyelven Bel\u00e9p\u0151d\u00edj: 7 \u20ac | P\u00e9nzt\u00e1r: +386 (0)2 577 60 24 Szervez\u0151: Dru\u0161tvo upokojencev Lendava\/Nyugd\u00edjasok Egyes\u00fclete Lendva Igrajo \u2013 szerepl\u0151k: Fred \u2013 Drago Re\u017eonja Petra &#8211; Gabrijela Pe\u010dek Marija &#8211; Marija Varga Izabela &#8211; Jerica Trojak Lili \u2013 Anica Varga [&hellip;]<\/p>\n","protected":false},"author":2,"featured_media":20776,"parent":0,"menu_order":0,"comment_status":"closed","ping_status":"closed","template":"","meta":{"footnotes":""},"class_list":["post-20804","page","type-page","status-publish","has-post-thumbnail","hentry","post","post-with-thumbnail","post-with-thumbnail-icon"],"_links":{"self":[{"href":"https:\/\/www1.kkl.si\/hu\/wp-json\/wp\/v2\/pages\/20804","targetHints":{"allow":["GET"]}}],"collection":[{"href":"https:\/\/www1.kkl.si\/hu\/wp-json\/wp\/v2\/pages"}],"about":[{"href":"https:\/\/www1.kkl.si\/hu\/wp-json\/wp\/v2\/types\/page"}],"author":[{"embeddable":true,"href":"https:\/\/www1.kkl.si\/hu\/wp-json\/wp\/v2\/users\/2"}],"replies":[{"embeddable":true,"href":"https:\/\/www1.kkl.si\/hu\/wp-json\/wp\/v2\/comments?post=20804"}],"version-history":[{"count":6,"href":"https:\/\/www1.kkl.si\/hu\/wp-json\/wp\/v2\/pages\/20804\/revisions"}],"predecessor-version":[{"id":20818,"href":"https:\/\/www1.kkl.si\/hu\/wp-json\/wp\/v2\/pages\/20804\/revisions\/20818"}],"wp:featuredmedia":[{"embeddable":true,"href":"https:\/\/www1.kkl.si\/hu\/wp-json\/wp\/v2\/media\/20776"}],"wp:attachment":[{"href":"https:\/\/www1.kkl.si\/hu\/wp-json\/wp\/v2\/media?parent=20804"}],"curies":[{"name":"wp","href":"https:\/\/api.w.org\/{rel}","templated":true}]}}