{"id":20858,"date":"2025-01-22T20:02:48","date_gmt":"2025-01-22T19:02:48","guid":{"rendered":"https:\/\/www1.kkl.si\/?page_id=20858"},"modified":"2025-01-24T18:17:35","modified_gmt":"2025-01-24T17:17:35","slug":"izstekani-niet-v-blizini-ljudi","status":"publish","type":"page","link":"https:\/\/www1.kkl.si\/hu\/izstekani-niet-v-blizini-ljudi\/","title":{"rendered":"Iz\u0161tekani \u2013 NIET: V bli\u017eini ljudi"},"content":{"rendered":"<div class=\"opis\"><i class=\"fas fa-clock\"><\/i>\u00a0<strong>2025. m\u00e1rcius 7. p\u00e9ntek, 20.00 \u00f3rakor<\/strong> | lendvai Sz\u00ednh\u00e1z- \u00e9s hangversenyterem<img loading=\"lazy\" decoding=\"async\" class=\"wp-image-1592 alignright\" title=\"Fizet\u0151s rendezv\u00e9ny\" src=\"https:\/\/www1.kkl.si\/wp-content\/uploads\/\/2020\/07\/spored_simb_placljiva-1.svg\" alt=\"placljiva\" width=\"30\" height=\"30\" srcset=\"https:\/\/www1.kkl.si\/wp-content\/uploads\/\/2020\/07\/spored_simb_placljiva-1.svg 150w, https:\/\/www1.kkl.si\/wp-content\/uploads\/\/2020\/07\/spored_simb_placljiva-1.svg 400w, https:\/\/www1.kkl.si\/wp-content\/uploads\/\/2020\/07\/spored_simb_placljiva-1.svg 1500w, https:\/\/www1.kkl.si\/wp-content\/uploads\/\/2020\/07\/spored_simb_placljiva-1.svg 100w\" sizes=\"auto, (max-width: 30px) 100vw, 30px\" \/><br \/>\n<i class=\"fas fa-chevron-circle-right\"><\/i>\u00a0 <strong>akusztikus koncert<\/strong> <br \/>\n<i class=\"fas fa-ticket-alt\"><\/i> A jegyek \u00e1ra el\u0151v\u00e9telben: <strong>17 \u20ac<\/strong>, a rendezv\u00e9ny napj\u00e1n: <strong>22 \u20ac<\/strong>. Bel\u00e9p\u0151jegyek v\u00e1s\u00e1rolhat\u00f3k a k\u00f6vetkez\u0151 helyeken: <a href=\"https:\/\/www.eventim.si\/si\/vstopnice\/izstekani-niet-lendava-gledaliska-in-koncertna-dvorana-662792\/event.html\">Eventim<\/a> \u00e9s <a href=\"https:\/\/petrol-ticket.si\/si\/event\/E662792\/izstekani-niet-lendava\">Petrol<\/a>. <br \/>\nA rendezv\u00e9ny napj\u00e1n egy \u00f3r\u00e1val a koncert el\u0151tt a Lendvai Sz\u00ednh\u00e1z \u2013 \u00e9s hangversenyterem p\u00e1nzt\u00e1r\u00e1n\u00e1l is. A jegy \u00e1ra a rendezv\u00e9ny napj\u00e1n <strong>22 \u20ac<\/strong>. <br \/>\nSzervez\u0151: <a href=\"https:\/\/www.facebook.com\/Agencija19\/\">Prireditvena agencija 19 d.o.o.<\/a><\/div>\n<p><em>Szlov\u00e9n le\u00edr\u00e1s:<\/em><\/p>\n<p><a href=\"https:\/\/www1.kkl.si\/wp-content\/uploads\/2025\/01\/NIET_03_Lendava.jpg\" data-lbwps-width=\"2000\" data-lbwps-height=\"1332\" data-lbwps-srcsmall=\"https:\/\/www1.kkl.si\/wp-content\/uploads\/2025\/01\/NIET_03_Lendava-400x266.jpg\"><img loading=\"lazy\" decoding=\"async\" class=\"alignnone size-large wp-image-20824\" src=\"https:\/\/www1.kkl.si\/wp-content\/uploads\/2025\/01\/NIET_03_Lendava.jpg\" alt=\"\" width=\"1500\" height=\"999\" srcset=\"https:\/\/www1.kkl.si\/wp-content\/uploads\/2025\/01\/NIET_03_Lendava.jpg 2000w, https:\/\/www1.kkl.si\/wp-content\/uploads\/2025\/01\/NIET_03_Lendava-400x266.jpg 400w, https:\/\/www1.kkl.si\/wp-content\/uploads\/2025\/01\/NIET_03_Lendava-1500x999.jpg 1500w\" sizes=\"auto, (max-width: 1500px) 100vw, 1500px\" \/><\/a><\/p>\n<p><b>Niet<\/b> je slovenska punk skupina, ki je bila ustanovljena leta 1983 v Ljubljani.<\/p>\n<p>Zasedba: Igor Dernov\u0161ek (kitara), Janez Brezigar (bas kitara), Toma\u017e Bergant (bobni), Robert Likar (kitara) in Borut Marolt (vokal) ter Polona \u010ce\u0161arek Puklavec, Andreja Jam\u0161ek, Ana \u0160imec, Marjetka Cvetek (godalni kvartet Vijolice) in Primo\u017e Trebec (klavir)<\/p>\n<p>Niet je slovenska punk skupina, ki je nedavno pred razprodanimi Kri\u017eankami obele\u017eila 40 let delovanja. Prvotni \u010dlani so bili Igor Dernov\u0161ek, Ale\u0161 \u010ce\u0161novar, Primo\u017e Habi\u010d in Toma\u017e Dimnik. V 4 desetletjih so bele\u017eili vzpone in padce. Ne glede na to je njihova glasba \u0161e vedno aktualna, tudi za nove generacije poslu\u0161alcev. Prisluhnili bomo zelo posebni izvedbi punk rock glasbe ob spremljavi klavirja in godalnega kvarteta Vijolice.<\/p>\n<p><a href=\"https:\/\/www1.kkl.si\/wp-content\/uploads\/2025\/01\/NIET.jpg\" data-lbwps-width=\"1920\" data-lbwps-height=\"1389\" data-lbwps-srcsmall=\"https:\/\/www1.kkl.si\/wp-content\/uploads\/2025\/01\/NIET-400x289.jpg\"><img loading=\"lazy\" decoding=\"async\" class=\"alignnone size-large wp-image-20850\" src=\"https:\/\/www1.kkl.si\/wp-content\/uploads\/2025\/01\/NIET.jpg\" alt=\"\" width=\"1500\" height=\"1085\" srcset=\"https:\/\/www1.kkl.si\/wp-content\/uploads\/2025\/01\/NIET.jpg 1920w, https:\/\/www1.kkl.si\/wp-content\/uploads\/2025\/01\/NIET-400x289.jpg 400w, https:\/\/www1.kkl.si\/wp-content\/uploads\/2025\/01\/NIET-1500x1085.jpg 1500w\" sizes=\"auto, (max-width: 1500px) 100vw, 1500px\" \/><\/a><\/p>\n<p>&nbsp;<\/p>\n<div id=\"attachment_20836\" style=\"width: 410px\" class=\"wp-caption alignright\"><a href=\"https:\/\/www1.kkl.si\/wp-content\/uploads\/2025\/01\/NIET_vseh-8.jpg\" data-lbwps-width=\"2000\" data-lbwps-height=\"1332\" data-lbwps-srcsmall=\"https:\/\/www1.kkl.si\/wp-content\/uploads\/2025\/01\/NIET_vseh-8-400x266.jpg\"><img loading=\"lazy\" decoding=\"async\" aria-describedby=\"caption-attachment-20836\" class=\"wp-image-20836 size-medium\" src=\"https:\/\/www1.kkl.si\/wp-content\/uploads\/2025\/01\/NIET_vseh-8.jpg\" alt=\"\" width=\"400\" height=\"266\" srcset=\"https:\/\/www1.kkl.si\/wp-content\/uploads\/2025\/01\/NIET_vseh-8.jpg 2000w, https:\/\/www1.kkl.si\/wp-content\/uploads\/2025\/01\/NIET_vseh-8-400x266.jpg 400w, https:\/\/www1.kkl.si\/wp-content\/uploads\/2025\/01\/NIET_vseh-8-1500x999.jpg 1500w\" sizes=\"auto, (max-width: 400px) 100vw, 400px\" \/><\/a><p id=\"caption-attachment-20836\" class=\"wp-caption-text\">Koncerti v sklopu turneje<\/p><\/div>\n<p>Pred vami je prava poslastica \u2013 koncert skupine Niet z godalnim kvartetom Vijolice in klaviaturistom Bla\u017eem Avsenikom, v sklopu slovenske turneje <em>V bli\u017eini ljudi<\/em>.<\/p>\n<p><strong>Godalni kvartet Vijolice sestavljajo:<\/strong> Polona \u010ce\u0161arek Puklavec, Andreja Jam\u0161ek, Ana \u0160imec in Marjetka Cvetek.<\/p>\n<p>Na koncertu bodo izvedene pesmi skupine Niet z albuma Iz\u0161tekani na Valu 202 iz leta 2008, ki so iz\u0161le pri zalo\u017ebi ZKP RTV SLO na CD-ju in DVD-ju z enakim naslovom, za katere je aran\u017emaje prispeval Borut \u010cin\u010d, ter pesmi z oddaje Iz\u0161tekani na Valu 202 iz leta 2025, za katere je aran\u017emaje prispeval Matija Kre\u010di\u010d. Slednje, z izjemo naslovne pesmi <em>V bli\u017eini ljudi<\/em>, ki je bila izvedena \u017ee 24. 5. 2024 na velikem koncertu skupine Niet ob njihovi 40-letnici, bodo premierno izvedene 27. 1. 2025 na Valu 202, v sklopu oddaje Iz\u0161tekani Jureta Longyke.<\/p>\n<p>Omenjena akusti\u010dna turneja je zaklju\u010dni del projekta ob 40-letnici legendarne skupine, ki je poleg velikega koncerta v ljubljanskih Kri\u017eankah in elektri\u010dne turneje <em>Tema rjove skozi mesto<\/em> zajemal tudi izid vinilne plo\u0161\u010de, knjige z biografijo in CD-jem (zalo\u017ebi Primus in ZKP RTV SLO) pod skupnim naslovom Pa tako lep dan je bil.<\/p>\n<p>V sklopu turneje V bli\u017eini ljudi bo skupina Niet poleg izvedb iz Iz\u0161tekanih na <a href=\"https:\/\/val202.rtvslo.si\/\">Valu 202<\/a> v raz\u0161irjeni zasedbi obiskala \u0161e vsaj osem slovenskih mest v osmih ve\u010djih regijah.<\/p>\n<p>Vrata dvorane se odprejo ob <strong>19.00<\/strong>, koncert pa se za\u010dne ob <strong>20.00<\/strong> in traja 90 minut.<\/p>\n<p>Ker je \u0161tevilo vstopnic omejeno, priporo\u010damo nakup v predprodaji.<\/p>\n<p>&nbsp;<\/p>\n<p><iframe loading=\"lazy\" title=\"Iz\u0161tekani - NIET, Val 202, 27.1.2025 ob 20.00 - napovednik\" width=\"720\" height=\"405\" src=\"https:\/\/www.youtube.com\/embed\/8GLpAF1B3es?feature=oembed\" frameborder=\"0\" allow=\"accelerometer; autoplay; clipboard-write; encrypted-media; gyroscope; picture-in-picture; web-share\" referrerpolicy=\"strict-origin-when-cross-origin\" allowfullscreen><\/iframe><\/p>\n<hr \/>\n<p><span style=\"font-size: 18pt;\"><i class=\"fas fa-play-circle\"><\/i> Youtube kanal<\/span><\/p>\n<p><i class=\"fas fa-link\"><\/i> <a href=\"https:\/\/www.youtube.com\/@nietband\">https:\/\/www.youtube.com\/@nietband<\/a><br \/>\n<i class=\"fas fa-link\"><\/i> <a href=\"https:\/\/www.youtube.com\/@Val2o2\">https:\/\/www.youtube.com\/@Val2o2<\/a><\/p>\n<p><iframe loading=\"lazy\" title=\"IZ\u0160TEKANI NIET - V BLI\u017dINI LJUDI (dalj\u0161a verzija z introm)\" width=\"720\" height=\"405\" src=\"https:\/\/www.youtube.com\/embed\/ttnKTZdAybo?feature=oembed\" frameborder=\"0\" allow=\"accelerometer; autoplay; clipboard-write; encrypted-media; gyroscope; picture-in-picture; web-share\" referrerpolicy=\"strict-origin-when-cross-origin\" allowfullscreen><\/iframe><\/p>\n<p>Povezave:<br \/>\n<i class=\"fas fa-link\"><\/i> <a href=\"https:\/\/www.facebook.com\/nietofficial\/\">FACEBOOK: NIET<\/a><br \/>\n<i class=\"fas fa-link\"><\/i> <a href=\"https:\/\/www.instagram.com\/niet.official\/\">Instagram: NIET<\/a><br \/>\n<i class=\"fas fa-link\"><\/i> <a href=\"https:\/\/val202.rtvslo.si\/\">https:\/\/val202.rtvslo.si\/<\/a><\/p>\n","protected":false},"excerpt":{"rendered":"<p>\u00a02025. m\u00e1rcius 7. p\u00e9ntek, 20.00 \u00f3rakor | lendvai Sz\u00ednh\u00e1z- \u00e9s hangversenyterem \u00a0 akusztikus koncert A jegyek \u00e1ra el\u0151v\u00e9telben: 17 \u20ac, a rendezv\u00e9ny napj\u00e1n: 22 \u20ac. Bel\u00e9p\u0151jegyek v\u00e1s\u00e1rolhat\u00f3k a k\u00f6vetkez\u0151 helyeken: Eventim \u00e9s Petrol. A rendezv\u00e9ny napj\u00e1n egy \u00f3r\u00e1val a koncert el\u0151tt a Lendvai Sz\u00ednh\u00e1z \u2013 \u00e9s hangversenyterem p\u00e1nzt\u00e1r\u00e1n\u00e1l is. A jegy \u00e1ra a rendezv\u00e9ny napj\u00e1n [&hellip;]<\/p>\n","protected":false},"author":2,"featured_media":0,"parent":0,"menu_order":0,"comment_status":"closed","ping_status":"closed","template":"","meta":{"footnotes":""},"class_list":["post-20858","page","type-page","status-publish","hentry","post"],"_links":{"self":[{"href":"https:\/\/www1.kkl.si\/hu\/wp-json\/wp\/v2\/pages\/20858","targetHints":{"allow":["GET"]}}],"collection":[{"href":"https:\/\/www1.kkl.si\/hu\/wp-json\/wp\/v2\/pages"}],"about":[{"href":"https:\/\/www1.kkl.si\/hu\/wp-json\/wp\/v2\/types\/page"}],"author":[{"embeddable":true,"href":"https:\/\/www1.kkl.si\/hu\/wp-json\/wp\/v2\/users\/2"}],"replies":[{"embeddable":true,"href":"https:\/\/www1.kkl.si\/hu\/wp-json\/wp\/v2\/comments?post=20858"}],"version-history":[{"count":4,"href":"https:\/\/www1.kkl.si\/hu\/wp-json\/wp\/v2\/pages\/20858\/revisions"}],"predecessor-version":[{"id":20861,"href":"https:\/\/www1.kkl.si\/hu\/wp-json\/wp\/v2\/pages\/20858\/revisions\/20861"}],"wp:attachment":[{"href":"https:\/\/www1.kkl.si\/hu\/wp-json\/wp\/v2\/media?parent=20858"}],"curies":[{"name":"wp","href":"https:\/\/api.w.org\/{rel}","templated":true}]}}