{"id":21157,"date":"2025-02-14T13:42:14","date_gmt":"2025-02-14T12:42:14","guid":{"rendered":"https:\/\/www1.kkl.si\/?page_id=21157"},"modified":"2025-02-25T12:28:52","modified_gmt":"2025-02-25T11:28:52","slug":"a-kontrabant-zenei-egyuttes-30-ev-huseg-cimu-koncertje","status":"publish","type":"page","link":"https:\/\/www1.kkl.si\/hu\/a-kontrabant-zenei-egyuttes-30-ev-huseg-cimu-koncertje\/","title":{"rendered":"A KONTRABANT zenei egy\u00fcttes \u201e30 \u00e9v h\u0171seg\u201d c\u00edm\u0171 koncertje"},"content":{"rendered":"<div class=\"opis\"><i class=\"fas fa-clock\"><\/i> <strong>2025. febru\u00e1r 28. (p\u00e9ntek), 20.00<\/strong> | lendvai Sz\u00ednh\u00e1z- \u00e9s hangversenyterem<img loading=\"lazy\" decoding=\"async\" class=\"wp-image-1592 alignright\" title=\"Fizet\u0151s rendezv\u00e9ny\" src=\"https:\/\/www1.kkl.si\/wp-content\/uploads\/\/2020\/07\/spored_simb_placljiva-1.svg\" alt=\"placljiva\" width=\"30\" height=\"30\" srcset=\"https:\/\/www1.kkl.si\/wp-content\/uploads\/\/2020\/07\/spored_simb_placljiva-1.svg 150w, https:\/\/www1.kkl.si\/wp-content\/uploads\/\/2020\/07\/spored_simb_placljiva-1.svg 400w, https:\/\/www1.kkl.si\/wp-content\/uploads\/\/2020\/07\/spored_simb_placljiva-1.svg 1500w, https:\/\/www1.kkl.si\/wp-content\/uploads\/\/2020\/07\/spored_simb_placljiva-1.svg 100w\" sizes=\"auto, (max-width: 30px) 100vw, 30px\" \/><br \/>\n<i class=\"fas fa-chevron-circle-right\"><\/i>\u00a0 <strong>koncert<\/strong> <br \/>\n<i class=\"fas fa-ticket-alt\"><\/i> Bel\u00e9p\u0151jegy \u00e1ra el\u0151v\u00e9telben: <strong>15 \u20ac<\/strong>, gyerekeknek, di\u00e1koknak, egyetemist\u00e1knak \u00e9s nyugd\u00edjasoknak: <strong>12 \u20ac<br \/>\n<\/strong><i class=\"fas fa-ticket-alt\"><\/i> Bel\u00e9p\u0151jegy \u00e1ra a koncert napj\u00e1n: <strong>18 \u20ac<\/strong>, gyerekeknek, di\u00e1koknak, egyetemist\u00e1knak \u00e9s nyugd\u00edjasoknak: <strong>15 \u20ac<br \/>\n<\/strong>Jegyek a lendvai Sz\u00ednh\u00e1z- \u00e9s hangversenyterem p\u00e9nzt\u00e1r\u00e1n 2025. febru\u00e1r 17-t\u0151l v\u00e1s\u00e1rolhat\u00f3k, <i class=\"fas fa-phone-alt\"><\/i> +386 (0)2 577 60 24.<br \/>\nSzervez\u0151: <a href=\"https:\/\/kontrabant.net\/\">Glasbena skupina Kontrabant\/Kontrabant zenei egy\u00fcttes<\/a><\/div>\n<p><span style=\"font-size: 18pt;\"><a href=\"https:\/\/www1.kkl.si\/wp-content\/uploads\/2025\/02\/Kontrabant_30LetZvestobe.jpg\" data-lbwps-width=\"2121\" data-lbwps-height=\"2999\" data-lbwps-srcsmall=\"https:\/\/www1.kkl.si\/wp-content\/uploads\/2025\/02\/Kontrabant_30LetZvestobe.jpg\"><img loading=\"lazy\" decoding=\"async\" class=\"alignright size-medium wp-image-21122\" src=\"https:\/\/www1.kkl.si\/wp-content\/uploads\/2025\/02\/Kontrabant_30LetZvestobe-scaled-283x400.jpg\" alt=\"\" width=\"283\" height=\"400\" srcset=\"https:\/\/www1.kkl.si\/wp-content\/uploads\/2025\/02\/Kontrabant_30LetZvestobe-scaled-283x400.jpg 283w, https:\/\/www1.kkl.si\/wp-content\/uploads\/2025\/02\/Kontrabant_30LetZvestobe-scaled-1061x1500.jpg 1061w, https:\/\/www1.kkl.si\/wp-content\/uploads\/2025\/02\/Kontrabant_30LetZvestobe-scaled.jpg 1811w\" sizes=\"auto, (max-width: 283px) 100vw, 283px\" \/><\/a>Koncert a Kontrabant egy\u00fcttes 30. \u00e9vfordul\u00f3ja alkalm\u00e1b\u00f3l<\/span><\/p>\n<p>A Kontrabant egy\u00fcttes t\u00f6bb h\u00e1rom \u00e9vtizedes fenn\u00e1ll\u00e1sa \u00f3ta a min\u0151s\u00e9gi akusztikus etno, folk \u00e9s country avatott megsz\u00f3laltat\u00f3ja szlov\u00e9n, magyar, horv\u00e1t, roma, jiddis \u00e9s angol nyelven.<\/p>\n<p>A Kontrabant sz\u00e1mos album\u00e1val, sikersz\u00e1maival \u2013 ilyen p\u00e9ld\u00e1ul a <i>\u201eRegrat u salat\u201d<\/i> (K\u00e1kicssal\u00e1ta), a <i>Prekmurje, moje Prekmurje<\/i> (Muravid\u00e9k, Muravid\u00e9k) \u2013 m\u00e9ly nyomot hagyott a szlov\u00e9n zenei palett\u00e1n, ezeket ugyanis n\u00e9pdalk\u00e9nt \u00e9nekelik orsz\u00e1gszerte. Az egy\u00fcttest a Zlati Petelin (Aranykakas) zenei d\u00edjra is t\u00f6bbsz\u00f6r jel\u00f6lt\u00e9k.<\/p>\n<p><a href=\"https:\/\/www1.kkl.si\/wp-content\/uploads\/2025\/02\/cropped-Kontrabant-logo-transparent-rdeca.png\" data-lbwps-width=\"1198\" data-lbwps-height=\"1198\" data-lbwps-srcsmall=\"https:\/\/www1.kkl.si\/wp-content\/uploads\/2025\/02\/cropped-Kontrabant-logo-transparent-rdeca-400x400.png\"><img loading=\"lazy\" decoding=\"async\" class=\"wp-image-21138 size-thumbnail alignleft\" src=\"https:\/\/www1.kkl.si\/wp-content\/uploads\/2025\/02\/cropped-Kontrabant-logo-transparent-rdeca-150x150.png\" alt=\"\" width=\"150\" height=\"150\" srcset=\"https:\/\/www1.kkl.si\/wp-content\/uploads\/2025\/02\/cropped-Kontrabant-logo-transparent-rdeca-150x150.png 150w, https:\/\/www1.kkl.si\/wp-content\/uploads\/2025\/02\/cropped-Kontrabant-logo-transparent-rdeca-400x400.png 400w, https:\/\/www1.kkl.si\/wp-content\/uploads\/2025\/02\/cropped-Kontrabant-logo-transparent-rdeca.png 1198w\" sizes=\"auto, (max-width: 150px) 100vw, 150px\" \/><\/a><em>Nepridipravi<\/em> n\u00e9ven k\u00e9t gyermekeknek sz\u00f3l\u00f3 CD-t is kiadtak, producerk\u00e9nt \u00e9s zen\u00e9szk\u00e9nt pedig t\u00f6bb szlov\u00e9n n\u00e9pzenei CD felv\u00e9tel\u00e9t is t\u00e1mogatt\u00e1k. A zenekarvezet\u0151 <b>Szomi B\u00e9la<\/b> sz\u00f3l\u00f3projektj\u00e9t id\u00e9n nyomtatt\u00e1k \u00fajra.<\/p>\n<p>Tavalyel\u0151tt \u0151sszel jelent meg az egy\u00fcttes nyolcadik st\u00fadi\u00f3albuma <i>\u201eT\u00e1voz\u00f3ban\u201d<\/i> c\u00edmmel, melyen <b>Bence Lajos<\/b> muravid\u00e9ki magyar k\u00f6lt\u0151 vers-megzen\u00e9s\u00edt\u00e9sei tal\u00e1lhat\u00f3k, az id\u00e9n pedik a tizedik album, <i>\u201eNajbok\u0161e pre\u0161vercano\u201d<\/i> (Legjobban \u00e1tcsemp\u00e9szve). Ezeket a szerzem\u00e9nyeket az egy\u00fcttes szlov\u00e9nul \u00e9s magyarul egyar\u00e1nt j\u00e1tssza.\u00a0<\/p>\n<p>&nbsp;<\/p>\n<p><span style=\"font-size: 14pt;\"><strong>Jelenlegi tagok<\/strong><\/span><\/p>\n<p>Az egy\u00fcttes az alap\u00edt\u00e1s \u00f3ta t\u00f6bb tag is elhagyta, pillanatnyilag \u00f6t tagot sz\u00e1ml\u00e1l:<\/p>\n<p><b>Szomi B\u00e9la<\/b> alap\u00edt\u00f3 tag (harmonika, klasszikus git\u00e1r, buzuki, sz\u00f3l\u00f3\u00e9nek);<br \/>\n<b>\u017deleznikar Du\u0161an,<\/b> r\u00e9gi tag (git\u00e1r, buzuki, cs\u0151r\u00f6s fuvola,\u00a0\u00e9nek);<br \/>\n<b>Szomi P\u00e1l<\/b> (dobok, cajon, git\u00e1rok, \u00e9nek);<br \/>\n<b>Pov\u0161e Ga\u0161per\u00a0<\/b>(mandolin, heged\u0171, \u00e9nek);<br \/>\n<b>Severhen Matijas<\/b> (basszuscsell\u00f3, basszusgit\u00e1r, dobok, \u00e9nek)<\/p>\n<p>Vend\u00e9g zen\u00e9sz a Szlov\u00e9niai klarin\u00e9tos-orsz\u00e1gbajnok:<br \/>\n<b>Szomi Kralj Kika <\/b>(klarin\u00e9t, cs\u0151r\u00f6s fuvola, \u00e9nek).<\/p>\n<p><img decoding=\"async\" class=\"alignright wp-image-8241 size-full\" src=\"https:\/\/www1.kkl.si\/wp-content\/uploads\/2022\/07\/kontrabant_logo.svg\" alt=\"\" \/><\/p>\n<p>&nbsp;<\/p>\n<p><span style=\"font-size: 14pt;\"><strong>\u00c9rdekess\u00e9gek<\/strong><\/span><\/p>\n<p>Mindegyik tag zen\u00e9t is szerez, B\u00e9la k\u00f6r\u00fclbel\u00fcl 200 zen\u00e9t \u00e9s sz\u00f6veget \u00edrt, emellett t\u00f6bbet le is ford\u00edtott, t\u00f6bb asztron\u00f3miai, logikai \u00e9s m\u00e1s szakk\u00f6nyv szerz\u0151je, a <i>Victory <\/i>egy\u00fcttes <i>\u201eZelena de\u017eela\u201d<\/i> (Z\u00f6ld vid\u00e9k) c\u00edm\u0171 szlov\u00e9n sikersz\u00e1m\u00e1nak szerz\u0151je.<\/p>\n<p><iframe loading=\"lazy\" title=\"Beli golob\" width=\"720\" height=\"540\" src=\"https:\/\/www.youtube.com\/embed\/dRvhdukx0PU?feature=oembed\" frameborder=\"0\" allow=\"accelerometer; autoplay; clipboard-write; encrypted-media; gyroscope; picture-in-picture; web-share\" referrerpolicy=\"strict-origin-when-cross-origin\" allowfullscreen><\/iframe><\/p>\n<p><iframe loading=\"lazy\" title=\"Kontrabant - Prekmurje moje Prekmurje\" width=\"720\" height=\"540\" src=\"https:\/\/www.youtube.com\/embed\/pv0TZO4MJ9E?feature=oembed\" frameborder=\"0\" allow=\"accelerometer; autoplay; clipboard-write; encrypted-media; gyroscope; picture-in-picture; web-share\" referrerpolicy=\"strict-origin-when-cross-origin\" allowfullscreen><\/iframe><\/p>\n<p><span style=\"font-size: 18pt;\"><i class=\"fas fa-play-circle\"><\/i> Youtube kapcsolatok<\/span><\/p>\n<p><i class=\"fas fa-link\"><\/i> <a href=\"https:\/\/www.youtube.com\/@glasbenaskupinakontrabant6187\">Youtube &#8211; Hivatalos csatorna<\/a><br \/>\n<i class=\"fas fa-link\"><\/i> <a href=\"https:\/\/www.youtube.com\/channel\/UCPHwYzGwsHtvZl7upxjRmSg\">Kontrabant \u2013 t\u00e9ma<\/a><\/p>\n<p><iframe loading=\"lazy\" title=\"Kontrabant - &quot;Vidno je nevidno&quot;\" width=\"720\" height=\"405\" src=\"https:\/\/www.youtube.com\/embed\/-5WCd6HTYnI?feature=oembed\" frameborder=\"0\" allow=\"accelerometer; autoplay; clipboard-write; encrypted-media; gyroscope; picture-in-picture; web-share\" referrerpolicy=\"strict-origin-when-cross-origin\" allowfullscreen><\/iframe><\/p>\n<p>Egy\u00e9b kapcsolatok:<\/p>\n<p><i class=\"fas fa-link\"><\/i> <a href=\"https:\/\/kontrabant.net\/\">Glasbena skupina Kontrabant\/Kontrabant zenei egy\u00fcttes<\/a><br \/>\n<i class=\"fas fa-link\"><\/i> <a href=\"https:\/\/www.facebook.com\/kontrabant\/\">https:\/\/www.facebook.com\/kontrabant\/<\/a><\/p>\n","protected":false},"excerpt":{"rendered":"<p>2025. febru\u00e1r 28. (p\u00e9ntek), 20.00 | lendvai Sz\u00ednh\u00e1z- \u00e9s hangversenyterem \u00a0 koncert Bel\u00e9p\u0151jegy \u00e1ra el\u0151v\u00e9telben: 15 \u20ac, gyerekeknek, di\u00e1koknak, egyetemist\u00e1knak \u00e9s nyugd\u00edjasoknak: 12 \u20ac Bel\u00e9p\u0151jegy \u00e1ra a koncert napj\u00e1n: 18 \u20ac, gyerekeknek, di\u00e1koknak, egyetemist\u00e1knak \u00e9s nyugd\u00edjasoknak: 15 \u20ac Jegyek a lendvai Sz\u00ednh\u00e1z- \u00e9s hangversenyterem p\u00e9nzt\u00e1r\u00e1n 2025. febru\u00e1r 17-t\u0151l v\u00e1s\u00e1rolhat\u00f3k, +386 (0)2 577 60 24. Szervez\u0151: [&hellip;]<\/p>\n","protected":false},"author":2,"featured_media":0,"parent":0,"menu_order":0,"comment_status":"closed","ping_status":"closed","template":"","meta":{"footnotes":""},"class_list":["post-21157","page","type-page","status-publish","hentry","post"],"_links":{"self":[{"href":"https:\/\/www1.kkl.si\/hu\/wp-json\/wp\/v2\/pages\/21157","targetHints":{"allow":["GET"]}}],"collection":[{"href":"https:\/\/www1.kkl.si\/hu\/wp-json\/wp\/v2\/pages"}],"about":[{"href":"https:\/\/www1.kkl.si\/hu\/wp-json\/wp\/v2\/types\/page"}],"author":[{"embeddable":true,"href":"https:\/\/www1.kkl.si\/hu\/wp-json\/wp\/v2\/users\/2"}],"replies":[{"embeddable":true,"href":"https:\/\/www1.kkl.si\/hu\/wp-json\/wp\/v2\/comments?post=21157"}],"version-history":[{"count":10,"href":"https:\/\/www1.kkl.si\/hu\/wp-json\/wp\/v2\/pages\/21157\/revisions"}],"predecessor-version":[{"id":21210,"href":"https:\/\/www1.kkl.si\/hu\/wp-json\/wp\/v2\/pages\/21157\/revisions\/21210"}],"wp:attachment":[{"href":"https:\/\/www1.kkl.si\/hu\/wp-json\/wp\/v2\/media?parent=21157"}],"curies":[{"name":"wp","href":"https:\/\/api.w.org\/{rel}","templated":true}]}}