{"id":21310,"date":"2025-02-28T11:15:13","date_gmt":"2025-02-28T10:15:13","guid":{"rendered":"https:\/\/www1.kkl.si\/?page_id=21310"},"modified":"2025-03-24T11:46:27","modified_gmt":"2025-03-24T10:46:27","slug":"monarchia-operett-sissi-a-magyar-kiralyne","status":"publish","type":"page","link":"https:\/\/www1.kkl.si\/hu\/monarchia-operett-sissi-a-magyar-kiralyne\/","title":{"rendered":"MONARCHIA OPERETT: Sissi, a magyar kir\u00e1lyn\u00e9"},"content":{"rendered":"<div class=\"odpade\">AZ EL\u0150AD\u00c1S ELMARAD<\/div>\n<div class=\"odpade2\"><strong><span style=\"font-size: 18pt;\"><img loading=\"lazy\" decoding=\"async\" class=\"alignright wp-image-1489 size-thumbnail\" src=\"https:\/\/www1.kkl.si\/wp-content\/uploads\/2020\/03\/obvestilo_200px-150x150.png\" alt=\"\" width=\"150\" height=\"150\" srcset=\"https:\/\/www1.kkl.si\/wp-content\/uploads\/2020\/03\/obvestilo_200px-150x150.png 150w, https:\/\/www1.kkl.si\/wp-content\/uploads\/2020\/03\/obvestilo_200px.png 200w\" sizes=\"auto, (max-width: 150px) 100vw, 150px\" \/><\/span><\/strong><\/p>\n<p>\u00c9rtes\u00edtj\u00fck tisztelt n\u00e9z\u0151inket, hogy a m\u00e1rcius 27-\u00e9re meghirdetett Sisi, a magyar kir\u00e1lyn\u00e9 c\u00edm\u0171 b\u00e9rletes el\u0151ad\u00e1sunk betegs\u00e9g miatt ELMARAD.<\/p>\n<p>Az el\u0151ad\u00e1s \u00faj id\u0151pontja <strong>2025 m\u00e1jus 23., p\u00e9ntek<\/strong>. A m\u00e1r megv\u00e1ltott jegyek az \u00faj id\u0151pontra \u00e9rv\u00e9nyesek.<\/p>\n<p><em>Meg\u00e9rt\u00e9s\u00fcket k\u00f6sz\u00f6nj\u00fck.<\/em><\/p>\n<\/div>\n<div class=\"premiera\"><i class=\"fas fa-exclamation-circle\"><\/i> \u00c9rtes\u00edtj\u00fck \u00d6n\u00f6ket, hogy az \u00f6sszes jegy elkelt.<\/div>\n<div class=\"opis\"><i class=\"fas fa-clock\"><\/i> <strong>2025. m\u00e1rcius 27. (cs\u00fct\u00f6rt\u00f6k) 19 \u00f3ra<\/strong> | lendvai Sz\u00ednh\u00e1z- \u00e9s hangversenyterem<img loading=\"lazy\" decoding=\"async\" class=\"wp-image-1592 alignright\" title=\"Fizet\u0151s rendezv\u00e9ny\" src=\"https:\/\/www1.kkl.si\/wp-content\/uploads\/\/2020\/07\/spored_simb_placljiva-1.svg\" alt=\"placljiva\" width=\"30\" height=\"30\" srcset=\"https:\/\/www1.kkl.si\/wp-content\/uploads\/\/2020\/07\/spored_simb_placljiva-1.svg 150w, https:\/\/www1.kkl.si\/wp-content\/uploads\/\/2020\/07\/spored_simb_placljiva-1.svg 400w, https:\/\/www1.kkl.si\/wp-content\/uploads\/\/2020\/07\/spored_simb_placljiva-1.svg 1500w, https:\/\/www1.kkl.si\/wp-content\/uploads\/\/2020\/07\/spored_simb_placljiva-1.svg 100w\" sizes=\"auto, (max-width: 30px) 100vw, 30px\" \/><img loading=\"lazy\" decoding=\"async\" class=\"wp-image-1584 alignright\" title=\"Magyar b\u00e9rlet\" src=\"https:\/\/www1.kkl.si\/wp-content\/uploads\/\/2020\/07\/spored_simb_abonma_hu-1.svg\" alt=\"abonma_hu\" width=\"30\" height=\"30\" srcset=\"https:\/\/www1.kkl.si\/wp-content\/uploads\/\/2020\/07\/spored_simb_abonma_hu-1.svg 150w, https:\/\/www1.kkl.si\/wp-content\/uploads\/\/2020\/07\/spored_simb_abonma_hu-1.svg 400w, https:\/\/www1.kkl.si\/wp-content\/uploads\/\/2020\/07\/spored_simb_abonma_hu-1.svg 1500w, https:\/\/www1.kkl.si\/wp-content\/uploads\/\/2020\/07\/spored_simb_abonma_hu-1.svg 100w\" sizes=\"auto, (max-width: 30px) 100vw, 30px\" \/><br \/>\n<i class=\"fas fa-chevron-circle-right\"><\/i>\u00a0 <strong>operett<\/strong> <br \/>\n<i class=\"fas fa-ticket-alt\"><\/i> Bel\u00e9p\u0151: <strong>25 \u20ac<\/strong>, di\u00e1koknak \u00e9s nyugd\u00edjasoknak <strong>20 \u20ac<\/strong>. <br \/>\nJegyek Lendv\u00e1n a sz\u00ednh\u00e1zban 2025. m\u00e1rcius 17-t\u0151l kaphat\u00f3k (p\u00e9nzt\u00e1r: <i class=\"fas fa-phone-alt\"><\/i> +386 (0)2 577 60 24)<br \/>\nSzervez\u0151: <a href=\"https:\/\/www.mnmi-zkmn.si\/\">MNMI Lendva \u2013 ZKMN Lendava<\/a><\/div>\n<p><a href=\"https:\/\/www1.kkl.si\/wp-content\/uploads\/2024\/08\/sissi_slide.jpg\" data-lbwps-width=\"1920\" data-lbwps-height=\"1080\" data-lbwps-srcsmall=\"https:\/\/www1.kkl.si\/wp-content\/uploads\/2024\/08\/sissi_slide-400x225.jpg\"><img loading=\"lazy\" decoding=\"async\" class=\"alignnone size-large wp-image-18939\" src=\"https:\/\/www1.kkl.si\/wp-content\/uploads\/2024\/08\/sissi_slide-1500x844.jpg\" alt=\"\" width=\"1500\" height=\"844\" srcset=\"https:\/\/www1.kkl.si\/wp-content\/uploads\/2024\/08\/sissi_slide-1500x844.jpg 1500w, https:\/\/www1.kkl.si\/wp-content\/uploads\/2024\/08\/sissi_slide-400x225.jpg 400w, https:\/\/www1.kkl.si\/wp-content\/uploads\/2024\/08\/sissi_slide.jpg 1920w\" sizes=\"auto, (max-width: 1500px) 100vw, 1500px\" \/><\/a><\/p>\n<p>MONARCHIA OPERETT | Huszka Jen\u0151, Szil\u00e1gyi L\u00e1szl\u00f3<a href=\"https:\/\/www1.kkl.si\/wp-content\/uploads\/2025\/02\/SisiA5A_plakat.jpg\" data-lbwps-width=\"1748\" data-lbwps-height=\"2480\" data-lbwps-srcsmall=\"https:\/\/www1.kkl.si\/wp-content\/uploads\/2025\/02\/SisiA5A_plakat-282x400.jpg\"><img loading=\"lazy\" decoding=\"async\" class=\"slika alignright wp-image-21287 size-medium\" src=\"https:\/\/www1.kkl.si\/wp-content\/uploads\/2025\/02\/SisiA5A_plakat-282x400.jpg\" alt=\"\" width=\"282\" height=\"400\" srcset=\"https:\/\/www1.kkl.si\/wp-content\/uploads\/2025\/02\/SisiA5A_plakat-282x400.jpg 282w, https:\/\/www1.kkl.si\/wp-content\/uploads\/2025\/02\/SisiA5A_plakat-1057x1500.jpg 1057w, https:\/\/www1.kkl.si\/wp-content\/uploads\/2025\/02\/SisiA5A_plakat.jpg 1748w\" sizes=\"auto, (max-width: 282px) 100vw, 282px\" \/><\/a><br \/>\n<span style=\"font-size: 24pt;\"><strong>Sissi, a magyar kir\u00e1lyn\u00e9 (Erzs\u00e9bet)<\/strong><\/span><br \/>\n<em>nagyoperett k\u00e9t r\u00e9szben\u00a0<br \/>\n<\/em><\/p>\n<p>&nbsp;<\/p>\n<p><strong>Szerepl\u0151k<\/strong><\/p>\n<p>Sissy (Erzs\u00e9bet): Denk Vikt\u00f3ria<br \/>\nGr\u00f3f Andr\u00e1ssy Gyula: \u00c1rvai D\u00e1niel<br \/>\nLatk\u00f3czi Ida: Haraszti Elvira<br \/>\nNeszm\u00e9lyi K\u00e1lm\u00e1n: K\u00e1d\u00e1r Szabolcs J\u00e1nos<br \/>\nWaldeck gr\u00f3fn\u0151: Oszvald Marika<br \/>\nStefi, a l\u00e1nya: Gats \u00c9va<br \/>\nFl\u00f3ri\u00e1n: Koll\u00e1r P\u00e9ter Erik<br \/>\nAxamethy gr\u00f3f \u2013 t\u00e1bornok: Peller K\u00e1roly<br \/>\nLatk\u00f3czi \u00c1d\u00e1m: Egri L\u00e1szl\u00f3<\/p>\n<p>Huszka Jen\u0151 operettje nagyszer\u0171 t\u00e9m\u00e1t dolgoz f\u00f6l, amikor Andr\u00e1ssy Gyula gr\u00f3f, az Osztr\u00e1k-Magyar monarchia k\u00e9s\u0151bbi k\u00fcl\u00fcgyminisztere \u00e9s Erzs\u00e9bet kir\u00e1lyn\u00e9 (Sissi), &#8211; aki megtanult magyarul, \u00e9s gyermekeit is magyar nyelvre oktatta, &#8211; kapcsolat\u00e1r\u00f3l, mint az 1867-es osztr\u00e1k-magyar kiegyez\u00e9s egyik fontos t\u00e9nyez\u0151j\u00e9r\u0151l mes\u00e9l.<\/p>\n<p>A t\u00f6rt\u00e9netben egym\u00e1sra tal\u00e1l egy fiatal, forradalmi hev\u00fclet\u0171 szerelmesp\u00e1r, meg egy a magyar mentalit\u00e1st megkedvel\u0151 osztr\u00e1k fi\u00fa \u00e9s egy burgenlandi l\u00e1ny, s\u0151t, a kir\u00e1lyn\u00e9 m\u00e1r nem 18 \u00e9ves, f\u00e9lig magyar t\u00e1rsalkod\u00f3n\u0151je \u00e9s a Kossuth h\u00edv\u0151 egykori alisp\u00e1n is szimpatiz\u00e1lni kezdenek egym\u00e1ssal. Ek\u00f6zben Sissi, a magyars\u00e1g fel\u00e9 igen nyitott, meg\u00e9rt\u00e9sre v\u00e1gy\u00f3 Kir\u00e1lyn\u00e9, \u00e9s Andr\u00e1ssy Gyula, a politik\u00e1ban \u00e9letteret \u00e9s megold\u00e1st keres\u0151 gr\u00f3f er\u0151s vonz\u00f3d\u00e1st \u00e9reznek egym\u00e1s ir\u00e1nt. Ez ugyan nem teljesedhet be, \u00e1m seg\u00edts\u00e9g\u00fckkel a t\u00f6bbiek boldogok lehetnek, \u00e9s l\u00e9trej\u00f6n a Kiegyez\u00e9s.<\/p>\n<p><span style=\"font-size: 18pt;\"><i class=\"fas fa-play-circle\"><\/i> Vide\u00f3 aj\u00e1nl\u00f3<\/span><\/p>\n<p><iframe loading=\"lazy\" title=\"Sissi Rovid Promo\" width=\"720\" height=\"405\" src=\"https:\/\/www.youtube.com\/embed\/EEIWLbD4oyg?feature=oembed\" frameborder=\"0\" allow=\"accelerometer; autoplay; clipboard-write; encrypted-media; gyroscope; picture-in-picture; web-share\" referrerpolicy=\"strict-origin-when-cross-origin\" allowfullscreen><\/iframe><\/p>\n<hr \/>\n<p><span style=\"font-size: 18pt;\"><i class=\"fas fa-camera\"><\/i>\u00a0Fot\u00f3gal\u00e9ria<\/span><\/p>\n\n\t\t<style type=\"text\/css\">\n\t\t\t#gallery-1 {\n\t\t\t\tmargin: auto;\n\t\t\t}\n\t\t\t#gallery-1 .gallery-item {\n\t\t\t\tfloat: left;\n\t\t\t\tmargin-top: 10px;\n\t\t\t\ttext-align: center;\n\t\t\t\twidth: 16%;\n\t\t\t}\n\t\t\t#gallery-1 img {\n\t\t\t\tborder: 2px solid #cfcfcf;\n\t\t\t}\n\t\t\t#gallery-1 .gallery-caption {\n\t\t\t\tmargin-left: 0;\n\t\t\t}\n\t\t\t\/* see gallery_shortcode() in wp-includes\/media.php *\/\n\t\t<\/style>\n\t\t<div id='gallery-1' class='gallery galleryid-21310 gallery-columns-6 gallery-size-thumbnail'><dl class='gallery-item'>\n\t\t\t<dt class='gallery-icon landscape'>\n\t\t\t\t<a href='https:\/\/www1.kkl.si\/wp-content\/uploads\/2024\/08\/sissi_monarchia01-scaled.jpg'><img loading=\"lazy\" decoding=\"async\" width=\"150\" height=\"150\" src=\"https:\/\/www1.kkl.si\/wp-content\/uploads\/2024\/08\/sissi_monarchia01-scaled-150x150.jpg\" class=\"attachment-thumbnail size-thumbnail\" alt=\"\" \/><\/a>\n\t\t\t<\/dt><\/dl><dl class='gallery-item'>\n\t\t\t<dt class='gallery-icon landscape'>\n\t\t\t\t<a href='https:\/\/www1.kkl.si\/wp-content\/uploads\/2024\/08\/sissi_monarchia02-scaled.jpg'><img loading=\"lazy\" decoding=\"async\" width=\"150\" height=\"150\" src=\"https:\/\/www1.kkl.si\/wp-content\/uploads\/2024\/08\/sissi_monarchia02-scaled-150x150.jpg\" class=\"attachment-thumbnail size-thumbnail\" alt=\"\" \/><\/a>\n\t\t\t<\/dt><\/dl><dl class='gallery-item'>\n\t\t\t<dt class='gallery-icon landscape'>\n\t\t\t\t<a href='https:\/\/www1.kkl.si\/wp-content\/uploads\/2024\/08\/sissi_monarchia03-scaled.jpg'><img loading=\"lazy\" decoding=\"async\" width=\"150\" height=\"150\" src=\"https:\/\/www1.kkl.si\/wp-content\/uploads\/2024\/08\/sissi_monarchia03-scaled-150x150.jpg\" class=\"attachment-thumbnail size-thumbnail\" alt=\"\" \/><\/a>\n\t\t\t<\/dt><\/dl><dl class='gallery-item'>\n\t\t\t<dt class='gallery-icon landscape'>\n\t\t\t\t<a href='https:\/\/www1.kkl.si\/wp-content\/uploads\/2024\/08\/sissi_monarchia04-scaled.jpg'><img loading=\"lazy\" decoding=\"async\" width=\"150\" height=\"150\" src=\"https:\/\/www1.kkl.si\/wp-content\/uploads\/2024\/08\/sissi_monarchia04-scaled-150x150.jpg\" class=\"attachment-thumbnail size-thumbnail\" alt=\"\" \/><\/a>\n\t\t\t<\/dt><\/dl><dl class='gallery-item'>\n\t\t\t<dt class='gallery-icon landscape'>\n\t\t\t\t<a href='https:\/\/www1.kkl.si\/wp-content\/uploads\/2024\/08\/sissi_monarchia05-scaled.jpg'><img loading=\"lazy\" decoding=\"async\" width=\"150\" height=\"150\" src=\"https:\/\/www1.kkl.si\/wp-content\/uploads\/2024\/08\/sissi_monarchia05-scaled-150x150.jpg\" class=\"attachment-thumbnail size-thumbnail\" alt=\"\" \/><\/a>\n\t\t\t<\/dt><\/dl><dl class='gallery-item'>\n\t\t\t<dt class='gallery-icon landscape'>\n\t\t\t\t<a href='https:\/\/www1.kkl.si\/wp-content\/uploads\/2024\/08\/sissi_monarchia06-scaled.jpg'><img loading=\"lazy\" decoding=\"async\" width=\"150\" height=\"150\" src=\"https:\/\/www1.kkl.si\/wp-content\/uploads\/2024\/08\/sissi_monarchia06-scaled-150x150.jpg\" class=\"attachment-thumbnail size-thumbnail\" alt=\"\" \/><\/a>\n\t\t\t<\/dt><\/dl><br style=\"clear: both\" \/><dl class='gallery-item'>\n\t\t\t<dt class='gallery-icon landscape'>\n\t\t\t\t<a href='https:\/\/www1.kkl.si\/wp-content\/uploads\/2024\/08\/sissi_monarchia07-scaled.jpg'><img loading=\"lazy\" decoding=\"async\" width=\"150\" height=\"150\" src=\"https:\/\/www1.kkl.si\/wp-content\/uploads\/2024\/08\/sissi_monarchia07-scaled-150x150.jpg\" class=\"attachment-thumbnail size-thumbnail\" alt=\"\" \/><\/a>\n\t\t\t<\/dt><\/dl><dl class='gallery-item'>\n\t\t\t<dt class='gallery-icon landscape'>\n\t\t\t\t<a href='https:\/\/www1.kkl.si\/wp-content\/uploads\/2024\/08\/sissi_monarchia08-scaled.jpg'><img loading=\"lazy\" decoding=\"async\" width=\"150\" height=\"150\" src=\"https:\/\/www1.kkl.si\/wp-content\/uploads\/2024\/08\/sissi_monarchia08-scaled-150x150.jpg\" class=\"attachment-thumbnail size-thumbnail\" alt=\"\" \/><\/a>\n\t\t\t<\/dt><\/dl><dl class='gallery-item'>\n\t\t\t<dt class='gallery-icon landscape'>\n\t\t\t\t<a href='https:\/\/www1.kkl.si\/wp-content\/uploads\/2024\/08\/sissi_monarchia09-scaled.jpg'><img loading=\"lazy\" decoding=\"async\" width=\"150\" height=\"150\" src=\"https:\/\/www1.kkl.si\/wp-content\/uploads\/2024\/08\/sissi_monarchia09-scaled-150x150.jpg\" class=\"attachment-thumbnail size-thumbnail\" alt=\"\" \/><\/a>\n\t\t\t<\/dt><\/dl><dl class='gallery-item'>\n\t\t\t<dt class='gallery-icon landscape'>\n\t\t\t\t<a href='https:\/\/www1.kkl.si\/wp-content\/uploads\/2024\/08\/sissi_monarchia10-scaled.jpg'><img loading=\"lazy\" decoding=\"async\" width=\"150\" height=\"150\" src=\"https:\/\/www1.kkl.si\/wp-content\/uploads\/2024\/08\/sissi_monarchia10-scaled-150x150.jpg\" class=\"attachment-thumbnail size-thumbnail\" alt=\"\" \/><\/a>\n\t\t\t<\/dt><\/dl><dl class='gallery-item'>\n\t\t\t<dt class='gallery-icon landscape'>\n\t\t\t\t<a href='https:\/\/www1.kkl.si\/wp-content\/uploads\/2024\/08\/sissi_monarchia11-scaled.jpg'><img loading=\"lazy\" decoding=\"async\" width=\"150\" height=\"150\" src=\"https:\/\/www1.kkl.si\/wp-content\/uploads\/2024\/08\/sissi_monarchia11-scaled-150x150.jpg\" class=\"attachment-thumbnail size-thumbnail\" alt=\"\" \/><\/a>\n\t\t\t<\/dt><\/dl><dl class='gallery-item'>\n\t\t\t<dt class='gallery-icon landscape'>\n\t\t\t\t<a href='https:\/\/www1.kkl.si\/wp-content\/uploads\/2024\/08\/sissi_monarchia12-scaled.jpg'><img loading=\"lazy\" decoding=\"async\" width=\"150\" height=\"150\" src=\"https:\/\/www1.kkl.si\/wp-content\/uploads\/2024\/08\/sissi_monarchia12-scaled-150x150.jpg\" class=\"attachment-thumbnail size-thumbnail\" alt=\"\" \/><\/a>\n\t\t\t<\/dt><\/dl><br style=\"clear: both\" \/><dl class='gallery-item'>\n\t\t\t<dt class='gallery-icon landscape'>\n\t\t\t\t<a href='https:\/\/www1.kkl.si\/wp-content\/uploads\/2024\/08\/sissi_monarchia13-scaled.jpg'><img loading=\"lazy\" decoding=\"async\" width=\"150\" height=\"150\" src=\"https:\/\/www1.kkl.si\/wp-content\/uploads\/2024\/08\/sissi_monarchia13-scaled-150x150.jpg\" class=\"attachment-thumbnail size-thumbnail\" alt=\"\" \/><\/a>\n\t\t\t<\/dt><\/dl><dl class='gallery-item'>\n\t\t\t<dt class='gallery-icon landscape'>\n\t\t\t\t<a href='https:\/\/www1.kkl.si\/wp-content\/uploads\/2024\/08\/sissi_monarchia14-scaled.jpg'><img loading=\"lazy\" decoding=\"async\" width=\"150\" height=\"150\" src=\"https:\/\/www1.kkl.si\/wp-content\/uploads\/2024\/08\/sissi_monarchia14-scaled-150x150.jpg\" class=\"attachment-thumbnail size-thumbnail\" alt=\"\" \/><\/a>\n\t\t\t<\/dt><\/dl><dl class='gallery-item'>\n\t\t\t<dt class='gallery-icon landscape'>\n\t\t\t\t<a href='https:\/\/www1.kkl.si\/wp-content\/uploads\/2024\/08\/sissi_monarchia15-scaled.jpg'><img loading=\"lazy\" decoding=\"async\" width=\"150\" height=\"150\" src=\"https:\/\/www1.kkl.si\/wp-content\/uploads\/2024\/08\/sissi_monarchia15-scaled-150x150.jpg\" class=\"attachment-thumbnail size-thumbnail\" alt=\"\" \/><\/a>\n\t\t\t<\/dt><\/dl>\n\t\t\t<br style='clear: both' \/>\n\t\t<\/div>\n\n<p><i class=\"fas fa-link\"><\/i> <a href=\"http:\/\/monarchiaoperett.hu\/\">http:\/\/monarchiaoperett.hu\/<\/a><\/p>\n<hr \/>\n<p>Magyar sz\u00ednh\u00e1zi b\u00e9rlet 2024\/25 | Mad\u017earski gledali\u0161ki abonma 2024\/25<\/p>\n<p><a href=\"https:\/\/www1.kkl.si\/hu\/magyar-szinhazi-berlet-2024-25\/\" data-lbwps-width=\"1240\" data-lbwps-height=\"387\" data-lbwps-srcsmall=\"https:\/\/www1.kkl.si\/wp-content\/uploads\/2024\/08\/magyar_berlet24_fej-400x125.png\"><img loading=\"lazy\" decoding=\"async\" class=\"alignnone wp-image-18698 size-full\" src=\"https:\/\/www1.kkl.si\/wp-content\/uploads\/2024\/08\/magyar_berlet24_fej.png\" sizes=\"auto, (max-width: 1240px) 100vw, 1240px\" srcset=\"https:\/\/www1.kkl.si\/wp-content\/uploads\/2024\/08\/magyar_berlet24_fej.png 1240w, https:\/\/www1.kkl.si\/wp-content\/uploads\/2024\/08\/magyar_berlet24_fej-400x125.png 400w\" alt=\"\" width=\"1240\" height=\"387\" \/><\/a><\/p>\n","protected":false},"excerpt":{"rendered":"<p>AZ EL\u0150AD\u00c1S ELMARAD \u00c9rtes\u00edtj\u00fck tisztelt n\u00e9z\u0151inket, hogy a m\u00e1rcius 27-\u00e9re meghirdetett Sisi, a magyar kir\u00e1lyn\u00e9 c\u00edm\u0171 b\u00e9rletes el\u0151ad\u00e1sunk betegs\u00e9g miatt ELMARAD. Az el\u0151ad\u00e1s \u00faj id\u0151pontja 2025 m\u00e1jus 23., p\u00e9ntek. A m\u00e1r megv\u00e1ltott jegyek az \u00faj id\u0151pontra \u00e9rv\u00e9nyesek. Meg\u00e9rt\u00e9s\u00fcket k\u00f6sz\u00f6nj\u00fck. \u00c9rtes\u00edtj\u00fck \u00d6n\u00f6ket, hogy az \u00f6sszes jegy elkelt. 2025. m\u00e1rcius 27. (cs\u00fct\u00f6rt\u00f6k) 19 \u00f3ra | lendvai Sz\u00ednh\u00e1z- [&hellip;]<\/p>\n","protected":false},"author":2,"featured_media":21289,"parent":0,"menu_order":0,"comment_status":"closed","ping_status":"closed","template":"","meta":{"footnotes":""},"class_list":["post-21310","page","type-page","status-publish","has-post-thumbnail","hentry","post","post-with-thumbnail","post-with-thumbnail-icon"],"_links":{"self":[{"href":"https:\/\/www1.kkl.si\/hu\/wp-json\/wp\/v2\/pages\/21310","targetHints":{"allow":["GET"]}}],"collection":[{"href":"https:\/\/www1.kkl.si\/hu\/wp-json\/wp\/v2\/pages"}],"about":[{"href":"https:\/\/www1.kkl.si\/hu\/wp-json\/wp\/v2\/types\/page"}],"author":[{"embeddable":true,"href":"https:\/\/www1.kkl.si\/hu\/wp-json\/wp\/v2\/users\/2"}],"replies":[{"embeddable":true,"href":"https:\/\/www1.kkl.si\/hu\/wp-json\/wp\/v2\/comments?post=21310"}],"version-history":[{"count":6,"href":"https:\/\/www1.kkl.si\/hu\/wp-json\/wp\/v2\/pages\/21310\/revisions"}],"predecessor-version":[{"id":21519,"href":"https:\/\/www1.kkl.si\/hu\/wp-json\/wp\/v2\/pages\/21310\/revisions\/21519"}],"wp:featuredmedia":[{"embeddable":true,"href":"https:\/\/www1.kkl.si\/hu\/wp-json\/wp\/v2\/media\/21289"}],"wp:attachment":[{"href":"https:\/\/www1.kkl.si\/hu\/wp-json\/wp\/v2\/media?parent=21310"}],"curies":[{"name":"wp","href":"https:\/\/api.w.org\/{rel}","templated":true}]}}