{"id":21400,"date":"2025-03-12T11:38:07","date_gmt":"2025-03-12T10:38:07","guid":{"rendered":"https:\/\/www1.kkl.si\/?page_id=21400"},"modified":"2025-03-17T10:16:41","modified_gmt":"2025-03-17T09:16:41","slug":"griff-babszinhaz-zalaegerszeg-csukas-istvan-pom-pom-mesei","status":"publish","type":"page","link":"https:\/\/www1.kkl.si\/hu\/griff-babszinhaz-zalaegerszeg-csukas-istvan-pom-pom-mesei\/","title":{"rendered":"Griff B\u00e1bsz\u00ednh\u00e1z Zalaegerszeg | Csuk\u00e1s Istv\u00e1n: Pom Pom mes\u00e9i"},"content":{"rendered":"<div class=\"opis\"><i class=\"fas fa-clock\"><\/i> <strong>2025. m\u00e1rcius 30. (vas\u00e1rnap) 17 \u00f3ra<\/strong> | lendvai Sz\u00ednh\u00e1z- \u00e9s hangversenyterem<img loading=\"lazy\" decoding=\"async\" class=\"wp-image-1592 alignright\" title=\"Fizet\u0151s rendezv\u00e9ny\" src=\"https:\/\/www1.kkl.si\/wp-content\/uploads\/\/2020\/07\/spored_simb_placljiva-1.svg\" alt=\"placljiva\" width=\"30\" height=\"30\" srcset=\"https:\/\/www1.kkl.si\/wp-content\/uploads\/\/2020\/07\/spored_simb_placljiva-1.svg 150w, https:\/\/www1.kkl.si\/wp-content\/uploads\/\/2020\/07\/spored_simb_placljiva-1.svg 400w, https:\/\/www1.kkl.si\/wp-content\/uploads\/\/2020\/07\/spored_simb_placljiva-1.svg 1500w, https:\/\/www1.kkl.si\/wp-content\/uploads\/\/2020\/07\/spored_simb_placljiva-1.svg 100w\" sizes=\"auto, (max-width: 30px) 100vw, 30px\" \/><br \/>\n<i class=\"fas fa-chevron-circle-right\"><\/i>\u00a0 <strong>gyerekel\u0151ad\u00e1s <span class=\"starost\">3+<\/span><\/strong> <br \/>\n<i class=\"fas fa-ticket-alt\"><\/i> Bel\u00e9p\u0151d\u00edj:<strong> 3 \u20ac<\/strong><br \/>\nSzervez\u0151: <a href=\"https:\/\/www.kkl.si\/\">Knji\u017enica \u2013 Kulturni center Lendava \u2013 Lendvai K\u00f6nyvt\u00e1r \u00e9s Kultur\u00e1lis K\u00f6zpont<\/a><\/div>\n<p><a href=\"https:\/\/www1.kkl.si\/wp-content\/uploads\/2025\/03\/plakat_B2_pom_pom_mesei_2025_DVOJ.jpg\" data-lbwps-width=\"2143\" data-lbwps-height=\"3000\" data-lbwps-srcsmall=\"https:\/\/www1.kkl.si\/wp-content\/uploads\/2025\/03\/plakat_B2_pom_pom_mesei_2025_DVOJ.jpg\"><img loading=\"lazy\" decoding=\"async\" class=\"alignright size-medium wp-image-21357\" src=\"https:\/\/www1.kkl.si\/wp-content\/uploads\/2025\/03\/plakat_B2_pom_pom_mesei_2025_DVOJ-scaled-286x400.jpg\" alt=\"\" width=\"286\" height=\"400\" \/><\/a>Csuk\u00e1s Istv\u00e1n azonos c\u00edm\u0171 m\u0171ve alapj\u00e1n b\u00e1bsz\u00ednpadra alkalmazta:<br \/>\n<strong>Nagy Orsolya<\/strong><\/p>\n<p><span style=\"font-size: 18pt;\"><strong>POM POM MES\u00c9I<\/strong><\/span><\/p>\n<p>J\u00e1tssz\u00e1k:<br \/>\n<strong>Horv\u00e1th M\u00e1t\u00e9 Zsolt<\/strong><br \/>\n<strong>Matola Norbert<\/strong><br \/>\n<strong>Szilinyi Arnold<\/strong><br \/>\n<strong>Szolnok \u00c1gnes<\/strong><br \/>\n<strong>V\u00e1ri Vivien<\/strong><\/p>\n<p>L\u00e1tv\u00e1ny- \u00e9s b\u00e1btervez\u0151: <strong>Bartal Kiss Rita <\/strong>Blattner G\u00e9za-d\u00edjas<br \/>\nA gyerekszoba rajzait k\u00e9sz\u00edtette: <strong>Ny\u00e1ri S\u00e1ra<\/strong><br \/>\nZeneszerz\u0151: <strong>Rab Viki<\/strong><br \/>\nKoreogr\u00e1fus: <strong>Fitos Dezs\u0151,<\/strong> Harangoz\u00f3 Gyula-d\u00edjas, \u00c9rdemes M\u0171v\u00e9sz<br \/>\nRendez\u0151: <strong>Kocsis Rozi, <\/strong>Blattner G\u00e9za-d\u00edjas<\/p>\n<p>\u201eHogy ki is Pom Pom? Nem ismeritek? \u00d3, igaz\u00e1n senki sem ismeri, mert hol ilyen, hol olyan! B\u00e1mulatosan tudja v\u00e1ltoztatni az alakj\u00e1t! Ha akarja, olyan, mint a sz\u0151rpamacs vagy par\u00f3ka vagy egyujjas, kiford\u00edtott bundakeszty\u0171 vagy szobafest\u0151 pemzli, vagy papucs orr\u00e1n pamutbojt, vagy sz\u0151rsapka.\u201d<\/p>\n<p>Picur, a kisiskol\u00e1s l\u00e1ny l\u00e1zas betegen fekszik otthon. Pom Pom, a bar\u00e1tja megl\u00e1togatja \u00e9s t\u00f6rt\u00e9netfarigcs\u00e1l\u00e1ssal, azaz mindenf\u00e9le izgalmas mese kital\u00e1l\u00e1s\u00e1val \u00fctik el az id\u0151t. A k\u00f6z\u00f6s t\u00f6rt\u00e9netalkot\u00e1s sor\u00e1n a Pom Pom-univerzum sz\u00e1mos m\u00e1sik figur\u00e1ja is megid\u00e9z\u0151dik. Felbukkan t\u00f6bbek k\u00f6z\u00f6tt Gomb\u00f3c Art\u00far, aki a vil\u00e1gon mindenn\u00e9l jobban szereti a csokol\u00e1d\u00e9t, Fest\u00e9kt\u00fcsszent\u0151 Hapci Ben\u0151, a h\u00edres fest\u0151m\u0171v\u00e9sz, akinek kor\u00e1bban gondjai voltak a k\u00f6z\u00f6ss\u00e9gbe val\u00f3 beilleszked\u00e9ssel a hapciz\u00e1si szok\u00e1sai miatt, Durrbelebumm, aki egy dologhoz \u00e9rt csak igaz\u00e1n, \u00e9s ez nem m\u00e1s, mint a durrogtat\u00e1s, illetve rajtuk k\u00edv\u00fcl m\u00e9g sokan m\u00e1sok. A kalandoz\u00e1sok v\u00e9g\u00e9re rem\u00e9lhet\u0151leg nem csak Picur ked\u00e9ly-, hanem eg\u00e9szs\u00e9g\u00fcgyi \u00e1llapota is helyre\u00e1ll.<\/p>\n\n\t\t<style type=\"text\/css\">\n\t\t\t#gallery-1 {\n\t\t\t\tmargin: auto;\n\t\t\t}\n\t\t\t#gallery-1 .gallery-item {\n\t\t\t\tfloat: left;\n\t\t\t\tmargin-top: 10px;\n\t\t\t\ttext-align: center;\n\t\t\t\twidth: 16%;\n\t\t\t}\n\t\t\t#gallery-1 img {\n\t\t\t\tborder: 2px solid #cfcfcf;\n\t\t\t}\n\t\t\t#gallery-1 .gallery-caption {\n\t\t\t\tmargin-left: 0;\n\t\t\t}\n\t\t\t\/* see gallery_shortcode() in wp-includes\/media.php *\/\n\t\t<\/style>\n\t\t<div id='gallery-1' class='gallery galleryid-21400 gallery-columns-6 gallery-size-thumbnail'><dl class='gallery-item'>\n\t\t\t<dt class='gallery-icon landscape'>\n\t\t\t\t<a href='https:\/\/www1.kkl.si\/wp-content\/uploads\/2025\/03\/pompom_mesei1.jpg'><img loading=\"lazy\" decoding=\"async\" width=\"150\" height=\"150\" src=\"https:\/\/www1.kkl.si\/wp-content\/uploads\/2025\/03\/pompom_mesei1-150x150.jpg\" class=\"attachment-thumbnail size-thumbnail\" alt=\"\" \/><\/a>\n\t\t\t<\/dt><\/dl><dl class='gallery-item'>\n\t\t\t<dt class='gallery-icon landscape'>\n\t\t\t\t<a href='https:\/\/www1.kkl.si\/wp-content\/uploads\/2025\/03\/pompom_mesei2.jpg'><img loading=\"lazy\" decoding=\"async\" width=\"150\" height=\"150\" src=\"https:\/\/www1.kkl.si\/wp-content\/uploads\/2025\/03\/pompom_mesei2-150x150.jpg\" class=\"attachment-thumbnail size-thumbnail\" alt=\"\" \/><\/a>\n\t\t\t<\/dt><\/dl><dl class='gallery-item'>\n\t\t\t<dt class='gallery-icon landscape'>\n\t\t\t\t<a href='https:\/\/www1.kkl.si\/wp-content\/uploads\/2025\/03\/pompom_mesei3.jpg'><img loading=\"lazy\" decoding=\"async\" width=\"150\" height=\"150\" src=\"https:\/\/www1.kkl.si\/wp-content\/uploads\/2025\/03\/pompom_mesei3-150x150.jpg\" class=\"attachment-thumbnail size-thumbnail\" alt=\"\" \/><\/a>\n\t\t\t<\/dt><\/dl><dl class='gallery-item'>\n\t\t\t<dt class='gallery-icon landscape'>\n\t\t\t\t<a href='https:\/\/www1.kkl.si\/wp-content\/uploads\/2025\/03\/pompom_mesei4.jpg'><img loading=\"lazy\" decoding=\"async\" width=\"150\" height=\"150\" src=\"https:\/\/www1.kkl.si\/wp-content\/uploads\/2025\/03\/pompom_mesei4-150x150.jpg\" class=\"attachment-thumbnail size-thumbnail\" alt=\"\" \/><\/a>\n\t\t\t<\/dt><\/dl><dl class='gallery-item'>\n\t\t\t<dt class='gallery-icon landscape'>\n\t\t\t\t<a href='https:\/\/www1.kkl.si\/wp-content\/uploads\/2025\/03\/pompom_mesei5.jpg'><img loading=\"lazy\" decoding=\"async\" width=\"150\" height=\"150\" src=\"https:\/\/www1.kkl.si\/wp-content\/uploads\/2025\/03\/pompom_mesei5-150x150.jpg\" class=\"attachment-thumbnail size-thumbnail\" alt=\"\" \/><\/a>\n\t\t\t<\/dt><\/dl><dl class='gallery-item'>\n\t\t\t<dt class='gallery-icon landscape'>\n\t\t\t\t<a href='https:\/\/www1.kkl.si\/wp-content\/uploads\/2025\/03\/pompom_mesei6.jpg'><img loading=\"lazy\" decoding=\"async\" width=\"150\" height=\"150\" src=\"https:\/\/www1.kkl.si\/wp-content\/uploads\/2025\/03\/pompom_mesei6-150x150.jpg\" class=\"attachment-thumbnail size-thumbnail\" alt=\"\" \/><\/a>\n\t\t\t<\/dt><\/dl><br style=\"clear: both\" \/>\n\t\t<\/div>\n\n<div class=\"modal-credit\"><span style=\"font-size: 10pt;\">Fot\u00f3k: Pezzetta Umberto (ZAOL.hu) \u00e9s Griff B\u00e1bsz\u00ednh\u00e1z<\/span><\/div>\n<hr \/>\n<p><i class=\"fas fa-link\"><\/i> <a href=\"https:\/\/griffbabszinhaz.hu\/pom-pom-mesei\/\">https:\/\/griffbabszinhaz.hu\/pom-pom-mesei\/<\/a><br \/>\n<i class=\"fas fa-link\"><\/i> <a href=\"https:\/\/www.zaol.hu\/helyi-kozelet\/2024\/11\/griff-babszinhaz-uj-eloadas\">ZAOL.hu: A Griff B\u00e1bsz\u00ednh\u00e1z \u00faj premierje a Pom Pom mes\u00e9i<\/a><\/p>\n","protected":false},"excerpt":{"rendered":"<p>2025. m\u00e1rcius 30. (vas\u00e1rnap) 17 \u00f3ra | lendvai Sz\u00ednh\u00e1z- \u00e9s hangversenyterem \u00a0 gyerekel\u0151ad\u00e1s 3+ Bel\u00e9p\u0151d\u00edj: 3 \u20ac Szervez\u0151: Knji\u017enica \u2013 Kulturni center Lendava \u2013 Lendvai K\u00f6nyvt\u00e1r \u00e9s Kultur\u00e1lis K\u00f6zpont Csuk\u00e1s Istv\u00e1n azonos c\u00edm\u0171 m\u0171ve alapj\u00e1n b\u00e1bsz\u00ednpadra alkalmazta: Nagy Orsolya POM POM MES\u00c9I J\u00e1tssz\u00e1k: Horv\u00e1th M\u00e1t\u00e9 Zsolt Matola Norbert Szilinyi Arnold Szolnok \u00c1gnes V\u00e1ri Vivien L\u00e1tv\u00e1ny- [&hellip;]<\/p>\n","protected":false},"author":2,"featured_media":21391,"parent":0,"menu_order":0,"comment_status":"closed","ping_status":"closed","template":"","meta":{"footnotes":""},"class_list":["post-21400","page","type-page","status-publish","has-post-thumbnail","hentry","post","post-with-thumbnail","post-with-thumbnail-icon"],"_links":{"self":[{"href":"https:\/\/www1.kkl.si\/hu\/wp-json\/wp\/v2\/pages\/21400","targetHints":{"allow":["GET"]}}],"collection":[{"href":"https:\/\/www1.kkl.si\/hu\/wp-json\/wp\/v2\/pages"}],"about":[{"href":"https:\/\/www1.kkl.si\/hu\/wp-json\/wp\/v2\/types\/page"}],"author":[{"embeddable":true,"href":"https:\/\/www1.kkl.si\/hu\/wp-json\/wp\/v2\/users\/2"}],"replies":[{"embeddable":true,"href":"https:\/\/www1.kkl.si\/hu\/wp-json\/wp\/v2\/comments?post=21400"}],"version-history":[{"count":1,"href":"https:\/\/www1.kkl.si\/hu\/wp-json\/wp\/v2\/pages\/21400\/revisions"}],"predecessor-version":[{"id":21401,"href":"https:\/\/www1.kkl.si\/hu\/wp-json\/wp\/v2\/pages\/21400\/revisions\/21401"}],"wp:featuredmedia":[{"embeddable":true,"href":"https:\/\/www1.kkl.si\/hu\/wp-json\/wp\/v2\/media\/21391"}],"wp:attachment":[{"href":"https:\/\/www1.kkl.si\/hu\/wp-json\/wp\/v2\/media?parent=21400"}],"curies":[{"name":"wp","href":"https:\/\/api.w.org\/{rel}","templated":true}]}}