{"id":21563,"date":"2025-04-01T08:19:32","date_gmt":"2025-04-01T06:19:32","guid":{"rendered":"https:\/\/www1.kkl.si\/?page_id=21563"},"modified":"2025-10-17T09:49:14","modified_gmt":"2025-10-17T07:49:14","slug":"musor-2025-05","status":"publish","type":"page","link":"https:\/\/www1.kkl.si\/hu\/musor-2025-05\/","title":{"rendered":"M\u0170SOR: 2025. m\u00e1jus"},"content":{"rendered":"<p><strong>2025.<\/strong> <a href=\"https:\/\/www1.kkl.si\/hu\/musor-2025-01\/\">janu\u00e1r<\/a> | <a href=\"https:\/\/www1.kkl.si\/hu\/musor-2025-02\/\">febru\u00e1r<\/a> | <a href=\"https:\/\/www1.kkl.si\/hu\/musor-2025-03\/\">m\u00e1rcius<\/a> | <a href=\"https:\/\/www1.kkl.si\/hu\/musor-2025-04\/\">\u00e1prilis<\/a> | <a href=\"https:\/\/www1.kkl.si\/hu\/musor-2025-05\/\">m\u00e1jus<\/a> | <a href=\"https:\/\/www1.kkl.si\/hu\/musor-2025-06\/\">j\u00fanius<\/a> | <a href=\"https:\/\/www1.kkl.si\/hu\/musor-2025-07\/\">j\u00falius<\/a> | <a href=\"https:\/\/www1.kkl.si\/hu\/musor-2025-08\/\">augusztus<\/a> | <a href=\"https:\/\/www1.kkl.si\/hu\/musor-2025-09\/\">szeptember<\/a> | <a href=\"https:\/\/www1.kkl.si\/hu\/musor-2025-10\/\">okt\u00f3ber<\/a> | <a href=\"https:\/\/www1.kkl.si\/hu\/musor-2025-11\/\">november<\/a> | <a href=\"https:\/\/www1.kkl.si\/hu\/musor-2025-12\/\">december<\/a> | <a href=\"https:\/\/www1.kkl.si\/hu\/a-musor-archivuma\/\">ARCH\u00cdVUM<\/a><\/p>\n<div>\n<table id=\"spored-legenda\" cellspacing=\"0\" cellpadding=\"5\">\n<tbody>\n<tr>\n<td><strong>JELMAGYAR\u00c1ZAT<br \/>\n<\/strong><\/td>\n<td style=\"vertical-align: middle;\"><img loading=\"lazy\" decoding=\"async\" class=\"alignnone wp-image-1586\" title=\"Szlov\u00e9n b\u00e9rlet\" src=\"https:\/\/www1.kkl.si\/wp-content\/uploads\/\/2020\/07\/spored_simb_abonma_si-1.svg\" alt=\"abonma_si\" width=\"30\" height=\"30\" \/><\/td>\n<td>Szlov\u00e9n<br \/>\nb\u00e9rlet<\/td>\n<td style=\"vertical-align: middle;\"><img loading=\"lazy\" decoding=\"async\" class=\"alignnone wp-image-1584\" title=\"Magyar b\u00e9rlet\" src=\"https:\/\/www1.kkl.si\/wp-content\/uploads\/\/2020\/07\/spored_simb_abonma_hu-1.svg\" alt=\"abonma_hu\" width=\"30\" height=\"30\" srcset=\"https:\/\/www1.kkl.si\/wp-content\/uploads\/\/2020\/07\/spored_simb_abonma_hu-1.svg 150w, https:\/\/www1.kkl.si\/wp-content\/uploads\/\/2020\/07\/spored_simb_abonma_hu-1.svg 400w, https:\/\/www1.kkl.si\/wp-content\/uploads\/\/2020\/07\/spored_simb_abonma_hu-1.svg 1500w, https:\/\/www1.kkl.si\/wp-content\/uploads\/\/2020\/07\/spored_simb_abonma_hu-1.svg 100w\" sizes=\"auto, (max-width: 30px) 100vw, 30px\" \/><\/td>\n<td>Magyar<br \/>\nb\u00e9rlet<\/td>\n<td style=\"vertical-align: middle;\"><img loading=\"lazy\" decoding=\"async\" class=\"alignnone wp-image-1594\" title=\"Z\u00e1rtk\u00f6r\u0171 rendezv\u00e9ny\" src=\"https:\/\/www1.kkl.si\/wp-content\/uploads\/\/2020\/07\/spored_simb_zakljucena-1.svg\" alt=\"zakljucena\" width=\"30\" height=\"30\" srcset=\"https:\/\/www1.kkl.si\/wp-content\/uploads\/\/2020\/07\/spored_simb_zakljucena-1.svg 150w, https:\/\/www1.kkl.si\/wp-content\/uploads\/\/2020\/07\/spored_simb_zakljucena-1.svg 400w, https:\/\/www1.kkl.si\/wp-content\/uploads\/\/2020\/07\/spored_simb_zakljucena-1.svg 1500w, https:\/\/www1.kkl.si\/wp-content\/uploads\/\/2020\/07\/spored_simb_zakljucena-1.svg 100w\" sizes=\"auto, (max-width: 30px) 100vw, 30px\" \/><\/td>\n<td>Z\u00e1rtk\u00f6r\u0171<br \/>\nrendezv\u00e9ny<\/td>\n<td style=\"vertical-align: middle;\"><img loading=\"lazy\" decoding=\"async\" class=\"alignnone wp-image-1588\" title=\"Ingyenes rendezv\u00e9ny\" src=\"https:\/\/www1.kkl.si\/wp-content\/uploads\/\/2020\/07\/spored_simb_brezplacna-1.svg\" alt=\"brezplacna\" width=\"30\" height=\"30\" srcset=\"https:\/\/www1.kkl.si\/wp-content\/uploads\/\/2020\/07\/spored_simb_brezplacna-1.svg 150w, https:\/\/www1.kkl.si\/wp-content\/uploads\/\/2020\/07\/spored_simb_brezplacna-1.svg 400w, https:\/\/www1.kkl.si\/wp-content\/uploads\/\/2020\/07\/spored_simb_brezplacna-1.svg 1500w, https:\/\/www1.kkl.si\/wp-content\/uploads\/\/2020\/07\/spored_simb_brezplacna-1.svg 100w\" sizes=\"auto, (max-width: 30px) 100vw, 30px\" \/><\/td>\n<td>Ingyenes<br \/>\nrendezv\u00e9ny<\/td>\n<td style=\"vertical-align: middle;\"><img loading=\"lazy\" decoding=\"async\" class=\"wp-image-1592 alignnone\" title=\"Fizet\u0151s rendezv\u00e9ny\" src=\"https:\/\/www1.kkl.si\/wp-content\/uploads\/\/2020\/07\/spored_simb_placljiva-1.svg\" alt=\"placljiva\" width=\"30\" height=\"30\" srcset=\"https:\/\/www1.kkl.si\/wp-content\/uploads\/\/2020\/07\/spored_simb_placljiva-1.svg 150w, https:\/\/www1.kkl.si\/wp-content\/uploads\/\/2020\/07\/spored_simb_placljiva-1.svg 400w, https:\/\/www1.kkl.si\/wp-content\/uploads\/\/2020\/07\/spored_simb_placljiva-1.svg 1500w, https:\/\/www1.kkl.si\/wp-content\/uploads\/\/2020\/07\/spored_simb_placljiva-1.svg 100w\" sizes=\"auto, (max-width: 30px) 100vw, 30px\" \/><\/td>\n<td>Fizet\u0151s<br \/>\nrendezv\u00e9ny<\/td>\n<td style=\"vertical-align: middle;\"><img loading=\"lazy\" decoding=\"async\" class=\"alignnone wp-image-1590\" title=\"\u00dajdons\u00e1g, v\u00e1ltoz\u00e1s\" src=\"https:\/\/www1.kkl.si\/wp-content\/uploads\/\/2020\/07\/spored_simb_novost-1.svg\" alt=\"novost\" width=\"30\" height=\"30\" srcset=\"https:\/\/www1.kkl.si\/wp-content\/uploads\/\/2020\/07\/spored_simb_novost-1.svg 150w, https:\/\/www1.kkl.si\/wp-content\/uploads\/\/2020\/07\/spored_simb_novost-1.svg 400w, https:\/\/www1.kkl.si\/wp-content\/uploads\/\/2020\/07\/spored_simb_novost-1.svg 1500w, https:\/\/www1.kkl.si\/wp-content\/uploads\/\/2020\/07\/spored_simb_novost-1.svg 100w\" sizes=\"auto, (max-width: 30px) 100vw, 30px\" \/><\/td>\n<td>\u00dajdons\u00e1g,<br \/>\nv\u00e1ltoz\u00e1s<\/td>\n<\/tr>\n<\/tbody>\n<\/table>\n<\/div>\n<table id=\"sporedtabela\" style=\"width: 100%;\">\n<tbody>\n<tr>\n<td style=\"width: 14.8961%;\">\n<p style=\"text-align: center;\"><span style=\"font-size: 36pt;\"><strong><span style=\"font-size: 24pt;\">8.<\/span><br \/>\n<\/strong><\/span><\/p>\n<p style=\"text-align: center;\">cs\u00fct\u00f6rt\u00f6k<\/p>\n<p><img loading=\"lazy\" decoding=\"async\" class=\"alignnone wp-image-1588 aligncenter\" title=\"Ingyenes rendezv\u00e9ny\" src=\"https:\/\/www1.kkl.si\/wp-content\/uploads\/\/2020\/07\/spored_simb_brezplacna-1.svg\" alt=\"brezplacna\" width=\"30\" height=\"30\" srcset=\"https:\/\/www1.kkl.si\/wp-content\/uploads\/\/2020\/07\/spored_simb_brezplacna-1.svg 150w, https:\/\/www1.kkl.si\/wp-content\/uploads\/\/2020\/07\/spored_simb_brezplacna-1.svg 400w, https:\/\/www1.kkl.si\/wp-content\/uploads\/\/2020\/07\/spored_simb_brezplacna-1.svg 1500w, https:\/\/www1.kkl.si\/wp-content\/uploads\/\/2020\/07\/spored_simb_brezplacna-1.svg 100w\" sizes=\"auto, (max-width: 30px) 100vw, 30px\" \/><\/p>\n<p>&nbsp;<\/p>\n<\/td>\n<td style=\"width: 84.642%;\">\n<p><i class=\"fas fa-clock\"><\/i> <strong>16.30<\/strong> | lendvai Sz\u00ednh\u00e1z- \u00e9s hangversenyterem<a href=\"https:\/\/www1.kkl.si\/wp-content\/uploads\/2025\/04\/plakat_B2_balet_labodje_jezero_2025_DVOJ.jpg\" data-lbwps-width=\"2500\" data-lbwps-height=\"3500\" data-lbwps-srcsmall=\"https:\/\/www1.kkl.si\/wp-content\/uploads\/2025\/04\/plakat_B2_balet_labodje_jezero_2025_DVOJ.jpg\"><img loading=\"lazy\" decoding=\"async\" class=\"alignright size-thumbnail wp-image-21718\" src=\"https:\/\/www1.kkl.si\/wp-content\/uploads\/2025\/04\/plakat_B2_balet_labodje_jezero_2025_DVOJ-scaled-e1745300946314-150x150.jpg\" alt=\"\" width=\"150\" height=\"150\" \/><\/a><br \/>\n<strong>balettel\u0151ad\u00e1s<\/strong><\/p>\n<p><a href=\"https:\/\/www1.kkl.si\/hu\/meghivo-a-hattyuk-tava-cimu-baletteloadasra\/\"><strong><span style=\"font-size: 24pt;\">A hatty\u00fak tava<\/span> <\/strong><\/a><br \/>\n<strong>a Zeneiskola Lendva balett tagozat\u00e1nak el\u0151ad\u00e1s\u00e1ban<\/strong><\/p>\n<p><i class=\"fas fa-info-circle\"><\/i> Ingyenes jegyek a lendvai Sz\u00ednh\u00e1z- \u00e9s hangversenyterem p\u00e9nzt\u00e1r\u00e1ban (<i class=\"fas fa-phone-alt\"><\/i> 02 577 20 62) kaphat\u00f3k. A rendezv\u00e9nyen \u00f6nk\u00e9ntes adom\u00e1nyok gy\u0171jt\u00e9s\u00e9re ker\u00fcl sor a Zeneiskola Lendva Iskolai T\u00e1mogat\u00e1si Alapja r\u00e9sz\u00e9re.<\/p>\n<p><span style=\"font-size: 10pt;\">Szervez\u0151: <a href=\"http:\/\/www.gs-lendava.si\/\">Glasbena \u0161ola Lendava\/Zeneiskola Lendva<\/a><\/span><\/p>\n<\/td>\n<\/tr>\n<tr>\n<td style=\"width: 14.8961%;\">\n<p style=\"text-align: center;\"><span style=\"font-size: 24pt;\"><strong>8.<br \/>\n<\/strong><\/span><\/p>\n<p style=\"text-align: center;\">cs\u00fct\u00f6rt\u00f6k<\/p>\n<p><img loading=\"lazy\" decoding=\"async\" class=\"alignnone wp-image-1588 aligncenter\" title=\"Ingyenes rendezv\u00e9ny\" src=\"https:\/\/www1.kkl.si\/wp-content\/uploads\/\/2020\/07\/spored_simb_brezplacna-1.svg\" alt=\"brezplacna\" width=\"30\" height=\"30\" srcset=\"https:\/\/www1.kkl.si\/wp-content\/uploads\/\/2020\/07\/spored_simb_brezplacna-1.svg 150w, https:\/\/www1.kkl.si\/wp-content\/uploads\/\/2020\/07\/spored_simb_brezplacna-1.svg 400w, https:\/\/www1.kkl.si\/wp-content\/uploads\/\/2020\/07\/spored_simb_brezplacna-1.svg 1500w, https:\/\/www1.kkl.si\/wp-content\/uploads\/\/2020\/07\/spored_simb_brezplacna-1.svg 100w\" sizes=\"auto, (max-width: 30px) 100vw, 30px\" \/><\/p>\n<\/td>\n<td style=\"width: 84.642%;\">\n<p><i class=\"fas fa-clock\"><\/i> <strong>18.00<\/strong> | lendvai Sz\u00ednh\u00e1z- \u00e9s hangversenyterem<a href=\"https:\/\/www1.kkl.si\/wp-content\/uploads\/2025\/04\/plakat_B2_balet_labodje_jezero_2025_DVOJ.jpg\" data-lbwps-width=\"2500\" data-lbwps-height=\"3500\" data-lbwps-srcsmall=\"https:\/\/www1.kkl.si\/wp-content\/uploads\/2025\/04\/plakat_B2_balet_labodje_jezero_2025_DVOJ.jpg\"><img loading=\"lazy\" decoding=\"async\" class=\"alignright size-thumbnail wp-image-21718\" src=\"https:\/\/www1.kkl.si\/wp-content\/uploads\/2025\/04\/plakat_B2_balet_labodje_jezero_2025_DVOJ-scaled-e1745300946314-150x150.jpg\" alt=\"\" width=\"150\" height=\"150\" \/><\/a><br \/>\n<strong>balettel\u0151ad\u00e1s<\/strong><\/p>\n<p><strong><span style=\"font-size: 24pt;\">A hatty\u00fak tava<\/span> <\/strong><br \/>\n<strong>a Zeneiskola Lendva balett tagozat\u00e1nak el\u0151ad\u00e1s\u00e1ban<\/strong><\/p>\n<p><span class=\"premiera\"><i class=\"fas fa-exclamation-circle\"><\/i> \u00c9RTES\u00cdT\u00c9S: A jegyek elfogytak.<\/span><br \/>\nA rendezv\u00e9nyen \u00f6nk\u00e9ntes adom\u00e1nyok gy\u0171jt\u00e9s\u00e9re ker\u00fcl sor a Zeneiskola Lendva Iskolai T\u00e1mogat\u00e1si Alapja r\u00e9sz\u00e9re.<\/p>\n<p><span style=\"font-size: 10pt;\">Szervez\u0151: <a href=\"http:\/\/www.gs-lendava.si\/\">Glasbena \u0161ola Lendava\/Zeneiskola Lendva<\/a><\/span><\/p>\n<\/td>\n<\/tr>\n<tr>\n<td style=\"width: 14.8961%;\">\n<p style=\"text-align: center;\"><span style=\"font-size: 24pt;\"><strong>9.<\/strong><\/span><\/p>\n<p style=\"text-align: center;\">p\u00e9ntek<\/p>\n<p><img loading=\"lazy\" decoding=\"async\" class=\"alignnone wp-image-1588 aligncenter\" title=\"Ingyenes rendezv\u00e9ny\" src=\"https:\/\/www1.kkl.si\/wp-content\/uploads\/\/2020\/07\/spored_simb_brezplacna-1.svg\" alt=\"brezplacna\" width=\"30\" height=\"30\" srcset=\"https:\/\/www1.kkl.si\/wp-content\/uploads\/\/2020\/07\/spored_simb_brezplacna-1.svg 150w, https:\/\/www1.kkl.si\/wp-content\/uploads\/\/2020\/07\/spored_simb_brezplacna-1.svg 400w, https:\/\/www1.kkl.si\/wp-content\/uploads\/\/2020\/07\/spored_simb_brezplacna-1.svg 1500w, https:\/\/www1.kkl.si\/wp-content\/uploads\/\/2020\/07\/spored_simb_brezplacna-1.svg 100w\" sizes=\"auto, (max-width: 30px) 100vw, 30px\" \/><\/p>\n<p>&nbsp;<\/p>\n<\/td>\n<td style=\"width: 84.642%;\">\n<p><i class=\"fas fa-map-marker-alt\"><\/i> a lendvai Sz\u00ednh\u00e1z- \u00e9s hangversenyterem el\u0151csarnoka<img loading=\"lazy\" decoding=\"async\" class=\"alignright wp-image-21933\" src=\"https:\/\/www1.kkl.si\/wp-content\/uploads\/2025\/05\/missio_logo_misijonsko_sredisce.svg\" alt=\"\" width=\"150\" height=\"150\" \/><br \/>\n<strong>ki\u00e1ll\u00edt\u00e1s<\/strong><\/p>\n<p><a href=\"https:\/\/www1.kkl.si\/hu\/a-szloven-misszios-kozpont-misszios-vandorkiallitasa\/\"><span style=\"font-size: 24pt;\"><strong>A Szlov\u00e9n Misszi\u00f3s K\u00f6zpont misszi\u00f3s v\u00e1ndorki\u00e1ll\u00edt\u00e1sa*<\/strong><\/span><\/a><\/p>\n<p>A ki\u00e1ll\u00edt\u00e1s 2025. m\u00e1jus 9-t\u0151l j\u00fanius 2-ig tekinthet\u0151 meg.<\/p>\n<p><span style=\"font-size: 10pt;\">Szervez\u0151: <a href=\"https:\/\/www.missio.si\/\">Misijonsko sredi\u0161\u010de Slovenije &#8211; missio.si<\/a><\/span><\/p>\n<\/td>\n<\/tr>\n<tr>\n<td style=\"width: 14.8961%; text-align: center;\"><span style=\"font-size: 24pt;\"><strong>10.<\/strong><\/span><\/p>\n<p>szombat<\/p>\n<p><img loading=\"lazy\" decoding=\"async\" class=\"alignnone wp-image-1588\" title=\"Ingyenes rendezv\u00e9ny\" src=\"https:\/\/www1.kkl.si\/wp-content\/uploads\/\/2020\/07\/spored_simb_brezplacna-1.svg\" alt=\"brezplacna\" width=\"30\" height=\"30\" srcset=\"https:\/\/www1.kkl.si\/wp-content\/uploads\/\/2020\/07\/spored_simb_brezplacna-1.svg 150w, https:\/\/www1.kkl.si\/wp-content\/uploads\/\/2020\/07\/spored_simb_brezplacna-1.svg 400w, https:\/\/www1.kkl.si\/wp-content\/uploads\/\/2020\/07\/spored_simb_brezplacna-1.svg 1500w, https:\/\/www1.kkl.si\/wp-content\/uploads\/\/2020\/07\/spored_simb_brezplacna-1.svg 100w\" sizes=\"auto, (max-width: 30px) 100vw, 30px\" \/><\/p>\n<\/td>\n<td style=\"width: 84.642%;\">\n<p><i class=\"fas fa-clock\"><\/i> <strong>18.00<\/strong> | lendvai Sz\u00ednh\u00e1z- \u00e9s hangversenyterem<a href=\"https:\/\/www1.kkl.si\/wp-content\/uploads\/2025\/04\/Stanko_Padaric_razstava_2025-2.jpg\" data-lbwps-width=\"1191\" data-lbwps-height=\"1364\" data-lbwps-srcsmall=\"https:\/\/www1.kkl.si\/wp-content\/uploads\/2025\/04\/Stanko_Padaric_razstava_2025-2-349x400.jpg\"><img loading=\"lazy\" decoding=\"async\" class=\"slika alignright wp-image-21868 size-thumbnail\" src=\"https:\/\/www1.kkl.si\/wp-content\/uploads\/2025\/04\/Stanko_Padaric_razstava_2025-2.jpg\" alt=\"\" width=\"150\" height=\"150\" \/><\/a><br \/>\n<strong>k\u00e9pz\u0151m\u0171v\u00e9szeti ki\u00e1ll\u00edt\u00e1s<\/strong><\/p>\n<p><a href=\"https:\/\/www1.kkl.si\/hu\/kepzomuveszeti-kiallitas-stanko-padaric-priroda-obicaji-i-tradicija\/\"><span style=\"font-size: 24pt;\"><strong>Stanko Padari\u0107: \u201ePriroda, obi\u010daji i tradicija\u201d<\/strong><\/span><\/a><br \/>\n<strong>(a horv\u00e1torsz\u00e1gi Sveti Martin na Muri\/Muraszentm\u00e1rton telep\u00fcl\u00e9sb\u0151l \u00e9rkez\u0151 m\u0171kedvel\u0151 fest\u0151)<\/strong><\/p>\n<p>A ki\u00e1ll\u00edt\u00e1s 2025. m\u00e1jus 10-t\u0151l 31-ig tekinthet\u0151 meg.<\/p>\n<p><span style=\"font-size: 10pt;\">Szervez\u0151: <a href=\"https:\/\/hkd-pomurje.si\/\">Hrva\u0161ko kulturno dru\u0161tvo Pomurje\/Pomurje Horv\u00e1t M\u0171vel\u0151d\u00e9si Egyes\u00fclet<\/a><\/span><\/p>\n<\/td>\n<\/tr>\n<tr>\n<td style=\"width: 14.8961%;\">\n<p style=\"text-align: center;\"><span style=\"font-size: 24pt;\"><strong>20.<\/strong><\/span><\/p>\n<p style=\"text-align: center;\">kedd<\/p>\n<p style=\"text-align: center;\"><img loading=\"lazy\" decoding=\"async\" class=\"alignnone wp-image-1586\" title=\"Szlov\u00e9n b\u00e9rlet\" src=\"https:\/\/www1.kkl.si\/wp-content\/uploads\/\/2020\/07\/spored_simb_abonma_si-1.svg\" alt=\"abonma_si\" width=\"30\" height=\"30\" \/>\u00a0 <img loading=\"lazy\" decoding=\"async\" class=\"wp-image-1592 alignnone\" title=\"Fizet\u0151s rendezv\u00e9ny\" src=\"https:\/\/www1.kkl.si\/wp-content\/uploads\/\/2020\/07\/spored_simb_placljiva-1.svg\" alt=\"placljiva\" width=\"30\" height=\"30\" srcset=\"https:\/\/www1.kkl.si\/wp-content\/uploads\/\/2020\/07\/spored_simb_placljiva-1.svg 150w, https:\/\/www1.kkl.si\/wp-content\/uploads\/\/2020\/07\/spored_simb_placljiva-1.svg 400w, https:\/\/www1.kkl.si\/wp-content\/uploads\/\/2020\/07\/spored_simb_placljiva-1.svg 1500w, https:\/\/www1.kkl.si\/wp-content\/uploads\/\/2020\/07\/spored_simb_placljiva-1.svg 100w\" sizes=\"auto, (max-width: 30px) 100vw, 30px\" \/><\/p>\n<\/td>\n<td style=\"width: 84.642%;\">\n<p><i class=\"fas fa-clock\"><\/i> <strong>19.00<\/strong> | lendvai Sz\u00ednh\u00e1z- \u00e9s hangversenyterem<a href=\"https:\/\/www1.kkl.si\/wp-content\/uploads\/2025\/04\/plakat_B1_MGL_Nora_2025_DVOJ.jpg\" data-lbwps-width=\"2100\" data-lbwps-height=\"3000\" data-lbwps-srcsmall=\"https:\/\/www1.kkl.si\/wp-content\/uploads\/2025\/04\/plakat_B1_MGL_Nora_2025_DVOJ.jpg\"><img loading=\"lazy\" decoding=\"async\" class=\"alignright size-thumbnail wp-image-21722\" src=\"https:\/\/www1.kkl.si\/wp-content\/uploads\/2025\/04\/plakat_B1_MGL_Nora_2025_DVOJ-scaled-150x150.jpg\" alt=\"\" width=\"150\" height=\"150\" \/><\/a><br \/>\n<strong>dr\u00e1ma szlov\u00e9n nyelven<\/strong><\/p>\n<p>MGL &#8211; Mestno gledali\u0161\u010de ljubljansko | Henrik Ibsen:<\/p>\n<p><span style=\"font-size: 24pt;\"><a href=\"https:\/\/www1.kkl.si\/sl\/mestno-gledalisce-ljubljansko-nora\/\"><strong>Nora<\/strong><\/a><\/span><\/p>\n<p>Rendez\u0151: Nela Vito\u0161evi\u0107<\/p>\n<p><i class=\"fas fa-ticket-alt\"><\/i> A bel\u00e9p\u0151jegy \u00e1ra el\u0151v\u00e9telben <strong>15 \u20ac<\/strong>, az el\u0151ad\u00e1s napj\u00e1n <strong>18 \u20ac<\/strong>.<br \/>\nP\u00e9nzt\u00e1r: <i class=\"fas fa-phone-alt\"><\/i> +386 (0)2 577 60 24<\/p>\n<p><span style=\"font-size: 10pt;\">Szervez\u0151: <a href=\"https:\/\/www.kkl.si\/\">Knji\u017enica \u2013 Kulturni center Lendava \u2013 Lendvai K\u00f6nyvt\u00e1r \u00e9s Kultur\u00e1lis K\u00f6zpont<\/a><\/span><\/p>\n<\/td>\n<\/tr>\n<tr>\n<td style=\"width: 14.8961%;\">\n<p style=\"text-align: center;\"><span style=\"font-size: 24pt;\"><strong>21.<\/strong><\/span><\/p>\n<p style=\"text-align: center;\">szerda<\/p>\n<p><img loading=\"lazy\" decoding=\"async\" class=\"alignnone wp-image-1588 aligncenter\" title=\"Ingyenes rendezv\u00e9ny\" src=\"https:\/\/www1.kkl.si\/wp-content\/uploads\/\/2020\/07\/spored_simb_brezplacna-1.svg\" alt=\"brezplacna\" width=\"30\" height=\"30\" srcset=\"https:\/\/www1.kkl.si\/wp-content\/uploads\/\/2020\/07\/spored_simb_brezplacna-1.svg 150w, https:\/\/www1.kkl.si\/wp-content\/uploads\/\/2020\/07\/spored_simb_brezplacna-1.svg 400w, https:\/\/www1.kkl.si\/wp-content\/uploads\/\/2020\/07\/spored_simb_brezplacna-1.svg 1500w, https:\/\/www1.kkl.si\/wp-content\/uploads\/\/2020\/07\/spored_simb_brezplacna-1.svg 100w\" sizes=\"auto, (max-width: 30px) 100vw, 30px\" \/><\/p>\n<\/td>\n<td style=\"width: 84.642%;\">\n<p><i class=\"fas fa-clock\"><\/i> <strong>10.00<\/strong> | a lendvai R\u00f3zsa parkban \u00e9s a lendvai Sz\u00ednh\u00e1z- \u00e9s hangversenyterem szabadt\u00e9ri sz\u00ednpad\u00e1n<a href=\"https:\/\/www1.kkl.si\/wp-content\/uploads\/2025\/05\/PU-vabilo-25-HU.jpg\" data-lbwps-width=\"1240\" data-lbwps-height=\"1754\" data-lbwps-srcsmall=\"https:\/\/www1.kkl.si\/wp-content\/uploads\/2025\/05\/PU-vabilo-25-HU-283x400.jpg\"><img loading=\"lazy\" decoding=\"async\" class=\"slika alignright wp-image-22119 size-thumbnail\" src=\"https:\/\/www1.kkl.si\/wp-content\/uploads\/2025\/05\/PU-vabilo-25-HU-e1747670436956-150x150.jpg\" alt=\"\" width=\"150\" height=\"150\" \/><\/a><br \/>\n<strong>rendezv\u00e9ny<\/strong><\/p>\n<p>Az \u00c9lethosszig Tart\u00f3 Tanul\u00e1s Hetei (TVU) 2025<\/p>\n<p><a href=\"https:\/\/www1.kkl.si\/hu\/a-tudas-fesztivalja-2025-ben-lendvan\/\"><span style=\"font-size: 24pt;\"><strong>A tud\u00e1s fesztiv\u00e1lja 2025*<\/strong><\/span><\/a><\/p>\n<p><span style=\"font-size: 10pt;\">Szervez\u0151: <a href=\"https:\/\/www.lulendava.si\/\">Ljudska univerza Lendava\/N\u00e9pi Egyetem Lendva<\/a> \u00e9s partnerei<\/span><\/p>\n<\/td>\n<\/tr>\n<tr>\n<td style=\"width: 14.8961%; text-align: center;\">\n<p style=\"text-align: center;\"><strong><span style=\"font-size: 24pt;\">23.<\/span><br \/>\n<\/strong><\/p>\n<p>p\u00e9ntek<\/p>\n<p style=\"text-align: center;\"><img loading=\"lazy\" decoding=\"async\" class=\"alignnone wp-image-1584\" title=\"Magyar b\u00e9rlet\" src=\"https:\/\/www1.kkl.si\/wp-content\/uploads\/\/2020\/07\/spored_simb_abonma_hu-1.svg\" alt=\"abonma_hu\" width=\"30\" height=\"30\" srcset=\"https:\/\/www1.kkl.si\/wp-content\/uploads\/\/2020\/07\/spored_simb_abonma_hu-1.svg 150w, https:\/\/www1.kkl.si\/wp-content\/uploads\/\/2020\/07\/spored_simb_abonma_hu-1.svg 400w, https:\/\/www1.kkl.si\/wp-content\/uploads\/\/2020\/07\/spored_simb_abonma_hu-1.svg 1500w, https:\/\/www1.kkl.si\/wp-content\/uploads\/\/2020\/07\/spored_simb_abonma_hu-1.svg 100w\" sizes=\"auto, (max-width: 30px) 100vw, 30px\" \/>\u00a0<\/p>\n<p>HELYETTES\u00cdT\u0150 ID\u0150PONT<\/p>\n<\/td>\n<td style=\"width: 84.642%;\">\n<p><i class=\"fas fa-clock\"><\/i> <strong>19.00<\/strong> | lendvai Sz\u00ednh\u00e1z- \u00e9s hangversenyterem<a href=\"https:\/\/www1.kkl.si\/wp-content\/uploads\/2025\/02\/SisiA5A_plakat.jpg\" data-lbwps-width=\"1748\" data-lbwps-height=\"2480\" data-lbwps-srcsmall=\"https:\/\/www1.kkl.si\/wp-content\/uploads\/2025\/02\/SisiA5A_plakat-282x400.jpg\"><img loading=\"lazy\" decoding=\"async\" class=\"alignright size-thumbnail wp-image-21289\" src=\"https:\/\/www1.kkl.si\/wp-content\/uploads\/2025\/02\/SisiA5A_plakat-e1740728939392-150x150.jpg\" alt=\"\" width=\"150\" height=\"150\" \/><\/a><br \/>\n<strong>operett<\/strong><\/p>\n<p>MONARCHIA OPERETT:<\/p>\n<p><strong><b><a href=\"https:\/\/www1.kkl.si\/hu\/monarchia-operett-sissi-a-magyar-kiralyne\/\"><span style=\"font-size: 24pt;\">Sissi, a magyar kir\u00e1lyn\u00e9<\/span><\/a><\/b><\/strong><\/p>\n<p><span style=\"font-size: 10pt;\">Szervez\u0151: <a href=\"https:\/\/www.mnmi-zkmn.si\/\">MNMI Lendva \u2013 ZKMN Lendava<\/a><\/span><\/p>\n<\/td>\n<\/tr>\n<tr>\n<td style=\"width: 14.8961%; text-align: center;\"><span style=\"font-size: 24pt;\"><strong>25.<\/strong><\/span><\/p>\n<p style=\"text-align: center;\">vas\u00e1rnap<\/p>\n<p><img loading=\"lazy\" decoding=\"async\" class=\"alignnone wp-image-1588\" title=\"Ingyenes rendezv\u00e9ny\" src=\"https:\/\/www1.kkl.si\/wp-content\/uploads\/\/2020\/07\/spored_simb_brezplacna-1.svg\" alt=\"brezplacna\" width=\"30\" height=\"30\" srcset=\"https:\/\/www1.kkl.si\/wp-content\/uploads\/\/2020\/07\/spored_simb_brezplacna-1.svg 150w, https:\/\/www1.kkl.si\/wp-content\/uploads\/\/2020\/07\/spored_simb_brezplacna-1.svg 400w, https:\/\/www1.kkl.si\/wp-content\/uploads\/\/2020\/07\/spored_simb_brezplacna-1.svg 1500w, https:\/\/www1.kkl.si\/wp-content\/uploads\/\/2020\/07\/spored_simb_brezplacna-1.svg 100w\" sizes=\"auto, (max-width: 30px) 100vw, 30px\" \/><\/p>\n<p>&nbsp;<\/p>\n<\/td>\n<td style=\"width: 84.642%;\">\n<p><i class=\"fas fa-clock\"><\/i> <strong>18.00<\/strong> | lendvai Sz\u00ednh\u00e1z- \u00e9s hangversenyterem<a href=\"https:\/\/www1.kkl.si\/wp-content\/uploads\/2025\/04\/globina_LENDAVA_splet.jpg\" data-lbwps-width=\"1807\" data-lbwps-height=\"3000\" data-lbwps-srcsmall=\"https:\/\/www1.kkl.si\/wp-content\/uploads\/2025\/04\/globina_LENDAVA_splet.jpg\"><img loading=\"lazy\" decoding=\"async\" class=\"alignright size-thumbnail wp-image-21789\" src=\"https:\/\/www1.kkl.si\/wp-content\/uploads\/2025\/04\/globina_LENDAVA_splet-scaled-150x150.jpg\" alt=\"\" width=\"150\" height=\"150\" \/><\/a><br \/>\n<strong>sz\u00ednh\u00e1zi el\u0151ad\u00e1s horv\u00e1t nyelven<\/strong><\/p>\n<p>KUD Mura:<\/p>\n<p><span style=\"font-size: 24pt;\"><a href=\"https:\/\/www1.kkl.si\/sl\/kud-mura-globina\/\"><strong>Globina<\/strong><\/a><\/span><\/p>\n<p><span style=\"font-size: 10pt;\">Szervez\u0151k: <a href=\"https:\/\/www.facebook.com\/p\/KTD-Novi-Sad-Lendava-100038549532698\/\">Kulturno in turisti\u010dno dru\u0161tvo Novi Sad Lendava &#8211; Kultur\u00e1lis \u00e9s Turisztikai Egyes\u00fclet Novi Sad Lendva<\/a>, <a href=\"https:\/\/www.kkl.si\/\">KKC Lendava \u2013 Lendvai KKK<\/a>, <a href=\"https:\/\/www.facebook.com\/p\/KUD-MURA-Mursko-Sredi%C5%A1%C4%87e-61553353352515\/\">KUD MURA<\/a>.<\/span><\/p>\n<\/td>\n<\/tr>\n<\/tbody>\n<\/table>\n<p style=\"text-align: center;\"><span style=\"font-size: 10pt;\">A szervez\u0151k fenntartj\u00e1k a m\u0171sorv\u00e1ltoz\u00e1s jog\u00e1t.<\/span><\/p>\n","protected":false},"excerpt":{"rendered":"<p>2025. janu\u00e1r | febru\u00e1r | m\u00e1rcius | \u00e1prilis | m\u00e1jus | j\u00fanius | j\u00falius | augusztus | szeptember | okt\u00f3ber | november | december | ARCH\u00cdVUM JELMAGYAR\u00c1ZAT Szlov\u00e9n b\u00e9rlet Magyar b\u00e9rlet Z\u00e1rtk\u00f6r\u0171 rendezv\u00e9ny Ingyenes rendezv\u00e9ny Fizet\u0151s rendezv\u00e9ny \u00dajdons\u00e1g, v\u00e1ltoz\u00e1s 8. cs\u00fct\u00f6rt\u00f6k &nbsp; 16.30 | lendvai Sz\u00ednh\u00e1z- \u00e9s hangversenyterem balettel\u0151ad\u00e1s A hatty\u00fak tava a Zeneiskola Lendva [&hellip;]<\/p>\n","protected":false},"author":2,"featured_media":0,"parent":0,"menu_order":0,"comment_status":"closed","ping_status":"closed","template":"","meta":{"footnotes":""},"class_list":["post-21563","page","type-page","status-publish","hentry","post"],"_links":{"self":[{"href":"https:\/\/www1.kkl.si\/hu\/wp-json\/wp\/v2\/pages\/21563","targetHints":{"allow":["GET"]}}],"collection":[{"href":"https:\/\/www1.kkl.si\/hu\/wp-json\/wp\/v2\/pages"}],"about":[{"href":"https:\/\/www1.kkl.si\/hu\/wp-json\/wp\/v2\/types\/page"}],"author":[{"embeddable":true,"href":"https:\/\/www1.kkl.si\/hu\/wp-json\/wp\/v2\/users\/2"}],"replies":[{"embeddable":true,"href":"https:\/\/www1.kkl.si\/hu\/wp-json\/wp\/v2\/comments?post=21563"}],"version-history":[{"count":29,"href":"https:\/\/www1.kkl.si\/hu\/wp-json\/wp\/v2\/pages\/21563\/revisions"}],"predecessor-version":[{"id":24477,"href":"https:\/\/www1.kkl.si\/hu\/wp-json\/wp\/v2\/pages\/21563\/revisions\/24477"}],"wp:attachment":[{"href":"https:\/\/www1.kkl.si\/hu\/wp-json\/wp\/v2\/media?parent=21563"}],"curies":[{"name":"wp","href":"https:\/\/api.w.org\/{rel}","templated":true}]}}