{"id":21787,"date":"2025-04-22T09:27:35","date_gmt":"2025-04-22T07:27:35","guid":{"rendered":"https:\/\/www1.kkl.si\/?page_id=21787"},"modified":"2025-04-23T16:09:55","modified_gmt":"2025-04-23T14:09:55","slug":"mestno-gledalisce-ljubljansko-nora","status":"publish","type":"page","link":"https:\/\/www1.kkl.si\/hu\/mestno-gledalisce-ljubljansko-nora\/","title":{"rendered":"Mestno gledali\u0161\u010de ljubljansko: Nora"},"content":{"rendered":"<div class=\"opis\"><i class=\"fas fa-clock\"><\/i> <strong>2025. m\u00e1jus 20. (kedd), 19.00<\/strong> | lendvai Sz\u00ednh\u00e1z- \u00e9s hangversenyterem<img loading=\"lazy\" decoding=\"async\" class=\"wp-image-1586 alignright\" title=\"Szlov\u00e9n b\u00e9rlet\" src=\"https:\/\/www1.kkl.si\/wp-content\/uploads\/\/2020\/07\/spored_simb_abonma_si-1.svg\" alt=\"abonma_si\" width=\"30\" height=\"30\" \/><img loading=\"lazy\" decoding=\"async\" class=\"wp-image-1592 alignright\" title=\"Fizet\u0151s rendezv\u00e9ny\" src=\"https:\/\/www1.kkl.si\/wp-content\/uploads\/\/2020\/07\/spored_simb_placljiva-1.svg\" alt=\"placljiva\" width=\"30\" height=\"30\" srcset=\"https:\/\/www1.kkl.si\/wp-content\/uploads\/\/2020\/07\/spored_simb_placljiva-1.svg 150w, https:\/\/www1.kkl.si\/wp-content\/uploads\/\/2020\/07\/spored_simb_placljiva-1.svg 400w, https:\/\/www1.kkl.si\/wp-content\/uploads\/\/2020\/07\/spored_simb_placljiva-1.svg 1500w, https:\/\/www1.kkl.si\/wp-content\/uploads\/\/2020\/07\/spored_simb_placljiva-1.svg 100w\" sizes=\"auto, (max-width: 30px) 100vw, 30px\" \/><br \/>\n<i class=\"fas fa-chevron-circle-right\"><\/i>\u00a0 <strong>dr\u00e1ma szlov\u00e9n nyelven<\/strong><br \/>\n<i class=\"fas fa-ticket-alt\"><\/i> A bel\u00e9p\u0151jegy \u00e1ra el\u0151v\u00e9telben <strong>15 \u20ac<\/strong>, az el\u0151ad\u00e1s napj\u00e1n <strong>18 \u20ac<\/strong>. <strong>| szlov\u00e9n b\u00e9rleteseknek \u00e9s m\u00e1s \u00e9rdekl\u0151d\u0151knek<\/strong><br \/>\nP\u00e9nzt\u00e1r: <i class=\"fas fa-phone-alt\"><\/i> +386 (0)2 577 60 24<br \/>\nSzervez\u0151: <a href=\"https:\/\/www.kkl.si\/\">Knji\u017enica \u2013 Kulturni center Lendava \u2013 Lendvai K\u00f6nyvt\u00e1r \u00e9s Kultur\u00e1lis K\u00f6zpont<\/a><\/div>\n<p><em>Szlov\u00e9n nyelv\u0171 le\u00edr\u00e1s:<\/em><\/p>\n<p><a href=\"https:\/\/www1.kkl.si\/wp-content\/uploads\/2024\/08\/Nora2_foto-Peter-Giodani.jpg\" data-lbwps-width=\"1919\" data-lbwps-height=\"1199\" data-lbwps-srcsmall=\"https:\/\/www1.kkl.si\/wp-content\/uploads\/2024\/08\/Nora2_foto-Peter-Giodani-400x250.jpg\"><img loading=\"lazy\" decoding=\"async\" class=\"alignnone size-large wp-image-18425\" src=\"https:\/\/www1.kkl.si\/wp-content\/uploads\/2024\/08\/Nora2_foto-Peter-Giodani-1500x937.jpg\" alt=\"\" width=\"1500\" height=\"937\" srcset=\"https:\/\/www1.kkl.si\/wp-content\/uploads\/2024\/08\/Nora2_foto-Peter-Giodani-1500x937.jpg 1500w, https:\/\/www1.kkl.si\/wp-content\/uploads\/2024\/08\/Nora2_foto-Peter-Giodani-400x250.jpg 400w, https:\/\/www1.kkl.si\/wp-content\/uploads\/2024\/08\/Nora2_foto-Peter-Giodani.jpg 1919w\" sizes=\"auto, (max-width: 1500px) 100vw, 1500px\" \/><\/a><\/p>\n<p><a href=\"https:\/\/www1.kkl.si\/wp-content\/uploads\/2025\/04\/plakat_B1_MGL_Nora_2025_DVOJ.jpg\" data-lbwps-width=\"2100\" data-lbwps-height=\"3000\" data-lbwps-srcsmall=\"https:\/\/www1.kkl.si\/wp-content\/uploads\/2025\/04\/plakat_B1_MGL_Nora_2025_DVOJ.jpg\"><img loading=\"lazy\" decoding=\"async\" class=\"alignright size-medium wp-image-21722\" src=\"https:\/\/www1.kkl.si\/wp-content\/uploads\/2025\/04\/plakat_B1_MGL_Nora_2025_DVOJ-scaled-280x400.jpg\" alt=\"\" width=\"280\" height=\"400\" srcset=\"https:\/\/www1.kkl.si\/wp-content\/uploads\/2025\/04\/plakat_B1_MGL_Nora_2025_DVOJ-scaled-280x400.jpg 280w, https:\/\/www1.kkl.si\/wp-content\/uploads\/2025\/04\/plakat_B1_MGL_Nora_2025_DVOJ-scaled-1050x1500.jpg 1050w, https:\/\/www1.kkl.si\/wp-content\/uploads\/2025\/04\/plakat_B1_MGL_Nora_2025_DVOJ-scaled.jpg 1792w\" sizes=\"auto, (max-width: 280px) 100vw, 280px\" \/><\/a>Mestno gledali\u0161\u010de ljubljansko:<\/p>\n<div class=\"description--normal\">\n<p class=\"uppercase event-creator\"><strong>Henrik Ibsen<\/strong><\/p>\n<\/div>\n<p><span style=\"font-size: 24pt;\"><strong>Nora<\/strong><\/span>, <em>drama<br \/>\n<\/em><strong>(Et dukkehjem, 1879)<\/strong><\/p>\n<p class=\"Body\">Nora je navzven sre\u010dno poro\u010dena mati treh otrok. Njeni dru\u017eini se po letih odrekanja nasmiha udobno \u017eivljenje, kajti soprog Torvald Helmer dobi slu\u017ebo direktorja banke. Vse bi bilo v najlep\u0161em redu, \u010de ne bi Nore preganjalo nepremi\u0161ljeno dejanje, ki ga je iz ljubezni do mo\u017ea zagre\u0161ila v preteklosti. Da bi mu omogo\u010dila okrevanje, ko je bil hudo bolan, je ponaredila podpis in si izposodila ve\u010djo vsoto denarja od notarja Krogstada, ki jo zdaj izsiljuje in ji grozi, da bo njena skrivnost pri\u0161la na dan.<\/p>\n<div id=\"e1292\" class=\"element innovatif__element__elementcontent\">\n<section class=\"content-module bg-white\">\n<div class=\"adapt adapt-1200\">\n<div class=\"content content-body\">\n<p class=\"Body\"><em>Nora ali Hi\u0161a za lutke<\/em> je eno najslavnej\u0161ih in najpogosteje uprizarjanih del norve\u0161kega dramatika Henrika Ibsena. Ob krstni uprizoritvi v Kraljevem gledali\u0161\u010du v K\u00f8benhavnu je leta 1879 povzro\u010dila nezasli\u0161an \u0161kandal. Avtor je namre\u010d v njej kriti\u010dno na\u010del problem patriarhalno urejenega modela me\u0161\u010danske dru\u017eine in ubesedil pravico \u017eenske do izbire, da se otrese podrejenosti v zakonu. V ospredju njegovega zanimanja je Norina notranja rast, povezana z uporom zoper dru\u017ebene norme, ki ji branijo, da bi ravnala v skladu z lastno voljo, presojo in vestjo. Nora je po svoje \u0161e danes navzo\u010da v \u0161tevilnih besedilih, ki obravnavajo razmerja mo\u010di med mo\u0161kim in \u017eensko, kajti bila je prva \u017eenska junakinja v zgodovini evropske literature in gledali\u0161\u010da, ki je terjala enakopravnost med spoloma.<\/p>\n<p><strong> Re\u017eija:<\/strong> Nela Vito\u0161evi\u0107<\/p>\n<p><strong>Igralska zasedba:<\/strong>\u00a0<\/p>\n<p>NORA HELMER &#8211; Ajda Smrekar<br \/>\nTORVALD HELMER &#8211; Matej Puc<br \/>\nNILS KROGSTAD &#8211; Jernej Ga\u0161perin<br \/>\nKRISTINE LINDE &#8211; Mojca Funkl, Nina Rakovec<br \/>\nDOKTOR RANK &#8211; Jaka Lah<\/p>\n\n\t\t<style type=\"text\/css\">\n\t\t\t#gallery-1 {\n\t\t\t\tmargin: auto;\n\t\t\t}\n\t\t\t#gallery-1 .gallery-item {\n\t\t\t\tfloat: left;\n\t\t\t\tmargin-top: 10px;\n\t\t\t\ttext-align: center;\n\t\t\t\twidth: 16%;\n\t\t\t}\n\t\t\t#gallery-1 img {\n\t\t\t\tborder: 2px solid #cfcfcf;\n\t\t\t}\n\t\t\t#gallery-1 .gallery-caption {\n\t\t\t\tmargin-left: 0;\n\t\t\t}\n\t\t\t\/* see gallery_shortcode() in wp-includes\/media.php *\/\n\t\t<\/style>\n\t\t<div id='gallery-1' class='gallery galleryid-21787 gallery-columns-6 gallery-size-thumbnail'><dl class='gallery-item'>\n\t\t\t<dt class='gallery-icon landscape'>\n\t\t\t\t<a href='https:\/\/www1.kkl.si\/wp-content\/uploads\/2024\/08\/Nora1_foto-Peter-Giodani-scaled.jpg'><img loading=\"lazy\" decoding=\"async\" width=\"150\" height=\"150\" src=\"https:\/\/www1.kkl.si\/wp-content\/uploads\/2024\/08\/Nora1_foto-Peter-Giodani-scaled-150x150.jpg\" class=\"attachment-thumbnail size-thumbnail\" alt=\"\" \/><\/a>\n\t\t\t<\/dt><\/dl><dl class='gallery-item'>\n\t\t\t<dt class='gallery-icon landscape'>\n\t\t\t\t<a href='https:\/\/www1.kkl.si\/wp-content\/uploads\/2024\/08\/Nora3_foto-Peter-Giodani.jpg'><img loading=\"lazy\" decoding=\"async\" width=\"150\" height=\"150\" src=\"https:\/\/www1.kkl.si\/wp-content\/uploads\/2024\/08\/Nora3_foto-Peter-Giodani-150x150.jpg\" class=\"attachment-thumbnail size-thumbnail\" alt=\"\" \/><\/a>\n\t\t\t<\/dt><\/dl><dl class='gallery-item'>\n\t\t\t<dt class='gallery-icon landscape'>\n\t\t\t\t<a href='https:\/\/www1.kkl.si\/wp-content\/uploads\/2024\/08\/Nora4_foto-Peter-Giodani.jpg'><img loading=\"lazy\" decoding=\"async\" width=\"150\" height=\"150\" src=\"https:\/\/www1.kkl.si\/wp-content\/uploads\/2024\/08\/Nora4_foto-Peter-Giodani-150x150.jpg\" class=\"attachment-thumbnail size-thumbnail\" alt=\"\" \/><\/a>\n\t\t\t<\/dt><\/dl><dl class='gallery-item'>\n\t\t\t<dt class='gallery-icon landscape'>\n\t\t\t\t<a href='https:\/\/www1.kkl.si\/wp-content\/uploads\/2024\/08\/Nora5_foto-Peter-Giodani.jpg'><img loading=\"lazy\" decoding=\"async\" width=\"150\" height=\"150\" src=\"https:\/\/www1.kkl.si\/wp-content\/uploads\/2024\/08\/Nora5_foto-Peter-Giodani-150x150.jpg\" class=\"attachment-thumbnail size-thumbnail\" alt=\"\" \/><\/a>\n\t\t\t<\/dt><\/dl><dl class='gallery-item'>\n\t\t\t<dt class='gallery-icon landscape'>\n\t\t\t\t<a href='https:\/\/www1.kkl.si\/wp-content\/uploads\/2024\/08\/Nora6_foto-Peter-Giodani.jpg'><img loading=\"lazy\" decoding=\"async\" width=\"150\" height=\"150\" src=\"https:\/\/www1.kkl.si\/wp-content\/uploads\/2024\/08\/Nora6_foto-Peter-Giodani-150x150.jpg\" class=\"attachment-thumbnail size-thumbnail\" alt=\"\" \/><\/a>\n\t\t\t<\/dt><\/dl><dl class='gallery-item'>\n\t\t\t<dt class='gallery-icon landscape'>\n\t\t\t\t<a href='https:\/\/www1.kkl.si\/wp-content\/uploads\/2024\/08\/Nora7_foto-Peter-Giodani.jpg'><img loading=\"lazy\" decoding=\"async\" width=\"150\" height=\"150\" src=\"https:\/\/www1.kkl.si\/wp-content\/uploads\/2024\/08\/Nora7_foto-Peter-Giodani-150x150.jpg\" class=\"attachment-thumbnail size-thumbnail\" alt=\"\" \/><\/a>\n\t\t\t<\/dt><\/dl><br style=\"clear: both\" \/>\n\t\t<\/div>\n\n<p><span style=\"font-size: 10pt;\">Foto: Peter Giodani<\/span><\/p>\n<p><iframe loading=\"lazy\" title=\"Henrik Ibsen Nora | Mestno gledali\u0161\u010de ljubljansko MGL\" width=\"720\" height=\"405\" src=\"https:\/\/www.youtube.com\/embed\/5JY6FJ6167g?feature=oembed\" frameborder=\"0\" allow=\"accelerometer; autoplay; clipboard-write; encrypted-media; gyroscope; picture-in-picture; web-share\" referrerpolicy=\"strict-origin-when-cross-origin\" allowfullscreen><\/iframe><\/p>\n<\/div>\n<\/div>\n<\/section>\n<\/div>\n<p><i class=\"fas fa-link\"><\/i>\u00a0<a href=\"https:\/\/www.mgl.si\/sl\/predstave\/nora\/\">https:\/\/www.mgl.si\/sl\/predstave\/nora\/<\/a><\/p>\n<hr \/>\n<p><strong>TRAJANJE<\/strong><\/p>\n<p>Predstava traja 2 uri in 0 minut in nima odmora.<\/p>\n<hr \/>\n<p>Slovenski gledali\u0161ki abonma 2024\/2025<\/p>\n<p><a href=\"https:\/\/www1.kkl.si\/sl\/slovenski-abonma-2024-2025\/\"><img loading=\"lazy\" decoding=\"async\" class=\"alignnone wp-image-18446 size-large\" src=\"https:\/\/www1.kkl.si\/wp-content\/uploads\/2024\/08\/2024_08_10_SLO_abonma-1500x400.jpg\" alt=\"\" width=\"1500\" height=\"400\" srcset=\"https:\/\/www1.kkl.si\/wp-content\/uploads\/2024\/08\/2024_08_10_SLO_abonma.jpg 1500w, https:\/\/www1.kkl.si\/wp-content\/uploads\/2024\/08\/2024_08_10_SLO_abonma-400x107.jpg 400w\" sizes=\"auto, (max-width: 1500px) 100vw, 1500px\" \/><\/a><\/p>\n","protected":false},"excerpt":{"rendered":"<p>2025. m\u00e1jus 20. (kedd), 19.00 | lendvai Sz\u00ednh\u00e1z- \u00e9s hangversenyterem \u00a0 dr\u00e1ma szlov\u00e9n nyelven A bel\u00e9p\u0151jegy \u00e1ra el\u0151v\u00e9telben 15 \u20ac, az el\u0151ad\u00e1s napj\u00e1n 18 \u20ac. | szlov\u00e9n b\u00e9rleteseknek \u00e9s m\u00e1s \u00e9rdekl\u0151d\u0151knek P\u00e9nzt\u00e1r: +386 (0)2 577 60 24 Szervez\u0151: Knji\u017enica \u2013 Kulturni center Lendava \u2013 Lendvai K\u00f6nyvt\u00e1r \u00e9s Kultur\u00e1lis K\u00f6zpont Szlov\u00e9n nyelv\u0171 le\u00edr\u00e1s: Mestno gledali\u0161\u010de ljubljansko: [&hellip;]<\/p>\n","protected":false},"author":2,"featured_media":0,"parent":0,"menu_order":0,"comment_status":"closed","ping_status":"closed","template":"","meta":{"footnotes":""},"class_list":["post-21787","page","type-page","status-publish","hentry","post"],"_links":{"self":[{"href":"https:\/\/www1.kkl.si\/hu\/wp-json\/wp\/v2\/pages\/21787","targetHints":{"allow":["GET"]}}],"collection":[{"href":"https:\/\/www1.kkl.si\/hu\/wp-json\/wp\/v2\/pages"}],"about":[{"href":"https:\/\/www1.kkl.si\/hu\/wp-json\/wp\/v2\/types\/page"}],"author":[{"embeddable":true,"href":"https:\/\/www1.kkl.si\/hu\/wp-json\/wp\/v2\/users\/2"}],"replies":[{"embeddable":true,"href":"https:\/\/www1.kkl.si\/hu\/wp-json\/wp\/v2\/comments?post=21787"}],"version-history":[{"count":1,"href":"https:\/\/www1.kkl.si\/hu\/wp-json\/wp\/v2\/pages\/21787\/revisions"}],"predecessor-version":[{"id":21788,"href":"https:\/\/www1.kkl.si\/hu\/wp-json\/wp\/v2\/pages\/21787\/revisions\/21788"}],"wp:attachment":[{"href":"https:\/\/www1.kkl.si\/hu\/wp-json\/wp\/v2\/media?parent=21787"}],"curies":[{"name":"wp","href":"https:\/\/api.w.org\/{rel}","templated":true}]}}