{"id":21811,"date":"2025-04-24T14:14:10","date_gmt":"2025-04-24T12:14:10","guid":{"rendered":"https:\/\/www1.kkl.si\/?page_id=21811"},"modified":"2025-05-14T11:14:38","modified_gmt":"2025-05-14T09:14:38","slug":"kud-mura-globina","status":"publish","type":"page","link":"https:\/\/www1.kkl.si\/hu\/kud-mura-globina\/","title":{"rendered":"KUD Mura: GLOBINA"},"content":{"rendered":"<div class=\"opis\"><i class=\"fas fa-clock\"><\/i> <strong>2025. m\u00e1jus 25. (vas\u00e1rnap), 18.00<\/strong> | lendvai Sz\u00ednh\u00e1z- \u00e9s hangversenyterem<img loading=\"lazy\" decoding=\"async\" class=\"wp-image-1588 alignright\" title=\"Ingyenes rendezv\u00e9ny\" src=\"https:\/\/www1.kkl.si\/wp-content\/uploads\/\/2020\/07\/spored_simb_brezplacna-1.svg\" alt=\"brezplacna\" width=\"30\" height=\"30\" srcset=\"https:\/\/www1.kkl.si\/wp-content\/uploads\/\/2020\/07\/spored_simb_brezplacna-1.svg 150w, https:\/\/www1.kkl.si\/wp-content\/uploads\/\/2020\/07\/spored_simb_brezplacna-1.svg 400w, https:\/\/www1.kkl.si\/wp-content\/uploads\/\/2020\/07\/spored_simb_brezplacna-1.svg 1500w, https:\/\/www1.kkl.si\/wp-content\/uploads\/\/2020\/07\/spored_simb_brezplacna-1.svg 100w\" sizes=\"auto, (max-width: 30px) 100vw, 30px\" \/><br \/>\n<i class=\"fas fa-chevron-circle-right\"><\/i>\u00a0 <strong>sz\u00ednh\u00e1zi el\u0151ad\u00e1s horv\u00e1t nyelven<br \/>\nA bel\u00e9p\u00e9s d\u00edjtalan.<\/strong><br \/>\nSzervez\u0151k: <a href=\"https:\/\/www.facebook.com\/p\/KTD-Novi-Sad-Lendava-100038549532698\/\">Kulturno in turisti\u010dno dru\u0161tvo Novi Sad Lendava \u2013 Kultur\u00e1lis \u00e9s Turisztikai Egyes\u00fclet Novi Sad Lendva<\/a>, <a href=\"https:\/\/www.kkl.si\/\">KKC Lendava \u2013 Lendvai KKK<\/a>, <a href=\"https:\/\/www.facebook.com\/p\/KUD-MURA-Mursko-Sredi%C5%A1%C4%87e-61553353352515\/\">KUD MURA<\/a>.<\/div>\n<p>A MURA KUD SZ\u00cdNJ\u00c1TSZ\u00d3 CSOPORTJ\u00c1R\u00d3L \u00c9S A GLOBINA C\u00cdM\u0170 EL\u0150AD\u00c1SR\u00d3L<\/p>\n<p><span style=\"font-size: 18pt;\"><strong>A MURA KUD Sz\u00ednj\u00e1tsz\u00f3 Csoport<\/strong><\/span><\/p>\n<p>T\u00f6bb mint harminc \u00e9ve m\u0171k\u00f6dik. A t\u00e1rsulatban mintegy t\u00edz sz\u00edn\u00e9szn\u0151 \u00e9s sz\u00edn\u00e9sz l\u00e9p sz\u00ednpadra. A mai napig t\u00f6bb mint h\u00fasz el\u0151ad\u00e1st mutattunk be, els\u0151sorban murak\u00f6zi szerz\u0151k m\u0171veit \u00e9s helyi t\u00e9m\u00e1kat feldolgozva. 2024-ben ker\u00fclt bemutat\u00e1sra a <strong>GLOBINA<\/strong>, a leg\u00f6sszetettebb produkci\u00f3nk, amelyhez a t\u00e1rsulatba t\u00edz \u00faj szerepl\u0151t h\u00edvtunk meg \u2013 sz\u00e1mukra ez volt az els\u0151 sz\u00ednpadi fell\u00e9p\u00e9s \u00e9let\u00fckben. \u00d6r\u00f6mmel mutatkozunk be \u00d6n\u00f6knek a <strong>GLOBINA<\/strong> c\u00edm\u0171 darabbal. \ud83d\ude42<\/p>\n<p><span style=\"font-size: 18pt;\"><strong>GLOBINA<\/strong><\/span><\/p>\n<p>A dr\u00e1mai sz\u00f6veg szerz\u0151je: Kristina \u0160tebih<br \/>\nRendez\u0151: Ivan Gori\u010danec<\/p>\n<p>A <strong>Globina<\/strong> egy \u00edzes, horv\u00e1t nyelvj\u00e1r\u00e1sban \u00edr\u00f3dott t\u00f6rt\u00e9net, amely egyszerre nevettet \u00e9s megk\u00f6nnyeztet. Muraszerdahely t\u00f6rt\u00e9net\u00e9t mes\u00e9li el az \u00f3kori r\u00f3mai id\u0151kt\u0151l kezdve eg\u00e9szen az 1920-as \u00e9vek b\u00e1ny\u00e1szat\u00e1nak megjelen\u00e9s\u00e9ig. A m\u0171 humort \u00e1raszt a h\u00e9tk\u00f6znapokban, bemutatja a szeg\u00e9nys\u00e9get \u00e9s a b\u00e1ny\u00e1szok kem\u00e9ny \u00e9let\u00e9t, ahogyan azt sz\u00e1z \u00e9vvel ezel\u0151tt e vid\u00e9ken \u00e9lt\u00e9k. Egy\u00fattal szer\u00e9ny, m\u00e9gis bizakod\u00f3 j\u00f6v\u0151k\u00e9pet k\u00edn\u00e1l az \u00faj id\u0151k fel\u00e9.<\/p>\n<p><strong><a href=\"https:\/\/www1.kkl.si\/wp-content\/uploads\/2025\/04\/globina_LENDAVA_splet.jpg\" data-lbwps-width=\"1807\" data-lbwps-height=\"3000\" data-lbwps-srcsmall=\"https:\/\/www1.kkl.si\/wp-content\/uploads\/2025\/04\/globina_LENDAVA_splet.jpg\"><img loading=\"lazy\" decoding=\"async\" class=\"alignnone wp-image-21789 size-large\" src=\"https:\/\/www1.kkl.si\/wp-content\/uploads\/2025\/04\/globina_LENDAVA_splet-scaled-904x1500.jpg\" alt=\"\" width=\"904\" height=\"1500\" srcset=\"https:\/\/www1.kkl.si\/wp-content\/uploads\/2025\/04\/globina_LENDAVA_splet-scaled-904x1500.jpg 904w, https:\/\/www1.kkl.si\/wp-content\/uploads\/2025\/04\/globina_LENDAVA_splet-scaled-241x400.jpg 241w, https:\/\/www1.kkl.si\/wp-content\/uploads\/2025\/04\/globina_LENDAVA_splet-scaled.jpg 1542w\" sizes=\"auto, (max-width: 904px) 100vw, 904px\" \/><\/a><\/strong><\/p>\n<p><em>Horv\u00e1t le\u00edr\u00e1s:<\/em><\/p>\n<p>O DRAMSKOJ SKUPINI <br \/>\nKUD-a MURA &amp; PREDSTAVI GLOBINA<\/p>\n<p><span style=\"font-size: 18pt;\"><strong>DS KUD-a MURA<\/strong><\/span><\/p>\n<p>Djeluje preko trideset godina. U ansamblu nastupa desetak glumica i glumaca. Do dana\u0161njih dana na scenu je postavljeno preko dvadesetak predstava, prete\u017eito me\u0111imurskih autora i tematika. Tokom 2024. realizirana je <strong>GLOBINA<\/strong>, najzahtijevnija predstava zbog koje je u ansambl pozvano desetak osoba kojima se dogodio prvi izlazak na scenu u \u017eivotu. S veseljem vam se predstavljamo ba\u0161 s <strong>GLOBINOM<\/strong>\ud83d\ude42\u00a0<\/p>\n<p><span style=\"font-size: 18pt;\"><strong>GLOBINA<\/strong><\/span><\/p>\n<p>Autorica dramskog teksta je <strong>Kristina \u0160tebih<\/strong>. <br \/>\nRe\u017eiju potpisuje <strong>Ivan Gori\u010danec<\/strong>.<\/p>\n<p><strong>GLOBINA<\/strong> je so\u010dna kajkavska pri\u010da za suze i smijeh, pri\u010da o povijesti Murskoga Sredi\u0161\u0107a od vremena starih Rimljana do pojave rudnika i rudara dvadesetih godina pro\u0161loga stolje\u0107a. Djelo je za\u010dinjeno humorom uronjenim u svakodnevicu, siroma\u0161tvo i te\u0161ki \u017eivot rudara kakav se \u017eivio prije sto godina u na\u0161em kraju, za\u010dinjen skromnim vizurama prema budu\u0107nosti i novim trendovima.<\/p>\n<p><i class=\"fab fa-facebook\"><\/i> <a href=\"https:\/\/www.facebook.com\/p\/KUD-MURA-Mursko-Sredi%C5%A1%C4%87e-61553353352515\/\">KUD MURA<\/a><\/p>\n","protected":false},"excerpt":{"rendered":"<p>2025. m\u00e1jus 25. (vas\u00e1rnap), 18.00 | lendvai Sz\u00ednh\u00e1z- \u00e9s hangversenyterem \u00a0 sz\u00ednh\u00e1zi el\u0151ad\u00e1s horv\u00e1t nyelven A bel\u00e9p\u00e9s d\u00edjtalan. Szervez\u0151k: Kulturno in turisti\u010dno dru\u0161tvo Novi Sad Lendava \u2013 Kultur\u00e1lis \u00e9s Turisztikai Egyes\u00fclet Novi Sad Lendva, KKC Lendava \u2013 Lendvai KKK, KUD MURA. A MURA KUD SZ\u00cdNJ\u00c1TSZ\u00d3 CSOPORTJ\u00c1R\u00d3L \u00c9S A GLOBINA C\u00cdM\u0170 EL\u0150AD\u00c1SR\u00d3L A MURA KUD Sz\u00ednj\u00e1tsz\u00f3 [&hellip;]<\/p>\n","protected":false},"author":2,"featured_media":0,"parent":0,"menu_order":0,"comment_status":"closed","ping_status":"closed","template":"","meta":{"footnotes":""},"class_list":["post-21811","page","type-page","status-publish","hentry","post"],"_links":{"self":[{"href":"https:\/\/www1.kkl.si\/hu\/wp-json\/wp\/v2\/pages\/21811","targetHints":{"allow":["GET"]}}],"collection":[{"href":"https:\/\/www1.kkl.si\/hu\/wp-json\/wp\/v2\/pages"}],"about":[{"href":"https:\/\/www1.kkl.si\/hu\/wp-json\/wp\/v2\/types\/page"}],"author":[{"embeddable":true,"href":"https:\/\/www1.kkl.si\/hu\/wp-json\/wp\/v2\/users\/2"}],"replies":[{"embeddable":true,"href":"https:\/\/www1.kkl.si\/hu\/wp-json\/wp\/v2\/comments?post=21811"}],"version-history":[{"count":5,"href":"https:\/\/www1.kkl.si\/hu\/wp-json\/wp\/v2\/pages\/21811\/revisions"}],"predecessor-version":[{"id":21992,"href":"https:\/\/www1.kkl.si\/hu\/wp-json\/wp\/v2\/pages\/21811\/revisions\/21992"}],"wp:attachment":[{"href":"https:\/\/www1.kkl.si\/hu\/wp-json\/wp\/v2\/media?parent=21811"}],"curies":[{"name":"wp","href":"https:\/\/api.w.org\/{rel}","templated":true}]}}