{"id":21909,"date":"2025-04-22T10:03:31","date_gmt":"2025-04-22T08:03:31","guid":{"rendered":"https:\/\/www1.kkl.si\/?page_id=21909"},"modified":"2025-10-17T09:49:03","modified_gmt":"2025-10-17T07:49:03","slug":"musor-2025-06","status":"publish","type":"page","link":"https:\/\/www1.kkl.si\/hu\/musor-2025-06\/","title":{"rendered":"M\u0170SOR: 2025. j\u00fanius"},"content":{"rendered":"<p><strong>2025.<\/strong> <a href=\"https:\/\/www1.kkl.si\/hu\/musor-2025-01\/\">janu\u00e1r<\/a> | <a href=\"https:\/\/www1.kkl.si\/hu\/musor-2025-02\/\">febru\u00e1r<\/a> | <a href=\"https:\/\/www1.kkl.si\/hu\/musor-2025-03\/\">m\u00e1rcius<\/a> | <a href=\"https:\/\/www1.kkl.si\/hu\/musor-2025-04\/\">\u00e1prilis<\/a> | <a href=\"https:\/\/www1.kkl.si\/hu\/musor-2025-05\/\">m\u00e1jus<\/a> | <a href=\"https:\/\/www1.kkl.si\/hu\/musor-2025-06\/\">j\u00fanius<\/a> | <a href=\"https:\/\/www1.kkl.si\/hu\/musor-2025-07\/\">j\u00falius<\/a> | <a href=\"https:\/\/www1.kkl.si\/hu\/musor-2025-08\/\">augusztus<\/a> | <a href=\"https:\/\/www1.kkl.si\/hu\/musor-2025-09\/\">szeptember<\/a> | <a href=\"https:\/\/www1.kkl.si\/hu\/musor-2025-10\/\">okt\u00f3ber<\/a> | <a href=\"https:\/\/www1.kkl.si\/hu\/musor-2025-11\/\">november<\/a> | <a href=\"https:\/\/www1.kkl.si\/hu\/musor-2025-12\/\">december<\/a> | <a href=\"https:\/\/www1.kkl.si\/hu\/a-musor-archivuma\/\">ARCH\u00cdVUM<\/a><\/p>\n<div>\n<table id=\"spored-legenda\" cellspacing=\"0\" cellpadding=\"5\">\n<tbody>\n<tr>\n<td><strong>JELMAGYAR\u00c1ZAT<br \/>\n<\/strong><\/td>\n<td style=\"vertical-align: middle;\"><img loading=\"lazy\" decoding=\"async\" class=\"alignnone wp-image-1586\" title=\"Szlov\u00e9n b\u00e9rlet\" src=\"https:\/\/www1.kkl.si\/wp-content\/uploads\/\/2020\/07\/spored_simb_abonma_si-1.svg\" alt=\"abonma_si\" width=\"30\" height=\"30\" \/><\/td>\n<td>Szlov\u00e9n<br \/>\nb\u00e9rlet<\/td>\n<td style=\"vertical-align: middle;\"><img loading=\"lazy\" decoding=\"async\" class=\"alignnone wp-image-1584\" title=\"Magyar b\u00e9rlet\" src=\"https:\/\/www1.kkl.si\/wp-content\/uploads\/\/2020\/07\/spored_simb_abonma_hu-1.svg\" alt=\"abonma_hu\" width=\"30\" height=\"30\" srcset=\"https:\/\/www1.kkl.si\/wp-content\/uploads\/\/2020\/07\/spored_simb_abonma_hu-1.svg 150w, https:\/\/www1.kkl.si\/wp-content\/uploads\/\/2020\/07\/spored_simb_abonma_hu-1.svg 400w, https:\/\/www1.kkl.si\/wp-content\/uploads\/\/2020\/07\/spored_simb_abonma_hu-1.svg 1500w, https:\/\/www1.kkl.si\/wp-content\/uploads\/\/2020\/07\/spored_simb_abonma_hu-1.svg 100w\" sizes=\"auto, (max-width: 30px) 100vw, 30px\" \/><\/td>\n<td>Magyar<br \/>\nb\u00e9rlet<\/td>\n<td style=\"vertical-align: middle;\"><img loading=\"lazy\" decoding=\"async\" class=\"alignnone wp-image-1594\" title=\"Z\u00e1rtk\u00f6r\u0171 rendezv\u00e9ny\" src=\"https:\/\/www1.kkl.si\/wp-content\/uploads\/\/2020\/07\/spored_simb_zakljucena-1.svg\" alt=\"zakljucena\" width=\"30\" height=\"30\" srcset=\"https:\/\/www1.kkl.si\/wp-content\/uploads\/\/2020\/07\/spored_simb_zakljucena-1.svg 150w, https:\/\/www1.kkl.si\/wp-content\/uploads\/\/2020\/07\/spored_simb_zakljucena-1.svg 400w, https:\/\/www1.kkl.si\/wp-content\/uploads\/\/2020\/07\/spored_simb_zakljucena-1.svg 1500w, https:\/\/www1.kkl.si\/wp-content\/uploads\/\/2020\/07\/spored_simb_zakljucena-1.svg 100w\" sizes=\"auto, (max-width: 30px) 100vw, 30px\" \/><\/td>\n<td>Z\u00e1rtk\u00f6r\u0171<br \/>\nrendezv\u00e9ny<\/td>\n<td style=\"vertical-align: middle;\"><img loading=\"lazy\" decoding=\"async\" class=\"alignnone wp-image-1588\" title=\"Ingyenes rendezv\u00e9ny\" src=\"https:\/\/www1.kkl.si\/wp-content\/uploads\/\/2020\/07\/spored_simb_brezplacna-1.svg\" alt=\"brezplacna\" width=\"30\" height=\"30\" srcset=\"https:\/\/www1.kkl.si\/wp-content\/uploads\/\/2020\/07\/spored_simb_brezplacna-1.svg 150w, https:\/\/www1.kkl.si\/wp-content\/uploads\/\/2020\/07\/spored_simb_brezplacna-1.svg 400w, https:\/\/www1.kkl.si\/wp-content\/uploads\/\/2020\/07\/spored_simb_brezplacna-1.svg 1500w, https:\/\/www1.kkl.si\/wp-content\/uploads\/\/2020\/07\/spored_simb_brezplacna-1.svg 100w\" sizes=\"auto, (max-width: 30px) 100vw, 30px\" \/><\/td>\n<td>Ingyenes<br \/>\nrendezv\u00e9ny<\/td>\n<td style=\"vertical-align: middle;\"><img loading=\"lazy\" decoding=\"async\" class=\"wp-image-1592 alignnone\" title=\"Fizet\u0151s rendezv\u00e9ny\" src=\"https:\/\/www1.kkl.si\/wp-content\/uploads\/\/2020\/07\/spored_simb_placljiva-1.svg\" alt=\"placljiva\" width=\"30\" height=\"30\" srcset=\"https:\/\/www1.kkl.si\/wp-content\/uploads\/\/2020\/07\/spored_simb_placljiva-1.svg 150w, https:\/\/www1.kkl.si\/wp-content\/uploads\/\/2020\/07\/spored_simb_placljiva-1.svg 400w, https:\/\/www1.kkl.si\/wp-content\/uploads\/\/2020\/07\/spored_simb_placljiva-1.svg 1500w, https:\/\/www1.kkl.si\/wp-content\/uploads\/\/2020\/07\/spored_simb_placljiva-1.svg 100w\" sizes=\"auto, (max-width: 30px) 100vw, 30px\" \/><\/td>\n<td>Fizet\u0151s<br \/>\nrendezv\u00e9ny<\/td>\n<td style=\"vertical-align: middle;\"><img loading=\"lazy\" decoding=\"async\" class=\"alignnone wp-image-1590\" title=\"\u00dajdons\u00e1g, v\u00e1ltoz\u00e1s\" src=\"https:\/\/www1.kkl.si\/wp-content\/uploads\/\/2020\/07\/spored_simb_novost-1.svg\" alt=\"novost\" width=\"30\" height=\"30\" srcset=\"https:\/\/www1.kkl.si\/wp-content\/uploads\/\/2020\/07\/spored_simb_novost-1.svg 150w, https:\/\/www1.kkl.si\/wp-content\/uploads\/\/2020\/07\/spored_simb_novost-1.svg 400w, https:\/\/www1.kkl.si\/wp-content\/uploads\/\/2020\/07\/spored_simb_novost-1.svg 1500w, https:\/\/www1.kkl.si\/wp-content\/uploads\/\/2020\/07\/spored_simb_novost-1.svg 100w\" sizes=\"auto, (max-width: 30px) 100vw, 30px\" \/><\/td>\n<td>\u00dajdons\u00e1g,<br \/>\nv\u00e1ltoz\u00e1s<\/td>\n<\/tr>\n<\/tbody>\n<\/table>\n<\/div>\n<table id=\"sporedtabela\" style=\"width: 100%;\">\n<tbody>\n<tr>\n<td style=\"width: 14.8961%;\">\n<p style=\"text-align: center;\"><strong><span style=\"font-size: 24pt;\">2.<\/span><br \/>\n<\/strong><\/p>\n<p style=\"text-align: center;\">h\u00e9tf\u0151<\/p>\n<p style=\"text-align: center;\"><img loading=\"lazy\" decoding=\"async\" class=\"alignnone wp-image-1586\" title=\"Szlov\u00e9n b\u00e9rlet\" src=\"https:\/\/www1.kkl.si\/wp-content\/uploads\/\/2020\/07\/spored_simb_abonma_si-1.svg\" alt=\"abonma_si\" width=\"30\" height=\"30\" \/>\u00a0\u00a0<img loading=\"lazy\" decoding=\"async\" class=\"wp-image-1592 alignnone\" title=\"Fizet\u0151s rendezv\u00e9ny\" src=\"https:\/\/www1.kkl.si\/wp-content\/uploads\/\/2020\/07\/spored_simb_placljiva-1.svg\" alt=\"placljiva\" width=\"30\" height=\"30\" srcset=\"https:\/\/www1.kkl.si\/wp-content\/uploads\/\/2020\/07\/spored_simb_placljiva-1.svg 150w, https:\/\/www1.kkl.si\/wp-content\/uploads\/\/2020\/07\/spored_simb_placljiva-1.svg 400w, https:\/\/www1.kkl.si\/wp-content\/uploads\/\/2020\/07\/spored_simb_placljiva-1.svg 1500w, https:\/\/www1.kkl.si\/wp-content\/uploads\/\/2020\/07\/spored_simb_placljiva-1.svg 100w\" sizes=\"auto, (max-width: 30px) 100vw, 30px\" \/><\/p>\n<p style=\"text-align: center;\">HELYETTES\u00cdT\u0150 ID\u0150PONT<\/p>\n<\/td>\n<td style=\"width: 84.642%;\">\n<p><i class=\"fas fa-clock\"><\/i> <strong>19.00<\/strong> | lendvai Sz\u00ednh\u00e1z- \u00e9s hangversenyterem<a href=\"https:\/\/www1.kkl.si\/wp-content\/uploads\/2025\/05\/plakat_B1_SNGLJ_Tango_20250602_DVOJ.jpg\" data-lbwps-width=\"2100\" data-lbwps-height=\"3000\" data-lbwps-srcsmall=\"https:\/\/www1.kkl.si\/wp-content\/uploads\/2025\/05\/plakat_B1_SNGLJ_Tango_20250602_DVOJ.jpg\"><img loading=\"lazy\" decoding=\"async\" class=\"alignright size-thumbnail wp-image-22011\" src=\"https:\/\/www1.kkl.si\/wp-content\/uploads\/2025\/05\/plakat_B1_SNGLJ_Tango_20250602_DVOJ-scaled-150x150.jpg\" alt=\"\" width=\"150\" height=\"150\" \/><\/a><br \/>\n<strong>groteszk v\u00edgj\u00e1t\u00e9k szlov\u00e9n nyelven<br \/>\n<\/strong><\/p>\n<p>SNG Drama Ljubljana, S\u0142awomir Mro\u017cek:<\/p>\n<p><a href=\"https:\/\/www1.kkl.si\/hu\/sng-drama-ljubljana-slawomir-mrozek-tango-2\/\"><span style=\"font-size: 24pt;\"><strong>Tango<\/strong><\/span><\/a><\/p>\n<p><i class=\"fas fa-ticket-alt\"><\/i> Bel\u00e9p\u0151: el\u0151v\u00e9telben <strong>15 \u20ac<\/strong>, az el\u0151ad\u00e1s napj\u00e1n <strong>18 \u20ac<\/strong><br \/>\nP\u00e9nzt\u00e1r: <i class=\"fas fa-phone-alt\"><\/i> +386 (0)2 577 60 24<\/p>\n<p><span style=\"font-size: 10pt;\">Szervez\u0151: <a href=\"https:\/\/www.kkl.si\/\">Knji\u017enica \u2013 Kulturni center Lendava \u2013 Lendvai K\u00f6nyvt\u00e1r \u00e9s Kultur\u00e1lis K\u00f6zpont<\/a><\/span><\/p>\n<\/td>\n<\/tr>\n<tr>\n<td style=\"width: 14.8961%;\">\n<p style=\"text-align: center;\"><strong><span style=\"font-size: 24pt;\">3.<\/span><br \/>\n<\/strong><\/p>\n<p style=\"text-align: center;\">kedd<\/p>\n<p><img loading=\"lazy\" decoding=\"async\" class=\"alignnone wp-image-1588 aligncenter\" title=\"Ingyenes rendezv\u00e9ny\" src=\"https:\/\/www1.kkl.si\/wp-content\/uploads\/\/2020\/07\/spored_simb_brezplacna-1.svg\" alt=\"brezplacna\" width=\"30\" height=\"30\" srcset=\"https:\/\/www1.kkl.si\/wp-content\/uploads\/\/2020\/07\/spored_simb_brezplacna-1.svg 150w, https:\/\/www1.kkl.si\/wp-content\/uploads\/\/2020\/07\/spored_simb_brezplacna-1.svg 400w, https:\/\/www1.kkl.si\/wp-content\/uploads\/\/2020\/07\/spored_simb_brezplacna-1.svg 1500w, https:\/\/www1.kkl.si\/wp-content\/uploads\/\/2020\/07\/spored_simb_brezplacna-1.svg 100w\" sizes=\"auto, (max-width: 30px) 100vw, 30px\" \/><\/p>\n<\/td>\n<td style=\"width: 84.642%;\">\n<p><i class=\"fas fa-clock\"><\/i> <strong>17.00<\/strong> | a lendvai Sz\u00ednh\u00e1z- \u00e9s hangversenyterem el\u0151csarnoka<a href=\"https:\/\/www1.kkl.si\/wp-content\/uploads\/2025\/05\/DU_razstava2025.jpg\" data-lbwps-width=\"1240\" data-lbwps-height=\"1754\" data-lbwps-srcsmall=\"https:\/\/www1.kkl.si\/wp-content\/uploads\/2025\/05\/DU_razstava2025-283x400.jpg\"><img loading=\"lazy\" decoding=\"async\" class=\"slika alignright wp-image-22226 size-thumbnail\" src=\"https:\/\/www1.kkl.si\/wp-content\/uploads\/2025\/05\/DU_razstava2025-150x150.jpg\" alt=\"\" width=\"150\" height=\"150\" \/><\/a><br \/>\n<strong>ki\u00e1ll\u00edt\u00e1s<\/strong><\/p>\n<p><a href=\"https:\/\/www1.kkl.si\/hu\/meghivo-a-muravideki-nyugdijas-egyesuletek-amator-festoinek-muveszeti-kiallitasanak-megnyitoja\/\"><span style=\"font-size: 24pt;\"><strong>A muravid\u00e9ki nyugd\u00edjas egyes\u00fcletek amat\u0151r fest\u0151inek m\u0171v\u00e9szeti ki\u00e1ll\u00edt\u00e1s\u00e1nak megny\u00edt\u00f3ja<\/strong><\/span><\/a><\/p>\n<p><em>A ki\u00e1ll\u00edt\u00e1s 2025. j\u00fanius 19-ig tekinthet\u0151 meg.<\/em><\/p>\n<p><span style=\"font-size: 10pt;\">Szervez\u0151: Dru\u0161tvo upokojencev Lendava\/Lendvai Nyugd\u00edjasok Egyes\u00fclete, <a href=\"https:\/\/zdus-zveza.si\/o-nas\/pokrajinske-zveze-drustva-in-klubi\/pomurska-pzdu\/\">Pomurska pokrajinska zveza upokojencev Murska Sobota<\/a><\/span><\/p>\n<\/td>\n<\/tr>\n<tr>\n<td style=\"width: 14.8961%;\">\n<p style=\"text-align: center;\"><span style=\"font-size: 24pt;\"><strong>5.<br \/>\n<\/strong><\/span><\/p>\n<p style=\"text-align: center;\">cs\u00fct\u00f6rt\u00f6k<\/p>\n<p><img loading=\"lazy\" decoding=\"async\" class=\"alignnone wp-image-1588 aligncenter\" title=\"Ingyenes rendezv\u00e9ny\" src=\"https:\/\/www1.kkl.si\/wp-content\/uploads\/\/2020\/07\/spored_simb_brezplacna-1.svg\" alt=\"brezplacna\" width=\"30\" height=\"30\" srcset=\"https:\/\/www1.kkl.si\/wp-content\/uploads\/\/2020\/07\/spored_simb_brezplacna-1.svg 150w, https:\/\/www1.kkl.si\/wp-content\/uploads\/\/2020\/07\/spored_simb_brezplacna-1.svg 400w, https:\/\/www1.kkl.si\/wp-content\/uploads\/\/2020\/07\/spored_simb_brezplacna-1.svg 1500w, https:\/\/www1.kkl.si\/wp-content\/uploads\/\/2020\/07\/spored_simb_brezplacna-1.svg 100w\" sizes=\"auto, (max-width: 30px) 100vw, 30px\" \/><\/p>\n<p>&nbsp;<\/p>\n<\/td>\n<td style=\"width: 84.642%;\">\n<p><i class=\"fas fa-clock\"><\/i> <strong>18.00<\/strong> | lendvai Sz\u00ednh\u00e1z- \u00e9s hangversenyterem<a href=\"https:\/\/www1.kkl.si\/wp-content\/uploads\/2025\/05\/plakat_B2_zakljucni_GSL_2025_DVOJ.png\" data-lbwps-width=\"2143\" data-lbwps-height=\"3000\" data-lbwps-srcsmall=\"https:\/\/www1.kkl.si\/wp-content\/uploads\/2025\/05\/plakat_B2_zakljucni_GSL_2025_DVOJ.png\"><img loading=\"lazy\" decoding=\"async\" class=\"alignright size-thumbnail wp-image-22220\" src=\"https:\/\/www1.kkl.si\/wp-content\/uploads\/2025\/05\/plakat_B2_zakljucni_GSL_2025_DVOJ-scaled-150x150.png\" alt=\"\" width=\"150\" height=\"150\" \/><\/a><br \/>\n<strong>hangverseny<\/strong><\/p>\n<p><a href=\"https:\/\/www1.kkl.si\/hu\/meghivo-zeneiskola-lendva-tanuloinak-tanevzaro-hangversenye\/\"><span style=\"font-size: 24pt;\"><strong>A Zeneiskola Lendva tanul\u00f3inak tan\u00e9vz\u00e1r\u00f3 hangversenye<\/strong><\/span><\/a><\/p>\n<p><i class=\"fas fa-info-circle\"><\/i>A hangversenyen \u00f6nk\u00e9ntes adom\u00e1nyok gy\u0171jt\u00e9s\u00e9re ker\u00fcl sor a Zeneiskola Lendva Iskolai T\u00e1mogat\u00e1si Alapja r\u00e9sz\u00e9re.<\/p>\n<p><span style=\"font-size: 10pt;\">Szervez\u0151: <a href=\"http:\/\/www.gs-lendava.si\/\">Glasbena \u0161ola Lendava\/Zeneiskola Lendva<\/a><\/span><\/p>\n<\/td>\n<\/tr>\n<tr>\n<td style=\"width: 14.8961%;\">\n<p style=\"text-align: center;\"><span style=\"font-size: 24pt;\"><strong>7.<\/strong><\/span><\/p>\n<p style=\"text-align: center;\">szombat<\/p>\n<p style=\"text-align: center;\">\u00a0<img loading=\"lazy\" decoding=\"async\" class=\"wp-image-1592 alignnone\" title=\"Fizet\u0151s rendezv\u00e9ny\" src=\"https:\/\/www1.kkl.si\/wp-content\/uploads\/\/2020\/07\/spored_simb_placljiva-1.svg\" alt=\"placljiva\" width=\"30\" height=\"30\" srcset=\"https:\/\/www1.kkl.si\/wp-content\/uploads\/\/2020\/07\/spored_simb_placljiva-1.svg 150w, https:\/\/www1.kkl.si\/wp-content\/uploads\/\/2020\/07\/spored_simb_placljiva-1.svg 400w, https:\/\/www1.kkl.si\/wp-content\/uploads\/\/2020\/07\/spored_simb_placljiva-1.svg 1500w, https:\/\/www1.kkl.si\/wp-content\/uploads\/\/2020\/07\/spored_simb_placljiva-1.svg 100w\" sizes=\"auto, (max-width: 30px) 100vw, 30px\" \/><\/p>\n<\/td>\n<td style=\"width: 84.642%;\">\n<p><i class=\"fas fa-clock\"><\/i> <strong>10.30<\/strong> | lendvai Sz\u00ednh\u00e1z- \u00e9s hangversenyterem<a href=\"https:\/\/www1.kkl.si\/wp-content\/uploads\/2025\/05\/plakat_B2_nerodna_avgustina_2025_DVOJ.jpg\" data-lbwps-width=\"2143\" data-lbwps-height=\"3000\" data-lbwps-srcsmall=\"https:\/\/www1.kkl.si\/wp-content\/uploads\/2025\/05\/plakat_B2_nerodna_avgustina_2025_DVOJ.jpg\"><img loading=\"lazy\" decoding=\"async\" class=\"alignright size-thumbnail wp-image-22178\" src=\"https:\/\/www1.kkl.si\/wp-content\/uploads\/2025\/05\/plakat_B2_nerodna_avgustina_2025_DVOJ-scaled-150x150.jpg\" alt=\"\" width=\"150\" height=\"150\" \/><\/a><br \/>\n<strong>gyermekel\u0151d\u00e1s szlov\u00e9n nyelven <span class=\"starost\">3+<\/span><br \/>\n<\/strong><\/p>\n<p>Studio Anima | Otfried Preusler &#8211; Herbert Lentz &#8211; Sten Vilar:<\/p>\n<p><a href=\"https:\/\/www1.kkl.si\/sl\/studio-anima-nerodna-avgustina\/\"><strong><span style=\"font-size: 24pt;\">Nerodna Avgu\u0161tina<\/span><\/strong><\/a><\/p>\n<p><i class=\"fas fa-ticket-alt\"><\/i> Bel\u00e9p\u0151jegy \u00e1ra:<strong> 3 \u20ac<br \/>\n<\/strong>P\u00e9nzt\u00e1r: <i class=\"fas fa-phone-alt\"><\/i> +386 (0)2 577 60 24<strong><br \/>\n<\/strong><\/p>\n<p><span style=\"font-size: 10pt;\">Szervez\u0151: <a href=\"https:\/\/www.kkl.si\/\">Knji\u017enica \u2013 Kulturni center Lendava \u2013 Lendvai K\u00f6nyvt\u00e1r \u00e9s Kultur\u00e1lis K\u00f6zpont<\/a><\/span><\/p>\n<\/td>\n<\/tr>\n<tr>\n<td style=\"width: 14.8961%;\">\n<p style=\"text-align: center;\"><span style=\"font-size: 24pt;\"><strong>15.<br \/>\n<\/strong><\/span><\/p>\n<p style=\"text-align: center;\">szombat<\/p>\n<p><strong><img loading=\"lazy\" decoding=\"async\" class=\"alignnone wp-image-1588 aligncenter\" title=\"Ingyenes rendezv\u00e9ny\" src=\"https:\/\/www1.kkl.si\/wp-content\/uploads\/\/2020\/07\/spored_simb_brezplacna-1.svg\" alt=\"brezplacna\" width=\"30\" height=\"30\" srcset=\"https:\/\/www1.kkl.si\/wp-content\/uploads\/\/2020\/07\/spored_simb_brezplacna-1.svg 150w, https:\/\/www1.kkl.si\/wp-content\/uploads\/\/2020\/07\/spored_simb_brezplacna-1.svg 400w, https:\/\/www1.kkl.si\/wp-content\/uploads\/\/2020\/07\/spored_simb_brezplacna-1.svg 1500w, https:\/\/www1.kkl.si\/wp-content\/uploads\/\/2020\/07\/spored_simb_brezplacna-1.svg 100w\" sizes=\"auto, (max-width: 30px) 100vw, 30px\" \/><\/strong><\/p>\n<\/td>\n<td style=\"width: 84.642%;\">\n<p><i class=\"fas fa-clock\"><\/i> <strong>9.00\u201313.00<\/strong> | a lendvai Sz\u00ednh\u00e1z- \u00e9s hangversenyterem el\u0151csarnoka<a href=\"https:\/\/www1.kkl.si\/wp-content\/uploads\/2025\/06\/PLAKAT_XXII_ssrecanje_zbirateljev_Lindva_2025.jpg\" data-lbwps-width=\"1417\" data-lbwps-height=\"1984\" data-lbwps-srcsmall=\"https:\/\/www1.kkl.si\/wp-content\/uploads\/2025\/06\/PLAKAT_XXII_ssrecanje_zbirateljev_Lindva_2025-286x400.jpg\"><img loading=\"lazy\" decoding=\"async\" class=\"size-thumbnail wp-image-22257 alignright\" src=\"https:\/\/www1.kkl.si\/wp-content\/uploads\/2025\/06\/PLAKAT_XXII_ssrecanje_zbirateljev_Lindva_2025-e1749015529697-150x150.jpg\" alt=\"\" width=\"150\" height=\"150\" \/><\/a><br \/>\n<strong>tal\u00e1lkoz\u00e1s<\/strong><\/p>\n<p><a href=\"https:\/\/www1.kkl.si\/hu\/regiseggyujtok-xxii-nemzetkozi-talalkozoja\/\"><span style=\"font-size: 24pt;\"><strong>XXII. R\u00e9gis\u00e9ggy\u0171jt\u0151k nemzetk\u00f6zi tal\u00e1lkoz\u00f3ja<\/strong><\/span><\/a><\/p>\n<p><span style=\"font-size: 10pt;\">Szervez\u0151: <a href=\"https:\/\/www.facebook.com\/Lindva.drustvozbirateljevPomurja\/\">Dru\u0161tvo zbirateljev Pomurja \u2013 Lindva \u2013 Muravid\u00e9ki r\u00e9gis\u00e9ggy\u0171jt\u00f6k egyes\u00fclete<\/a><\/span><\/p>\n<\/td>\n<\/tr>\n<tr>\n<td style=\"width: 14.8961%;\">\n<p style=\"text-align: center;\"><span style=\"font-size: 24pt;\"><strong>19.<br \/>\n<\/strong><\/span><\/p>\n<p style=\"text-align: center;\">cs\u00fct\u00f6rt\u00f6k<\/p>\n<p><img loading=\"lazy\" decoding=\"async\" class=\"wp-image-1594 aligncenter\" title=\"Z\u00e1rtk\u00f6r\u0171 rendezv\u00e9ny\" src=\"https:\/\/www1.kkl.si\/wp-content\/uploads\/\/2020\/07\/spored_simb_zakljucena-1.svg\" alt=\"zakljucena\" width=\"30\" height=\"30\" srcset=\"https:\/\/www1.kkl.si\/wp-content\/uploads\/\/2020\/07\/spored_simb_zakljucena-1.svg 150w, https:\/\/www1.kkl.si\/wp-content\/uploads\/\/2020\/07\/spored_simb_zakljucena-1.svg 400w, https:\/\/www1.kkl.si\/wp-content\/uploads\/\/2020\/07\/spored_simb_zakljucena-1.svg 1500w, https:\/\/www1.kkl.si\/wp-content\/uploads\/\/2020\/07\/spored_simb_zakljucena-1.svg 100w\" sizes=\"auto, (max-width: 30px) 100vw, 30px\" \/><\/p>\n<p>&nbsp;<\/p>\n<\/td>\n<td style=\"width: 84.642%;\">\n<p><i class=\"fas fa-clock\"><\/i> <strong>17.00<\/strong> | lendvai Sz\u00ednh\u00e1z- \u00e9s hangversenyterem<a href=\"https:\/\/www1.kkl.si\/wp-content\/uploads\/2025\/06\/plakat_70cm_slavnostni_2024-2025_DVOJ-scaled-1.png\" data-lbwps-width=\"2143\" data-lbwps-height=\"3000\" data-lbwps-srcsmall=\"https:\/\/www1.kkl.si\/wp-content\/uploads\/2025\/06\/plakat_70cm_slavnostni_2024-2025_DVOJ-scaled-1-286x400.png\"><img loading=\"lazy\" decoding=\"async\" class=\"alignright size-thumbnail wp-image-22315\" src=\"https:\/\/www1.kkl.si\/wp-content\/uploads\/2025\/06\/plakat_70cm_slavnostni_2024-2025_DVOJ-scaled-e1749901569663-150x150.png\" alt=\"\" width=\"150\" height=\"150\" \/><\/a><br \/>\n<strong>hangverseny, \u00fcnnepi rendezv\u00e9ny<\/strong><\/p>\n<p><span style=\"font-size: 24pt;\"><strong>A Zeneiskola Lendva v\u00e9gz\u0151s tanul\u00f3inak \u00fcnnepi hangversenye<\/strong><\/span><\/p>\n<p><i class=\"fas fa-info-circle\"><\/i> <em>A rendezv\u00e9ny a sz\u00fcl\u0151knek \u00e9s a hozz\u00e1tartoz\u00f3knak sz\u00f3l.<\/em><\/p>\n<p><span style=\"font-size: 10pt;\">Szervez\u0151: <a href=\"http:\/\/www.gs-lendava.si\/\">Glasbena \u0161ola Lendava\/Zeneiskola Lendva<\/a>, egy\u00fcttm\u0171k\u00f6dik a <a href=\"https:\/\/www.kkl.si\/\">Knji\u017enica \u2013 Kulturni center Lendava \u2013 Lendvai K\u00f6nyvt\u00e1r \u00e9s Kultur\u00e1lis K\u00f6zpont<\/a> k\u00f6zint\u00e9zet<\/span><\/p>\n<\/td>\n<\/tr>\n<tr>\n<td style=\"width: 14.8961%;\">\n<p style=\"text-align: center;\"><span style=\"font-size: 24pt;\"><strong>20.<\/strong><\/span><\/p>\n<p style=\"text-align: center;\">p\u00e9ntek<\/p>\n<p><strong><img loading=\"lazy\" decoding=\"async\" class=\"alignnone wp-image-1588 aligncenter\" title=\"Ingyenes rendezv\u00e9ny\" src=\"https:\/\/www1.kkl.si\/wp-content\/uploads\/\/2020\/07\/spored_simb_brezplacna-1.svg\" alt=\"brezplacna\" width=\"30\" height=\"30\" srcset=\"https:\/\/www1.kkl.si\/wp-content\/uploads\/\/2020\/07\/spored_simb_brezplacna-1.svg 150w, https:\/\/www1.kkl.si\/wp-content\/uploads\/\/2020\/07\/spored_simb_brezplacna-1.svg 400w, https:\/\/www1.kkl.si\/wp-content\/uploads\/\/2020\/07\/spored_simb_brezplacna-1.svg 1500w, https:\/\/www1.kkl.si\/wp-content\/uploads\/\/2020\/07\/spored_simb_brezplacna-1.svg 100w\" sizes=\"auto, (max-width: 30px) 100vw, 30px\" \/><\/strong><\/p>\n<p><strong>\u00a0<\/strong><\/p>\n<\/td>\n<td style=\"width: 84.642%;\">\n<p><i class=\"fas fa-clock\"><\/i> <strong>19.00<\/strong> | a lendvai Sz\u00ednh\u00e1z- \u00e9s hangversenyterem szabadt\u00e9ri sz\u00ednpada<a href=\"https:\/\/www1.kkl.si\/wp-content\/uploads\/2025\/06\/plakat_dan_drzavnosti_2025_70cm_splet.jpg\" data-lbwps-width=\"2100\" data-lbwps-height=\"3000\" data-lbwps-srcsmall=\"https:\/\/www1.kkl.si\/wp-content\/uploads\/2025\/06\/plakat_dan_drzavnosti_2025_70cm_splet.jpg\"><img loading=\"lazy\" decoding=\"async\" class=\"slika alignright wp-image-22285 size-thumbnail\" src=\"https:\/\/www1.kkl.si\/wp-content\/uploads\/2025\/06\/plakat_dan_drzavnosti_2025_70cm_splet-scaled-e1749627221130-150x150.jpg\" alt=\"\" width=\"150\" height=\"150\" \/><\/a><br \/>\n<strong>kultur\u00e1lis rendezv\u00e9ny<\/strong><\/p>\n<p><a href=\"https:\/\/www1.kkl.si\/hu\/meghivo-az-allamisag-napja-2025-kozponti-kozsegi-unnepseg\/\"><span style=\"font-size: 24pt;\"><strong>Az \u00e1llamis\u00e1g napja \u2013 k\u00f6zponti k\u00f6zs\u00e9gi \u00fcnneps\u00e9g<\/strong><\/span><\/a><\/p>\n<p><span style=\"font-size: 10pt;\">Szervez\u0151: <a href=\"https:\/\/www.lendava.si\/\">Ob\u010dina Lendava-Lendva K\u00f6zs\u00e9g<\/a><\/span><br \/>\n<span style=\"font-size: 10pt;\">Tarsszervez\u0151: <\/span><a href=\"https:\/\/www.kkl.si\/\"><span style=\"font-size: 10pt;\">Knji\u017enica \u2013 Kulturni center Lendava \u2013 Lendvai K\u00f6nyvt\u00e1r \u00e9s Kultur\u00e1lis K\u00f6zpont<\/span><\/a><\/p>\n<\/td>\n<\/tr>\n<tr>\n<td style=\"width: 14.8961%;\">\n<p style=\"text-align: center;\"><span style=\"font-size: 24pt;\"><strong>21.<\/strong><\/span><\/p>\n<p style=\"text-align: center;\">szombat<\/p>\n<p><img loading=\"lazy\" decoding=\"async\" class=\"alignnone wp-image-1588 aligncenter\" title=\"Ingyenes rendezv\u00e9ny\" src=\"https:\/\/www1.kkl.si\/wp-content\/uploads\/\/2020\/07\/spored_simb_brezplacna-1.svg\" alt=\"brezplacna\" width=\"30\" height=\"30\" srcset=\"https:\/\/www1.kkl.si\/wp-content\/uploads\/\/2020\/07\/spored_simb_brezplacna-1.svg 150w, https:\/\/www1.kkl.si\/wp-content\/uploads\/\/2020\/07\/spored_simb_brezplacna-1.svg 400w, https:\/\/www1.kkl.si\/wp-content\/uploads\/\/2020\/07\/spored_simb_brezplacna-1.svg 1500w, https:\/\/www1.kkl.si\/wp-content\/uploads\/\/2020\/07\/spored_simb_brezplacna-1.svg 100w\" sizes=\"auto, (max-width: 30px) 100vw, 30px\" \/><\/p>\n<\/td>\n<td style=\"width: 84.642%;\">\n<p><i class=\"fas fa-map-marker-alt\"><\/i>\u00a0a lendvai Sz\u00ednh\u00e1z- \u00e9s hangversenyterem el\u0151csarnoka<a href=\"https:\/\/www1.kkl.si\/wp-content\/uploads\/2025\/05\/Lendava_letak_Mana_slikarstvo.jpg\" data-lbwps-width=\"1241\" data-lbwps-height=\"1747\" data-lbwps-srcsmall=\"https:\/\/www1.kkl.si\/wp-content\/uploads\/2025\/05\/Lendava_letak_Mana_slikarstvo-284x400.jpg\"><img loading=\"lazy\" decoding=\"async\" class=\"slika alignright wp-image-22213 size-thumbnail\" src=\"https:\/\/www1.kkl.si\/wp-content\/uploads\/2025\/05\/Lendava_letak_Mana_slikarstvo-150x150.jpg\" alt=\"\" width=\"150\" height=\"150\" \/><\/a><br \/>\n<strong>ki\u00e1ll\u00edt\u00e1s<\/strong><\/p>\n<p><span style=\"font-size: 24pt;\"><strong>M\u0171v\u00e9szeti alkot\u00e1sok ki\u00e1ll\u00edt\u00e1sa: Mana fest\u00e9szet<\/strong><\/span><\/p>\n<p><em>A ki\u00e1ll\u00edt\u00e1s 2025. j\u00fanius 21-t\u0151l j\u00falius 26-ig tekinthet\u0151 meg.<\/em><\/p>\n<p><span style=\"font-size: 10pt;\">Szervez\u0151: Mana slikarstvo s.p.<\/span><\/p>\n<\/td>\n<\/tr>\n<\/tbody>\n<\/table>\n<p style=\"text-align: center;\"><span style=\"font-size: 10pt;\">A szervez\u0151k fenntartj\u00e1k a m\u0171sorv\u00e1ltoz\u00e1s jog\u00e1t.<\/span><\/p>\n","protected":false},"excerpt":{"rendered":"<p>2025. janu\u00e1r | febru\u00e1r | m\u00e1rcius | \u00e1prilis | m\u00e1jus | j\u00fanius | j\u00falius | augusztus | szeptember | okt\u00f3ber | november | december | ARCH\u00cdVUM JELMAGYAR\u00c1ZAT Szlov\u00e9n b\u00e9rlet Magyar b\u00e9rlet Z\u00e1rtk\u00f6r\u0171 rendezv\u00e9ny Ingyenes rendezv\u00e9ny Fizet\u0151s rendezv\u00e9ny \u00dajdons\u00e1g, v\u00e1ltoz\u00e1s 2. h\u00e9tf\u0151 \u00a0\u00a0 HELYETTES\u00cdT\u0150 ID\u0150PONT 19.00 | lendvai Sz\u00ednh\u00e1z- \u00e9s hangversenyterem groteszk v\u00edgj\u00e1t\u00e9k szlov\u00e9n nyelven SNG [&hellip;]<\/p>\n","protected":false},"author":2,"featured_media":0,"parent":0,"menu_order":0,"comment_status":"closed","ping_status":"closed","template":"","meta":{"footnotes":""},"class_list":["post-21909","page","type-page","status-publish","hentry","post"],"_links":{"self":[{"href":"https:\/\/www1.kkl.si\/hu\/wp-json\/wp\/v2\/pages\/21909","targetHints":{"allow":["GET"]}}],"collection":[{"href":"https:\/\/www1.kkl.si\/hu\/wp-json\/wp\/v2\/pages"}],"about":[{"href":"https:\/\/www1.kkl.si\/hu\/wp-json\/wp\/v2\/types\/page"}],"author":[{"embeddable":true,"href":"https:\/\/www1.kkl.si\/hu\/wp-json\/wp\/v2\/users\/2"}],"replies":[{"embeddable":true,"href":"https:\/\/www1.kkl.si\/hu\/wp-json\/wp\/v2\/comments?post=21909"}],"version-history":[{"count":35,"href":"https:\/\/www1.kkl.si\/hu\/wp-json\/wp\/v2\/pages\/21909\/revisions"}],"predecessor-version":[{"id":24476,"href":"https:\/\/www1.kkl.si\/hu\/wp-json\/wp\/v2\/pages\/21909\/revisions\/24476"}],"wp:attachment":[{"href":"https:\/\/www1.kkl.si\/hu\/wp-json\/wp\/v2\/media?parent=21909"}],"curies":[{"name":"wp","href":"https:\/\/api.w.org\/{rel}","templated":true}]}}