{"id":22466,"date":"2025-07-12T10:25:37","date_gmt":"2025-07-12T08:25:37","guid":{"rendered":"https:\/\/www1.kkl.si\/?page_id=22466"},"modified":"2025-07-14T12:22:02","modified_gmt":"2025-07-14T10:22:02","slug":"eurocubans-feat-juan-de-marcos-gonzalez-juan-munguia","status":"publish","type":"page","link":"https:\/\/www1.kkl.si\/hu\/eurocubans-feat-juan-de-marcos-gonzalez-juan-munguia\/","title":{"rendered":"EuroCubans feat. Juan de Marcos Gonz\u00e1lez &#038; Juan Munguia"},"content":{"rendered":"<div class=\"opis\"><i class=\"fas fa-clock\"><\/i> <strong>2025. j\u00falius 15. (kedd), 20.00<\/strong> | A lendvai Sz\u00ednh\u00e1z-\u00e9s hangversenyterem ny\u00e1ri sz\u00ednpada<img loading=\"lazy\" decoding=\"async\" class=\"wp-image-1588 alignright\" title=\"Ingyenes rendezv\u00e9ny\" src=\"https:\/\/www1.kkl.si\/wp-content\/uploads\/\/2020\/07\/spored_simb_brezplacna-1.svg\" alt=\"brezplacna\" width=\"30\" height=\"30\" srcset=\"https:\/\/www1.kkl.si\/wp-content\/uploads\/\/2020\/07\/spored_simb_brezplacna-1.svg 150w, https:\/\/www1.kkl.si\/wp-content\/uploads\/\/2020\/07\/spored_simb_brezplacna-1.svg 400w, https:\/\/www1.kkl.si\/wp-content\/uploads\/\/2020\/07\/spored_simb_brezplacna-1.svg 1500w, https:\/\/www1.kkl.si\/wp-content\/uploads\/\/2020\/07\/spored_simb_brezplacna-1.svg 100w\" sizes=\"auto, (max-width: 30px) 100vw, 30px\" \/><br \/>\n<i class=\"fas fa-chevron-circle-right\"><\/i><strong> Egy este a kubai zene legend\u00e1ival<\/strong> <br \/>\nA bel\u00e9p\u00e9s ingyenes.<br \/>\nSzervez\u0151: Audio video dru\u0161tvo &#8211; Audio video Egyes\u00fclete, Peter O\u0161laj<\/div>\n<p><a href=\"https:\/\/www1.kkl.si\/wp-content\/uploads\/2025\/07\/EuroCubans_Dobran_Laznik_19_SG_web.jpg\" data-lbwps-width=\"2500\" data-lbwps-height=\"1666\" data-lbwps-srcsmall=\"https:\/\/www1.kkl.si\/wp-content\/uploads\/2025\/07\/EuroCubans_Dobran_Laznik_19_SG_web-400x267.jpg\"><img loading=\"lazy\" decoding=\"async\" class=\"alignnone size-large wp-image-22482\" src=\"https:\/\/www1.kkl.si\/wp-content\/uploads\/2025\/07\/EuroCubans_Dobran_Laznik_19_SG_web.jpg\" alt=\"\" width=\"1500\" height=\"1000\" srcset=\"https:\/\/www1.kkl.si\/wp-content\/uploads\/2025\/07\/EuroCubans_Dobran_Laznik_19_SG_web.jpg 2500w, https:\/\/www1.kkl.si\/wp-content\/uploads\/2025\/07\/EuroCubans_Dobran_Laznik_19_SG_web-400x267.jpg 400w, https:\/\/www1.kkl.si\/wp-content\/uploads\/2025\/07\/EuroCubans_Dobran_Laznik_19_SG_web-1500x1000.jpg 1500w\" sizes=\"auto, (max-width: 1500px) 100vw, 1500px\" \/><\/a><\/p>\n<p><span style=\"font-size: 10pt;\">EuroCubans (Fot\u00f3: Dobran Laznik)<\/span><\/p>\n<hr \/>\n<p><span style=\"font-size: 18pt;\">T\u00f6lts\u00f6n el egy felejthetetlen, energikus kubai zenei estet az energikus kubai zen\u00e9vel a kubai\u2013szlov\u00e9n EuroCubans zenekar el\u0151ad\u00e1s\u00e1ban, amely mag\u00e1val ragad\u00f3 t\u00e1ncritmusokkal teszi m\u00e9g eml\u00e9kezetesebb\u00e9 az est\u00e9t.<\/span><\/p>\n<p>&nbsp;<\/p>\n<p>A tizenh\u00e1rom kubai \u00e9s eur\u00f3pai \u00e9lvonalbeli zen\u00e9szb\u0151l \u00e1ll\u00f3 EuroCubans egy\u00fcttes <strong>\u010crt P\u0161eni\u010dnik<\/strong> szlov\u00e9n \u00fct\u0151hangszeres \u00e9s <strong>Juan de Marcos Gonz\u00e1lez<\/strong> Grammy-d\u00edjas zen\u00e9sz, a kubai zene k\u00f6zponti alakja kezdem\u00e9nyez\u00e9s\u00e9re j\u00f6tt l\u00e9tre.<\/p>\n<p>A kubai zenekarvezet\u0151, hangszerel\u0151, zen\u00e9sz \u00e9s sz\u00edn\u00e9sz legink\u00e1bb a <strong>Buena Vista Social Clubbal<\/strong> \u00e9s az <strong>Afro Cuban All Stars<\/strong>-szal v\u00e9gzett munk\u00e1j\u00e1r\u00f3l ismert, valamint a Vivo c\u00edm\u0171 anim\u00e1ci\u00f3s filmb\u0151l (Sony Pictures, 2021) is ismert Andr\u00e9s, a Vivo tulajdonos\u00e1nak hangjak\u00e9nt.<\/p>\n<p>Gonz\u00e1lez sz\u00e1mos neves zen\u00e9sszel val\u00f3 egy\u00fcttm\u0171k\u00f6d\u00e9se l\u00e1that\u00f3an hozz\u00e1j\u00e1rult a kubai zene n\u00e9pszer\u0171s\u00edt\u00e9s\u00e9hez vil\u00e1gszerte, \u00faj zenekar\u00e1val, az Eurocubans-szal pedig Havanna kozmopolita szellem\u00e9t terjeszti az eur\u00f3pai sz\u00ednpadokon.<\/p>\n<p>Az egy\u00fcttesben a jazz \u00e9s a latin k\u00f6nny\u0171zene legnagyobbjai j\u00e1tszanak: <strong>Juan Mungu\u00eda<\/strong> trombit\u00e1s (Irakere, Dizzy Gillespie &amp; United Nations Band, Paquito D&#8217;Riviera, Celia Cruz), <strong>Dany Noel<\/strong> basszusgit\u00e1ros (Roy Hargrove, Chucho Vald\u00e9s, Jos\u00e9 Alberto \u201eEl Canario\u201d, Alfredo De La Fe, The New York Salsa All Star, Celia Cruz, Paquito D&#8217;Rivera), <strong>Pepe Espinosa<\/strong> \u00fct\u0151s (Conjunto Saratoga, B. B. King, Afro Cuban All Stars, Arturo Sandoval, Jari Sillanpaa) \u00e9s <strong>David Alfaro<\/strong> zongorista (Afro Cuban All Star, La Banda JB de Joaquin Betancourt).<\/p>\n<p>Az EuroCubans csod\u00e1latos interkultur\u00e1lis \u00e9lm\u00e9nyt, valamint egyed\u00fcl\u00e1ll\u00f3 betekint\u00e9st ny\u00fajt a kubai zene t\u00f6rt\u00e9net\u00e9be \u00e9s modernit\u00e1s\u00e1ba, mik\u00f6zben energikus el\u0151ad\u00e1sokkal \u00e9s fert\u0151z\u0151 t\u00e1ncritmusokkal \u00f6rvendezteti meg a k\u00f6z\u00f6ns\u00e9get, amelyek senkit sem hagynak hidegen.<\/p>\n<hr \/>\n<p>EuroCubans:<\/p>\n<p><strong>\u010crtomir P\u0161eni\u010dnik<\/strong>, \u00fct\u0151hangszerek<br \/>\n<strong>B\u00e1rbaro Crespo<\/strong>, \u00fct\u0151hangszerek<br \/>\n<strong>Pepe Espinosa<\/strong>, timb\u00e1l<br \/>\n<strong>Evelio Gal\u00e1n<\/strong>, vok\u00e1l<br \/>\n<strong>Juan Carlos Hechavarr\u00eda<\/strong>, vok\u00e1l<br \/>\n<strong>Jos\u00e9 Pepito G\u00f3mez<\/strong>, vok\u00e1l<br \/>\n<strong>Dany Noel<\/strong>, basszusgit\u00e1r<br \/>\n<strong>David Alfaro<\/strong>, git\u00e1r<br \/>\n<strong>Juan Mungu\u00eda<\/strong>, trombita<br \/>\n<strong>Raudel Marzal Torres<\/strong>, trombita<br \/>\n<strong>Andrej \u0160trekelj<\/strong>, trombita<br \/>\n<strong>Andr\u00e9s Fern\u00e1ndez Ordo\u00f1ez<\/strong>, harsona<br \/>\n<strong>Denis Beganovi\u0107<\/strong>, harsona<\/p>\n<hr \/>\n<p><span style=\"font-size: 18pt;\"><i class=\"fas fa-play-circle\"><\/i> VIDE\u00d3<\/span><\/p>\n<p>EUROCUBANS &#8211; prom\u00f3ci\u00f3s vide\u00f3<\/p>\n<p><iframe loading=\"lazy\" src=\"\/\/www.youtube.com\/embed\/SxFJta-PgpI\" width=\"560\" height=\"314\" allowfullscreen=\"allowfullscreen\"><\/iframe><\/p>\n<p>EUROCUBANS &#8211; Huellas del pasado<\/p>\n<p><iframe loading=\"lazy\" src=\"\/\/www.youtube.com\/embed\/EdwH4BGPb5o\" width=\"560\" height=\"314\" allowfullscreen=\"allowfullscreen\"><\/iframe><\/p>\n<p>EUROCUBANS &#8211; Cienfuegos Tiene Su Guaguanc\u00f3<\/p>\n<p><iframe loading=\"lazy\" src=\"\/\/www.youtube.com\/embed\/6uain8lwJxc\" width=\"560\" height=\"314\" allowfullscreen=\"allowfullscreen\"><\/iframe><\/p>\n<p>EUROCUBANS &#8211; Dos Gardenias<\/p>\n<p><iframe loading=\"lazy\" src=\"\/\/www.youtube.com\/embed\/cliAUGKusNU\" width=\"560\" height=\"314\" allowfullscreen=\"allowfullscreen\"><\/iframe><\/p>\n<p>EUROCUBANS-Reconciliacion<\/p>\n<p><iframe loading=\"lazy\" src=\"\/\/www.youtube.com\/embed\/LXby_mStBh0\" width=\"560\" height=\"314\" allowfullscreen=\"allowfullscreen\"><\/iframe><\/p>\n<p><i class=\"fab fa-facebook\"><\/i> <a href=\"https:\/\/www.facebook.com\/EuroCubans\/\">https:\/\/www.facebook.com\/EuroCubans\/<\/a><\/p>\n","protected":false},"excerpt":{"rendered":"<p>2025. j\u00falius 15. (kedd), 20.00 | A lendvai Sz\u00ednh\u00e1z-\u00e9s hangversenyterem ny\u00e1ri sz\u00ednpada Egy este a kubai zene legend\u00e1ival A bel\u00e9p\u00e9s ingyenes. Szervez\u0151: Audio video dru\u0161tvo &#8211; Audio video Egyes\u00fclete, Peter O\u0161laj EuroCubans (Fot\u00f3: Dobran Laznik) T\u00f6lts\u00f6n el egy felejthetetlen, energikus kubai zenei estet az energikus kubai zen\u00e9vel a kubai\u2013szlov\u00e9n EuroCubans zenekar el\u0151ad\u00e1s\u00e1ban, amely mag\u00e1val ragad\u00f3 [&hellip;]<\/p>\n","protected":false},"author":2,"featured_media":0,"parent":0,"menu_order":0,"comment_status":"closed","ping_status":"closed","template":"","meta":{"footnotes":""},"class_list":["post-22466","page","type-page","status-publish","hentry","post"],"_links":{"self":[{"href":"https:\/\/www1.kkl.si\/hu\/wp-json\/wp\/v2\/pages\/22466","targetHints":{"allow":["GET"]}}],"collection":[{"href":"https:\/\/www1.kkl.si\/hu\/wp-json\/wp\/v2\/pages"}],"about":[{"href":"https:\/\/www1.kkl.si\/hu\/wp-json\/wp\/v2\/types\/page"}],"author":[{"embeddable":true,"href":"https:\/\/www1.kkl.si\/hu\/wp-json\/wp\/v2\/users\/2"}],"replies":[{"embeddable":true,"href":"https:\/\/www1.kkl.si\/hu\/wp-json\/wp\/v2\/comments?post=22466"}],"version-history":[{"count":7,"href":"https:\/\/www1.kkl.si\/hu\/wp-json\/wp\/v2\/pages\/22466\/revisions"}],"predecessor-version":[{"id":22505,"href":"https:\/\/www1.kkl.si\/hu\/wp-json\/wp\/v2\/pages\/22466\/revisions\/22505"}],"wp:attachment":[{"href":"https:\/\/www1.kkl.si\/hu\/wp-json\/wp\/v2\/media?parent=22466"}],"curies":[{"name":"wp","href":"https:\/\/api.w.org\/{rel}","templated":true}]}}