{"id":22468,"date":"2025-07-12T09:53:13","date_gmt":"2025-07-12T07:53:13","guid":{"rendered":"https:\/\/www1.kkl.si\/?page_id=22468"},"modified":"2025-10-17T09:48:52","modified_gmt":"2025-10-17T07:48:52","slug":"musor-2025-07","status":"publish","type":"page","link":"https:\/\/www1.kkl.si\/hu\/musor-2025-07\/","title":{"rendered":"M\u0170SOR: 2025. j\u00falius"},"content":{"rendered":"<p><strong>2025.<\/strong> <a href=\"https:\/\/www1.kkl.si\/hu\/musor-2025-01\/\">janu\u00e1r<\/a> | <a href=\"https:\/\/www1.kkl.si\/hu\/musor-2025-02\/\">febru\u00e1r<\/a> | <a href=\"https:\/\/www1.kkl.si\/hu\/musor-2025-03\/\">m\u00e1rcius<\/a> | <a href=\"https:\/\/www1.kkl.si\/hu\/musor-2025-04\/\">\u00e1prilis<\/a> | <a href=\"https:\/\/www1.kkl.si\/hu\/musor-2025-05\/\">m\u00e1jus<\/a> | <a href=\"https:\/\/www1.kkl.si\/hu\/musor-2025-06\/\">j\u00fanius<\/a> | <a href=\"https:\/\/www1.kkl.si\/hu\/musor-2025-07\/\">j\u00falius<\/a> | <a href=\"https:\/\/www1.kkl.si\/hu\/musor-2025-08\/\">augusztus<\/a> | <a href=\"https:\/\/www1.kkl.si\/hu\/musor-2025-09\/\">szeptember<\/a> | <a href=\"https:\/\/www1.kkl.si\/hu\/musor-2025-10\/\">okt\u00f3ber<\/a> | <a href=\"https:\/\/www1.kkl.si\/hu\/musor-2025-11\/\">november<\/a> | <a href=\"https:\/\/www1.kkl.si\/hu\/musor-2025-12\/\">december<\/a> | <a href=\"https:\/\/www1.kkl.si\/hu\/a-musor-archivuma\/\">ARCH\u00cdVUM<\/a><\/p>\n<div>\n<table id=\"spored-legenda\" cellspacing=\"0\" cellpadding=\"5\">\n<tbody>\n<tr>\n<td><strong>JELMAGYAR\u00c1ZAT<br \/>\n<\/strong><\/td>\n<td style=\"vertical-align: middle;\"><img loading=\"lazy\" decoding=\"async\" class=\"alignnone wp-image-1586\" title=\"Szlov\u00e9n b\u00e9rlet\" src=\"https:\/\/www1.kkl.si\/wp-content\/uploads\/\/2020\/07\/spored_simb_abonma_si-1.svg\" alt=\"abonma_si\" width=\"30\" height=\"30\" \/><\/td>\n<td>Szlov\u00e9n<br \/>\nb\u00e9rlet<\/td>\n<td style=\"vertical-align: middle;\"><img loading=\"lazy\" decoding=\"async\" class=\"alignnone wp-image-1584\" title=\"Magyar b\u00e9rlet\" src=\"https:\/\/www1.kkl.si\/wp-content\/uploads\/\/2020\/07\/spored_simb_abonma_hu-1.svg\" alt=\"abonma_hu\" width=\"30\" height=\"30\" srcset=\"https:\/\/www1.kkl.si\/wp-content\/uploads\/\/2020\/07\/spored_simb_abonma_hu-1.svg 150w, https:\/\/www1.kkl.si\/wp-content\/uploads\/\/2020\/07\/spored_simb_abonma_hu-1.svg 400w, https:\/\/www1.kkl.si\/wp-content\/uploads\/\/2020\/07\/spored_simb_abonma_hu-1.svg 1500w, https:\/\/www1.kkl.si\/wp-content\/uploads\/\/2020\/07\/spored_simb_abonma_hu-1.svg 100w\" sizes=\"auto, (max-width: 30px) 100vw, 30px\" \/><\/td>\n<td>Magyar<br \/>\nb\u00e9rlet<\/td>\n<td style=\"vertical-align: middle;\"><img loading=\"lazy\" decoding=\"async\" class=\"alignnone wp-image-1594\" title=\"Z\u00e1rtk\u00f6r\u0171 rendezv\u00e9ny\" src=\"https:\/\/www1.kkl.si\/wp-content\/uploads\/\/2020\/07\/spored_simb_zakljucena-1.svg\" alt=\"zakljucena\" width=\"30\" height=\"30\" srcset=\"https:\/\/www1.kkl.si\/wp-content\/uploads\/\/2020\/07\/spored_simb_zakljucena-1.svg 150w, https:\/\/www1.kkl.si\/wp-content\/uploads\/\/2020\/07\/spored_simb_zakljucena-1.svg 400w, https:\/\/www1.kkl.si\/wp-content\/uploads\/\/2020\/07\/spored_simb_zakljucena-1.svg 1500w, https:\/\/www1.kkl.si\/wp-content\/uploads\/\/2020\/07\/spored_simb_zakljucena-1.svg 100w\" sizes=\"auto, (max-width: 30px) 100vw, 30px\" \/><\/td>\n<td>Z\u00e1rtk\u00f6r\u0171<br \/>\nrendezv\u00e9ny<\/td>\n<td style=\"vertical-align: middle;\"><img loading=\"lazy\" decoding=\"async\" class=\"alignnone wp-image-1588\" title=\"Ingyenes rendezv\u00e9ny\" src=\"https:\/\/www1.kkl.si\/wp-content\/uploads\/\/2020\/07\/spored_simb_brezplacna-1.svg\" alt=\"brezplacna\" width=\"30\" height=\"30\" srcset=\"https:\/\/www1.kkl.si\/wp-content\/uploads\/\/2020\/07\/spored_simb_brezplacna-1.svg 150w, https:\/\/www1.kkl.si\/wp-content\/uploads\/\/2020\/07\/spored_simb_brezplacna-1.svg 400w, https:\/\/www1.kkl.si\/wp-content\/uploads\/\/2020\/07\/spored_simb_brezplacna-1.svg 1500w, https:\/\/www1.kkl.si\/wp-content\/uploads\/\/2020\/07\/spored_simb_brezplacna-1.svg 100w\" sizes=\"auto, (max-width: 30px) 100vw, 30px\" \/><\/td>\n<td>Ingyenes<br \/>\nrendezv\u00e9ny<\/td>\n<td style=\"vertical-align: middle;\"><img loading=\"lazy\" decoding=\"async\" class=\"wp-image-1592 alignnone\" title=\"Fizet\u0151s rendezv\u00e9ny\" src=\"https:\/\/www1.kkl.si\/wp-content\/uploads\/\/2020\/07\/spored_simb_placljiva-1.svg\" alt=\"placljiva\" width=\"30\" height=\"30\" srcset=\"https:\/\/www1.kkl.si\/wp-content\/uploads\/\/2020\/07\/spored_simb_placljiva-1.svg 150w, https:\/\/www1.kkl.si\/wp-content\/uploads\/\/2020\/07\/spored_simb_placljiva-1.svg 400w, https:\/\/www1.kkl.si\/wp-content\/uploads\/\/2020\/07\/spored_simb_placljiva-1.svg 1500w, https:\/\/www1.kkl.si\/wp-content\/uploads\/\/2020\/07\/spored_simb_placljiva-1.svg 100w\" sizes=\"auto, (max-width: 30px) 100vw, 30px\" \/><\/td>\n<td>Fizet\u0151s<br \/>\nrendezv\u00e9ny<\/td>\n<td style=\"vertical-align: middle;\"><img loading=\"lazy\" decoding=\"async\" class=\"alignnone wp-image-1590\" title=\"\u00dajdons\u00e1g, v\u00e1ltoz\u00e1s\" src=\"https:\/\/www1.kkl.si\/wp-content\/uploads\/\/2020\/07\/spored_simb_novost-1.svg\" alt=\"novost\" width=\"30\" height=\"30\" srcset=\"https:\/\/www1.kkl.si\/wp-content\/uploads\/\/2020\/07\/spored_simb_novost-1.svg 150w, https:\/\/www1.kkl.si\/wp-content\/uploads\/\/2020\/07\/spored_simb_novost-1.svg 400w, https:\/\/www1.kkl.si\/wp-content\/uploads\/\/2020\/07\/spored_simb_novost-1.svg 1500w, https:\/\/www1.kkl.si\/wp-content\/uploads\/\/2020\/07\/spored_simb_novost-1.svg 100w\" sizes=\"auto, (max-width: 30px) 100vw, 30px\" \/><\/td>\n<td>\u00dajdons\u00e1g,<br \/>\nv\u00e1ltoz\u00e1s<\/td>\n<\/tr>\n<\/tbody>\n<\/table>\n<\/div>\n<table id=\"sporedtabela\" style=\"width: 100%;\">\n<tbody>\n<tr>\n<td style=\"width: 14.8961%;\">\n<p style=\"text-align: center;\"><strong><span style=\"font-size: 24pt;\">15.<\/span><br \/>\n<\/strong><\/p>\n<p style=\"text-align: center;\">kedd<\/p>\n<p><img loading=\"lazy\" decoding=\"async\" class=\"alignnone wp-image-1588 aligncenter\" title=\"Ingyenes rendezv\u00e9ny\" src=\"https:\/\/www1.kkl.si\/wp-content\/uploads\/\/2020\/07\/spored_simb_brezplacna-1.svg\" alt=\"brezplacna\" width=\"30\" height=\"30\" srcset=\"https:\/\/www1.kkl.si\/wp-content\/uploads\/\/2020\/07\/spored_simb_brezplacna-1.svg 150w, https:\/\/www1.kkl.si\/wp-content\/uploads\/\/2020\/07\/spored_simb_brezplacna-1.svg 400w, https:\/\/www1.kkl.si\/wp-content\/uploads\/\/2020\/07\/spored_simb_brezplacna-1.svg 1500w, https:\/\/www1.kkl.si\/wp-content\/uploads\/\/2020\/07\/spored_simb_brezplacna-1.svg 100w\" sizes=\"auto, (max-width: 30px) 100vw, 30px\" \/><\/p>\n<\/td>\n<td style=\"width: 84.642%;\">\n<p><i class=\"fas fa-clock\"><\/i> <strong>20.00<\/strong> | a lendvai Sz\u00ednh\u00e1z-\u00e9s hangversenyterem ny\u00e1ri sz\u00ednpada<a href=\"https:\/\/www1.kkl.si\/wp-content\/uploads\/2025\/07\/EuroCubans_Dobran_Laznik_19_SG_web.jpg\" data-lbwps-width=\"2500\" data-lbwps-height=\"1666\" data-lbwps-srcsmall=\"https:\/\/www1.kkl.si\/wp-content\/uploads\/2025\/07\/EuroCubans_Dobran_Laznik_19_SG_web-400x267.jpg\"><img loading=\"lazy\" decoding=\"async\" class=\"alignright size-thumbnail wp-image-22484\" src=\"https:\/\/www1.kkl.si\/wp-content\/uploads\/2025\/07\/EuroCubans_Dobran_Laznik_19_SG_web-150x150.jpg\" alt=\"\" width=\"150\" height=\"150\" \/><\/a><br \/>\n<strong>egy este a kubai zene legend\u00e1ival<\/strong><\/p>\n<p><a href=\"https:\/\/www1.kkl.si\/hu\/eurocubans-feat-juan-de-marcos-gonzalez-juan-munguia\/\"><span style=\"font-size: 24pt;\"><strong>EuroCubans feat. Juan de Marcos Gonz\u00e1lez &amp; Juan Munguia<\/strong><\/span><\/a><\/p>\n<p><span style=\"font-size: 10pt;\">Szervez\u0151: Audio video dru\u0161tvo \u2013 Audio video Egyes\u00fclete, Peter O\u0161laj<br \/>\n<\/span><\/p>\n<\/td>\n<\/tr>\n<\/tbody>\n<\/table>\n<p style=\"text-align: center;\"><span style=\"font-size: 10pt;\">A szervez\u0151k fenntartj\u00e1k a m\u0171sorv\u00e1ltoz\u00e1s jog\u00e1t.<\/span><\/p>\n","protected":false},"excerpt":{"rendered":"<p>2025. janu\u00e1r | febru\u00e1r | m\u00e1rcius | \u00e1prilis | m\u00e1jus | j\u00fanius | j\u00falius | augusztus | szeptember | okt\u00f3ber | november | december | ARCH\u00cdVUM JELMAGYAR\u00c1ZAT Szlov\u00e9n b\u00e9rlet Magyar b\u00e9rlet Z\u00e1rtk\u00f6r\u0171 rendezv\u00e9ny Ingyenes rendezv\u00e9ny Fizet\u0151s rendezv\u00e9ny \u00dajdons\u00e1g, v\u00e1ltoz\u00e1s 15. kedd 20.00 | a lendvai Sz\u00ednh\u00e1z-\u00e9s hangversenyterem ny\u00e1ri sz\u00ednpada egy este a kubai zene legend\u00e1ival [&hellip;]<\/p>\n","protected":false},"author":2,"featured_media":0,"parent":0,"menu_order":0,"comment_status":"closed","ping_status":"closed","template":"","meta":{"footnotes":""},"class_list":["post-22468","page","type-page","status-publish","hentry","post"],"_links":{"self":[{"href":"https:\/\/www1.kkl.si\/hu\/wp-json\/wp\/v2\/pages\/22468","targetHints":{"allow":["GET"]}}],"collection":[{"href":"https:\/\/www1.kkl.si\/hu\/wp-json\/wp\/v2\/pages"}],"about":[{"href":"https:\/\/www1.kkl.si\/hu\/wp-json\/wp\/v2\/types\/page"}],"author":[{"embeddable":true,"href":"https:\/\/www1.kkl.si\/hu\/wp-json\/wp\/v2\/users\/2"}],"replies":[{"embeddable":true,"href":"https:\/\/www1.kkl.si\/hu\/wp-json\/wp\/v2\/comments?post=22468"}],"version-history":[{"count":7,"href":"https:\/\/www1.kkl.si\/hu\/wp-json\/wp\/v2\/pages\/22468\/revisions"}],"predecessor-version":[{"id":24475,"href":"https:\/\/www1.kkl.si\/hu\/wp-json\/wp\/v2\/pages\/22468\/revisions\/24475"}],"wp:attachment":[{"href":"https:\/\/www1.kkl.si\/hu\/wp-json\/wp\/v2\/media?parent=22468"}],"curies":[{"name":"wp","href":"https:\/\/api.w.org\/{rel}","templated":true}]}}