{"id":22546,"date":"2025-07-20T17:14:54","date_gmt":"2025-07-20T15:14:54","guid":{"rendered":"https:\/\/www1.kkl.si\/?page_id=22546"},"modified":"2025-07-21T08:30:03","modified_gmt":"2025-07-21T06:30:03","slug":"teatrilo-pozoriste-i-skola-glume-szerbia-svet","status":"publish","type":"page","link":"https:\/\/www1.kkl.si\/hu\/teatrilo-pozoriste-i-skola-glume-szerbia-svet\/","title":{"rendered":"Teatrilo \u2013 Pozori\u0161te i \u0161kola glume (Szerbia): Svet"},"content":{"rendered":"<p>NY\u00c1RI PROGRAM 2025<br \/>\nNY\u00c1RI B\u00c1BKIK\u00d6T\u0150 LENDVA, 2025 \u2013 Nemzetk\u00f6zi B\u00e1bfesztiv\u00e1l<\/p>\n<div class=\"opis\"><i class=\"fas fa-clock\"><\/i> <strong>2025. augusztus 9. (szombat), 18.30<\/strong> | a lendvai Sz\u00ednh\u00e1z-\u00e9s hangversenyterem ny\u00e1ri sz\u00ednpada<img loading=\"lazy\" decoding=\"async\" class=\"wp-image-1588 alignright\" title=\"Ingyenes rendezv\u00e9ny\" src=\"https:\/\/www1.kkl.si\/wp-content\/uploads\/\/2020\/07\/spored_simb_brezplacna-1.svg\" alt=\"brezplacna\" width=\"30\" height=\"30\" srcset=\"https:\/\/www1.kkl.si\/wp-content\/uploads\/\/2020\/07\/spored_simb_brezplacna-1.svg 150w, https:\/\/www1.kkl.si\/wp-content\/uploads\/\/2020\/07\/spored_simb_brezplacna-1.svg 400w, https:\/\/www1.kkl.si\/wp-content\/uploads\/\/2020\/07\/spored_simb_brezplacna-1.svg 1500w, https:\/\/www1.kkl.si\/wp-content\/uploads\/\/2020\/07\/spored_simb_brezplacna-1.svg 100w\" sizes=\"auto, (max-width: 30px) 100vw, 30px\" \/><br \/>\n<i class=\"fas fa-chevron-circle-right\"><\/i><strong> gyerekel\u0151ad\u00e1s <span class=\"starost\">3+<\/span><\/strong> <br \/>\nIngyenes bel\u00e9p\u00e9s.<br \/>\nSzervez\u0151: <a href=\"https:\/\/www.kkl.si\/\">Knji\u017enica \u2013 Kulturni center Lendava \u2013 Lendvai K\u00f6nyvt\u00e1r \u00e9s Kultur\u00e1lis K\u00f6zpont<\/a><br \/>\nT\u00e1rsszervez\u0151: <a href=\"https:\/\/www.facebook.com\/p\/KTD-Novi-Sad-Lendava-100038549532698\/\">Kulturno in turisti\u010dno dru\u0161tvo Novi Sad Lendava \u2013 Kultur\u00e1lis \u00e9s Turisztikai Egyes\u00fclet Novi Sad Lendava<\/a><\/div>\n<p><a href=\"https:\/\/www1.kkl.si\/wp-content\/uploads\/2025\/07\/svet.jpg\" data-lbwps-width=\"1080\" data-lbwps-height=\"1080\" data-lbwps-srcsmall=\"https:\/\/www1.kkl.si\/wp-content\/uploads\/2025\/07\/svet-400x400.jpg\"><img loading=\"lazy\" decoding=\"async\" class=\"alignnone size-large wp-image-22517\" src=\"https:\/\/www1.kkl.si\/wp-content\/uploads\/2025\/07\/svet.jpg\" alt=\"\" width=\"1080\" height=\"1080\" srcset=\"https:\/\/www1.kkl.si\/wp-content\/uploads\/2025\/07\/svet.jpg 1080w, https:\/\/www1.kkl.si\/wp-content\/uploads\/2025\/07\/svet-150x150.jpg 150w, https:\/\/www1.kkl.si\/wp-content\/uploads\/2025\/07\/svet-400x400.jpg 400w\" sizes=\"auto, (max-width: 1080px) 100vw, 1080px\" \/><\/a><\/p>\n<p>A \u201eVil\u00e1g\u201d c\u00edm\u0171 el\u0151ad\u00e1s Branislav Nu\u0161i\u0107 m\u0171ve alapj\u00e1n, a Teatrilo sz\u00edniiskola k\u00f6z\u00e9phalad\u00f3 csoportj\u00e1nak el\u0151ad\u00e1s\u00e1ban. Dr\u00e1mapedag\u00f3gus: Katarina Bradonji\u0107.<\/p>\n<p>Branislav Nusic \u201eA vil\u00e1g\u201d c\u00edm\u0171 v\u00edgj\u00e1t\u00e9ka a 20. sz\u00e1zad elej\u00e9n \u00edr\u00f3dott. A darab k\u00f6z\u00e9ppontj\u00e1ban Toma Milentijevi\u0107 nyugd\u00edjas k\u00f6ztisztvisel\u0151 \u00e9lete, csal\u00e1dja, valamint bar\u00e1ti \u00e9s ismer\u0151si kapcsolataik \u00e1llnak, mik\u00f6zben alkalmazkodnak az \u0151ket k\u00f6r\u00fclvev\u0151 t\u00e1rsadalmi elv\u00e1r\u00e1sokhoz. A k\u00f6z\u00e9ppontban azok a humoros abszurdit\u00e1sok \u00e1llnak, amelyekkel Toma \u00e9s csal\u00e1dja szembes\u00fcl, mik\u00f6zben a h\u00e9tk\u00f6znapi, rutinszer\u0171 \u00e9let\u00fckkel k\u00fczdenek, \u00e9s szembes\u00fclnek a t\u00e1rsadalmi norm\u00e1kkal, k\u00fcl\u00f6n\u00f6sen l\u00e1nyuk, Nada h\u00e1zass\u00e1g\u00e1nak lehet\u0151s\u00e9g\u00e9vel kapcsolatban.\u00a0A tartalom a gyermekek sz\u00e1m\u00e1ra lett \u00e1tdolgozva.<\/p>\n<p>Id\u0151tartam: 40 min<\/p>\n<hr \/>\n<p>Minden rendezv\u00e9ny ingyenes.<br \/>\nA m\u0171sorv\u00e1ltoz\u00e1s jog\u00e1t fenntartjuk.<\/p>\n<p><a href=\"https:\/\/www1.kkl.si\/wp-content\/uploads\/2025\/07\/plakat_B1_GKD_poletni_program_2025.jpg\" data-lbwps-width=\"2100\" data-lbwps-height=\"3000\" data-lbwps-srcsmall=\"https:\/\/www1.kkl.si\/wp-content\/uploads\/2025\/07\/plakat_B1_GKD_poletni_program_2025.jpg\"><img loading=\"lazy\" decoding=\"async\" class=\"slika alignnone wp-image-22510 size-large\" src=\"https:\/\/www1.kkl.si\/wp-content\/uploads\/2025\/07\/plakat_B1_GKD_poletni_program_2025-scaled.jpg\" alt=\"\" width=\"1050\" height=\"1500\" srcset=\"https:\/\/www1.kkl.si\/wp-content\/uploads\/2025\/07\/plakat_B1_GKD_poletni_program_2025-scaled.jpg 1792w, https:\/\/www1.kkl.si\/wp-content\/uploads\/2025\/07\/plakat_B1_GKD_poletni_program_2025-scaled-280x400.jpg 280w, https:\/\/www1.kkl.si\/wp-content\/uploads\/2025\/07\/plakat_B1_GKD_poletni_program_2025-scaled-1050x1500.jpg 1050w\" sizes=\"auto, (max-width: 1050px) 100vw, 1050px\" \/><\/a><\/p>\n","protected":false},"excerpt":{"rendered":"<p>NY\u00c1RI PROGRAM 2025 NY\u00c1RI B\u00c1BKIK\u00d6T\u0150 LENDVA, 2025 \u2013 Nemzetk\u00f6zi B\u00e1bfesztiv\u00e1l 2025. augusztus 9. (szombat), 18.30 | a lendvai Sz\u00ednh\u00e1z-\u00e9s hangversenyterem ny\u00e1ri sz\u00ednpada gyerekel\u0151ad\u00e1s 3+ Ingyenes bel\u00e9p\u00e9s. Szervez\u0151: Knji\u017enica \u2013 Kulturni center Lendava \u2013 Lendvai K\u00f6nyvt\u00e1r \u00e9s Kultur\u00e1lis K\u00f6zpont T\u00e1rsszervez\u0151: Kulturno in turisti\u010dno dru\u0161tvo Novi Sad Lendava \u2013 Kultur\u00e1lis \u00e9s Turisztikai Egyes\u00fclet Novi Sad Lendava A [&hellip;]<\/p>\n","protected":false},"author":2,"featured_media":0,"parent":0,"menu_order":0,"comment_status":"closed","ping_status":"closed","template":"","meta":{"footnotes":""},"class_list":["post-22546","page","type-page","status-publish","hentry","post"],"_links":{"self":[{"href":"https:\/\/www1.kkl.si\/hu\/wp-json\/wp\/v2\/pages\/22546","targetHints":{"allow":["GET"]}}],"collection":[{"href":"https:\/\/www1.kkl.si\/hu\/wp-json\/wp\/v2\/pages"}],"about":[{"href":"https:\/\/www1.kkl.si\/hu\/wp-json\/wp\/v2\/types\/page"}],"author":[{"embeddable":true,"href":"https:\/\/www1.kkl.si\/hu\/wp-json\/wp\/v2\/users\/2"}],"replies":[{"embeddable":true,"href":"https:\/\/www1.kkl.si\/hu\/wp-json\/wp\/v2\/comments?post=22546"}],"version-history":[{"count":2,"href":"https:\/\/www1.kkl.si\/hu\/wp-json\/wp\/v2\/pages\/22546\/revisions"}],"predecessor-version":[{"id":22549,"href":"https:\/\/www1.kkl.si\/hu\/wp-json\/wp\/v2\/pages\/22546\/revisions\/22549"}],"wp:attachment":[{"href":"https:\/\/www1.kkl.si\/hu\/wp-json\/wp\/v2\/media?parent=22546"}],"curies":[{"name":"wp","href":"https:\/\/api.w.org\/{rel}","templated":true}]}}