{"id":22561,"date":"2025-07-21T08:38:41","date_gmt":"2025-07-21T06:38:41","guid":{"rendered":"https:\/\/www1.kkl.si\/?page_id=22561"},"modified":"2025-08-02T11:48:15","modified_gmt":"2025-08-02T09:48:15","slug":"pupilla-babszinhaz-szlovenia-pu","status":"publish","type":"page","link":"https:\/\/www1.kkl.si\/hu\/pupilla-babszinhaz-szlovenia-pu\/","title":{"rendered":"Pupilla B\u00e1bsz\u00ednh\u00e1z (Szlov\u00e9nia): Pu"},"content":{"rendered":"<p>NY\u00c1RI PROGRAM 2025<br \/>\nNY\u00c1RI B\u00c1BKIK\u00d6T\u0150 LENDVA, 2025 \u2013 Nemzetk\u00f6zi B\u00e1bfesztiv\u00e1l<\/p>\n<div class=\"opis\"><i class=\"fas fa-clock\"><\/i> <strong>2025. augusztus 10. (vas\u00e1rnap), 18.30<\/strong> | a lendvai Sz\u00ednh\u00e1z-\u00e9s hangversenyterem ny\u00e1ri sz\u00ednpada<img loading=\"lazy\" decoding=\"async\" class=\"wp-image-1588 alignright\" title=\"Ingyenes rendezv\u00e9ny\" src=\"https:\/\/www1.kkl.si\/wp-content\/uploads\/\/2020\/07\/spored_simb_brezplacna-1.svg\" alt=\"brezplacna\" width=\"30\" height=\"30\" srcset=\"https:\/\/www1.kkl.si\/wp-content\/uploads\/\/2020\/07\/spored_simb_brezplacna-1.svg 150w, https:\/\/www1.kkl.si\/wp-content\/uploads\/\/2020\/07\/spored_simb_brezplacna-1.svg 400w, https:\/\/www1.kkl.si\/wp-content\/uploads\/\/2020\/07\/spored_simb_brezplacna-1.svg 1500w, https:\/\/www1.kkl.si\/wp-content\/uploads\/\/2020\/07\/spored_simb_brezplacna-1.svg 100w\" sizes=\"auto, (max-width: 30px) 100vw, 30px\" \/><br \/>\n<i class=\"fas fa-chevron-circle-right\"><\/i><strong> b\u00e1bel\u0151ad\u00e1s <span class=\"starost\">3+<\/span><\/strong> <br \/>\nIngyenes bel\u00e9p\u00e9s.<br \/>\nSzervez\u0151: <a href=\"https:\/\/www.kkl.si\/\">Knji\u017enica \u2013 Kulturni center Lendava \u2013 Lendvai K\u00f6nyvt\u00e1r \u00e9s Kultur\u00e1lis K\u00f6zpont<\/a><\/div>\n<p><a href=\"https:\/\/www1.kkl.si\/wp-content\/uploads\/2025\/07\/pupilla_pu.jpg\" data-lbwps-width=\"2363\" data-lbwps-height=\"1772\" data-lbwps-srcsmall=\"https:\/\/www1.kkl.si\/wp-content\/uploads\/2025\/07\/pupilla_pu-400x300.jpg\"><img loading=\"lazy\" decoding=\"async\" class=\"alignnone size-large wp-image-22556\" src=\"https:\/\/www1.kkl.si\/wp-content\/uploads\/2025\/07\/pupilla_pu-1500x1125.jpg\" alt=\"\" width=\"1500\" height=\"1125\" srcset=\"https:\/\/www1.kkl.si\/wp-content\/uploads\/2025\/07\/pupilla_pu-1500x1125.jpg 1500w, https:\/\/www1.kkl.si\/wp-content\/uploads\/2025\/07\/pupilla_pu-400x300.jpg 400w\" sizes=\"auto, (max-width: 1500px) 100vw, 1500px\" \/><\/a><\/p>\n<p>Micimack\u00f3 egy kedves kis mack\u00f3r\u00f3l sz\u00f3l\u00f3 el\u0151ad\u00e1s, aki a vil\u00e1gon a legjobban szereti a m\u00e9zet. No \u00e9s persze a bar\u00e1tait: Malack\u00e1t, Nyuszit \u00e9s F\u00fcles csacsit. Egy\u00fctt oldanak meg rejt\u00e9lyeket, mint p\u00e9ld\u00e1ul: hogyan lehet r\u00e1szedni egy m\u00e9hrajot, hogyan lehet csapd\u00e1ba csalni egy elef\u00e1ntot, hogyan lehet j\u00f3llakatni az \u00f6r\u00f6kk\u00e9 \u00e9hes macit, \u00e9s milyen aj\u00e1nd\u00e9k der\u00edtheti jobb kedvre a szomor\u00fa szam\u00e1rk\u00e1t.<\/p>\n<p>Rendez\u0151: Bartal Kiss Rita\u00a0<br \/>\nZene: Viki Rab<br \/>\nL\u00e1tv\u00e1nyterv: \u0160inko Sabina<br \/>\nSzerepl\u0151k: Petra Kava\u0161 \u00e9s Vitomir Vratari\u010d<br \/>\nB\u00e1b-technol\u00f3gus: Milan Gal<\/p>\n<p>Id\u0151tartam: 40 perc<\/p>\n<p><iframe loading=\"lazy\" title=\"PU\" width=\"720\" height=\"405\" src=\"https:\/\/www.youtube.com\/embed\/neffyXyvUYk?feature=oembed\" frameborder=\"0\" allow=\"accelerometer; autoplay; clipboard-write; encrypted-media; gyroscope; picture-in-picture; web-share\" referrerpolicy=\"strict-origin-when-cross-origin\" allowfullscreen><\/iframe><\/p>\n<hr \/>\n<p>Minden rendezv\u00e9ny ingyenes.<br \/>\nA m\u0171sorv\u00e1ltoz\u00e1s jog\u00e1t fenntartjuk.<\/p>\n<p><a href=\"https:\/\/www1.kkl.si\/wp-content\/uploads\/2025\/07\/plakat_B1_GKD_poletni_program_2025.jpg\" data-lbwps-width=\"2100\" data-lbwps-height=\"3000\" data-lbwps-srcsmall=\"https:\/\/www1.kkl.si\/wp-content\/uploads\/2025\/07\/plakat_B1_GKD_poletni_program_2025.jpg\"><img loading=\"lazy\" decoding=\"async\" class=\"slika alignnone wp-image-22510 size-large\" src=\"https:\/\/www1.kkl.si\/wp-content\/uploads\/2025\/07\/plakat_B1_GKD_poletni_program_2025-scaled-1050x1500.jpg\" alt=\"\" width=\"1050\" height=\"1500\" srcset=\"https:\/\/www1.kkl.si\/wp-content\/uploads\/2025\/07\/plakat_B1_GKD_poletni_program_2025-scaled-1050x1500.jpg 1050w, https:\/\/www1.kkl.si\/wp-content\/uploads\/2025\/07\/plakat_B1_GKD_poletni_program_2025-scaled-280x400.jpg 280w, https:\/\/www1.kkl.si\/wp-content\/uploads\/2025\/07\/plakat_B1_GKD_poletni_program_2025-scaled.jpg 1792w\" sizes=\"auto, (max-width: 1050px) 100vw, 1050px\" \/><\/a><\/p>\n","protected":false},"excerpt":{"rendered":"<p>NY\u00c1RI PROGRAM 2025 NY\u00c1RI B\u00c1BKIK\u00d6T\u0150 LENDVA, 2025 \u2013 Nemzetk\u00f6zi B\u00e1bfesztiv\u00e1l 2025. augusztus 10. (vas\u00e1rnap), 18.30 | a lendvai Sz\u00ednh\u00e1z-\u00e9s hangversenyterem ny\u00e1ri sz\u00ednpada b\u00e1bel\u0151ad\u00e1s 3+ Ingyenes bel\u00e9p\u00e9s. Szervez\u0151: Knji\u017enica \u2013 Kulturni center Lendava \u2013 Lendvai K\u00f6nyvt\u00e1r \u00e9s Kultur\u00e1lis K\u00f6zpont Micimack\u00f3 egy kedves kis mack\u00f3r\u00f3l sz\u00f3l\u00f3 el\u0151ad\u00e1s, aki a vil\u00e1gon a legjobban szereti a m\u00e9zet. No \u00e9s [&hellip;]<\/p>\n","protected":false},"author":2,"featured_media":22512,"parent":0,"menu_order":0,"comment_status":"closed","ping_status":"closed","template":"","meta":{"footnotes":""},"class_list":["post-22561","page","type-page","status-publish","has-post-thumbnail","hentry","post","post-with-thumbnail","post-with-thumbnail-icon"],"_links":{"self":[{"href":"https:\/\/www1.kkl.si\/hu\/wp-json\/wp\/v2\/pages\/22561","targetHints":{"allow":["GET"]}}],"collection":[{"href":"https:\/\/www1.kkl.si\/hu\/wp-json\/wp\/v2\/pages"}],"about":[{"href":"https:\/\/www1.kkl.si\/hu\/wp-json\/wp\/v2\/types\/page"}],"author":[{"embeddable":true,"href":"https:\/\/www1.kkl.si\/hu\/wp-json\/wp\/v2\/users\/2"}],"replies":[{"embeddable":true,"href":"https:\/\/www1.kkl.si\/hu\/wp-json\/wp\/v2\/comments?post=22561"}],"version-history":[{"count":4,"href":"https:\/\/www1.kkl.si\/hu\/wp-json\/wp\/v2\/pages\/22561\/revisions"}],"predecessor-version":[{"id":22781,"href":"https:\/\/www1.kkl.si\/hu\/wp-json\/wp\/v2\/pages\/22561\/revisions\/22781"}],"wp:featuredmedia":[{"embeddable":true,"href":"https:\/\/www1.kkl.si\/hu\/wp-json\/wp\/v2\/media\/22512"}],"wp:attachment":[{"href":"https:\/\/www1.kkl.si\/hu\/wp-json\/wp\/v2\/media?parent=22561"}],"curies":[{"name":"wp","href":"https:\/\/api.w.org\/{rel}","templated":true}]}}