{"id":22761,"date":"2025-08-01T11:16:22","date_gmt":"2025-08-01T09:16:22","guid":{"rendered":"https:\/\/www1.kkl.si\/?page_id=22761"},"modified":"2025-08-04T09:53:59","modified_gmt":"2025-08-04T07:53:59","slug":"aranyszamar-szinhaz-szasz-ilona-magyarorszag-az-allatok-nyelven-tudo-juhasz","status":"publish","type":"page","link":"https:\/\/www1.kkl.si\/hu\/aranyszamar-szinhaz-szasz-ilona-magyarorszag-az-allatok-nyelven-tudo-juhasz\/","title":{"rendered":"Aranyszam\u00e1r Sz\u00ednh\u00e1z, Sz\u00e1sz Ilona (Magyarorsz\u00e1g): Az \u00e1llatok nyelv\u00e9n tud\u00f3 juh\u00e1sz"},"content":{"rendered":"<p>NY\u00c1RI PROGRAM 2025<br \/>\nNY\u00c1RI B\u00c1BKIK\u00d6T\u0150 LENDVA, 2025 \u2013 Nemzetk\u00f6zi B\u00e1bfesztiv\u00e1l<\/p>\n<div class=\"opis\"><i class=\"fas fa-clock\"><\/i>\u00a0<strong>2025. augusztus 14. (cs\u00fct\u00f6rt\u00f6k), 18.30<\/strong> | a lendvai Sz\u00ednh\u00e1z-\u00e9s hangversenyterem ny\u00e1ri sz\u00ednpada<img loading=\"lazy\" decoding=\"async\" class=\"wp-image-1588 alignright\" title=\"Ingyenes rendezv\u00e9ny\" src=\"https:\/\/www1.kkl.si\/wp-content\/uploads\/\/2020\/07\/spored_simb_brezplacna-1.svg\" alt=\"brezplacna\" width=\"30\" height=\"30\" srcset=\"https:\/\/www1.kkl.si\/wp-content\/uploads\/\/2020\/07\/spored_simb_brezplacna-1.svg 150w, https:\/\/www1.kkl.si\/wp-content\/uploads\/\/2020\/07\/spored_simb_brezplacna-1.svg 400w, https:\/\/www1.kkl.si\/wp-content\/uploads\/\/2020\/07\/spored_simb_brezplacna-1.svg 1500w, https:\/\/www1.kkl.si\/wp-content\/uploads\/\/2020\/07\/spored_simb_brezplacna-1.svg 100w\" sizes=\"auto, (max-width: 30px) 100vw, 30px\" \/><br \/>\n<i class=\"fas fa-chevron-circle-right\"><\/i><strong>\u00a0\u00a0magyar nyelv\u0171 b\u00e1bel\u0151ad\u00e1s <span class=\"starost\">4+<\/span><\/strong><br \/>\nIngyenes bel\u00e9p\u00e9s.<br \/>\nSzervez\u0151: <a href=\"https:\/\/www.kkl.si\/\">Knji\u017enica \u2013 Kulturni center Lendava \u2013 Lendvai K\u00f6nyvt\u00e1r \u00e9s Kultur\u00e1lis K\u00f6zpont<\/a><\/div>\n<p><a href=\"https:\/\/www1.kkl.si\/wp-content\/uploads\/2025\/08\/allatok_nyelven.jpg\" data-lbwps-width=\"2363\" data-lbwps-height=\"1573\" data-lbwps-srcsmall=\"https:\/\/www1.kkl.si\/wp-content\/uploads\/2025\/08\/allatok_nyelven-400x266.jpg\"><img loading=\"lazy\" decoding=\"async\" class=\"alignnone size-large wp-image-22726\" src=\"https:\/\/www1.kkl.si\/wp-content\/uploads\/2025\/08\/allatok_nyelven-1500x999.jpg\" alt=\"\" width=\"1500\" height=\"999\" srcset=\"https:\/\/www1.kkl.si\/wp-content\/uploads\/2025\/08\/allatok_nyelven-1500x999.jpg 1500w, https:\/\/www1.kkl.si\/wp-content\/uploads\/2025\/08\/allatok_nyelven-400x266.jpg 400w\" sizes=\"auto, (max-width: 1500px) 100vw, 1500px\" \/><\/a><\/p>\n<p><span style=\"font-size: 18pt;\"><strong>Az \u00e1llatok nyelv\u00e9n tud\u00f3 juh\u00e1sz<\/strong><\/span><\/p>\n<p><strong>Rendezte:<\/strong> Sram\u00f3 G\u00e1bor\u00a0<br \/>\n<strong>Szerepl\u0151k: <\/strong>Baranyai Anita \u00e9s \u00c9rsek-Csan\u00e1di Gy\u00f6ngy<\/p>\n<p>A j\u00e1t\u00e9k a j\u00f3l ismert n\u00e9pmesei elemeket s\u0171r\u00edti, v\u00e1s\u00e1ri k\u00f6nt\u00f6sben, helyzetkomikumokkal f\u0171szerezve.<br \/>\nA m\u0171 nagy k\u00e9rd\u00e9sei:<br \/>\nMi lenne ha \u00e9rten\u00e9nk az \u00e1llatok nyelv\u00e9t?<br \/>\nMilyen bajt okozhat a t\u00falzott k\u00edv\u00e1ncsis\u00e1g?<\/p>\n<p>Err\u0151l sz\u00f3l az Aranyszam\u00e1r Sz\u00ednh\u00e1z t\u00e1rgyanim\u00e1ci\u00f3ra \u00e9s fant\u00e1ziaj\u00e1t\u00e9kra \u00e9p\u00fcl\u0151 \u00faj el\u0151ad\u00e1sa.<\/p>\n<p>Id\u0151tartam: 45 perc<\/p>\n<hr \/>\n\n\t\t<style type=\"text\/css\">\n\t\t\t#gallery-1 {\n\t\t\t\tmargin: auto;\n\t\t\t}\n\t\t\t#gallery-1 .gallery-item {\n\t\t\t\tfloat: left;\n\t\t\t\tmargin-top: 10px;\n\t\t\t\ttext-align: center;\n\t\t\t\twidth: 16%;\n\t\t\t}\n\t\t\t#gallery-1 img {\n\t\t\t\tborder: 2px solid #cfcfcf;\n\t\t\t}\n\t\t\t#gallery-1 .gallery-caption {\n\t\t\t\tmargin-left: 0;\n\t\t\t}\n\t\t\t\/* see gallery_shortcode() in wp-includes\/media.php *\/\n\t\t<\/style>\n\t\t<div id='gallery-1' class='gallery galleryid-22761 gallery-columns-6 gallery-size-thumbnail'><dl class='gallery-item'>\n\t\t\t<dt class='gallery-icon landscape'>\n\t\t\t\t<a href='https:\/\/www1.kkl.si\/wp-content\/uploads\/2025\/08\/allatok_nyelven01.jpg'><img loading=\"lazy\" decoding=\"async\" width=\"150\" height=\"150\" src=\"https:\/\/www1.kkl.si\/wp-content\/uploads\/2025\/08\/allatok_nyelven01-150x150.jpg\" class=\"attachment-thumbnail size-thumbnail\" alt=\"\" \/><\/a>\n\t\t\t<\/dt><\/dl><dl class='gallery-item'>\n\t\t\t<dt class='gallery-icon landscape'>\n\t\t\t\t<a href='https:\/\/www1.kkl.si\/wp-content\/uploads\/2025\/08\/allatok_nyelven02.jpg'><img loading=\"lazy\" decoding=\"async\" width=\"150\" height=\"150\" src=\"https:\/\/www1.kkl.si\/wp-content\/uploads\/2025\/08\/allatok_nyelven02-150x150.jpg\" class=\"attachment-thumbnail size-thumbnail\" alt=\"\" \/><\/a>\n\t\t\t<\/dt><\/dl><dl class='gallery-item'>\n\t\t\t<dt class='gallery-icon landscape'>\n\t\t\t\t<a href='https:\/\/www1.kkl.si\/wp-content\/uploads\/2025\/08\/allatok_nyelven03.jpg'><img loading=\"lazy\" decoding=\"async\" width=\"150\" height=\"150\" src=\"https:\/\/www1.kkl.si\/wp-content\/uploads\/2025\/08\/allatok_nyelven03-150x150.jpg\" class=\"attachment-thumbnail size-thumbnail\" alt=\"\" \/><\/a>\n\t\t\t<\/dt><\/dl><dl class='gallery-item'>\n\t\t\t<dt class='gallery-icon portrait'>\n\t\t\t\t<a href='https:\/\/www1.kkl.si\/wp-content\/uploads\/2025\/08\/allatok_nyelven04.jpg'><img loading=\"lazy\" decoding=\"async\" width=\"150\" height=\"150\" src=\"https:\/\/www1.kkl.si\/wp-content\/uploads\/2025\/08\/allatok_nyelven04-150x150.jpg\" class=\"attachment-thumbnail size-thumbnail\" alt=\"\" \/><\/a>\n\t\t\t<\/dt><\/dl><dl class='gallery-item'>\n\t\t\t<dt class='gallery-icon landscape'>\n\t\t\t\t<a href='https:\/\/www1.kkl.si\/wp-content\/uploads\/2025\/08\/allatok_nyelven05.jpg'><img loading=\"lazy\" decoding=\"async\" width=\"150\" height=\"150\" src=\"https:\/\/www1.kkl.si\/wp-content\/uploads\/2025\/08\/allatok_nyelven05-150x150.jpg\" class=\"attachment-thumbnail size-thumbnail\" alt=\"\" \/><\/a>\n\t\t\t<\/dt><\/dl><dl class='gallery-item'>\n\t\t\t<dt class='gallery-icon landscape'>\n\t\t\t\t<a href='https:\/\/www1.kkl.si\/wp-content\/uploads\/2025\/08\/allatok_nyelven06.jpg'><img loading=\"lazy\" decoding=\"async\" width=\"150\" height=\"150\" src=\"https:\/\/www1.kkl.si\/wp-content\/uploads\/2025\/08\/allatok_nyelven06-150x150.jpg\" class=\"attachment-thumbnail size-thumbnail\" alt=\"\" \/><\/a>\n\t\t\t<\/dt><\/dl><br style=\"clear: both\" \/><dl class='gallery-item'>\n\t\t\t<dt class='gallery-icon landscape'>\n\t\t\t\t<a href='https:\/\/www1.kkl.si\/wp-content\/uploads\/2025\/08\/allatok_nyelven07.jpg'><img loading=\"lazy\" decoding=\"async\" width=\"150\" height=\"150\" src=\"https:\/\/www1.kkl.si\/wp-content\/uploads\/2025\/08\/allatok_nyelven07-150x150.jpg\" class=\"attachment-thumbnail size-thumbnail\" alt=\"\" \/><\/a>\n\t\t\t<\/dt><\/dl><dl class='gallery-item'>\n\t\t\t<dt class='gallery-icon landscape'>\n\t\t\t\t<a href='https:\/\/www1.kkl.si\/wp-content\/uploads\/2025\/08\/allatok_nyelven08.jpg'><img loading=\"lazy\" decoding=\"async\" width=\"150\" height=\"150\" src=\"https:\/\/www1.kkl.si\/wp-content\/uploads\/2025\/08\/allatok_nyelven08-150x150.jpg\" class=\"attachment-thumbnail size-thumbnail\" alt=\"\" \/><\/a>\n\t\t\t<\/dt><\/dl>\n\t\t\t<br style='clear: both' \/>\n\t\t<\/div>\n\n<p><i class=\"fas fa-link\"><\/i> <a href=\"https:\/\/aranyszamar.hu\/szasz-ilona-az-allatok-nyelven-tudo-juhasz\/\">https:\/\/aranyszamar.hu\/szasz-ilona-az-allatok-nyelven-tudo-juhasz\/<\/a><\/p>\n<p><iframe loading=\"lazy\" title=\"Aranyszam\u00e1r Sz\u00ednh\u00e1z: Az \u00e1llatok nyelv\u00e9n tud\u00f3 juh\u00e1sz\" width=\"720\" height=\"405\" src=\"https:\/\/www.youtube.com\/embed\/-fRW14u-nRI?feature=oembed\" frameborder=\"0\" allow=\"accelerometer; autoplay; clipboard-write; encrypted-media; gyroscope; picture-in-picture; web-share\" referrerpolicy=\"strict-origin-when-cross-origin\" allowfullscreen><\/iframe><\/p>\n<hr \/>\n<p>Minden rendezv\u00e9ny ingyenes.<br \/>\nA m\u0171sorv\u00e1ltoz\u00e1s jog\u00e1t fenntartjuk.<\/p>\n<p><a href=\"https:\/\/www1.kkl.si\/wp-content\/uploads\/2025\/07\/plakat_B1_GKD_poletni_program_2025.jpg\" data-lbwps-width=\"2100\" data-lbwps-height=\"3000\" data-lbwps-srcsmall=\"https:\/\/www1.kkl.si\/wp-content\/uploads\/2025\/07\/plakat_B1_GKD_poletni_program_2025.jpg\"><img loading=\"lazy\" decoding=\"async\" class=\"slika alignnone wp-image-22510 size-large\" src=\"https:\/\/www1.kkl.si\/wp-content\/uploads\/2025\/07\/plakat_B1_GKD_poletni_program_2025-scaled-1050x1500.jpg\" alt=\"\" width=\"1050\" height=\"1500\" srcset=\"https:\/\/www1.kkl.si\/wp-content\/uploads\/2025\/07\/plakat_B1_GKD_poletni_program_2025-scaled-1050x1500.jpg 1050w, https:\/\/www1.kkl.si\/wp-content\/uploads\/2025\/07\/plakat_B1_GKD_poletni_program_2025-scaled-280x400.jpg 280w, https:\/\/www1.kkl.si\/wp-content\/uploads\/2025\/07\/plakat_B1_GKD_poletni_program_2025-scaled.jpg 1792w\" sizes=\"auto, (max-width: 1050px) 100vw, 1050px\" \/><\/a><\/p>\n","protected":false},"excerpt":{"rendered":"<p>NY\u00c1RI PROGRAM 2025 NY\u00c1RI B\u00c1BKIK\u00d6T\u0150 LENDVA, 2025 \u2013 Nemzetk\u00f6zi B\u00e1bfesztiv\u00e1l \u00a02025. augusztus 14. (cs\u00fct\u00f6rt\u00f6k), 18.30 | a lendvai Sz\u00ednh\u00e1z-\u00e9s hangversenyterem ny\u00e1ri sz\u00ednpada \u00a0\u00a0magyar nyelv\u0171 b\u00e1bel\u0151ad\u00e1s 4+ Ingyenes bel\u00e9p\u00e9s. Szervez\u0151: Knji\u017enica \u2013 Kulturni center Lendava \u2013 Lendvai K\u00f6nyvt\u00e1r \u00e9s Kultur\u00e1lis K\u00f6zpont Az \u00e1llatok nyelv\u00e9n tud\u00f3 juh\u00e1sz Rendezte: Sram\u00f3 G\u00e1bor\u00a0 Szerepl\u0151k: Baranyai Anita \u00e9s \u00c9rsek-Csan\u00e1di Gy\u00f6ngy A [&hellip;]<\/p>\n","protected":false},"author":2,"featured_media":22512,"parent":0,"menu_order":0,"comment_status":"closed","ping_status":"closed","template":"","meta":{"footnotes":""},"class_list":["post-22761","page","type-page","status-publish","has-post-thumbnail","hentry","post","post-with-thumbnail","post-with-thumbnail-icon"],"_links":{"self":[{"href":"https:\/\/www1.kkl.si\/hu\/wp-json\/wp\/v2\/pages\/22761","targetHints":{"allow":["GET"]}}],"collection":[{"href":"https:\/\/www1.kkl.si\/hu\/wp-json\/wp\/v2\/pages"}],"about":[{"href":"https:\/\/www1.kkl.si\/hu\/wp-json\/wp\/v2\/types\/page"}],"author":[{"embeddable":true,"href":"https:\/\/www1.kkl.si\/hu\/wp-json\/wp\/v2\/users\/2"}],"replies":[{"embeddable":true,"href":"https:\/\/www1.kkl.si\/hu\/wp-json\/wp\/v2\/comments?post=22761"}],"version-history":[{"count":3,"href":"https:\/\/www1.kkl.si\/hu\/wp-json\/wp\/v2\/pages\/22761\/revisions"}],"predecessor-version":[{"id":22803,"href":"https:\/\/www1.kkl.si\/hu\/wp-json\/wp\/v2\/pages\/22761\/revisions\/22803"}],"wp:featuredmedia":[{"embeddable":true,"href":"https:\/\/www1.kkl.si\/hu\/wp-json\/wp\/v2\/media\/22512"}],"wp:attachment":[{"href":"https:\/\/www1.kkl.si\/hu\/wp-json\/wp\/v2\/media?parent=22761"}],"curies":[{"name":"wp","href":"https:\/\/api.w.org\/{rel}","templated":true}]}}