{"id":22832,"date":"2025-08-04T10:03:52","date_gmt":"2025-08-04T08:03:52","guid":{"rendered":"https:\/\/www1.kkl.si\/?page_id=22832"},"modified":"2025-08-11T16:58:07","modified_gmt":"2025-08-11T14:58:07","slug":"koncert-nika-zorjan","status":"publish","type":"page","link":"https:\/\/www1.kkl.si\/hu\/koncert-nika-zorjan\/","title":{"rendered":"KONCERT: Nika Zorjan"},"content":{"rendered":"<p>Vin\u00e1rium Fesztiv\u00e1l 2025 \u2013 a Bogr\u00e1csfeszt el\u0151estje<br \/>\nNY\u00c1RI PROGRAM 2025<\/p>\n<div class=\"opis\"><i class=\"fas fa-clock\"><\/i> <strong>2025. augusztus 22. (p\u00e9ntek), 19.00<\/strong> | a lendvai Sz\u00ednh\u00e1z-\u00e9s hangversenyterem ny\u00e1ri sz\u00ednpada<img loading=\"lazy\" decoding=\"async\" class=\"wp-image-1588 alignright\" title=\"Ingyenes rendezv\u00e9ny\" src=\"https:\/\/www1.kkl.si\/wp-content\/uploads\/\/2020\/07\/spored_simb_brezplacna-1.svg\" alt=\"brezplacna\" width=\"30\" height=\"30\" srcset=\"https:\/\/www1.kkl.si\/wp-content\/uploads\/\/2020\/07\/spored_simb_brezplacna-1.svg 150w, https:\/\/www1.kkl.si\/wp-content\/uploads\/\/2020\/07\/spored_simb_brezplacna-1.svg 400w, https:\/\/www1.kkl.si\/wp-content\/uploads\/\/2020\/07\/spored_simb_brezplacna-1.svg 1500w, https:\/\/www1.kkl.si\/wp-content\/uploads\/\/2020\/07\/spored_simb_brezplacna-1.svg 100w\" sizes=\"auto, (max-width: 30px) 100vw, 30px\" \/><br \/>\n<i class=\"fas fa-chevron-circle-right\"><\/i>\u00a0 <strong>koncert<\/strong><br \/>\nIngyenes bel\u00e9p\u00e9s.<br \/>\nSzervez\u0151: <a href=\"https:\/\/www.kkl.si\/\">Knji\u017enica \u2013 Kulturni center Lendava \u2013 Lendvai K\u00f6nyvt\u00e1r \u00e9s Kultur\u00e1lis K\u00f6zpont<\/a><\/div>\n<p><strong><a href=\"https:\/\/www1.kkl.si\/wp-content\/uploads\/2025\/08\/nika_zorjan.jpg\" data-lbwps-width=\"1440\" data-lbwps-height=\"1800\" data-lbwps-srcsmall=\"https:\/\/www1.kkl.si\/wp-content\/uploads\/2025\/08\/nika_zorjan-320x400.jpg\"><img loading=\"lazy\" decoding=\"async\" class=\"alignright wp-image-22821\" src=\"https:\/\/www1.kkl.si\/wp-content\/uploads\/2025\/08\/nika_zorjan-1200x1500.jpg\" alt=\"\" width=\"600\" height=\"750\" srcset=\"https:\/\/www1.kkl.si\/wp-content\/uploads\/2025\/08\/nika_zorjan-1200x1500.jpg 1200w, https:\/\/www1.kkl.si\/wp-content\/uploads\/2025\/08\/nika_zorjan-320x400.jpg 320w, https:\/\/www1.kkl.si\/wp-content\/uploads\/2025\/08\/nika_zorjan.jpg 1440w\" sizes=\"auto, (max-width: 600px) 100vw, 600px\" \/><\/a><\/strong>Nika Zorjan szlov\u00e9n pop\u00e9nekesn\u0151, zen\u00e9t szeret\u0151 csal\u00e1dban n\u0151tt fel. Sz\u00e1mos szlov\u00e9n telev\u00edzi\u00f3s m\u0171sorban (Slovenija ima talent, Misija Evrovizija, EMA \u00e9s Znan obraz ima svoj glas) \u00e9s zenei fesztiv\u00e1lon (Melodije morja in sonca) szerepelt.<\/p>\n<p>&nbsp;<\/p>\n<p><em>Szlov\u00e9n le\u00edr\u00e1s:<\/em><\/p>\n<p><strong>Nika Zorjan<\/strong> je slovenska pevka zabavne glasbe. Rodila se je 03. 12. 1992 v Murski Soboti. Odra\u0161\u010dala je v glasbeni dru\u017eini \u2013 njen o\u010de, Janez Zorjan, je bil \u010dlan skupine Nova Legija, s katero je Nika pri dveh letih in pol prvi\u010d nastopila na odru, zdaj pa je o\u010de basist v Nikinem spremljevalnem bendu.<\/p>\n<p>\u0160ir\u0161i javnosti se je prvi\u010d predstavila leta 2010, kjer je nastopila v prvi sezoni oddaje Slovenija ima talent. Leto pozneje se je udele\u017eila \u0161e enega \u0161ova za iskanje talentov \u2013 Misije Evrovizije, izbora za slovenskega predstavnika na Pesmi Evrovizije 2012 v Bakuju. Tokrat ji je uspelo priti vse do finala, v katerem pa je bila izlo\u010dena in tako za las zgre\u0161ila nastop na Emi 2012.<\/p>\n<p>Po koncu Misije Evrovizije jo je pod svoje okrilje vzel avtor in glasbeni producent Raay s katerim sodeluje \u0161e danes. \u017de prva pesem \u00bb\u010cas za nas\u00ab, ki jo je izdala leta 2012, je postala velika uspe\u0161nica, saj je bila v letu 2012 druga slovenska najve\u010dkrat predvajana pesem.<\/p>\n<p>Nika je sodelovala na mnogih festivalih, prvi\u010d se je predstavila leta 2013 na festivalu Melodije morja in sonca s pesmijo Nasmeh \u017eivljenja in zmagala v telefonskem glasovanju. Pesem je bila tudi ena najbolj predvajanih skladb v letih 2013 in 2014 na slovenskih radiih. Naslednje leto se je kot spremljevalna vokalistka Tinkare Kova\u010d udele\u017eila Izbora za pesem Evrovizije na Danskem. Leta 2015 je Nika vnovi\u010d nastopila na Evroviziji kot spremljevalna vokalistka, tokrat za dvojec Maraaya, ki sta zastopala Slovenijo na Dunaju.<\/p>\n<p>Leta 2017 je s pesmijo \u00bbFSE\u00ab, ki je v prekmurskem nare\u010dju, sodelovala na festivalu EMA 2017. V prvem predizboru se je uvrstila v finalno oddajo Eme 2017, kjer je zasedla 5. mesto. Leta 2018 je znova nastopila na festivalu EMA 2018, in sicer s pesmijo \u00bbUSPAVANKA \u2013 Lullaby\u00ab. Istega leta jeseni pa se je z romanti\u010dno skladbo \u00bbZA VEDNO \u2013 Za skaus\u00ab predstavila na festivalu Slovenska popevka 2018.<\/p>\n<p>Nika svoje poslu\u0161alce rada presene\u010da z razli\u010dnimi svetovnimi priredbami. Velik uspeh je dosegla leta 2016 s priredbo pevke Sie \u00bbCHEAP THRILLS\u00ab, s katero je podrla rekord gledanosti na Youtubu. Na svojem Youtube kanalu ima ve\u010d kot 32 milijonov ogledov, na arabskem kanalu pa 60 milijonov, kar pomeni, da je najbolj gledana slovenska izvajalka.<\/p>\n<p>Leta 2017 je Nika svoje poslu\u0161alce ponovno presenetila s priredbo svetovno znane pesmi Luis Fonsija in Daddy Yankeeja \u2013 DESPACITO. Nika je priredbo naredila v svoji prekmur\u0161\u010dini z naslovom \u00bbFEJST POMALE\u00ab, ki je postala velika uspe\u0161nica.<\/p>\n<p>Istega leta se je Nika udele\u017eila \u010detrte sezone \u0161ova Znan obraz ima svoj glas in se preizkusila v razli\u010dnih imitacijah znanih glasbenikov.<\/p>\n<p>Nika rada sodeluje tudi z drugimi glasbeniki. Pesem \u00bbNI PREDAJE, NI UMIKA\u00ab, v sodelovanju z bratoma iz skupine BQL, je po\u017eela velik uspeh predvsem pri mladih, pesem \u00bbOLA OLA\u00ab v sodelovanju z Isaacom Palmo, pa je bila najve\u010dkrat predvajana pesem leta 2019. Poleti istega leta pa je v sodelovanju s hrva\u0161kima youtuberoma 8rasta9 in Svenky-jem s pesmijo \u00bbBLAMA\u017dA\u00ab postala prepoznavna tudi na Hrva\u0161kem in v dr\u017eavah biv\u0161e Jugoslavije.<\/p>\n<p>Nika s svojo ekipo \u0161e naprej pridno ustvarja v glasbenem studio, njena najnovej\u0161a skladba je bo\u017ei\u010dna Poljubi me na bo\u017ei\u010d.<\/p>\n<hr \/>\n<p><i class=\"fas fa-link\"><\/i>\u00a0<a href=\"https:\/\/www.nikazorjan.si\/artists\/nika_zorjan\/\">https:\/\/www.nikazorjan.si\/artists\/nika_zorjan\/<\/a><br \/>\n<i class=\"fab fa-instagram\"><\/i> <a href=\"https:\/\/www.instagram.com\/nikazorjan\/\">https:\/\/www.instagram.com\/nikazorjan\/<\/a><br \/>\n<i class=\"fab fa-facebook\"><\/i> <a href=\"https:\/\/www.facebook.com\/zorjan.nika\/\">https:\/\/www.facebook.com\/zorjan.nika\/<\/a><br \/>\n<i class=\"fas fa-play-circle\"><\/i> <a href=\"https:\/\/www.youtube.com\/user\/nikazorjan\">Youtube: Nika Zorjan<\/a><\/p>\n<hr \/>\n<p><span style=\"font-size: 18pt;\">VIDEO\/VIDE\u00d3<\/span><\/p>\n<p><iframe loading=\"lazy\" title=\"NIKA ZORJAN - LA\u017dNIVE O\u010cI (Official Video)\" width=\"720\" height=\"405\" src=\"https:\/\/www.youtube.com\/embed\/ThZcbU_k33E?feature=oembed\" frameborder=\"0\" allow=\"accelerometer; autoplay; clipboard-write; encrypted-media; gyroscope; picture-in-picture; web-share\" referrerpolicy=\"strict-origin-when-cross-origin\" allowfullscreen><\/iframe><\/p>\n<p><iframe loading=\"lazy\" title=\"NIKA ZORJAN - ROJENA, DA MI JE LEPO + ZATE DOVOLJ\" width=\"720\" height=\"405\" src=\"https:\/\/www.youtube.com\/embed\/8ETGY147oBI?feature=oembed\" frameborder=\"0\" allow=\"accelerometer; autoplay; clipboard-write; encrypted-media; gyroscope; picture-in-picture; web-share\" referrerpolicy=\"strict-origin-when-cross-origin\" allowfullscreen><\/iframe><\/p>\n<p><iframe loading=\"lazy\" title=\"NIKA ZORJAN - V POSTELJI (Official Video)\" width=\"720\" height=\"405\" src=\"https:\/\/www.youtube.com\/embed\/aQbGFQE1uwE?feature=oembed\" frameborder=\"0\" allow=\"accelerometer; autoplay; clipboard-write; encrypted-media; gyroscope; picture-in-picture; web-share\" referrerpolicy=\"strict-origin-when-cross-origin\" allowfullscreen><\/iframe><\/p>\n<p>Minden rendezv\u00e9ny ingyenes.<br \/>\nA m\u0171sorv\u00e1ltoz\u00e1s jog\u00e1t fenntartjuk.<\/p>\n<p><a href=\"https:\/\/www1.kkl.si\/wp-content\/uploads\/2025\/07\/plakat_B1_GKD_poletni_program_2025.jpg\" data-lbwps-width=\"2100\" data-lbwps-height=\"3000\" data-lbwps-srcsmall=\"https:\/\/www1.kkl.si\/wp-content\/uploads\/2025\/07\/plakat_B1_GKD_poletni_program_2025.jpg\"><img loading=\"lazy\" decoding=\"async\" class=\"slika alignnone wp-image-22510 size-large\" src=\"https:\/\/www1.kkl.si\/wp-content\/uploads\/2025\/07\/plakat_B1_GKD_poletni_program_2025-scaled-1050x1500.jpg\" alt=\"\" width=\"1050\" height=\"1500\" srcset=\"https:\/\/www1.kkl.si\/wp-content\/uploads\/2025\/07\/plakat_B1_GKD_poletni_program_2025-scaled-1050x1500.jpg 1050w, https:\/\/www1.kkl.si\/wp-content\/uploads\/2025\/07\/plakat_B1_GKD_poletni_program_2025-scaled-280x400.jpg 280w, https:\/\/www1.kkl.si\/wp-content\/uploads\/2025\/07\/plakat_B1_GKD_poletni_program_2025-scaled.jpg 1792w\" sizes=\"auto, (max-width: 1050px) 100vw, 1050px\" \/><\/a><\/p>\n","protected":false},"excerpt":{"rendered":"<p>Vin\u00e1rium Fesztiv\u00e1l 2025 \u2013 a Bogr\u00e1csfeszt el\u0151estje NY\u00c1RI PROGRAM 2025 2025. augusztus 22. (p\u00e9ntek), 19.00 | a lendvai Sz\u00ednh\u00e1z-\u00e9s hangversenyterem ny\u00e1ri sz\u00ednpada \u00a0 koncert Ingyenes bel\u00e9p\u00e9s. Szervez\u0151: Knji\u017enica \u2013 Kulturni center Lendava \u2013 Lendvai K\u00f6nyvt\u00e1r \u00e9s Kultur\u00e1lis K\u00f6zpont Nika Zorjan szlov\u00e9n pop\u00e9nekesn\u0151, zen\u00e9t szeret\u0151 csal\u00e1dban n\u0151tt fel. Sz\u00e1mos szlov\u00e9n telev\u00edzi\u00f3s m\u0171sorban (Slovenija ima talent, Misija [&hellip;]<\/p>\n","protected":false},"author":2,"featured_media":22512,"parent":0,"menu_order":0,"comment_status":"closed","ping_status":"closed","template":"","meta":{"footnotes":""},"class_list":["post-22832","page","type-page","status-publish","has-post-thumbnail","hentry","post","post-with-thumbnail","post-with-thumbnail-icon"],"_links":{"self":[{"href":"https:\/\/www1.kkl.si\/hu\/wp-json\/wp\/v2\/pages\/22832","targetHints":{"allow":["GET"]}}],"collection":[{"href":"https:\/\/www1.kkl.si\/hu\/wp-json\/wp\/v2\/pages"}],"about":[{"href":"https:\/\/www1.kkl.si\/hu\/wp-json\/wp\/v2\/types\/page"}],"author":[{"embeddable":true,"href":"https:\/\/www1.kkl.si\/hu\/wp-json\/wp\/v2\/users\/2"}],"replies":[{"embeddable":true,"href":"https:\/\/www1.kkl.si\/hu\/wp-json\/wp\/v2\/comments?post=22832"}],"version-history":[{"count":5,"href":"https:\/\/www1.kkl.si\/hu\/wp-json\/wp\/v2\/pages\/22832\/revisions"}],"predecessor-version":[{"id":22883,"href":"https:\/\/www1.kkl.si\/hu\/wp-json\/wp\/v2\/pages\/22832\/revisions\/22883"}],"wp:featuredmedia":[{"embeddable":true,"href":"https:\/\/www1.kkl.si\/hu\/wp-json\/wp\/v2\/media\/22512"}],"wp:attachment":[{"href":"https:\/\/www1.kkl.si\/hu\/wp-json\/wp\/v2\/media?parent=22832"}],"curies":[{"name":"wp","href":"https:\/\/api.w.org\/{rel}","templated":true}]}}