{"id":22837,"date":"2025-08-05T12:10:25","date_gmt":"2025-08-05T10:10:25","guid":{"rendered":"https:\/\/www1.kkl.si\/?page_id=22837"},"modified":"2025-08-05T21:24:47","modified_gmt":"2025-08-05T19:24:47","slug":"koncert-romano-glauso-2","status":"publish","type":"page","link":"https:\/\/www1.kkl.si\/hu\/koncert-romano-glauso-2\/","title":{"rendered":"Koncert: Romano Glauso"},"content":{"rendered":"<p>Vin\u00e1rium Fesztiv\u00e1l 2025 \u2013 a 46. Lendvai sz\u00fcret el\u0151estje<br \/>\nNY\u00c1RI PROGRAM 2025<\/p>\n<div class=\"opis\"><i class=\"fas fa-clock\"><\/i> <strong>2025. augusztus 29. (p\u00e9ntek), 20.00<\/strong> | a lendvai Sz\u00ednh\u00e1z-\u00e9s hangversenyterem ny\u00e1ri sz\u00ednpada<img loading=\"lazy\" decoding=\"async\" class=\"wp-image-1588 alignright\" title=\"Ingyenes rendezv\u00e9ny\" src=\"https:\/\/www1.kkl.si\/wp-content\/uploads\/\/2020\/07\/spored_simb_brezplacna-1.svg\" alt=\"brezplacna\" width=\"30\" height=\"30\" srcset=\"https:\/\/www1.kkl.si\/wp-content\/uploads\/\/2020\/07\/spored_simb_brezplacna-1.svg 150w, https:\/\/www1.kkl.si\/wp-content\/uploads\/\/2020\/07\/spored_simb_brezplacna-1.svg 400w, https:\/\/www1.kkl.si\/wp-content\/uploads\/\/2020\/07\/spored_simb_brezplacna-1.svg 1500w, https:\/\/www1.kkl.si\/wp-content\/uploads\/\/2020\/07\/spored_simb_brezplacna-1.svg 100w\" sizes=\"auto, (max-width: 30px) 100vw, 30px\" \/><br \/>\n<i class=\"fas fa-chevron-circle-right\"><\/i> <strong>koncert<\/strong><br \/>\nIngyenes bel\u00e9p\u00e9s.<br \/>\nSzervez\u0151: <a href=\"https:\/\/www.kkl.si\/\">Knji\u017enica \u2013 Kulturni center Lendava \u2013 Lendvai K\u00f6nyvt\u00e1r \u00e9s Kultur\u00e1lis K\u00f6zpont<\/a><\/div>\n<p><a href=\"https:\/\/www1.kkl.si\/wp-content\/uploads\/2025\/08\/ROMANO_GLAUSO-e1754388375136.jpg\" data-lbwps-width=\"2048\" data-lbwps-height=\"1137\" data-lbwps-srcsmall=\"https:\/\/www1.kkl.si\/wp-content\/uploads\/2025\/08\/ROMANO_GLAUSO-e1754388375136-400x222.jpg\"><img loading=\"lazy\" decoding=\"async\" class=\"alignnone wp-image-22810 size-large\" src=\"https:\/\/www1.kkl.si\/wp-content\/uploads\/2025\/08\/ROMANO_GLAUSO-e1754388375136-1500x833.jpg\" alt=\"\" width=\"1500\" height=\"833\" srcset=\"https:\/\/www1.kkl.si\/wp-content\/uploads\/2025\/08\/ROMANO_GLAUSO-e1754388375136-1500x833.jpg 1500w, https:\/\/www1.kkl.si\/wp-content\/uploads\/2025\/08\/ROMANO_GLAUSO-e1754388375136-400x222.jpg 400w, https:\/\/www1.kkl.si\/wp-content\/uploads\/2025\/08\/ROMANO_GLAUSO-e1754388375136-768x426.jpg 768w, https:\/\/www1.kkl.si\/wp-content\/uploads\/2025\/08\/ROMANO_GLAUSO-e1754388375136-1536x853.jpg 1536w, https:\/\/www1.kkl.si\/wp-content\/uploads\/2025\/08\/ROMANO_GLAUSO-e1754388375136.jpg 2048w\" sizes=\"auto, (max-width: 1500px) 100vw, 1500px\" \/><\/a><\/p>\n<p>A <strong>Romano Glauso<\/strong> egy roma zenekar, amely 2018-ban alakult, \u00e9s sz\u00e1mos rendezv\u00e9nyen mutatkozott be a nagyk\u00f6z\u00f6ns\u00e9gnek Muravid\u00e9ken \u00e9s azon t\u00fal.<\/p>\n<p>Magukr\u00f3l ezt mondj\u00e1k: \u201eTerjesztj\u00fck a roma zene ir\u00e1nti szeretetet \u00e9s a t\u00e1nccal \u00e9s boriv\u00e1ssal j\u00e1r\u00f3 j\u00e1t\u00e9kos \u00f6r\u00f6m\u00f6t. Tal\u00e1n egy kicsit k\u00fcl\u00f6nlegesek vagyunk a roma zenei sz\u00ednt\u00e9ren, mivel a kezdetekt\u0151l fogva szabadon fejlesztj\u00fck saj\u00e1tos megk\u00f6zel\u00edt\u00e9s\u00fcnket a roma zen\u00e9hez. F\u00fclbem\u00e1sz\u00f3 dalokat \u00edrunk, a roma ballad\u00e1kt\u00f3l a roma mel\u00f3dia \u00e9l\u00e9nk t\u00e1nc ritmus\u00e1ig.\u201d<\/p>\n<p><i class=\"fas fa-link\"><\/i> <a href=\"https:\/\/zveza-preporod.si\/romano-glauso\/\">https:\/\/zveza-preporod.si\/romano-glauso\/<\/a><br \/>\n<i class=\"fas fa-play-circle\"><\/i> <a href=\"https:\/\/www.youtube.com\/@romanoglauso3210\">Youtube: Romano Glauso<\/a><\/p>\n<hr \/>\n<p><span style=\"font-size: 18pt;\">VIDEO\/VIDE\u00d3<\/span><\/p>\n<p><iframe loading=\"lazy\" title=\"ROMANO GLAUSO IN SA\u0160A DEBELJAK -  HEGEDUVA\" width=\"720\" height=\"405\" src=\"https:\/\/www.youtube.com\/embed\/3ZVz6wYF8_Q?feature=oembed\" frameborder=\"0\" allow=\"accelerometer; autoplay; clipboard-write; encrypted-media; gyroscope; picture-in-picture; web-share\" referrerpolicy=\"strict-origin-when-cross-origin\" allowfullscreen><\/iframe><\/p>\n<p><iframe loading=\"lazy\" title=\"Romano Glauso in Sa\u0161a Debeljak  -  Shoha\" width=\"720\" height=\"405\" src=\"https:\/\/www.youtube.com\/embed\/Oy5_QmgFxCw?feature=oembed\" frameborder=\"0\" allow=\"accelerometer; autoplay; clipboard-write; encrypted-media; gyroscope; picture-in-picture; web-share\" referrerpolicy=\"strict-origin-when-cross-origin\" allowfullscreen><\/iframe><\/p>\n<p><iframe loading=\"lazy\" title=\"Romano Glauso - KourKouro\" width=\"720\" height=\"405\" src=\"https:\/\/www.youtube.com\/embed\/4gqA2lvjSAM?feature=oembed\" frameborder=\"0\" allow=\"accelerometer; autoplay; clipboard-write; encrypted-media; gyroscope; picture-in-picture; web-share\" referrerpolicy=\"strict-origin-when-cross-origin\" allowfullscreen><\/iframe><\/p>\n<p><iframe loading=\"lazy\" title=\"Romano Glauso: Matijlek - Metulj\" width=\"720\" height=\"540\" src=\"https:\/\/www.youtube.com\/embed\/4_FhAFi5o-A?feature=oembed\" frameborder=\"0\" allow=\"accelerometer; autoplay; clipboard-write; encrypted-media; gyroscope; picture-in-picture; web-share\" referrerpolicy=\"strict-origin-when-cross-origin\" allowfullscreen><\/iframe><\/p>\n<hr \/>\n<p>Minden rendezv\u00e9ny ingyenes.<br \/>\nA m\u0171sorv\u00e1ltoz\u00e1s jog\u00e1t fenntartjuk.<\/p>\n<p><a href=\"https:\/\/www1.kkl.si\/wp-content\/uploads\/2025\/07\/plakat_B1_GKD_poletni_program_2025.jpg\" data-lbwps-width=\"2100\" data-lbwps-height=\"3000\" data-lbwps-srcsmall=\"https:\/\/www1.kkl.si\/wp-content\/uploads\/2025\/07\/plakat_B1_GKD_poletni_program_2025.jpg\"><img loading=\"lazy\" decoding=\"async\" class=\"slika alignnone wp-image-22510 size-large\" src=\"https:\/\/www1.kkl.si\/wp-content\/uploads\/2025\/07\/plakat_B1_GKD_poletni_program_2025-scaled-1050x1500.jpg\" alt=\"\" width=\"1050\" height=\"1500\" srcset=\"https:\/\/www1.kkl.si\/wp-content\/uploads\/2025\/07\/plakat_B1_GKD_poletni_program_2025-scaled-1050x1500.jpg 1050w, https:\/\/www1.kkl.si\/wp-content\/uploads\/2025\/07\/plakat_B1_GKD_poletni_program_2025-scaled-280x400.jpg 280w, https:\/\/www1.kkl.si\/wp-content\/uploads\/2025\/07\/plakat_B1_GKD_poletni_program_2025-scaled.jpg 1792w\" sizes=\"auto, (max-width: 1050px) 100vw, 1050px\" \/><\/a><\/p>\n","protected":false},"excerpt":{"rendered":"<p>Vin\u00e1rium Fesztiv\u00e1l 2025 \u2013 a 46. Lendvai sz\u00fcret el\u0151estje NY\u00c1RI PROGRAM 2025 2025. augusztus 29. (p\u00e9ntek), 20.00 | a lendvai Sz\u00ednh\u00e1z-\u00e9s hangversenyterem ny\u00e1ri sz\u00ednpada koncert Ingyenes bel\u00e9p\u00e9s. Szervez\u0151: Knji\u017enica \u2013 Kulturni center Lendava \u2013 Lendvai K\u00f6nyvt\u00e1r \u00e9s Kultur\u00e1lis K\u00f6zpont A Romano Glauso egy roma zenekar, amely 2018-ban alakult, \u00e9s sz\u00e1mos rendezv\u00e9nyen mutatkozott be a nagyk\u00f6z\u00f6ns\u00e9gnek [&hellip;]<\/p>\n","protected":false},"author":2,"featured_media":22512,"parent":0,"menu_order":0,"comment_status":"closed","ping_status":"closed","template":"","meta":{"footnotes":""},"class_list":["post-22837","page","type-page","status-publish","has-post-thumbnail","hentry","post","post-with-thumbnail","post-with-thumbnail-icon"],"_links":{"self":[{"href":"https:\/\/www1.kkl.si\/hu\/wp-json\/wp\/v2\/pages\/22837","targetHints":{"allow":["GET"]}}],"collection":[{"href":"https:\/\/www1.kkl.si\/hu\/wp-json\/wp\/v2\/pages"}],"about":[{"href":"https:\/\/www1.kkl.si\/hu\/wp-json\/wp\/v2\/types\/page"}],"author":[{"embeddable":true,"href":"https:\/\/www1.kkl.si\/hu\/wp-json\/wp\/v2\/users\/2"}],"replies":[{"embeddable":true,"href":"https:\/\/www1.kkl.si\/hu\/wp-json\/wp\/v2\/comments?post=22837"}],"version-history":[{"count":2,"href":"https:\/\/www1.kkl.si\/hu\/wp-json\/wp\/v2\/pages\/22837\/revisions"}],"predecessor-version":[{"id":22845,"href":"https:\/\/www1.kkl.si\/hu\/wp-json\/wp\/v2\/pages\/22837\/revisions\/22845"}],"wp:featuredmedia":[{"embeddable":true,"href":"https:\/\/www1.kkl.si\/hu\/wp-json\/wp\/v2\/media\/22512"}],"wp:attachment":[{"href":"https:\/\/www1.kkl.si\/hu\/wp-json\/wp\/v2\/media?parent=22837"}],"curies":[{"name":"wp","href":"https:\/\/api.w.org\/{rel}","templated":true}]}}