{"id":23113,"date":"2025-08-19T09:15:28","date_gmt":"2025-08-19T07:15:28","guid":{"rendered":"https:\/\/www1.kkl.si\/?page_id=23113"},"modified":"2025-08-25T10:51:18","modified_gmt":"2025-08-25T08:51:18","slug":"vinarium-fesztival-2025-szloven-etno-est","status":"publish","type":"page","link":"https:\/\/www1.kkl.si\/hu\/vinarium-fesztival-2025-szloven-etno-est\/","title":{"rendered":"Vinarium Fesztiv\u00e1l 2025: Szlov\u00e9n etno est"},"content":{"rendered":"<div class=\"opis\"><i class=\"fas fa-clock\"><\/i>\u00a0<strong>2025. augusztus 25. h\u00e9tf\u0151, 18.00 \u00f3r\u00e1t\u00f3l<\/strong> | a lendvai Sz\u00ednh\u00e1z-\u00e9s hangversenyterem ny\u00e1ri sz\u00ednpada<img loading=\"lazy\" decoding=\"async\" class=\"wp-image-1588 alignright\" title=\"Ingyenes rendezv\u00e9ny\" src=\"https:\/\/www1.kkl.si\/wp-content\/uploads\/\/2020\/07\/spored_simb_brezplacna-1.svg\" alt=\"brezplacna\" width=\"30\" height=\"30\" srcset=\"https:\/\/www1.kkl.si\/wp-content\/uploads\/\/2020\/07\/spored_simb_brezplacna-1.svg 150w, https:\/\/www1.kkl.si\/wp-content\/uploads\/\/2020\/07\/spored_simb_brezplacna-1.svg 400w, https:\/\/www1.kkl.si\/wp-content\/uploads\/\/2020\/07\/spored_simb_brezplacna-1.svg 1500w, https:\/\/www1.kkl.si\/wp-content\/uploads\/\/2020\/07\/spored_simb_brezplacna-1.svg 100w\" sizes=\"auto, (max-width: 30px) 100vw, 30px\" \/><br \/>\n<i class=\"fas fa-chevron-circle-right\"><\/i>\u00a0 <strong>kult\u00fara, gasztron\u00f3miai k\u00edn\u00e1lat, zene<\/strong><br \/>\nA bel\u00e9p\u00e9s d\u00edjtalan.<br \/>\nSzervez\u0151: <a href=\"http:\/\/ztr.si\/\">Lendvai Turisztikai \u00e9s Fejleszt\u00e9si K\u00f6zint\u00e9zet<\/a> | T\u00e1rsszervez\u0151k: <a href=\"https:\/\/www.zkd-lendava.com\/\">Lendvai Kult\u00faregyes\u00fcletek K\u00f6zs\u00e9gi Sz\u00f6vets\u00e9ge<\/a>, Lendvai V\u00e1rosi K\u00f6z\u00f6ss\u00e9g<\/div>\n<p><a href=\"https:\/\/www1.kkl.si\/wp-content\/uploads\/2025\/08\/plakat_B1_slo_etno_vecer_Lendava_2025.jpg\" data-lbwps-width=\"2450\" data-lbwps-height=\"3500\" data-lbwps-srcsmall=\"https:\/\/www1.kkl.si\/wp-content\/uploads\/2025\/08\/plakat_B1_slo_etno_vecer_Lendava_2025.jpg\"><img loading=\"lazy\" decoding=\"async\" class=\"slika alignnone wp-image-23106 size-large\" src=\"https:\/\/www1.kkl.si\/wp-content\/uploads\/2025\/08\/plakat_B1_slo_etno_vecer_Lendava_2025-scaled.jpg\" alt=\"\" width=\"1050\" height=\"1500\" srcset=\"https:\/\/www1.kkl.si\/wp-content\/uploads\/2025\/08\/plakat_B1_slo_etno_vecer_Lendava_2025-scaled.jpg 1792w, https:\/\/www1.kkl.si\/wp-content\/uploads\/2025\/08\/plakat_B1_slo_etno_vecer_Lendava_2025-scaled-280x400.jpg 280w, https:\/\/www1.kkl.si\/wp-content\/uploads\/2025\/08\/plakat_B1_slo_etno_vecer_Lendava_2025-scaled-1050x1500.jpg 1050w\" sizes=\"auto, (max-width: 1050px) 100vw, 1050px\" \/><\/a><\/p>\n<p>Program:<\/p>\n<ul>\n<li>Marki sz\u00f3rakoztat\u00f3 zen\u00e9t j\u00e1tsz\u00f3 egy\u00fcttes<\/li>\n<li>\u00c9nekkarok: Evterpe \u00e9nekegy\u00fcttes, Aeternum f\u00e9rfikvintett, Vita kamarak\u00f3rus \u00e9s Belmura oktett<\/li>\n<li>Matej Pucko harmonik\u00e1sai<\/li>\n<li>Gasztron\u00f3miai k\u00edn\u00e1lat: muravid\u00e9ki szelet hagym\u00e1val \u00e9s ajv\u00e1rral, pir\u00edtott keny\u00e9r, lendvai fr\u00f6ccs<\/li>\n<\/ul>\n<p>A programot Pe\u010dek Petra vezeti.<\/p>\n<p><iframe loading=\"lazy\" title=\"Canzona II  - Mo\u0161ki vokalni kvintet Aeternum\" width=\"720\" height=\"405\" src=\"https:\/\/www.youtube.com\/embed\/AqYkZO8wVfs?feature=oembed\" frameborder=\"0\" allow=\"accelerometer; autoplay; clipboard-write; encrypted-media; gyroscope; picture-in-picture; web-share\" referrerpolicy=\"strict-origin-when-cross-origin\" allowfullscreen><\/iframe><\/p>\n<p><iframe loading=\"lazy\" title=\"KPZ Vita, Ro\u017ea na vrtu (slovenska ljudska, prir. D. Berden)\" width=\"720\" height=\"405\" src=\"https:\/\/www.youtube.com\/embed\/mjAR3P8aqkY?feature=oembed\" frameborder=\"0\" allow=\"accelerometer; autoplay; clipboard-write; encrypted-media; gyroscope; picture-in-picture; web-share\" referrerpolicy=\"strict-origin-when-cross-origin\" allowfullscreen><\/iframe><\/p>\n<p><iframe loading=\"lazy\" title=\"Mo\u0161ki pevski zbor Belmura v Ljutomeru\" width=\"720\" height=\"405\" src=\"https:\/\/www.youtube.com\/embed\/2A8Cb-CnlVw?feature=oembed\" frameborder=\"0\" allow=\"accelerometer; autoplay; clipboard-write; encrypted-media; gyroscope; picture-in-picture; web-share\" referrerpolicy=\"strict-origin-when-cross-origin\" allowfullscreen><\/iframe><\/p>\n<p><iframe loading=\"lazy\" title=\"Skupina Evterpe - Daj se nasmej (Bepop)\" width=\"720\" height=\"405\" src=\"https:\/\/www.youtube.com\/embed\/cqUyLgz4pL4?feature=oembed\" frameborder=\"0\" allow=\"accelerometer; autoplay; clipboard-write; encrypted-media; gyroscope; picture-in-picture; web-share\" referrerpolicy=\"strict-origin-when-cross-origin\" allowfullscreen><\/iframe><\/p>\n<hr \/>\n<p>A programv\u00e1ltoz\u00e1s jog\u00e1t fenntartjuk.<\/p>\n<hr \/>\n<p><em>Rossz id\u0151 eset\u00e9n a program a Sz\u00ednh\u00e1z- \u00e9s hangversenyteremben ker\u00fcl megrendez\u00e9sre.<\/em><\/p>\n<p><a href=\"https:\/\/lendava-lendva.si\/\"><img loading=\"lazy\" decoding=\"async\" class=\"alignnone wp-image-23130 size-large\" src=\"https:\/\/www1.kkl.si\/wp-content\/uploads\/2025\/08\/FB_splosni_FV2025_2A-1500x571.jpg\" alt=\"\" width=\"1500\" height=\"571\" srcset=\"https:\/\/www1.kkl.si\/wp-content\/uploads\/2025\/08\/FB_splosni_FV2025_2A-1500x571.jpg 1500w, https:\/\/www1.kkl.si\/wp-content\/uploads\/2025\/08\/FB_splosni_FV2025_2A-400x152.jpg 400w, https:\/\/www1.kkl.si\/wp-content\/uploads\/2025\/08\/FB_splosni_FV2025_2A.jpg 2000w\" sizes=\"auto, (max-width: 1500px) 100vw, 1500px\" \/><\/a><\/p>\n<p><i class=\"fas fa-link\"><\/i>\u00a0<a href=\"https:\/\/lendava-lendva.si\/\">https:\/\/lendava-lendva.si\/<\/a><\/p>\n","protected":false},"excerpt":{"rendered":"<p>\u00a02025. augusztus 25. h\u00e9tf\u0151, 18.00 \u00f3r\u00e1t\u00f3l | a lendvai Sz\u00ednh\u00e1z-\u00e9s hangversenyterem ny\u00e1ri sz\u00ednpada \u00a0 kult\u00fara, gasztron\u00f3miai k\u00edn\u00e1lat, zene A bel\u00e9p\u00e9s d\u00edjtalan. Szervez\u0151: Lendvai Turisztikai \u00e9s Fejleszt\u00e9si K\u00f6zint\u00e9zet | T\u00e1rsszervez\u0151k: Lendvai Kult\u00faregyes\u00fcletek K\u00f6zs\u00e9gi Sz\u00f6vets\u00e9ge, Lendvai V\u00e1rosi K\u00f6z\u00f6ss\u00e9g Program: Marki sz\u00f3rakoztat\u00f3 zen\u00e9t j\u00e1tsz\u00f3 egy\u00fcttes \u00c9nekkarok: Evterpe \u00e9nekegy\u00fcttes, Aeternum f\u00e9rfikvintett, Vita kamarak\u00f3rus \u00e9s Belmura oktett Matej Pucko harmonik\u00e1sai [&hellip;]<\/p>\n","protected":false},"author":2,"featured_media":23108,"parent":0,"menu_order":0,"comment_status":"closed","ping_status":"closed","template":"","meta":{"footnotes":""},"class_list":["post-23113","page","type-page","status-publish","has-post-thumbnail","hentry","post","post-with-thumbnail","post-with-thumbnail-icon"],"_links":{"self":[{"href":"https:\/\/www1.kkl.si\/hu\/wp-json\/wp\/v2\/pages\/23113","targetHints":{"allow":["GET"]}}],"collection":[{"href":"https:\/\/www1.kkl.si\/hu\/wp-json\/wp\/v2\/pages"}],"about":[{"href":"https:\/\/www1.kkl.si\/hu\/wp-json\/wp\/v2\/types\/page"}],"author":[{"embeddable":true,"href":"https:\/\/www1.kkl.si\/hu\/wp-json\/wp\/v2\/users\/2"}],"replies":[{"embeddable":true,"href":"https:\/\/www1.kkl.si\/hu\/wp-json\/wp\/v2\/comments?post=23113"}],"version-history":[{"count":5,"href":"https:\/\/www1.kkl.si\/hu\/wp-json\/wp\/v2\/pages\/23113\/revisions"}],"predecessor-version":[{"id":23195,"href":"https:\/\/www1.kkl.si\/hu\/wp-json\/wp\/v2\/pages\/23113\/revisions\/23195"}],"wp:featuredmedia":[{"embeddable":true,"href":"https:\/\/www1.kkl.si\/hu\/wp-json\/wp\/v2\/media\/23108"}],"wp:attachment":[{"href":"https:\/\/www1.kkl.si\/hu\/wp-json\/wp\/v2\/media?parent=23113"}],"curies":[{"name":"wp","href":"https:\/\/api.w.org\/{rel}","templated":true}]}}