{"id":23194,"date":"2025-08-22T07:12:31","date_gmt":"2025-08-22T05:12:31","guid":{"rendered":"https:\/\/www1.kkl.si\/?page_id=23194"},"modified":"2025-08-25T10:51:34","modified_gmt":"2025-08-25T08:51:34","slug":"vinarium-fesztival-2025-szerb-ujvideki-etno-est","status":"publish","type":"page","link":"https:\/\/www1.kkl.si\/hu\/vinarium-fesztival-2025-szerb-ujvideki-etno-est\/","title":{"rendered":"Vinarium Fesztiv\u00e1l 2025: Szerb\u2013\u00fajvid\u00e9ki etno est"},"content":{"rendered":"<div class=\"opis\"><i class=\"fas fa-clock\"><\/i>\u00a0<strong>2025. augusztus 26. kedd<\/strong><strong>, 18.00 \u00f3r\u00e1t\u00f3l<\/strong> | a lendvai Sz\u00ednh\u00e1z-\u00e9s hangversenyterem ny\u00e1ri sz\u00ednpada<img loading=\"lazy\" decoding=\"async\" class=\"wp-image-1588 alignright\" title=\"Ingyenes rendezv\u00e9ny\" src=\"https:\/\/www1.kkl.si\/wp-content\/uploads\/\/2020\/07\/spored_simb_brezplacna-1.svg\" alt=\"brezplacna\" width=\"30\" height=\"30\" srcset=\"https:\/\/www1.kkl.si\/wp-content\/uploads\/\/2020\/07\/spored_simb_brezplacna-1.svg 150w, https:\/\/www1.kkl.si\/wp-content\/uploads\/\/2020\/07\/spored_simb_brezplacna-1.svg 400w, https:\/\/www1.kkl.si\/wp-content\/uploads\/\/2020\/07\/spored_simb_brezplacna-1.svg 1500w, https:\/\/www1.kkl.si\/wp-content\/uploads\/\/2020\/07\/spored_simb_brezplacna-1.svg 100w\" sizes=\"auto, (max-width: 30px) 100vw, 30px\" \/><br \/>\n<i class=\"fas fa-chevron-circle-right\"><\/i>\u00a0 <strong>kult\u00fara, gasztron\u00f3miai k\u00edn\u00e1lat, zene<\/strong><br \/>\nA bel\u00e9p\u00e9s d\u00edjtalan.<br \/>\nSzervez\u0151: <a href=\"http:\/\/ztr.si\/\">Lendvai Turisztikai \u00e9s Fejleszt\u00e9si K\u00f6zint\u00e9zet<\/a> | T\u00e1rsszervez\u0151: <a href=\"https:\/\/www.facebook.com\/p\/KTD-Novi-Sad-Lendava-100038549532698\/\">Lendvai Novi Sad Kultur\u00e1lis \u00e9s Turisztikai Egyes\u00fclet<\/a><\/div>\n<p>Program:<\/p>\n<ul>\n<li>Sava Hrastnik Szerb Kultur\u00e1lis Egyes\u00fclet: n\u00e9pt\u00e1nc<\/li>\n<li>\u201eFrtalj\u201d Tamburazenekar<\/li>\n<li>Evterpe \u00e9nekegy\u00fcttes<\/li>\n<li>Gasztron\u00f3miai k\u00edn\u00e1lat: a \u010caplja falatoz\u00f3 k\u00edn\u00e1lata: s\u00fclt malac, s\u00fclt b\u00e1r\u00e1ny, pljeskavica, ital<\/li>\n<\/ul>\n<p><iframe loading=\"lazy\" title=\"Folklorna grupa Sava Hrastnik\" width=\"720\" height=\"405\" src=\"https:\/\/www.youtube.com\/embed\/mTUWsn6yJ6w?feature=oembed\" frameborder=\"0\" allow=\"accelerometer; autoplay; clipboard-write; encrypted-media; gyroscope; picture-in-picture; web-share\" referrerpolicy=\"strict-origin-when-cross-origin\" allowfullscreen><\/iframe><\/p>\n<p><iframe loading=\"lazy\" title=\"Skupina Evterpe - Tam na koncu drevoreda (Vlado Kreslin)\" width=\"720\" height=\"405\" src=\"https:\/\/www.youtube.com\/embed\/C85FRVgicZ8?feature=oembed\" frameborder=\"0\" allow=\"accelerometer; autoplay; clipboard-write; encrypted-media; gyroscope; picture-in-picture; web-share\" referrerpolicy=\"strict-origin-when-cross-origin\" allowfullscreen><\/iframe><\/p>\n<p>\u201eFrtalj\u201d Tamburazenekar<\/p>\n<p><a href=\"https:\/\/www1.kkl.si\/wp-content\/uploads\/2025\/08\/tamburaska_banda_frtalj.jpg\" data-lbwps-width=\"1080\" data-lbwps-height=\"957\" data-lbwps-srcsmall=\"https:\/\/www1.kkl.si\/wp-content\/uploads\/2025\/08\/tamburaska_banda_frtalj-400x354.jpg\"><img loading=\"lazy\" decoding=\"async\" class=\"alignnone size-large wp-image-23127\" src=\"https:\/\/www1.kkl.si\/wp-content\/uploads\/2025\/08\/tamburaska_banda_frtalj-1080x957.jpg\" alt=\"\" width=\"1080\" height=\"957\" srcset=\"https:\/\/www1.kkl.si\/wp-content\/uploads\/2025\/08\/tamburaska_banda_frtalj.jpg 1080w, https:\/\/www1.kkl.si\/wp-content\/uploads\/2025\/08\/tamburaska_banda_frtalj-400x354.jpg 400w\" sizes=\"auto, (max-width: 1080px) 100vw, 1080px\" \/><\/a><\/p>\n<p><i class=\"fab fa-facebook\"><\/i> <a href=\"https:\/\/www.facebook.com\/frtalj.tamburaskabanda\">https:\/\/www.facebook.com\/frtalj.tamburaskabanda<\/a><\/p>\n<hr \/>\n<p>A programv\u00e1ltoz\u00e1s jog\u00e1t fenntartjuk.<\/p>\n<hr \/>\n<p><em>Rossz id\u0151 eset\u00e9n a program a Sz\u00ednh\u00e1z- \u00e9s hangversenyteremben ker\u00fcl megrendez\u00e9sre.<\/em><\/p>\n<p><a href=\"https:\/\/lendava-lendva.si\/\"><img loading=\"lazy\" decoding=\"async\" class=\"alignnone wp-image-23130 size-large\" src=\"https:\/\/www1.kkl.si\/wp-content\/uploads\/2025\/08\/FB_splosni_FV2025_2A-1500x571.jpg\" alt=\"\" width=\"1500\" height=\"571\" srcset=\"https:\/\/www1.kkl.si\/wp-content\/uploads\/2025\/08\/FB_splosni_FV2025_2A-1500x571.jpg 1500w, https:\/\/www1.kkl.si\/wp-content\/uploads\/2025\/08\/FB_splosni_FV2025_2A-400x152.jpg 400w, https:\/\/www1.kkl.si\/wp-content\/uploads\/2025\/08\/FB_splosni_FV2025_2A.jpg 2000w\" sizes=\"auto, (max-width: 1500px) 100vw, 1500px\" \/><\/a><\/p>\n<p><i class=\"fas fa-link\"><\/i>\u00a0<a href=\"https:\/\/lendava-lendva.si\/\">https:\/\/lendava-lendva.si\/<\/a><\/p>\n","protected":false},"excerpt":{"rendered":"<p>\u00a02025. augusztus 26. kedd, 18.00 \u00f3r\u00e1t\u00f3l | a lendvai Sz\u00ednh\u00e1z-\u00e9s hangversenyterem ny\u00e1ri sz\u00ednpada \u00a0 kult\u00fara, gasztron\u00f3miai k\u00edn\u00e1lat, zene A bel\u00e9p\u00e9s d\u00edjtalan. Szervez\u0151: Lendvai Turisztikai \u00e9s Fejleszt\u00e9si K\u00f6zint\u00e9zet | T\u00e1rsszervez\u0151: Lendvai Novi Sad Kultur\u00e1lis \u00e9s Turisztikai Egyes\u00fclet Program: Sava Hrastnik Szerb Kultur\u00e1lis Egyes\u00fclet: n\u00e9pt\u00e1nc \u201eFrtalj\u201d Tamburazenekar Evterpe \u00e9nekegy\u00fcttes Gasztron\u00f3miai k\u00edn\u00e1lat: a \u010caplja falatoz\u00f3 k\u00edn\u00e1lata: s\u00fclt malac, [&hellip;]<\/p>\n","protected":false},"author":2,"featured_media":0,"parent":0,"menu_order":0,"comment_status":"closed","ping_status":"closed","template":"","meta":{"footnotes":""},"class_list":["post-23194","page","type-page","status-publish","hentry","post"],"_links":{"self":[{"href":"https:\/\/www1.kkl.si\/hu\/wp-json\/wp\/v2\/pages\/23194","targetHints":{"allow":["GET"]}}],"collection":[{"href":"https:\/\/www1.kkl.si\/hu\/wp-json\/wp\/v2\/pages"}],"about":[{"href":"https:\/\/www1.kkl.si\/hu\/wp-json\/wp\/v2\/types\/page"}],"author":[{"embeddable":true,"href":"https:\/\/www1.kkl.si\/hu\/wp-json\/wp\/v2\/users\/2"}],"replies":[{"embeddable":true,"href":"https:\/\/www1.kkl.si\/hu\/wp-json\/wp\/v2\/comments?post=23194"}],"version-history":[{"count":1,"href":"https:\/\/www1.kkl.si\/hu\/wp-json\/wp\/v2\/pages\/23194\/revisions"}],"predecessor-version":[{"id":23196,"href":"https:\/\/www1.kkl.si\/hu\/wp-json\/wp\/v2\/pages\/23194\/revisions\/23196"}],"wp:attachment":[{"href":"https:\/\/www1.kkl.si\/hu\/wp-json\/wp\/v2\/media?parent=23194"}],"curies":[{"name":"wp","href":"https:\/\/api.w.org\/{rel}","templated":true}]}}