{"id":23211,"date":"2025-08-23T18:00:01","date_gmt":"2025-08-23T16:00:01","guid":{"rendered":"https:\/\/www1.kkl.si\/?page_id=23211"},"modified":"2025-08-26T10:09:57","modified_gmt":"2025-08-26T08:09:57","slug":"vinarium-fesztival-2025-magyar-etno-est","status":"publish","type":"page","link":"https:\/\/www1.kkl.si\/hu\/vinarium-fesztival-2025-magyar-etno-est\/","title":{"rendered":"Vinarium Fesztiv\u00e1l 2025: Magyar etno est"},"content":{"rendered":"<div class=\"opis\"><i class=\"fas fa-clock\"><\/i> <strong>2025. augusztus 28. cs\u00fct\u00f6rt\u00f6k<\/strong><strong>, 18.00 \u00f3r\u00e1t\u00f3l<\/strong> | a lendvai Sz\u00ednh\u00e1z-\u00e9s hangversenyterem ny\u00e1ri sz\u00ednpada<img loading=\"lazy\" decoding=\"async\" class=\"wp-image-1588 alignright\" title=\"Ingyenes rendezv\u00e9ny\" src=\"https:\/\/www1.kkl.si\/wp-content\/uploads\/\/2020\/07\/spored_simb_brezplacna-1.svg\" alt=\"brezplacna\" width=\"30\" height=\"30\" srcset=\"https:\/\/www1.kkl.si\/wp-content\/uploads\/\/2020\/07\/spored_simb_brezplacna-1.svg 150w, https:\/\/www1.kkl.si\/wp-content\/uploads\/\/2020\/07\/spored_simb_brezplacna-1.svg 400w, https:\/\/www1.kkl.si\/wp-content\/uploads\/\/2020\/07\/spored_simb_brezplacna-1.svg 1500w, https:\/\/www1.kkl.si\/wp-content\/uploads\/\/2020\/07\/spored_simb_brezplacna-1.svg 100w\" sizes=\"auto, (max-width: 30px) 100vw, 30px\" \/><br \/>\n<i class=\"fas fa-chevron-circle-right\"><\/i> <strong>kult\u00fara, gasztron\u00f3miai k\u00edn\u00e1lat, zene<\/strong><br \/>\nA bel\u00e9p\u00e9s d\u00edjtalan.<br \/>\nSzervez\u0151: <a href=\"http:\/\/ztr.si\/\">Lendvai Turisztikai \u00e9s Fejleszt\u00e9si K\u00f6zint\u00e9zet<\/a> | T\u00e1rsszervez\u0151: <a href=\"https:\/\/www.mnmi-zkmn.si\/\">MNMI, Lendva<\/a><\/div>\n<p><a href=\"https:\/\/www1.kkl.si\/wp-content\/uploads\/2025\/08\/Etnoest25_fly.jpg\" data-lbwps-width=\"1772\" data-lbwps-height=\"1253\" data-lbwps-srcsmall=\"https:\/\/www1.kkl.si\/wp-content\/uploads\/2025\/08\/Etnoest25_fly-400x283.jpg\"><img loading=\"lazy\" decoding=\"async\" class=\"alignnone size-large wp-image-23119\" src=\"https:\/\/www1.kkl.si\/wp-content\/uploads\/2025\/08\/Etnoest25_fly-1500x1061.jpg\" alt=\"\" width=\"1500\" height=\"1061\" srcset=\"https:\/\/www1.kkl.si\/wp-content\/uploads\/2025\/08\/Etnoest25_fly-1500x1061.jpg 1500w, https:\/\/www1.kkl.si\/wp-content\/uploads\/2025\/08\/Etnoest25_fly-400x283.jpg 400w, https:\/\/www1.kkl.si\/wp-content\/uploads\/2025\/08\/Etnoest25_fly.jpg 1772w\" sizes=\"auto, (max-width: 1500px) 100vw, 1500px\" \/><\/a><\/p>\n<p>Program:<\/p>\n<ul>\n<li>\u201ePitypang itt \u00e9s Pitypang ott&#8230;\u201d, PITYPANG ZENEKAR gyerekeknek<\/li>\n<li>Felvid\u00e9ki Barangol\u00e1sok, Felvid\u00e9ki Citerazenekar<\/li>\n<li>Operettm\u0171sor, a Hevesi S\u00e1ndor Sz\u00ednh\u00e1z m\u0171v\u00e9szeinek m\u0171sora: Hertelendy Attila, Jurina Be\u00e1ta, Debrei Zsuzsanna, Bot G\u00e1bor<\/li>\n<li>K\u00e9zm\u0171ves foglalkoz\u00e1sok<\/li>\n<li>Gasztron\u00f3miai k\u00edn\u00e1lat: p\u00f6rk\u00f6lt \u00e9s tarhonya, l\u00e1ngos, r\u00e9tes<\/li>\n<\/ul>\n<p><iframe loading=\"lazy\" title=\"Pitypang gyerekzenekar - J\u00f6n a zenekar! (&#039;22 Ny\u00e1r)\" width=\"720\" height=\"405\" src=\"https:\/\/www.youtube.com\/embed\/NBFnRX1Uu3U?feature=oembed\" frameborder=\"0\" allow=\"accelerometer; autoplay; clipboard-write; encrypted-media; gyroscope; picture-in-picture; web-share\" referrerpolicy=\"strict-origin-when-cross-origin\" allowfullscreen><\/iframe><\/p>\n<p><i class=\"fas fa-link\"><\/i> <a href=\"https:\/\/www.pitypangzenekar.hu\/\">Pitypang Zenekar<\/a><br \/>\n<i class=\"fas fa-play-circle\"><\/i> <a href=\"https:\/\/www.youtube.com\/channel\/UCqu3U8f7Y8gl7VPaFi293Xw\">Youtube: Pitypang Zenekar<\/a><\/p>\n<p>Felvid\u00e9ki Citerazenekar<\/p>\n<p><iframe loading=\"lazy\" style=\"border: none; overflow: hidden;\" src=\"https:\/\/www.facebook.com\/plugins\/video.php?height=314&amp;href=https%3A%2F%2Fwww.facebook.com%2Freel%2F470217692053141%2F&amp;show_text=false&amp;width=560&amp;t=0\" width=\"560\" height=\"314\" frameborder=\"0\" scrolling=\"no\" allowfullscreen=\"allowfullscreen\" data-mce-fragment=\"1\"><span style=\"display: inline-block; width: 0px; overflow: hidden; line-height: 0;\" data-mce-type=\"bookmark\" class=\"mce_SELRES_start\">\ufeff<\/span><span style=\"display: inline-block; width: 0px; overflow: hidden; line-height: 0;\" data-mce-type=\"bookmark\" class=\"mce_SELRES_start\">\ufeff<\/span><\/iframe><\/p>\n<p><i class=\"fas fa-link\"><\/i> FB: <a href=\"https:\/\/www.facebook.com\/FelvidekiCiterazenekar\/\">https:\/\/www.facebook.com\/FelvidekiCiterazenekar\/<\/a><\/p>\n<p>Operettm\u0171sor, a Hevesi S\u00e1ndor Sz\u00ednh\u00e1z m\u0171v\u00e9szeinek m\u0171sora<\/p>\n<p><iframe loading=\"lazy\" title=\"40 \u00e9ves a Hevesi S\u00e1ndor Sz\u00ednh\u00e1z | G\u00e1la -  Debrei Zsuzsanna-Bot G\u00e1bor\" width=\"720\" height=\"405\" src=\"https:\/\/www.youtube.com\/embed\/F7rAlBCRxa8?feature=oembed\" frameborder=\"0\" allow=\"accelerometer; autoplay; clipboard-write; encrypted-media; gyroscope; picture-in-picture; web-share\" referrerpolicy=\"strict-origin-when-cross-origin\" allowfullscreen><\/iframe><\/p>\n<p><i class=\"fas fa-play-circle\"><\/i> <a href=\"https:\/\/www.youtube.com\/@HevesiSandorSzinhaz-Hivatalos\">Youtube: HevesiSandorSzinhaz-Hivatalos<\/a><br \/>\n<i class=\"fas fa-link\"><\/i> <a href=\"https:\/\/www.hevesisandorszinhaz.hu\/\">Hevesi S\u00e1ndor Sz\u00ednh\u00e1z<\/a><\/p>\n<hr \/>\n<p>A programv\u00e1ltoz\u00e1s jog\u00e1t fenntartjuk.<\/p>\n<hr \/>\n<p><em>Rossz id\u0151 eset\u00e9n a program a Sz\u00ednh\u00e1z- \u00e9s hangversenyteremben ker\u00fcl megrendez\u00e9sre.<\/em><\/p>\n<p><a href=\"https:\/\/lendava-lendva.si\/\"><img loading=\"lazy\" decoding=\"async\" class=\"alignnone wp-image-23130 size-large\" src=\"https:\/\/www1.kkl.si\/wp-content\/uploads\/2025\/08\/FB_splosni_FV2025_2A-1500x571.jpg\" alt=\"\" width=\"1500\" height=\"571\" srcset=\"https:\/\/www1.kkl.si\/wp-content\/uploads\/2025\/08\/FB_splosni_FV2025_2A-1500x571.jpg 1500w, https:\/\/www1.kkl.si\/wp-content\/uploads\/2025\/08\/FB_splosni_FV2025_2A-400x152.jpg 400w, https:\/\/www1.kkl.si\/wp-content\/uploads\/2025\/08\/FB_splosni_FV2025_2A.jpg 2000w\" sizes=\"auto, (max-width: 1500px) 100vw, 1500px\" \/><\/a><\/p>\n<p><i class=\"fas fa-link\"><\/i>\u00a0<a href=\"https:\/\/lendava-lendva.si\/\">https:\/\/lendava-lendva.si\/<\/a><\/p>\n","protected":false},"excerpt":{"rendered":"<p>2025. augusztus 28. cs\u00fct\u00f6rt\u00f6k, 18.00 \u00f3r\u00e1t\u00f3l | a lendvai Sz\u00ednh\u00e1z-\u00e9s hangversenyterem ny\u00e1ri sz\u00ednpada kult\u00fara, gasztron\u00f3miai k\u00edn\u00e1lat, zene A bel\u00e9p\u00e9s d\u00edjtalan. Szervez\u0151: Lendvai Turisztikai \u00e9s Fejleszt\u00e9si K\u00f6zint\u00e9zet | T\u00e1rsszervez\u0151: MNMI, Lendva Program: \u201ePitypang itt \u00e9s Pitypang ott&#8230;\u201d, PITYPANG ZENEKAR gyerekeknek Felvid\u00e9ki Barangol\u00e1sok, Felvid\u00e9ki Citerazenekar Operettm\u0171sor, a Hevesi S\u00e1ndor Sz\u00ednh\u00e1z m\u0171v\u00e9szeinek m\u0171sora: Hertelendy Attila, Jurina Be\u00e1ta, Debrei [&hellip;]<\/p>\n","protected":false},"author":2,"featured_media":0,"parent":0,"menu_order":0,"comment_status":"closed","ping_status":"closed","template":"","meta":{"footnotes":""},"class_list":["post-23211","page","type-page","status-publish","hentry","post"],"_links":{"self":[{"href":"https:\/\/www1.kkl.si\/hu\/wp-json\/wp\/v2\/pages\/23211","targetHints":{"allow":["GET"]}}],"collection":[{"href":"https:\/\/www1.kkl.si\/hu\/wp-json\/wp\/v2\/pages"}],"about":[{"href":"https:\/\/www1.kkl.si\/hu\/wp-json\/wp\/v2\/types\/page"}],"author":[{"embeddable":true,"href":"https:\/\/www1.kkl.si\/hu\/wp-json\/wp\/v2\/users\/2"}],"replies":[{"embeddable":true,"href":"https:\/\/www1.kkl.si\/hu\/wp-json\/wp\/v2\/comments?post=23211"}],"version-history":[{"count":2,"href":"https:\/\/www1.kkl.si\/hu\/wp-json\/wp\/v2\/pages\/23211\/revisions"}],"predecessor-version":[{"id":23214,"href":"https:\/\/www1.kkl.si\/hu\/wp-json\/wp\/v2\/pages\/23211\/revisions\/23214"}],"wp:attachment":[{"href":"https:\/\/www1.kkl.si\/hu\/wp-json\/wp\/v2\/media?parent=23211"}],"curies":[{"name":"wp","href":"https:\/\/api.w.org\/{rel}","templated":true}]}}