{"id":23247,"date":"2025-08-27T18:14:12","date_gmt":"2025-08-27T16:14:12","guid":{"rendered":"https:\/\/www1.kkl.si\/?page_id=23247"},"modified":"2025-08-28T09:02:53","modified_gmt":"2025-08-28T07:02:53","slug":"diaxinpad-dobronak-a-bekehez-ero-kell","status":"publish","type":"page","link":"https:\/\/www1.kkl.si\/hu\/diaxinpad-dobronak-a-bekehez-ero-kell\/","title":{"rendered":"Di\u00e1x\u00ednpad Dobronak: A b\u00e9k\u00e9hez er\u0151 kell"},"content":{"rendered":"<div class=\"opis\"><i class=\"fas fa-clock\"><\/i> <strong>2025. szeptember 5-\u00e9n, p\u00e9nteken, 19.00 \u00f3rakor<\/strong> | lendvai Sz\u00ednh\u00e1z- \u00e9s hangversenyterem<img loading=\"lazy\" decoding=\"async\" class=\"alignright\" title=\"Brezpla\u010dna prireditev\" src=\"https:\/\/www1.kkl.si\/wp-content\/uploads\/\/2020\/07\/spored_simb_brezplacna-1.svg\" alt=\"brezplacna\" width=\"30\" height=\"30\" \/><br \/>\n<i class=\"fas fa-chevron-circle-right\"><\/i> <strong>sz\u00edndarab<br \/>\n<\/strong><i class=\"fas fa-exclamation-triangle\"><\/i> <strong>A bel\u00e9p\u00e9s d\u00edjtalan, \u00e9rkez\u00e9si sorrendben, maximum 80 f\u0151ig.<br \/>\n<\/strong>Szervez\u0151: <a href=\"https:\/\/www.mnmi-zkmn.si\/\">MNMI Lendva \u2013 ZKMN Lendava<\/a><\/div>\n<p><em><a href=\"https:\/\/www1.kkl.si\/wp-content\/uploads\/2025\/08\/plakat_a_bekehez_ero_kell.png\" data-lbwps-width=\"456\" data-lbwps-height=\"645\" data-lbwps-srcsmall=\"https:\/\/www1.kkl.si\/wp-content\/uploads\/2025\/08\/plakat_a_bekehez_ero_kell-283x400.png\"><img loading=\"lazy\" decoding=\"async\" class=\"slika alignright wp-image-23238 size-medium\" src=\"https:\/\/www1.kkl.si\/wp-content\/uploads\/2025\/08\/plakat_a_bekehez_ero_kell-283x400.png\" alt=\"\" width=\"283\" height=\"400\" srcset=\"https:\/\/www1.kkl.si\/wp-content\/uploads\/2025\/08\/plakat_a_bekehez_ero_kell-283x400.png 283w, https:\/\/www1.kkl.si\/wp-content\/uploads\/2025\/08\/plakat_a_bekehez_ero_kell.png 456w\" sizes=\"auto, (max-width: 283px) 100vw, 283px\" \/><\/a><\/em><em><span style=\"font-size: 18pt;\">\u201eM\u00e9g nem volt h\u00e1bor\u00fa, \u00e9s m\u00e1r nem volt b\u00e9ke sem.\u201d<\/span><\/em><\/p>\n<p>Kicsiny l\u00e9nyek vagyunk az univerzumban, akik lehet\u0151s\u00e9get kaptunk a l\u00e9tez\u00e9sre. A vil\u00e1g t\u00f6rt\u00e9nelm\u00e9ben par\u00e1nyi r\u00e9sz\u00fcnk volt eddig, igaz kevesebb mint tizenk\u00e9t \u00e9vezred alatt hihetetlen civiliz\u00e1ci\u00f3s eredm\u00e9nyeket \u00e9rt\u00fcnk el.<\/p>\n<p>Mindig voltak nagy \u00e9s kicsi k\u00fczdelmek. Minden korszakban voltak \u00e9p\u00edt\u0151k \u00e9s rombol\u00f3k. S mindenki mag\u00e1ban d\u00f6nti el, hogy \u00e9p\u00edt\u0151je vagy rombol\u00f3ja lesz ennek a vil\u00e1gnak.<\/p>\n<p>Mi hisz\u00fcnk a teremt\u0151 er\u0151ben. Hisz\u00fcnk a mor\u00e1lban, a tisztas\u00e1gban \u00e9s az emberi szellem eg\u00e9szs\u00e9ges j\u00f3zan esz\u00e9ben.<\/p>\n<p>Legal\u00e1bbis hisz\u00fcnk ennek a rem\u00e9nyben.<\/p>\n<p>&nbsp;<\/p>\n<p>Szerepl\u0151k \/ Igrajo: Beno Markovi\u010d, Marcel Magyar, Martin Horvat, Lana Grof, Car Tilen, Rok Je\u017eovnik, Taja Smodi\u0161, Olivia Timar<\/p>\n<p>Koreogr\u00e1fia, technikai seg\u00edts\u00e9g \/ Koreografija, tehni\u010dna pomo\u010d: David Solari\u010d, Eva Na\u0111<\/p>\n<p>Plak\u00e1tterv \/ Oblikovanje: Doris Solari\u010d<\/p>\n<p>Szakmai seg\u00edts\u00e9g \/ Strokovna pomo\u010d: Attila Mess<\/p>\n<p>Rendez\u0151 \/ Re\u017eija: \u0160tampah Miha<\/p>\n<p>&nbsp;<\/p>\n","protected":false},"excerpt":{"rendered":"<p>2025. szeptember 5-\u00e9n, p\u00e9nteken, 19.00 \u00f3rakor | lendvai Sz\u00ednh\u00e1z- \u00e9s hangversenyterem sz\u00edndarab A bel\u00e9p\u00e9s d\u00edjtalan, \u00e9rkez\u00e9si sorrendben, maximum 80 f\u0151ig. Szervez\u0151: MNMI Lendva \u2013 ZKMN Lendava \u201eM\u00e9g nem volt h\u00e1bor\u00fa, \u00e9s m\u00e1r nem volt b\u00e9ke sem.\u201d Kicsiny l\u00e9nyek vagyunk az univerzumban, akik lehet\u0151s\u00e9get kaptunk a l\u00e9tez\u00e9sre. A vil\u00e1g t\u00f6rt\u00e9nelm\u00e9ben par\u00e1nyi r\u00e9sz\u00fcnk volt eddig, igaz kevesebb [&hellip;]<\/p>\n","protected":false},"author":2,"featured_media":23240,"parent":0,"menu_order":0,"comment_status":"closed","ping_status":"closed","template":"","meta":{"footnotes":""},"class_list":["post-23247","page","type-page","status-publish","has-post-thumbnail","hentry","post","post-with-thumbnail","post-with-thumbnail-icon"],"_links":{"self":[{"href":"https:\/\/www1.kkl.si\/hu\/wp-json\/wp\/v2\/pages\/23247","targetHints":{"allow":["GET"]}}],"collection":[{"href":"https:\/\/www1.kkl.si\/hu\/wp-json\/wp\/v2\/pages"}],"about":[{"href":"https:\/\/www1.kkl.si\/hu\/wp-json\/wp\/v2\/types\/page"}],"author":[{"embeddable":true,"href":"https:\/\/www1.kkl.si\/hu\/wp-json\/wp\/v2\/users\/2"}],"replies":[{"embeddable":true,"href":"https:\/\/www1.kkl.si\/hu\/wp-json\/wp\/v2\/comments?post=23247"}],"version-history":[{"count":2,"href":"https:\/\/www1.kkl.si\/hu\/wp-json\/wp\/v2\/pages\/23247\/revisions"}],"predecessor-version":[{"id":23277,"href":"https:\/\/www1.kkl.si\/hu\/wp-json\/wp\/v2\/pages\/23247\/revisions\/23277"}],"wp:featuredmedia":[{"embeddable":true,"href":"https:\/\/www1.kkl.si\/hu\/wp-json\/wp\/v2\/media\/23240"}],"wp:attachment":[{"href":"https:\/\/www1.kkl.si\/hu\/wp-json\/wp\/v2\/media?parent=23247"}],"curies":[{"name":"wp","href":"https:\/\/api.w.org\/{rel}","templated":true}]}}