{"id":23478,"date":"2025-09-02T09:02:16","date_gmt":"2025-09-02T07:02:16","guid":{"rendered":"https:\/\/www1.kkl.si\/?page_id=23478"},"modified":"2025-09-02T09:04:01","modified_gmt":"2025-09-02T07:04:01","slug":"pesti-muvesz-szinhaz-egy-csok-es-mas-semmi","status":"publish","type":"page","link":"https:\/\/www1.kkl.si\/hu\/pesti-muvesz-szinhaz-egy-csok-es-mas-semmi\/","title":{"rendered":"Pesti M\u0171v\u00e9sz Sz\u00ednh\u00e1z: Egy cs\u00f3k \u00e9s m\u00e1s semmi"},"content":{"rendered":"<div class=\"opis\"><i class=\"fas fa-clock\"><\/i> <strong>2025. szeptember 22. h\u00e9tf\u0151, 19.00 \u00f3rakor<\/strong> | lendvai Sz\u00ednh\u00e1z- \u00e9s hangversenyterem<img loading=\"lazy\" decoding=\"async\" class=\"wp-image-1592 alignright\" title=\"Fizet\u0151s rendezv\u00e9ny\" src=\"https:\/\/www1.kkl.si\/wp-content\/uploads\/\/2020\/07\/spored_simb_placljiva-1.svg\" alt=\"placljiva\" width=\"30\" height=\"30\" srcset=\"https:\/\/www1.kkl.si\/wp-content\/uploads\/\/2020\/07\/spored_simb_placljiva-1.svg 150w, https:\/\/www1.kkl.si\/wp-content\/uploads\/\/2020\/07\/spored_simb_placljiva-1.svg 400w, https:\/\/www1.kkl.si\/wp-content\/uploads\/\/2020\/07\/spored_simb_placljiva-1.svg 1500w, https:\/\/www1.kkl.si\/wp-content\/uploads\/\/2020\/07\/spored_simb_placljiva-1.svg 100w\" sizes=\"auto, (max-width: 30px) 100vw, 30px\" \/><img loading=\"lazy\" decoding=\"async\" class=\"wp-image-1584 alignright\" title=\"Magyar b\u00e9rlet\" src=\"https:\/\/www1.kkl.si\/wp-content\/uploads\/\/2020\/07\/spored_simb_abonma_hu-1.svg\" alt=\"abonma_hu\" width=\"30\" height=\"30\" srcset=\"https:\/\/www1.kkl.si\/wp-content\/uploads\/\/2020\/07\/spored_simb_abonma_hu-1.svg 150w, https:\/\/www1.kkl.si\/wp-content\/uploads\/\/2020\/07\/spored_simb_abonma_hu-1.svg 400w, https:\/\/www1.kkl.si\/wp-content\/uploads\/\/2020\/07\/spored_simb_abonma_hu-1.svg 1500w, https:\/\/www1.kkl.si\/wp-content\/uploads\/\/2020\/07\/spored_simb_abonma_hu-1.svg 100w\" sizes=\"auto, (max-width: 30px) 100vw, 30px\" \/><br \/>\n<i class=\"fas fa-chevron-circle-right\"><\/i> <strong>operett, zen\u00e9s v\u00edgj\u00e1t\u00e9k<br \/>\n<\/strong><i class=\"fas fa-ticket-alt\"><\/i>\u00a0Bel\u00e9p\u0151: <strong>20 \u20ac<\/strong>, di\u00e1koknak \u00e9s nyugd\u00edjasoknak <strong>16 \u20ac<\/strong>.<br \/>\nJegyek Lendv\u00e1n a sz\u00ednh\u00e1zban szeptember 15-\u00e9t\u0151l kaphat\u00f3k. P\u00e9nzt\u00e1r: <i class=\"fas fa-phone-alt\"><\/i> +386 (0)2 577 60 24.<br \/>\nSzervez\u0151: <a href=\"https:\/\/www.mnmi-zkmn.si\/\">MNMI Lendva \u2013 ZKMN Lendava<\/a><\/div>\n<p><a href=\"https:\/\/www1.kkl.si\/wp-content\/uploads\/2025\/09\/plakat_B1_egy_csok_2025.jpg\" data-lbwps-width=\"2100\" data-lbwps-height=\"3000\" data-lbwps-srcsmall=\"https:\/\/www1.kkl.si\/wp-content\/uploads\/2025\/09\/plakat_B1_egy_csok_2025.jpg\"><img loading=\"lazy\" decoding=\"async\" class=\"slika alignright wp-image-23417 size-medium\" src=\"https:\/\/www1.kkl.si\/wp-content\/uploads\/2025\/09\/plakat_B1_egy_csok_2025-scaled-280x400.jpg\" alt=\"\" width=\"280\" height=\"400\" srcset=\"https:\/\/www1.kkl.si\/wp-content\/uploads\/2025\/09\/plakat_B1_egy_csok_2025-scaled-280x400.jpg 280w, https:\/\/www1.kkl.si\/wp-content\/uploads\/2025\/09\/plakat_B1_egy_csok_2025-scaled-1050x1500.jpg 1050w, https:\/\/www1.kkl.si\/wp-content\/uploads\/2025\/09\/plakat_B1_egy_csok_2025-scaled.jpg 1792w\" sizes=\"auto, (max-width: 280px) 100vw, 280px\" \/><\/a><strong>SZEREPL\u0150K:<br \/>\nAnnie<\/strong> Fogarassy Bernadett<br \/>\n<strong>S\u00e1ndor<\/strong> Harmath Imre \/\u00a0Egyh\u00e1zi G\u00e9za<br \/>\n<strong>Dr. S\u00e1rk\u00e1ny<\/strong> Straub Dezs\u0151<br \/>\n<strong>Sch\u0151n T\u00f3ni<\/strong>\u00a0Szab\u00f3 Zsuzsa<br \/>\n<strong>P\u00e9ter<\/strong> Straub P\u00e9ter<br \/>\n<strong>Rozi<\/strong> Oszter Alexandra<br \/>\n<strong>Kulhanek eln\u00f6k<\/strong> Fogarassy Andr\u00e1s\/Bodrogi Attila<br \/>\n<strong>Robicsek<\/strong> Benedek Gyula<br \/>\n<strong>Robicsekn\u00e9<\/strong> S\u00e1f\u00e1r Anik\u00f3<br \/>\n<strong>Z\u00f6ldhelyin\u00e9<\/strong> Ullmann Kriszta<br \/>\nvalamint a sz\u00ednh\u00e1z zenekara, B\u00edr\u00f3 Attila vezet\u00e9s\u00e9vel<\/p>\n<p><strong>D\u00edszlet \u2013 jelmez:<\/strong> H\u00faros Annam\u00e1ria<br \/>\n<strong>Koreogr\u00e1fia:<\/strong> Ullmann Kriszta<br \/>\n<strong>Rendez\u0151:<\/strong> Straub Dezs\u0151<\/p>\n<p>Dr. S\u00e1fr\u00e1ny \u00fcgyv\u00e9d legsz\u00edvesebben v\u00e1l\u00f3peres \u00fcgyeket v\u00e1llal: \u00fcgyfelei f\u0151leg tehet\u0151s asszonyok, akik vagy v\u00e1lni akarnak, vagy pont ellenkez\u0151leg, nem akarnak v\u00e1lni. Az \u00fcgyv\u00e9d b\u00e1rmire k\u00e9sz egy j\u00f3 per\u00e9rt, szenved\u00e9llyel \u0171zi szakm\u00e1j\u00e1t \u2013 ha m\u00e1r \u0151 maga nem v\u00e1lhat el a feles\u00e9g\u00e9t\u0151l, legal\u00e1bb m\u00e1sok szabadulhassanak a h\u00e1zass\u00e1gukt\u00f3l. Feles\u00e9g\u00e9nek bar\u00e1tn\u0151je, a fiatal \u00e9s roppant csinos Annie felkeresi dr. S\u00e1fr\u00e1nyt, \u00e1m az \u0151 \u00fcgye eg\u00e9szen elk\u00e9peszt\u0151, s az indok \u00e9s a bizony\u00edt\u00e9kok egy igen k\u00fcl\u00f6n\u00f6s v\u00e1l\u00f3pert sejtetnek. S\u00e1fr\u00e1ny\u00e9kn\u00e1l azonban nemcsak a kliensek, hanem a h\u00e1ziak mag\u00e1n\u00e9lete is viharos: a csel\u00e9dj\u00fcknek, kisbab\u00e1ja sz\u00fcletett, de az apa kil\u00e9t\u00e9t a l\u00e1ny nem hajland\u00f3 el\u00e1rulni. Az \u00fcgyv\u00e9d hosszas faggat\u00e1s\u00e1t egyre nehezebben t\u0171ri, ez\u00e9rt v\u00e9g\u00fcl a telefonk\u00f6nyvben keres apajel\u00f6ltet, noha az igazi apa eg\u00e9szen k\u00f6zel van. A v\u00e1l\u00f3perek \u00e9s az apas\u00e1gi kereset, a csal\u00e1di \u00e9s m\u00e1s csal\u00e1dok \u00e9let\u00e9nek bonyodalmai fergeteges v\u00edgj\u00e1t\u00e9kk\u00e1 dagadnak, mindenkinek akad p\u00e1rja \u00e9s a gyereknek \u00faj pap\u00e1ja \u2013 vagy ink\u00e1bb mam\u00e1ja? A kulcs az ismeretlen Sch\u0151n T\u00f3ni kez\u00e9ben van.<\/p>\n\n\t\t<style type=\"text\/css\">\n\t\t\t#gallery-1 {\n\t\t\t\tmargin: auto;\n\t\t\t}\n\t\t\t#gallery-1 .gallery-item {\n\t\t\t\tfloat: left;\n\t\t\t\tmargin-top: 10px;\n\t\t\t\ttext-align: center;\n\t\t\t\twidth: 16%;\n\t\t\t}\n\t\t\t#gallery-1 img {\n\t\t\t\tborder: 2px solid #cfcfcf;\n\t\t\t}\n\t\t\t#gallery-1 .gallery-caption {\n\t\t\t\tmargin-left: 0;\n\t\t\t}\n\t\t\t\/* see gallery_shortcode() in wp-includes\/media.php *\/\n\t\t<\/style>\n\t\t<div id='gallery-1' class='gallery galleryid-23478 gallery-columns-6 gallery-size-thumbnail'><dl class='gallery-item'>\n\t\t\t<dt class='gallery-icon landscape'>\n\t\t\t\t<a href='https:\/\/www1.kkl.si\/wp-content\/uploads\/2025\/08\/egy-csok-es-mas-semmi01.jpg'><img loading=\"lazy\" decoding=\"async\" width=\"150\" height=\"150\" src=\"https:\/\/www1.kkl.si\/wp-content\/uploads\/2025\/08\/egy-csok-es-mas-semmi01-150x150.jpg\" class=\"attachment-thumbnail size-thumbnail\" alt=\"\" \/><\/a>\n\t\t\t<\/dt><\/dl><dl class='gallery-item'>\n\t\t\t<dt class='gallery-icon portrait'>\n\t\t\t\t<a href='https:\/\/www1.kkl.si\/wp-content\/uploads\/2025\/08\/egy-csok-es-mas-semmi02.jpg'><img loading=\"lazy\" decoding=\"async\" width=\"150\" height=\"150\" src=\"https:\/\/www1.kkl.si\/wp-content\/uploads\/2025\/08\/egy-csok-es-mas-semmi02-150x150.jpg\" class=\"attachment-thumbnail size-thumbnail\" alt=\"\" \/><\/a>\n\t\t\t<\/dt><\/dl><dl class='gallery-item'>\n\t\t\t<dt class='gallery-icon portrait'>\n\t\t\t\t<a href='https:\/\/www1.kkl.si\/wp-content\/uploads\/2025\/08\/egy-csok-es-mas-semmi03-scaled.jpg'><img loading=\"lazy\" decoding=\"async\" width=\"150\" height=\"150\" src=\"https:\/\/www1.kkl.si\/wp-content\/uploads\/2025\/08\/egy-csok-es-mas-semmi03-scaled-150x150.jpg\" class=\"attachment-thumbnail size-thumbnail\" alt=\"\" \/><\/a>\n\t\t\t<\/dt><\/dl><dl class='gallery-item'>\n\t\t\t<dt class='gallery-icon portrait'>\n\t\t\t\t<a href='https:\/\/www1.kkl.si\/wp-content\/uploads\/2025\/08\/egy-csok-es-mas-semmi04-scaled.jpg'><img loading=\"lazy\" decoding=\"async\" width=\"150\" height=\"150\" src=\"https:\/\/www1.kkl.si\/wp-content\/uploads\/2025\/08\/egy-csok-es-mas-semmi04-scaled-150x150.jpg\" class=\"attachment-thumbnail size-thumbnail\" alt=\"\" \/><\/a>\n\t\t\t<\/dt><\/dl><dl class='gallery-item'>\n\t\t\t<dt class='gallery-icon portrait'>\n\t\t\t\t<a href='https:\/\/www1.kkl.si\/wp-content\/uploads\/2025\/08\/egy-csok-es-mas-semmi05-scaled.jpg'><img loading=\"lazy\" decoding=\"async\" width=\"150\" height=\"150\" src=\"https:\/\/www1.kkl.si\/wp-content\/uploads\/2025\/08\/egy-csok-es-mas-semmi05-scaled-150x150.jpg\" class=\"attachment-thumbnail size-thumbnail\" alt=\"\" \/><\/a>\n\t\t\t<\/dt><\/dl><dl class='gallery-item'>\n\t\t\t<dt class='gallery-icon landscape'>\n\t\t\t\t<a href='https:\/\/www1.kkl.si\/wp-content\/uploads\/2025\/08\/egy-csok-es-mas-semmi06.jpg'><img loading=\"lazy\" decoding=\"async\" width=\"150\" height=\"150\" src=\"https:\/\/www1.kkl.si\/wp-content\/uploads\/2025\/08\/egy-csok-es-mas-semmi06-150x150.jpg\" class=\"attachment-thumbnail size-thumbnail\" alt=\"\" \/><\/a>\n\t\t\t<\/dt><\/dl><br style=\"clear: both\" \/>\n\t\t<\/div>\n\n<hr \/>\n<p>VIDE\u00d3AJ\u00c1NL\u00d3<\/p>\n<p><iframe loading=\"lazy\" title=\"Egy cs\u00f3k \u00e9s m\u00e1s semmi\" width=\"720\" height=\"405\" src=\"https:\/\/www.youtube.com\/embed\/OuPhYuGCQc8?feature=oembed\" frameborder=\"0\" allow=\"accelerometer; autoplay; clipboard-write; encrypted-media; gyroscope; picture-in-picture; web-share\" referrerpolicy=\"strict-origin-when-cross-origin\" allowfullscreen><\/iframe><\/p>\n<p><i class=\"fas fa-link\"><\/i> <a href=\"https:\/\/www.pestimuveszszinhaz.hu\/\">pestimuveszszinhaz.hu<\/a><\/p>\n","protected":false},"excerpt":{"rendered":"<p>2025. szeptember 22. h\u00e9tf\u0151, 19.00 \u00f3rakor | lendvai Sz\u00ednh\u00e1z- \u00e9s hangversenyterem operett, zen\u00e9s v\u00edgj\u00e1t\u00e9k \u00a0Bel\u00e9p\u0151: 20 \u20ac, di\u00e1koknak \u00e9s nyugd\u00edjasoknak 16 \u20ac. Jegyek Lendv\u00e1n a sz\u00ednh\u00e1zban szeptember 15-\u00e9t\u0151l kaphat\u00f3k. P\u00e9nzt\u00e1r: +386 (0)2 577 60 24. Szervez\u0151: MNMI Lendva \u2013 ZKMN Lendava SZEREPL\u0150K: Annie Fogarassy Bernadett S\u00e1ndor Harmath Imre \/\u00a0Egyh\u00e1zi G\u00e9za Dr. S\u00e1rk\u00e1ny Straub Dezs\u0151 Sch\u0151n [&hellip;]<\/p>\n","protected":false},"author":2,"featured_media":23417,"parent":0,"menu_order":0,"comment_status":"closed","ping_status":"closed","template":"","meta":{"footnotes":""},"class_list":["post-23478","page","type-page","status-publish","has-post-thumbnail","hentry","post","post-with-thumbnail","post-with-thumbnail-icon"],"_links":{"self":[{"href":"https:\/\/www1.kkl.si\/hu\/wp-json\/wp\/v2\/pages\/23478","targetHints":{"allow":["GET"]}}],"collection":[{"href":"https:\/\/www1.kkl.si\/hu\/wp-json\/wp\/v2\/pages"}],"about":[{"href":"https:\/\/www1.kkl.si\/hu\/wp-json\/wp\/v2\/types\/page"}],"author":[{"embeddable":true,"href":"https:\/\/www1.kkl.si\/hu\/wp-json\/wp\/v2\/users\/2"}],"replies":[{"embeddable":true,"href":"https:\/\/www1.kkl.si\/hu\/wp-json\/wp\/v2\/comments?post=23478"}],"version-history":[{"count":6,"href":"https:\/\/www1.kkl.si\/hu\/wp-json\/wp\/v2\/pages\/23478\/revisions"}],"predecessor-version":[{"id":23484,"href":"https:\/\/www1.kkl.si\/hu\/wp-json\/wp\/v2\/pages\/23478\/revisions\/23484"}],"wp:featuredmedia":[{"embeddable":true,"href":"https:\/\/www1.kkl.si\/hu\/wp-json\/wp\/v2\/media\/23417"}],"wp:attachment":[{"href":"https:\/\/www1.kkl.si\/hu\/wp-json\/wp\/v2\/media?parent=23478"}],"curies":[{"name":"wp","href":"https:\/\/api.w.org\/{rel}","templated":true}]}}