{"id":24263,"date":"2025-09-20T18:38:17","date_gmt":"2025-09-20T16:38:17","guid":{"rendered":"https:\/\/www1.kkl.si\/?page_id=24263"},"modified":"2025-10-02T16:30:53","modified_gmt":"2025-10-02T14:30:53","slug":"miskino-gledalisce-mimi-in-detektiv-vohljac","status":"publish","type":"page","link":"https:\/\/www1.kkl.si\/hu\/miskino-gledalisce-mimi-in-detektiv-vohljac\/","title":{"rendered":"Mi\u0161kino gledali\u0161\u010de: Mimi in detektiv Vohlja\u010d"},"content":{"rendered":"<div class=\"opis\"><i class=\"fas fa-clock\"><\/i> <strong>2025. okt\u00f3ber 4., szombat, 10.30<\/strong> | Lendvai Sz\u00ednh\u00e1z- \u00e9s Hangversenyterem<img loading=\"lazy\" decoding=\"async\" class=\"wp-image-1592 alignright\" title=\"Fizet\u0151s rendezv\u00e9ny\" src=\"https:\/\/www1.kkl.si\/wp-content\/uploads\/\/2020\/07\/spored_simb_placljiva-1.svg\" alt=\"placljiva\" width=\"30\" height=\"30\" srcset=\"https:\/\/www1.kkl.si\/wp-content\/uploads\/\/2020\/07\/spored_simb_placljiva-1.svg 150w, https:\/\/www1.kkl.si\/wp-content\/uploads\/\/2020\/07\/spored_simb_placljiva-1.svg 400w, https:\/\/www1.kkl.si\/wp-content\/uploads\/\/2020\/07\/spored_simb_placljiva-1.svg 1500w, https:\/\/www1.kkl.si\/wp-content\/uploads\/\/2020\/07\/spored_simb_placljiva-1.svg 100w\" sizes=\"auto, (max-width: 30px) 100vw, 30px\" \/><br \/>\n<i class=\"fas fa-chevron-circle-right\"><\/i> <strong>gyerekel\u0151ad\u00e1s szlov\u00e9n nyelven <span class=\"starost\">3+<\/span><br \/>\n<\/strong><i class=\"fas fa-ticket-alt\"><\/i> Bel\u00e9p\u0151d\u00edj: <strong>3 \u20ac<\/strong><br \/>\nP\u00e9nzt\u00e1r: <i class=\"fas fa-phone-alt\"><\/i> +386 (0)2 577 60 24.<br \/>\nSzervez\u0151: <a href=\"https:\/\/www.kkl.si\/\">Knji\u017enica \u2013 Kulturni center Lendava \u2013 Lendvai K\u00f6nyvt\u00e1r \u00e9s Kultur\u00e1lis K\u00f6zpont<\/a><\/div>\n<p><strong><a href=\"https:\/\/www1.kkl.si\/wp-content\/uploads\/2025\/09\/plakat_B2_detektiv_vohljac_2025_DVOJ.jpg\" data-lbwps-width=\"2143\" data-lbwps-height=\"3000\" data-lbwps-srcsmall=\"https:\/\/www1.kkl.si\/wp-content\/uploads\/2025\/09\/plakat_B2_detektiv_vohljac_2025_DVOJ.jpg\"><img loading=\"lazy\" decoding=\"async\" class=\"size-medium wp-image-23600 alignright\" src=\"https:\/\/www1.kkl.si\/wp-content\/uploads\/2025\/09\/plakat_B2_detektiv_vohljac_2025_DVOJ-scaled-286x400.jpg\" alt=\"\" width=\"286\" height=\"400\" srcset=\"https:\/\/www1.kkl.si\/wp-content\/uploads\/2025\/09\/plakat_B2_detektiv_vohljac_2025_DVOJ-scaled-286x400.jpg 286w, https:\/\/www1.kkl.si\/wp-content\/uploads\/2025\/09\/plakat_B2_detektiv_vohljac_2025_DVOJ-scaled-1072x1500.jpg 1072w, https:\/\/www1.kkl.si\/wp-content\/uploads\/2025\/09\/plakat_B2_detektiv_vohljac_2025_DVOJ-scaled.jpg 1829w\" sizes=\"auto, (max-width: 286px) 100vw, 286px\" \/><\/a><\/strong><em>Szlov\u00e9n le\u00edr\u00e1s:<\/em><\/p>\n<p><strong>SPREJ PROTI PO\u0160ASTIM<\/strong><br \/>\n<em>Najnovej\u0161a predstava Mi\u0161kinega gledali\u0161\u010da<\/em><\/p>\n<p>O PREDSTAVI:<\/p>\n<p>Ko pade tema, za\u010dnejo buriti otro\u0161ko domi\u0161ljijo \u010dudni zvoki, ki prihajajo iz prostora pod posteljo, iz notranjosti otro\u0161ke omare in iz \u0161katle z igra\u010dami. Kdo so majhne \u00bbpo\u0161astice\u00ab, skrivnostni stanovalci v otro\u0161kih sobicah, zaradi katerih otroci ve\u010dkrat pokli\u010dejo mamice in o\u010dke na pomo\u010d in zaradi katerih v\u010dasih ne morejo zaspati? Kako to, da o\u017eivijo le pono\u010di in kako to, da jih vidijo le otroci?<\/p>\n<p>Vse to se spra\u0161uje tudi bojazljiva mi\u0161ka Mimi, ki s pomo\u010djo iznajdljivega pasjega detektiva Vohlja\u010da in otrok preizkusi \u010darobni sprej proti po\u0161astim. A sprej res deluje? A bo pregnal vsiljive po\u0161astice iz njene sobe in ali bo slavni detektiv izvohal kaj tako smrdi?<\/p>\n<p>Predstava s svojo originalnostjo, humorjem in \u010dudovito scenografijo navdu\u0161uje otroke ter jih u\u010di, da se moramo soo\u010diti s strahovi . Tako kaj hitro spoznamo, da ima strah samo velike o\u010di, malo smrdi, okoli pa ga ni\u010d ni.<\/p>\n<p><strong>Vloga gledalcev:<\/strong> Pomagajo pripraviti \u010dude\u017eni sprej proti po\u0161astim in se nau\u010dijo, kako si ga lahko pripravijo tudi doma.<br \/>\n<strong>Trajanje predstave:<\/strong> 35 min<br \/>\n<strong>Igralska zasedba:<\/strong> Mi\u0161a Geri\u010d \u0160pacapan, Ana Ra\u0161\u010dan, Luka Slavic, Martin Gerbec, Julija Ipavec<\/p>\n<p><a href=\"https:\/\/www1.kkl.si\/wp-content\/uploads\/2025\/09\/detektiv2.jpg\" data-lbwps-width=\"1000\" data-lbwps-height=\"1000\" data-lbwps-srcsmall=\"https:\/\/www1.kkl.si\/wp-content\/uploads\/2025\/09\/detektiv2-400x400.jpg\"><img loading=\"lazy\" decoding=\"async\" class=\"alignnone size-medium wp-image-23613\" src=\"https:\/\/www1.kkl.si\/wp-content\/uploads\/2025\/09\/detektiv2-400x400.jpg\" alt=\"\" width=\"400\" height=\"400\" srcset=\"https:\/\/www1.kkl.si\/wp-content\/uploads\/2025\/09\/detektiv2-400x400.jpg 400w, https:\/\/www1.kkl.si\/wp-content\/uploads\/2025\/09\/detektiv2-150x150.jpg 150w, https:\/\/www1.kkl.si\/wp-content\/uploads\/2025\/09\/detektiv2.jpg 1000w\" sizes=\"auto, (max-width: 400px) 100vw, 400px\" \/><\/a>\u00a0 \u00a0 \u00a0<a href=\"https:\/\/www1.kkl.si\/wp-content\/uploads\/2025\/09\/detektiv3.jpg\" data-lbwps-width=\"1000\" data-lbwps-height=\"1000\" data-lbwps-srcsmall=\"https:\/\/www1.kkl.si\/wp-content\/uploads\/2025\/09\/detektiv3-400x400.jpg\"><img loading=\"lazy\" decoding=\"async\" class=\"alignnone wp-image-23616 size-medium\" src=\"https:\/\/www1.kkl.si\/wp-content\/uploads\/2025\/09\/detektiv3-400x400.jpg?_t=1758468573\" alt=\"\" width=\"400\" height=\"400\" srcset=\"https:\/\/www1.kkl.si\/wp-content\/uploads\/2025\/09\/detektiv3-400x400.jpg 400w, https:\/\/www1.kkl.si\/wp-content\/uploads\/2025\/09\/detektiv3-150x150.jpg 150w, https:\/\/www1.kkl.si\/wp-content\/uploads\/2025\/09\/detektiv3.jpg 1000w\" sizes=\"auto, (max-width: 400px) 100vw, 400px\" \/><\/a><\/p>\n<blockquote>\n<p><strong>GLAS O NAS<\/strong><br \/>\n\u00bbPremierno smo predstavo izvedli v Tednu otroka 2017. Sprej proti po\u0161astim je aktualna, druga\u010dna, humorna, predvsem pa pou\u010dna zgodba, ki nas vse, tako velike kot majhne, u\u010di, kako se spoprijeti s svojimi strahovi. Predstava bo razburkala va\u0161o domi\u0161ljijo, vas nasmejala do solz ter spomnila na to, kako je biti otrok. Na druga\u010den, inovativen na\u010din bomo tudi star\u0161em in vzgojiteljem prikazali, kako lahko z malo domi\u0161ljije in inovativnosti pomagamo otrokom premagati strah.\u00ab<\/p>\n<p>Mi\u0161a Geri\u010d \u0160pacapan, direktorica in umetni\u0161ki vodja<br \/>\nMi\u0161kinega gledali\u0161\u010da<\/p>\n<\/blockquote>\n<hr \/>\n<p>Namenjena otrokom: 3+<\/p>\n<hr \/>\n<p><i class=\"fas fa-link\"><\/i> <a href=\"https:\/\/www.miskinogledalisce.com\/detektiv.html\">Mi\u0161kino gledali\u0161\u010de<\/a><\/p>\n","protected":false},"excerpt":{"rendered":"<p>2025. okt\u00f3ber 4., szombat, 10.30 | Lendvai Sz\u00ednh\u00e1z- \u00e9s Hangversenyterem gyerekel\u0151ad\u00e1s szlov\u00e9n nyelven 3+ Bel\u00e9p\u0151d\u00edj: 3 \u20ac P\u00e9nzt\u00e1r: +386 (0)2 577 60 24. Szervez\u0151: Knji\u017enica \u2013 Kulturni center Lendava \u2013 Lendvai K\u00f6nyvt\u00e1r \u00e9s Kultur\u00e1lis K\u00f6zpont Szlov\u00e9n le\u00edr\u00e1s: SPREJ PROTI PO\u0160ASTIM Najnovej\u0161a predstava Mi\u0161kinega gledali\u0161\u010da O PREDSTAVI: Ko pade tema, za\u010dnejo buriti otro\u0161ko domi\u0161ljijo \u010dudni zvoki, [&hellip;]<\/p>\n","protected":false},"author":2,"featured_media":23602,"parent":0,"menu_order":0,"comment_status":"closed","ping_status":"closed","template":"","meta":{"footnotes":""},"class_list":["post-24263","page","type-page","status-publish","has-post-thumbnail","hentry","post","post-with-thumbnail","post-with-thumbnail-icon"],"_links":{"self":[{"href":"https:\/\/www1.kkl.si\/hu\/wp-json\/wp\/v2\/pages\/24263","targetHints":{"allow":["GET"]}}],"collection":[{"href":"https:\/\/www1.kkl.si\/hu\/wp-json\/wp\/v2\/pages"}],"about":[{"href":"https:\/\/www1.kkl.si\/hu\/wp-json\/wp\/v2\/types\/page"}],"author":[{"embeddable":true,"href":"https:\/\/www1.kkl.si\/hu\/wp-json\/wp\/v2\/users\/2"}],"replies":[{"embeddable":true,"href":"https:\/\/www1.kkl.si\/hu\/wp-json\/wp\/v2\/comments?post=24263"}],"version-history":[{"count":3,"href":"https:\/\/www1.kkl.si\/hu\/wp-json\/wp\/v2\/pages\/24263\/revisions"}],"predecessor-version":[{"id":24304,"href":"https:\/\/www1.kkl.si\/hu\/wp-json\/wp\/v2\/pages\/24263\/revisions\/24304"}],"wp:featuredmedia":[{"embeddable":true,"href":"https:\/\/www1.kkl.si\/hu\/wp-json\/wp\/v2\/media\/23602"}],"wp:attachment":[{"href":"https:\/\/www1.kkl.si\/hu\/wp-json\/wp\/v2\/media?parent=24263"}],"curies":[{"name":"wp","href":"https:\/\/api.w.org\/{rel}","templated":true}]}}