{"id":24295,"date":"2025-10-02T16:23:36","date_gmt":"2025-10-02T14:23:36","guid":{"rendered":"https:\/\/www1.kkl.si\/?page_id=24295"},"modified":"2025-10-02T16:31:20","modified_gmt":"2025-10-02T14:31:20","slug":"veres-1-szinhaz-szep-nyari-nap","status":"publish","type":"page","link":"https:\/\/www1.kkl.si\/hu\/veres-1-szinhaz-szep-nyari-nap\/","title":{"rendered":"Veres 1 Sz\u00ednh\u00e1z: Sz\u00e9p ny\u00e1ri nap"},"content":{"rendered":"<div class=\"opis\"><i class=\"fas fa-clock\"><\/i> <strong>2025. okt\u00f3ber 13. h\u00e9tf\u0151, 19.00 \u00f3rakor<\/strong> | Lendvai Sz\u00ednh\u00e1z- \u00e9s Hangversenyterem<img loading=\"lazy\" decoding=\"async\" class=\"wp-image-1592 alignright\" title=\"Fizet\u0151s rendezv\u00e9ny\" src=\"https:\/\/www1.kkl.si\/wp-content\/uploads\/\/2020\/07\/spored_simb_placljiva-1.svg\" alt=\"placljiva\" width=\"30\" height=\"30\" srcset=\"https:\/\/www1.kkl.si\/wp-content\/uploads\/\/2020\/07\/spored_simb_placljiva-1.svg 150w, https:\/\/www1.kkl.si\/wp-content\/uploads\/\/2020\/07\/spored_simb_placljiva-1.svg 400w, https:\/\/www1.kkl.si\/wp-content\/uploads\/\/2020\/07\/spored_simb_placljiva-1.svg 1500w, https:\/\/www1.kkl.si\/wp-content\/uploads\/\/2020\/07\/spored_simb_placljiva-1.svg 100w\" sizes=\"auto, (max-width: 30px) 100vw, 30px\" \/><img loading=\"lazy\" decoding=\"async\" class=\"wp-image-1584 alignright\" title=\"Magyar b\u00e9rlet\" src=\"https:\/\/www1.kkl.si\/wp-content\/uploads\/\/2020\/07\/spored_simb_abonma_hu-1.svg\" alt=\"abonma_hu\" width=\"30\" height=\"30\" srcset=\"https:\/\/www1.kkl.si\/wp-content\/uploads\/\/2020\/07\/spored_simb_abonma_hu-1.svg 150w, https:\/\/www1.kkl.si\/wp-content\/uploads\/\/2020\/07\/spored_simb_abonma_hu-1.svg 400w, https:\/\/www1.kkl.si\/wp-content\/uploads\/\/2020\/07\/spored_simb_abonma_hu-1.svg 1500w, https:\/\/www1.kkl.si\/wp-content\/uploads\/\/2020\/07\/spored_simb_abonma_hu-1.svg 100w\" sizes=\"auto, (max-width: 30px) 100vw, 30px\" \/><br \/>\n<i class=\"fas fa-chevron-circle-right\"><\/i> <strong>Neoton musical k\u00e9t r\u00e9szben<br \/>\n<\/strong><i class=\"fas fa-ticket-alt\"><\/i> Bel\u00e9p\u0151: <strong>25 \u20ac<\/strong>, di\u00e1koknak \u00e9s nyugd\u00edjasoknak <strong>20 \u20ac<\/strong>.<br \/>\nJegyek Lendv\u00e1n a sz\u00ednh\u00e1zban okt\u00f3ber 6-\u00e1t\u00f3l kaphat\u00f3k. P\u00e9nzt\u00e1r: <i class=\"fas fa-phone-alt\"><\/i> +386 (0)2 577 60 24.<br \/>\nSzervez\u0151: <a href=\"https:\/\/www.mnmi-zkmn.si\/\">MNMI Lendva \u2013 ZKMN Lendava<\/a><\/div>\n<p><strong><a href=\"https:\/\/www1.kkl.si\/wp-content\/uploads\/2025\/10\/plakat_B1_szep_nyari_nap_2025.jpg\" data-lbwps-width=\"2121\" data-lbwps-height=\"3000\" data-lbwps-srcsmall=\"https:\/\/www1.kkl.si\/wp-content\/uploads\/2025\/10\/plakat_B1_szep_nyari_nap_2025.jpg\"><img loading=\"lazy\" decoding=\"async\" class=\"wp-image-24292 size-medium alignright\" src=\"https:\/\/www1.kkl.si\/wp-content\/uploads\/2025\/10\/plakat_B1_szep_nyari_nap_2025-scaled-283x400.jpg\" alt=\"\" width=\"283\" height=\"400\" \/><\/a><\/strong>Veres 1 Sz\u00ednh\u00e1z | <strong>B\u00f6hm Gy\u00f6rgy \u2013 Korcsm\u00e1ros Gy\u00f6rgy \u2013 P\u00e1sztor L\u00e1szl\u00f3 \u2013 Jakab Gy\u00f6rgy \u2013 Hatvani Emese:<\/strong><br \/>\n<span style=\"font-size: 18pt;\"><strong>Sz\u00e9p ny\u00e1ri nap<\/strong><\/span><\/p>\n<p><em>NEOTON MUSICAL k\u00e9t r\u00e9szben<\/em><\/p>\n<h5><strong>Szerepl\u0151k:<\/strong><\/h5>\n<p>Varga P\u00e9ter: <strong>MECHLE CHRISTIAN<\/strong><br \/>\nKov\u00e1cs J\u00falia: <strong>HOLCZINGER SZANDRA<br \/>\n<\/strong>Marg\u00f3:\u00a0<strong>BAJOR LILI<br \/>\n<\/strong>Ria:\u00a0<strong>CS\u00c1KI EDINA<br \/>\n<\/strong>Sanya:<strong>\u00a0VINCZE M\u00c1RTON<br \/>\n<\/strong>\u00d6csi:\u00a0<strong>KRAJNIK-BALOGH G\u00c1BOR<br \/>\n<\/strong>Panni n\u00e9ni: <strong>N\u00c1RAY ERIKA<br \/>\n<\/strong>T\u00f3th Antal: <strong>HARNA P\u00c9TER<br \/>\n<\/strong>T\u00e9szab\u00f3:\u00a0<strong>P\u00c1L TAM\u00c1S<br \/>\n<\/strong>R\u00f3zsika:\u00a0<strong>ZORGEL ENIK\u0150<br \/>\n<\/strong>Kov\u00e1cs Jen\u0151:\u00a0<strong>JANIK L\u00c1SZL\u00d3<br \/>\n<\/strong>A Pesti M\u0171v\u00e9szn\u0151:\u00a0<strong>F\u00c9S\u0170S NELLY<\/strong><\/p>\n<p>Tov\u00e1bb\u00e1 fi\u00fak, l\u00e1nyok, az \u00e9p\u00edt\u0151t\u00e1bor lak\u00f3i; valamint a b\u00e1csszentm\u00e1riai Szovjet-Magyar Bar\u00e1ts\u00e1g TSZ paradicsom-feldolgoz\u00f3 mell\u00e9k\u00fczem\u00e1g\u00e1nak dolgoz\u00f3i: <strong>B\u00c9LI TITANILLA, <\/strong><b>F\u00c9S\u0170S \u00c1KOS, G\u00c9CZI OL\u00cdVIA, KISS CSINSZKA FL\u00d3RA, KOV\u00c1CS DOMINIK R\u00d3BERT, KOV\u00c1CS KRIST\u00d3F<\/b><\/p>\n<p>S\u00fag\u00f3: <strong>Paku \u00c9va<\/strong><br \/>\nRendez\u0151asszisztens: <strong>Czip\u00f3 Gabriella<\/strong>, <strong>Cs\u00e1nyi Erika<\/strong><br \/>\nD\u00edszlettervez\u0151:\u00a0<strong>Michac G\u00e1bor<\/strong><br \/>\nJelmeztervez\u0151:\u00a0<strong>Kemenesi T\u00fcnde<\/strong><br \/>\nKoreogr\u00e1fus:\u00a0<strong>Bak\u00f3 G\u00e1bor<br \/>\n<\/strong>Koreogr\u00e1fus-asszisztens: <strong>G\u00e9czi Ol\u00edvia<\/strong><br \/>\nZenei vezet\u0151:\u00a0<strong>Nyitrai L\u00e1szl\u00f3<\/strong><\/p>\n<p>Rendez\u0151:\u00a0<strong>B\u00d6HM GY\u00d6RGY\u00a0<\/strong><i>J\u00e1szai- \u00e9s N\u00e1dasdy K\u00e1lm\u00e1n-d\u00edjas<\/i><\/p>\n<p><iframe loading=\"lazy\" title=\"Sz\u00e9p ny\u00e1ri nap - a Neoton musical -  trailer - a Veres 1 Sz\u00ednh\u00e1z el\u0151ad\u00e1sa\" width=\"720\" height=\"405\" src=\"https:\/\/www.youtube.com\/embed\/9wovvcrcghs?feature=oembed\" frameborder=\"0\" allow=\"accelerometer; autoplay; clipboard-write; encrypted-media; gyroscope; picture-in-picture; web-share\" referrerpolicy=\"strict-origin-when-cross-origin\" allowfullscreen><\/iframe><\/p>\n<p>&nbsp;<\/p>\n<p style=\"padding-left: 40px;\"><span style=\"font-size: 18pt;\"><em>Sz\u00e9p ny\u00e1ri nap \/ Foltos farmerek az \u00fat ment\u00e9n \/ Sz\u00e9p ny\u00e1ri nap \/ Sokan v\u00e1ndorolnak \u00fagy, mint \u00e9n \u2013\u00a0<\/em>hangzik fel a Neoton V\u00e1ndor\u00e9nek c\u00edm\u0171 sl\u00e1gere a Veres 1 Sz\u00ednh\u00e1z \u00faj el\u0151ad\u00e1s\u00e1ban.<\/span><\/p>\n<p>&nbsp;<\/p>\n<p>A\u00a0<strong>Sz\u00e9p ny\u00e1ri nap c\u00edm\u0171 musical<\/strong>\u00a0valamikor a hetvenes \u00e9vekben j\u00e1tsz\u00f3dik B\u00e1csszentm\u00e1ri\u00e1n, egy olyan \u00e9p\u00edt\u0151t\u00e1borban, amelyik k\u00f6zel van a jugoszl\u00e1v hat\u00e1rhoz. Ennek fontos szerepe van a t\u00f6rt\u00e9netben. A humorral \u00e9s ir\u00f3ni\u00e1val \u00e1tsz\u0151tt musical szerepl\u0151i fiatalok, akik \u201e\u00f6nk\u00e9nt\u201d v\u00e1llalt\u00e1k a ny\u00e1ri mel\u00f3t.<\/p>\n<p>A t\u00e1borparancsnok T\u00f3th Antal a Szovjet- Magyar Bar\u00e1ts\u00e1g TSZ paradicsom-feldolgoz\u00f3 mell\u00e9k\u00fczem\u00e1g\u00e1nak vezet\u0151je, helyettese Kov\u00e1cs Jen\u0151n\u00e9, azaz Panni n\u00e9ni, az orosz tan\u00e1rn\u0151. Juli, Panni n\u00e9ni KISZ-titk\u00e1r l\u00e1nya, beleszeret a frissen \u00e9retts\u00e9gizett Varga P\u00e9terbe, aki szociol\u00f3gusnak k\u00e9sz\u00fcl. P\u00e9ter \u00e9desapja 56 ut\u00e1n disszid\u00e1lt. A k\u00e9t k\u00fcl\u00f6nb\u00f6z\u0151 neveltet\u00e9s\u0171 fiatal szerelm\u00e9t sokan nem n\u00e9zik j\u00f3 szemmel.<\/p>\n<p>Az \u00e9p\u00edt\u0151t\u00e1bor t\u00f6bbi lak\u00f3ja is pesti tin\u00e9dzser, akik ezeken a sz\u00e9p ny\u00e1ri napokon teszik azt, amit minden fiatal, vagyis dolgoznak, sz\u00f3rakoznak, \u00f6sszevesznek, kib\u00e9k\u00fclnek, szerelmesek lesznek, de legf\u0151k\u00e9pp \u00e9nekelnek \u00e9s t\u00e1ncolnak\u00a0<strong>a m\u00e1ig n\u00e9pszer\u0171 Neoton sl\u00e1gerekre<\/strong>.<\/p>\n<p>Dr. S\u00e1fr\u00e1ny \u00fcgyv\u00e9d legsz\u00edvesebben v\u00e1l\u00f3peres \u00fcgyeket v\u00e1llal: \u00fcgyfelei f\u0151leg tehet\u0151s asszonyok, akik vagy v\u00e1lni akarnak, vagy pont ellenkez\u0151leg, nem akarnak v\u00e1lni. Az \u00fcgyv\u00e9d b\u00e1rmire k\u00e9sz egy j\u00f3 per\u00e9rt, szenved\u00e9llyel \u0171zi szakm\u00e1j\u00e1t \u2013 ha m\u00e1r \u0151 maga nem v\u00e1lhat el a feles\u00e9g\u00e9t\u0151l, legal\u00e1bb m\u00e1sok szabadulhassanak a h\u00e1zass\u00e1gukt\u00f3l. Feles\u00e9g\u00e9nek bar\u00e1tn\u0151je, a fiatal \u00e9s roppant csinos Annie felkeresi dr. S\u00e1fr\u00e1nyt, \u00e1m az \u0151 \u00fcgye eg\u00e9szen elk\u00e9peszt\u0151, s az indok \u00e9s a bizony\u00edt\u00e9kok egy igen k\u00fcl\u00f6n\u00f6s v\u00e1l\u00f3pert sejtetnek. S\u00e1fr\u00e1ny\u00e9kn\u00e1l azonban nemcsak a kliensek, hanem a h\u00e1ziak mag\u00e1n\u00e9lete is viharos: a csel\u00e9dj\u00fcknek, kisbab\u00e1ja sz\u00fcletett, de az apa kil\u00e9t\u00e9t a l\u00e1ny nem hajland\u00f3 el\u00e1rulni. Az \u00fcgyv\u00e9d hosszas faggat\u00e1s\u00e1t egyre nehezebben t\u0171ri, ez\u00e9rt v\u00e9g\u00fcl a telefonk\u00f6nyvben keres apajel\u00f6ltet, noha az igazi apa eg\u00e9szen k\u00f6zel van. A v\u00e1l\u00f3perek \u00e9s az apas\u00e1gi kereset, a csal\u00e1di \u00e9s m\u00e1s csal\u00e1dok \u00e9let\u00e9nek bonyodalmai fergeteges v\u00edgj\u00e1t\u00e9kk\u00e1 dagadnak, mindenkinek akad p\u00e1rja \u00e9s a gyereknek \u00faj pap\u00e1ja \u2013 vagy ink\u00e1bb mam\u00e1ja? A kulcs az ismeretlen Sch\u0151n T\u00f3ni kez\u00e9ben van.<\/p>\n<p>&nbsp;<\/p>\n<p style=\"padding-left: 40px;\"><span style=\"font-size: 18pt;\">Kell, hogy v\u00e1rj, K\u00e9tsz\u00e1zh\u00fasz felett, Santa Maria, Don Quijote, Pago Pago, Ha szombat este t\u00e1ncol, Tini-dal, Holnap hajnalig \u00e9s m\u00e9g sok m\u00e1s dal is elhangzik az el\u0151ad\u00e1sban.<\/span><\/p>\n<p>&nbsp;<\/p>\n<p>A Neoton dalok mind a mai napig nem hi\u00e1nyoznak egyetlen valamireval\u00f3 h\u00e1zibulib\u00f3l sem \u2013 korra val\u00f3 tekintet n\u00e9lk\u00fcl! Tal\u00e1n nem t\u00falz\u00e1s azt \u00e1ll\u00edtani, hogy ezek a sl\u00e1gerek\u00a0<strong>ma Magyarorsz\u00e1gon ugyanolyan n\u00e9pszer\u0171ek, mint az ABBA egy\u00fcttes dalai<\/strong>.<\/p>\n<p>\u00c9s t\u00f6bb, mint harminc \u00e9vvel a rendszerv\u00e1lt\u00e1s ut\u00e1n m\u00e1r felh\u0151tlen\u00fcl nevet\u00fcnk m\u00faltunkon!??<\/p>\n<hr \/>\n<p>A Veres 1 Sz\u00ednh\u00e1z saj\u00e1t produkci\u00f3ja.<\/p>\n<hr \/>\n<p><em>Az el\u0151ad\u00e1st\u00a0<strong>Korcsm\u00e1ros Gy\u00f6rgy<\/strong>\u00a0eml\u00e9k\u00e9nek aj\u00e1nljuk.<\/em><\/p>\n<p>&nbsp;<\/p>\n\n\t\t<style type=\"text\/css\">\n\t\t\t#gallery-1 {\n\t\t\t\tmargin: auto;\n\t\t\t}\n\t\t\t#gallery-1 .gallery-item {\n\t\t\t\tfloat: left;\n\t\t\t\tmargin-top: 10px;\n\t\t\t\ttext-align: center;\n\t\t\t\twidth: 16%;\n\t\t\t}\n\t\t\t#gallery-1 img {\n\t\t\t\tborder: 2px solid #cfcfcf;\n\t\t\t}\n\t\t\t#gallery-1 .gallery-caption {\n\t\t\t\tmargin-left: 0;\n\t\t\t}\n\t\t\t\/* see gallery_shortcode() in wp-includes\/media.php *\/\n\t\t<\/style>\n\t\t<div id='gallery-1' class='gallery galleryid-24295 gallery-columns-6 gallery-size-thumbnail'><dl class='gallery-item'>\n\t\t\t<dt class='gallery-icon landscape'>\n\t\t\t\t<a href='https:\/\/www1.kkl.si\/wp-content\/uploads\/2025\/08\/szep-nyari-nap-veres-1_1.jpg'><img loading=\"lazy\" decoding=\"async\" width=\"150\" height=\"150\" src=\"https:\/\/www1.kkl.si\/wp-content\/uploads\/2025\/08\/szep-nyari-nap-veres-1_1-150x150.jpg\" class=\"attachment-thumbnail size-thumbnail\" alt=\"\" \/><\/a>\n\t\t\t<\/dt><\/dl><dl class='gallery-item'>\n\t\t\t<dt class='gallery-icon landscape'>\n\t\t\t\t<a href='https:\/\/www1.kkl.si\/wp-content\/uploads\/2025\/08\/szep-nyari-nap-veres-1_2.jpg'><img loading=\"lazy\" decoding=\"async\" width=\"150\" height=\"150\" src=\"https:\/\/www1.kkl.si\/wp-content\/uploads\/2025\/08\/szep-nyari-nap-veres-1_2-150x150.jpg\" class=\"attachment-thumbnail size-thumbnail\" alt=\"\" \/><\/a>\n\t\t\t<\/dt><\/dl><dl class='gallery-item'>\n\t\t\t<dt class='gallery-icon landscape'>\n\t\t\t\t<a href='https:\/\/www1.kkl.si\/wp-content\/uploads\/2025\/08\/szep-nyari-nap-veres-1_3.jpg'><img loading=\"lazy\" decoding=\"async\" width=\"150\" height=\"150\" src=\"https:\/\/www1.kkl.si\/wp-content\/uploads\/2025\/08\/szep-nyari-nap-veres-1_3-150x150.jpg\" class=\"attachment-thumbnail size-thumbnail\" alt=\"\" \/><\/a>\n\t\t\t<\/dt><\/dl><dl class='gallery-item'>\n\t\t\t<dt class='gallery-icon landscape'>\n\t\t\t\t<a href='https:\/\/www1.kkl.si\/wp-content\/uploads\/2025\/08\/szep-nyari-nap-veres-1_4.jpg'><img loading=\"lazy\" decoding=\"async\" width=\"150\" height=\"150\" src=\"https:\/\/www1.kkl.si\/wp-content\/uploads\/2025\/08\/szep-nyari-nap-veres-1_4-150x150.jpg\" class=\"attachment-thumbnail size-thumbnail\" alt=\"\" \/><\/a>\n\t\t\t<\/dt><\/dl><dl class='gallery-item'>\n\t\t\t<dt class='gallery-icon landscape'>\n\t\t\t\t<a href='https:\/\/www1.kkl.si\/wp-content\/uploads\/2025\/08\/szep-nyari-nap-veres-1_5.jpg'><img loading=\"lazy\" decoding=\"async\" width=\"150\" height=\"150\" src=\"https:\/\/www1.kkl.si\/wp-content\/uploads\/2025\/08\/szep-nyari-nap-veres-1_5-150x150.jpg\" class=\"attachment-thumbnail size-thumbnail\" alt=\"\" \/><\/a>\n\t\t\t<\/dt><\/dl><dl class='gallery-item'>\n\t\t\t<dt class='gallery-icon landscape'>\n\t\t\t\t<a href='https:\/\/www1.kkl.si\/wp-content\/uploads\/2025\/08\/szep-nyari-nap-veres-1_6.jpg'><img loading=\"lazy\" decoding=\"async\" width=\"150\" height=\"150\" src=\"https:\/\/www1.kkl.si\/wp-content\/uploads\/2025\/08\/szep-nyari-nap-veres-1_6-150x150.jpg\" class=\"attachment-thumbnail size-thumbnail\" alt=\"\" \/><\/a>\n\t\t\t<\/dt><\/dl><br style=\"clear: both\" \/>\n\t\t<\/div>\n\n<p>Az el\u0151ad\u00e1s id\u0151tartama: kb. 175 perc egy sz\u00fcnettel<\/p>\n<p><i class=\"fas fa-link\"><\/i> <a href=\"https:\/\/veres1szinhaz.hu\/musor\/szep-nyari-nap-budapest\/\">veres1szinhaz.hu<\/a><\/p>\n<hr \/>\n<p>MNMI Magyar sz\u00ednh\u00e1zi b\u00e9rlet Lendv\u00e1n 2025\/26<\/p>\n<p><a href=\"https:\/\/www1.kkl.si\/hu\/magyar-szinhazi-berlet-2025-26\/\"><img loading=\"lazy\" decoding=\"async\" class=\"alignnone wp-image-23335 size-large\" src=\"https:\/\/www1.kkl.si\/wp-content\/uploads\/2025\/08\/2025_08_30_HU_berlet-1500x400.png\" alt=\"\" width=\"1500\" height=\"400\" srcset=\"https:\/\/www1.kkl.si\/wp-content\/uploads\/2025\/08\/2025_08_30_HU_berlet.png 1500w, https:\/\/www1.kkl.si\/wp-content\/uploads\/2025\/08\/2025_08_30_HU_berlet-400x107.png 400w\" sizes=\"auto, (max-width: 1500px) 100vw, 1500px\" \/><\/a><\/p>\n","protected":false},"excerpt":{"rendered":"<p>2025. okt\u00f3ber 13. h\u00e9tf\u0151, 19.00 \u00f3rakor | Lendvai Sz\u00ednh\u00e1z- \u00e9s Hangversenyterem Neoton musical k\u00e9t r\u00e9szben Bel\u00e9p\u0151: 25 \u20ac, di\u00e1koknak \u00e9s nyugd\u00edjasoknak 20 \u20ac. Jegyek Lendv\u00e1n a sz\u00ednh\u00e1zban okt\u00f3ber 6-\u00e1t\u00f3l kaphat\u00f3k. P\u00e9nzt\u00e1r: +386 (0)2 577 60 24. Szervez\u0151: MNMI Lendva \u2013 ZKMN Lendava Veres 1 Sz\u00ednh\u00e1z | B\u00f6hm Gy\u00f6rgy \u2013 Korcsm\u00e1ros Gy\u00f6rgy \u2013 P\u00e1sztor L\u00e1szl\u00f3 \u2013 [&hellip;]<\/p>\n","protected":false},"author":2,"featured_media":0,"parent":0,"menu_order":0,"comment_status":"closed","ping_status":"closed","template":"","meta":{"footnotes":""},"class_list":["post-24295","page","type-page","status-publish","hentry","post"],"_links":{"self":[{"href":"https:\/\/www1.kkl.si\/hu\/wp-json\/wp\/v2\/pages\/24295","targetHints":{"allow":["GET"]}}],"collection":[{"href":"https:\/\/www1.kkl.si\/hu\/wp-json\/wp\/v2\/pages"}],"about":[{"href":"https:\/\/www1.kkl.si\/hu\/wp-json\/wp\/v2\/types\/page"}],"author":[{"embeddable":true,"href":"https:\/\/www1.kkl.si\/hu\/wp-json\/wp\/v2\/users\/2"}],"replies":[{"embeddable":true,"href":"https:\/\/www1.kkl.si\/hu\/wp-json\/wp\/v2\/comments?post=24295"}],"version-history":[{"count":2,"href":"https:\/\/www1.kkl.si\/hu\/wp-json\/wp\/v2\/pages\/24295\/revisions"}],"predecessor-version":[{"id":24305,"href":"https:\/\/www1.kkl.si\/hu\/wp-json\/wp\/v2\/pages\/24295\/revisions\/24305"}],"wp:attachment":[{"href":"https:\/\/www1.kkl.si\/hu\/wp-json\/wp\/v2\/media?parent=24295"}],"curies":[{"name":"wp","href":"https:\/\/api.w.org\/{rel}","templated":true}]}}