{"id":24763,"date":"2025-10-29T17:30:48","date_gmt":"2025-10-29T16:30:48","guid":{"rendered":"https:\/\/www1.kkl.si\/?page_id=24763"},"modified":"2025-11-05T13:04:46","modified_gmt":"2025-11-05T12:04:46","slug":"vid-valic-moska-pamet","status":"publish","type":"page","link":"https:\/\/www1.kkl.si\/hu\/vid-valic-moska-pamet\/","title":{"rendered":"Vid Vali\u010d: Mo\u0161ka pamet"},"content":{"rendered":"<div class=\"opis\"><i class=\"fas fa-clock\"><\/i> <strong>2025. december 2. kedd, 19.00<\/strong> | Lendvai Sz\u00ednh\u00e1z- \u00e9s Hangversenyterem<img loading=\"lazy\" decoding=\"async\" class=\"wp-image-1588 alignright\" title=\"Ingyenes rendezv\u00e9ny\" src=\"https:\/\/www1.kkl.si\/wp-content\/uploads\/\/2020\/07\/spored_simb_brezplacna-1.svg\" alt=\"brezplacna\" width=\"30\" height=\"30\" srcset=\"https:\/\/www1.kkl.si\/wp-content\/uploads\/\/2020\/07\/spored_simb_brezplacna-1.svg 150w, https:\/\/www1.kkl.si\/wp-content\/uploads\/\/2020\/07\/spored_simb_brezplacna-1.svg 400w, https:\/\/www1.kkl.si\/wp-content\/uploads\/\/2020\/07\/spored_simb_brezplacna-1.svg 1500w, https:\/\/www1.kkl.si\/wp-content\/uploads\/\/2020\/07\/spored_simb_brezplacna-1.svg 100w\" sizes=\"auto, (max-width: 30px) 100vw, 30px\" \/><br \/>\n<i class=\"fas fa-chevron-circle-right\"><\/i> <strong>stand-up v\u00edgj\u00e1t\u00e9k<\/strong><br \/>\n<i class=\"fas fa-info-circle\"><\/i> A bel\u00e9p\u00e9s d\u00edjtalan. Az ingyenes jegyek \u00e1tvehet\u0151k a Lendvai Sz\u00ednh\u00e1z- \u00e9s Hangversenyterem p\u00e9nzt\u00e1r\u00e1n 2025. november 3- t\u00f3l. <strong>Szem\u00e9lyenk\u00e9nt 2 bel\u00e9p\u0151jegy kaphat\u00f3.<br \/>\n<\/strong>P\u00e9nzt\u00e1r: <i class=\"fas fa-phone-alt\"><\/i> +386 (0)2 577 60 24.<\/p>\n<div class=\"premiera\"><i class=\"fas fa-exclamation-circle\"><\/i> \u00c9RTES\u00cdT\u00c9S: Az el\u0151ad\u00e1sra minden jegy elkelt!<\/div>\n<p>Szervez\u0151: <a href=\"https:\/\/www.kkl.si\/\">Knji\u017enica \u2013 Kulturni center Lendava \u2013 Lendvai K\u00f6nyvt\u00e1r \u00e9s Kultur\u00e1lis K\u00f6zpont<\/a><\/div>\n<p>A LKKK \u00dcNNEPI PROGRAMJA 2025<br \/>\n<span style=\"font-size: 24pt;\">Vid Vali\u010d: Mo\u0161ka pamet<\/span><\/p>\n<p><strong>Szerepl\u0151k:<\/strong> Vid Vali\u010d, Alen Mastnak, Dino Kapetanovi\u0107, Alen Bori\u0161ek<\/p>\n<p><a href=\"https:\/\/www1.kkl.si\/wp-content\/uploads\/2025\/10\/vid_valic_moska_pamet.jpg\" data-lbwps-width=\"1772\" data-lbwps-height=\"1772\" data-lbwps-srcsmall=\"https:\/\/www1.kkl.si\/wp-content\/uploads\/2025\/10\/vid_valic_moska_pamet-400x400.jpg\"><img loading=\"lazy\" decoding=\"async\" class=\"alignnone size-large wp-image-24635\" src=\"https:\/\/www1.kkl.si\/wp-content\/uploads\/2025\/10\/vid_valic_moska_pamet-1500x1500.jpg\" alt=\"\" width=\"1500\" height=\"1500\" srcset=\"https:\/\/www1.kkl.si\/wp-content\/uploads\/2025\/10\/vid_valic_moska_pamet-1500x1500.jpg 1500w, https:\/\/www1.kkl.si\/wp-content\/uploads\/2025\/10\/vid_valic_moska_pamet-150x150.jpg 150w, https:\/\/www1.kkl.si\/wp-content\/uploads\/2025\/10\/vid_valic_moska_pamet-400x400.jpg 400w, https:\/\/www1.kkl.si\/wp-content\/uploads\/2025\/10\/vid_valic_moska_pamet.jpg 1772w\" sizes=\"auto, (max-width: 1500px) 100vw, 1500px\" \/><\/a><\/p>\n<p><strong>Le\u00edr\u00e1s:<\/strong><\/p>\n<p>Mi\u00e9rt vagyunk mi f\u00e9rfiak meggy\u0151z\u0151dve arr\u00f3l, hogy igazunk van, \u00e9s mi\u00e9rt mondj\u00e1tok ti n\u0151k, hogy t\u00e9ved\u00fcnk?<\/p>\n<p>Mi f\u00e9rfiak nagyon okosak vagyunk, legal\u00e1bbis mi ezt hissz\u00fck, m\u00e9g akkor is, ha ti n\u0151k rendszeresen azt mondj\u00e1tok, hogy nem. De mi kitartunk a v\u00e9lem\u00e9ny\u00fcnk mellett. Az intelligenci\u00e1nk ink\u00e1bb racion\u00e1lis, mint a n\u0151i intelligencia. Ezzel vigasztaljuk magunkat, amikor r\u00e1j\u00f6v\u00fcnk, hogy megb\u00e1ntottunk vagy k\u00e9nyelmetlen helyzetbe hoztunk titeket. De kitartunk, mert csak ez van nek\u00fcnk. A f\u00e9rfi intelligencia! K\u00fcl\u00f6nleges, vannak el\u0151nyei \u00e9s h\u00e1tr\u00e1nyai, de nektek n\u0151knek nagyon tetszik. Kiv\u00e9ve amikor nem.<\/p>\n<p>A **Mo\u0161ka pamet** c\u00edm\u0171 el\u0151ad\u00e1s egy v\u00edgj\u00e1t\u00e9k a f\u00e9rfiak \u00e9s a n\u0151k gondolkod\u00e1s\u00e1r\u00f3l a mindennapi \u00e9letben, kapcsolatokban, szerelemben, gyerekekben, csal\u00e1dban \u00e9s persze a szexben. A szexben ugyanis van a legnagyobb k\u00fcl\u00f6nbs\u00e9g a f\u00e9rfi \u00e9s a n\u0151i intelligencia k\u00f6z\u00f6tt, de mivel ebben az el\u0151ad\u00e1sban csak f\u00e9rfiak szerepelnek, ink\u00e1bb nem besz\u00e9l\u00fcnk a n\u0151i intelligenci\u00e1r\u00f3l. Kiv\u00e9ve azt, amit mindenk\u00e9ppen el kell mondanunk.<\/p>\n<p>Az el\u0151ad\u00e1st h\u00e1rom fiatal komikus nyitja meg, akiket Vid Vali\u010d h\u00edvott meg, hogy elmondj\u00e1k a saj\u00e1t v\u00e9lem\u00e9ny\u00fcket, mert k\u00edv\u00e1ncsi, vajon a f\u00e9rfi intelligencia csak az egyes f\u00e9rfiakra vonatkozik, vagy az eg\u00e9sz f\u00e9rfi nemre.<\/p>\n<p><em>Ha t\u00e9ged is \u00e9rdekel, szeretettel v\u00e1runk egy \u00e9s f\u00e9l \u00f3r\u00e1nyi sz\u00f3rakoz\u00e1sra, lazas\u00e1gra \u00e9s nevet\u00e9sre.<\/em><\/p>\n<hr \/>\n<p><i class=\"fas fa-link\"><\/i> <a href=\"https:\/\/vidvalic.si\/moska-pamet\/\">https:\/\/vidvalic.si\/moska-pamet\/<\/a><\/p>\n<p><strong><a href=\"https:\/\/www1.kkl.si\/wp-content\/uploads\/2025\/10\/plakat_B1_praznicni_program_2025_DVOJ.jpg\" data-lbwps-width=\"2100\" data-lbwps-height=\"3000\" data-lbwps-srcsmall=\"https:\/\/www1.kkl.si\/wp-content\/uploads\/2025\/10\/plakat_B1_praznicni_program_2025_DVOJ.jpg\"><img loading=\"lazy\" decoding=\"async\" class=\"alignnone wp-image-24607 size-large\" src=\"https:\/\/www1.kkl.si\/wp-content\/uploads\/2025\/10\/plakat_B1_praznicni_program_2025_DVOJ-scaled.jpg?_t=1761748768\" alt=\"\" width=\"1050\" height=\"1500\" srcset=\"https:\/\/www1.kkl.si\/wp-content\/uploads\/2025\/10\/plakat_B1_praznicni_program_2025_DVOJ-scaled.jpg 1792w, https:\/\/www1.kkl.si\/wp-content\/uploads\/2025\/10\/plakat_B1_praznicni_program_2025_DVOJ-scaled-280x400.jpg 280w, https:\/\/www1.kkl.si\/wp-content\/uploads\/2025\/10\/plakat_B1_praznicni_program_2025_DVOJ-scaled-1050x1500.jpg 1050w\" sizes=\"auto, (max-width: 1050px) 100vw, 1050px\" \/><\/a><\/strong><\/p>\n<p>A rendezv\u00e9nyt a <a href=\"https:\/\/www.gov.si\/drzavni-organi\/ministrstva\/ministrstvo-za-kulturo\/\">Szlov\u00e9n K\u00f6zt\u00e1rsas\u00e1g Kultur\u00e1lis Miniszt\u00e9riuma<\/a> t\u00e1mogatja.<\/p>\n","protected":false},"excerpt":{"rendered":"<p>2025. december 2. kedd, 19.00 | Lendvai Sz\u00ednh\u00e1z- \u00e9s Hangversenyterem stand-up v\u00edgj\u00e1t\u00e9k A bel\u00e9p\u00e9s d\u00edjtalan. Az ingyenes jegyek \u00e1tvehet\u0151k a Lendvai Sz\u00ednh\u00e1z- \u00e9s Hangversenyterem p\u00e9nzt\u00e1r\u00e1n 2025. november 3- t\u00f3l. Szem\u00e9lyenk\u00e9nt 2 bel\u00e9p\u0151jegy kaphat\u00f3. P\u00e9nzt\u00e1r: +386 (0)2 577 60 24. \u00c9RTES\u00cdT\u00c9S: Az el\u0151ad\u00e1sra minden jegy elkelt! Szervez\u0151: Knji\u017enica \u2013 Kulturni center Lendava \u2013 Lendvai K\u00f6nyvt\u00e1r \u00e9s [&hellip;]<\/p>\n","protected":false},"author":2,"featured_media":24701,"parent":0,"menu_order":0,"comment_status":"closed","ping_status":"closed","template":"","meta":{"footnotes":""},"class_list":["post-24763","page","type-page","status-publish","has-post-thumbnail","hentry","post","post-with-thumbnail","post-with-thumbnail-icon"],"_links":{"self":[{"href":"https:\/\/www1.kkl.si\/hu\/wp-json\/wp\/v2\/pages\/24763","targetHints":{"allow":["GET"]}}],"collection":[{"href":"https:\/\/www1.kkl.si\/hu\/wp-json\/wp\/v2\/pages"}],"about":[{"href":"https:\/\/www1.kkl.si\/hu\/wp-json\/wp\/v2\/types\/page"}],"author":[{"embeddable":true,"href":"https:\/\/www1.kkl.si\/hu\/wp-json\/wp\/v2\/users\/2"}],"replies":[{"embeddable":true,"href":"https:\/\/www1.kkl.si\/hu\/wp-json\/wp\/v2\/comments?post=24763"}],"version-history":[{"count":4,"href":"https:\/\/www1.kkl.si\/hu\/wp-json\/wp\/v2\/pages\/24763\/revisions"}],"predecessor-version":[{"id":24873,"href":"https:\/\/www1.kkl.si\/hu\/wp-json\/wp\/v2\/pages\/24763\/revisions\/24873"}],"wp:featuredmedia":[{"embeddable":true,"href":"https:\/\/www1.kkl.si\/hu\/wp-json\/wp\/v2\/media\/24701"}],"wp:attachment":[{"href":"https:\/\/www1.kkl.si\/hu\/wp-json\/wp\/v2\/media?parent=24763"}],"curies":[{"name":"wp","href":"https:\/\/api.w.org\/{rel}","templated":true}]}}