{"id":24771,"date":"2025-10-29T18:31:16","date_gmt":"2025-10-29T17:31:16","guid":{"rendered":"https:\/\/www1.kkl.si\/?page_id=24771"},"modified":"2025-12-19T07:53:18","modified_gmt":"2025-12-19T06:53:18","slug":"a-szloven-rendorseg-zenekaranak-karacsonyi-koncertje","status":"publish","type":"page","link":"https:\/\/www1.kkl.si\/hu\/a-szloven-rendorseg-zenekaranak-karacsonyi-koncertje\/","title":{"rendered":"A Szlov\u00e9n Rend\u0151rs\u00e9g Zenekar\u00e1nak kar\u00e1csonyi koncertje"},"content":{"rendered":"<div class=\"opis\"><i class=\"fas fa-clock\"><\/i> <strong>2025. december 22. h\u00e9tf\u0151, 19.00<\/strong> | Lendvai Sz\u00ednh\u00e1z- \u00e9s Hangversenyterem<img loading=\"lazy\" decoding=\"async\" class=\"wp-image-1588 alignright\" title=\"Ingyenes rendezv\u00e9ny\" src=\"https:\/\/www1.kkl.si\/wp-content\/uploads\/\/2020\/07\/spored_simb_brezplacna-1.svg\" alt=\"brezplacna\" width=\"30\" height=\"30\" srcset=\"https:\/\/www1.kkl.si\/wp-content\/uploads\/\/2020\/07\/spored_simb_brezplacna-1.svg 150w, https:\/\/www1.kkl.si\/wp-content\/uploads\/\/2020\/07\/spored_simb_brezplacna-1.svg 400w, https:\/\/www1.kkl.si\/wp-content\/uploads\/\/2020\/07\/spored_simb_brezplacna-1.svg 1500w, https:\/\/www1.kkl.si\/wp-content\/uploads\/\/2020\/07\/spored_simb_brezplacna-1.svg 100w\" sizes=\"auto, (max-width: 30px) 100vw, 30px\" \/><br \/>\n<i class=\"fas fa-chevron-circle-right\"><\/i> <strong>koncert, hangverseny<\/strong><br \/>\n<i class=\"fas fa-info-circle\"><\/i> A bel\u00e9p\u00e9s d\u00edjtalan. Az ingyenes jegyek \u00e1tvehet\u0151k a Lendvai Sz\u00ednh\u00e1z- \u00e9s Hangversenyterem p\u00e9nzt\u00e1r\u00e1n 2025. november 3- t\u00f3l. <strong>Szem\u00e9lyenk\u00e9nt 2 bel\u00e9p\u0151jegy kaphat\u00f3.<br \/>\n<\/strong>P\u00e9nzt\u00e1r: <i class=\"fas fa-phone-alt\"><\/i> +386 (0)2 577 60 24.<\/p>\n<div class=\"premiera\"><i class=\"fas fa-exclamation-circle\"><\/i> \u00c9RTES\u00cdT\u00c9S: A koncertre minden jegy elkelt!<\/div>\n<p>Szervez\u0151: <a href=\"https:\/\/www.kkl.si\/\">Knji\u017enica \u2013 Kulturni center Lendava \u2013 Lendvai K\u00f6nyvt\u00e1r \u00e9s Kultur\u00e1lis K\u00f6zpont<\/a><\/div>\n<p><a href=\"https:\/\/www1.kkl.si\/wp-content\/uploads\/2025\/10\/policijski_orkester.jpg\" data-lbwps-width=\"2000\" data-lbwps-height=\"1126\" data-lbwps-srcsmall=\"https:\/\/www1.kkl.si\/wp-content\/uploads\/2025\/10\/policijski_orkester-400x225.jpg\"><img loading=\"lazy\" decoding=\"async\" class=\"alignnone size-large wp-image-24653\" src=\"https:\/\/www1.kkl.si\/wp-content\/uploads\/2025\/10\/policijski_orkester-1500x845.jpg\" alt=\"\" width=\"1500\" height=\"845\" srcset=\"https:\/\/www1.kkl.si\/wp-content\/uploads\/2025\/10\/policijski_orkester-1500x845.jpg 1500w, https:\/\/www1.kkl.si\/wp-content\/uploads\/2025\/10\/policijski_orkester-400x225.jpg 400w, https:\/\/www1.kkl.si\/wp-content\/uploads\/2025\/10\/policijski_orkester.jpg 2000w\" sizes=\"auto, (max-width: 1500px) 100vw, 1500px\" \/><\/a><\/p>\n<p style=\"text-align: center;\">A LKKK \u00dcNNEPI PROGRAMJA 2025<\/p>\n<p style=\"text-align: center;\"><span style=\"font-size: 24pt;\">A Szlov\u00e9n Rend\u0151rs\u00e9g Zenekar\u00e1nak kar\u00e1csonyi hangversenye<\/span><\/p>\n<p style=\"text-align: center;\">karmester: Nejc BE\u010cAN<br \/>\nvend\u00e9g szopr\u00e1n\u00e9nekesn\u0151: Alenka GOTAR<\/p>\n<p style=\"text-align: center;\"><span style=\"font-size: 36pt;\"><strong>PROGRAM<\/strong><\/span><\/p>\n<p>1. George Whitefield CHADWICK\/arr.: Howard BOWLIN \u2013\u00a0<strong><em>JUBILEE<\/em><\/strong><\/p>\n<p>2. Johannes BRAHMS\/arr.: Max VILLINGER \u2013\u00a0<strong><em>MAGYAR T\u00c1NC 1., 5. \u00e9s 6. t\u00e9tel<\/em><\/strong><\/p>\n<p>3. Bojan ADAMI\u010c\/arr.: Patrik Greblo \u2013\u00a0<strong><em>PRELEPA SI BELA LJUBLJANA<\/em><\/strong><\/p>\n<p>4. Giacomo PUCCINI\/arr.: Ladislav LE\u0160KO \u2013\u00a0<strong><em>O MIO BABBINO CARO<\/em><\/strong> (sz\u00f3lista: Alenka GOTAR, \u00e9nek)<\/p>\n<p>5. Mojmir SEPE, Du\u0161an VELKAVERH\/arr.: Lojze KRAJN\u010cAN \u2013\u00a0<strong><em>MED ISKRENIMI LJUDMI<\/em><\/strong> (sz\u00f3lista: Alenka GOTAR, \u00e9nek)<\/p>\n<p>6. Georges BIZET\/arr.: Michael PURVES-SMITH \u2013\u00a0<strong><em>HABANERA<\/em><\/strong> (sz\u00f3lista: Alenka GOTAR, \u00e9nek)<\/p>\n<p>7. Franz LEHAR\/arr.: Jos DOBBELSTEIN \u2013\u00a0<strong><em>MEINE LIPPEN SIE KUSSEN SO HEISS<\/em><\/strong> (sz\u00f3lista: Alenka GOTAR, \u00e9nek)<\/p>\n<p>8. Mojmir SEPE, Du\u0161an VELKAVERH\/arr.: Lojze KRAJN\u010cAN \u2013\u00a0<strong><em>MED ISKRENIMI LJUDMI<\/em><\/strong> (sz\u00f3lista: Alenka GOTAR, \u00e9nek)<\/p>\n<p>9. Francesco SARTORI, Lucio QUARANTOTTO\/arr.: Willy HAUTVAST \u2013\u00a0<strong><em>TIME TO SAY GOODBYE<\/em><\/strong> (sz\u00f3lista: Alenka GOTAR, \u00e9nek)<\/p>\n<p>10. Giacomo PUCCINI\/arr.: Kazuhiro MORITA \u2013\u00a0<strong><em>KAR\u00c1CSONYI JELENETEK<\/em><\/strong> a \u201eLa Boheme\u201d c\u00edm\u0171 oper\u00e1b\u00f3l<\/p>\n<p>11. Bedrich SMETANA\/arr.: John KLINE \u2013\u00a0<strong><em>POLKA<\/em>\u00a0<\/strong>a \u201eAz eladott menyasszony (cseh\u00fcl Prodan\u00e1 nev\u011bsta)\u201d c\u00edm\u0171 oper\u00e1b\u00f3l<\/p>\n<p>12. Michael MARKOWSKI \u2013\u00a0<strong><em>JOYRIDE<\/em><\/strong><\/p>\n<hr \/>\n<p><strong>Le\u00edr\u00e1s:<\/strong><\/p>\n<p>A <em>Policijski orkester<\/em> (a Szlov\u00e9n Rend\u0151rs\u00e9g Zenekara) min\u0151s\u00e9ge \u00e9s ismerts\u00e9ge 1948-as megalakul\u00e1sa \u00f3ta folyamatosan n\u00f6vekedett, igazi fellend\u00fcl\u00e9st pedig az elm\u00falt \u00e9vtizedekben \u00e9rt el \u2013 p\u00e1rhuzamosan az \u00faj \u00e1llam, \u201eSzlov\u00e9nia\u201d megsz\u00fclet\u00e9s\u00e9vel.<\/p>\n<p>1994-ben a szlov\u00e9n korm\u00e1ny a zenekart a Szlov\u00e9n K\u00f6zt\u00e1rsas\u00e1g hivatalos protokollzenekar\u00e1v\u00e1 nyilv\u00e1n\u00edtotta, amely 2001 \u00f3ta hivatalosan is Policijski orkester n\u00e9ven m\u0171k\u00f6dik.<\/p>\n<p>Sz\u00e1mos karmester \u00e9s m\u0171v\u00e9szeti vezet\u0151 nevelte \u00e9s fejlesztette a zenekart, emelte annak szakmai sz\u00ednvonal\u00e1t, valamint gazdag\u00edtotta reperto\u00e1rj\u00e1t. Nekik k\u00f6sz\u00f6nhet\u0151en a zenekar m\u0171v\u00e9szi kifejez\u00e9sm\u00f3dja magasabb szintre emelkedett, \u00e9s kialakult az a jellegzetes szimfonikus hangz\u00e1s, amely ma is a zenekar egyik f\u0151 ismertet\u0151jegye \u00e9s er\u0151ss\u00e9ge.<\/p>\n<p><iframe loading=\"lazy\" title=\"Predstavitev policijskega orkestra in njegovih dejavnosti, izobra\u017eevalni program za najmlaj\u0161e\" width=\"720\" height=\"405\" src=\"https:\/\/www.youtube.com\/embed\/zzn94XE0sO8?feature=oembed\" frameborder=\"0\" allow=\"accelerometer; autoplay; clipboard-write; encrypted-media; gyroscope; picture-in-picture; web-share\" referrerpolicy=\"strict-origin-when-cross-origin\" allowfullscreen><\/iframe><\/p>\n<p>A zenekar tagjai munk\u00e1jukkal \u00f6sszek\u00f6tik a rend\u0151rs\u00e9get a szlov\u00e9n \u00e1llampolg\u00e1rokkal. Zenei \u00e9s operat\u00edv tev\u00e9kenys\u00e9g\u00fckkel, szak\u00e9rtelm\u00fckkel, elhivatotts\u00e1gukkal, odaad\u00e1sukkal \u00e9s azzal, hogy egyszerre hivat\u00e1sos zen\u00e9szek \u00e9s rend\u0151r\u00f6k, nemcsak a rend\u0151rs\u00e9gnek, hanem eg\u00e9sz Szlov\u00e9ni\u00e1nak is becs\u00fclet\u00e9re v\u00e1lnak.<\/p>\n<p>A zenekar a zene szinte minden m\u0171faj\u00e1t j\u00e1tssza \u2013 az eredeti f\u00fav\u00f3szenekari m\u0171vekt\u0151l a klasszikus zene \u00e1tdolgoz\u00e1sain, operai \u00e9s balettzen\u00e9n \u00e1t a k\u00f6nny\u0171zen\u00e9ig, jazzig \u00e9s a n\u00e9lk\u00fcl\u00f6zhetetlen n\u00e9pzen\u00e9ig.<br \/>\nH\u00edrneve \u00e9s magas sz\u00ednvonala sz\u00e1mos szlov\u00e9n zeneszerz\u0151t \u00e9s hangszerel\u0151t \u00f6szt\u00f6nz\u00f6tt alkot\u00e1sra, akik saj\u00e1t m\u0171veikkel gazdag\u00edtott\u00e1k \u00e9s sz\u00ednes\u00edtett\u00e9k a zenekar m\u00e1r am\u00fagy is jelent\u0151s kottat\u00e1r\u00e1t.<\/p>\n<p><iframe loading=\"lazy\" title=\"Policijski orkester - POSLU\u0160AJTE VSI LJUDJE (arr. P. Tovornik)\" width=\"720\" height=\"405\" src=\"https:\/\/www.youtube.com\/embed\/ME1IgNPdKkQ?feature=oembed\" frameborder=\"0\" allow=\"accelerometer; autoplay; clipboard-write; encrypted-media; gyroscope; picture-in-picture; web-share\" referrerpolicy=\"strict-origin-when-cross-origin\" allowfullscreen><\/iframe><\/p>\n<p><iframe loading=\"lazy\" title=\"Policijski orkester - ZVEZDE NA NEBU \u017dARE (arr. P. Tovornik)\" width=\"720\" height=\"405\" src=\"https:\/\/www.youtube.com\/embed\/fKJ7t_0oqJA?feature=oembed\" frameborder=\"0\" allow=\"accelerometer; autoplay; clipboard-write; encrypted-media; gyroscope; picture-in-picture; web-share\" referrerpolicy=\"strict-origin-when-cross-origin\" allowfullscreen><\/iframe><\/p>\n<p>&nbsp;<\/p>\n<hr \/>\n<blockquote>\n<p><strong><a href=\"https:\/\/www1.kkl.si\/wp-content\/uploads\/2025\/10\/alenka_gotar.jpg\" data-lbwps-width=\"1367\" data-lbwps-height=\"2048\" data-lbwps-srcsmall=\"https:\/\/www1.kkl.si\/wp-content\/uploads\/2025\/10\/alenka_gotar-267x400.jpg\"><img loading=\"lazy\" decoding=\"async\" class=\"alignright size-thumbnail wp-image-24656\" src=\"https:\/\/www1.kkl.si\/wp-content\/uploads\/2025\/10\/alenka_gotar-150x150.jpg\" alt=\"\" width=\"150\" height=\"150\" \/><\/a><span style=\"font-size: 18pt;\">Alenka Gotar-r\u00f3l:<\/span><\/strong><br \/>\nAlenka Gotar a legjobb szlov\u00e9n opera\u00e9nekesn\u0151k k\u00f6z\u00e9 tartozik. Sv\u00e1jcban tanult, \u00e9s a h\u00edres salzburgi Mozarteumon szerzett mesterfokozatot.<\/p>\n<p>Kiv\u00e9teles nemzetk\u00f6zi opera karrier \u00e1ll m\u00f6g\u00f6tte, mindk\u00e9t szlov\u00e9n \u00e1llami oper\u00e1ban sz\u00f3l\u00f3\u00e9nekesn\u0151k\u00e9nt dolgozott, \u00e9s a <em>Cvet z juga<\/em> c\u00edm\u0171 dallal sikeresen k\u00e9pviselte Szlov\u00e9ni\u00e1t az Eurov\u00edzi\u00f3s Dalfesztiv\u00e1lon.<\/p>\n<\/blockquote>\n<p>&nbsp;<\/p>\n<p><iframe loading=\"lazy\" title=\"Alenka Gotar - Cvet Z Juga (LIVE) | Slovenia \ud83c\uddf8\ud83c\uddee | Grand Final | Eurovision 2007\" width=\"720\" height=\"405\" src=\"https:\/\/www.youtube.com\/embed\/KKrOMagZnMI?feature=oembed\" frameborder=\"0\" allow=\"accelerometer; autoplay; clipboard-write; encrypted-media; gyroscope; picture-in-picture; web-share\" referrerpolicy=\"strict-origin-when-cross-origin\" allowfullscreen><\/iframe><\/p>\n<p><iframe loading=\"lazy\" title=\"SVETA NO\u010c, An\u017ee \u0160u\u0161tar in Alenka Gotar\" width=\"720\" height=\"405\" src=\"https:\/\/www.youtube.com\/embed\/3FszAFEmk3M?feature=oembed\" frameborder=\"0\" allow=\"accelerometer; autoplay; clipboard-write; encrypted-media; gyroscope; picture-in-picture; web-share\" referrerpolicy=\"strict-origin-when-cross-origin\" allowfullscreen><\/iframe><\/p>\n<hr \/>\n<p><i class=\"fas fa-link\"><\/i> <a href=\"https:\/\/www.policija.si\/o-slovenski-policiji\/orkester\">Policijski orkester<\/a><br \/>\n<i class=\"fab fa-youtube\"><\/i> <a href=\"https:\/\/www.youtube.com\/@slovenskapolicija4008\">Slovenska policija (Youtube)<\/a><\/p>\n<p><strong><a href=\"https:\/\/www1.kkl.si\/wp-content\/uploads\/2025\/10\/plakat_B1_praznicni_program_2025_DVOJ.jpg\" data-lbwps-width=\"2100\" data-lbwps-height=\"3000\" data-lbwps-srcsmall=\"https:\/\/www1.kkl.si\/wp-content\/uploads\/2025\/10\/plakat_B1_praznicni_program_2025_DVOJ.jpg\"><img loading=\"lazy\" decoding=\"async\" class=\"alignnone wp-image-24607 size-large\" src=\"https:\/\/www1.kkl.si\/wp-content\/uploads\/2025\/10\/plakat_B1_praznicni_program_2025_DVOJ-scaled.jpg?_t=1761748768\" alt=\"\" width=\"1050\" height=\"1500\" srcset=\"https:\/\/www1.kkl.si\/wp-content\/uploads\/2025\/10\/plakat_B1_praznicni_program_2025_DVOJ-scaled.jpg 1792w, https:\/\/www1.kkl.si\/wp-content\/uploads\/2025\/10\/plakat_B1_praznicni_program_2025_DVOJ-scaled-280x400.jpg 280w, https:\/\/www1.kkl.si\/wp-content\/uploads\/2025\/10\/plakat_B1_praznicni_program_2025_DVOJ-scaled-1050x1500.jpg 1050w\" sizes=\"auto, (max-width: 1050px) 100vw, 1050px\" \/><\/a><\/strong><\/p>\n<p>A rendezv\u00e9nyt a <a href=\"https:\/\/www.gov.si\/drzavni-organi\/ministrstva\/ministrstvo-za-kulturo\/\">Szlov\u00e9n K\u00f6zt\u00e1rsas\u00e1g Kultur\u00e1lis Miniszt\u00e9riuma<\/a> t\u00e1mogatja.<\/p>\n","protected":false},"excerpt":{"rendered":"<p>2025. december 22. h\u00e9tf\u0151, 19.00 | Lendvai Sz\u00ednh\u00e1z- \u00e9s Hangversenyterem koncert, hangverseny A bel\u00e9p\u00e9s d\u00edjtalan. Az ingyenes jegyek \u00e1tvehet\u0151k a Lendvai Sz\u00ednh\u00e1z- \u00e9s Hangversenyterem p\u00e9nzt\u00e1r\u00e1n 2025. november 3- t\u00f3l. Szem\u00e9lyenk\u00e9nt 2 bel\u00e9p\u0151jegy kaphat\u00f3. P\u00e9nzt\u00e1r: +386 (0)2 577 60 24. \u00c9RTES\u00cdT\u00c9S: A koncertre minden jegy elkelt! Szervez\u0151: Knji\u017enica \u2013 Kulturni center Lendava \u2013 Lendvai K\u00f6nyvt\u00e1r \u00e9s [&hellip;]<\/p>\n","protected":false},"author":2,"featured_media":24701,"parent":0,"menu_order":0,"comment_status":"closed","ping_status":"closed","template":"","meta":{"footnotes":""},"class_list":["post-24771","page","type-page","status-publish","has-post-thumbnail","hentry","post","post-with-thumbnail","post-with-thumbnail-icon"],"_links":{"self":[{"href":"https:\/\/www1.kkl.si\/hu\/wp-json\/wp\/v2\/pages\/24771","targetHints":{"allow":["GET"]}}],"collection":[{"href":"https:\/\/www1.kkl.si\/hu\/wp-json\/wp\/v2\/pages"}],"about":[{"href":"https:\/\/www1.kkl.si\/hu\/wp-json\/wp\/v2\/types\/page"}],"author":[{"embeddable":true,"href":"https:\/\/www1.kkl.si\/hu\/wp-json\/wp\/v2\/users\/2"}],"replies":[{"embeddable":true,"href":"https:\/\/www1.kkl.si\/hu\/wp-json\/wp\/v2\/comments?post=24771"}],"version-history":[{"count":7,"href":"https:\/\/www1.kkl.si\/hu\/wp-json\/wp\/v2\/pages\/24771\/revisions"}],"predecessor-version":[{"id":25442,"href":"https:\/\/www1.kkl.si\/hu\/wp-json\/wp\/v2\/pages\/24771\/revisions\/25442"}],"wp:featuredmedia":[{"embeddable":true,"href":"https:\/\/www1.kkl.si\/hu\/wp-json\/wp\/v2\/media\/24701"}],"wp:attachment":[{"href":"https:\/\/www1.kkl.si\/hu\/wp-json\/wp\/v2\/media?parent=24771"}],"curies":[{"name":"wp","href":"https:\/\/api.w.org\/{rel}","templated":true}]}}