{"id":24774,"date":"2025-10-29T17:58:37","date_gmt":"2025-10-29T16:58:37","guid":{"rendered":"https:\/\/www1.kkl.si\/?page_id=24774"},"modified":"2025-12-12T09:38:59","modified_gmt":"2025-12-12T08:38:59","slug":"flirrt","status":"publish","type":"page","link":"https:\/\/www1.kkl.si\/hu\/flirrt\/","title":{"rendered":"FLIRRT"},"content":{"rendered":"<div class=\"opis\"><i class=\"fas fa-clock\"><\/i> <strong>2025. december 12. p\u00e9ntek, 20.00<\/strong> | Lendvai Sz\u00ednh\u00e1z- \u00e9s Hangversenyterem<img loading=\"lazy\" decoding=\"async\" class=\"wp-image-1588 alignright\" title=\"Ingyenes rendezv\u00e9ny\" src=\"https:\/\/www1.kkl.si\/wp-content\/uploads\/\/2020\/07\/spored_simb_brezplacna-1.svg\" alt=\"brezplacna\" width=\"30\" height=\"30\" srcset=\"https:\/\/www1.kkl.si\/wp-content\/uploads\/\/2020\/07\/spored_simb_brezplacna-1.svg 150w, https:\/\/www1.kkl.si\/wp-content\/uploads\/\/2020\/07\/spored_simb_brezplacna-1.svg 400w, https:\/\/www1.kkl.si\/wp-content\/uploads\/\/2020\/07\/spored_simb_brezplacna-1.svg 1500w, https:\/\/www1.kkl.si\/wp-content\/uploads\/\/2020\/07\/spored_simb_brezplacna-1.svg 100w\" sizes=\"auto, (max-width: 30px) 100vw, 30px\" \/><br \/>\n<i class=\"fas fa-chevron-circle-right\"><\/i> <strong>koncert<\/strong><br \/>\n<i class=\"fas fa-info-circle\"><\/i> A bel\u00e9p\u00e9s d\u00edjtalan. Az ingyenes jegyek \u00e1tvehet\u0151k a Lendvai Sz\u00ednh\u00e1z- \u00e9s Hangversenyterem p\u00e9nzt\u00e1r\u00e1n 2025. november 3- t\u00f3l. <strong>Szem\u00e9lyenk\u00e9nt 2 bel\u00e9p\u0151jegy kaphat\u00f3.<br \/>\n<\/strong>P\u00e9nzt\u00e1r: <i class=\"fas fa-phone-alt\"><\/i> +386 (0)2 577 60 24.<\/p>\n<div class=\"premiera\"><i class=\"fas fa-exclamation-circle\"><\/i> \u00c9RTES\u00cdT\u00c9S: A koncertre minden jegy elkelt!<\/div>\n<p>Szervez\u0151: <a href=\"https:\/\/www.kkl.si\/\">Knji\u017enica \u2013 Kulturni center Lendava \u2013 Lendvai K\u00f6nyvt\u00e1r \u00e9s Kultur\u00e1lis K\u00f6zpont<\/a><\/div>\n<p><a href=\"https:\/\/www1.kkl.si\/wp-content\/uploads\/2025\/10\/FLIRRT_Lendava.jpg\" data-lbwps-width=\"1080\" data-lbwps-height=\"1920\" data-lbwps-srcsmall=\"https:\/\/www1.kkl.si\/wp-content\/uploads\/2025\/10\/FLIRRT_Lendava-225x400.jpg\"><img loading=\"lazy\" decoding=\"async\" class=\"alignnone wp-image-24642 size-full\" src=\"https:\/\/www1.kkl.si\/wp-content\/uploads\/2025\/10\/FLIRRT_Lendava.jpg?_t=1761756364\" alt=\"\" width=\"1080\" height=\"1920\" srcset=\"https:\/\/www1.kkl.si\/wp-content\/uploads\/2025\/10\/FLIRRT_Lendava.jpg 1080w, https:\/\/www1.kkl.si\/wp-content\/uploads\/2025\/10\/FLIRRT_Lendava-225x400.jpg 225w, https:\/\/www1.kkl.si\/wp-content\/uploads\/2025\/10\/FLIRRT_Lendava-844x1500.jpg 844w\" sizes=\"auto, (max-width: 1080px) 100vw, 1080px\" \/><\/a><\/p>\n<p>A LKKK \u00dcNNEPI PROGRAMJA 2025<br \/>\n<span style=\"font-size: 24pt;\">Flirrt<\/span><\/p>\n<p><strong>Le\u00edr\u00e1s:<\/strong><\/p>\n<p>2009-ben a **Flirt** egy\u00fcttes ism\u00e9t \u00f6ssze\u00e1llt. A n\u00e9vhez hozz\u00e1tettek egy \u201eR\u201d bet\u0171t \u2013<strong> Flirrt<\/strong> \u2013, mivel az \u00faj fel\u00e1ll\u00e1s nem egyezik meg a r\u00e9givel. A r\u00e9gi tagok k\u00f6z\u00fcl ism\u00e9t csatlakozott az \u00e9nekes \u00e9s dalszerz\u0151 Rok Luna\u010dek, valamint a dobos Katarina. Az \u00e1lland\u00f3 tagokhoz \u00fajk\u00e9nt \u00e9rkezett a git\u00e1ros David Stritar (aki t\u00f6bbek k\u00f6z\u00f6tt a Rattlesnake rockzenekar git\u00e1rosa is).<\/p>\n<p>Hatodik albumuk, \u201eIzpod kovtra\u201d, az els\u0151 akusztikus lemez\u00fck, amely a tagok szerint a Jure Longyka vezette \u201eIz\u0161tekani\u201d c\u00edm\u0171 r\u00e1di\u00f3m\u0171sorral val\u00f3 egy\u00fcttm\u0171k\u00f6d\u00e9s eredm\u00e9nyek\u00e9nt j\u00f6tt l\u00e9tre. Longyka megh\u00edvta a Flirrt egy\u00fcttest az \u201eIz\u0161tekanih20\u201d (az Iz\u0161tekani m\u0171sor 20. \u00e9vfordul\u00f3ja) koncertj\u00e9re, amelyet 2013 december\u00e9ben tartottak a ljubljanai Kino \u0160i\u0161ka koncertteremben. Ezut\u00e1n 2014 janu\u00e1rj\u00e1ban a Flirrt az Iz\u0161tekani f\u0151 vend\u00e9gek\u00e9nt l\u00e9pett fel a m\u0171sorban.<\/p>\n<p>Az Iz\u0161tekani 20. \u00e9vfordul\u00f3ja alkalm\u00e1b\u00f3l a zenekar meg\u00edrta a \u201eIz\u0161tekani\u201d c\u00edm\u0171 dalt, amelyet \u00fajra el\u0151adtak 2014 janu\u00e1rj\u00e1ban, majd ugyanabban az \u00e9vben decemberben, amikor ez a dal volt a koncert **bise** a Kino \u0160i\u0161k\u00e1ban megrendezett Iz\u0161tekanih 10 esem\u00e9nyen. Ott a sz\u00ednpadon hozz\u00e1juk csatlakoztak zenei bar\u00e1taik: Hamo, Tinkara Kova\u010d, Katarina Juvan\u010di\u010d, Denis Horvat \u00e9s az RTV Szlov\u00e9nia Big Bandje.<\/p>\n<p>A zenekar 20. \u00e9vfordul\u00f3j\u00e1ra, 2017-ben, megjelent a \u201eJekyll &amp; Hyde\u201d dupla album els\u0151 r\u00e9sze. Ennek el\u0151fut\u00e1ra a \u201eNe trezen, ne pijan\u201d c\u00edm\u0171 dal volt. A m\u00e1sodik kislemez egy duett volt Janez Zmazek \u2013 \u017dan \u00e9nekessel: \u201eZ levo nogo vstat\u201d. Ezt k\u00f6vette egy swing-jazz-pop-etno st\u00edlus\u00fa dal, a \u201eNeko\u010d sva se pa rada imela\u201d, amelyben a h\u00edres harmonik\u00e1ssal,*Jure Torival dolgoztak egy\u00fctt.<\/p>\n<p>Ezut\u00e1n k\u00f6vetkezett a humoros par\u00f3dia \u201eKristina\u201d, amelyhez videoklip is k\u00e9sz\u00fclt. Majd ism\u00e9t egy\u00fcttm\u0171k\u00f6dtek Jure Torival a \u201eNima\u0161 kaj za zgubit\u201d c\u00edm\u0171 dalban. Azt k\u00f6vett\u00e9k a \u201ePunca v belem\u201d, majd a nosztalgikus \u201e20 let nazaj\u201d.<\/p>\n<p>2021-ben feldolgozt\u00e1k \u00f6r\u00f6kz\u00f6ld sl\u00e1ger\u00fcket, a \u201eRomeo in Julija\u201d c\u00edm\u0171 dalt, amely 5 h\u00e9ten \u00e1t a leghallgatottabb sz\u00e1m volt. Ezut\u00e1n megjelent a \u201eKo le\u017eiva\u201d, majd 2023-ban a \u201eOna 2023\u201d feldolgoz\u00e1sa.<\/p>\n<p>2023 \u0151sz\u00e9n jelent meg a \u201eKometa\u201d, amit 2024 tavasz\u00e1n k\u00f6vetett a \u201eOstani za vedno\u201d.<\/p>\n<p>Leg\u00fajabb kislemez\u00fck, a \u201eZa naju\u201d, 2024 \u0151sz\u00e9n jelent meg.<\/p>\n<hr \/>\n<p><span style=\"font-size: 18pt;\"><i class=\"fas fa-play-circle\"><\/i> VIDE\u00d3<\/span><\/p>\n<p><iframe loading=\"lazy\" title=\"FLIRRT - Blizu   (Official lyric video)\" width=\"720\" height=\"405\" src=\"https:\/\/www.youtube.com\/embed\/uJAyxrsO_MQ?feature=oembed\" frameborder=\"0\" allow=\"accelerometer; autoplay; clipboard-write; encrypted-media; gyroscope; picture-in-picture; web-share\" referrerpolicy=\"strict-origin-when-cross-origin\" allowfullscreen><\/iframe><\/p>\n<p><iframe loading=\"lazy\" title=\"FLIRRT - Punca v belem (Cvetli\u010darna 2023)\" width=\"720\" height=\"405\" src=\"https:\/\/www.youtube.com\/embed\/v7jGQdJCtJU?feature=oembed\" frameborder=\"0\" allow=\"accelerometer; autoplay; clipboard-write; encrypted-media; gyroscope; picture-in-picture; web-share\" referrerpolicy=\"strict-origin-when-cross-origin\" allowfullscreen><\/iframe><\/p>\n<p><iframe loading=\"lazy\" title=\"FLIRRT - Vse je v redu (Official video)\" width=\"720\" height=\"405\" src=\"https:\/\/www.youtube.com\/embed\/uyZPhAkSK90?feature=oembed\" frameborder=\"0\" allow=\"accelerometer; autoplay; clipboard-write; encrypted-media; gyroscope; picture-in-picture; web-share\" referrerpolicy=\"strict-origin-when-cross-origin\" allowfullscreen><\/iframe><\/p>\n<p><iframe loading=\"lazy\" title=\"FLIRRT - Ostani za vedno (Official video)\" width=\"720\" height=\"405\" src=\"https:\/\/www.youtube.com\/embed\/IrhGUndNuU8?feature=oembed\" frameborder=\"0\" allow=\"accelerometer; autoplay; clipboard-write; encrypted-media; gyroscope; picture-in-picture; web-share\" referrerpolicy=\"strict-origin-when-cross-origin\" allowfullscreen><\/iframe><\/p>\n<hr \/>\n<p><i class=\"fas fa-link\"><\/i> <a href=\"https:\/\/flirrt.net\/\">https:\/\/flirrt.net\/<\/a><br \/>\n<i class=\"fab fa-facebook\"><\/i> <a href=\"https:\/\/www.facebook.com\/FLIRRT\/\">Facebook &#8211;\u00a0FLIRRT<\/a><br \/>\n<i class=\"fab fa-youtube\"><\/i> <a href=\"https:\/\/www.youtube.com\/channel\/UCG8y8ww_mHidR8410PLHQyg\">FLIRRT &#8211; Official (Youtube)<\/a><\/p>\n<p><strong><a href=\"https:\/\/www1.kkl.si\/wp-content\/uploads\/2025\/10\/plakat_B1_praznicni_program_2025_DVOJ.jpg\" data-lbwps-width=\"2100\" data-lbwps-height=\"3000\" data-lbwps-srcsmall=\"https:\/\/www1.kkl.si\/wp-content\/uploads\/2025\/10\/plakat_B1_praznicni_program_2025_DVOJ.jpg\"><img loading=\"lazy\" decoding=\"async\" class=\"alignnone wp-image-24607 size-large\" src=\"https:\/\/www1.kkl.si\/wp-content\/uploads\/2025\/10\/plakat_B1_praznicni_program_2025_DVOJ-scaled.jpg?_t=1761748768\" alt=\"\" width=\"1050\" height=\"1500\" srcset=\"https:\/\/www1.kkl.si\/wp-content\/uploads\/2025\/10\/plakat_B1_praznicni_program_2025_DVOJ-scaled.jpg 1792w, https:\/\/www1.kkl.si\/wp-content\/uploads\/2025\/10\/plakat_B1_praznicni_program_2025_DVOJ-scaled-280x400.jpg 280w, https:\/\/www1.kkl.si\/wp-content\/uploads\/2025\/10\/plakat_B1_praznicni_program_2025_DVOJ-scaled-1050x1500.jpg 1050w\" sizes=\"auto, (max-width: 1050px) 100vw, 1050px\" \/><\/a><\/strong><\/p>\n<p>A rendezv\u00e9nyt a <a href=\"https:\/\/www.gov.si\/drzavni-organi\/ministrstva\/ministrstvo-za-kulturo\/\">Szlov\u00e9n K\u00f6zt\u00e1rsas\u00e1g Kultur\u00e1lis Miniszt\u00e9riuma<\/a> t\u00e1mogatja.<\/p>\n","protected":false},"excerpt":{"rendered":"<p>2025. december 12. p\u00e9ntek, 20.00 | Lendvai Sz\u00ednh\u00e1z- \u00e9s Hangversenyterem koncert A bel\u00e9p\u00e9s d\u00edjtalan. Az ingyenes jegyek \u00e1tvehet\u0151k a Lendvai Sz\u00ednh\u00e1z- \u00e9s Hangversenyterem p\u00e9nzt\u00e1r\u00e1n 2025. november 3- t\u00f3l. Szem\u00e9lyenk\u00e9nt 2 bel\u00e9p\u0151jegy kaphat\u00f3. P\u00e9nzt\u00e1r: +386 (0)2 577 60 24. \u00c9RTES\u00cdT\u00c9S: A koncertre minden jegy elkelt! Szervez\u0151: Knji\u017enica \u2013 Kulturni center Lendava \u2013 Lendvai K\u00f6nyvt\u00e1r \u00e9s Kultur\u00e1lis [&hellip;]<\/p>\n","protected":false},"author":2,"featured_media":24701,"parent":0,"menu_order":0,"comment_status":"closed","ping_status":"closed","template":"","meta":{"footnotes":""},"class_list":["post-24774","page","type-page","status-publish","has-post-thumbnail","hentry","post","post-with-thumbnail","post-with-thumbnail-icon"],"_links":{"self":[{"href":"https:\/\/www1.kkl.si\/hu\/wp-json\/wp\/v2\/pages\/24774","targetHints":{"allow":["GET"]}}],"collection":[{"href":"https:\/\/www1.kkl.si\/hu\/wp-json\/wp\/v2\/pages"}],"about":[{"href":"https:\/\/www1.kkl.si\/hu\/wp-json\/wp\/v2\/types\/page"}],"author":[{"embeddable":true,"href":"https:\/\/www1.kkl.si\/hu\/wp-json\/wp\/v2\/users\/2"}],"replies":[{"embeddable":true,"href":"https:\/\/www1.kkl.si\/hu\/wp-json\/wp\/v2\/comments?post=24774"}],"version-history":[{"count":10,"href":"https:\/\/www1.kkl.si\/hu\/wp-json\/wp\/v2\/pages\/24774\/revisions"}],"predecessor-version":[{"id":25306,"href":"https:\/\/www1.kkl.si\/hu\/wp-json\/wp\/v2\/pages\/24774\/revisions\/25306"}],"wp:featuredmedia":[{"embeddable":true,"href":"https:\/\/www1.kkl.si\/hu\/wp-json\/wp\/v2\/media\/24701"}],"wp:attachment":[{"href":"https:\/\/www1.kkl.si\/hu\/wp-json\/wp\/v2\/media?parent=24774"}],"curies":[{"name":"wp","href":"https:\/\/api.w.org\/{rel}","templated":true}]}}