{"id":25040,"date":"2025-11-16T08:03:09","date_gmt":"2025-11-16T07:03:09","guid":{"rendered":"https:\/\/www1.kkl.si\/?page_id=25040"},"modified":"2025-11-16T10:08:27","modified_gmt":"2025-11-16T09:08:27","slug":"ku-kuc-gledalisce-recept-za-sneg","status":"publish","type":"page","link":"https:\/\/www1.kkl.si\/hu\/ku-kuc-gledalisce-recept-za-sneg\/","title":{"rendered":"KU-KUC gledali\u0161\u010de: Recept za sneg"},"content":{"rendered":"<div class=\"opis\"><i class=\"fas fa-clock\"><\/i>\u00a0<strong>2025. <\/strong><strong>december 1. (h\u00e9tf\u0151) 17.00 \u00f3ra<\/strong> | Lendvai Sz\u00ednh\u00e1z- \u00e9s Hangversenyterem<img loading=\"lazy\" decoding=\"async\" class=\"wp-image-1592 alignright\" title=\"Fizet\u0151s rendezv\u00e9ny\" src=\"https:\/\/www1.kkl.si\/wp-content\/uploads\/\/2020\/07\/spored_simb_placljiva-1.svg\" alt=\"placljiva\" width=\"30\" height=\"30\" srcset=\"https:\/\/www1.kkl.si\/wp-content\/uploads\/\/2020\/07\/spored_simb_placljiva-1.svg 150w, https:\/\/www1.kkl.si\/wp-content\/uploads\/\/2020\/07\/spored_simb_placljiva-1.svg 400w, https:\/\/www1.kkl.si\/wp-content\/uploads\/\/2020\/07\/spored_simb_placljiva-1.svg 1500w, https:\/\/www1.kkl.si\/wp-content\/uploads\/\/2020\/07\/spored_simb_placljiva-1.svg 100w\" sizes=\"auto, (max-width: 30px) 100vw, 30px\" \/><br \/>\n<i class=\"fas fa-chevron-circle-right\"><\/i> <strong>gyerekel\u0151ad\u00e1s szlov\u00e9n nyelven <span class=\"starost\">3+<\/span><\/strong><br \/>\n<i class=\"fas fa-ticket-alt\"><\/i> Bel\u00e9p\u0151jegy \u00e1ra: <strong>3\u00a0\u20ac<\/strong><br \/>\nP\u00e9nzt\u00e1r: <i class=\"fas fa-phone-alt\"><\/i> +386 (0)2 577 60 24.<br \/>\nSzervez\u0151: <a href=\"https:\/\/www.kkl.si\/\">Knji\u017enica \u2013 Kulturni center Lendava \u2013 Lendvai K\u00f6nyvt\u00e1r \u00e9s Kultur\u00e1lis K\u00f6zpont<\/a><\/div>\n<p><em>Szlov\u00e9n nyelv\u0171 le\u00edr\u00e1s:<\/em><\/p>\n<p><strong>RECEPT ZA SNEG<\/strong><br \/>\n<em>\u010cude\u017eno potovanje babice zime<\/em><\/p>\n<p><a href=\"https:\/\/www1.kkl.si\/wp-content\/uploads\/2025\/11\/recept_za_sneg_naslovna_2025.jpg\" data-lbwps-width=\"1024\" data-lbwps-height=\"512\" data-lbwps-srcsmall=\"https:\/\/www1.kkl.si\/wp-content\/uploads\/2025\/11\/recept_za_sneg_naslovna_2025-400x200.jpg\"><img loading=\"lazy\" decoding=\"async\" class=\"alignnone size-large wp-image-25014\" src=\"https:\/\/www1.kkl.si\/wp-content\/uploads\/2025\/11\/recept_za_sneg_naslovna_2025-1024x512.jpg\" alt=\"\" width=\"1024\" height=\"512\" srcset=\"https:\/\/www1.kkl.si\/wp-content\/uploads\/2025\/11\/recept_za_sneg_naslovna_2025.jpg 1024w, https:\/\/www1.kkl.si\/wp-content\/uploads\/2025\/11\/recept_za_sneg_naslovna_2025-400x200.jpg 400w\" sizes=\"auto, (max-width: 1024px) 100vw, 1024px\" \/><\/a><\/p>\n<p><a href=\"https:\/\/www1.kkl.si\/wp-content\/uploads\/2025\/11\/plakat_B2_otroske_kukuc_pimpinella_2025_DVOJ.jpg\" data-lbwps-width=\"2500\" data-lbwps-height=\"3500\" data-lbwps-srcsmall=\"https:\/\/www1.kkl.si\/wp-content\/uploads\/2025\/11\/plakat_B2_otroske_kukuc_pimpinella_2025_DVOJ.jpg\"><img loading=\"lazy\" decoding=\"async\" class=\"slika alignright wp-image-25015 size-medium\" src=\"https:\/\/www1.kkl.si\/wp-content\/uploads\/2025\/11\/plakat_B2_otroske_kukuc_pimpinella_2025_DVOJ-scaled-286x400.jpg\" alt=\"\" width=\"286\" height=\"400\" srcset=\"https:\/\/www1.kkl.si\/wp-content\/uploads\/2025\/11\/plakat_B2_otroske_kukuc_pimpinella_2025_DVOJ-scaled-286x400.jpg 286w, https:\/\/www1.kkl.si\/wp-content\/uploads\/2025\/11\/plakat_B2_otroske_kukuc_pimpinella_2025_DVOJ-scaled-1072x1500.jpg 1072w, https:\/\/www1.kkl.si\/wp-content\/uploads\/2025\/11\/plakat_B2_otroske_kukuc_pimpinella_2025_DVOJ-scaled.jpg 1829w\" sizes=\"auto, (max-width: 286px) 100vw, 286px\" \/><\/a>Babica zima vsako leto, \u017ee stoletja, poskrbi, da se lahko sankamo, naredimo sne\u017eaka, okrasimo drevesce, pri\u017eigamo lu\u010dke \u2026 Ker pa je na tem svetu \u017ee zelo dolgo, jo daje pozabljivost. Prav ta pa bo letos poskrbela za pravo dozo smeha, napetosti in nepozabno predstavo, ki ne bo mogla dobiti sre\u010dnega konca brez pomo\u010di publike.<\/p>\n<p>Pustolov\u0161\u010dina se pri\u010dne, ko se pozabljiva babi ne more spomniti kam je skrila recept za sneg. Na pomo\u010d ji prisko\u010dijo prijateljice \u017eivali, mladi gledalci pa na tem razburljivem domi\u0161ljijskem potovanju, polnem preizku\u0161enj, spoznajo resni\u010dno vrednost sodelovanja, prijateljstva in bli\u017eine.<\/p>\n<p>Topla prazni\u010dna predstava, polna otro\u0161kega smeha, s svojo \u010darobno zimsko scenografijo in \u017eivahno glasbo navdu\u0161i vse generacije in nas na igriv na\u010din spomnili, kaj je pravi pomen prazni\u010dnih dni.<\/p>\n<p><span style=\"font-size: 14pt;\"><strong>O PREDSTAVI<\/strong><\/span><\/p>\n<p><strong>Najbolj primerna za:<br \/>\n<\/strong>Vrtec 1-3, Vrtec 3-6, O\u0160 I. triada, O\u0160 II. triada<\/p>\n<p><strong>Obravnavane teme:<br \/>\n<\/strong>PRAZNIKI, PRAZNI\u010cNE \u017dELJE, ZIMA, OBDAROVANJE, SKROMNOST, SODELOVANJE, PRAVLJICE<\/p>\n<p><strong>Vloga gledalcev:<br \/>\n<\/strong>Na krilih domi\u0161ljije z babico Zimo prepotujejo daljne de\u017eele, obi\u0161\u010dejo skrite koti\u010dke, radovedno pokukajo tja, kamor ni \u0161e nih\u010de in odkrijejo recept za sneg.<\/p>\n<p><strong>Trajanje:<br \/>\n<\/strong>okoli 30 min<\/p>\n\n\t\t<style type=\"text\/css\">\n\t\t\t#gallery-1 {\n\t\t\t\tmargin: auto;\n\t\t\t}\n\t\t\t#gallery-1 .gallery-item {\n\t\t\t\tfloat: left;\n\t\t\t\tmargin-top: 10px;\n\t\t\t\ttext-align: center;\n\t\t\t\twidth: 16%;\n\t\t\t}\n\t\t\t#gallery-1 img {\n\t\t\t\tborder: 2px solid #cfcfcf;\n\t\t\t}\n\t\t\t#gallery-1 .gallery-caption {\n\t\t\t\tmargin-left: 0;\n\t\t\t}\n\t\t\t\/* see gallery_shortcode() in wp-includes\/media.php *\/\n\t\t<\/style>\n\t\t<div id='gallery-1' class='gallery galleryid-25040 gallery-columns-6 gallery-size-thumbnail'><dl class='gallery-item'>\n\t\t\t<dt class='gallery-icon landscape'>\n\t\t\t\t<a href='https:\/\/www1.kkl.si\/wp-content\/uploads\/2025\/11\/recept_za_sneg_foto_001_2025.jpg'><img loading=\"lazy\" decoding=\"async\" width=\"150\" height=\"150\" src=\"https:\/\/www1.kkl.si\/wp-content\/uploads\/2025\/11\/recept_za_sneg_foto_001_2025-150x150.jpg\" class=\"attachment-thumbnail size-thumbnail\" alt=\"\" \/><\/a>\n\t\t\t<\/dt><\/dl><dl class='gallery-item'>\n\t\t\t<dt class='gallery-icon landscape'>\n\t\t\t\t<a href='https:\/\/www1.kkl.si\/wp-content\/uploads\/2025\/11\/recept_za_sneg_foto_002_2025.jpg'><img loading=\"lazy\" decoding=\"async\" width=\"150\" height=\"150\" src=\"https:\/\/www1.kkl.si\/wp-content\/uploads\/2025\/11\/recept_za_sneg_foto_002_2025-150x150.jpg\" class=\"attachment-thumbnail size-thumbnail\" alt=\"\" \/><\/a>\n\t\t\t<\/dt><\/dl><dl class='gallery-item'>\n\t\t\t<dt class='gallery-icon landscape'>\n\t\t\t\t<a href='https:\/\/www1.kkl.si\/wp-content\/uploads\/2025\/11\/recept_za_sneg_foto_003_2025.jpg'><img loading=\"lazy\" decoding=\"async\" width=\"150\" height=\"150\" src=\"https:\/\/www1.kkl.si\/wp-content\/uploads\/2025\/11\/recept_za_sneg_foto_003_2025-150x150.jpg\" class=\"attachment-thumbnail size-thumbnail\" alt=\"\" \/><\/a>\n\t\t\t<\/dt><\/dl><dl class='gallery-item'>\n\t\t\t<dt class='gallery-icon landscape'>\n\t\t\t\t<a href='https:\/\/www1.kkl.si\/wp-content\/uploads\/2025\/11\/recept_za_sneg_foto_005_2025.jpg'><img loading=\"lazy\" decoding=\"async\" width=\"150\" height=\"150\" src=\"https:\/\/www1.kkl.si\/wp-content\/uploads\/2025\/11\/recept_za_sneg_foto_005_2025-150x150.jpg\" class=\"attachment-thumbnail size-thumbnail\" alt=\"\" \/><\/a>\n\t\t\t<\/dt><\/dl><dl class='gallery-item'>\n\t\t\t<dt class='gallery-icon landscape'>\n\t\t\t\t<a href='https:\/\/www1.kkl.si\/wp-content\/uploads\/2025\/11\/recept_za_sneg_foto_006_2025.jpg'><img loading=\"lazy\" decoding=\"async\" width=\"150\" height=\"150\" src=\"https:\/\/www1.kkl.si\/wp-content\/uploads\/2025\/11\/recept_za_sneg_foto_006_2025-150x150.jpg\" class=\"attachment-thumbnail size-thumbnail\" alt=\"\" \/><\/a>\n\t\t\t<\/dt><\/dl><dl class='gallery-item'>\n\t\t\t<dt class='gallery-icon landscape'>\n\t\t\t\t<a href='https:\/\/www1.kkl.si\/wp-content\/uploads\/2025\/11\/recept_za_sneg_foto_007_2025.jpg'><img loading=\"lazy\" decoding=\"async\" width=\"150\" height=\"150\" src=\"https:\/\/www1.kkl.si\/wp-content\/uploads\/2025\/11\/recept_za_sneg_foto_007_2025-150x150.jpg\" class=\"attachment-thumbnail size-thumbnail\" alt=\"\" \/><\/a>\n\t\t\t<\/dt><\/dl><br style=\"clear: both\" \/>\n\t\t<\/div>\n\n<p><span style=\"font-size: 14pt;\"><strong>O AVTORJIH<\/strong><\/span><\/p>\n<p>Zgodba in idejna zasnova: Ur\u0161ka Ra\u0161\u010dan<br \/>\nScenarij: Ur\u0161ka Ra\u0161\u010dan<br \/>\nRe\u017eija: Ur\u0161ka Ra\u0161\u010dan<br \/>\nIgra: Ur\u0161ka Ra\u0161\u010dan<br \/>\nLikovna podoba: Tija Senjur<br \/>\nKostumografija: Sandra Horvat<br \/>\nScenografija: Drago Kop\u0161e<br \/>\nKonstrukcija: Jure Forjan<br \/>\nScenski rekviziti: Sandra Horvat, Tija Senjur, Petra Jauk<br \/>\nGlasba: Ajda Bukovec<br \/>\nIzbor songov: Ur\u0161ka Ra\u0161\u010dan, Luna Forjan<\/p>\n<hr \/>\n<p><i class=\"fas fa-link\"><\/i> <a href=\"https:\/\/kukucpredstave.com\/portfolio-item\/recept-za-sneg\/\">KU-KUC gledali\u0161\u010de: RECEPT ZA SNEG<\/a><\/p>\n<blockquote>\n<p>Az el\u0151ad\u00e1s ut\u00e1n k\u00e9zm\u0171ves foglalkoz\u00e1s v\u00e1rja a gyerekeket. \u2013 ARTFOREST. A foglalkoz\u00e1sra a bel\u00e9p\u00e9s d\u00edjtalan! <br \/>\nA kivitelez\u00e9st a <a href=\"https:\/\/www.gov.si\/drzavni-organi\/ministrstva\/ministrstvo-za-kulturo\/\">Szlov\u00e9n K\u00f6zt\u00e1rsas\u00e1g Kultur\u00e1lis Miniszt\u00e9riuma<\/a> t\u00e1mogatja.<\/p>\n<\/blockquote>\n","protected":false},"excerpt":{"rendered":"<p>\u00a02025. december 1. (h\u00e9tf\u0151) 17.00 \u00f3ra | Lendvai Sz\u00ednh\u00e1z- \u00e9s Hangversenyterem gyerekel\u0151ad\u00e1s szlov\u00e9n nyelven 3+ Bel\u00e9p\u0151jegy \u00e1ra: 3\u00a0\u20ac P\u00e9nzt\u00e1r: +386 (0)2 577 60 24. Szervez\u0151: Knji\u017enica \u2013 Kulturni center Lendava \u2013 Lendvai K\u00f6nyvt\u00e1r \u00e9s Kultur\u00e1lis K\u00f6zpont Szlov\u00e9n nyelv\u0171 le\u00edr\u00e1s: RECEPT ZA SNEG \u010cude\u017eno potovanje babice zime Babica zima vsako leto, \u017ee stoletja, poskrbi, da se [&hellip;]<\/p>\n","protected":false},"author":2,"featured_media":0,"parent":0,"menu_order":0,"comment_status":"closed","ping_status":"closed","template":"","meta":{"footnotes":""},"class_list":["post-25040","page","type-page","status-publish","hentry","post"],"_links":{"self":[{"href":"https:\/\/www1.kkl.si\/hu\/wp-json\/wp\/v2\/pages\/25040","targetHints":{"allow":["GET"]}}],"collection":[{"href":"https:\/\/www1.kkl.si\/hu\/wp-json\/wp\/v2\/pages"}],"about":[{"href":"https:\/\/www1.kkl.si\/hu\/wp-json\/wp\/v2\/types\/page"}],"author":[{"embeddable":true,"href":"https:\/\/www1.kkl.si\/hu\/wp-json\/wp\/v2\/users\/2"}],"replies":[{"embeddable":true,"href":"https:\/\/www1.kkl.si\/hu\/wp-json\/wp\/v2\/comments?post=25040"}],"version-history":[{"count":1,"href":"https:\/\/www1.kkl.si\/hu\/wp-json\/wp\/v2\/pages\/25040\/revisions"}],"predecessor-version":[{"id":25043,"href":"https:\/\/www1.kkl.si\/hu\/wp-json\/wp\/v2\/pages\/25040\/revisions\/25043"}],"wp:attachment":[{"href":"https:\/\/www1.kkl.si\/hu\/wp-json\/wp\/v2\/media?parent=25040"}],"curies":[{"name":"wp","href":"https:\/\/api.w.org\/{rel}","templated":true}]}}