{"id":25066,"date":"2025-11-17T13:33:28","date_gmt":"2025-11-17T12:33:28","guid":{"rendered":"https:\/\/www1.kkl.si\/?page_id=25066"},"modified":"2025-12-01T09:14:52","modified_gmt":"2025-12-01T08:14:52","slug":"griff-babszinhaz-zalaegerszeg-pimpinella-kisasszony-kulonos-boltja","status":"publish","type":"page","link":"https:\/\/www1.kkl.si\/hu\/griff-babszinhaz-zalaegerszeg-pimpinella-kisasszony-kulonos-boltja\/","title":{"rendered":"Griff B\u00e1bsz\u00ednh\u00e1z Zalaegerszeg: Pimpinella kisasszony k\u00fcl\u00f6n\u00f6s boltja"},"content":{"rendered":"<div class=\"opis\"><i class=\"fas fa-clock\"><\/i>\u00a0<strong>2025. <\/strong><strong>december 7. (vas\u00e1rnap) 17.00 \u00f3ra<\/strong> | Lendvai Sz\u00ednh\u00e1z- \u00e9s Hangversenyterem<img loading=\"lazy\" decoding=\"async\" class=\"wp-image-1592 alignright\" title=\"Fizet\u0151s rendezv\u00e9ny\" src=\"https:\/\/www1.kkl.si\/wp-content\/uploads\/\/2020\/07\/spored_simb_placljiva-1.svg\" alt=\"placljiva\" width=\"30\" height=\"30\" srcset=\"https:\/\/www1.kkl.si\/wp-content\/uploads\/\/2020\/07\/spored_simb_placljiva-1.svg 150w, https:\/\/www1.kkl.si\/wp-content\/uploads\/\/2020\/07\/spored_simb_placljiva-1.svg 400w, https:\/\/www1.kkl.si\/wp-content\/uploads\/\/2020\/07\/spored_simb_placljiva-1.svg 1500w, https:\/\/www1.kkl.si\/wp-content\/uploads\/\/2020\/07\/spored_simb_placljiva-1.svg 100w\" sizes=\"auto, (max-width: 30px) 100vw, 30px\" \/><br \/>\n<i class=\"fas fa-chevron-circle-right\"><\/i> <strong>gyerekel\u0151ad\u00e1s <span class=\"starost\">3+<\/span><\/strong><br \/>\n<i class=\"fas fa-ticket-alt\"><\/i> Bel\u00e9p\u0151jegy \u00e1ra: <strong>3\u00a0\u20ac<\/strong><br \/>\nP\u00e9nzt\u00e1r: <i class=\"fas fa-phone-alt\"><\/i> +386 (0)2 577 60 24.<br \/>\nSzervez\u0151: <a href=\"https:\/\/www.kkl.si\/\">Knji\u017enica \u2013 Kulturni center Lendava \u2013 Lendvai K\u00f6nyvt\u00e1r \u00e9s Kultur\u00e1lis K\u00f6zpont<\/a><\/div>\n<p><strong><a href=\"https:\/\/www1.kkl.si\/wp-content\/uploads\/2025\/11\/plakat_B2_pimpinella_2025_HU.jpg\" data-lbwps-width=\"2500\" data-lbwps-height=\"3500\" data-lbwps-srcsmall=\"https:\/\/www1.kkl.si\/wp-content\/uploads\/2025\/11\/plakat_B2_pimpinella_2025_HU.jpg\"><img loading=\"lazy\" decoding=\"async\" class=\"slika wp-image-25069 size-medium alignright\" src=\"https:\/\/www1.kkl.si\/wp-content\/uploads\/2025\/11\/plakat_B2_pimpinella_2025_HU-scaled-286x400.jpg\" alt=\"\" width=\"286\" height=\"400\" srcset=\"https:\/\/www1.kkl.si\/wp-content\/uploads\/2025\/11\/plakat_B2_pimpinella_2025_HU-scaled-286x400.jpg 286w, https:\/\/www1.kkl.si\/wp-content\/uploads\/2025\/11\/plakat_B2_pimpinella_2025_HU-scaled-1072x1500.jpg 1072w, https:\/\/www1.kkl.si\/wp-content\/uploads\/2025\/11\/plakat_B2_pimpinella_2025_HU-scaled.jpg 1829w\" sizes=\"auto, (max-width: 286px) 100vw, 286px\" \/><\/a>J\u00e1tssz\u00e1k:<\/strong><br \/>\nHorv\u00e1th M\u00e1t\u00e9 Zsolt<br \/>\nMatola Norbert<br \/>\nMedgyesi Anna<br \/>\nStekbauer-Hanzi R\u00e9ka<br \/>\nSzilinyi Arnold<br \/>\nSzolnok \u00c1gnes<br \/>\nV\u00e1ri Vivien<\/p>\n<p><strong>\u00cdrta:<\/strong> Szab\u00f3 Attila<br \/>\n<strong>Zeneszerz\u0151:<\/strong> Rab Viki<br \/>\n<strong>Tervezte:<\/strong> Kiss Borcsa<br \/>\n<strong>Koreogr\u00e1fus:<\/strong> Kov\u00e1cs B\u00e1lint<br \/>\n<strong>Korrepet\u00edtor:<\/strong> Kov\u00e1cs Kata<br \/>\n<strong>A rendez\u0151 munkat\u00e1rsa:<\/strong> Horv\u00e1th M\u00e1t\u00e9 Zsolt<\/p>\n<p><strong>Rendezte:<\/strong> Bartal Kiss Rita Blattner-d\u00edjas<\/p>\n<p>Pimpinella kisasszony f\u0171szerboltj\u00e1ban csod\u00e1s dolgok kaphat\u00f3ak. Akad ott fodros napf\u00e9ny-karamell, \u00e1nizsos nyal\u00f3ka, vas\u00e1rnapi h\u00faslevesillat, szegf\u0171szeg-f\u0171 kivonatba m\u00e1rtott linzer. Szeretik a n\u00e9pek, s ha m\u00e1s\u00e9rt nem is, p\u00e1r kedves sz\u00f3\u00e9rt be-bet\u00e9rnek Pimpinella kisasszonyhoz. \u00c1m azt a v\u00e1rosban senki sem tudja, hogy ebben a boltban tan\u00e1cskoznak minden holdt\u00f6ltekor az elfelejtett l\u00e9nyek. Az \u00f6sszej\u00f6vetel szigor\u00faan titkos. \u00c9pp ez\u00e9rt settenkedik a bolt k\u00f6r\u00fcl m\u00e1r napok \u00f3ta Sz\u00f6m\u00f6rce, a meseelh\u00e1r\u00edt\u00f3 bizotts\u00e1gi \u00fcgyn\u00f6k, aki bus\u00e1s vagyont rem\u00e9l att\u00f3l, hogy az elfelejtett l\u00e9nyek titkait kihallgathatja. Lesz itt haddelhadd, kaland, szemf\u00e9nyveszt\u00e9s! De vajon siker\u00fcl-e megmenteni a f\u0171szerbolt titkait? (Igen. De ez titok!) Sok-sok zen\u00e9vel \u00e9s t\u00e1nccal f\u0171szerezett kalandj\u00e1t\u00e9kunkban minden kider\u00fcl!<\/p>\n<p><a href=\"https:\/\/www1.kkl.si\/wp-content\/uploads\/2025\/12\/pimpinella_00.jpg\" data-lbwps-width=\"2560\" data-lbwps-height=\"1391\" data-lbwps-srcsmall=\"https:\/\/www1.kkl.si\/wp-content\/uploads\/2025\/12\/pimpinella_00-400x217.jpg\"><img loading=\"lazy\" decoding=\"async\" class=\"alignnone size-large wp-image-25198\" src=\"https:\/\/www1.kkl.si\/wp-content\/uploads\/2025\/12\/pimpinella_00-1500x815.jpg\" alt=\"\" width=\"1500\" height=\"815\" srcset=\"https:\/\/www1.kkl.si\/wp-content\/uploads\/2025\/12\/pimpinella_00-1500x815.jpg 1500w, https:\/\/www1.kkl.si\/wp-content\/uploads\/2025\/12\/pimpinella_00-400x217.jpg 400w\" sizes=\"auto, (max-width: 1500px) 100vw, 1500px\" \/><\/a><\/p>\n\n\t\t<style type=\"text\/css\">\n\t\t\t#gallery-1 {\n\t\t\t\tmargin: auto;\n\t\t\t}\n\t\t\t#gallery-1 .gallery-item {\n\t\t\t\tfloat: left;\n\t\t\t\tmargin-top: 10px;\n\t\t\t\ttext-align: center;\n\t\t\t\twidth: 16%;\n\t\t\t}\n\t\t\t#gallery-1 img {\n\t\t\t\tborder: 2px solid #cfcfcf;\n\t\t\t}\n\t\t\t#gallery-1 .gallery-caption {\n\t\t\t\tmargin-left: 0;\n\t\t\t}\n\t\t\t\/* see gallery_shortcode() in wp-includes\/media.php *\/\n\t\t<\/style>\n\t\t<div id='gallery-1' class='gallery galleryid-25066 gallery-columns-6 gallery-size-thumbnail'><dl class='gallery-item'>\n\t\t\t<dt class='gallery-icon landscape'>\n\t\t\t\t<a href='https:\/\/www1.kkl.si\/wp-content\/uploads\/2025\/12\/pimpinella_01.jpg'><img loading=\"lazy\" decoding=\"async\" width=\"150\" height=\"150\" src=\"https:\/\/www1.kkl.si\/wp-content\/uploads\/2025\/12\/pimpinella_01-150x150.jpg\" class=\"attachment-thumbnail size-thumbnail\" alt=\"\" \/><\/a>\n\t\t\t<\/dt><\/dl><dl class='gallery-item'>\n\t\t\t<dt class='gallery-icon landscape'>\n\t\t\t\t<a href='https:\/\/www1.kkl.si\/wp-content\/uploads\/2025\/12\/pimpinella_02.jpg'><img loading=\"lazy\" decoding=\"async\" width=\"150\" height=\"150\" src=\"https:\/\/www1.kkl.si\/wp-content\/uploads\/2025\/12\/pimpinella_02-150x150.jpg\" class=\"attachment-thumbnail size-thumbnail\" alt=\"\" \/><\/a>\n\t\t\t<\/dt><\/dl><dl class='gallery-item'>\n\t\t\t<dt class='gallery-icon landscape'>\n\t\t\t\t<a href='https:\/\/www1.kkl.si\/wp-content\/uploads\/2025\/12\/pimpinella_03.jpg'><img loading=\"lazy\" decoding=\"async\" width=\"150\" height=\"150\" src=\"https:\/\/www1.kkl.si\/wp-content\/uploads\/2025\/12\/pimpinella_03-150x150.jpg\" class=\"attachment-thumbnail size-thumbnail\" alt=\"\" \/><\/a>\n\t\t\t<\/dt><\/dl><dl class='gallery-item'>\n\t\t\t<dt class='gallery-icon landscape'>\n\t\t\t\t<a href='https:\/\/www1.kkl.si\/wp-content\/uploads\/2025\/12\/pimpinella_04.jpg'><img loading=\"lazy\" decoding=\"async\" width=\"150\" height=\"150\" src=\"https:\/\/www1.kkl.si\/wp-content\/uploads\/2025\/12\/pimpinella_04-150x150.jpg\" class=\"attachment-thumbnail size-thumbnail\" alt=\"\" \/><\/a>\n\t\t\t<\/dt><\/dl><dl class='gallery-item'>\n\t\t\t<dt class='gallery-icon landscape'>\n\t\t\t\t<a href='https:\/\/www1.kkl.si\/wp-content\/uploads\/2025\/12\/pimpinella_06.jpg'><img loading=\"lazy\" decoding=\"async\" width=\"150\" height=\"150\" src=\"https:\/\/www1.kkl.si\/wp-content\/uploads\/2025\/12\/pimpinella_06-150x150.jpg\" class=\"attachment-thumbnail size-thumbnail\" alt=\"\" \/><\/a>\n\t\t\t<\/dt><\/dl><dl class='gallery-item'>\n\t\t\t<dt class='gallery-icon landscape'>\n\t\t\t\t<a href='https:\/\/www1.kkl.si\/wp-content\/uploads\/2025\/12\/pimpinella_07.jpg'><img loading=\"lazy\" decoding=\"async\" width=\"150\" height=\"150\" src=\"https:\/\/www1.kkl.si\/wp-content\/uploads\/2025\/12\/pimpinella_07-150x150.jpg\" class=\"attachment-thumbnail size-thumbnail\" alt=\"\" \/><\/a>\n\t\t\t<\/dt><\/dl><br style=\"clear: both\" \/><dl class='gallery-item'>\n\t\t\t<dt class='gallery-icon landscape'>\n\t\t\t\t<a href='https:\/\/www1.kkl.si\/wp-content\/uploads\/2025\/12\/pimpinella_08.jpg'><img loading=\"lazy\" decoding=\"async\" width=\"150\" height=\"150\" src=\"https:\/\/www1.kkl.si\/wp-content\/uploads\/2025\/12\/pimpinella_08-150x150.jpg\" class=\"attachment-thumbnail size-thumbnail\" alt=\"\" \/><\/a>\n\t\t\t<\/dt><\/dl><dl class='gallery-item'>\n\t\t\t<dt class='gallery-icon landscape'>\n\t\t\t\t<a href='https:\/\/www1.kkl.si\/wp-content\/uploads\/2025\/12\/pimpinella_09.jpg'><img loading=\"lazy\" decoding=\"async\" width=\"150\" height=\"150\" src=\"https:\/\/www1.kkl.si\/wp-content\/uploads\/2025\/12\/pimpinella_09-150x150.jpg\" class=\"attachment-thumbnail size-thumbnail\" alt=\"\" \/><\/a>\n\t\t\t<\/dt><\/dl><dl class='gallery-item'>\n\t\t\t<dt class='gallery-icon landscape'>\n\t\t\t\t<a href='https:\/\/www1.kkl.si\/wp-content\/uploads\/2025\/12\/pimpinella_10.jpg'><img loading=\"lazy\" decoding=\"async\" width=\"150\" height=\"150\" src=\"https:\/\/www1.kkl.si\/wp-content\/uploads\/2025\/12\/pimpinella_10-150x150.jpg\" class=\"attachment-thumbnail size-thumbnail\" alt=\"\" \/><\/a>\n\t\t\t<\/dt><\/dl><dl class='gallery-item'>\n\t\t\t<dt class='gallery-icon landscape'>\n\t\t\t\t<a href='https:\/\/www1.kkl.si\/wp-content\/uploads\/2025\/12\/pimpinella_11.jpg'><img loading=\"lazy\" decoding=\"async\" width=\"150\" height=\"150\" src=\"https:\/\/www1.kkl.si\/wp-content\/uploads\/2025\/12\/pimpinella_11-150x150.jpg\" class=\"attachment-thumbnail size-thumbnail\" alt=\"\" \/><\/a>\n\t\t\t<\/dt><\/dl><dl class='gallery-item'>\n\t\t\t<dt class='gallery-icon landscape'>\n\t\t\t\t<a href='https:\/\/www1.kkl.si\/wp-content\/uploads\/2025\/12\/pimpinella_12.jpg'><img loading=\"lazy\" decoding=\"async\" width=\"150\" height=\"150\" src=\"https:\/\/www1.kkl.si\/wp-content\/uploads\/2025\/12\/pimpinella_12-150x150.jpg\" class=\"attachment-thumbnail size-thumbnail\" alt=\"\" \/><\/a>\n\t\t\t<\/dt><\/dl><dl class='gallery-item'>\n\t\t\t<dt class='gallery-icon landscape'>\n\t\t\t\t<a href='https:\/\/www1.kkl.si\/wp-content\/uploads\/2025\/12\/pimpinella_13.jpg'><img loading=\"lazy\" decoding=\"async\" width=\"150\" height=\"150\" src=\"https:\/\/www1.kkl.si\/wp-content\/uploads\/2025\/12\/pimpinella_13-150x150.jpg\" class=\"attachment-thumbnail size-thumbnail\" alt=\"\" \/><\/a>\n\t\t\t<\/dt><\/dl><br style=\"clear: both\" \/>\n\t\t<\/div>\n\n<p><span style=\"font-size: 10pt;\">Fot\u00f3: Seres P\u00e9ter<\/span><\/p>\n<hr \/>\n<p><i class=\"fas fa-link\"><\/i> <a href=\"https:\/\/griffbabszinhaz.hu\/\">Griff B\u00e1bsz\u00ednh\u00e1z<\/a><\/p>\n","protected":false},"excerpt":{"rendered":"<p>\u00a02025. december 7. (vas\u00e1rnap) 17.00 \u00f3ra | Lendvai Sz\u00ednh\u00e1z- \u00e9s Hangversenyterem gyerekel\u0151ad\u00e1s 3+ Bel\u00e9p\u0151jegy \u00e1ra: 3\u00a0\u20ac P\u00e9nzt\u00e1r: +386 (0)2 577 60 24. Szervez\u0151: Knji\u017enica \u2013 Kulturni center Lendava \u2013 Lendvai K\u00f6nyvt\u00e1r \u00e9s Kultur\u00e1lis K\u00f6zpont J\u00e1tssz\u00e1k: Horv\u00e1th M\u00e1t\u00e9 Zsolt Matola Norbert Medgyesi Anna Stekbauer-Hanzi R\u00e9ka Szilinyi Arnold Szolnok \u00c1gnes V\u00e1ri Vivien \u00cdrta: Szab\u00f3 Attila Zeneszerz\u0151: Rab [&hellip;]<\/p>\n","protected":false},"author":2,"featured_media":0,"parent":0,"menu_order":0,"comment_status":"closed","ping_status":"closed","template":"","meta":{"footnotes":""},"class_list":["post-25066","page","type-page","status-publish","hentry","post"],"_links":{"self":[{"href":"https:\/\/www1.kkl.si\/hu\/wp-json\/wp\/v2\/pages\/25066","targetHints":{"allow":["GET"]}}],"collection":[{"href":"https:\/\/www1.kkl.si\/hu\/wp-json\/wp\/v2\/pages"}],"about":[{"href":"https:\/\/www1.kkl.si\/hu\/wp-json\/wp\/v2\/types\/page"}],"author":[{"embeddable":true,"href":"https:\/\/www1.kkl.si\/hu\/wp-json\/wp\/v2\/users\/2"}],"replies":[{"embeddable":true,"href":"https:\/\/www1.kkl.si\/hu\/wp-json\/wp\/v2\/comments?post=25066"}],"version-history":[{"count":5,"href":"https:\/\/www1.kkl.si\/hu\/wp-json\/wp\/v2\/pages\/25066\/revisions"}],"predecessor-version":[{"id":25211,"href":"https:\/\/www1.kkl.si\/hu\/wp-json\/wp\/v2\/pages\/25066\/revisions\/25211"}],"wp:attachment":[{"href":"https:\/\/www1.kkl.si\/hu\/wp-json\/wp\/v2\/media?parent=25066"}],"curies":[{"name":"wp","href":"https:\/\/api.w.org\/{rel}","templated":true}]}}