{"id":25114,"date":"2025-11-19T11:12:13","date_gmt":"2025-11-19T10:12:13","guid":{"rendered":"https:\/\/www1.kkl.si\/?page_id=25114"},"modified":"2025-11-24T12:51:29","modified_gmt":"2025-11-24T11:51:29","slug":"sam-prjatla-zan-papic-es-melani-mekicar-eloadasaban","status":"publish","type":"page","link":"https:\/\/www1.kkl.si\/hu\/sam-prjatla-zan-papic-es-melani-mekicar-eloadasaban\/","title":{"rendered":"SAM PRJATLA \u2013 \u017dan Papi\u010d \u00e9s Melani Mekicar el\u0151ad\u00e1s\u00e1ban"},"content":{"rendered":"<div class=\"opis\"><i class=\"fas fa-clock\"><\/i> <strong>2025. december 9. kedd, 19 \u00f3rakor<\/strong> | Sz\u00ednh\u00e1z-\u00e9s Hangversenyterem, Lendva<img loading=\"lazy\" decoding=\"async\" class=\"wp-image-1592 alignright\" title=\"Fizet\u0151s rendezv\u00e9ny\" src=\"https:\/\/www1.kkl.si\/wp-content\/uploads\/\/2020\/07\/spored_simb_placljiva-1.svg\" alt=\"placljiva\" width=\"30\" height=\"30\" srcset=\"https:\/\/www1.kkl.si\/wp-content\/uploads\/\/2020\/07\/spored_simb_placljiva-1.svg 150w, https:\/\/www1.kkl.si\/wp-content\/uploads\/\/2020\/07\/spored_simb_placljiva-1.svg 400w, https:\/\/www1.kkl.si\/wp-content\/uploads\/\/2020\/07\/spored_simb_placljiva-1.svg 1500w, https:\/\/www1.kkl.si\/wp-content\/uploads\/\/2020\/07\/spored_simb_placljiva-1.svg 100w\" sizes=\"auto, (max-width: 30px) 100vw, 30px\" \/><br \/>\n<i class=\"fas fa-chevron-circle-right\"><\/i> <strong>szlov\u00e9n nyelv\u0171 romantikus v\u00edgj\u00e1t\u00e9k <span class=\"starost\">15+<\/span><\/strong><br \/>\n<i class=\"fas fa-ticket-alt\"><\/i> Bel\u00e9p\u0151jegy \u00e1ra: <strong>20 \u20ac<\/strong><br \/>\nBel\u00e9p\u0151jegyek v\u00e1s\u00e1rolhat\u00f3k a k\u00f6vetkez\u0151 helyeken: <a href=\"https:\/\/www.eventim.si\/artist\/sam-prjatla\/sam-prjatla-lendava-4027674\/\">Eventim<\/a> \u00e9s <a href=\"https:\/\/www.petrol.si\/\">Petrol<\/a>, valamint a lendvai Sz\u00ednh\u00e1z- \u00e9s hangversenyterem p\u00e9nzt\u00e1r\u00e1n\u00e1l (telefon: <i class=\"fas fa-phone-alt\"><\/i> +386 (0)2 577 60 24). <em>A jegyek m\u00e1r kaphat\u00f3k!<\/em><br \/>\nSzervez\u0151: <a href=\"https:\/\/salomat.si\/\">\u0160alomat d.o.o.<\/a><\/div>\n<p><strong><a href=\"https:\/\/www1.kkl.si\/wp-content\/uploads\/2025\/11\/sam_prjatla_foto_Dejan_Nikolic_3000px.jpg\" data-lbwps-width=\"2000\" data-lbwps-height=\"3000\" data-lbwps-srcsmall=\"https:\/\/www1.kkl.si\/wp-content\/uploads\/2025\/11\/sam_prjatla_foto_Dejan_Nikolic_3000px.jpg\"><img loading=\"lazy\" decoding=\"async\" class=\"alignright size-medium wp-image-25100\" src=\"https:\/\/www1.kkl.si\/wp-content\/uploads\/2025\/11\/sam_prjatla_foto_Dejan_Nikolic_3000px-scaled-267x400.jpg\" alt=\"\" width=\"267\" height=\"400\" srcset=\"https:\/\/www1.kkl.si\/wp-content\/uploads\/2025\/11\/sam_prjatla_foto_Dejan_Nikolic_3000px-scaled-267x400.jpg 267w, https:\/\/www1.kkl.si\/wp-content\/uploads\/2025\/11\/sam_prjatla_foto_Dejan_Nikolic_3000px-scaled-1000x1500.jpg 1000w, https:\/\/www1.kkl.si\/wp-content\/uploads\/2025\/11\/sam_prjatla_foto_Dejan_Nikolic_3000px-scaled.jpg 1707w\" sizes=\"auto, (max-width: 267px) 100vw, 267px\" \/><\/a><\/strong><strong>CSAK BAR\u00c1TOK \u2013 Romantikus v\u00edgj\u00e1t\u00e9k \u017dan Papi\u010dcsal \u00e9s Melani Mekicarral\u00a0<\/strong><\/p>\n<p style=\"padding-left: 40px;\"><span style=\"font-size: 18pt;\">Mi t\u00f6rt\u00e9nik, amikor egy fi\u00fa \u00e9s egy l\u00e1ny a Tinderen ismerkednek meg? Melani Mekicar \u00e9s \u017dan Papi\u010d izgalmas v\u00edgj\u00e1t\u00e9kban j\u00e1rj\u00e1k k\u00f6rbe a viharokkal \u00e9s \u00e9rzelemt\u0151l duzzad\u00f3 \u00e1rad\u00e1sokkal teli kapcsolatokat.<\/span><\/p>\n<p>&nbsp;<\/p>\n<p><strong>R\u00d6VID ISMERTET\u0150:<\/strong><\/p>\n<p>R\u00e9gen a fi\u00fa \u00e9s a l\u00e1ny az el\u0151ad\u00e1sokon tal\u00e1lkoztak. Azt\u00e1n a fi\u00fa vacsor\u00e1ra h\u00edvta a l\u00e1nyt, a l\u00e1ny kir\u00e1ndulni h\u00edvta a fi\u00fat, szikra pattant, \u00e9s n\u00e9h\u00e1ny h\u00f3nap randiz\u00e1s ut\u00e1n az \u00e1gyban k\u00f6t\u00f6ttek ki \u2013 igen, valaha \u00edgy ment ez. Ma a fi\u00fa \u00e9s a l\u00e1ny a Tinderen tal\u00e1lkoznak, mindent \u00e1tugranak, \u00e9s r\u00f6gt\u00f6n a leped\u0151k k\u00f6z\u00f6tt landolnak.<\/p>\n<p>Mit jelent ez a kapcsolatukra n\u00e9zve? El\u0151re kudarcra van \u00edt\u00e9lve egy ilyen viszony? \u00c9s vajon t\u00e9nyleg vannak a f\u00e9rfiaknak \u00c9RZELMEIK? Ezekre \u00e9s m\u00e9g legal\u00e1bb h\u00e1rom m\u00e1sik k\u00e9rd\u00e9sre ad v\u00e1laszt az \u00faj romantikus v\u00edgj\u00e1t\u00e9k, a <em>Csak bar\u00e1tok<\/em>, amelyben Melani Mekicar \u00e9s \u017dan Papi\u010d egy viharos \u00e9jszaka ut\u00e1n \u00fagy d\u00f6ntenek, tal\u00e1n \u00e9rdemes lenne \u00fajra tal\u00e1lkozni\u2026 \u00e9s tal\u00e1lkoznak is.<\/p>\n<p>Ezut\u00e1n k\u00f6vetkezik az \u00e9sz\u00e9rvek vihar\u00e1b\u00f3l, szellemi f\u00f6ldreng\u00e9sekb\u0151l \u00e9s \u00e9rzelmi \u00e1rad\u00e1sokb\u00f3l kevert izgalmas kokt\u00e9l. H\u0151seink pedig a kapcsolatokra jellemz\u0151 term\u00e9szeti katasztr\u00f3f\u00e1k ellen\u00e9re egy\u00fctt maradnak, b\u00e1r m\u00e9g a n\u00e1szindul\u00f3 hangjai k\u00f6zben is pr\u00f3b\u00e1lj\u00e1k tagadni: \u0151k bizony <em>\u201ccsak bar\u00e1tok\u201d<\/em>.<\/p>\n<p>Szerepl\u0151k: \u017dan Papi\u010d \u00e9s Melani Mekica<br \/>\nRendez\u0151: Igor Bra\u010di\u010d<br \/>\nFot\u00f3: Dejan Nikoli\u010d<\/p>\n<p>Produkci\u00f3: \u0160alomat d.o.o., Ljubljana<\/p>\n<p><a href=\"https:\/\/www1.kkl.si\/wp-content\/uploads\/2025\/11\/sam_prjatla_B2_plakat_splet.jpg\" data-lbwps-width=\"1768\" data-lbwps-height=\"2500\" data-lbwps-srcsmall=\"https:\/\/www1.kkl.si\/wp-content\/uploads\/2025\/11\/sam_prjatla_B2_plakat_splet-283x400.jpg\"><img loading=\"lazy\" decoding=\"async\" class=\"slika alignnone wp-image-25096 size-large\" src=\"https:\/\/www1.kkl.si\/wp-content\/uploads\/2025\/11\/sam_prjatla_B2_plakat_splet-1061x1500.jpg\" alt=\"\" width=\"1061\" height=\"1500\" srcset=\"https:\/\/www1.kkl.si\/wp-content\/uploads\/2025\/11\/sam_prjatla_B2_plakat_splet-1061x1500.jpg 1061w, https:\/\/www1.kkl.si\/wp-content\/uploads\/2025\/11\/sam_prjatla_B2_plakat_splet-283x400.jpg 283w, https:\/\/www1.kkl.si\/wp-content\/uploads\/2025\/11\/sam_prjatla_B2_plakat_splet.jpg 1768w\" sizes=\"auto, (max-width: 1061px) 100vw, 1061px\" \/><\/a><\/p>\n<hr \/>\n<p><i class=\"fas fa-link\"><\/i> <a href=\"https:\/\/salomat.si\/#sam-prjatla\">Sam Prjatla<\/a><\/p>\n","protected":false},"excerpt":{"rendered":"<p>2025. december 9. kedd, 19 \u00f3rakor | Sz\u00ednh\u00e1z-\u00e9s Hangversenyterem, Lendva szlov\u00e9n nyelv\u0171 romantikus v\u00edgj\u00e1t\u00e9k 15+ Bel\u00e9p\u0151jegy \u00e1ra: 20 \u20ac Bel\u00e9p\u0151jegyek v\u00e1s\u00e1rolhat\u00f3k a k\u00f6vetkez\u0151 helyeken: Eventim \u00e9s Petrol, valamint a lendvai Sz\u00ednh\u00e1z- \u00e9s hangversenyterem p\u00e9nzt\u00e1r\u00e1n\u00e1l (telefon: +386 (0)2 577 60 24). A jegyek m\u00e1r kaphat\u00f3k! Szervez\u0151: \u0160alomat d.o.o. CSAK BAR\u00c1TOK \u2013 Romantikus v\u00edgj\u00e1t\u00e9k \u017dan Papi\u010dcsal \u00e9s [&hellip;]<\/p>\n","protected":false},"author":2,"featured_media":0,"parent":0,"menu_order":0,"comment_status":"closed","ping_status":"closed","template":"","meta":{"footnotes":""},"class_list":["post-25114","page","type-page","status-publish","hentry","post"],"_links":{"self":[{"href":"https:\/\/www1.kkl.si\/hu\/wp-json\/wp\/v2\/pages\/25114","targetHints":{"allow":["GET"]}}],"collection":[{"href":"https:\/\/www1.kkl.si\/hu\/wp-json\/wp\/v2\/pages"}],"about":[{"href":"https:\/\/www1.kkl.si\/hu\/wp-json\/wp\/v2\/types\/page"}],"author":[{"embeddable":true,"href":"https:\/\/www1.kkl.si\/hu\/wp-json\/wp\/v2\/users\/2"}],"replies":[{"embeddable":true,"href":"https:\/\/www1.kkl.si\/hu\/wp-json\/wp\/v2\/comments?post=25114"}],"version-history":[{"count":6,"href":"https:\/\/www1.kkl.si\/hu\/wp-json\/wp\/v2\/pages\/25114\/revisions"}],"predecessor-version":[{"id":25153,"href":"https:\/\/www1.kkl.si\/hu\/wp-json\/wp\/v2\/pages\/25114\/revisions\/25153"}],"wp:attachment":[{"href":"https:\/\/www1.kkl.si\/hu\/wp-json\/wp\/v2\/media?parent=25114"}],"curies":[{"name":"wp","href":"https:\/\/api.w.org\/{rel}","templated":true}]}}