{"id":25408,"date":"2025-12-18T12:34:24","date_gmt":"2025-12-18T11:34:24","guid":{"rendered":"https:\/\/www1.kkl.si\/?page_id=25408"},"modified":"2025-12-18T13:25:59","modified_gmt":"2025-12-18T12:25:59","slug":"gyongyhaju-lany-legendaja-2","status":"publish","type":"page","link":"https:\/\/www1.kkl.si\/hu\/gyongyhaju-lany-legendaja-2\/","title":{"rendered":"Gy\u00f6ngyhaj\u00fa l\u00e1ny legend\u00e1ja"},"content":{"rendered":"<div class=\"opis\"><i class=\"fas fa-clock\"><\/i>\u00a0<strong>2026. janu\u00e1r 18. vas\u00e1rnap, 19.00<\/strong> | Lendvai Sz\u00ednh\u00e1z- \u00e9s Hangversenyterem<img loading=\"lazy\" decoding=\"async\" class=\"wp-image-1592 alignright\" title=\"Fizet\u0151s rendezv\u00e9ny\" src=\"https:\/\/www1.kkl.si\/wp-content\/uploads\/\/2020\/07\/spored_simb_placljiva-1.svg\" alt=\"placljiva\" width=\"30\" height=\"30\" srcset=\"https:\/\/www1.kkl.si\/wp-content\/uploads\/\/2020\/07\/spored_simb_placljiva-1.svg 150w, https:\/\/www1.kkl.si\/wp-content\/uploads\/\/2020\/07\/spored_simb_placljiva-1.svg 400w, https:\/\/www1.kkl.si\/wp-content\/uploads\/\/2020\/07\/spored_simb_placljiva-1.svg 1500w, https:\/\/www1.kkl.si\/wp-content\/uploads\/\/2020\/07\/spored_simb_placljiva-1.svg 100w\" sizes=\"auto, (max-width: 30px) 100vw, 30px\" \/><br \/>\n<i class=\"fas fa-chevron-circle-right\"><\/i> <strong>OMEGA musical<\/strong><br \/>\n<i class=\"fas fa-ticket-alt\"><\/i> Bel\u00e9p\u0151: <strong>32 \u20ac<\/strong><br \/>\nJegyek a <a href=\"https:\/\/www.mnmi-zkmn.si\/sl\/o-nas\/\">B\u00e1nffy K\u00f6zpontban<\/a> kaphat\u00f3k (Lendva, F\u0151 utca 32., <i class=\"fas fa-phone-alt\"><\/i> +386 2 577 667).<br \/>\nSzervez\u0151: <a href=\"https:\/\/www.mnmi-zkmn.si\/\">MNMI Lendva \u2013 ZKMN Lendava<\/a><\/div>\n<p style=\"padding-left: 40px;\"><span style=\"font-size: 18pt;\">Lendv\u00e1n, a Sz\u00ednh\u00e1z- \u00e9s Hangversenyteremben, felcsend\u00fclnek az <strong>OMEGA legend\u00e1s sl\u00e1gerei<\/strong> a Gy\u00f6ngyhaj\u00fa L\u00e1ny musical el\u0151ad\u00e1s\u00e1ban. Egy felejthetetlen est\u00e9re invit\u00e1ljuk \u00d6n\u00f6ket, ahol a hazai rockt\u00f6rt\u00e9nelem ikonikus dallamai kelnek \u00faj \u00e9letre mint p\u00e9ld\u00e1ul: <em>Ha \u00c9n Sz\u00e9l Lehetn\u00e9k<\/em>, <em>Gy\u00f6ngyhaj\u00fa L\u00e1ny, Petr\u00f3leuml\u00e1mpa, Trombit\u00e1s Fr\u00e9di<\/em> stb.<\/span><\/p>\n<p><span style=\"font-size: 18pt;\"><strong>A m\u0171sorr\u00f3l:<\/strong><\/span><\/p>\n<p><strong><a href=\"https:\/\/www1.kkl.si\/wp-content\/uploads\/2025\/12\/2026_TBG_OMEGA_plakat_Lendva.jpg\" data-lbwps-width=\"1024\" data-lbwps-height=\"1536\" data-lbwps-srcsmall=\"https:\/\/www1.kkl.si\/wp-content\/uploads\/2025\/12\/2026_TBG_OMEGA_plakat_Lendva-267x400.jpg\"><img loading=\"lazy\" decoding=\"async\" class=\"slika alignright wp-image-25394 size-medium\" src=\"https:\/\/www1.kkl.si\/wp-content\/uploads\/2025\/12\/2026_TBG_OMEGA_plakat_Lendva-267x400.jpg\" alt=\"\" width=\"267\" height=\"400\" \/><\/a><\/strong>Mindenkiben ott van a szunnyad\u00f3 gyermek, \u00edgy a t\u00fcnd\u00e9rmes\u00e9ket a feln\u0151ttek is szeretik, csak be kell \u0151ket csomagolni \u201efeln\u0151tt k\u00f6nt\u00f6sbe\u201d! Musical\u00fcnk Kriszta, a fiatal l\u00e1ny feln\u0151tt\u00e9 v\u00e1l\u00e1s\u00e1n, els\u0151 nagy szerelmi csal\u00f3d\u00e1s\u00e1n kereszt\u00fcl id\u00e9zi meg a Balaton part, a t\u00f3 \u0151si mitikus legend\u00e1it \u201eTrombit\u00e1s Fr\u00e9di\u201d \u00e9jszakai \u201et\u00faravezet\u00e9s\u00e9vel\u201d. Egy t\u00f6rt\u00e9net, amit mindenki \u00e1t\u00e9lt, aki volt fiatal \u00e9s szerelmes!<\/p>\n<p><strong>Alkot\u00f3 team:<\/strong> <br \/>\n\u00edr\u00f3-rendez\u0151: <strong>Pozsgai Zsolt<\/strong>, zenei rendez\u0151: <strong>G\u00f6m\u00f6ry Zsolt<\/strong>, jelmeztervez\u0151: <strong>Debreczeni Ildik\u00f3<\/strong>, Set design: <strong>Mira J\u00e1nos<\/strong>, LED vide\u00f3 anim\u00e1ci\u00f3k: <strong>Mira Z\u00e9n\u00f3<\/strong>. <\/p>\n<p>El\u0151ad\u00e1sunk 2016-ban elnyerte <strong>\u201eAZ \u00c9V LEGJOBB ZEN\u00c9S T\u00c1NCEL\u0150AD\u00c1SA\u201d<\/strong> szakmai nagyd\u00edjat!<\/p>\n<p>A sz\u00ednpadon 22 Re-Production t\u00e1ncm\u0171v\u00e9sz, a mikrofonokn\u00e1l 5 kiv\u00e1l\u00f3 musicalsz\u00edn\u00e9sz, a mese er\u0151s\u00edt\u00e9s\u00e9re 21 szenz\u00e1ci\u00f3s Omega-sl\u00e1ger!<\/p>\n<p>F\u0151bb szerepekben: <strong>Szab\u00f3 M\u00e1t\u00e9, S\u00e1nta L\u00e1szl\u00f3, F\u00fcredi Nikolett, Ko\u00f3s R\u00e9ka, Varga Gabriella, F\u00e9s\u0171s Nelly, Lux \u00c1d\u00e1m, T\u00f3th S\u00e1ndor, Janik L\u00e1szl\u00f3, Magyar Vikt\u00f3ria<\/strong>, valamint a 2023. m\u00e1jus 29-i csepeli p\u00fcnk\u00f6sdi bemutat\u00f3t\u00f3l Kriszta szerep\u00e9ben K\u00f3bor J\u00e1nos \u201eMecky\u201d \u00e9letm\u0171\u00f6r\u00f6k\u00f6se: <strong>K\u00f3bor L\u00e9na<\/strong>.<\/p>\n<p>Az ExperiDance brand sz\u00ednpadi \u00e9rt\u00e9keit imm\u00e1ron 2019 \u00f3ta hitelesen k\u00e9pvisel\u0151 Re-Production t\u00e1nc \u00e9s el\u0151ad\u00f3m\u0171v\u00e9szeinek c\u00e9lja a legmagasabb szint\u0171 m\u0171v\u00e9szi sz\u00f3rakoztat\u00e1s. Koreogr\u00e1fusok: Benk\u0151 D\u00e1vid, Benk\u0151-Morvai Veronika, Hernicz Albert. T\u00e1nckaruk tagjai mind magasan k\u00e9pzett hivat\u00e1sos t\u00e1ncosok, kik forgalmaz\u00f3 TBG t\u00e1mogat\u00f3 k\u00f6zeg\u00e9ben est\u00e9r\u0151l est\u00e9re a legjobbat k\u00e9pesek kihozni magukb\u00f3l, kiknek teljes\u00edtm\u00e9ny\u00e9n t\u00fal a professzion\u00e1lis alkot\u00f3st\u00e1b \u00e9s a kiv\u00e1l\u00f3 technikai appar\u00e1tus min\u0151s\u00e9gi \u00f6sszhangja a garancia a BIZTOS SIKERRE! M\u0171 l\u00e1tv\u00e1nyk\u00e9peit t\u00f6bb, mint 50nm LED fal horizont h\u00edvat er\u0151s\u00edteni.<\/p>\n<p>El\u0151ad\u00e1sunkat szeretettel aj\u00e1nljuk mindenki figyelm\u00e9be, aki akt\u00edv energi\u00e1kkal teli szeretne nosztalgi\u00e1zni, egyben tisztelettel eml\u00e9kezni K\u00f3bor J\u00e1nos \u201eMecky\u201d, Benk\u0151 L\u00e1szl\u00f3 \u00e9s Mih\u00e1ly Tam\u00e1s Omega Egy\u00fcttes t\u00e1rsszerz\u0151kre, alap\u00edt\u00f3 tagokra!<\/p>\n<p><iframe loading=\"lazy\" src=\"\/\/www.youtube.com\/embed\/8NW3vDtAeos\" width=\"560\" height=\"314\" allowfullscreen=\"allowfullscreen\"><\/iframe><\/p>\n<div class=\"x14z9mp xat24cr x1lziwak x1vvkbs xtlvy1s x126k92a\">\n<div dir=\"auto\">\n<hr \/>\n<\/div>\n<div dir=\"auto\">FOT\u00d3GAL\u00c9RIA<\/div>\n<div dir=\"auto\">\n\n\t\t<style type=\"text\/css\">\n\t\t\t#gallery-1 {\n\t\t\t\tmargin: auto;\n\t\t\t}\n\t\t\t#gallery-1 .gallery-item {\n\t\t\t\tfloat: left;\n\t\t\t\tmargin-top: 10px;\n\t\t\t\ttext-align: center;\n\t\t\t\twidth: 16%;\n\t\t\t}\n\t\t\t#gallery-1 img {\n\t\t\t\tborder: 2px solid #cfcfcf;\n\t\t\t}\n\t\t\t#gallery-1 .gallery-caption {\n\t\t\t\tmargin-left: 0;\n\t\t\t}\n\t\t\t\/* see gallery_shortcode() in wp-includes\/media.php *\/\n\t\t<\/style>\n\t\t<div id='gallery-1' class='gallery galleryid-25408 gallery-columns-6 gallery-size-thumbnail'><dl class='gallery-item'>\n\t\t\t<dt class='gallery-icon landscape'>\n\t\t\t\t<a href='https:\/\/www1.kkl.si\/wp-content\/uploads\/2025\/10\/gyongyhaju01.jpg'><img loading=\"lazy\" decoding=\"async\" width=\"150\" height=\"150\" src=\"https:\/\/www1.kkl.si\/wp-content\/uploads\/2025\/10\/gyongyhaju01-150x150.jpg\" class=\"attachment-thumbnail size-thumbnail\" alt=\"\" \/><\/a>\n\t\t\t<\/dt><\/dl><dl class='gallery-item'>\n\t\t\t<dt class='gallery-icon landscape'>\n\t\t\t\t<a href='https:\/\/www1.kkl.si\/wp-content\/uploads\/2025\/10\/gyongyhaju02.jpg'><img loading=\"lazy\" decoding=\"async\" width=\"150\" height=\"150\" src=\"https:\/\/www1.kkl.si\/wp-content\/uploads\/2025\/10\/gyongyhaju02-150x150.jpg\" class=\"attachment-thumbnail size-thumbnail\" alt=\"\" \/><\/a>\n\t\t\t<\/dt><\/dl><dl class='gallery-item'>\n\t\t\t<dt class='gallery-icon landscape'>\n\t\t\t\t<a href='https:\/\/www1.kkl.si\/wp-content\/uploads\/2025\/10\/gyongyhaju03.jpg'><img loading=\"lazy\" decoding=\"async\" width=\"150\" height=\"150\" src=\"https:\/\/www1.kkl.si\/wp-content\/uploads\/2025\/10\/gyongyhaju03-150x150.jpg\" class=\"attachment-thumbnail size-thumbnail\" alt=\"\" \/><\/a>\n\t\t\t<\/dt><\/dl><dl class='gallery-item'>\n\t\t\t<dt class='gallery-icon landscape'>\n\t\t\t\t<a href='https:\/\/www1.kkl.si\/wp-content\/uploads\/2025\/10\/gyongyhaju04.jpg'><img loading=\"lazy\" decoding=\"async\" width=\"150\" height=\"150\" src=\"https:\/\/www1.kkl.si\/wp-content\/uploads\/2025\/10\/gyongyhaju04-150x150.jpg\" class=\"attachment-thumbnail size-thumbnail\" alt=\"\" \/><\/a>\n\t\t\t<\/dt><\/dl><dl class='gallery-item'>\n\t\t\t<dt class='gallery-icon landscape'>\n\t\t\t\t<a href='https:\/\/www1.kkl.si\/wp-content\/uploads\/2025\/10\/gyongyhaju05.jpg'><img loading=\"lazy\" decoding=\"async\" width=\"150\" height=\"150\" src=\"https:\/\/www1.kkl.si\/wp-content\/uploads\/2025\/10\/gyongyhaju05-150x150.jpg\" class=\"attachment-thumbnail size-thumbnail\" alt=\"\" \/><\/a>\n\t\t\t<\/dt><\/dl><dl class='gallery-item'>\n\t\t\t<dt class='gallery-icon landscape'>\n\t\t\t\t<a href='https:\/\/www1.kkl.si\/wp-content\/uploads\/2025\/10\/gyongyhaju06.jpg'><img loading=\"lazy\" decoding=\"async\" width=\"150\" height=\"150\" src=\"https:\/\/www1.kkl.si\/wp-content\/uploads\/2025\/10\/gyongyhaju06-150x150.jpg\" class=\"attachment-thumbnail size-thumbnail\" alt=\"\" \/><\/a>\n\t\t\t<\/dt><\/dl><br style=\"clear: both\" \/><dl class='gallery-item'>\n\t\t\t<dt class='gallery-icon landscape'>\n\t\t\t\t<a href='https:\/\/www1.kkl.si\/wp-content\/uploads\/2025\/10\/gyongyhaju07.jpg'><img loading=\"lazy\" decoding=\"async\" width=\"150\" height=\"150\" src=\"https:\/\/www1.kkl.si\/wp-content\/uploads\/2025\/10\/gyongyhaju07-150x150.jpg\" class=\"attachment-thumbnail size-thumbnail\" alt=\"\" \/><\/a>\n\t\t\t<\/dt><\/dl><dl class='gallery-item'>\n\t\t\t<dt class='gallery-icon landscape'>\n\t\t\t\t<a href='https:\/\/www1.kkl.si\/wp-content\/uploads\/2025\/10\/gyongyhaju08.jpg'><img loading=\"lazy\" decoding=\"async\" width=\"150\" height=\"150\" src=\"https:\/\/www1.kkl.si\/wp-content\/uploads\/2025\/10\/gyongyhaju08-150x150.jpg\" class=\"attachment-thumbnail size-thumbnail\" alt=\"\" \/><\/a>\n\t\t\t<\/dt><\/dl><dl class='gallery-item'>\n\t\t\t<dt class='gallery-icon landscape'>\n\t\t\t\t<a href='https:\/\/www1.kkl.si\/wp-content\/uploads\/2025\/10\/gyongyhaju09.jpg'><img loading=\"lazy\" decoding=\"async\" width=\"150\" height=\"150\" src=\"https:\/\/www1.kkl.si\/wp-content\/uploads\/2025\/10\/gyongyhaju09-150x150.jpg\" class=\"attachment-thumbnail size-thumbnail\" alt=\"\" \/><\/a>\n\t\t\t<\/dt><\/dl><dl class='gallery-item'>\n\t\t\t<dt class='gallery-icon landscape'>\n\t\t\t\t<a href='https:\/\/www1.kkl.si\/wp-content\/uploads\/2025\/10\/gyongyhaju10.jpg'><img loading=\"lazy\" decoding=\"async\" width=\"150\" height=\"150\" src=\"https:\/\/www1.kkl.si\/wp-content\/uploads\/2025\/10\/gyongyhaju10-150x150.jpg\" class=\"attachment-thumbnail size-thumbnail\" alt=\"\" \/><\/a>\n\t\t\t<\/dt><\/dl><dl class='gallery-item'>\n\t\t\t<dt class='gallery-icon landscape'>\n\t\t\t\t<a href='https:\/\/www1.kkl.si\/wp-content\/uploads\/2025\/10\/gyongyhaju11.jpg'><img loading=\"lazy\" decoding=\"async\" width=\"150\" height=\"150\" src=\"https:\/\/www1.kkl.si\/wp-content\/uploads\/2025\/10\/gyongyhaju11-150x150.jpg\" class=\"attachment-thumbnail size-thumbnail\" alt=\"\" \/><\/a>\n\t\t\t<\/dt><\/dl><dl class='gallery-item'>\n\t\t\t<dt class='gallery-icon landscape'>\n\t\t\t\t<a href='https:\/\/www1.kkl.si\/wp-content\/uploads\/2025\/10\/gyongyhaju12.jpg'><img loading=\"lazy\" decoding=\"async\" width=\"150\" height=\"150\" src=\"https:\/\/www1.kkl.si\/wp-content\/uploads\/2025\/10\/gyongyhaju12-150x150.jpg\" class=\"attachment-thumbnail size-thumbnail\" alt=\"\" \/><\/a>\n\t\t\t<\/dt><\/dl><br style=\"clear: both\" \/>\n\t\t<\/div>\n\n<\/div>\n<div dir=\"auto\">\u00a0<\/div>\n<div dir=\"auto\">\n<hr \/>\n<\/div>\n<\/div>\n<p><i class=\"fas fa-link\"><\/i> <a href=\"https:\/\/www.tbgprod.hu\/\">TBG Production Kft.<\/a><\/p>\n<p><i class=\"fas fa-play-circle\"><\/i> <a href=\"https:\/\/www.youtube.com\/watch?v=Z7dvV1LnkGQ\">Omega &#8211; Gy\u00f6ngyhaj\u00fa L\u00e1ny (Official Music Video, 1969)<\/a><\/p>\n","protected":false},"excerpt":{"rendered":"<p>\u00a02026. janu\u00e1r 18. vas\u00e1rnap, 19.00 | Lendvai Sz\u00ednh\u00e1z- \u00e9s Hangversenyterem OMEGA musical Bel\u00e9p\u0151: 32 \u20ac Jegyek a B\u00e1nffy K\u00f6zpontban kaphat\u00f3k (Lendva, F\u0151 utca 32., +386 2 577 667). Szervez\u0151: MNMI Lendva \u2013 ZKMN Lendava Lendv\u00e1n, a Sz\u00ednh\u00e1z- \u00e9s Hangversenyteremben, felcsend\u00fclnek az OMEGA legend\u00e1s sl\u00e1gerei a Gy\u00f6ngyhaj\u00fa L\u00e1ny musical el\u0151ad\u00e1s\u00e1ban. Egy felejthetetlen est\u00e9re invit\u00e1ljuk \u00d6n\u00f6ket, ahol [&hellip;]<\/p>\n","protected":false},"author":2,"featured_media":0,"parent":0,"menu_order":0,"comment_status":"closed","ping_status":"closed","template":"","meta":{"footnotes":""},"class_list":["post-25408","page","type-page","status-publish","hentry","post"],"_links":{"self":[{"href":"https:\/\/www1.kkl.si\/hu\/wp-json\/wp\/v2\/pages\/25408","targetHints":{"allow":["GET"]}}],"collection":[{"href":"https:\/\/www1.kkl.si\/hu\/wp-json\/wp\/v2\/pages"}],"about":[{"href":"https:\/\/www1.kkl.si\/hu\/wp-json\/wp\/v2\/types\/page"}],"author":[{"embeddable":true,"href":"https:\/\/www1.kkl.si\/hu\/wp-json\/wp\/v2\/users\/2"}],"replies":[{"embeddable":true,"href":"https:\/\/www1.kkl.si\/hu\/wp-json\/wp\/v2\/comments?post=25408"}],"version-history":[{"count":2,"href":"https:\/\/www1.kkl.si\/hu\/wp-json\/wp\/v2\/pages\/25408\/revisions"}],"predecessor-version":[{"id":25416,"href":"https:\/\/www1.kkl.si\/hu\/wp-json\/wp\/v2\/pages\/25408\/revisions\/25416"}],"wp:attachment":[{"href":"https:\/\/www1.kkl.si\/hu\/wp-json\/wp\/v2\/media?parent=25408"}],"curies":[{"name":"wp","href":"https:\/\/api.w.org\/{rel}","templated":true}]}}