{"id":25633,"date":"2026-01-19T11:43:20","date_gmt":"2026-01-19T10:43:20","guid":{"rendered":"https:\/\/www1.kkl.si\/?page_id=25633"},"modified":"2026-01-19T12:56:26","modified_gmt":"2026-01-19T11:56:26","slug":"king-kong-teater-visoka-napetost","status":"publish","type":"page","link":"https:\/\/www1.kkl.si\/hu\/king-kong-teater-visoka-napetost\/","title":{"rendered":"King Kong Teater: Visoka napetost"},"content":{"rendered":"<div class=\"opis\"><img loading=\"lazy\" decoding=\"async\" class=\"wp-image-1592 alignright\" title=\"Fizet\u0151s rendezv\u00e9ny\" src=\"https:\/\/www1.kkl.si\/wp-content\/uploads\/\/2020\/07\/spored_simb_placljiva-1.svg\" sizes=\"auto, (max-width: 30px) 100vw, 30px\" srcset=\"https:\/\/www1.kkl.si\/wp-content\/uploads\/\/2020\/07\/spored_simb_placljiva-1.svg 150w, https:\/\/www1.kkl.si\/wp-content\/uploads\/\/2020\/07\/spored_simb_placljiva-1.svg 400w, https:\/\/www1.kkl.si\/wp-content\/uploads\/\/2020\/07\/spored_simb_placljiva-1.svg 1500w, https:\/\/www1.kkl.si\/wp-content\/uploads\/\/2020\/07\/spored_simb_placljiva-1.svg 100w\" alt=\"placljiva\" width=\"30\" height=\"30\" \/><i class=\"fas fa-clock\"><\/i> <strong>2026. febru\u00e1r 13. (p\u00e9ntek), 19 \u00f3rakor<\/strong> | Lendvai Sz\u00ednh\u00e1z- \u00e9s Hangversenyterem<br \/>\n<i class=\"fas fa-chevron-circle-right\"><\/i> <strong>kom\u00e9dia szlov\u00e9n nyelven <span class=\"starost\">15+<\/span><\/strong><br \/>\n<i class=\"fas fa-ticket-alt\"><\/i> Bel\u00e9p\u0151jegyek v\u00e1s\u00e1rolhat\u00f3k az <a href=\"https:\/\/www.eventim.si\/artist\/visoka-napetost\/\">Eventim<\/a> oldal\u00e1n, a\u00a0<a href=\"https:\/\/www.petrol.si\/\">Petrol<\/a> benzink\u00fatakon \u00e9s honlapj\u00e1n, a <a href=\"https:\/\/www.posta.si\/zasebno\">Szlov\u00e9n Post\u00e1n<\/a>, valamint a lendvai Sz\u00ednh\u00e1z- \u00e9s hangversenyteremben p\u00e9nzt\u00e1r\u00e1n (<i class=\"fas fa-phone-alt\"><\/i> +386 (0)2 577 60 24).<br \/>\nA jegyek \u00e1ra: el\u0151v\u00e9telben <strong>20 \u20ac<\/strong>, a rendezv\u00e9ny napj\u00e1n <strong>22 \u20ac<\/strong>.<br \/>\nSzervez\u0151: <a href=\"https:\/\/kingkongteater.si\/\">Zavod Zimske urice<\/a><\/div>\n<p><em>Szlov\u00e9n le\u00edr\u00e1s:<\/em><\/p>\n<p><a href=\"https:\/\/www1.kkl.si\/wp-content\/uploads\/2026\/01\/VISOKA_NAPETOST_4000px.jpg\" data-lbwps-width=\"4000\" data-lbwps-height=\"1500\" data-lbwps-srcsmall=\"https:\/\/www1.kkl.si\/wp-content\/uploads\/2026\/01\/VISOKA_NAPETOST_4000px.jpg\"><img loading=\"lazy\" decoding=\"async\" class=\"alignnone wp-image-25616 size-large\" src=\"https:\/\/www1.kkl.si\/wp-content\/uploads\/2026\/01\/VISOKA_NAPETOST_4000px-scaled-1500x563.jpg\" alt=\"\" width=\"1500\" height=\"563\" srcset=\"https:\/\/www1.kkl.si\/wp-content\/uploads\/2026\/01\/VISOKA_NAPETOST_4000px-scaled-1500x563.jpg 1500w, https:\/\/www1.kkl.si\/wp-content\/uploads\/2026\/01\/VISOKA_NAPETOST_4000px-scaled-400x150.jpg 400w\" sizes=\"auto, (max-width: 1500px) 100vw, 1500px\" \/><\/a><\/p>\n<p><em>Najnovej\u0161a komedija Matja\u017ea Jav\u0161nika \u2013 VISOKA NAPETOST!<\/em><\/p>\n<p>V komediji Visoka napetost spoznamo par srednjih let, ona tajnica direktorja v ve\u010djem podjetju v privatni lasti, on \u0161ofer kamiona \u2013 hru\u0161ke. Glavna te\u017eava, ki njun zakon dnevno postavlja na kocko je dejstvo, da je eden izmed njiju neploden.\u00a0 Spoznamo ju v trenutku, ko se ona vrne dva dni prepozno iz sindikalnega izleta. Takoj se pri\u010dne vrtinec reminiscenc, obto\u017eevanj, o\u010ditkov in boja za svoj prav. Energi\u010dna, vrtoglava, z besednimi dvoboji in situacijsko komiko nabita predstava, polna \u010dustev ter zagotovljene zabave, vas bo na \u0161aljiv na\u010din opomnila, kako pomembna je bli\u017eina in da prava ljubezen premaga vse ovire.<\/p>\n<p>Scenarij in re\u017eija: <strong>MATJA\u017d JAV\u0160NIK<br \/>\n<\/strong>Igrata: <strong>MATJA\u017d JAV\u0160NIK, SANDRA DEBELAK<\/strong><\/p>\n<p><em>Vabljeni na vrtiljak imenovan zakonska zveza \u2013 duet, kjer se vse iskri in poka! Tam, kjer je doma visoka napetost!<\/em><\/p>\n<p><a href=\"https:\/\/www1.kkl.si\/wp-content\/uploads\/2026\/01\/VISOKA_NAPETOST_4000px.jpg\" data-lbwps-width=\"4000\" data-lbwps-height=\"1500\" data-lbwps-srcsmall=\"https:\/\/www1.kkl.si\/wp-content\/uploads\/2026\/01\/VISOKA_NAPETOST_4000px.jpg\"><img loading=\"lazy\" decoding=\"async\" class=\"alignnone wp-image-25616 size-large\" src=\"https:\/\/www1.kkl.si\/wp-content\/uploads\/2026\/01\/VISOKA_NAPETOST_4000px-scaled-1500x563.jpg\" alt=\"\" width=\"1500\" height=\"563\" srcset=\"https:\/\/www1.kkl.si\/wp-content\/uploads\/2026\/01\/VISOKA_NAPETOST_4000px-scaled-1500x563.jpg 1500w, https:\/\/www1.kkl.si\/wp-content\/uploads\/2026\/01\/VISOKA_NAPETOST_4000px-scaled-400x150.jpg 400w\" sizes=\"auto, (max-width: 1500px) 100vw, 1500px\" \/><\/a><\/p>\n<p><span style=\"font-size: 18pt;\"><em>Najnovej\u0161a komedija Matja\u017ea Jav\u0161nika \u2013 VISOKA NAPETOST!<\/em><\/span><\/p>\n<p>V komediji Visoka napetost spoznamo par srednjih let, ona tajnica direktorja v ve\u010djem podjetju v privatni lasti, on \u0161ofer kamiona \u2013 hru\u0161ke. Glavna te\u017eava, ki njun zakon dnevno postavlja na kocko je dejstvo, da je eden izmed njiju neploden.\u00a0 Spoznamo ju v trenutku, ko se ona vrne dva dni prepozno iz sindikalnega izleta. Takoj se pri\u010dne vrtinec reminiscenc, obto\u017eevanj, o\u010ditkov in boja za svoj prav. Energi\u010dna, vrtoglava, z besednimi dvoboji in situacijsko komiko nabita predstava, polna \u010dustev ter zagotovljene zabave, vas bo na \u0161aljiv na\u010din opomnila, kako pomembna je bli\u017eina in da prava ljubezen premaga vse ovire.<\/p>\n<p>Scenarij in re\u017eija: <strong>MATJA\u017d JAV\u0160NIK<br \/>\n<\/strong>Igrata: <strong>MATJA\u017d JAV\u0160NIK, SANDRA DEBELAK<\/strong><\/p>\n<p><em>Vabljeni na vrtiljak imenovan zakonska zveza \u2013 duet, kjer se vse iskri in poka! Tam, kjer je doma visoka napetost!<\/em><\/p>\n","protected":false},"excerpt":{"rendered":"<p>2026. febru\u00e1r 13. (p\u00e9ntek), 19 \u00f3rakor | Lendvai Sz\u00ednh\u00e1z- \u00e9s Hangversenyterem kom\u00e9dia szlov\u00e9n nyelven 15+ Bel\u00e9p\u0151jegyek v\u00e1s\u00e1rolhat\u00f3k az Eventim oldal\u00e1n, a\u00a0Petrol benzink\u00fatakon \u00e9s honlapj\u00e1n, a Szlov\u00e9n Post\u00e1n, valamint a lendvai Sz\u00ednh\u00e1z- \u00e9s hangversenyteremben p\u00e9nzt\u00e1r\u00e1n ( +386 (0)2 577 60 24). A jegyek \u00e1ra: el\u0151v\u00e9telben 20 \u20ac, a rendezv\u00e9ny napj\u00e1n 22 \u20ac. Szervez\u0151: Zavod Zimske urice [&hellip;]<\/p>\n","protected":false},"author":2,"featured_media":0,"parent":0,"menu_order":0,"comment_status":"closed","ping_status":"closed","template":"","meta":{"footnotes":""},"class_list":["post-25633","page","type-page","status-publish","hentry","post"],"_links":{"self":[{"href":"https:\/\/www1.kkl.si\/hu\/wp-json\/wp\/v2\/pages\/25633","targetHints":{"allow":["GET"]}}],"collection":[{"href":"https:\/\/www1.kkl.si\/hu\/wp-json\/wp\/v2\/pages"}],"about":[{"href":"https:\/\/www1.kkl.si\/hu\/wp-json\/wp\/v2\/types\/page"}],"author":[{"embeddable":true,"href":"https:\/\/www1.kkl.si\/hu\/wp-json\/wp\/v2\/users\/2"}],"replies":[{"embeddable":true,"href":"https:\/\/www1.kkl.si\/hu\/wp-json\/wp\/v2\/comments?post=25633"}],"version-history":[{"count":4,"href":"https:\/\/www1.kkl.si\/hu\/wp-json\/wp\/v2\/pages\/25633\/revisions"}],"predecessor-version":[{"id":25638,"href":"https:\/\/www1.kkl.si\/hu\/wp-json\/wp\/v2\/pages\/25633\/revisions\/25638"}],"wp:attachment":[{"href":"https:\/\/www1.kkl.si\/hu\/wp-json\/wp\/v2\/media?parent=25633"}],"curies":[{"name":"wp","href":"https:\/\/api.w.org\/{rel}","templated":true}]}}