{"id":25689,"date":"2026-01-20T11:23:20","date_gmt":"2026-01-20T10:23:20","guid":{"rendered":"https:\/\/www1.kkl.si\/?page_id=25689"},"modified":"2026-01-26T18:32:27","modified_gmt":"2026-01-26T17:32:27","slug":"slg-celje-malomescanska-svatba","status":"publish","type":"page","link":"https:\/\/www1.kkl.si\/hu\/slg-celje-malomescanska-svatba\/","title":{"rendered":"SLG Celje: Malome\u0161\u010danska svatba"},"content":{"rendered":"<div class=\"opis\"><img loading=\"lazy\" decoding=\"async\" class=\"wp-image-1592 alignright\" title=\"Fizet\u0151s rendezv\u00e9ny\" src=\"https:\/\/www1.kkl.si\/wp-content\/uploads\/\/2020\/07\/spored_simb_placljiva-1.svg\" sizes=\"auto, (max-width: 30px) 100vw, 30px\" srcset=\"https:\/\/www1.kkl.si\/wp-content\/uploads\/\/2020\/07\/spored_simb_placljiva-1.svg 150w, https:\/\/www1.kkl.si\/wp-content\/uploads\/\/2020\/07\/spored_simb_placljiva-1.svg 400w, https:\/\/www1.kkl.si\/wp-content\/uploads\/\/2020\/07\/spored_simb_placljiva-1.svg 1500w, https:\/\/www1.kkl.si\/wp-content\/uploads\/\/2020\/07\/spored_simb_placljiva-1.svg 100w\" alt=\"placljiva\" width=\"30\" height=\"30\" \/><img loading=\"lazy\" decoding=\"async\" class=\"wp-image-1586 alignright\" title=\"Szlov\u00e9n b\u00e9rlet\" src=\"https:\/\/www1.kkl.si\/wp-content\/uploads\/\/2020\/07\/spored_simb_abonma_si-1.svg\" alt=\"abonma_si\" width=\"30\" height=\"30\" \/><i class=\"fas fa-clock\"><\/i> <strong>2026. febru\u00e1r 19. (cs\u00fct\u00f6rt\u00f6k), 19 \u00f3rakor<\/strong> | Lendvai Sz\u00ednh\u00e1z- \u00e9s Hangversenyterem<br \/>\n<i class=\"fas fa-chevron-circle-right\"><\/i> <strong>kom\u00e9dia szlov\u00e9n nyelven <\/strong><br \/>\n<i class=\"fas fa-ticket-alt\"><\/i> Bel\u00e9p\u0151jegy \u00e1ra el\u0151v\u00e9telben: <strong>15 \u20ac<\/strong>, az el\u0151ad\u00e1s napj\u00e1n: <strong>18 \u20ac<\/strong><br \/>\nP\u00e9nzt\u00e1r: <i class=\"fas fa-phone-alt\"><\/i> +386 (0)2 577 60 24.<br \/>\nSzervez\u0151: <a href=\"https:\/\/www.kkl.si\/\">Knji\u017enica \u2013 Kulturni center Lendava \u2013 Lendvai K\u00f6nyvt\u00e1r \u00e9s Kultur\u00e1lis K\u00f6zpont<\/a><\/div>\n<p><em>Szlov\u00e9n le\u00edr\u00e1s:<\/em><\/p>\n<p><strong>Malome\u0161\u010danska svatba <\/strong><em><strong>(Die Kleinb\u00fcrgerhochzeit)<\/strong><\/em><\/p>\n<p>Re\u017eija: Primo\u017e Ekart<br \/>\nIgrajo: Branko Zavr\u0161an, Lu\u010dka Po\u010dkaj, Lucija Harum, Eva Stra\u017ear, \u017dan Brelih Hatuni\u0107, Andrej Murenc, Barbara Medve\u0161\u010dek, Damjan M. Trbovc, Borut Dolj\u0161ak, k. g.<\/p>\n<p><a href=\"https:\/\/www1.kkl.si\/wp-content\/uploads\/2025\/08\/SLG-CELJE-Malomescanska-svatba-ARHIV-WEB-8072.jpg\" data-lbwps-width=\"3544\" data-lbwps-height=\"2364\" data-lbwps-srcsmall=\"https:\/\/www1.kkl.si\/wp-content\/uploads\/2025\/08\/SLG-CELJE-Malomescanska-svatba-ARHIV-WEB-8072.jpg\"><img loading=\"lazy\" decoding=\"async\" class=\"alignnone size-large wp-image-22909\" src=\"https:\/\/www1.kkl.si\/wp-content\/uploads\/2025\/08\/SLG-CELJE-Malomescanska-svatba-ARHIV-WEB-8072-scaled-1500x1001.jpg\" alt=\"\" width=\"1500\" height=\"1001\" srcset=\"https:\/\/www1.kkl.si\/wp-content\/uploads\/2025\/08\/SLG-CELJE-Malomescanska-svatba-ARHIV-WEB-8072-scaled-1500x1001.jpg 1500w, https:\/\/www1.kkl.si\/wp-content\/uploads\/2025\/08\/SLG-CELJE-Malomescanska-svatba-ARHIV-WEB-8072-scaled-400x267.jpg 400w\" sizes=\"auto, (max-width: 1500px) 100vw, 1500px\" \/><\/a><\/p>\n<p><strong><a href=\"https:\/\/www1.kkl.si\/wp-content\/uploads\/2026\/01\/plakat_B1_SLOAB_malomescanska_2026_DVOJ.jpg\" data-lbwps-width=\"2130\" data-lbwps-height=\"3030\" data-lbwps-srcsmall=\"https:\/\/www1.kkl.si\/wp-content\/uploads\/2026\/01\/plakat_B1_SLOAB_malomescanska_2026_DVOJ.jpg\"><img loading=\"lazy\" decoding=\"async\" class=\"alignright size-medium wp-image-25752\" src=\"https:\/\/www1.kkl.si\/wp-content\/uploads\/2026\/01\/plakat_B1_SLOAB_malomescanska_2026_DVOJ-scaled-281x400.jpg\" alt=\"\" width=\"281\" height=\"400\" srcset=\"https:\/\/www1.kkl.si\/wp-content\/uploads\/2026\/01\/plakat_B1_SLOAB_malomescanska_2026_DVOJ-scaled-281x400.jpg 281w, https:\/\/www1.kkl.si\/wp-content\/uploads\/2026\/01\/plakat_B1_SLOAB_malomescanska_2026_DVOJ-scaled-1055x1500.jpg 1055w, https:\/\/www1.kkl.si\/wp-content\/uploads\/2026\/01\/plakat_B1_SLOAB_malomescanska_2026_DVOJ-scaled.jpg 1800w\" sizes=\"auto, (max-width: 281px) 100vw, 281px\" \/><\/a>Opis <\/strong><\/p>\n<p>\u00bbMalome\u0161\u010danska svatba je dru\u017ebena satira, komedija, farsa, v kateri je tematiziral dvojno moralo malome\u0161\u010danov tistega \u010dasa. Poleg tega, da je satiri\u010dno orisal ta dru\u017ebeni sloj in njegove takratne zna\u010dilnosti, se je izvrstno poigral s prikazovanjem osebnostnih lastnosti posameznih pripadnikov tega sloja. Te lastnosti so nam dobro znane, vsak od nas ima vsaj nekaj od tega, kar nosijo liki iz Brechtovega besedila. Okoli\u0161\u010dine in svet, v katerih se uspe\u0161no goji in razvija malome\u0161\u010dan\u0161\u010dina kot dru\u017ebeni pojav, so se spremenile. Kak\u0161en je danes kontekst, kjer se manifestira malome\u0161\u010danstvo? So to bogastvo in nepremi\u010dnine, na hitro pridobljene s kriptovalutami, vplivni\u0161tvom in podobnimi na\u010dini pridobivanja nesorazmerno ogromnega bogastva, ki jih naseljujejo sloji, ki so \u0161e v\u010deraj opravljali raznovrstno vsakodnevno tlako, danes pa s petkami salonarjev in s \u010devlji presti\u017enih znamk praskajo parkete svojih dnevnih sob v raznih \u201cvilah\u201d in \u201cburgih\u201d in se pri\u0161tevajo med elito ali pa jih tja pri\u0161tevajo drugi? Lahko ta pojav najdemo tudi znotraj \u0161e katerega drugega sodobnega konteksta?\u00ab<\/p>\n<p><em>Primo\u017e Ekart, re\u017eiser<\/em><\/p>\n<p>Predstava traja 1 uro in 15 minut in nima odmora.<\/p>\n\n\t\t<style type=\"text\/css\">\n\t\t\t#gallery-1 {\n\t\t\t\tmargin: auto;\n\t\t\t}\n\t\t\t#gallery-1 .gallery-item {\n\t\t\t\tfloat: left;\n\t\t\t\tmargin-top: 10px;\n\t\t\t\ttext-align: center;\n\t\t\t\twidth: 16%;\n\t\t\t}\n\t\t\t#gallery-1 img {\n\t\t\t\tborder: 2px solid #cfcfcf;\n\t\t\t}\n\t\t\t#gallery-1 .gallery-caption {\n\t\t\t\tmargin-left: 0;\n\t\t\t}\n\t\t\t\/* see gallery_shortcode() in wp-includes\/media.php *\/\n\t\t<\/style>\n\t\t<div id='gallery-1' class='gallery galleryid-25689 gallery-columns-6 gallery-size-thumbnail'><dl class='gallery-item'>\n\t\t\t<dt class='gallery-icon landscape'>\n\t\t\t\t<a href='https:\/\/www1.kkl.si\/wp-content\/uploads\/2025\/09\/malomescanska_svatba01.jpg'><img loading=\"lazy\" decoding=\"async\" width=\"150\" height=\"150\" src=\"https:\/\/www1.kkl.si\/wp-content\/uploads\/2025\/09\/malomescanska_svatba01-150x150.jpg\" class=\"attachment-thumbnail size-thumbnail\" alt=\"\" \/><\/a>\n\t\t\t<\/dt><\/dl><dl class='gallery-item'>\n\t\t\t<dt class='gallery-icon landscape'>\n\t\t\t\t<a href='https:\/\/www1.kkl.si\/wp-content\/uploads\/2025\/09\/malomescanska_svatba02.jpg'><img loading=\"lazy\" decoding=\"async\" width=\"150\" height=\"150\" src=\"https:\/\/www1.kkl.si\/wp-content\/uploads\/2025\/09\/malomescanska_svatba02-150x150.jpg\" class=\"attachment-thumbnail size-thumbnail\" alt=\"\" \/><\/a>\n\t\t\t<\/dt><\/dl><dl class='gallery-item'>\n\t\t\t<dt class='gallery-icon landscape'>\n\t\t\t\t<a href='https:\/\/www1.kkl.si\/wp-content\/uploads\/2025\/09\/malomescanska_svatba03.jpg'><img loading=\"lazy\" decoding=\"async\" width=\"150\" height=\"150\" src=\"https:\/\/www1.kkl.si\/wp-content\/uploads\/2025\/09\/malomescanska_svatba03-150x150.jpg\" class=\"attachment-thumbnail size-thumbnail\" alt=\"\" \/><\/a>\n\t\t\t<\/dt><\/dl><dl class='gallery-item'>\n\t\t\t<dt class='gallery-icon landscape'>\n\t\t\t\t<a href='https:\/\/www1.kkl.si\/wp-content\/uploads\/2025\/09\/malomescanska_svatba04.jpg'><img loading=\"lazy\" decoding=\"async\" width=\"150\" height=\"150\" src=\"https:\/\/www1.kkl.si\/wp-content\/uploads\/2025\/09\/malomescanska_svatba04-150x150.jpg\" class=\"attachment-thumbnail size-thumbnail\" alt=\"\" \/><\/a>\n\t\t\t<\/dt><\/dl><dl class='gallery-item'>\n\t\t\t<dt class='gallery-icon landscape'>\n\t\t\t\t<a href='https:\/\/www1.kkl.si\/wp-content\/uploads\/2025\/09\/malomescanska_svatba05.jpg'><img loading=\"lazy\" decoding=\"async\" width=\"150\" height=\"150\" src=\"https:\/\/www1.kkl.si\/wp-content\/uploads\/2025\/09\/malomescanska_svatba05-150x150.jpg\" class=\"attachment-thumbnail size-thumbnail\" alt=\"\" \/><\/a>\n\t\t\t<\/dt><\/dl><dl class='gallery-item'>\n\t\t\t<dt class='gallery-icon landscape'>\n\t\t\t\t<a href='https:\/\/www1.kkl.si\/wp-content\/uploads\/2025\/09\/malomescanska_svatba06.jpg'><img loading=\"lazy\" decoding=\"async\" width=\"150\" height=\"150\" src=\"https:\/\/www1.kkl.si\/wp-content\/uploads\/2025\/09\/malomescanska_svatba06-150x150.jpg\" class=\"attachment-thumbnail size-thumbnail\" alt=\"\" \/><\/a>\n\t\t\t<\/dt><\/dl><br style=\"clear: both\" \/><dl class='gallery-item'>\n\t\t\t<dt class='gallery-icon landscape'>\n\t\t\t\t<a href='https:\/\/www1.kkl.si\/wp-content\/uploads\/2025\/09\/malomescanska_svatba07.jpg'><img loading=\"lazy\" decoding=\"async\" width=\"150\" height=\"150\" src=\"https:\/\/www1.kkl.si\/wp-content\/uploads\/2025\/09\/malomescanska_svatba07-150x150.jpg\" class=\"attachment-thumbnail size-thumbnail\" alt=\"\" \/><\/a>\n\t\t\t<\/dt><\/dl><dl class='gallery-item'>\n\t\t\t<dt class='gallery-icon landscape'>\n\t\t\t\t<a href='https:\/\/www1.kkl.si\/wp-content\/uploads\/2025\/09\/malomescanska_svatba08.jpg'><img loading=\"lazy\" decoding=\"async\" width=\"150\" height=\"150\" src=\"https:\/\/www1.kkl.si\/wp-content\/uploads\/2025\/09\/malomescanska_svatba08-150x150.jpg\" class=\"attachment-thumbnail size-thumbnail\" alt=\"\" \/><\/a>\n\t\t\t<\/dt><\/dl><dl class='gallery-item'>\n\t\t\t<dt class='gallery-icon landscape'>\n\t\t\t\t<a href='https:\/\/www1.kkl.si\/wp-content\/uploads\/2025\/09\/malomescanska_svatba09.jpg'><img loading=\"lazy\" decoding=\"async\" width=\"150\" height=\"150\" src=\"https:\/\/www1.kkl.si\/wp-content\/uploads\/2025\/09\/malomescanska_svatba09-150x150.jpg\" class=\"attachment-thumbnail size-thumbnail\" alt=\"\" \/><\/a>\n\t\t\t<\/dt><\/dl><dl class='gallery-item'>\n\t\t\t<dt class='gallery-icon landscape'>\n\t\t\t\t<a href='https:\/\/www1.kkl.si\/wp-content\/uploads\/2025\/09\/malomescanska_svatba10.jpg'><img loading=\"lazy\" decoding=\"async\" width=\"150\" height=\"150\" src=\"https:\/\/www1.kkl.si\/wp-content\/uploads\/2025\/09\/malomescanska_svatba10-150x150.jpg\" class=\"attachment-thumbnail size-thumbnail\" alt=\"\" \/><\/a>\n\t\t\t<\/dt><\/dl><dl class='gallery-item'>\n\t\t\t<dt class='gallery-icon landscape'>\n\t\t\t\t<a href='https:\/\/www1.kkl.si\/wp-content\/uploads\/2025\/09\/malomescanska_svatba11.jpg'><img loading=\"lazy\" decoding=\"async\" width=\"150\" height=\"150\" src=\"https:\/\/www1.kkl.si\/wp-content\/uploads\/2025\/09\/malomescanska_svatba11-150x150.jpg\" class=\"attachment-thumbnail size-thumbnail\" alt=\"\" \/><\/a>\n\t\t\t<\/dt><\/dl><dl class='gallery-item'>\n\t\t\t<dt class='gallery-icon landscape'>\n\t\t\t\t<a href='https:\/\/www1.kkl.si\/wp-content\/uploads\/2025\/09\/malomescanska_svatba12.jpg'><img loading=\"lazy\" decoding=\"async\" width=\"150\" height=\"150\" src=\"https:\/\/www1.kkl.si\/wp-content\/uploads\/2025\/09\/malomescanska_svatba12-150x150.jpg\" class=\"attachment-thumbnail size-thumbnail\" alt=\"\" \/><\/a>\n\t\t\t<\/dt><\/dl><br style=\"clear: both\" \/><dl class='gallery-item'>\n\t\t\t<dt class='gallery-icon landscape'>\n\t\t\t\t<a href='https:\/\/www1.kkl.si\/wp-content\/uploads\/2025\/09\/malomescanska_svatba13.jpg'><img loading=\"lazy\" decoding=\"async\" width=\"150\" height=\"150\" src=\"https:\/\/www1.kkl.si\/wp-content\/uploads\/2025\/09\/malomescanska_svatba13-150x150.jpg\" class=\"attachment-thumbnail size-thumbnail\" alt=\"\" \/><\/a>\n\t\t\t<\/dt><\/dl><dl class='gallery-item'>\n\t\t\t<dt class='gallery-icon landscape'>\n\t\t\t\t<a href='https:\/\/www1.kkl.si\/wp-content\/uploads\/2025\/09\/malomescanska_svatba14.jpg'><img loading=\"lazy\" decoding=\"async\" width=\"150\" height=\"150\" src=\"https:\/\/www1.kkl.si\/wp-content\/uploads\/2025\/09\/malomescanska_svatba14-150x150.jpg\" class=\"attachment-thumbnail size-thumbnail\" alt=\"\" \/><\/a>\n\t\t\t<\/dt><\/dl>\n\t\t\t<br style='clear: both' \/>\n\t\t<\/div>\n\n<p><span style=\"font-size: 10pt;\">Foto: Jaka Babnik\/SLG Celje<\/span><\/p>\n<p><iframe loading=\"lazy\" src=\"\/\/www.youtube.com\/embed\/rL9Ggoda73Y?feature=shared\" width=\"560\" height=\"314\" allowfullscreen=\"allowfullscreen\" data-mce-fragment=\"1\"><\/iframe><\/p>\n<p><i class=\"fas fa-link\"><\/i> <a href=\"https:\/\/slg-ce.si\/domov\/ostalo\/seznam-iger\/malomescanska-svatba.html\">https:\/\/slg-ce.si\/domov\/ostalo\/seznam-iger\/malomescanska-svatba.html<\/a><br \/>\n<i class=\"fas fa-file-pdf\"><\/i> <a href=\"https:\/\/slg-ce.si\/uploads\/gledaliski_list\/gledaliski-list_malomescanska-svatba-WEB.pdf\">Gledali\u0161ki list<\/a> (pdf, 3,6 MB)<\/p>\n<hr \/>\n<p>KKCL slovenski abonma &#8211; gledali\u0161ka sezona 2025\/2025<\/p>\n<p><a href=\"https:\/\/www1.kkl.si\/sl\/slovenski-abonma-2025-2026\/\"><img loading=\"lazy\" decoding=\"async\" class=\"alignnone wp-image-23229 size-large\" src=\"https:\/\/www1.kkl.si\/wp-content\/uploads\/2025\/08\/2025_08_27_SLO_abonma-1500x400.png\" alt=\"\" width=\"1500\" height=\"400\" srcset=\"https:\/\/www1.kkl.si\/wp-content\/uploads\/2025\/08\/2025_08_27_SLO_abonma.png 1500w, https:\/\/www1.kkl.si\/wp-content\/uploads\/2025\/08\/2025_08_27_SLO_abonma-400x107.png 400w\" sizes=\"auto, (max-width: 1500px) 100vw, 1500px\" \/><\/a><\/p>\n","protected":false},"excerpt":{"rendered":"<p>2026. febru\u00e1r 19. (cs\u00fct\u00f6rt\u00f6k), 19 \u00f3rakor | Lendvai Sz\u00ednh\u00e1z- \u00e9s Hangversenyterem kom\u00e9dia szlov\u00e9n nyelven Bel\u00e9p\u0151jegy \u00e1ra el\u0151v\u00e9telben: 15 \u20ac, az el\u0151ad\u00e1s napj\u00e1n: 18 \u20ac P\u00e9nzt\u00e1r: +386 (0)2 577 60 24. Szervez\u0151: Knji\u017enica \u2013 Kulturni center Lendava \u2013 Lendvai K\u00f6nyvt\u00e1r \u00e9s Kultur\u00e1lis K\u00f6zpont Szlov\u00e9n le\u00edr\u00e1s: Malome\u0161\u010danska svatba (Die Kleinb\u00fcrgerhochzeit) Re\u017eija: Primo\u017e Ekart Igrajo: Branko Zavr\u0161an, Lu\u010dka [&hellip;]<\/p>\n","protected":false},"author":2,"featured_media":0,"parent":0,"menu_order":0,"comment_status":"closed","ping_status":"closed","template":"","meta":{"footnotes":""},"class_list":["post-25689","page","type-page","status-publish","hentry","post"],"_links":{"self":[{"href":"https:\/\/www1.kkl.si\/hu\/wp-json\/wp\/v2\/pages\/25689","targetHints":{"allow":["GET"]}}],"collection":[{"href":"https:\/\/www1.kkl.si\/hu\/wp-json\/wp\/v2\/pages"}],"about":[{"href":"https:\/\/www1.kkl.si\/hu\/wp-json\/wp\/v2\/types\/page"}],"author":[{"embeddable":true,"href":"https:\/\/www1.kkl.si\/hu\/wp-json\/wp\/v2\/users\/2"}],"replies":[{"embeddable":true,"href":"https:\/\/www1.kkl.si\/hu\/wp-json\/wp\/v2\/comments?post=25689"}],"version-history":[{"count":5,"href":"https:\/\/www1.kkl.si\/hu\/wp-json\/wp\/v2\/pages\/25689\/revisions"}],"predecessor-version":[{"id":25757,"href":"https:\/\/www1.kkl.si\/hu\/wp-json\/wp\/v2\/pages\/25689\/revisions\/25757"}],"wp:attachment":[{"href":"https:\/\/www1.kkl.si\/hu\/wp-json\/wp\/v2\/media?parent=25689"}],"curies":[{"name":"wp","href":"https:\/\/api.w.org\/{rel}","templated":true}]}}