{"id":26022,"date":"2026-02-14T12:48:55","date_gmt":"2026-02-14T11:48:55","guid":{"rendered":"https:\/\/www1.kkl.si\/?page_id=26022"},"modified":"2026-03-18T20:45:09","modified_gmt":"2026-03-18T19:45:09","slug":"let-nad-kukavicjim-gnezdom","status":"publish","type":"page","link":"https:\/\/www1.kkl.si\/hu\/let-nad-kukavicjim-gnezdom\/","title":{"rendered":"Let nad kukavi\u010djim gnezdom"},"content":{"rendered":"<div class=\"opis\"><i class=\"fas fa-clock\"><\/i> <strong>2026. m\u00e1rcius 25. szerda, 18 \u00f3rakor<\/strong> | Gledali\u0161ka in koncertna dvorana Lendava<img loading=\"lazy\" decoding=\"async\" class=\"wp-image-1592 alignright\" title=\"Fizet\u0151s rendezv\u00e9ny\" src=\"https:\/\/www1.kkl.si\/wp-content\/uploads\/\/2020\/07\/spored_simb_placljiva-1.svg\" alt=\"placljiva\" width=\"30\" height=\"30\" srcset=\"https:\/\/www1.kkl.si\/wp-content\/uploads\/\/2020\/07\/spored_simb_placljiva-1.svg 150w, https:\/\/www1.kkl.si\/wp-content\/uploads\/\/2020\/07\/spored_simb_placljiva-1.svg 400w, https:\/\/www1.kkl.si\/wp-content\/uploads\/\/2020\/07\/spored_simb_placljiva-1.svg 1500w, https:\/\/www1.kkl.si\/wp-content\/uploads\/\/2020\/07\/spored_simb_placljiva-1.svg 100w\" sizes=\"auto, (max-width: 30px) 100vw, 30px\" \/><br \/>\n<i class=\"fas fa-chevron-circle-right\"><\/i> <strong>dr\u00e1ma szlov\u00e9n nyelven<\/strong><br \/>\n<i class=\"fas fa-ticket-alt\"><\/i> A jegyek \u00e1ra: el\u0151v\u00e9telben <strong>12 \u20ac<\/strong>, a rendezv\u00e9ny napj\u00e1n <strong>17 \u20ac.<\/strong> <br \/>\nBel\u00e9p\u0151jegyek v\u00e1s\u00e1rolhat\u00f3k az\u00a0<a href=\"https:\/\/www.eventim.si\/event\/dale-wasserman-let-nad-kukavicjim-gnezdom-lendava-gledaliska-in-koncertna-dvorana-lendava-21329676\/\">Eventim<\/a> oldal\u00e1n \u00e9s a Lendvai Sz\u00ednh\u00e1z- \u00e9s Hangversenyteremben p\u00e9nzt\u00e1r\u00e1n (<i class=\"fas fa-phone-alt\"><\/i> +386 (0)2 577 60 24).<br \/>\nSzervez\u0151: <a href=\"https:\/\/www.facebook.com\/p\/KUD-%C5%A0tefan-Kova%C4%8D-100064651333144\/\">KUD \u0160tefan Kova\u010d Murska Sobota<\/a><\/div>\n<p><em>Szlov\u00e9n le\u00edr\u00e1s:<\/em><\/p>\n<p><a href=\"https:\/\/www1.kkl.si\/wp-content\/uploads\/2026\/02\/LET_BANER_2026_lendava.jpg\" data-lbwps-width=\"2000\" data-lbwps-height=\"1403\" data-lbwps-srcsmall=\"https:\/\/www1.kkl.si\/wp-content\/uploads\/2026\/02\/LET_BANER_2026_lendava-400x281.jpg\"><img loading=\"lazy\" decoding=\"async\" class=\"alignnone size-large wp-image-25987\" src=\"https:\/\/www1.kkl.si\/wp-content\/uploads\/2026\/02\/LET_BANER_2026_lendava-1500x1052.jpg\" alt=\"\" width=\"1500\" height=\"1052\" srcset=\"https:\/\/www1.kkl.si\/wp-content\/uploads\/2026\/02\/LET_BANER_2026_lendava-1500x1052.jpg 1500w, https:\/\/www1.kkl.si\/wp-content\/uploads\/2026\/02\/LET_BANER_2026_lendava-400x281.jpg 400w, https:\/\/www1.kkl.si\/wp-content\/uploads\/2026\/02\/LET_BANER_2026_lendava.jpg 2000w\" sizes=\"auto, (max-width: 1500px) 100vw, 1500px\" \/><\/a><\/p>\n<p><strong>USTVARJALCI:<\/strong><\/p>\n<p><strong>Igrajo:<\/strong> Bo\u0161tjan Sinic \u2013 Mejke, Brigita Perhavec, Du\u0161an Radi\u010d, Bernard Kranjec, Elizabeta Lebar \u2013 Betka, Jan Horvat, Lu\u0161a Polajner, Tina Kur, Mateja Ker\u010dmar, Valerija Ku\u0161tor, Lana Vor\u0161i\u010d, Mara Zec\/Vili Kova\u010d, Silva \u0160tefanec, Nu\u0161a Grah, Malvina Bernjak<\/p>\n<p><strong>Produkcija:<\/strong> KUD \u0160tefan Kova\u010d M. Sobota in Gledali\u0161ka \u0161ola Zavoda za kulturo, turizem in \u0161port Murska Sobota.<\/p>\n<p><strong>Re\u017eija, dramaturgija in izbor glasbe:<\/strong> Aleksandra Blagojevi\u0107<\/p>\n<p><strong>Kostumografija in maska:<\/strong> Katja Lebar<\/p>\n<p><strong>Vodja predstave:<\/strong> Malvina Bernjak<\/p>\n<hr \/>\n<p style=\"padding-left: 40px;\"><span style=\"font-size: 18pt;\">Let nad kukavi\u010djim gnezdom (v izvirniku <em>One Flew Over the Cuckoo\u2019s Nest<\/em>) temelji na istoimenskem romanu Kena Keseyja in je delo, ki raziskuje temo svobode, du\u0161evnih bolezni in avtoritete.<\/span><\/p>\n<hr \/>\n<p><strong><a href=\"https:\/\/www1.kkl.si\/wp-content\/uploads\/2026\/02\/LET_PLAKAT_Lendava_2026.jpg\" data-lbwps-width=\"1080\" data-lbwps-height=\"1350\" data-lbwps-srcsmall=\"https:\/\/www1.kkl.si\/wp-content\/uploads\/2026\/02\/LET_PLAKAT_Lendava_2026-320x400.jpg\"><img loading=\"lazy\" decoding=\"async\" class=\"alignright size-medium wp-image-25990\" src=\"https:\/\/www1.kkl.si\/wp-content\/uploads\/2026\/02\/LET_PLAKAT_Lendava_2026-320x400.jpg\" alt=\"\" width=\"320\" height=\"400\" srcset=\"https:\/\/www1.kkl.si\/wp-content\/uploads\/2026\/02\/LET_PLAKAT_Lendava_2026-320x400.jpg 320w, https:\/\/www1.kkl.si\/wp-content\/uploads\/2026\/02\/LET_PLAKAT_Lendava_2026.jpg 1080w\" sizes=\"auto, (max-width: 320px) 100vw, 320px\" \/><\/a>OPIS:<\/strong><\/p>\n<p>Predstava se dogaja v psihiatri\u010dni ustanovi, kjer se sre\u010dajo razli\u010dni liki z razli\u010dnimi du\u0161evnimi motnjami, pod budnim o\u010desom stroge in avtoritarne sestre Ratched. Glavni junak, Randle P. McMurphy, je \u017eivahen upornik, ki se prostovoljno vklju\u010di v ustanovo, da bi se izognil zaporu. Njegov prihod v institucijo razburljivo vpliva na druge paciente, saj jim prina\u0161a nekaj upanja in zagon za upiranje avtoritetam in bolj\u0161im \u017eivljenjem zunaj. McMurphy se hitro spoprijatelji z ve\u010dino pacientov, zlasti s prepla\u0161enim Chiefom Bromdenom, ki se zaradi svojih te\u017eav in dru\u017ebenih omejitev sprijazni z okoljem. Z njegovim vplivom za\u010dnejo pacienti dobivati ve\u010djo mo\u010d in voljo, da se uprejo sistemu, ki jih je dolgotrajno zadu\u0161il. Kljub temu, da McMurphy s svojo neuklonljivostjo in humorjem prina\u0161a energijo v ustanovo, se spopada tudi z nasiljem in manipulacijami sestre Ratched, ki predstavlja simbol brezdu\u0161ne birokratske mo\u010di.<\/p>\n<p>V ospredju predstave so boji med McMurphyjem in sestro Ratched, ki se izostrijo v silovite psiholo\u0161ke igre. McMurphy je simbol upora proti zatiralskim sistemom in iskanja osebne svobode, medtem ko Ratchedova predstavlja represijo, disciplino in nadzor. Drama razkriva napetost med tem, kako lahko posameznik i\u0161\u010de svojo svobodo znotraj okvirov dru\u017ebenih norm in avtoritet ter kak\u0161ne posledice lahko prinesejo ti spopadi.<\/p>\n<p>Let nad kukavi\u010djim gnezdom ni zgolj tragi\u010dna drama \u2013 je tudi tragikomedija, ki gledalca ve\u010dkrat nasmeji, kljub resnim temam, ki jih obravnava. Humor se pojavi v McMurphyjevih \u017eivahnih, drznih in domiselnih poskusih, da razveseli paciente in izzove strogo sestro Ratched, pa tudi v nenavadnih situacijah, ki izhajajo iz osebnih lastnosti posameznikov v ustanovi. Ta kombinacija smeha in bole\u010dine daje zgodbi globino: gledalec hkrati za\u010duti resnost represivnega sistema in radost majhnih zmag posameznikov.<\/p>\n\n\t\t<style type=\"text\/css\">\n\t\t\t#gallery-1 {\n\t\t\t\tmargin: auto;\n\t\t\t}\n\t\t\t#gallery-1 .gallery-item {\n\t\t\t\tfloat: left;\n\t\t\t\tmargin-top: 10px;\n\t\t\t\ttext-align: center;\n\t\t\t\twidth: 16%;\n\t\t\t}\n\t\t\t#gallery-1 img {\n\t\t\t\tborder: 2px solid #cfcfcf;\n\t\t\t}\n\t\t\t#gallery-1 .gallery-caption {\n\t\t\t\tmargin-left: 0;\n\t\t\t}\n\t\t\t\/* see gallery_shortcode() in wp-includes\/media.php *\/\n\t\t<\/style>\n\t\t<div id='gallery-1' class='gallery galleryid-26022 gallery-columns-6 gallery-size-thumbnail'><dl class='gallery-item'>\n\t\t\t<dt class='gallery-icon landscape'>\n\t\t\t\t<a href='https:\/\/www1.kkl.si\/wp-content\/uploads\/2026\/02\/let_na_kukavicjim01.jpg'><img loading=\"lazy\" decoding=\"async\" width=\"150\" height=\"150\" src=\"https:\/\/www1.kkl.si\/wp-content\/uploads\/2026\/02\/let_na_kukavicjim01-150x150.jpg\" class=\"attachment-thumbnail size-thumbnail\" alt=\"\" \/><\/a>\n\t\t\t<\/dt><\/dl><dl class='gallery-item'>\n\t\t\t<dt class='gallery-icon landscape'>\n\t\t\t\t<a href='https:\/\/www1.kkl.si\/wp-content\/uploads\/2026\/02\/let_na_kukavicjim02.jpg'><img loading=\"lazy\" decoding=\"async\" width=\"150\" height=\"150\" src=\"https:\/\/www1.kkl.si\/wp-content\/uploads\/2026\/02\/let_na_kukavicjim02-150x150.jpg\" class=\"attachment-thumbnail size-thumbnail\" alt=\"\" \/><\/a>\n\t\t\t<\/dt><\/dl><dl class='gallery-item'>\n\t\t\t<dt class='gallery-icon landscape'>\n\t\t\t\t<a href='https:\/\/www1.kkl.si\/wp-content\/uploads\/2026\/02\/let_na_kukavicjim03.jpg'><img loading=\"lazy\" decoding=\"async\" width=\"150\" height=\"150\" src=\"https:\/\/www1.kkl.si\/wp-content\/uploads\/2026\/02\/let_na_kukavicjim03-150x150.jpg\" class=\"attachment-thumbnail size-thumbnail\" alt=\"\" \/><\/a>\n\t\t\t<\/dt><\/dl><dl class='gallery-item'>\n\t\t\t<dt class='gallery-icon landscape'>\n\t\t\t\t<a href='https:\/\/www1.kkl.si\/wp-content\/uploads\/2026\/02\/let_na_kukavicjim04.jpg'><img loading=\"lazy\" decoding=\"async\" width=\"150\" height=\"150\" src=\"https:\/\/www1.kkl.si\/wp-content\/uploads\/2026\/02\/let_na_kukavicjim04-150x150.jpg\" class=\"attachment-thumbnail size-thumbnail\" alt=\"\" \/><\/a>\n\t\t\t<\/dt><\/dl><dl class='gallery-item'>\n\t\t\t<dt class='gallery-icon landscape'>\n\t\t\t\t<a href='https:\/\/www1.kkl.si\/wp-content\/uploads\/2026\/02\/let_na_kukavicjim05.jpg'><img loading=\"lazy\" decoding=\"async\" width=\"150\" height=\"150\" src=\"https:\/\/www1.kkl.si\/wp-content\/uploads\/2026\/02\/let_na_kukavicjim05-150x150.jpg\" class=\"attachment-thumbnail size-thumbnail\" alt=\"\" \/><\/a>\n\t\t\t<\/dt><\/dl><dl class='gallery-item'>\n\t\t\t<dt class='gallery-icon landscape'>\n\t\t\t\t<a href='https:\/\/www1.kkl.si\/wp-content\/uploads\/2026\/02\/let_na_kukavicjim06.jpg'><img loading=\"lazy\" decoding=\"async\" width=\"150\" height=\"150\" src=\"https:\/\/www1.kkl.si\/wp-content\/uploads\/2026\/02\/let_na_kukavicjim06-150x150.jpg\" class=\"attachment-thumbnail size-thumbnail\" alt=\"\" \/><\/a>\n\t\t\t<\/dt><\/dl><br style=\"clear: both\" \/><dl class='gallery-item'>\n\t\t\t<dt class='gallery-icon landscape'>\n\t\t\t\t<a href='https:\/\/www1.kkl.si\/wp-content\/uploads\/2026\/02\/let_na_kukavicjim07.jpg'><img loading=\"lazy\" decoding=\"async\" width=\"150\" height=\"150\" src=\"https:\/\/www1.kkl.si\/wp-content\/uploads\/2026\/02\/let_na_kukavicjim07-150x150.jpg\" class=\"attachment-thumbnail size-thumbnail\" alt=\"\" \/><\/a>\n\t\t\t<\/dt><\/dl><dl class='gallery-item'>\n\t\t\t<dt class='gallery-icon landscape'>\n\t\t\t\t<a href='https:\/\/www1.kkl.si\/wp-content\/uploads\/2026\/02\/let_na_kukavicjim08.jpg'><img loading=\"lazy\" decoding=\"async\" width=\"150\" height=\"150\" src=\"https:\/\/www1.kkl.si\/wp-content\/uploads\/2026\/02\/let_na_kukavicjim08-150x150.jpg\" class=\"attachment-thumbnail size-thumbnail\" alt=\"\" \/><\/a>\n\t\t\t<\/dt><\/dl><dl class='gallery-item'>\n\t\t\t<dt class='gallery-icon landscape'>\n\t\t\t\t<a href='https:\/\/www1.kkl.si\/wp-content\/uploads\/2026\/02\/let_na_kukavicjim09.jpg'><img loading=\"lazy\" decoding=\"async\" width=\"150\" height=\"150\" src=\"https:\/\/www1.kkl.si\/wp-content\/uploads\/2026\/02\/let_na_kukavicjim09-150x150.jpg\" class=\"attachment-thumbnail size-thumbnail\" alt=\"\" \/><\/a>\n\t\t\t<\/dt><\/dl><dl class='gallery-item'>\n\t\t\t<dt class='gallery-icon landscape'>\n\t\t\t\t<a href='https:\/\/www1.kkl.si\/wp-content\/uploads\/2026\/02\/let_na_kukavicjim10.jpg'><img loading=\"lazy\" decoding=\"async\" width=\"150\" height=\"150\" src=\"https:\/\/www1.kkl.si\/wp-content\/uploads\/2026\/02\/let_na_kukavicjim10-150x150.jpg\" class=\"attachment-thumbnail size-thumbnail\" alt=\"\" \/><\/a>\n\t\t\t<\/dt><\/dl><dl class='gallery-item'>\n\t\t\t<dt class='gallery-icon landscape'>\n\t\t\t\t<a href='https:\/\/www1.kkl.si\/wp-content\/uploads\/2026\/02\/let_na_kukavicjim11.jpg'><img loading=\"lazy\" decoding=\"async\" width=\"150\" height=\"150\" src=\"https:\/\/www1.kkl.si\/wp-content\/uploads\/2026\/02\/let_na_kukavicjim11-150x150.jpg\" class=\"attachment-thumbnail size-thumbnail\" alt=\"\" \/><\/a>\n\t\t\t<\/dt><\/dl><dl class='gallery-item'>\n\t\t\t<dt class='gallery-icon landscape'>\n\t\t\t\t<a href='https:\/\/www1.kkl.si\/wp-content\/uploads\/2026\/02\/let_na_kukavicjim12.jpg'><img loading=\"lazy\" decoding=\"async\" width=\"150\" height=\"150\" src=\"https:\/\/www1.kkl.si\/wp-content\/uploads\/2026\/02\/let_na_kukavicjim12-150x150.jpg\" class=\"attachment-thumbnail size-thumbnail\" alt=\"\" \/><\/a>\n\t\t\t<\/dt><\/dl><br style=\"clear: both\" \/><dl class='gallery-item'>\n\t\t\t<dt class='gallery-icon landscape'>\n\t\t\t\t<a href='https:\/\/www1.kkl.si\/wp-content\/uploads\/2026\/02\/let_na_kukavicjim13.jpg'><img loading=\"lazy\" decoding=\"async\" width=\"150\" height=\"150\" src=\"https:\/\/www1.kkl.si\/wp-content\/uploads\/2026\/02\/let_na_kukavicjim13-150x150.jpg\" class=\"attachment-thumbnail size-thumbnail\" alt=\"\" \/><\/a>\n\t\t\t<\/dt><\/dl><dl class='gallery-item'>\n\t\t\t<dt class='gallery-icon landscape'>\n\t\t\t\t<a href='https:\/\/www1.kkl.si\/wp-content\/uploads\/2026\/02\/let_na_kukavicjim14.jpg'><img loading=\"lazy\" decoding=\"async\" width=\"150\" height=\"150\" src=\"https:\/\/www1.kkl.si\/wp-content\/uploads\/2026\/02\/let_na_kukavicjim14-150x150.jpg\" class=\"attachment-thumbnail size-thumbnail\" alt=\"\" \/><\/a>\n\t\t\t<\/dt><\/dl><dl class='gallery-item'>\n\t\t\t<dt class='gallery-icon landscape'>\n\t\t\t\t<a href='https:\/\/www1.kkl.si\/wp-content\/uploads\/2026\/02\/let_na_kukavicjim15.jpg'><img loading=\"lazy\" decoding=\"async\" width=\"150\" height=\"150\" src=\"https:\/\/www1.kkl.si\/wp-content\/uploads\/2026\/02\/let_na_kukavicjim15-150x150.jpg\" class=\"attachment-thumbnail size-thumbnail\" alt=\"\" \/><\/a>\n\t\t\t<\/dt><\/dl><dl class='gallery-item'>\n\t\t\t<dt class='gallery-icon landscape'>\n\t\t\t\t<a href='https:\/\/www1.kkl.si\/wp-content\/uploads\/2026\/02\/let_na_kukavicjim16.jpg'><img loading=\"lazy\" decoding=\"async\" width=\"150\" height=\"150\" src=\"https:\/\/www1.kkl.si\/wp-content\/uploads\/2026\/02\/let_na_kukavicjim16-150x150.jpg\" class=\"attachment-thumbnail size-thumbnail\" alt=\"\" \/><\/a>\n\t\t\t<\/dt><\/dl><dl class='gallery-item'>\n\t\t\t<dt class='gallery-icon landscape'>\n\t\t\t\t<a href='https:\/\/www1.kkl.si\/wp-content\/uploads\/2026\/02\/let_na_kukavicjim17.jpg'><img loading=\"lazy\" decoding=\"async\" width=\"150\" height=\"150\" src=\"https:\/\/www1.kkl.si\/wp-content\/uploads\/2026\/02\/let_na_kukavicjim17-150x150.jpg\" class=\"attachment-thumbnail size-thumbnail\" alt=\"\" \/><\/a>\n\t\t\t<\/dt><\/dl><dl class='gallery-item'>\n\t\t\t<dt class='gallery-icon landscape'>\n\t\t\t\t<a href='https:\/\/www1.kkl.si\/wp-content\/uploads\/2026\/02\/let_na_kukavicjim18.jpg'><img loading=\"lazy\" decoding=\"async\" width=\"150\" height=\"150\" src=\"https:\/\/www1.kkl.si\/wp-content\/uploads\/2026\/02\/let_na_kukavicjim18-150x150.jpg\" class=\"attachment-thumbnail size-thumbnail\" alt=\"\" \/><\/a>\n\t\t\t<\/dt><\/dl><br style=\"clear: both\" \/><dl class='gallery-item'>\n\t\t\t<dt class='gallery-icon landscape'>\n\t\t\t\t<a href='https:\/\/www1.kkl.si\/wp-content\/uploads\/2026\/02\/let_na_kukavicjim19.jpg'><img loading=\"lazy\" decoding=\"async\" width=\"150\" height=\"150\" src=\"https:\/\/www1.kkl.si\/wp-content\/uploads\/2026\/02\/let_na_kukavicjim19-150x150.jpg\" class=\"attachment-thumbnail size-thumbnail\" alt=\"\" \/><\/a>\n\t\t\t<\/dt><\/dl><dl class='gallery-item'>\n\t\t\t<dt class='gallery-icon landscape'>\n\t\t\t\t<a href='https:\/\/www1.kkl.si\/wp-content\/uploads\/2026\/02\/let_na_kukavicjim20.jpg'><img loading=\"lazy\" decoding=\"async\" width=\"150\" height=\"150\" src=\"https:\/\/www1.kkl.si\/wp-content\/uploads\/2026\/02\/let_na_kukavicjim20-150x150.jpg\" class=\"attachment-thumbnail size-thumbnail\" alt=\"\" \/><\/a>\n\t\t\t<\/dt><\/dl><dl class='gallery-item'>\n\t\t\t<dt class='gallery-icon landscape'>\n\t\t\t\t<a href='https:\/\/www1.kkl.si\/wp-content\/uploads\/2026\/02\/let_na_kukavicjim21.jpg'><img loading=\"lazy\" decoding=\"async\" width=\"150\" height=\"150\" src=\"https:\/\/www1.kkl.si\/wp-content\/uploads\/2026\/02\/let_na_kukavicjim21-150x150.jpg\" class=\"attachment-thumbnail size-thumbnail\" alt=\"\" \/><\/a>\n\t\t\t<\/dt><\/dl><dl class='gallery-item'>\n\t\t\t<dt class='gallery-icon landscape'>\n\t\t\t\t<a href='https:\/\/www1.kkl.si\/wp-content\/uploads\/2026\/02\/let_na_kukavicjim22.jpg'><img loading=\"lazy\" decoding=\"async\" width=\"150\" height=\"150\" src=\"https:\/\/www1.kkl.si\/wp-content\/uploads\/2026\/02\/let_na_kukavicjim22-150x150.jpg\" class=\"attachment-thumbnail size-thumbnail\" alt=\"\" \/><\/a>\n\t\t\t<\/dt><\/dl><dl class='gallery-item'>\n\t\t\t<dt class='gallery-icon landscape'>\n\t\t\t\t<a href='https:\/\/www1.kkl.si\/wp-content\/uploads\/2026\/02\/let_na_kukavicjim23.jpg'><img loading=\"lazy\" decoding=\"async\" width=\"150\" height=\"150\" src=\"https:\/\/www1.kkl.si\/wp-content\/uploads\/2026\/02\/let_na_kukavicjim23-150x150.jpg\" class=\"attachment-thumbnail size-thumbnail\" alt=\"\" \/><\/a>\n\t\t\t<\/dt><\/dl><dl class='gallery-item'>\n\t\t\t<dt class='gallery-icon landscape'>\n\t\t\t\t<a href='https:\/\/www1.kkl.si\/wp-content\/uploads\/2026\/02\/let_na_kukavicjim24.jpg'><img loading=\"lazy\" decoding=\"async\" width=\"150\" height=\"150\" src=\"https:\/\/www1.kkl.si\/wp-content\/uploads\/2026\/02\/let_na_kukavicjim24-150x150.jpg\" class=\"attachment-thumbnail size-thumbnail\" alt=\"\" \/><\/a>\n\t\t\t<\/dt><\/dl><br style=\"clear: both\" \/><dl class='gallery-item'>\n\t\t\t<dt class='gallery-icon landscape'>\n\t\t\t\t<a href='https:\/\/www1.kkl.si\/wp-content\/uploads\/2026\/02\/let_na_kukavicjim25.jpg'><img loading=\"lazy\" decoding=\"async\" width=\"150\" height=\"150\" src=\"https:\/\/www1.kkl.si\/wp-content\/uploads\/2026\/02\/let_na_kukavicjim25-150x150.jpg\" class=\"attachment-thumbnail size-thumbnail\" alt=\"\" \/><\/a>\n\t\t\t<\/dt><\/dl>\n\t\t\t<br style='clear: both' \/>\n\t\t<\/div>\n\n","protected":false},"excerpt":{"rendered":"<p>2026. m\u00e1rcius 25. szerda, 18 \u00f3rakor | Gledali\u0161ka in koncertna dvorana Lendava dr\u00e1ma szlov\u00e9n nyelven A jegyek \u00e1ra: el\u0151v\u00e9telben 12 \u20ac, a rendezv\u00e9ny napj\u00e1n 17 \u20ac. Bel\u00e9p\u0151jegyek v\u00e1s\u00e1rolhat\u00f3k az\u00a0Eventim oldal\u00e1n \u00e9s a Lendvai Sz\u00ednh\u00e1z- \u00e9s Hangversenyteremben p\u00e9nzt\u00e1r\u00e1n ( +386 (0)2 577 60 24). Szervez\u0151: KUD \u0160tefan Kova\u010d Murska Sobota Szlov\u00e9n le\u00edr\u00e1s: USTVARJALCI: Igrajo: Bo\u0161tjan Sinic [&hellip;]<\/p>\n","protected":false},"author":2,"featured_media":0,"parent":0,"menu_order":0,"comment_status":"closed","ping_status":"closed","template":"","meta":{"footnotes":""},"class_list":["post-26022","page","type-page","status-publish","hentry","post"],"_links":{"self":[{"href":"https:\/\/www1.kkl.si\/hu\/wp-json\/wp\/v2\/pages\/26022","targetHints":{"allow":["GET"]}}],"collection":[{"href":"https:\/\/www1.kkl.si\/hu\/wp-json\/wp\/v2\/pages"}],"about":[{"href":"https:\/\/www1.kkl.si\/hu\/wp-json\/wp\/v2\/types\/page"}],"author":[{"embeddable":true,"href":"https:\/\/www1.kkl.si\/hu\/wp-json\/wp\/v2\/users\/2"}],"replies":[{"embeddable":true,"href":"https:\/\/www1.kkl.si\/hu\/wp-json\/wp\/v2\/comments?post=26022"}],"version-history":[{"count":2,"href":"https:\/\/www1.kkl.si\/hu\/wp-json\/wp\/v2\/pages\/26022\/revisions"}],"predecessor-version":[{"id":26445,"href":"https:\/\/www1.kkl.si\/hu\/wp-json\/wp\/v2\/pages\/26022\/revisions\/26445"}],"wp:attachment":[{"href":"https:\/\/www1.kkl.si\/hu\/wp-json\/wp\/v2\/media?parent=26022"}],"curies":[{"name":"wp","href":"https:\/\/api.w.org\/{rel}","templated":true}]}}